{"id":29429,"date":"2026-02-03T18:02:39","date_gmt":"2026-02-03T15:02:39","guid":{"rendered":"https:\/\/ranoja.ee\/?post_type=product&#038;p=29429"},"modified":"2026-03-05T11:12:55","modified_gmt":"2026-03-05T08:12:55","slug":"robotniiduk-x5-gen2-2000-m2-sunseeker-kaablivaba","status":"publish","type":"product","link":"https:\/\/ranoja.ee\/en\/toode\/robotniiduk-x5-gen2-2000-m2-sunseeker-kaablivaba\/","title":{"rendered":"Robotniiduk X5 Gen2 2000 m2 Sunseeker (kaablivaba)"},"content":{"rendered":"<p>Robotniiduk X5 Gen2 2000 m2 Sunseeker (kaablivaba)<\/p>\n<p>Sunseeker X5 on juhtmevaba robotniiduk kuni 2000 m2 suurustele murupindadele. Niidukil on AONaviTM positsioneerimis- ja navigeerimiss\u00fcsteem, mis kasutab reaalajas kinemaatilist (RTK) satelliitpositsioneerimise tehnoloogiat ja VSLAM visuaalset navigatsiooni. K\u00f5ik see tagab t\u00e4pse piiride kaardistamise ja niidutrajektoori s\u00f5ltumata takistustest v\u00f5i niidetava pinna ainulaadsest kujust.<\/p>\n<p>Vison AI System on varustatud kahe 3D kaameraga. Nii tajub niiduk \u00fcmbritsevat keskkonda ja navigeerib sujuvalt takistuste vahel. Patenteeritud s\u00fcva\u00f5ppe algoritme treenitakse pidevalt kogutud andmete kaudu. Nii \u00f5pib niiduk p\u00fcsivalt \u00fcmbritsevat paremini m\u00f5istma.<br \/>\nSee AWD kolmeratta veoga mudel pakub erakordset 60% ronimisv\u00f5imet, muutes selle ideaalseks ka v\u00e4ljakutseterohkete pinnavormidega aladel.<\/p>\n<p>ERIOMADUSED<br \/>\nPiirdekaablita<br \/>\nIntelligentne teekonna planeerimine<br \/>\nTakistuste tuvastamine Vision AI 2.0 + p\u00f5rkeandurid<br \/>\nUjuv niiduseade<br \/>\nEkraan LCD<br \/>\nAutomaatne kaardistamine<br \/>\nNiitmine \u00dclekattega serval\u00f5ikus, kohandatav mitme nurga all niitmine, kohtniitmine, piiramatu arv alasid, efektiivsusre\u017eiim<br \/>\n\u00dchenduvus Wifi\/Bluetooth\/4G<br \/>\n\u00d6\u00f6reziim<br \/>\nVihmasensor<br \/>\nFOTA (FirmwareOverTheAir) tarkvarauuendused<br \/>\nAlexa \/ Google Home nutiassistendi tugi<br \/>\nLED t\u00f6\u00f6valgustus<br \/>\nRattapuhastusharjad esiteljel<\/p>\n<p>Robotniiduk X5 Gen2 2000 m2 Sunseeker (kaablivaba)<\/p>\n","protected":false},"excerpt":{"rendered":"<p>Robotniiduk X5 Gen2 2000 m2 Sunseeker (kaablivaba)<br \/>\nMaksimaalne niidetav ala: 2000 m\u00b2<br \/>\nTehnoloogia: AONavi2.0 (nRTK+VSLAM) + Vision AI 2.0 (binokulaar + iToF)<br \/>\nVision: P\u00e4evane ja \u00f6ine n\u00e4gemine<br \/>\nKaamera: Binokulaarne + iToF<br \/>\nnRTK 4G moodul + vargusevastane JAH, 2 aastat tasuta teenust<br \/>\nVedav sild: AWD ehk k\u00f5igi rataste vedu ja mootoriga p\u00f6\u00f6ratav tagaratas<br \/>\nMaksimaalne n\u00f5lva kalle: 30\u00b0 \/ 60 %<br \/>\nVedrustus: Eesmistel ratastel<br \/>\nNiiduk\u00f5rgus min.\/max: 20 &#8211; 60 mm<br \/>\nNiiduk\u00f5rguse seadistus: K\u00e4sitsi<br \/>\nNiidulaius: 22 cm<br \/>\nNiiduterade arv: 6 l\u00f5ikuriga ketas<br \/>\nAku mahutavus: 5 Ah (Samsung)<br \/>\nLaadija: 3A<br \/>\nKaitseklass: IPX5<br \/>\nNiidukiirus maksimaalne: 0,45 m\/sek<br \/>\nM\u00fcratase: 60 dB (A)<br \/>\nM\u00f5\u00f5tmed: 68 x 42.5 x 26 cm<br \/>\nKaal: 12 kg<br \/>\n<strong>Tootja garantii 2+1 aastat registreerides seadme 30 p\u00e4eva jooksul ostukuup\u00e4evast veebik\u00fcljel sunseekerelite.com<\/strong><br \/>\n<strong>Eeldatav tarneaeg 1-7 t\u00f6\u00f6p\u00e4eva<\/strong><\/p>\n[embed]https:\/\/www.youtube.com\/watch?v=72xo4XFJrUI[\/embed]\n","protected":false},"featured_media":29430,"template":"","meta":{"inline_featured_image":false},"product_cat":[1079,1080],"product_tag":[3371,1150,567,1144,4196,1798,1799,4197],"class_list":{"0":"post-29429","1":"product","2":"type-product","3":"status-publish","4":"has-post-thumbnail","6":"product_brand-sunseeker","7":"product_cat-aiatehnika-ja-niidutehnika","8":"product_cat-robotniidukid","9":"product_tag-2000-m","10":"product_tag-mururobot","11":"product_tag-niiduk","12":"product_tag-robotniiduk","13":"product_tag-robotniiduk-x5-gen2-2000-m2-sunseeker-kaablivaba","14":"product_tag-sun-seeker","15":"product_tag-sunseeker","16":"product_tag-x5-gen2","18":"first","19":"onbackorder","20":"taxable","21":"shipping-taxable","22":"purchasable","23":"product-type-simple"},"yoast_head":"<!-- This site is optimized with the Yoast SEO plugin v27.4 - https:\/\/yoast.com\/product\/yoast-seo-wordpress\/ -->\n<title>Robotniiduk X5 Gen2 2000 m2 Sunseeker (kaablivaba)<\/title>\n<meta name=\"description\" content=\"Robotniiduk X5 Gen2 2000 m2 Sunseeker (kaablivaba) - Tehnoloogia AONavi2.0 (nRTK+VSLAM) + Vision AI. X5 navigeerib sujuvalt takistuste vahel!\" \/>\n<meta name=\"robots\" content=\"index, follow, max-snippet:-1, max-image-preview:large, max-video-preview:-1\" \/>\n<link rel=\"canonical\" href=\"https:\/\/ranoja.ee\/toode\/robotniiduk-x5-gen2-2000-m2-sunseeker-kaablivaba\/\" \/>\n<meta property=\"og:locale\" content=\"en_US\" \/>\n<meta property=\"og:type\" content=\"article\" \/>\n<meta property=\"og:title\" content=\"Robotniiduk X5 Gen2 2000 m2 Sunseeker (kaablivaba)\" \/>\n<meta property=\"og:description\" content=\"Robotniiduk X5 Gen2 2000 m2 Sunseeker (kaablivaba) - Tehnoloogia AONavi2.0 (nRTK+VSLAM) + Vision AI. X5 navigeerib sujuvalt takistuste vahel!\" \/>\n<meta property=\"og:url\" content=\"https:\/\/ranoja.ee\/toode\/robotniiduk-x5-gen2-2000-m2-sunseeker-kaablivaba\/\" \/>\n<meta property=\"og:site_name\" content=\"Ranoja\" \/>\n<meta property=\"article:publisher\" content=\"https:\/\/www.facebook.com\/ranoja.ee\" \/>\n<meta property=\"article:modified_time\" content=\"2026-03-05T08:12:55+00:00\" \/>\n<meta property=\"og:image\" content=\"https:\/\/ranoja.ee\/wp-content\/uploads\/2026\/02\/Robotniiduk-X5-Gen2-2000-m2-Sunseekerkaablivaba.png\" \/>\n\t<meta property=\"og:image:width\" content=\"900\" \/>\n\t<meta property=\"og:image:height\" content=\"900\" \/>\n\t<meta property=\"og:image:type\" content=\"image\/png\" \/>\n<meta name=\"twitter:card\" content=\"summary_large_image\" \/>\n<meta name=\"twitter:label1\" content=\"Est. reading time\" \/>\n\t<meta name=\"twitter:data1\" content=\"2 minutes\" \/>\n<script type=\"application\/ld+json\" class=\"yoast-schema-graph\">{\"@context\":\"https:\\\/\\\/schema.org\",\"@graph\":[{\"@type\":\"WebPage\",\"@id\":\"https:\\\/\\\/ranoja.ee\\\/toode\\\/robotniiduk-x5-gen2-2000-m2-sunseeker-kaablivaba\\\/\",\"url\":\"https:\\\/\\\/ranoja.ee\\\/toode\\\/robotniiduk-x5-gen2-2000-m2-sunseeker-kaablivaba\\\/\",\"name\":\"Robotniiduk X5 Gen2 2000 m2 Sunseeker (kaablivaba)\",\"isPartOf\":{\"@id\":\"https:\\\/\\\/ranoja.ee\\\/#website\"},\"primaryImageOfPage\":{\"@id\":\"https:\\\/\\\/ranoja.ee\\\/toode\\\/robotniiduk-x5-gen2-2000-m2-sunseeker-kaablivaba\\\/#primaryimage\"},\"image\":{\"@id\":\"https:\\\/\\\/ranoja.ee\\\/toode\\\/robotniiduk-x5-gen2-2000-m2-sunseeker-kaablivaba\\\/#primaryimage\"},\"thumbnailUrl\":\"https:\\\/\\\/ranoja.ee\\\/wp-content\\\/uploads\\\/2026\\\/02\\\/Robotniiduk-X5-Gen2-2000-m2-Sunseekerkaablivaba.png\",\"datePublished\":\"2026-02-03T15:02:39+00:00\",\"dateModified\":\"2026-03-05T08:12:55+00:00\",\"description\":\"Robotniiduk X5 Gen2 2000 m2 Sunseeker (kaablivaba) - Tehnoloogia AONavi2.0 (nRTK+VSLAM) + Vision AI. X5 navigeerib sujuvalt takistuste vahel!\",\"breadcrumb\":{\"@id\":\"https:\\\/\\\/ranoja.ee\\\/toode\\\/robotniiduk-x5-gen2-2000-m2-sunseeker-kaablivaba\\\/#breadcrumb\"},\"inLanguage\":\"en-US\",\"potentialAction\":[{\"@type\":\"ReadAction\",\"target\":[\"https:\\\/\\\/ranoja.ee\\\/toode\\\/robotniiduk-x5-gen2-2000-m2-sunseeker-kaablivaba\\\/\"]}]},{\"@type\":\"ImageObject\",\"inLanguage\":\"en-US\",\"@id\":\"https:\\\/\\\/ranoja.ee\\\/toode\\\/robotniiduk-x5-gen2-2000-m2-sunseeker-kaablivaba\\\/#primaryimage\",\"url\":\"https:\\\/\\\/ranoja.ee\\\/wp-content\\\/uploads\\\/2026\\\/02\\\/Robotniiduk-X5-Gen2-2000-m2-Sunseekerkaablivaba.png\",\"contentUrl\":\"https:\\\/\\\/ranoja.ee\\\/wp-content\\\/uploads\\\/2026\\\/02\\\/Robotniiduk-X5-Gen2-2000-m2-Sunseekerkaablivaba.png\",\"width\":900,\"height\":900,\"caption\":\"Robotniiduk X5 Gen2 2000 m2 Sunseeker(kaablivaba)\"},{\"@type\":\"BreadcrumbList\",\"@id\":\"https:\\\/\\\/ranoja.ee\\\/toode\\\/robotniiduk-x5-gen2-2000-m2-sunseeker-kaablivaba\\\/#breadcrumb\",\"itemListElement\":[{\"@type\":\"ListItem\",\"position\":1,\"name\":\"Home\",\"item\":\"https:\\\/\\\/ranoja.ee\\\/\"},{\"@type\":\"ListItem\",\"position\":2,\"name\":\"Shop\",\"item\":\"https:\\\/\\\/ranoja.ee\\\/en\\\/shop\\\/\"},{\"@type\":\"ListItem\",\"position\":3,\"name\":\"Robotniiduk X5 Gen2 2000 m2 Sunseeker (kaablivaba)\"}]},{\"@type\":\"WebSite\",\"@id\":\"https:\\\/\\\/ranoja.ee\\\/#website\",\"url\":\"https:\\\/\\\/ranoja.ee\\\/\",\"name\":\"Ranoja\",\"description\":\"Equipment Shop WooCommerce WordPress Theme for Machine &amp; Tools\",\"publisher\":{\"@id\":\"https:\\\/\\\/ranoja.ee\\\/#organization\"},\"potentialAction\":[{\"@type\":\"SearchAction\",\"target\":{\"@type\":\"EntryPoint\",\"urlTemplate\":\"https:\\\/\\\/ranoja.ee\\\/?s={search_term_string}\"},\"query-input\":{\"@type\":\"PropertyValueSpecification\",\"valueRequired\":true,\"valueName\":\"search_term_string\"}}],\"inLanguage\":\"en-US\"},{\"@type\":\"Organization\",\"@id\":\"https:\\\/\\\/ranoja.ee\\\/#organization\",\"name\":\"Ranoja O\u00dc\",\"url\":\"https:\\\/\\\/ranoja.ee\\\/\",\"logo\":{\"@type\":\"ImageObject\",\"inLanguage\":\"en-US\",\"@id\":\"https:\\\/\\\/ranoja.ee\\\/#\\\/schema\\\/logo\\\/image\\\/\",\"url\":\"https:\\\/\\\/ranoja.ee\\\/wp-content\\\/uploads\\\/2023\\\/11\\\/ranoja-Logo.png\",\"contentUrl\":\"https:\\\/\\\/ranoja.ee\\\/wp-content\\\/uploads\\\/2023\\\/11\\\/ranoja-Logo.png\",\"width\":207,\"height\":58,\"caption\":\"Ranoja O\u00dc\"},\"image\":{\"@id\":\"https:\\\/\\\/ranoja.ee\\\/#\\\/schema\\\/logo\\\/image\\\/\"},\"sameAs\":[\"https:\\\/\\\/www.facebook.com\\\/ranoja.ee\",\"https:\\\/\\\/www.instagram.com\\\/ranoja__\\\/\"]}]}<\/script>\n<!-- \/ Yoast SEO plugin. -->","yoast_head_json":{"title":"Robotniiduk X5 Gen2 2000 m2 Sunseeker (kaablivaba)","description":"Robotniiduk X5 Gen2 2000 m2 Sunseeker (kaablivaba) - Tehnoloogia AONavi2.0 (nRTK+VSLAM) + Vision AI. X5 navigeerib sujuvalt takistuste vahel!","robots":{"index":"index","follow":"follow","max-snippet":"max-snippet:-1","max-image-preview":"max-image-preview:large","max-video-preview":"max-video-preview:-1"},"canonical":"https:\/\/ranoja.ee\/toode\/robotniiduk-x5-gen2-2000-m2-sunseeker-kaablivaba\/","og_locale":"en_US","og_type":"article","og_title":"Robotniiduk X5 Gen2 2000 m2 Sunseeker (kaablivaba)","og_description":"Robotniiduk X5 Gen2 2000 m2 Sunseeker (kaablivaba) - Tehnoloogia AONavi2.0 (nRTK+VSLAM) + Vision AI. X5 navigeerib sujuvalt takistuste vahel!","og_url":"https:\/\/ranoja.ee\/toode\/robotniiduk-x5-gen2-2000-m2-sunseeker-kaablivaba\/","og_site_name":"Ranoja","article_publisher":"https:\/\/www.facebook.com\/ranoja.ee","article_modified_time":"2026-03-05T08:12:55+00:00","og_image":[{"width":900,"height":900,"url":"https:\/\/ranoja.ee\/wp-content\/uploads\/2026\/02\/Robotniiduk-X5-Gen2-2000-m2-Sunseekerkaablivaba.png","type":"image\/png"}],"twitter_card":"summary_large_image","twitter_misc":{"Est. reading time":"2 minutes"},"schema":{"@context":"https:\/\/schema.org","@graph":[{"@type":"WebPage","@id":"https:\/\/ranoja.ee\/toode\/robotniiduk-x5-gen2-2000-m2-sunseeker-kaablivaba\/","url":"https:\/\/ranoja.ee\/toode\/robotniiduk-x5-gen2-2000-m2-sunseeker-kaablivaba\/","name":"Robotniiduk X5 Gen2 2000 m2 Sunseeker (kaablivaba)","isPartOf":{"@id":"https:\/\/ranoja.ee\/#website"},"primaryImageOfPage":{"@id":"https:\/\/ranoja.ee\/toode\/robotniiduk-x5-gen2-2000-m2-sunseeker-kaablivaba\/#primaryimage"},"image":{"@id":"https:\/\/ranoja.ee\/toode\/robotniiduk-x5-gen2-2000-m2-sunseeker-kaablivaba\/#primaryimage"},"thumbnailUrl":"https:\/\/ranoja.ee\/wp-content\/uploads\/2026\/02\/Robotniiduk-X5-Gen2-2000-m2-Sunseekerkaablivaba.png","datePublished":"2026-02-03T15:02:39+00:00","dateModified":"2026-03-05T08:12:55+00:00","description":"Robotniiduk X5 Gen2 2000 m2 Sunseeker (kaablivaba) - Tehnoloogia AONavi2.0 (nRTK+VSLAM) + Vision AI. X5 navigeerib sujuvalt takistuste vahel!","breadcrumb":{"@id":"https:\/\/ranoja.ee\/toode\/robotniiduk-x5-gen2-2000-m2-sunseeker-kaablivaba\/#breadcrumb"},"inLanguage":"en-US","potentialAction":[{"@type":"ReadAction","target":["https:\/\/ranoja.ee\/toode\/robotniiduk-x5-gen2-2000-m2-sunseeker-kaablivaba\/"]}]},{"@type":"ImageObject","inLanguage":"en-US","@id":"https:\/\/ranoja.ee\/toode\/robotniiduk-x5-gen2-2000-m2-sunseeker-kaablivaba\/#primaryimage","url":"https:\/\/ranoja.ee\/wp-content\/uploads\/2026\/02\/Robotniiduk-X5-Gen2-2000-m2-Sunseekerkaablivaba.png","contentUrl":"https:\/\/ranoja.ee\/wp-content\/uploads\/2026\/02\/Robotniiduk-X5-Gen2-2000-m2-Sunseekerkaablivaba.png","width":900,"height":900,"caption":"Robotniiduk X5 Gen2 2000 m2 Sunseeker(kaablivaba)"},{"@type":"BreadcrumbList","@id":"https:\/\/ranoja.ee\/toode\/robotniiduk-x5-gen2-2000-m2-sunseeker-kaablivaba\/#breadcrumb","itemListElement":[{"@type":"ListItem","position":1,"name":"Home","item":"https:\/\/ranoja.ee\/"},{"@type":"ListItem","position":2,"name":"Shop","item":"https:\/\/ranoja.ee\/en\/shop\/"},{"@type":"ListItem","position":3,"name":"Robotniiduk X5 Gen2 2000 m2 Sunseeker (kaablivaba)"}]},{"@type":"WebSite","@id":"https:\/\/ranoja.ee\/#website","url":"https:\/\/ranoja.ee\/","name":"Ranoja","description":"Equipment Shop WooCommerce WordPress Theme for Machine &amp; Tools","publisher":{"@id":"https:\/\/ranoja.ee\/#organization"},"potentialAction":[{"@type":"SearchAction","target":{"@type":"EntryPoint","urlTemplate":"https:\/\/ranoja.ee\/?s={search_term_string}"},"query-input":{"@type":"PropertyValueSpecification","valueRequired":true,"valueName":"search_term_string"}}],"inLanguage":"en-US"},{"@type":"Organization","@id":"https:\/\/ranoja.ee\/#organization","name":"Ranoja O\u00dc","url":"https:\/\/ranoja.ee\/","logo":{"@type":"ImageObject","inLanguage":"en-US","@id":"https:\/\/ranoja.ee\/#\/schema\/logo\/image\/","url":"https:\/\/ranoja.ee\/wp-content\/uploads\/2023\/11\/ranoja-Logo.png","contentUrl":"https:\/\/ranoja.ee\/wp-content\/uploads\/2023\/11\/ranoja-Logo.png","width":207,"height":58,"caption":"Ranoja O\u00dc"},"image":{"@id":"https:\/\/ranoja.ee\/#\/schema\/logo\/image\/"},"sameAs":["https:\/\/www.facebook.com\/ranoja.ee","https:\/\/www.instagram.com\/ranoja__\/"]}]}},"_links":{"self":[{"href":"https:\/\/ranoja.ee\/en\/wp-json\/wp\/v2\/product\/29429","targetHints":{"allow":["GET"]}}],"collection":[{"href":"https:\/\/ranoja.ee\/en\/wp-json\/wp\/v2\/product"}],"about":[{"href":"https:\/\/ranoja.ee\/en\/wp-json\/wp\/v2\/types\/product"}],"wp:featuredmedia":[{"embeddable":true,"href":"https:\/\/ranoja.ee\/en\/wp-json\/wp\/v2\/media\/29430"}],"wp:attachment":[{"href":"https:\/\/ranoja.ee\/en\/wp-json\/wp\/v2\/media?parent=29429"}],"wp:term":[{"taxonomy":"product_cat","embeddable":true,"href":"https:\/\/ranoja.ee\/en\/wp-json\/wp\/v2\/product_cat?post=29429"},{"taxonomy":"product_tag","embeddable":true,"href":"https:\/\/ranoja.ee\/en\/wp-json\/wp\/v2\/product_tag?post=29429"}],"curies":[{"name":"wp","href":"https:\/\/api.w.org\/{rel}","templated":true}]}}