{"id":29286,"date":"2026-02-03T14:49:21","date_gmt":"2026-02-03T11:49:21","guid":{"rendered":"https:\/\/ranoja.ee\/?post_type=product&#038;p=29286"},"modified":"2026-02-03T15:09:25","modified_gmt":"2026-02-03T12:09:25","slug":"lumag-oksapurustaja-gamul-hc10sb","status":"publish","type":"product","link":"https:\/\/ranoja.ee\/en\/toode\/lumag-oksapurustaja-gamul-hc10sb\/","title":{"rendered":"Lumag oksapurustaja GAMUL-HC10SB"},"content":{"rendered":"<p>Lumag oksapurustaja GAMUL-HC10SB on v\u00f5imas abimees kuni \u00d8 50 mm paksuste okste t\u00f5husaks purustamiseks. Mugava t\u00f6\u00f6 tagab suur t\u00e4itelehter ning reguleeritav v\u00e4ljastusklapp. T\u00e4itelehtrit saab noatrumli puhastamiseks kokku voltida ning integreeritud \u0161assii tagab kiire ja lihtsa teisaldamise. Professionaalne tohutu t\u00f5mbej\u00f5uga dupleks s\u00fcsteem t\u00f6\u00f6tleb ka kangekaelset materjali. See muudab GAMUL-HC100 v\u00f5imsa mootoriga t\u00f6\u00f6kindlaks purustajaks isiklikuks kasutamiseks aias.<\/p>\n<p>Ettev\u00f5tte tehnoloogia ja disain tagavad, et Lumag oksapurustajad suudavad t\u00f6\u00f6tada erinevates tingimustes, olgu siis aias, talus v\u00f5i metsas. Nende kompaktsed ja liikuvad mudelid muudavad need kasutajas\u00f5bralikuks ning v\u00f5imaldavad neid h\u00f5lpsalt \u00fchest kohast teise liigutada.<\/p>\n<p>Lumag on tuntud ettev\u00f5te, mis on spetsialiseerunud kvaliteetsete oksapurustajate tootmisele. Nende toodete hulgas on eriti populaarsed Lumag oksapurustajad, mis on saavutanud tunnustuse nende t\u00f5hususe ja vastupidavuse poolest.<\/p>\n<p>Lumag oksapurustajad on loodud selleks, et muuta oksad ja muud aiaj\u00e4\u00e4tmed lihtsasti k\u00e4ideldavaks mult\u0161iks v\u00f5i kompostiks. Need seadmed on varustatud v\u00f5imsate mootoritega, mis suudavad t\u00f5husalt purustada erineva diameetriga oksi. Lisaks on neil turvalisusfunktsioonid, mis tagavad kasutaja ohutuse.<\/p>\n<p>Ettev\u00f5tte tehnoloogia ja disain tagavad, et Lumag oksapurustajad suudavad t\u00f6\u00f6tada erinevates tingimustes, olgu siis aias, talus v\u00f5i metsas. Nende kompaktsed ja liikuvad mudelid muudavad need kasutajas\u00f5bralikuks ning v\u00f5imaldavad neid h\u00f5lpsalt \u00fchest kohast teise liigutada.<\/p>\n<p>Lumag on p\u00fchendunud keskkonnas\u00f5bralike lahenduste pakkumisele, seet\u00f5ttu on nende oksapurustajad loodud nii, et v\u00e4hendada j\u00e4\u00e4tmete kogust ja soodustada taaskasutust. Need masinad mitte ainult ei s\u00e4\u00e4sta aega ja vaeva, vaid aitavad ka kaasa j\u00e4tkusuutlikule aednikupraktikale.<br \/>\nLumag oksapurustaja GAMUL-HC10SB <\/p>\n","protected":false},"excerpt":{"rendered":"<p>Lumag oksapurustaja GAMUL-HC10SB<br \/>\nMootor: Rato 4-taktiline bensiinimootor 212cc 4,1kw 3600rpm<br \/>\nSobib kuni 60mm okste purustamiseks<br \/>\nL\u00f5iketerade arv: 2 + 1<br \/>\nK\u00fctusepaak 3.6l<br \/>\nK\u00e4sistarter<br \/>\n\u00d5hkrehvid<br \/>\nOhutusl\u00fclitid<br \/>\nKogumiskasti m\u00f5\u00f5dud: 63x40x30cm<br \/>\nMasina m\u00f5\u00f5dud 1100x615x1360mm<br \/>\nKaal 75kg<br \/>\n<strong> Eeldatav tarneaeg 1-7 t\u00f6\u00f6p\u00e4eva<\/strong><br \/>\n[embed]https:\/\/www.youtube.com\/watch?v=XVkLt0fUJJw[\/embed]<\/p>\n","protected":false},"featured_media":29287,"template":"","meta":{"inline_featured_image":false},"product_cat":[1087,85],"product_tag":[1484,3418,134,84],"class_list":{"0":"post-29286","1":"product","2":"type-product","3":"status-publish","4":"has-post-thumbnail","6":"product_brand-lumag","7":"product_cat-metsatehnika","8":"product_cat-oksapurustajad","9":"product_tag-gamul-hc100","10":"product_tag-gamul-hc10sb","11":"product_tag-lumag","12":"product_tag-oksapurustaja","14":"first","15":"instock","16":"taxable","17":"shipping-taxable","18":"purchasable","19":"product-type-simple"},"yoast_head":"<!-- This site is optimized with the Yoast SEO plugin v27.4 - https:\/\/yoast.com\/product\/yoast-seo-wordpress\/ -->\n<title>Lumag oksapurustaja GAMUL-HC10SB<\/title>\n<meta name=\"description\" content=\"Lumag oksapurustaja GAMUL-HC10SB Mootor: Rato 4- taktiline bensiinimootor 212cc 4,1kw, sobib kuni 60mm okste purustamiseks.\" \/>\n<meta name=\"robots\" content=\"index, follow, max-snippet:-1, max-image-preview:large, max-video-preview:-1\" \/>\n<link rel=\"canonical\" href=\"https:\/\/ranoja.ee\/toode\/lumag-oksapurustaja-gamul-hc10sb\/\" \/>\n<meta property=\"og:locale\" content=\"en_US\" \/>\n<meta property=\"og:type\" content=\"article\" \/>\n<meta property=\"og:title\" content=\"Lumag oksapurustaja GAMUL-HC10SB\" \/>\n<meta property=\"og:description\" content=\"Lumag oksapurustaja GAMUL-HC10SB Mootor: Rato 4- taktiline bensiinimootor 212cc 4,1kw, sobib kuni 60mm okste purustamiseks.\" \/>\n<meta property=\"og:url\" content=\"https:\/\/ranoja.ee\/toode\/lumag-oksapurustaja-gamul-hc10sb\/\" \/>\n<meta property=\"og:site_name\" content=\"Ranoja\" \/>\n<meta property=\"article:publisher\" content=\"https:\/\/www.facebook.com\/ranoja.ee\" \/>\n<meta property=\"article:modified_time\" content=\"2026-02-03T12:09:25+00:00\" \/>\n<meta property=\"og:image\" content=\"https:\/\/ranoja.ee\/wp-content\/uploads\/2026\/02\/oksapurustaja-GAMUL-HC10SB.png\" \/>\n\t<meta property=\"og:image:width\" content=\"1500\" \/>\n\t<meta property=\"og:image:height\" content=\"1500\" \/>\n\t<meta property=\"og:image:type\" content=\"image\/png\" \/>\n<meta name=\"twitter:card\" content=\"summary_large_image\" \/>\n<meta name=\"twitter:label1\" content=\"Est. reading time\" \/>\n\t<meta name=\"twitter:data1\" content=\"2 minutes\" \/>\n<script type=\"application\/ld+json\" class=\"yoast-schema-graph\">{\"@context\":\"https:\\\/\\\/schema.org\",\"@graph\":[{\"@type\":\"WebPage\",\"@id\":\"https:\\\/\\\/ranoja.ee\\\/toode\\\/lumag-oksapurustaja-gamul-hc10sb\\\/\",\"url\":\"https:\\\/\\\/ranoja.ee\\\/toode\\\/lumag-oksapurustaja-gamul-hc10sb\\\/\",\"name\":\"Lumag oksapurustaja GAMUL-HC10SB\",\"isPartOf\":{\"@id\":\"https:\\\/\\\/ranoja.ee\\\/#website\"},\"primaryImageOfPage\":{\"@id\":\"https:\\\/\\\/ranoja.ee\\\/toode\\\/lumag-oksapurustaja-gamul-hc10sb\\\/#primaryimage\"},\"image\":{\"@id\":\"https:\\\/\\\/ranoja.ee\\\/toode\\\/lumag-oksapurustaja-gamul-hc10sb\\\/#primaryimage\"},\"thumbnailUrl\":\"https:\\\/\\\/ranoja.ee\\\/wp-content\\\/uploads\\\/2026\\\/02\\\/oksapurustaja-GAMUL-HC10SB.png\",\"datePublished\":\"2026-02-03T11:49:21+00:00\",\"dateModified\":\"2026-02-03T12:09:25+00:00\",\"description\":\"Lumag oksapurustaja GAMUL-HC10SB Mootor: Rato 4- taktiline bensiinimootor 212cc 4,1kw, sobib kuni 60mm okste purustamiseks.\",\"breadcrumb\":{\"@id\":\"https:\\\/\\\/ranoja.ee\\\/toode\\\/lumag-oksapurustaja-gamul-hc10sb\\\/#breadcrumb\"},\"inLanguage\":\"en-US\",\"potentialAction\":[{\"@type\":\"ReadAction\",\"target\":[\"https:\\\/\\\/ranoja.ee\\\/toode\\\/lumag-oksapurustaja-gamul-hc10sb\\\/\"]}]},{\"@type\":\"ImageObject\",\"inLanguage\":\"en-US\",\"@id\":\"https:\\\/\\\/ranoja.ee\\\/toode\\\/lumag-oksapurustaja-gamul-hc10sb\\\/#primaryimage\",\"url\":\"https:\\\/\\\/ranoja.ee\\\/wp-content\\\/uploads\\\/2026\\\/02\\\/oksapurustaja-GAMUL-HC10SB.png\",\"contentUrl\":\"https:\\\/\\\/ranoja.ee\\\/wp-content\\\/uploads\\\/2026\\\/02\\\/oksapurustaja-GAMUL-HC10SB.png\",\"width\":1500,\"height\":1500,\"caption\":\"Lumag oksapurustaja GAMUL-HC10SB\"},{\"@type\":\"BreadcrumbList\",\"@id\":\"https:\\\/\\\/ranoja.ee\\\/toode\\\/lumag-oksapurustaja-gamul-hc10sb\\\/#breadcrumb\",\"itemListElement\":[{\"@type\":\"ListItem\",\"position\":1,\"name\":\"Home\",\"item\":\"https:\\\/\\\/ranoja.ee\\\/\"},{\"@type\":\"ListItem\",\"position\":2,\"name\":\"Shop\",\"item\":\"https:\\\/\\\/ranoja.ee\\\/en\\\/shop\\\/\"},{\"@type\":\"ListItem\",\"position\":3,\"name\":\"Lumag oksapurustaja GAMUL-HC10SB\"}]},{\"@type\":\"WebSite\",\"@id\":\"https:\\\/\\\/ranoja.ee\\\/#website\",\"url\":\"https:\\\/\\\/ranoja.ee\\\/\",\"name\":\"Ranoja\",\"description\":\"Equipment Shop WooCommerce WordPress Theme for Machine &amp; Tools\",\"publisher\":{\"@id\":\"https:\\\/\\\/ranoja.ee\\\/#organization\"},\"potentialAction\":[{\"@type\":\"SearchAction\",\"target\":{\"@type\":\"EntryPoint\",\"urlTemplate\":\"https:\\\/\\\/ranoja.ee\\\/?s={search_term_string}\"},\"query-input\":{\"@type\":\"PropertyValueSpecification\",\"valueRequired\":true,\"valueName\":\"search_term_string\"}}],\"inLanguage\":\"en-US\"},{\"@type\":\"Organization\",\"@id\":\"https:\\\/\\\/ranoja.ee\\\/#organization\",\"name\":\"Ranoja O\u00dc\",\"url\":\"https:\\\/\\\/ranoja.ee\\\/\",\"logo\":{\"@type\":\"ImageObject\",\"inLanguage\":\"en-US\",\"@id\":\"https:\\\/\\\/ranoja.ee\\\/#\\\/schema\\\/logo\\\/image\\\/\",\"url\":\"https:\\\/\\\/ranoja.ee\\\/wp-content\\\/uploads\\\/2023\\\/11\\\/ranoja-Logo.png\",\"contentUrl\":\"https:\\\/\\\/ranoja.ee\\\/wp-content\\\/uploads\\\/2023\\\/11\\\/ranoja-Logo.png\",\"width\":207,\"height\":58,\"caption\":\"Ranoja O\u00dc\"},\"image\":{\"@id\":\"https:\\\/\\\/ranoja.ee\\\/#\\\/schema\\\/logo\\\/image\\\/\"},\"sameAs\":[\"https:\\\/\\\/www.facebook.com\\\/ranoja.ee\",\"https:\\\/\\\/www.instagram.com\\\/ranoja__\\\/\"]}]}<\/script>\n<!-- \/ Yoast SEO plugin. -->","yoast_head_json":{"title":"Lumag oksapurustaja GAMUL-HC10SB","description":"Lumag oksapurustaja GAMUL-HC10SB Mootor: Rato 4- taktiline bensiinimootor 212cc 4,1kw, sobib kuni 60mm okste purustamiseks.","robots":{"index":"index","follow":"follow","max-snippet":"max-snippet:-1","max-image-preview":"max-image-preview:large","max-video-preview":"max-video-preview:-1"},"canonical":"https:\/\/ranoja.ee\/toode\/lumag-oksapurustaja-gamul-hc10sb\/","og_locale":"en_US","og_type":"article","og_title":"Lumag oksapurustaja GAMUL-HC10SB","og_description":"Lumag oksapurustaja GAMUL-HC10SB Mootor: Rato 4- taktiline bensiinimootor 212cc 4,1kw, sobib kuni 60mm okste purustamiseks.","og_url":"https:\/\/ranoja.ee\/toode\/lumag-oksapurustaja-gamul-hc10sb\/","og_site_name":"Ranoja","article_publisher":"https:\/\/www.facebook.com\/ranoja.ee","article_modified_time":"2026-02-03T12:09:25+00:00","og_image":[{"width":1500,"height":1500,"url":"https:\/\/ranoja.ee\/wp-content\/uploads\/2026\/02\/oksapurustaja-GAMUL-HC10SB.png","type":"image\/png"}],"twitter_card":"summary_large_image","twitter_misc":{"Est. reading time":"2 minutes"},"schema":{"@context":"https:\/\/schema.org","@graph":[{"@type":"WebPage","@id":"https:\/\/ranoja.ee\/toode\/lumag-oksapurustaja-gamul-hc10sb\/","url":"https:\/\/ranoja.ee\/toode\/lumag-oksapurustaja-gamul-hc10sb\/","name":"Lumag oksapurustaja GAMUL-HC10SB","isPartOf":{"@id":"https:\/\/ranoja.ee\/#website"},"primaryImageOfPage":{"@id":"https:\/\/ranoja.ee\/toode\/lumag-oksapurustaja-gamul-hc10sb\/#primaryimage"},"image":{"@id":"https:\/\/ranoja.ee\/toode\/lumag-oksapurustaja-gamul-hc10sb\/#primaryimage"},"thumbnailUrl":"https:\/\/ranoja.ee\/wp-content\/uploads\/2026\/02\/oksapurustaja-GAMUL-HC10SB.png","datePublished":"2026-02-03T11:49:21+00:00","dateModified":"2026-02-03T12:09:25+00:00","description":"Lumag oksapurustaja GAMUL-HC10SB Mootor: Rato 4- taktiline bensiinimootor 212cc 4,1kw, sobib kuni 60mm okste purustamiseks.","breadcrumb":{"@id":"https:\/\/ranoja.ee\/toode\/lumag-oksapurustaja-gamul-hc10sb\/#breadcrumb"},"inLanguage":"en-US","potentialAction":[{"@type":"ReadAction","target":["https:\/\/ranoja.ee\/toode\/lumag-oksapurustaja-gamul-hc10sb\/"]}]},{"@type":"ImageObject","inLanguage":"en-US","@id":"https:\/\/ranoja.ee\/toode\/lumag-oksapurustaja-gamul-hc10sb\/#primaryimage","url":"https:\/\/ranoja.ee\/wp-content\/uploads\/2026\/02\/oksapurustaja-GAMUL-HC10SB.png","contentUrl":"https:\/\/ranoja.ee\/wp-content\/uploads\/2026\/02\/oksapurustaja-GAMUL-HC10SB.png","width":1500,"height":1500,"caption":"Lumag oksapurustaja GAMUL-HC10SB"},{"@type":"BreadcrumbList","@id":"https:\/\/ranoja.ee\/toode\/lumag-oksapurustaja-gamul-hc10sb\/#breadcrumb","itemListElement":[{"@type":"ListItem","position":1,"name":"Home","item":"https:\/\/ranoja.ee\/"},{"@type":"ListItem","position":2,"name":"Shop","item":"https:\/\/ranoja.ee\/en\/shop\/"},{"@type":"ListItem","position":3,"name":"Lumag oksapurustaja GAMUL-HC10SB"}]},{"@type":"WebSite","@id":"https:\/\/ranoja.ee\/#website","url":"https:\/\/ranoja.ee\/","name":"Ranoja","description":"Equipment Shop WooCommerce WordPress Theme for Machine &amp; Tools","publisher":{"@id":"https:\/\/ranoja.ee\/#organization"},"potentialAction":[{"@type":"SearchAction","target":{"@type":"EntryPoint","urlTemplate":"https:\/\/ranoja.ee\/?s={search_term_string}"},"query-input":{"@type":"PropertyValueSpecification","valueRequired":true,"valueName":"search_term_string"}}],"inLanguage":"en-US"},{"@type":"Organization","@id":"https:\/\/ranoja.ee\/#organization","name":"Ranoja O\u00dc","url":"https:\/\/ranoja.ee\/","logo":{"@type":"ImageObject","inLanguage":"en-US","@id":"https:\/\/ranoja.ee\/#\/schema\/logo\/image\/","url":"https:\/\/ranoja.ee\/wp-content\/uploads\/2023\/11\/ranoja-Logo.png","contentUrl":"https:\/\/ranoja.ee\/wp-content\/uploads\/2023\/11\/ranoja-Logo.png","width":207,"height":58,"caption":"Ranoja O\u00dc"},"image":{"@id":"https:\/\/ranoja.ee\/#\/schema\/logo\/image\/"},"sameAs":["https:\/\/www.facebook.com\/ranoja.ee","https:\/\/www.instagram.com\/ranoja__\/"]}]}},"_links":{"self":[{"href":"https:\/\/ranoja.ee\/en\/wp-json\/wp\/v2\/product\/29286","targetHints":{"allow":["GET"]}}],"collection":[{"href":"https:\/\/ranoja.ee\/en\/wp-json\/wp\/v2\/product"}],"about":[{"href":"https:\/\/ranoja.ee\/en\/wp-json\/wp\/v2\/types\/product"}],"wp:featuredmedia":[{"embeddable":true,"href":"https:\/\/ranoja.ee\/en\/wp-json\/wp\/v2\/media\/29287"}],"wp:attachment":[{"href":"https:\/\/ranoja.ee\/en\/wp-json\/wp\/v2\/media?parent=29286"}],"wp:term":[{"taxonomy":"product_cat","embeddable":true,"href":"https:\/\/ranoja.ee\/en\/wp-json\/wp\/v2\/product_cat?post=29286"},{"taxonomy":"product_tag","embeddable":true,"href":"https:\/\/ranoja.ee\/en\/wp-json\/wp\/v2\/product_tag?post=29286"}],"curies":[{"name":"wp","href":"https:\/\/api.w.org\/{rel}","templated":true}]}}