{"id":29055,"date":"2026-02-03T14:28:21","date_gmt":"2026-02-03T11:28:21","guid":{"rendered":"https:\/\/ranoja.ee\/?post_type=product&#038;p=29055"},"modified":"2026-02-03T18:00:48","modified_gmt":"2026-02-03T15:00:48","slug":"brugger-vertikaalne-puulohkuja-elektrimootoriga-pto-s22","status":"publish","type":"product","link":"https:\/\/ranoja.ee\/en\/toode\/brugger-vertikaalne-puulohkuja-elektrimootoriga-pto-s22\/","title":{"rendered":"Brugger vertikaalne puul\u00f5hkuja elektrimootoriga + PTO S22"},"content":{"rendered":"<p>Brugger vertikaalne puul\u00f5hkuja elektrimootoriga + PTO S22 <\/p>\n<p>Vertikaalne puul\u00f5hkuja on kaasaegne ja t\u00f5hus seade, mis on loodud puidu kiireks ning ohutuks l\u00f5hkumiseks nii koduses majapidamises kui ka professionaalses kasutuses. Tegemist on masinaga, mis muudab f\u00fc\u00fcsiliselt raske t\u00f6\u00f6 m\u00e4rgatavalt lihtsamaks, v\u00f5imaldades t\u00f6\u00f6delda ka suuri ja  notte ilma liigse pingutuseta. Vertikaalne konstruktsioon t\u00e4hendab, et nott asetatakse p\u00fcstiasendisse stabiilsele alusele ning tugev h\u00fcdrauliline mehhanism surub l\u00f5hkumistera l\u00e4bi puidu, jagades selle v\u00e4iksemateks t\u00fckkideks.<\/p>\n<p>Brugger Power Split S22 on v\u00f5imas vertikaalne puul\u00f5hkuja, mis avaldab muljet 22-tonnise l\u00f5hkumisj\u00f5uga. See vastupidav masin sobib ideaalselt laiaulatuslikuks kasutamiseks ja pakub maksimaalset paindlikkust ajami osas. Puul\u00f5hkuja t\u00f6\u00f6tab elektrimootori v\u00f5i j\u00f5uv\u00f5lli kaudu. L\u00f5hkumisprotsess toimub kahel kiirusel, mis v\u00f5imaldab puitu kiiresti ja t\u00f5husalt t\u00f6\u00f6delda. Tarnekomplekti kuulub palgit\u00f5stuk, mis lihtsustab raskete palkide k\u00e4sitsemist.<\/p>\n<p>Lisavarustusena on saadaval h\u00fcdrauliline trossvints, mis pakub t\u00e4iendavaid rakendusv\u00f5imalusi ja lihtsustab t\u00f6\u00f6d veelgi. Maksimaalse 110 cm l\u00f5hkumispikkusega Brugger Power Split S22 pakub paindlikkust isegi suuremate puut\u00fckkide vaevata t\u00f6\u00f6tlemiseks. Saadaval on ka tugilaud l\u00fchemate puut\u00fckkide jaoks. Brugger Power Split S22 on ideaalne valik k\u00f5igile, kes otsivad usaldusv\u00e4\u00e4rset ja v\u00f5imsat lahendust puude l\u00f5hkumiseks.<br \/>\nBruggeri vertikaalsed puul\u00f5hkujad on tuntud oma praktilisuse ja mitmek\u00fclgsuse poolest. Need sobivad eriti h\u00e4sti vastupidava v\u00f5i suure l\u00e4bim\u00f5\u00f5duga puidu t\u00f6\u00f6tlemiseks. Kus on vaja suurt l\u00f5hkumisj\u00f5udu ja t\u00e4pset t\u00f6\u00f6protsessi. Masinad on saadaval elektrimootori v\u00f5i traktori j\u00f5uv\u00f5tuv\u00f5lli (PTO) ajamiga, mist\u00f5ttu saab valida sobiva lahenduse vastavalt t\u00f6\u00f6tingimustele ja kasutaja vajadustele.<\/p>\n<p>See mudel pakub kuni 22-tonnist l\u00f5hkumisj\u00f5udu, mis v\u00f5imaldab t\u00f6\u00f6delda ka lehtpuitu. Kahe kiirusega t\u00f6\u00f6re\u017eiim aitab protsessi muuta efektiivsemaks. Kiirem liikumine puidu juurde ning aeglasem, kuid v\u00f5imsam l\u00f5hkumisfaas tagavad sujuva ja kontrollitud t\u00f6\u00f6. Lisaks v\u00f5ib masinal olla palgit\u00f5stuk, mis h\u00f5lbustab raskete palkide t\u00f5stmist ning v\u00e4hendab kasutaja f\u00fc\u00fcsilist koormust.<\/p>\n<p>Brugger vertikaalne puul\u00f5hkuja elektrimootoriga + PTO S22 <\/p>\n","protected":false},"excerpt":{"rendered":"<p>Brugger vertikaalne puul\u00f5hkuja elektrimootoriga + PTO S22<br \/>\nPuul\u00f5hkuja ajam: Elektrimootor + j\u00f5uv\u00f5tuv\u00f5lli \u00fclekanne (PTO)<br \/>\nElektrimootori v\u00f5imsus: 5 kW 400 V<br \/>\nL\u00f5hkumisj\u00f5ud: 22 T<br \/>\nL\u00f5hkumispikkus: 110 cm<br \/>\nH\u00fcdraulika\u00f5li maht: 24 l<br \/>\nEdasis\u00f5idukiirus: 4.3 \/ 10.5<br \/>\nTagasis\u00f5idukiirus: 7.5<br \/>\nTrantspordi rattad<br \/>\nPalgit\u00f5stja<br \/>\nM\u00f5\u00f5tmed kokkupandult: 130 x 145 x 247 cm<br \/>\nTranspordim\u00f5\u00f5tmed: 130 x 96 x 200 cm<br \/>\n\u200bTootja: Brugger<br \/>\nMudel: S22<br \/>\nTootekood: Split_22<br \/>\nKaal: 335 kg<br \/>\n<strong>Lisavarustusena v\u00f5imalik juurde tellida h\u00fcdrauliline vints, mis teeb t\u00f6\u00f6 veelgi lihtsamaks ja tugilaud l\u00fchikeste nottide jaoks <\/strong><br \/>\nH\u00fcdrauliline vintsi andmed:<br \/>\nT\u00f5mbej\u00f5ud: 4.8 kN<br \/>\nVintsi kiirus: 0.6 m\/s<br \/>\nVintsi trossi pikkus: 19 m<br \/>\nTugilaua k\u00f5rgus: 50 cm<br \/>\nTrossvintsi saab kasutada ainult siis, kui puul\u00f5hkuja on kinnitatud traktori haakesse<br \/>\n<strong>Eeldatav tarneaeg 2-3 n\u00e4dalat<\/strong><br \/>\n[embed]https:\/\/youtu.be\/a0P-tjGoeMg?si=ofDa8XYAkNbbnp-M[\/embed]<\/p>\n","protected":false},"featured_media":29283,"template":"","meta":{"inline_featured_image":false},"product_cat":[1087,1089],"product_tag":[3378,3388,486,481,1724,3386,3387,3389],"class_list":{"0":"post-29055","1":"product","2":"type-product","3":"status-publish","4":"has-post-thumbnail","6":"product_brand-brugger","7":"product_cat-metsatehnika","8":"product_cat-puulohkumismasinad","9":"product_tag-brugger","10":"product_tag-brugger-vertikaalne-puulohkuja-elektrimootoriga-pto-s22","11":"product_tag-pto","12":"product_tag-puulohkuja","13":"product_tag-puulohkumismasinad","14":"product_tag-s22","15":"product_tag-split_22","16":"product_tag-vertikaalne","18":"first","19":"instock","20":"taxable","21":"shipping-taxable","22":"purchasable","23":"product-type-simple"},"yoast_head":"<!-- This site is optimized with the Yoast SEO plugin v27.4 - https:\/\/yoast.com\/product\/yoast-seo-wordpress\/ -->\n<title>Brugger vertikaalne puul\u00f5hkuja elektrimootoriga + PTO S22<\/title>\n<meta name=\"description\" content=\"Brugger vertikaalne puul\u00f5hkuja elektrimootoriga + PTO S22 T\u00e4nu 22 tonnisele l\u00f5hkumisj\u00f5ule sobib see puul\u00f5hkuja ka v\u00e4ga keerukate pakkude l\u00f5hkumiseks.\" \/>\n<meta name=\"robots\" content=\"index, follow, max-snippet:-1, max-image-preview:large, max-video-preview:-1\" \/>\n<link rel=\"canonical\" href=\"https:\/\/ranoja.ee\/toode\/brugger-vertikaalne-puulohkuja-elektrimootoriga-pto-s22\/\" \/>\n<meta property=\"og:locale\" content=\"en_US\" \/>\n<meta property=\"og:type\" content=\"article\" \/>\n<meta property=\"og:title\" content=\"Brugger vertikaalne puul\u00f5hkuja elektrimootoriga + PTO S22\" \/>\n<meta property=\"og:description\" content=\"Brugger vertikaalne puul\u00f5hkuja elektrimootoriga + PTO S22 T\u00e4nu 22 tonnisele l\u00f5hkumisj\u00f5ule sobib see puul\u00f5hkuja ka v\u00e4ga keerukate pakkude l\u00f5hkumiseks.\" \/>\n<meta property=\"og:url\" content=\"https:\/\/ranoja.ee\/toode\/brugger-vertikaalne-puulohkuja-elektrimootoriga-pto-s22\/\" \/>\n<meta property=\"og:site_name\" content=\"Ranoja\" \/>\n<meta property=\"article:publisher\" content=\"https:\/\/www.facebook.com\/ranoja.ee\" \/>\n<meta property=\"article:modified_time\" content=\"2026-02-03T15:00:48+00:00\" \/>\n<meta property=\"og:image\" content=\"https:\/\/ranoja.ee\/wp-content\/uploads\/2026\/02\/Screenshot-2026-02-03-131405-2.png\" \/>\n\t<meta property=\"og:image:width\" content=\"524\" \/>\n\t<meta property=\"og:image:height\" content=\"707\" \/>\n\t<meta property=\"og:image:type\" content=\"image\/png\" \/>\n<meta name=\"twitter:card\" content=\"summary_large_image\" \/>\n<meta name=\"twitter:label1\" content=\"Est. reading time\" \/>\n\t<meta name=\"twitter:data1\" content=\"2 minutes\" \/>\n<script type=\"application\/ld+json\" class=\"yoast-schema-graph\">{\"@context\":\"https:\\\/\\\/schema.org\",\"@graph\":[{\"@type\":\"WebPage\",\"@id\":\"https:\\\/\\\/ranoja.ee\\\/toode\\\/brugger-vertikaalne-puulohkuja-elektrimootoriga-pto-s22\\\/\",\"url\":\"https:\\\/\\\/ranoja.ee\\\/toode\\\/brugger-vertikaalne-puulohkuja-elektrimootoriga-pto-s22\\\/\",\"name\":\"Brugger vertikaalne puul\u00f5hkuja elektrimootoriga + PTO S22\",\"isPartOf\":{\"@id\":\"https:\\\/\\\/ranoja.ee\\\/#website\"},\"primaryImageOfPage\":{\"@id\":\"https:\\\/\\\/ranoja.ee\\\/toode\\\/brugger-vertikaalne-puulohkuja-elektrimootoriga-pto-s22\\\/#primaryimage\"},\"image\":{\"@id\":\"https:\\\/\\\/ranoja.ee\\\/toode\\\/brugger-vertikaalne-puulohkuja-elektrimootoriga-pto-s22\\\/#primaryimage\"},\"thumbnailUrl\":\"https:\\\/\\\/ranoja.ee\\\/wp-content\\\/uploads\\\/2026\\\/02\\\/Screenshot-2026-02-03-131405-2.png\",\"datePublished\":\"2026-02-03T11:28:21+00:00\",\"dateModified\":\"2026-02-03T15:00:48+00:00\",\"description\":\"Brugger vertikaalne puul\u00f5hkuja elektrimootoriga + PTO S22 T\u00e4nu 22 tonnisele l\u00f5hkumisj\u00f5ule sobib see puul\u00f5hkuja ka v\u00e4ga keerukate pakkude l\u00f5hkumiseks.\",\"breadcrumb\":{\"@id\":\"https:\\\/\\\/ranoja.ee\\\/toode\\\/brugger-vertikaalne-puulohkuja-elektrimootoriga-pto-s22\\\/#breadcrumb\"},\"inLanguage\":\"en-US\",\"potentialAction\":[{\"@type\":\"ReadAction\",\"target\":[\"https:\\\/\\\/ranoja.ee\\\/toode\\\/brugger-vertikaalne-puulohkuja-elektrimootoriga-pto-s22\\\/\"]}]},{\"@type\":\"ImageObject\",\"inLanguage\":\"en-US\",\"@id\":\"https:\\\/\\\/ranoja.ee\\\/toode\\\/brugger-vertikaalne-puulohkuja-elektrimootoriga-pto-s22\\\/#primaryimage\",\"url\":\"https:\\\/\\\/ranoja.ee\\\/wp-content\\\/uploads\\\/2026\\\/02\\\/Screenshot-2026-02-03-131405-2.png\",\"contentUrl\":\"https:\\\/\\\/ranoja.ee\\\/wp-content\\\/uploads\\\/2026\\\/02\\\/Screenshot-2026-02-03-131405-2.png\",\"width\":524,\"height\":707,\"caption\":\"Brugger vertikaalne puul\u00f5hkuja elektrimootoriga + PTO S22\"},{\"@type\":\"BreadcrumbList\",\"@id\":\"https:\\\/\\\/ranoja.ee\\\/toode\\\/brugger-vertikaalne-puulohkuja-elektrimootoriga-pto-s22\\\/#breadcrumb\",\"itemListElement\":[{\"@type\":\"ListItem\",\"position\":1,\"name\":\"Home\",\"item\":\"https:\\\/\\\/ranoja.ee\\\/\"},{\"@type\":\"ListItem\",\"position\":2,\"name\":\"Shop\",\"item\":\"https:\\\/\\\/ranoja.ee\\\/en\\\/shop\\\/\"},{\"@type\":\"ListItem\",\"position\":3,\"name\":\"Brugger vertikaalne puul\u00f5hkuja elektrimootoriga + PTO S22\"}]},{\"@type\":\"WebSite\",\"@id\":\"https:\\\/\\\/ranoja.ee\\\/#website\",\"url\":\"https:\\\/\\\/ranoja.ee\\\/\",\"name\":\"Ranoja\",\"description\":\"Equipment Shop WooCommerce WordPress Theme for Machine &amp; Tools\",\"publisher\":{\"@id\":\"https:\\\/\\\/ranoja.ee\\\/#organization\"},\"potentialAction\":[{\"@type\":\"SearchAction\",\"target\":{\"@type\":\"EntryPoint\",\"urlTemplate\":\"https:\\\/\\\/ranoja.ee\\\/?s={search_term_string}\"},\"query-input\":{\"@type\":\"PropertyValueSpecification\",\"valueRequired\":true,\"valueName\":\"search_term_string\"}}],\"inLanguage\":\"en-US\"},{\"@type\":\"Organization\",\"@id\":\"https:\\\/\\\/ranoja.ee\\\/#organization\",\"name\":\"Ranoja O\u00dc\",\"url\":\"https:\\\/\\\/ranoja.ee\\\/\",\"logo\":{\"@type\":\"ImageObject\",\"inLanguage\":\"en-US\",\"@id\":\"https:\\\/\\\/ranoja.ee\\\/#\\\/schema\\\/logo\\\/image\\\/\",\"url\":\"https:\\\/\\\/ranoja.ee\\\/wp-content\\\/uploads\\\/2023\\\/11\\\/ranoja-Logo.png\",\"contentUrl\":\"https:\\\/\\\/ranoja.ee\\\/wp-content\\\/uploads\\\/2023\\\/11\\\/ranoja-Logo.png\",\"width\":207,\"height\":58,\"caption\":\"Ranoja O\u00dc\"},\"image\":{\"@id\":\"https:\\\/\\\/ranoja.ee\\\/#\\\/schema\\\/logo\\\/image\\\/\"},\"sameAs\":[\"https:\\\/\\\/www.facebook.com\\\/ranoja.ee\",\"https:\\\/\\\/www.instagram.com\\\/ranoja__\\\/\"]}]}<\/script>\n<!-- \/ Yoast SEO plugin. -->","yoast_head_json":{"title":"Brugger vertikaalne puul\u00f5hkuja elektrimootoriga + PTO S22","description":"Brugger vertikaalne puul\u00f5hkuja elektrimootoriga + PTO S22 T\u00e4nu 22 tonnisele l\u00f5hkumisj\u00f5ule sobib see puul\u00f5hkuja ka v\u00e4ga keerukate pakkude l\u00f5hkumiseks.","robots":{"index":"index","follow":"follow","max-snippet":"max-snippet:-1","max-image-preview":"max-image-preview:large","max-video-preview":"max-video-preview:-1"},"canonical":"https:\/\/ranoja.ee\/toode\/brugger-vertikaalne-puulohkuja-elektrimootoriga-pto-s22\/","og_locale":"en_US","og_type":"article","og_title":"Brugger vertikaalne puul\u00f5hkuja elektrimootoriga + PTO S22","og_description":"Brugger vertikaalne puul\u00f5hkuja elektrimootoriga + PTO S22 T\u00e4nu 22 tonnisele l\u00f5hkumisj\u00f5ule sobib see puul\u00f5hkuja ka v\u00e4ga keerukate pakkude l\u00f5hkumiseks.","og_url":"https:\/\/ranoja.ee\/toode\/brugger-vertikaalne-puulohkuja-elektrimootoriga-pto-s22\/","og_site_name":"Ranoja","article_publisher":"https:\/\/www.facebook.com\/ranoja.ee","article_modified_time":"2026-02-03T15:00:48+00:00","og_image":[{"width":524,"height":707,"url":"https:\/\/ranoja.ee\/wp-content\/uploads\/2026\/02\/Screenshot-2026-02-03-131405-2.png","type":"image\/png"}],"twitter_card":"summary_large_image","twitter_misc":{"Est. reading time":"2 minutes"},"schema":{"@context":"https:\/\/schema.org","@graph":[{"@type":"WebPage","@id":"https:\/\/ranoja.ee\/toode\/brugger-vertikaalne-puulohkuja-elektrimootoriga-pto-s22\/","url":"https:\/\/ranoja.ee\/toode\/brugger-vertikaalne-puulohkuja-elektrimootoriga-pto-s22\/","name":"Brugger vertikaalne puul\u00f5hkuja elektrimootoriga + PTO S22","isPartOf":{"@id":"https:\/\/ranoja.ee\/#website"},"primaryImageOfPage":{"@id":"https:\/\/ranoja.ee\/toode\/brugger-vertikaalne-puulohkuja-elektrimootoriga-pto-s22\/#primaryimage"},"image":{"@id":"https:\/\/ranoja.ee\/toode\/brugger-vertikaalne-puulohkuja-elektrimootoriga-pto-s22\/#primaryimage"},"thumbnailUrl":"https:\/\/ranoja.ee\/wp-content\/uploads\/2026\/02\/Screenshot-2026-02-03-131405-2.png","datePublished":"2026-02-03T11:28:21+00:00","dateModified":"2026-02-03T15:00:48+00:00","description":"Brugger vertikaalne puul\u00f5hkuja elektrimootoriga + PTO S22 T\u00e4nu 22 tonnisele l\u00f5hkumisj\u00f5ule sobib see puul\u00f5hkuja ka v\u00e4ga keerukate pakkude l\u00f5hkumiseks.","breadcrumb":{"@id":"https:\/\/ranoja.ee\/toode\/brugger-vertikaalne-puulohkuja-elektrimootoriga-pto-s22\/#breadcrumb"},"inLanguage":"en-US","potentialAction":[{"@type":"ReadAction","target":["https:\/\/ranoja.ee\/toode\/brugger-vertikaalne-puulohkuja-elektrimootoriga-pto-s22\/"]}]},{"@type":"ImageObject","inLanguage":"en-US","@id":"https:\/\/ranoja.ee\/toode\/brugger-vertikaalne-puulohkuja-elektrimootoriga-pto-s22\/#primaryimage","url":"https:\/\/ranoja.ee\/wp-content\/uploads\/2026\/02\/Screenshot-2026-02-03-131405-2.png","contentUrl":"https:\/\/ranoja.ee\/wp-content\/uploads\/2026\/02\/Screenshot-2026-02-03-131405-2.png","width":524,"height":707,"caption":"Brugger vertikaalne puul\u00f5hkuja elektrimootoriga + PTO S22"},{"@type":"BreadcrumbList","@id":"https:\/\/ranoja.ee\/toode\/brugger-vertikaalne-puulohkuja-elektrimootoriga-pto-s22\/#breadcrumb","itemListElement":[{"@type":"ListItem","position":1,"name":"Home","item":"https:\/\/ranoja.ee\/"},{"@type":"ListItem","position":2,"name":"Shop","item":"https:\/\/ranoja.ee\/en\/shop\/"},{"@type":"ListItem","position":3,"name":"Brugger vertikaalne puul\u00f5hkuja elektrimootoriga + PTO S22"}]},{"@type":"WebSite","@id":"https:\/\/ranoja.ee\/#website","url":"https:\/\/ranoja.ee\/","name":"Ranoja","description":"Equipment Shop WooCommerce WordPress Theme for Machine &amp; Tools","publisher":{"@id":"https:\/\/ranoja.ee\/#organization"},"potentialAction":[{"@type":"SearchAction","target":{"@type":"EntryPoint","urlTemplate":"https:\/\/ranoja.ee\/?s={search_term_string}"},"query-input":{"@type":"PropertyValueSpecification","valueRequired":true,"valueName":"search_term_string"}}],"inLanguage":"en-US"},{"@type":"Organization","@id":"https:\/\/ranoja.ee\/#organization","name":"Ranoja O\u00dc","url":"https:\/\/ranoja.ee\/","logo":{"@type":"ImageObject","inLanguage":"en-US","@id":"https:\/\/ranoja.ee\/#\/schema\/logo\/image\/","url":"https:\/\/ranoja.ee\/wp-content\/uploads\/2023\/11\/ranoja-Logo.png","contentUrl":"https:\/\/ranoja.ee\/wp-content\/uploads\/2023\/11\/ranoja-Logo.png","width":207,"height":58,"caption":"Ranoja O\u00dc"},"image":{"@id":"https:\/\/ranoja.ee\/#\/schema\/logo\/image\/"},"sameAs":["https:\/\/www.facebook.com\/ranoja.ee","https:\/\/www.instagram.com\/ranoja__\/"]}]}},"_links":{"self":[{"href":"https:\/\/ranoja.ee\/en\/wp-json\/wp\/v2\/product\/29055","targetHints":{"allow":["GET"]}}],"collection":[{"href":"https:\/\/ranoja.ee\/en\/wp-json\/wp\/v2\/product"}],"about":[{"href":"https:\/\/ranoja.ee\/en\/wp-json\/wp\/v2\/types\/product"}],"wp:featuredmedia":[{"embeddable":true,"href":"https:\/\/ranoja.ee\/en\/wp-json\/wp\/v2\/media\/29283"}],"wp:attachment":[{"href":"https:\/\/ranoja.ee\/en\/wp-json\/wp\/v2\/media?parent=29055"}],"wp:term":[{"taxonomy":"product_cat","embeddable":true,"href":"https:\/\/ranoja.ee\/en\/wp-json\/wp\/v2\/product_cat?post=29055"},{"taxonomy":"product_tag","embeddable":true,"href":"https:\/\/ranoja.ee\/en\/wp-json\/wp\/v2\/product_tag?post=29055"}],"curies":[{"name":"wp","href":"https:\/\/api.w.org\/{rel}","templated":true}]}}