{"id":28986,"date":"2026-01-29T17:58:53","date_gmt":"2026-01-29T14:58:53","guid":{"rendered":"https:\/\/ranoja.ee\/?post_type=product&#038;p=28986"},"modified":"2026-03-31T14:50:31","modified_gmt":"2026-03-31T11:50:31","slug":"robotniiduk-anthbot-genie-800-kaablivaba-1500-m%c2%b2","status":"publish","type":"product","link":"https:\/\/ranoja.ee\/en\/toode\/robotniiduk-anthbot-genie-800-kaablivaba-1500-m%c2%b2\/","title":{"rendered":"Robotniiduk ANTHBOT Genie 800 (kaablivaba) 1500 m\u00b2"},"content":{"rendered":"<p>Robotniiduk ANTHBOT Genie 800 (kaablivaba) 1500 m\u00b2<\/p>\n<p>Piirdekaablivaba robotniiduk ANTHBOT Genie 800 on m\u00f5eldud krundile suurusega kuni 1500 m\u00b2. \u00dctle kaablikatkestustele \u201cei\u201d, vali ANTHBOT Genie robotniiduk ning naudi ilusat muru kogu niiduhooaja v\u00e4ltel.<\/p>\n<p>T\u00f6\u00f6p\u00f5him\u00f5te: Genie kasutab GPS-positsioneerimist ja nelja kaamera tuvastustehnoloogiat, et kaardistada niiduala ning niita automaatselt sinu aed korras hoida.<br \/>\nLihtne kaardistamine: V\u00f5imalik teha aiakaart nii automaatselt kui manuaalselt.<br \/>\nTugev GPS-signaal: RTK-tehnoloogia tagab katkematu signaali, mida keskkonnatingimused ei m\u00f5juta.<br \/>\nMitme tsooni haldus: Loo mitu eraldi tsooni keerukate murualade haldamiseks.<br \/>\nIntelligentne takistuste v\u00e4ltimine: 300\u00b0 \u201einimlaadne\u201c vaatev\u00e4li ja 360\u00b0 kokkup\u00f5rketuvastus v\u00f5imaldavad v\u00e4ltida enam kui 1000 erinevat t\u00fc\u00fcpi objekti, tagades inimeste ja loomade ohutuse.<br \/>\nIntelligentne hooldaja: Lase Geniel olla sinu muruteenri rollis ja hoida muru automaatselt ideaalses korras.<br \/>\n\u00c4pirakendus: Kasuta rakendust niitmisplaani kaugj\u00e4lgimiseks ja haldamiseks.<\/p>\n<p>Robotniiduk ANTHBOT Genie 800 (kaablivaba) 1500 m\u00b2<\/p>\n","protected":false},"excerpt":{"rendered":"<p>Robotniiduk ANTHBOT Genie 800 (kaablivaba) 1500 m\u00b2<\/p>\n<p>Tootja\tAnthbot<br \/>\nMudel\tGenie 800<br \/>\nMaksimaalne niidualapindala\t1500 m\u00b2<br \/>\nMaksimaalne kalle\t45% (24\u00b0)<br \/>\nL\u00f5ikeketas\t5-teraline<br \/>\nL\u00f5ikelaius\t200 mm<br \/>\nL\u00f5ikek\u00f5rgus\t30\u201370 mm<br \/>\nTsoonide haldus\t20<br \/>\nRTK\tT\u00e4issagedusala<br \/>\nKetta p\u00f6\u00f6rlemiskiirus\t3000 p\/min<br \/>\nIoT \u00fchenduvus\tWi-Fi (2.4G), 4G (1 aasta tasuta)<br \/>\nBluetooth\tJah<br \/>\nAkut\u00fc\u00fcp\tLiitium-ioon<br \/>\nMahtuvus (Ah)\t4.0 Ah<br \/>\nMahtuvus (Wh)\t72 Wh<br \/>\nT\u00f6\u00f6aeg\t120 min<br \/>\nLaadimisaeg\t150 min<br \/>\nVeekindlusklass\tIPX6<br \/>\nToote m\u00f5\u00f5dud\t633 \u00d7 419 \u00d7 269 mm<br \/>\nToote kaal\t12,2 kg<br \/>\nM\u00fcratase\t\u226458 dB(A)<\/p>\n<p><strong>Eeldatav tarneaeg M\u00c4RTS 2026 <\/strong><\/p>\n[embed]https:\/\/www.youtube.com\/watch?v=YXFJQ1R8JL8[\/embed]\n","protected":false},"featured_media":28989,"template":"","meta":{"inline_featured_image":false},"product_cat":[1079,1080],"product_tag":[3367,3368,3366,1150,1144],"class_list":{"0":"post-28986","1":"product","2":"type-product","3":"status-publish","4":"has-post-thumbnail","6":"product_brand-anthbot","7":"product_cat-aiatehnika-ja-niidutehnika","8":"product_cat-robotniidukid","9":"product_tag-1500-m","10":"product_tag-anthbot","11":"product_tag-genie-800","12":"product_tag-mururobot","13":"product_tag-robotniiduk","15":"first","16":"instock","17":"sale","18":"taxable","19":"shipping-taxable","20":"purchasable","21":"product-type-simple"},"yoast_head":"<!-- This site is optimized with the Yoast SEO plugin v27.4 - https:\/\/yoast.com\/product\/yoast-seo-wordpress\/ -->\n<title>Robotniiduk ANTHBOT Genie 800 (kaablivaba) 1500 m\u00b2<\/title>\n<meta name=\"description\" content=\"Robotniiduk ANTHBOT Genie 800 (kaablivaba) 1500 m\u00b2 - 4 AI kaamerat ja RTK antenniga positsioneerimine teevad sellest lihtsa ning t\u00f6\u00f6kindla mururoboti!\" \/>\n<meta name=\"robots\" content=\"index, follow, max-snippet:-1, max-image-preview:large, max-video-preview:-1\" \/>\n<link rel=\"canonical\" href=\"https:\/\/ranoja.ee\/toode\/robotniiduk-anthbot-genie-800-kaablivaba-1500-m\u00b2\/\" \/>\n<meta property=\"og:locale\" content=\"en_US\" \/>\n<meta property=\"og:type\" content=\"article\" \/>\n<meta property=\"og:title\" content=\"Robotniiduk ANTHBOT Genie 800 (kaablivaba) 1500 m\u00b2\" \/>\n<meta property=\"og:description\" content=\"Robotniiduk ANTHBOT Genie 800 (kaablivaba) 1500 m\u00b2 - 4 AI kaamerat ja RTK antenniga positsioneerimine teevad sellest lihtsa ning t\u00f6\u00f6kindla mururoboti!\" \/>\n<meta property=\"og:url\" content=\"https:\/\/ranoja.ee\/toode\/robotniiduk-anthbot-genie-800-kaablivaba-1500-m\u00b2\/\" \/>\n<meta property=\"og:site_name\" content=\"Ranoja\" \/>\n<meta property=\"article:publisher\" content=\"https:\/\/www.facebook.com\/ranoja.ee\" \/>\n<meta property=\"article:modified_time\" content=\"2026-03-31T11:50:31+00:00\" \/>\n<meta property=\"og:image\" content=\"https:\/\/ranoja.ee\/wp-content\/uploads\/2026\/01\/Robotniiduk-ANTHBOT-Genie-800-1500-m\u00b2kaablivaba.png\" \/>\n\t<meta property=\"og:image:width\" content=\"1080\" \/>\n\t<meta property=\"og:image:height\" content=\"849\" \/>\n\t<meta property=\"og:image:type\" content=\"image\/png\" \/>\n<meta name=\"twitter:card\" content=\"summary_large_image\" \/>\n<meta name=\"twitter:label1\" content=\"Est. reading time\" \/>\n\t<meta name=\"twitter:data1\" content=\"1 minute\" \/>\n<script type=\"application\/ld+json\" class=\"yoast-schema-graph\">{\"@context\":\"https:\\\/\\\/schema.org\",\"@graph\":[{\"@type\":\"WebPage\",\"@id\":\"https:\\\/\\\/ranoja.ee\\\/toode\\\/robotniiduk-anthbot-genie-800-kaablivaba-1500-m%c2%b2\\\/\",\"url\":\"https:\\\/\\\/ranoja.ee\\\/toode\\\/robotniiduk-anthbot-genie-800-kaablivaba-1500-m%c2%b2\\\/\",\"name\":\"Robotniiduk ANTHBOT Genie 800 (kaablivaba) 1500 m\u00b2\",\"isPartOf\":{\"@id\":\"https:\\\/\\\/ranoja.ee\\\/#website\"},\"primaryImageOfPage\":{\"@id\":\"https:\\\/\\\/ranoja.ee\\\/toode\\\/robotniiduk-anthbot-genie-800-kaablivaba-1500-m%c2%b2\\\/#primaryimage\"},\"image\":{\"@id\":\"https:\\\/\\\/ranoja.ee\\\/toode\\\/robotniiduk-anthbot-genie-800-kaablivaba-1500-m%c2%b2\\\/#primaryimage\"},\"thumbnailUrl\":\"https:\\\/\\\/ranoja.ee\\\/wp-content\\\/uploads\\\/2026\\\/01\\\/Robotniiduk-ANTHBOT-Genie-800-1500-m\u00b2kaablivaba.png\",\"datePublished\":\"2026-01-29T14:58:53+00:00\",\"dateModified\":\"2026-03-31T11:50:31+00:00\",\"description\":\"Robotniiduk ANTHBOT Genie 800 (kaablivaba) 1500 m\u00b2 - 4 AI kaamerat ja RTK antenniga positsioneerimine teevad sellest lihtsa ning t\u00f6\u00f6kindla mururoboti!\",\"breadcrumb\":{\"@id\":\"https:\\\/\\\/ranoja.ee\\\/toode\\\/robotniiduk-anthbot-genie-800-kaablivaba-1500-m%c2%b2\\\/#breadcrumb\"},\"inLanguage\":\"en-US\",\"potentialAction\":[{\"@type\":\"ReadAction\",\"target\":[\"https:\\\/\\\/ranoja.ee\\\/toode\\\/robotniiduk-anthbot-genie-800-kaablivaba-1500-m%c2%b2\\\/\"]}]},{\"@type\":\"ImageObject\",\"inLanguage\":\"en-US\",\"@id\":\"https:\\\/\\\/ranoja.ee\\\/toode\\\/robotniiduk-anthbot-genie-800-kaablivaba-1500-m%c2%b2\\\/#primaryimage\",\"url\":\"https:\\\/\\\/ranoja.ee\\\/wp-content\\\/uploads\\\/2026\\\/01\\\/Robotniiduk-ANTHBOT-Genie-800-1500-m\u00b2kaablivaba.png\",\"contentUrl\":\"https:\\\/\\\/ranoja.ee\\\/wp-content\\\/uploads\\\/2026\\\/01\\\/Robotniiduk-ANTHBOT-Genie-800-1500-m\u00b2kaablivaba.png\",\"width\":1080,\"height\":849,\"caption\":\"Robotniiduk ANTHBOT Genie 800 1500 m\u00b2(kaablivaba)\"},{\"@type\":\"BreadcrumbList\",\"@id\":\"https:\\\/\\\/ranoja.ee\\\/toode\\\/robotniiduk-anthbot-genie-800-kaablivaba-1500-m%c2%b2\\\/#breadcrumb\",\"itemListElement\":[{\"@type\":\"ListItem\",\"position\":1,\"name\":\"Home\",\"item\":\"https:\\\/\\\/ranoja.ee\\\/\"},{\"@type\":\"ListItem\",\"position\":2,\"name\":\"Shop\",\"item\":\"https:\\\/\\\/ranoja.ee\\\/en\\\/shop\\\/\"},{\"@type\":\"ListItem\",\"position\":3,\"name\":\"Robotniiduk ANTHBOT Genie 800 (kaablivaba) 1500 m\u00b2\"}]},{\"@type\":\"WebSite\",\"@id\":\"https:\\\/\\\/ranoja.ee\\\/#website\",\"url\":\"https:\\\/\\\/ranoja.ee\\\/\",\"name\":\"Ranoja\",\"description\":\"Equipment Shop WooCommerce WordPress Theme for Machine &amp; Tools\",\"publisher\":{\"@id\":\"https:\\\/\\\/ranoja.ee\\\/#organization\"},\"potentialAction\":[{\"@type\":\"SearchAction\",\"target\":{\"@type\":\"EntryPoint\",\"urlTemplate\":\"https:\\\/\\\/ranoja.ee\\\/?s={search_term_string}\"},\"query-input\":{\"@type\":\"PropertyValueSpecification\",\"valueRequired\":true,\"valueName\":\"search_term_string\"}}],\"inLanguage\":\"en-US\"},{\"@type\":\"Organization\",\"@id\":\"https:\\\/\\\/ranoja.ee\\\/#organization\",\"name\":\"Ranoja O\u00dc\",\"url\":\"https:\\\/\\\/ranoja.ee\\\/\",\"logo\":{\"@type\":\"ImageObject\",\"inLanguage\":\"en-US\",\"@id\":\"https:\\\/\\\/ranoja.ee\\\/#\\\/schema\\\/logo\\\/image\\\/\",\"url\":\"https:\\\/\\\/ranoja.ee\\\/wp-content\\\/uploads\\\/2023\\\/11\\\/ranoja-Logo.png\",\"contentUrl\":\"https:\\\/\\\/ranoja.ee\\\/wp-content\\\/uploads\\\/2023\\\/11\\\/ranoja-Logo.png\",\"width\":207,\"height\":58,\"caption\":\"Ranoja O\u00dc\"},\"image\":{\"@id\":\"https:\\\/\\\/ranoja.ee\\\/#\\\/schema\\\/logo\\\/image\\\/\"},\"sameAs\":[\"https:\\\/\\\/www.facebook.com\\\/ranoja.ee\",\"https:\\\/\\\/www.instagram.com\\\/ranoja__\\\/\"]}]}<\/script>\n<!-- \/ Yoast SEO plugin. -->","yoast_head_json":{"title":"Robotniiduk ANTHBOT Genie 800 (kaablivaba) 1500 m\u00b2","description":"Robotniiduk ANTHBOT Genie 800 (kaablivaba) 1500 m\u00b2 - 4 AI kaamerat ja RTK antenniga positsioneerimine teevad sellest lihtsa ning t\u00f6\u00f6kindla mururoboti!","robots":{"index":"index","follow":"follow","max-snippet":"max-snippet:-1","max-image-preview":"max-image-preview:large","max-video-preview":"max-video-preview:-1"},"canonical":"https:\/\/ranoja.ee\/toode\/robotniiduk-anthbot-genie-800-kaablivaba-1500-m\u00b2\/","og_locale":"en_US","og_type":"article","og_title":"Robotniiduk ANTHBOT Genie 800 (kaablivaba) 1500 m\u00b2","og_description":"Robotniiduk ANTHBOT Genie 800 (kaablivaba) 1500 m\u00b2 - 4 AI kaamerat ja RTK antenniga positsioneerimine teevad sellest lihtsa ning t\u00f6\u00f6kindla mururoboti!","og_url":"https:\/\/ranoja.ee\/toode\/robotniiduk-anthbot-genie-800-kaablivaba-1500-m\u00b2\/","og_site_name":"Ranoja","article_publisher":"https:\/\/www.facebook.com\/ranoja.ee","article_modified_time":"2026-03-31T11:50:31+00:00","og_image":[{"width":1080,"height":849,"url":"https:\/\/ranoja.ee\/wp-content\/uploads\/2026\/01\/Robotniiduk-ANTHBOT-Genie-800-1500-m\u00b2kaablivaba.png","type":"image\/png"}],"twitter_card":"summary_large_image","twitter_misc":{"Est. reading time":"1 minute"},"schema":{"@context":"https:\/\/schema.org","@graph":[{"@type":"WebPage","@id":"https:\/\/ranoja.ee\/toode\/robotniiduk-anthbot-genie-800-kaablivaba-1500-m%c2%b2\/","url":"https:\/\/ranoja.ee\/toode\/robotniiduk-anthbot-genie-800-kaablivaba-1500-m%c2%b2\/","name":"Robotniiduk ANTHBOT Genie 800 (kaablivaba) 1500 m\u00b2","isPartOf":{"@id":"https:\/\/ranoja.ee\/#website"},"primaryImageOfPage":{"@id":"https:\/\/ranoja.ee\/toode\/robotniiduk-anthbot-genie-800-kaablivaba-1500-m%c2%b2\/#primaryimage"},"image":{"@id":"https:\/\/ranoja.ee\/toode\/robotniiduk-anthbot-genie-800-kaablivaba-1500-m%c2%b2\/#primaryimage"},"thumbnailUrl":"https:\/\/ranoja.ee\/wp-content\/uploads\/2026\/01\/Robotniiduk-ANTHBOT-Genie-800-1500-m\u00b2kaablivaba.png","datePublished":"2026-01-29T14:58:53+00:00","dateModified":"2026-03-31T11:50:31+00:00","description":"Robotniiduk ANTHBOT Genie 800 (kaablivaba) 1500 m\u00b2 - 4 AI kaamerat ja RTK antenniga positsioneerimine teevad sellest lihtsa ning t\u00f6\u00f6kindla mururoboti!","breadcrumb":{"@id":"https:\/\/ranoja.ee\/toode\/robotniiduk-anthbot-genie-800-kaablivaba-1500-m%c2%b2\/#breadcrumb"},"inLanguage":"en-US","potentialAction":[{"@type":"ReadAction","target":["https:\/\/ranoja.ee\/toode\/robotniiduk-anthbot-genie-800-kaablivaba-1500-m%c2%b2\/"]}]},{"@type":"ImageObject","inLanguage":"en-US","@id":"https:\/\/ranoja.ee\/toode\/robotniiduk-anthbot-genie-800-kaablivaba-1500-m%c2%b2\/#primaryimage","url":"https:\/\/ranoja.ee\/wp-content\/uploads\/2026\/01\/Robotniiduk-ANTHBOT-Genie-800-1500-m\u00b2kaablivaba.png","contentUrl":"https:\/\/ranoja.ee\/wp-content\/uploads\/2026\/01\/Robotniiduk-ANTHBOT-Genie-800-1500-m\u00b2kaablivaba.png","width":1080,"height":849,"caption":"Robotniiduk ANTHBOT Genie 800 1500 m\u00b2(kaablivaba)"},{"@type":"BreadcrumbList","@id":"https:\/\/ranoja.ee\/toode\/robotniiduk-anthbot-genie-800-kaablivaba-1500-m%c2%b2\/#breadcrumb","itemListElement":[{"@type":"ListItem","position":1,"name":"Home","item":"https:\/\/ranoja.ee\/"},{"@type":"ListItem","position":2,"name":"Shop","item":"https:\/\/ranoja.ee\/en\/shop\/"},{"@type":"ListItem","position":3,"name":"Robotniiduk ANTHBOT Genie 800 (kaablivaba) 1500 m\u00b2"}]},{"@type":"WebSite","@id":"https:\/\/ranoja.ee\/#website","url":"https:\/\/ranoja.ee\/","name":"Ranoja","description":"Equipment Shop WooCommerce WordPress Theme for Machine &amp; Tools","publisher":{"@id":"https:\/\/ranoja.ee\/#organization"},"potentialAction":[{"@type":"SearchAction","target":{"@type":"EntryPoint","urlTemplate":"https:\/\/ranoja.ee\/?s={search_term_string}"},"query-input":{"@type":"PropertyValueSpecification","valueRequired":true,"valueName":"search_term_string"}}],"inLanguage":"en-US"},{"@type":"Organization","@id":"https:\/\/ranoja.ee\/#organization","name":"Ranoja O\u00dc","url":"https:\/\/ranoja.ee\/","logo":{"@type":"ImageObject","inLanguage":"en-US","@id":"https:\/\/ranoja.ee\/#\/schema\/logo\/image\/","url":"https:\/\/ranoja.ee\/wp-content\/uploads\/2023\/11\/ranoja-Logo.png","contentUrl":"https:\/\/ranoja.ee\/wp-content\/uploads\/2023\/11\/ranoja-Logo.png","width":207,"height":58,"caption":"Ranoja O\u00dc"},"image":{"@id":"https:\/\/ranoja.ee\/#\/schema\/logo\/image\/"},"sameAs":["https:\/\/www.facebook.com\/ranoja.ee","https:\/\/www.instagram.com\/ranoja__\/"]}]}},"_links":{"self":[{"href":"https:\/\/ranoja.ee\/en\/wp-json\/wp\/v2\/product\/28986","targetHints":{"allow":["GET"]}}],"collection":[{"href":"https:\/\/ranoja.ee\/en\/wp-json\/wp\/v2\/product"}],"about":[{"href":"https:\/\/ranoja.ee\/en\/wp-json\/wp\/v2\/types\/product"}],"wp:featuredmedia":[{"embeddable":true,"href":"https:\/\/ranoja.ee\/en\/wp-json\/wp\/v2\/media\/28989"}],"wp:attachment":[{"href":"https:\/\/ranoja.ee\/en\/wp-json\/wp\/v2\/media?parent=28986"}],"wp:term":[{"taxonomy":"product_cat","embeddable":true,"href":"https:\/\/ranoja.ee\/en\/wp-json\/wp\/v2\/product_cat?post=28986"},{"taxonomy":"product_tag","embeddable":true,"href":"https:\/\/ranoja.ee\/en\/wp-json\/wp\/v2\/product_tag?post=28986"}],"curies":[{"name":"wp","href":"https:\/\/api.w.org\/{rel}","templated":true}]}}