{"id":28985,"date":"2026-01-29T17:32:45","date_gmt":"2026-01-29T14:32:45","guid":{"rendered":"https:\/\/ranoja.ee\/?post_type=product&#038;p=28985"},"modified":"2026-01-30T10:00:22","modified_gmt":"2026-01-30T07:00:22","slug":"hudrauliline-puulohkuja-ekskavaatorile-s400","status":"publish","type":"product","link":"https:\/\/ranoja.ee\/en\/toode\/hudrauliline-puulohkuja-ekskavaatorile-s400\/","title":{"rendered":"H\u00fcdrauliline puul\u00f5hkuja ekskavaatorile S400"},"content":{"rendered":"<p>H\u00fcdrauliline puul\u00f5hkuja ekskavaatorile S400<\/p>\n<p>Ekskavaatori kruvil\u00f5hkuja on seade, mis sobib ideaalselt puitmaterjali, n\u00e4iteks k\u00e4ndude v\u00f5i suurte plokkide t\u00f6\u00f6tlemiseks. H\u00fcdraulilise palgil\u00f5hkuja kasutamine suurendab oluliselt t\u00f6\u00f6kiirust ja v\u00f5imaldab isegi suurte materjalikoguste mugavat, ohutut ja kiiret t\u00f6\u00f6tlemist. Miniekskavaatori palgil\u00f5hkujat kasutatakse edukalt metsanduses, p\u00f5llumajanduses ja eraklientide poolt, kes kasutavad m\u00e4rkimisv\u00e4\u00e4rses koguses k\u00fctust. Remet CNC Technology pakub professionaalseid puidut\u00f6\u00f6tlemisseadmeid, nagu hakkureid, purustusmasinaid ja palgil\u00f5hkujaid (h\u00fcdraulilises, kineetilises ja elektrilises versioonis).<\/p>\n<p>S400 ja S500 h\u00fcdraulilised kruvil\u00f5hkujad sobivad ideaalselt kasutamiseks ekskavaatorite, miniekskavaatorite ja muude h\u00fcdraulilise j\u00f5uga masinatega. Nende vastupidav konstruktsioon ja t\u00f6\u00f6kindel s\u00fcsteem muudavad k\u00fcttepuude t\u00f6\u00f6tlemisel \u00e4\u00e4rmiselt kasulikuks. Meie kruvil\u00f5hkuja on tipptasemel seade, mis on ehitatud meie enda patenteeritud disaini j\u00e4rgi. T\u00e4nu kvaliteetsete materjalide kasutamisele on h\u00fcdrauliline puul\u00f5hkuja mitmek\u00fclgne masin, mis talub isegi k\u00f5ige karmimaid tingimusi.<\/p>\n<p>H\u00fcdrauliline puul\u00f5hkuja on seade, mida edukalt kasutatakse puidut\u00f6\u00f6stuses ja p\u00f5llumajanduses. Seda seadet iseloomustab suur vastupidavus ja kahjustuskindlus. <\/p>\n<p>H\u00fcdrauliline puul\u00f5hkuja ekskavaatorile S400<\/p>\n","protected":false},"excerpt":{"rendered":"<p>H\u00fcdrauliline puul\u00f5hkuja ekskavaatorile S400<br \/>\nGabariitm\u00f5\u00f5dud ilma kinnituseta: 96 \u00d7 38 \u00d7 40 cm<br \/>\nSoovitatav kandemasin \/ baasmasina kaal: 1.5 \u2013 10 t<br \/>\nH\u00fcdromootori t\u00f6\u00f6maht: 410 cm\u00b3\/p\u00f6\u00f6re<br \/>\nMaksimaalne p\u00f6\u00f6rdemoment: 1095 Nm<br \/>\nSoovitatav pumba tootlikkus, \u00f5livool: 125 l\/min<br \/>\nMaksimaalne t\u00f6\u00f6r\u00f5hk: 180 bar<br \/>\nMaksimaalne v\u00f5imsus: 31 Kw<br \/>\nPuidupuuri l\u00e4bim\u00f5\u00f5t ja pikkus: \u00d8 250 mm, L 370 mm<br \/>\nMaapuuri l\u00e4bim\u00f5\u00f5tud ja pikkused:<br \/>\n\u00d8 200 mm, L 1300 mm<br \/>\n\u00d8 300 mm, L 1300 mm<br \/>\n\u00d8 400 mm, L 1300 mm<br \/>\nP\u00f6\u00f6rlemissuund:\tVasakult paremale<br \/>\nT\u00f6\u00f6temperatuuri vahemik: -20 kuni +60\u00b0C<br \/>\nTootekood: 3S400<br \/>\nKaal ilma kinnituseta: 140 kg<br \/>\n<strong>Eeldatav tarneaeg 2-3 n\u00e4dalat<\/strong><br \/>\n[embed]https:\/\/youtu.be\/XZ830Sz2IEg?si=b9TUoquuuDxSdBrL[\/embed]<\/p>\n","protected":false},"featured_media":29026,"template":"","meta":{"inline_featured_image":false},"product_cat":[1090,886],"product_tag":[3370,888,3181,3369,887,3017],"class_list":{"0":"post-28985","1":"product","2":"type-product","3":"status-publish","4":"has-post-thumbnail","6":"product_brand-remet-cnc-technology","7":"product_cat-ehitustehnika","8":"product_cat-miniekskavaatorid","9":"product_tag-3s400","10":"product_tag-ekskavaator","11":"product_tag-hudrauliline-puulohkuja","12":"product_tag-hudrauliline-puulohkuja-ekskavaatorile-s400","13":"product_tag-miniekskavaator","14":"product_tag-remet-cnc-technology","16":"first","17":"instock","18":"taxable","19":"shipping-taxable","20":"purchasable","21":"product-type-simple"},"yoast_head":"<!-- This site is optimized with the Yoast SEO plugin v27.4 - https:\/\/yoast.com\/product\/yoast-seo-wordpress\/ -->\n<title>H\u00fcdrauliline puul\u00f5hkuja ekskavaatorile S400<\/title>\n<meta name=\"description\" content=\"H\u00fcdrauliline puul\u00f5hkuja ekskavaatorile S400 Seda h\u00fcdraulilist puul\u00f5hkujat iseloomustab suur vastupidavus ja kahjustuskindlus.\" \/>\n<meta name=\"robots\" content=\"index, follow, max-snippet:-1, max-image-preview:large, max-video-preview:-1\" \/>\n<link rel=\"canonical\" href=\"https:\/\/ranoja.ee\/toode\/hudrauliline-puulohkuja-ekskavaatorile-s400\/\" \/>\n<meta property=\"og:locale\" content=\"en_US\" \/>\n<meta property=\"og:type\" content=\"article\" \/>\n<meta property=\"og:title\" content=\"H\u00fcdrauliline puul\u00f5hkuja ekskavaatorile S400\" \/>\n<meta property=\"og:description\" content=\"H\u00fcdrauliline puul\u00f5hkuja ekskavaatorile S400 Seda h\u00fcdraulilist puul\u00f5hkujat iseloomustab suur vastupidavus ja kahjustuskindlus.\" \/>\n<meta property=\"og:url\" content=\"https:\/\/ranoja.ee\/toode\/hudrauliline-puulohkuja-ekskavaatorile-s400\/\" \/>\n<meta property=\"og:site_name\" content=\"Ranoja\" \/>\n<meta property=\"article:publisher\" content=\"https:\/\/www.facebook.com\/ranoja.ee\" \/>\n<meta property=\"article:modified_time\" content=\"2026-01-30T07:00:22+00:00\" \/>\n<meta property=\"og:image\" content=\"https:\/\/ranoja.ee\/wp-content\/uploads\/2026\/01\/Hudrauliline-puulohkuja-ekskavaatorile-S400.png\" \/>\n\t<meta property=\"og:image:width\" content=\"800\" \/>\n\t<meta property=\"og:image:height\" content=\"800\" \/>\n\t<meta property=\"og:image:type\" content=\"image\/png\" \/>\n<meta name=\"twitter:card\" content=\"summary_large_image\" \/>\n<meta name=\"twitter:label1\" content=\"Est. reading time\" \/>\n\t<meta name=\"twitter:data1\" content=\"1 minute\" \/>\n<script type=\"application\/ld+json\" class=\"yoast-schema-graph\">{\"@context\":\"https:\\\/\\\/schema.org\",\"@graph\":[{\"@type\":\"WebPage\",\"@id\":\"https:\\\/\\\/ranoja.ee\\\/toode\\\/hudrauliline-puulohkuja-ekskavaatorile-s400\\\/\",\"url\":\"https:\\\/\\\/ranoja.ee\\\/toode\\\/hudrauliline-puulohkuja-ekskavaatorile-s400\\\/\",\"name\":\"H\u00fcdrauliline puul\u00f5hkuja ekskavaatorile S400\",\"isPartOf\":{\"@id\":\"https:\\\/\\\/ranoja.ee\\\/#website\"},\"primaryImageOfPage\":{\"@id\":\"https:\\\/\\\/ranoja.ee\\\/toode\\\/hudrauliline-puulohkuja-ekskavaatorile-s400\\\/#primaryimage\"},\"image\":{\"@id\":\"https:\\\/\\\/ranoja.ee\\\/toode\\\/hudrauliline-puulohkuja-ekskavaatorile-s400\\\/#primaryimage\"},\"thumbnailUrl\":\"https:\\\/\\\/ranoja.ee\\\/wp-content\\\/uploads\\\/2026\\\/01\\\/Hudrauliline-puulohkuja-ekskavaatorile-S400.png\",\"datePublished\":\"2026-01-29T14:32:45+00:00\",\"dateModified\":\"2026-01-30T07:00:22+00:00\",\"description\":\"H\u00fcdrauliline puul\u00f5hkuja ekskavaatorile S400 Seda h\u00fcdraulilist puul\u00f5hkujat iseloomustab suur vastupidavus ja kahjustuskindlus.\",\"breadcrumb\":{\"@id\":\"https:\\\/\\\/ranoja.ee\\\/toode\\\/hudrauliline-puulohkuja-ekskavaatorile-s400\\\/#breadcrumb\"},\"inLanguage\":\"en-US\",\"potentialAction\":[{\"@type\":\"ReadAction\",\"target\":[\"https:\\\/\\\/ranoja.ee\\\/toode\\\/hudrauliline-puulohkuja-ekskavaatorile-s400\\\/\"]}]},{\"@type\":\"ImageObject\",\"inLanguage\":\"en-US\",\"@id\":\"https:\\\/\\\/ranoja.ee\\\/toode\\\/hudrauliline-puulohkuja-ekskavaatorile-s400\\\/#primaryimage\",\"url\":\"https:\\\/\\\/ranoja.ee\\\/wp-content\\\/uploads\\\/2026\\\/01\\\/Hudrauliline-puulohkuja-ekskavaatorile-S400.png\",\"contentUrl\":\"https:\\\/\\\/ranoja.ee\\\/wp-content\\\/uploads\\\/2026\\\/01\\\/Hudrauliline-puulohkuja-ekskavaatorile-S400.png\",\"width\":800,\"height\":800,\"caption\":\"H\u00fcdrauliline puul\u00f5hkuja ekskavaatorile S400\"},{\"@type\":\"BreadcrumbList\",\"@id\":\"https:\\\/\\\/ranoja.ee\\\/toode\\\/hudrauliline-puulohkuja-ekskavaatorile-s400\\\/#breadcrumb\",\"itemListElement\":[{\"@type\":\"ListItem\",\"position\":1,\"name\":\"Home\",\"item\":\"https:\\\/\\\/ranoja.ee\\\/\"},{\"@type\":\"ListItem\",\"position\":2,\"name\":\"Shop\",\"item\":\"https:\\\/\\\/ranoja.ee\\\/en\\\/shop\\\/\"},{\"@type\":\"ListItem\",\"position\":3,\"name\":\"H\u00fcdrauliline puul\u00f5hkuja ekskavaatorile S400\"}]},{\"@type\":\"WebSite\",\"@id\":\"https:\\\/\\\/ranoja.ee\\\/#website\",\"url\":\"https:\\\/\\\/ranoja.ee\\\/\",\"name\":\"Ranoja\",\"description\":\"Equipment Shop WooCommerce WordPress Theme for Machine &amp; Tools\",\"publisher\":{\"@id\":\"https:\\\/\\\/ranoja.ee\\\/#organization\"},\"potentialAction\":[{\"@type\":\"SearchAction\",\"target\":{\"@type\":\"EntryPoint\",\"urlTemplate\":\"https:\\\/\\\/ranoja.ee\\\/?s={search_term_string}\"},\"query-input\":{\"@type\":\"PropertyValueSpecification\",\"valueRequired\":true,\"valueName\":\"search_term_string\"}}],\"inLanguage\":\"en-US\"},{\"@type\":\"Organization\",\"@id\":\"https:\\\/\\\/ranoja.ee\\\/#organization\",\"name\":\"Ranoja O\u00dc\",\"url\":\"https:\\\/\\\/ranoja.ee\\\/\",\"logo\":{\"@type\":\"ImageObject\",\"inLanguage\":\"en-US\",\"@id\":\"https:\\\/\\\/ranoja.ee\\\/#\\\/schema\\\/logo\\\/image\\\/\",\"url\":\"https:\\\/\\\/ranoja.ee\\\/wp-content\\\/uploads\\\/2023\\\/11\\\/ranoja-Logo.png\",\"contentUrl\":\"https:\\\/\\\/ranoja.ee\\\/wp-content\\\/uploads\\\/2023\\\/11\\\/ranoja-Logo.png\",\"width\":207,\"height\":58,\"caption\":\"Ranoja O\u00dc\"},\"image\":{\"@id\":\"https:\\\/\\\/ranoja.ee\\\/#\\\/schema\\\/logo\\\/image\\\/\"},\"sameAs\":[\"https:\\\/\\\/www.facebook.com\\\/ranoja.ee\",\"https:\\\/\\\/www.instagram.com\\\/ranoja__\\\/\"]}]}<\/script>\n<!-- \/ Yoast SEO plugin. -->","yoast_head_json":{"title":"H\u00fcdrauliline puul\u00f5hkuja ekskavaatorile S400","description":"H\u00fcdrauliline puul\u00f5hkuja ekskavaatorile S400 Seda h\u00fcdraulilist puul\u00f5hkujat iseloomustab suur vastupidavus ja kahjustuskindlus.","robots":{"index":"index","follow":"follow","max-snippet":"max-snippet:-1","max-image-preview":"max-image-preview:large","max-video-preview":"max-video-preview:-1"},"canonical":"https:\/\/ranoja.ee\/toode\/hudrauliline-puulohkuja-ekskavaatorile-s400\/","og_locale":"en_US","og_type":"article","og_title":"H\u00fcdrauliline puul\u00f5hkuja ekskavaatorile S400","og_description":"H\u00fcdrauliline puul\u00f5hkuja ekskavaatorile S400 Seda h\u00fcdraulilist puul\u00f5hkujat iseloomustab suur vastupidavus ja kahjustuskindlus.","og_url":"https:\/\/ranoja.ee\/toode\/hudrauliline-puulohkuja-ekskavaatorile-s400\/","og_site_name":"Ranoja","article_publisher":"https:\/\/www.facebook.com\/ranoja.ee","article_modified_time":"2026-01-30T07:00:22+00:00","og_image":[{"width":800,"height":800,"url":"https:\/\/ranoja.ee\/wp-content\/uploads\/2026\/01\/Hudrauliline-puulohkuja-ekskavaatorile-S400.png","type":"image\/png"}],"twitter_card":"summary_large_image","twitter_misc":{"Est. reading time":"1 minute"},"schema":{"@context":"https:\/\/schema.org","@graph":[{"@type":"WebPage","@id":"https:\/\/ranoja.ee\/toode\/hudrauliline-puulohkuja-ekskavaatorile-s400\/","url":"https:\/\/ranoja.ee\/toode\/hudrauliline-puulohkuja-ekskavaatorile-s400\/","name":"H\u00fcdrauliline puul\u00f5hkuja ekskavaatorile S400","isPartOf":{"@id":"https:\/\/ranoja.ee\/#website"},"primaryImageOfPage":{"@id":"https:\/\/ranoja.ee\/toode\/hudrauliline-puulohkuja-ekskavaatorile-s400\/#primaryimage"},"image":{"@id":"https:\/\/ranoja.ee\/toode\/hudrauliline-puulohkuja-ekskavaatorile-s400\/#primaryimage"},"thumbnailUrl":"https:\/\/ranoja.ee\/wp-content\/uploads\/2026\/01\/Hudrauliline-puulohkuja-ekskavaatorile-S400.png","datePublished":"2026-01-29T14:32:45+00:00","dateModified":"2026-01-30T07:00:22+00:00","description":"H\u00fcdrauliline puul\u00f5hkuja ekskavaatorile S400 Seda h\u00fcdraulilist puul\u00f5hkujat iseloomustab suur vastupidavus ja kahjustuskindlus.","breadcrumb":{"@id":"https:\/\/ranoja.ee\/toode\/hudrauliline-puulohkuja-ekskavaatorile-s400\/#breadcrumb"},"inLanguage":"en-US","potentialAction":[{"@type":"ReadAction","target":["https:\/\/ranoja.ee\/toode\/hudrauliline-puulohkuja-ekskavaatorile-s400\/"]}]},{"@type":"ImageObject","inLanguage":"en-US","@id":"https:\/\/ranoja.ee\/toode\/hudrauliline-puulohkuja-ekskavaatorile-s400\/#primaryimage","url":"https:\/\/ranoja.ee\/wp-content\/uploads\/2026\/01\/Hudrauliline-puulohkuja-ekskavaatorile-S400.png","contentUrl":"https:\/\/ranoja.ee\/wp-content\/uploads\/2026\/01\/Hudrauliline-puulohkuja-ekskavaatorile-S400.png","width":800,"height":800,"caption":"H\u00fcdrauliline puul\u00f5hkuja ekskavaatorile S400"},{"@type":"BreadcrumbList","@id":"https:\/\/ranoja.ee\/toode\/hudrauliline-puulohkuja-ekskavaatorile-s400\/#breadcrumb","itemListElement":[{"@type":"ListItem","position":1,"name":"Home","item":"https:\/\/ranoja.ee\/"},{"@type":"ListItem","position":2,"name":"Shop","item":"https:\/\/ranoja.ee\/en\/shop\/"},{"@type":"ListItem","position":3,"name":"H\u00fcdrauliline puul\u00f5hkuja ekskavaatorile S400"}]},{"@type":"WebSite","@id":"https:\/\/ranoja.ee\/#website","url":"https:\/\/ranoja.ee\/","name":"Ranoja","description":"Equipment Shop WooCommerce WordPress Theme for Machine &amp; Tools","publisher":{"@id":"https:\/\/ranoja.ee\/#organization"},"potentialAction":[{"@type":"SearchAction","target":{"@type":"EntryPoint","urlTemplate":"https:\/\/ranoja.ee\/?s={search_term_string}"},"query-input":{"@type":"PropertyValueSpecification","valueRequired":true,"valueName":"search_term_string"}}],"inLanguage":"en-US"},{"@type":"Organization","@id":"https:\/\/ranoja.ee\/#organization","name":"Ranoja O\u00dc","url":"https:\/\/ranoja.ee\/","logo":{"@type":"ImageObject","inLanguage":"en-US","@id":"https:\/\/ranoja.ee\/#\/schema\/logo\/image\/","url":"https:\/\/ranoja.ee\/wp-content\/uploads\/2023\/11\/ranoja-Logo.png","contentUrl":"https:\/\/ranoja.ee\/wp-content\/uploads\/2023\/11\/ranoja-Logo.png","width":207,"height":58,"caption":"Ranoja O\u00dc"},"image":{"@id":"https:\/\/ranoja.ee\/#\/schema\/logo\/image\/"},"sameAs":["https:\/\/www.facebook.com\/ranoja.ee","https:\/\/www.instagram.com\/ranoja__\/"]}]}},"_links":{"self":[{"href":"https:\/\/ranoja.ee\/en\/wp-json\/wp\/v2\/product\/28985","targetHints":{"allow":["GET"]}}],"collection":[{"href":"https:\/\/ranoja.ee\/en\/wp-json\/wp\/v2\/product"}],"about":[{"href":"https:\/\/ranoja.ee\/en\/wp-json\/wp\/v2\/types\/product"}],"wp:featuredmedia":[{"embeddable":true,"href":"https:\/\/ranoja.ee\/en\/wp-json\/wp\/v2\/media\/29026"}],"wp:attachment":[{"href":"https:\/\/ranoja.ee\/en\/wp-json\/wp\/v2\/media?parent=28985"}],"wp:term":[{"taxonomy":"product_cat","embeddable":true,"href":"https:\/\/ranoja.ee\/en\/wp-json\/wp\/v2\/product_cat?post=28985"},{"taxonomy":"product_tag","embeddable":true,"href":"https:\/\/ranoja.ee\/en\/wp-json\/wp\/v2\/product_tag?post=28985"}],"curies":[{"name":"wp","href":"https:\/\/api.w.org\/{rel}","templated":true}]}}