{"id":28836,"date":"2026-01-28T14:32:19","date_gmt":"2026-01-28T11:32:19","guid":{"rendered":"https:\/\/ranoja.ee\/?post_type=product&#038;p=28836"},"modified":"2026-01-28T14:42:55","modified_gmt":"2026-01-28T11:42:55","slug":"hoordesiduriga-kardaan-8c-nuudiga-2500-nm","status":"publish","type":"product","link":"https:\/\/ranoja.ee\/en\/toode\/hoordesiduriga-kardaan-8c-nuudiga-2500-nm\/","title":{"rendered":"H\u00f5\u00f5rdesiduriga kardaan 8C nuudiga 2500 Nm"},"content":{"rendered":"<p>H\u00f5\u00f5rdesiduriga kardaan 8C nuudiga 2500 Nm <\/p>\n<p>Selle kardaani erip\u00e4raks on h\u00f5\u00f5rdesidur, mis asub kardaani sees ning toimib nagu libisev kaitsemehhanism. Kui traktori ja t\u00f6\u00f6seadme vahel tekib ootamatult suur koormus. N\u00e4iteks masin j\u00e4\u00e4b kinni v\u00f5i puutub kokku takistusega, siis h\u00f5\u00f5rdesidur libiseb kontrollitud viisil, v\u00e4hendades \u00fclekoormusest tingitud pinget, selle asemel et j\u00f5ud saaks masinate konstruktsiooni kahjustada.<\/p>\n<p>T\u00e4nu sellele lubab REMET CNC TECHNOLOGY h\u00f5\u00f5rdesiduriga kardaan sujuvamat ja pehmemat j\u00f5u\u00fclekannet kui traditsioonilised kaitselahendused, mis purunevad. N\u00e4iteks poltsidurid. H\u00f5\u00f5rdesidur annab j\u00e4rele vaid niipalju kui vaja, v\u00f5imaldades masinal j\u00e4tkata t\u00f6\u00f6d ilma j\u00e4rskude peatusteta. See omadus on eriti v\u00e4\u00e4rtuslik muutuva koormusega t\u00f6\u00f6tingimustes, kus pidev peatamine ja poltide vahetamine v\u00e4hendaks t\u00f6\u00f6 efektiivsust ja t\u00f5staks hoolduskulusid.<\/p>\n<p>Kardaan on valmistatud k\u00f5rgekvaliteedilistest materjalidest ning CNC-tehnoloogial p\u00f5hinevate komponentidega, mis tagavad vastupidavuse, tasakaalustatud p\u00f6\u00f6rlemise ja pika t\u00f6\u00f6ea. H\u00f5\u00f5rdesiduriga kardaan on eriti sobiv masinatele, mis t\u00f6\u00f6tavad eba\u00fchtlaste koormustega, n\u00e4iteks niidukid, hekseldid, purustajad, freesid, konveierid ja muud p\u00f5llumajandus- v\u00f5i aiat\u00f6\u00f6riistad. See valik aitab ennetada kulumist ning hoida seisakuid minimaalsena.<\/p>\n<p>H\u00f5\u00f5rdesiduriga kardaan 8C nuudiga 2500 Nm <\/p>\n","protected":false},"excerpt":{"rendered":"<p>H\u00f5\u00f5rdesiduriga kardaan 8C nuudiga 2500 Nm<br \/>\nMaksimaalne p\u00f6\u00f6rdemoment: 2500 Nm<br \/>\nNuutide arv ja t\u00fc\u00fcp: M\u00f5lemas otsas kaheksa nuuti, 8C<br \/>\nTootekood: 9C8<br \/>\nKardaan sobib PTO puiduhakkuritele RP-200<br \/>\n<strong>Eeldatav tarneaeg 2-3 n\u00e4dalat<\/strong><\/p>\n","protected":false},"featured_media":28843,"template":"","meta":{"inline_featured_image":false},"product_cat":[3323,1123],"product_tag":[3039,3341,3333,3340,3325,3324,3017,3037],"class_list":{"0":"post-28836","1":"product","2":"type-product","3":"status-publish","4":"has-post-thumbnail","6":"product_brand-remet-cnc-technology","7":"product_cat-kardaanid","8":"product_cat-varuosad","9":"product_tag-4rp200","10":"product_tag-9c8","11":"product_tag-hoordesiduriga-kardaan","12":"product_tag-hoordesiduriga-kardaan-8c-nuudiga-2500-nm","13":"product_tag-kardaan","14":"product_tag-kardaanid","15":"product_tag-remet-cnc-technology","16":"product_tag-rp-200","18":"first","19":"instock","20":"taxable","21":"shipping-taxable","22":"purchasable","23":"product-type-simple"},"yoast_head":"<!-- This site is optimized with the Yoast SEO plugin v27.4 - https:\/\/yoast.com\/product\/yoast-seo-wordpress\/ -->\n<title>H\u00f5\u00f5rdesiduriga kardaan 8C nuudiga 2500 Nm<\/title>\n<meta name=\"description\" content=\"H\u00f5\u00f5rdesiduriga kardaan 8C nuudiga 2500 Nm H\u00f5\u00f5rdesidur annab j\u00e4rele vaid niipalju kui vaja, v\u00f5imaldades masinal j\u00e4tkata t\u00f6\u00f6d ilma j\u00e4rskude peatusteta.\" \/>\n<meta name=\"robots\" content=\"index, follow, max-snippet:-1, max-image-preview:large, max-video-preview:-1\" \/>\n<link rel=\"canonical\" href=\"https:\/\/ranoja.ee\/toode\/hoordesiduriga-kardaan-8c-nuudiga-2500-nm\/\" \/>\n<meta property=\"og:locale\" content=\"en_US\" \/>\n<meta property=\"og:type\" content=\"article\" \/>\n<meta property=\"og:title\" content=\"H\u00f5\u00f5rdesiduriga kardaan 8C nuudiga 2500 Nm\" \/>\n<meta property=\"og:description\" content=\"H\u00f5\u00f5rdesiduriga kardaan 8C nuudiga 2500 Nm H\u00f5\u00f5rdesidur annab j\u00e4rele vaid niipalju kui vaja, v\u00f5imaldades masinal j\u00e4tkata t\u00f6\u00f6d ilma j\u00e4rskude peatusteta.\" \/>\n<meta property=\"og:url\" content=\"https:\/\/ranoja.ee\/toode\/hoordesiduriga-kardaan-8c-nuudiga-2500-nm\/\" \/>\n<meta property=\"og:site_name\" content=\"Ranoja\" \/>\n<meta property=\"article:publisher\" content=\"https:\/\/www.facebook.com\/ranoja.ee\" \/>\n<meta property=\"article:modified_time\" content=\"2026-01-28T11:42:55+00:00\" \/>\n<meta property=\"og:image\" content=\"https:\/\/ranoja.ee\/wp-content\/uploads\/2026\/01\/Hoordesiduriga-kardaan-8C-nuudiga-2500-Nm.png\" \/>\n\t<meta property=\"og:image:width\" content=\"458\" \/>\n\t<meta property=\"og:image:height\" content=\"458\" \/>\n\t<meta property=\"og:image:type\" content=\"image\/png\" \/>\n<meta name=\"twitter:card\" content=\"summary_large_image\" \/>\n<meta name=\"twitter:label1\" content=\"Est. reading time\" \/>\n\t<meta name=\"twitter:data1\" content=\"2 minutes\" \/>\n<script type=\"application\/ld+json\" class=\"yoast-schema-graph\">{\"@context\":\"https:\\\/\\\/schema.org\",\"@graph\":[{\"@type\":\"WebPage\",\"@id\":\"https:\\\/\\\/ranoja.ee\\\/toode\\\/hoordesiduriga-kardaan-8c-nuudiga-2500-nm\\\/\",\"url\":\"https:\\\/\\\/ranoja.ee\\\/toode\\\/hoordesiduriga-kardaan-8c-nuudiga-2500-nm\\\/\",\"name\":\"H\u00f5\u00f5rdesiduriga kardaan 8C nuudiga 2500 Nm\",\"isPartOf\":{\"@id\":\"https:\\\/\\\/ranoja.ee\\\/#website\"},\"primaryImageOfPage\":{\"@id\":\"https:\\\/\\\/ranoja.ee\\\/toode\\\/hoordesiduriga-kardaan-8c-nuudiga-2500-nm\\\/#primaryimage\"},\"image\":{\"@id\":\"https:\\\/\\\/ranoja.ee\\\/toode\\\/hoordesiduriga-kardaan-8c-nuudiga-2500-nm\\\/#primaryimage\"},\"thumbnailUrl\":\"https:\\\/\\\/ranoja.ee\\\/wp-content\\\/uploads\\\/2026\\\/01\\\/Hoordesiduriga-kardaan-8C-nuudiga-2500-Nm.png\",\"datePublished\":\"2026-01-28T11:32:19+00:00\",\"dateModified\":\"2026-01-28T11:42:55+00:00\",\"description\":\"H\u00f5\u00f5rdesiduriga kardaan 8C nuudiga 2500 Nm H\u00f5\u00f5rdesidur annab j\u00e4rele vaid niipalju kui vaja, v\u00f5imaldades masinal j\u00e4tkata t\u00f6\u00f6d ilma j\u00e4rskude peatusteta.\",\"breadcrumb\":{\"@id\":\"https:\\\/\\\/ranoja.ee\\\/toode\\\/hoordesiduriga-kardaan-8c-nuudiga-2500-nm\\\/#breadcrumb\"},\"inLanguage\":\"en-US\",\"potentialAction\":[{\"@type\":\"ReadAction\",\"target\":[\"https:\\\/\\\/ranoja.ee\\\/toode\\\/hoordesiduriga-kardaan-8c-nuudiga-2500-nm\\\/\"]}]},{\"@type\":\"ImageObject\",\"inLanguage\":\"en-US\",\"@id\":\"https:\\\/\\\/ranoja.ee\\\/toode\\\/hoordesiduriga-kardaan-8c-nuudiga-2500-nm\\\/#primaryimage\",\"url\":\"https:\\\/\\\/ranoja.ee\\\/wp-content\\\/uploads\\\/2026\\\/01\\\/Hoordesiduriga-kardaan-8C-nuudiga-2500-Nm.png\",\"contentUrl\":\"https:\\\/\\\/ranoja.ee\\\/wp-content\\\/uploads\\\/2026\\\/01\\\/Hoordesiduriga-kardaan-8C-nuudiga-2500-Nm.png\",\"width\":458,\"height\":458,\"caption\":\"H\u00f5\u00f5rdesiduriga kardaan 8C nuudiga 2500 Nm\"},{\"@type\":\"BreadcrumbList\",\"@id\":\"https:\\\/\\\/ranoja.ee\\\/toode\\\/hoordesiduriga-kardaan-8c-nuudiga-2500-nm\\\/#breadcrumb\",\"itemListElement\":[{\"@type\":\"ListItem\",\"position\":1,\"name\":\"Home\",\"item\":\"https:\\\/\\\/ranoja.ee\\\/\"},{\"@type\":\"ListItem\",\"position\":2,\"name\":\"Shop\",\"item\":\"https:\\\/\\\/ranoja.ee\\\/en\\\/shop\\\/\"},{\"@type\":\"ListItem\",\"position\":3,\"name\":\"H\u00f5\u00f5rdesiduriga kardaan 8C nuudiga 2500 Nm\"}]},{\"@type\":\"WebSite\",\"@id\":\"https:\\\/\\\/ranoja.ee\\\/#website\",\"url\":\"https:\\\/\\\/ranoja.ee\\\/\",\"name\":\"Ranoja\",\"description\":\"Equipment Shop WooCommerce WordPress Theme for Machine &amp; Tools\",\"publisher\":{\"@id\":\"https:\\\/\\\/ranoja.ee\\\/#organization\"},\"potentialAction\":[{\"@type\":\"SearchAction\",\"target\":{\"@type\":\"EntryPoint\",\"urlTemplate\":\"https:\\\/\\\/ranoja.ee\\\/?s={search_term_string}\"},\"query-input\":{\"@type\":\"PropertyValueSpecification\",\"valueRequired\":true,\"valueName\":\"search_term_string\"}}],\"inLanguage\":\"en-US\"},{\"@type\":\"Organization\",\"@id\":\"https:\\\/\\\/ranoja.ee\\\/#organization\",\"name\":\"Ranoja O\u00dc\",\"url\":\"https:\\\/\\\/ranoja.ee\\\/\",\"logo\":{\"@type\":\"ImageObject\",\"inLanguage\":\"en-US\",\"@id\":\"https:\\\/\\\/ranoja.ee\\\/#\\\/schema\\\/logo\\\/image\\\/\",\"url\":\"https:\\\/\\\/ranoja.ee\\\/wp-content\\\/uploads\\\/2023\\\/11\\\/ranoja-Logo.png\",\"contentUrl\":\"https:\\\/\\\/ranoja.ee\\\/wp-content\\\/uploads\\\/2023\\\/11\\\/ranoja-Logo.png\",\"width\":207,\"height\":58,\"caption\":\"Ranoja O\u00dc\"},\"image\":{\"@id\":\"https:\\\/\\\/ranoja.ee\\\/#\\\/schema\\\/logo\\\/image\\\/\"},\"sameAs\":[\"https:\\\/\\\/www.facebook.com\\\/ranoja.ee\",\"https:\\\/\\\/www.instagram.com\\\/ranoja__\\\/\"]}]}<\/script>\n<!-- \/ Yoast SEO plugin. -->","yoast_head_json":{"title":"H\u00f5\u00f5rdesiduriga kardaan 8C nuudiga 2500 Nm","description":"H\u00f5\u00f5rdesiduriga kardaan 8C nuudiga 2500 Nm H\u00f5\u00f5rdesidur annab j\u00e4rele vaid niipalju kui vaja, v\u00f5imaldades masinal j\u00e4tkata t\u00f6\u00f6d ilma j\u00e4rskude peatusteta.","robots":{"index":"index","follow":"follow","max-snippet":"max-snippet:-1","max-image-preview":"max-image-preview:large","max-video-preview":"max-video-preview:-1"},"canonical":"https:\/\/ranoja.ee\/toode\/hoordesiduriga-kardaan-8c-nuudiga-2500-nm\/","og_locale":"en_US","og_type":"article","og_title":"H\u00f5\u00f5rdesiduriga kardaan 8C nuudiga 2500 Nm","og_description":"H\u00f5\u00f5rdesiduriga kardaan 8C nuudiga 2500 Nm H\u00f5\u00f5rdesidur annab j\u00e4rele vaid niipalju kui vaja, v\u00f5imaldades masinal j\u00e4tkata t\u00f6\u00f6d ilma j\u00e4rskude peatusteta.","og_url":"https:\/\/ranoja.ee\/toode\/hoordesiduriga-kardaan-8c-nuudiga-2500-nm\/","og_site_name":"Ranoja","article_publisher":"https:\/\/www.facebook.com\/ranoja.ee","article_modified_time":"2026-01-28T11:42:55+00:00","og_image":[{"width":458,"height":458,"url":"https:\/\/ranoja.ee\/wp-content\/uploads\/2026\/01\/Hoordesiduriga-kardaan-8C-nuudiga-2500-Nm.png","type":"image\/png"}],"twitter_card":"summary_large_image","twitter_misc":{"Est. reading time":"2 minutes"},"schema":{"@context":"https:\/\/schema.org","@graph":[{"@type":"WebPage","@id":"https:\/\/ranoja.ee\/toode\/hoordesiduriga-kardaan-8c-nuudiga-2500-nm\/","url":"https:\/\/ranoja.ee\/toode\/hoordesiduriga-kardaan-8c-nuudiga-2500-nm\/","name":"H\u00f5\u00f5rdesiduriga kardaan 8C nuudiga 2500 Nm","isPartOf":{"@id":"https:\/\/ranoja.ee\/#website"},"primaryImageOfPage":{"@id":"https:\/\/ranoja.ee\/toode\/hoordesiduriga-kardaan-8c-nuudiga-2500-nm\/#primaryimage"},"image":{"@id":"https:\/\/ranoja.ee\/toode\/hoordesiduriga-kardaan-8c-nuudiga-2500-nm\/#primaryimage"},"thumbnailUrl":"https:\/\/ranoja.ee\/wp-content\/uploads\/2026\/01\/Hoordesiduriga-kardaan-8C-nuudiga-2500-Nm.png","datePublished":"2026-01-28T11:32:19+00:00","dateModified":"2026-01-28T11:42:55+00:00","description":"H\u00f5\u00f5rdesiduriga kardaan 8C nuudiga 2500 Nm H\u00f5\u00f5rdesidur annab j\u00e4rele vaid niipalju kui vaja, v\u00f5imaldades masinal j\u00e4tkata t\u00f6\u00f6d ilma j\u00e4rskude peatusteta.","breadcrumb":{"@id":"https:\/\/ranoja.ee\/toode\/hoordesiduriga-kardaan-8c-nuudiga-2500-nm\/#breadcrumb"},"inLanguage":"en-US","potentialAction":[{"@type":"ReadAction","target":["https:\/\/ranoja.ee\/toode\/hoordesiduriga-kardaan-8c-nuudiga-2500-nm\/"]}]},{"@type":"ImageObject","inLanguage":"en-US","@id":"https:\/\/ranoja.ee\/toode\/hoordesiduriga-kardaan-8c-nuudiga-2500-nm\/#primaryimage","url":"https:\/\/ranoja.ee\/wp-content\/uploads\/2026\/01\/Hoordesiduriga-kardaan-8C-nuudiga-2500-Nm.png","contentUrl":"https:\/\/ranoja.ee\/wp-content\/uploads\/2026\/01\/Hoordesiduriga-kardaan-8C-nuudiga-2500-Nm.png","width":458,"height":458,"caption":"H\u00f5\u00f5rdesiduriga kardaan 8C nuudiga 2500 Nm"},{"@type":"BreadcrumbList","@id":"https:\/\/ranoja.ee\/toode\/hoordesiduriga-kardaan-8c-nuudiga-2500-nm\/#breadcrumb","itemListElement":[{"@type":"ListItem","position":1,"name":"Home","item":"https:\/\/ranoja.ee\/"},{"@type":"ListItem","position":2,"name":"Shop","item":"https:\/\/ranoja.ee\/en\/shop\/"},{"@type":"ListItem","position":3,"name":"H\u00f5\u00f5rdesiduriga kardaan 8C nuudiga 2500 Nm"}]},{"@type":"WebSite","@id":"https:\/\/ranoja.ee\/#website","url":"https:\/\/ranoja.ee\/","name":"Ranoja","description":"Equipment Shop WooCommerce WordPress Theme for Machine &amp; Tools","publisher":{"@id":"https:\/\/ranoja.ee\/#organization"},"potentialAction":[{"@type":"SearchAction","target":{"@type":"EntryPoint","urlTemplate":"https:\/\/ranoja.ee\/?s={search_term_string}"},"query-input":{"@type":"PropertyValueSpecification","valueRequired":true,"valueName":"search_term_string"}}],"inLanguage":"en-US"},{"@type":"Organization","@id":"https:\/\/ranoja.ee\/#organization","name":"Ranoja O\u00dc","url":"https:\/\/ranoja.ee\/","logo":{"@type":"ImageObject","inLanguage":"en-US","@id":"https:\/\/ranoja.ee\/#\/schema\/logo\/image\/","url":"https:\/\/ranoja.ee\/wp-content\/uploads\/2023\/11\/ranoja-Logo.png","contentUrl":"https:\/\/ranoja.ee\/wp-content\/uploads\/2023\/11\/ranoja-Logo.png","width":207,"height":58,"caption":"Ranoja O\u00dc"},"image":{"@id":"https:\/\/ranoja.ee\/#\/schema\/logo\/image\/"},"sameAs":["https:\/\/www.facebook.com\/ranoja.ee","https:\/\/www.instagram.com\/ranoja__\/"]}]}},"_links":{"self":[{"href":"https:\/\/ranoja.ee\/en\/wp-json\/wp\/v2\/product\/28836","targetHints":{"allow":["GET"]}}],"collection":[{"href":"https:\/\/ranoja.ee\/en\/wp-json\/wp\/v2\/product"}],"about":[{"href":"https:\/\/ranoja.ee\/en\/wp-json\/wp\/v2\/types\/product"}],"wp:featuredmedia":[{"embeddable":true,"href":"https:\/\/ranoja.ee\/en\/wp-json\/wp\/v2\/media\/28843"}],"wp:attachment":[{"href":"https:\/\/ranoja.ee\/en\/wp-json\/wp\/v2\/media?parent=28836"}],"wp:term":[{"taxonomy":"product_cat","embeddable":true,"href":"https:\/\/ranoja.ee\/en\/wp-json\/wp\/v2\/product_cat?post=28836"},{"taxonomy":"product_tag","embeddable":true,"href":"https:\/\/ranoja.ee\/en\/wp-json\/wp\/v2\/product_tag?post=28836"}],"curies":[{"name":"wp","href":"https:\/\/api.w.org\/{rel}","templated":true}]}}