{"id":28792,"date":"2026-01-28T12:12:21","date_gmt":"2026-01-28T09:12:21","guid":{"rendered":"https:\/\/ranoja.ee\/?post_type=product&#038;p=28792"},"modified":"2026-01-28T12:12:22","modified_gmt":"2026-01-28T09:12:22","slug":"poltsiduriga-kardaan-nelja-nuudiga-1400-nm","status":"publish","type":"product","link":"https:\/\/ranoja.ee\/en\/toode\/poltsiduriga-kardaan-nelja-nuudiga-1400-nm\/","title":{"rendered":"Poltsiduriga kardaan nelja nuudiga 1400 Nm"},"content":{"rendered":"<p>Poltsiduriga kardaan nelja nuudiga 1400 Nm<\/p>\n<p>Selle kardaani erip\u00e4raks on poltsidur kaitsemehhanism. Kui j\u00f5u\u00fclekanne koormuse all muutub liiga suureks v\u00f5i tekib takistus. N\u00e4iteks masin j\u00e4\u00e4b kinni v\u00f5i puutub kokku takistusega, siis puruneb ette n\u00e4htud polt v\u00f5i kinnitus, katkestades j\u00f5u\u00fclekande. See ei lase \u00fclekoormusel kahjustada kallist kardaani v\u00f5i traktori \u00fclekandes\u00fcsteemi. P\u00e4rast sellist olukorda tuleb lihtsalt purunenud polt asendada uuega ja t\u00f6\u00f6 saab j\u00e4tkuda, mis on oluliselt lihtsam ning odavam kui suuremate komponentide remont.<\/p>\n<p>Poltsiduriga kardaan leiab laialdast kasutust k\u00f5ikjal, kus on vaja kanda traktori j\u00f5uv\u00f5tuv\u00f5llilt p\u00f6\u00f6rdemoment ohutult ja kontrollitult edasi t\u00f6\u00f6masinasse. Seda t\u00fc\u00fcpi kardaan on eriti hinnatud t\u00f6\u00f6tingimustes, kus koormused v\u00f5ivad olla eba\u00fchtlased. Ning kus esineb ootamatuid takistusi, mis v\u00f5ivad p\u00f5hjustada \u00fclekoormust. T\u00e4nu poltsiduriga kaitsele sobib see lahendus masinatele, mis t\u00f6\u00f6tavad vahelduva koormusega ning kus seadme seiskumine v\u00f5i kinnij\u00e4\u00e4mine on t\u00f5en\u00e4oline.<\/p>\n<p>Kokkuv\u00f5ttes on REMET CNC TECHNOLOGY poltsiduriga kardaan usaldusv\u00e4\u00e4rne ja turvaline lahendus, mis tagab t\u00f5husa j\u00f5u\u00fclekande traktori ja t\u00f6\u00f6masina vahel, kaitstes masinaid \u00fclekoormuse ja kahjustuste eest ning v\u00f5imaldades lihtsat hooldust ja kiiret remonti igap\u00e4evases t\u00f6\u00f6s.<\/p>\n<p>Poltsiduriga kardaan nelja nuudiga 1400 Nm<\/p>\n","protected":false},"excerpt":{"rendered":"<p>Poltsiduriga kardaan nelja nuudiga 1400 Nm<br \/>\nMaksimaalne p\u00f6\u00f6rdemoment: 1400 Nm<br \/>\nNuutide arv: M\u00f5lemas otsas neli nuuti<br \/>\nTootekood: 9A4<br \/>\nKardaan sobib PTO oksapurustajatele RT-630 ja RT-630R ning<br \/>\nPTO puiduhakkuritele R-60 ja R-80<br \/>\n<strong>Eeldatav tarneaeg 2-3 n\u00e4dalat<\/strong><\/p>\n","protected":false},"featured_media":28804,"template":"","meta":{"inline_featured_image":false},"product_cat":[3323,1123],"product_tag":[3326,3325,3324,3327,3328,3329,3017,3134,3137],"class_list":{"0":"post-28792","1":"product","2":"type-product","3":"status-publish","4":"has-post-thumbnail","6":"product_brand-remet-cnc-technology","7":"product_cat-kardaanid","8":"product_cat-varuosad","9":"product_tag-9a4","10":"product_tag-kardaan","11":"product_tag-kardaanid","12":"product_tag-poltsiduriga-kardaan-nelja-nuudiga-1400-nm","13":"product_tag-r-60","14":"product_tag-r-80","15":"product_tag-remet-cnc-technology","16":"product_tag-rt-630","17":"product_tag-rt-630r","19":"first","20":"instock","21":"taxable","22":"shipping-taxable","23":"purchasable","24":"product-type-simple"},"yoast_head":"<!-- This site is optimized with the Yoast SEO plugin v27.4 - https:\/\/yoast.com\/product\/yoast-seo-wordpress\/ -->\n<title>Poltsiduriga kardaan nelja nuudiga 1400 Nm<\/title>\n<meta name=\"description\" content=\"Poltsiduriga kardaan nelja nuudiga 1400 Nm Seda t\u00fc\u00fcpi kardaan on eriti hinnatud t\u00f6\u00f6tingimustes, kus koormused v\u00f5ivad olla eba\u00fchtlased.\" \/>\n<meta name=\"robots\" content=\"index, follow, max-snippet:-1, max-image-preview:large, max-video-preview:-1\" \/>\n<link rel=\"canonical\" href=\"https:\/\/ranoja.ee\/toode\/poltsiduriga-kardaan-nelja-nuudiga-1400-nm\/\" \/>\n<meta property=\"og:locale\" content=\"en_US\" \/>\n<meta property=\"og:type\" content=\"article\" \/>\n<meta property=\"og:title\" content=\"Poltsiduriga kardaan nelja nuudiga 1400 Nm\" \/>\n<meta property=\"og:description\" content=\"Poltsiduriga kardaan nelja nuudiga 1400 Nm Seda t\u00fc\u00fcpi kardaan on eriti hinnatud t\u00f6\u00f6tingimustes, kus koormused v\u00f5ivad olla eba\u00fchtlased.\" \/>\n<meta property=\"og:url\" content=\"https:\/\/ranoja.ee\/toode\/poltsiduriga-kardaan-nelja-nuudiga-1400-nm\/\" \/>\n<meta property=\"og:site_name\" content=\"Ranoja\" \/>\n<meta property=\"article:publisher\" content=\"https:\/\/www.facebook.com\/ranoja.ee\" \/>\n<meta property=\"article:modified_time\" content=\"2026-01-28T09:12:22+00:00\" \/>\n<meta property=\"og:image\" content=\"https:\/\/ranoja.ee\/wp-content\/uploads\/2026\/01\/Poltsiduriga-kardaan-nelja-nuudiga-1400-Nm.png\" \/>\n\t<meta property=\"og:image:width\" content=\"458\" \/>\n\t<meta property=\"og:image:height\" content=\"458\" \/>\n\t<meta property=\"og:image:type\" content=\"image\/png\" \/>\n<meta name=\"twitter:card\" content=\"summary_large_image\" \/>\n<meta name=\"twitter:label1\" content=\"Est. reading time\" \/>\n\t<meta name=\"twitter:data1\" content=\"1 minute\" \/>\n<script type=\"application\/ld+json\" class=\"yoast-schema-graph\">{\"@context\":\"https:\\\/\\\/schema.org\",\"@graph\":[{\"@type\":\"WebPage\",\"@id\":\"https:\\\/\\\/ranoja.ee\\\/toode\\\/poltsiduriga-kardaan-nelja-nuudiga-1400-nm\\\/\",\"url\":\"https:\\\/\\\/ranoja.ee\\\/toode\\\/poltsiduriga-kardaan-nelja-nuudiga-1400-nm\\\/\",\"name\":\"Poltsiduriga kardaan nelja nuudiga 1400 Nm\",\"isPartOf\":{\"@id\":\"https:\\\/\\\/ranoja.ee\\\/#website\"},\"primaryImageOfPage\":{\"@id\":\"https:\\\/\\\/ranoja.ee\\\/toode\\\/poltsiduriga-kardaan-nelja-nuudiga-1400-nm\\\/#primaryimage\"},\"image\":{\"@id\":\"https:\\\/\\\/ranoja.ee\\\/toode\\\/poltsiduriga-kardaan-nelja-nuudiga-1400-nm\\\/#primaryimage\"},\"thumbnailUrl\":\"https:\\\/\\\/ranoja.ee\\\/wp-content\\\/uploads\\\/2026\\\/01\\\/Poltsiduriga-kardaan-nelja-nuudiga-1400-Nm.png\",\"datePublished\":\"2026-01-28T09:12:21+00:00\",\"dateModified\":\"2026-01-28T09:12:22+00:00\",\"description\":\"Poltsiduriga kardaan nelja nuudiga 1400 Nm Seda t\u00fc\u00fcpi kardaan on eriti hinnatud t\u00f6\u00f6tingimustes, kus koormused v\u00f5ivad olla eba\u00fchtlased.\",\"breadcrumb\":{\"@id\":\"https:\\\/\\\/ranoja.ee\\\/toode\\\/poltsiduriga-kardaan-nelja-nuudiga-1400-nm\\\/#breadcrumb\"},\"inLanguage\":\"en-US\",\"potentialAction\":[{\"@type\":\"ReadAction\",\"target\":[\"https:\\\/\\\/ranoja.ee\\\/toode\\\/poltsiduriga-kardaan-nelja-nuudiga-1400-nm\\\/\"]}]},{\"@type\":\"ImageObject\",\"inLanguage\":\"en-US\",\"@id\":\"https:\\\/\\\/ranoja.ee\\\/toode\\\/poltsiduriga-kardaan-nelja-nuudiga-1400-nm\\\/#primaryimage\",\"url\":\"https:\\\/\\\/ranoja.ee\\\/wp-content\\\/uploads\\\/2026\\\/01\\\/Poltsiduriga-kardaan-nelja-nuudiga-1400-Nm.png\",\"contentUrl\":\"https:\\\/\\\/ranoja.ee\\\/wp-content\\\/uploads\\\/2026\\\/01\\\/Poltsiduriga-kardaan-nelja-nuudiga-1400-Nm.png\",\"width\":458,\"height\":458,\"caption\":\"Poltsiduriga kardaan nelja nuudiga 1400 Nm\"},{\"@type\":\"BreadcrumbList\",\"@id\":\"https:\\\/\\\/ranoja.ee\\\/toode\\\/poltsiduriga-kardaan-nelja-nuudiga-1400-nm\\\/#breadcrumb\",\"itemListElement\":[{\"@type\":\"ListItem\",\"position\":1,\"name\":\"Home\",\"item\":\"https:\\\/\\\/ranoja.ee\\\/\"},{\"@type\":\"ListItem\",\"position\":2,\"name\":\"Shop\",\"item\":\"https:\\\/\\\/ranoja.ee\\\/en\\\/shop\\\/\"},{\"@type\":\"ListItem\",\"position\":3,\"name\":\"Poltsiduriga kardaan nelja nuudiga 1400 Nm\"}]},{\"@type\":\"WebSite\",\"@id\":\"https:\\\/\\\/ranoja.ee\\\/#website\",\"url\":\"https:\\\/\\\/ranoja.ee\\\/\",\"name\":\"Ranoja\",\"description\":\"Equipment Shop WooCommerce WordPress Theme for Machine &amp; Tools\",\"publisher\":{\"@id\":\"https:\\\/\\\/ranoja.ee\\\/#organization\"},\"potentialAction\":[{\"@type\":\"SearchAction\",\"target\":{\"@type\":\"EntryPoint\",\"urlTemplate\":\"https:\\\/\\\/ranoja.ee\\\/?s={search_term_string}\"},\"query-input\":{\"@type\":\"PropertyValueSpecification\",\"valueRequired\":true,\"valueName\":\"search_term_string\"}}],\"inLanguage\":\"en-US\"},{\"@type\":\"Organization\",\"@id\":\"https:\\\/\\\/ranoja.ee\\\/#organization\",\"name\":\"Ranoja O\u00dc\",\"url\":\"https:\\\/\\\/ranoja.ee\\\/\",\"logo\":{\"@type\":\"ImageObject\",\"inLanguage\":\"en-US\",\"@id\":\"https:\\\/\\\/ranoja.ee\\\/#\\\/schema\\\/logo\\\/image\\\/\",\"url\":\"https:\\\/\\\/ranoja.ee\\\/wp-content\\\/uploads\\\/2023\\\/11\\\/ranoja-Logo.png\",\"contentUrl\":\"https:\\\/\\\/ranoja.ee\\\/wp-content\\\/uploads\\\/2023\\\/11\\\/ranoja-Logo.png\",\"width\":207,\"height\":58,\"caption\":\"Ranoja O\u00dc\"},\"image\":{\"@id\":\"https:\\\/\\\/ranoja.ee\\\/#\\\/schema\\\/logo\\\/image\\\/\"},\"sameAs\":[\"https:\\\/\\\/www.facebook.com\\\/ranoja.ee\",\"https:\\\/\\\/www.instagram.com\\\/ranoja__\\\/\"]}]}<\/script>\n<!-- \/ Yoast SEO plugin. -->","yoast_head_json":{"title":"Poltsiduriga kardaan nelja nuudiga 1400 Nm","description":"Poltsiduriga kardaan nelja nuudiga 1400 Nm Seda t\u00fc\u00fcpi kardaan on eriti hinnatud t\u00f6\u00f6tingimustes, kus koormused v\u00f5ivad olla eba\u00fchtlased.","robots":{"index":"index","follow":"follow","max-snippet":"max-snippet:-1","max-image-preview":"max-image-preview:large","max-video-preview":"max-video-preview:-1"},"canonical":"https:\/\/ranoja.ee\/toode\/poltsiduriga-kardaan-nelja-nuudiga-1400-nm\/","og_locale":"en_US","og_type":"article","og_title":"Poltsiduriga kardaan nelja nuudiga 1400 Nm","og_description":"Poltsiduriga kardaan nelja nuudiga 1400 Nm Seda t\u00fc\u00fcpi kardaan on eriti hinnatud t\u00f6\u00f6tingimustes, kus koormused v\u00f5ivad olla eba\u00fchtlased.","og_url":"https:\/\/ranoja.ee\/toode\/poltsiduriga-kardaan-nelja-nuudiga-1400-nm\/","og_site_name":"Ranoja","article_publisher":"https:\/\/www.facebook.com\/ranoja.ee","article_modified_time":"2026-01-28T09:12:22+00:00","og_image":[{"width":458,"height":458,"url":"https:\/\/ranoja.ee\/wp-content\/uploads\/2026\/01\/Poltsiduriga-kardaan-nelja-nuudiga-1400-Nm.png","type":"image\/png"}],"twitter_card":"summary_large_image","twitter_misc":{"Est. reading time":"1 minute"},"schema":{"@context":"https:\/\/schema.org","@graph":[{"@type":"WebPage","@id":"https:\/\/ranoja.ee\/toode\/poltsiduriga-kardaan-nelja-nuudiga-1400-nm\/","url":"https:\/\/ranoja.ee\/toode\/poltsiduriga-kardaan-nelja-nuudiga-1400-nm\/","name":"Poltsiduriga kardaan nelja nuudiga 1400 Nm","isPartOf":{"@id":"https:\/\/ranoja.ee\/#website"},"primaryImageOfPage":{"@id":"https:\/\/ranoja.ee\/toode\/poltsiduriga-kardaan-nelja-nuudiga-1400-nm\/#primaryimage"},"image":{"@id":"https:\/\/ranoja.ee\/toode\/poltsiduriga-kardaan-nelja-nuudiga-1400-nm\/#primaryimage"},"thumbnailUrl":"https:\/\/ranoja.ee\/wp-content\/uploads\/2026\/01\/Poltsiduriga-kardaan-nelja-nuudiga-1400-Nm.png","datePublished":"2026-01-28T09:12:21+00:00","dateModified":"2026-01-28T09:12:22+00:00","description":"Poltsiduriga kardaan nelja nuudiga 1400 Nm Seda t\u00fc\u00fcpi kardaan on eriti hinnatud t\u00f6\u00f6tingimustes, kus koormused v\u00f5ivad olla eba\u00fchtlased.","breadcrumb":{"@id":"https:\/\/ranoja.ee\/toode\/poltsiduriga-kardaan-nelja-nuudiga-1400-nm\/#breadcrumb"},"inLanguage":"en-US","potentialAction":[{"@type":"ReadAction","target":["https:\/\/ranoja.ee\/toode\/poltsiduriga-kardaan-nelja-nuudiga-1400-nm\/"]}]},{"@type":"ImageObject","inLanguage":"en-US","@id":"https:\/\/ranoja.ee\/toode\/poltsiduriga-kardaan-nelja-nuudiga-1400-nm\/#primaryimage","url":"https:\/\/ranoja.ee\/wp-content\/uploads\/2026\/01\/Poltsiduriga-kardaan-nelja-nuudiga-1400-Nm.png","contentUrl":"https:\/\/ranoja.ee\/wp-content\/uploads\/2026\/01\/Poltsiduriga-kardaan-nelja-nuudiga-1400-Nm.png","width":458,"height":458,"caption":"Poltsiduriga kardaan nelja nuudiga 1400 Nm"},{"@type":"BreadcrumbList","@id":"https:\/\/ranoja.ee\/toode\/poltsiduriga-kardaan-nelja-nuudiga-1400-nm\/#breadcrumb","itemListElement":[{"@type":"ListItem","position":1,"name":"Home","item":"https:\/\/ranoja.ee\/"},{"@type":"ListItem","position":2,"name":"Shop","item":"https:\/\/ranoja.ee\/en\/shop\/"},{"@type":"ListItem","position":3,"name":"Poltsiduriga kardaan nelja nuudiga 1400 Nm"}]},{"@type":"WebSite","@id":"https:\/\/ranoja.ee\/#website","url":"https:\/\/ranoja.ee\/","name":"Ranoja","description":"Equipment Shop WooCommerce WordPress Theme for Machine &amp; Tools","publisher":{"@id":"https:\/\/ranoja.ee\/#organization"},"potentialAction":[{"@type":"SearchAction","target":{"@type":"EntryPoint","urlTemplate":"https:\/\/ranoja.ee\/?s={search_term_string}"},"query-input":{"@type":"PropertyValueSpecification","valueRequired":true,"valueName":"search_term_string"}}],"inLanguage":"en-US"},{"@type":"Organization","@id":"https:\/\/ranoja.ee\/#organization","name":"Ranoja O\u00dc","url":"https:\/\/ranoja.ee\/","logo":{"@type":"ImageObject","inLanguage":"en-US","@id":"https:\/\/ranoja.ee\/#\/schema\/logo\/image\/","url":"https:\/\/ranoja.ee\/wp-content\/uploads\/2023\/11\/ranoja-Logo.png","contentUrl":"https:\/\/ranoja.ee\/wp-content\/uploads\/2023\/11\/ranoja-Logo.png","width":207,"height":58,"caption":"Ranoja O\u00dc"},"image":{"@id":"https:\/\/ranoja.ee\/#\/schema\/logo\/image\/"},"sameAs":["https:\/\/www.facebook.com\/ranoja.ee","https:\/\/www.instagram.com\/ranoja__\/"]}]}},"_links":{"self":[{"href":"https:\/\/ranoja.ee\/en\/wp-json\/wp\/v2\/product\/28792","targetHints":{"allow":["GET"]}}],"collection":[{"href":"https:\/\/ranoja.ee\/en\/wp-json\/wp\/v2\/product"}],"about":[{"href":"https:\/\/ranoja.ee\/en\/wp-json\/wp\/v2\/types\/product"}],"wp:featuredmedia":[{"embeddable":true,"href":"https:\/\/ranoja.ee\/en\/wp-json\/wp\/v2\/media\/28804"}],"wp:attachment":[{"href":"https:\/\/ranoja.ee\/en\/wp-json\/wp\/v2\/media?parent=28792"}],"wp:term":[{"taxonomy":"product_cat","embeddable":true,"href":"https:\/\/ranoja.ee\/en\/wp-json\/wp\/v2\/product_cat?post=28792"},{"taxonomy":"product_tag","embeddable":true,"href":"https:\/\/ranoja.ee\/en\/wp-json\/wp\/v2\/product_tag?post=28792"}],"curies":[{"name":"wp","href":"https:\/\/api.w.org\/{rel}","templated":true}]}}