{"id":28721,"date":"2026-01-27T17:49:54","date_gmt":"2026-01-27T14:49:54","guid":{"rendered":"https:\/\/ranoja.ee\/?post_type=product&#038;p=28721"},"modified":"2026-03-25T13:45:28","modified_gmt":"2026-03-25T10:45:28","slug":"aura-r2-rmr3000e-robotniiduk-3000-m%c2%b2kaablivaba","status":"publish","type":"product","link":"https:\/\/ranoja.ee\/en\/toode\/aura-r2-rmr3000e-robotniiduk-3000-m%c2%b2kaablivaba\/","title":{"rendered":"AURA-R2 RMR3000E robotniiduk 3000 m\u00b2(kaablivaba)"},"content":{"rendered":"<p>AURA-R2 RMR3000E robotniiduk 3000 m\u00b2(kaablivaba)<\/p>\n<p>Kuni 3000 m\u00b2 murupindade jaoks loodud AURA-R2 RMR3000E pakub t\u00e4iustatud, kaablivaba niitmist nutika t\u00e4psusega. See \u201eloeb\u201d teie aeda, kohandub takistustega koheselt ja hoiab kogu hooaja v\u00e4ltel muru \u00fchtlaselt ja laitmatult niidetuna.<\/p>\n<p>S\u00fcsteemi tuumaks on PATH IQ\u2122, mis sisaldab endas EGO t\u00e4iustatud navigeerimiss\u00fcsteemi, mis \u00fchendab RTK*, VSLAM* ja VIO* tehnoloogiad.<br \/>\nNeed tehnoloogiad t\u00f6\u00f6tavad koos, et kaardistada ja navigeerida teie aias sentimeetri t\u00e4psusega, planeerides t\u00f5husad ja kattumatud niiduteed ilma piirdekaablita.<\/p>\n<p>PATH IQ\u2122 kaardistab, kohandub ja korrigeerib liikumist reaalajas, pakkudes t\u00e4pseid tulemusi ilma \u00fcleliigsete liigutusteta<br \/>\nSee tunneb \u00e4ra takistused, nagu m\u00e4nguasjad, t\u00f6\u00f6riistad v\u00f5i lemmikloomad, v\u00e4ldib neid nutikalt ja p\u00fcsib kindlalt rajal seinte, puude v\u00f5i kitsaste l\u00e4bip\u00e4\u00e4sude l\u00e4heduses.<\/p>\n<p>AURA-R2 niidab s\u00fcsteemselt muudetava niidumustriga, mis tagab k\u00f5ige t\u00f5husama l\u00f5ike, maksimeerides katvuse ja j\u00e4ttes iga muruplatsi laitmatuks.<br \/>\nRMR1500E toetab kuni 20 niidualaga haldust, liikudes sujuvalt alade vahel \u00fcle radade v\u00f5i sisses\u00f5iduteede.<\/p>\n<p>T\u00e4nu 50% kallakutaluvusele, kolmele p\u00f6\u00f6rlevale terale ja 20\u201390 mm elektroonilisele l\u00f5ikek\u00f5rguse reguleerimisele kohandub see h\u00f5lpsasti erineva maastikuga. Vihmatuvastus peatab niitmise vajaduse korral, samal ajal kui GPS-j\u00e4lgimine ja teavitused pakuvad lisaturvalisust.<\/p>\n<p>Bluetooth-, Wi-Fi- ja 4G-\u00fchenduvus integreerub sujuvalt EGO Connect rakendusega. IP66-klassi korpus kaitseb seadet ilmastikutingimuste eest ja seda on lihtne puhastada, ka surveveega.<\/p>\n<p>Usaldusv\u00e4\u00e4rne, nutikas ja t\u00f5hus RMR3000E toob intelligentse muruhoolduse keskmise kuni suure suurusega aedadesse.<\/p>\n<p>*RTK (Real-Time Kinematic) \u2013 Kasutab satelliitsignaale ja PATH IQ\u2122 antenni parandusi, et m\u00e4\u00e4rata niiduki asukoht \u00e4\u00e4rmise t\u00e4psusega, v\u00f5imaldades sirgjoonelist niitmist ilma piirdekaablita.<br \/>\n*VSLAM (Visual Simultaneous Localisation and Mapping) \u2013 Niiduki visuaals\u00fcsteem, mis kasutab kahte kaamerat keskkonna reaalajas \u201en\u00e4gemiseks\u201d ja kaardistamiseks, tuvastades takistused* *VIO (Visual Inertial Odometry) \u2013 \u00dchendab kaamerapildi ja sisemised liikumisandurid, et j\u00e4lgida niiduki liikumist ja asendit isegi siis, kui satelliidisignaal ajutiselt puudub.<\/p>\n<p>AURA-R2 RMR3000E robotniiduk 3000 m\u00b2(kaablivaba)<\/p>\n","protected":false},"excerpt":{"rendered":"<p>AURA-R2 RMR3000E robotniiduk 3000 m\u00b2(kaablivaba)<br \/>\nKuni 3000 m\u00b2 murupindadele pakub AURA-R2 RMR3000E arenenud, kaablivaba niitmist PATH IQ\u2122 navigatsiooni abil.<br \/>\nPATH IQ\u2122 \u00fchendab intelligentse n\u00e4gemise ja reaalajas asukoha korrigeerimise, et kaardistada aed t\u00e4pselt ja tagada t\u00f5husad, kattumatud niiduj\u00e4ljed.<br \/>\nS\u00fcsteemne muudetav niidumuster maksimeerib katvuse ja hoiab kogu murupinna laitmatuna.<br \/>\nMitme niiduala haldus, 50% kallakutaluvus, vihmasaju tuvastus ning Bluetoothi.<br \/>\nWi-Fi ja 4G t\u00e4ielik \u00fchenduvus v\u00f5imaldavad masinal lihtsalt kohaneda keerukamate aedadega.<br \/>\n<strong>4G \u00fchendus on Tasuta 3 aastat!<\/strong><\/p>\n<p>NIIDUALA: 3000 m\u00b2<br \/>\nAKU:Lithium-Ion21.78 V\/4.6 Ah<br \/>\nNiiduaeg: 110 min<br \/>\nLaadimine: 90 min<br \/>\nL\u00f5ikelaius: 24 cm<br \/>\nL\u00f5iketerad: 3tk (AB1009R komplekt)<br \/>\nL\u00f5ikek\u00f5rgus: 20 \u2013 90 mm<br \/>\nKlass: IP66<br \/>\nPATH IQ\u2122<\/p>\n<p><strong>Eeldatav tarneaeg 1-7 t\u00f6\u00f6p\u00e4eva<\/strong><\/p>\n<p><strong><a href=\"https:\/\/egopowerplus.ee\/v2\/login\">ENDA EGO SEADME PALUME REGISTREERIDA SIIN<\/a>:<\/strong><\/p>\n[embed]https:\/\/www.youtube.com\/watch?v=Oi903S3V8Z0[\/embed]\n","protected":false},"featured_media":28722,"template":"","meta":{"inline_featured_image":false},"product_cat":[1079,1080],"product_tag":[1827,1826,3312,3311,3314,1144,1152],"class_list":{"0":"post-28721","1":"product","2":"type-product","3":"status-publish","4":"has-post-thumbnail","6":"product_brand-ego-power","7":"product_cat-aiatehnika-ja-niidutehnika","8":"product_cat-robotniidukid","9":"product_tag-ego","10":"product_tag-ego-power","11":"product_tag-kaablivaba","12":"product_tag-rmr1500e","13":"product_tag-rmr3000e","14":"product_tag-robotniiduk","15":"product_tag-robotniidukid","17":"first","18":"instock","19":"taxable","20":"shipping-taxable","21":"purchasable","22":"product-type-simple"},"yoast_head":"<!-- This site is optimized with the Yoast SEO plugin v27.4 - https:\/\/yoast.com\/product\/yoast-seo-wordpress\/ -->\n<title>AURA-R2 RMR3000E robotniiduk 3000 m\u00b2(kaablivaba)<\/title>\n<meta name=\"description\" content=\"AURA-R2 RMR3000E robotniiduk 3000 m\u00b2(kaablivaba) - Kaamerap\u00f5hine takistuste tuvastus, L\u00f5ikelaius: 24 cm PATH IQ\u2122 - nutikas ja kaablivaba niitmine!\" \/>\n<meta name=\"robots\" content=\"index, follow, max-snippet:-1, max-image-preview:large, max-video-preview:-1\" \/>\n<link rel=\"canonical\" href=\"https:\/\/ranoja.ee\/toode\/aura-r2-rmr3000e-robotniiduk-3000-m\u00b2kaablivaba\/\" \/>\n<meta property=\"og:locale\" content=\"en_US\" \/>\n<meta property=\"og:type\" content=\"article\" \/>\n<meta property=\"og:title\" content=\"AURA-R2 RMR3000E robotniiduk 3000 m\u00b2(kaablivaba)\" \/>\n<meta property=\"og:description\" content=\"AURA-R2 RMR3000E robotniiduk 3000 m\u00b2(kaablivaba) - Kaamerap\u00f5hine takistuste tuvastus, L\u00f5ikelaius: 24 cm PATH IQ\u2122 - nutikas ja kaablivaba niitmine!\" \/>\n<meta property=\"og:url\" content=\"https:\/\/ranoja.ee\/toode\/aura-r2-rmr3000e-robotniiduk-3000-m\u00b2kaablivaba\/\" \/>\n<meta property=\"og:site_name\" content=\"Ranoja\" \/>\n<meta property=\"article:publisher\" content=\"https:\/\/www.facebook.com\/ranoja.ee\" \/>\n<meta property=\"article:modified_time\" content=\"2026-03-25T10:45:28+00:00\" \/>\n<meta property=\"og:image\" content=\"https:\/\/ranoja.ee\/wp-content\/uploads\/2026\/01\/AURA-R2-RMR3000E-robotniiduk-3000-m\u00b2kaablivaba.png\" \/>\n\t<meta property=\"og:image:width\" content=\"800\" \/>\n\t<meta property=\"og:image:height\" content=\"566\" \/>\n\t<meta property=\"og:image:type\" content=\"image\/png\" \/>\n<meta name=\"twitter:card\" content=\"summary_large_image\" \/>\n<meta name=\"twitter:label1\" content=\"Est. reading time\" \/>\n\t<meta name=\"twitter:data1\" content=\"2 minutes\" \/>\n<script type=\"application\/ld+json\" class=\"yoast-schema-graph\">{\"@context\":\"https:\\\/\\\/schema.org\",\"@graph\":[{\"@type\":\"WebPage\",\"@id\":\"https:\\\/\\\/ranoja.ee\\\/toode\\\/aura-r2-rmr3000e-robotniiduk-3000-m%c2%b2kaablivaba\\\/\",\"url\":\"https:\\\/\\\/ranoja.ee\\\/toode\\\/aura-r2-rmr3000e-robotniiduk-3000-m%c2%b2kaablivaba\\\/\",\"name\":\"AURA-R2 RMR3000E robotniiduk 3000 m\u00b2(kaablivaba)\",\"isPartOf\":{\"@id\":\"https:\\\/\\\/ranoja.ee\\\/#website\"},\"primaryImageOfPage\":{\"@id\":\"https:\\\/\\\/ranoja.ee\\\/toode\\\/aura-r2-rmr3000e-robotniiduk-3000-m%c2%b2kaablivaba\\\/#primaryimage\"},\"image\":{\"@id\":\"https:\\\/\\\/ranoja.ee\\\/toode\\\/aura-r2-rmr3000e-robotniiduk-3000-m%c2%b2kaablivaba\\\/#primaryimage\"},\"thumbnailUrl\":\"https:\\\/\\\/ranoja.ee\\\/wp-content\\\/uploads\\\/2026\\\/01\\\/AURA-R2-RMR3000E-robotniiduk-3000-m\u00b2kaablivaba.png\",\"datePublished\":\"2026-01-27T14:49:54+00:00\",\"dateModified\":\"2026-03-25T10:45:28+00:00\",\"description\":\"AURA-R2 RMR3000E robotniiduk 3000 m\u00b2(kaablivaba) - Kaamerap\u00f5hine takistuste tuvastus, L\u00f5ikelaius: 24 cm PATH IQ\u2122 - nutikas ja kaablivaba niitmine!\",\"breadcrumb\":{\"@id\":\"https:\\\/\\\/ranoja.ee\\\/toode\\\/aura-r2-rmr3000e-robotniiduk-3000-m%c2%b2kaablivaba\\\/#breadcrumb\"},\"inLanguage\":\"en-US\",\"potentialAction\":[{\"@type\":\"ReadAction\",\"target\":[\"https:\\\/\\\/ranoja.ee\\\/toode\\\/aura-r2-rmr3000e-robotniiduk-3000-m%c2%b2kaablivaba\\\/\"]}]},{\"@type\":\"ImageObject\",\"inLanguage\":\"en-US\",\"@id\":\"https:\\\/\\\/ranoja.ee\\\/toode\\\/aura-r2-rmr3000e-robotniiduk-3000-m%c2%b2kaablivaba\\\/#primaryimage\",\"url\":\"https:\\\/\\\/ranoja.ee\\\/wp-content\\\/uploads\\\/2026\\\/01\\\/AURA-R2-RMR3000E-robotniiduk-3000-m\u00b2kaablivaba.png\",\"contentUrl\":\"https:\\\/\\\/ranoja.ee\\\/wp-content\\\/uploads\\\/2026\\\/01\\\/AURA-R2-RMR3000E-robotniiduk-3000-m\u00b2kaablivaba.png\",\"width\":800,\"height\":566,\"caption\":\"AURA-R2 RMR3000E robotniiduk 3000 m\u00b2(kaablivaba)\"},{\"@type\":\"BreadcrumbList\",\"@id\":\"https:\\\/\\\/ranoja.ee\\\/toode\\\/aura-r2-rmr3000e-robotniiduk-3000-m%c2%b2kaablivaba\\\/#breadcrumb\",\"itemListElement\":[{\"@type\":\"ListItem\",\"position\":1,\"name\":\"Home\",\"item\":\"https:\\\/\\\/ranoja.ee\\\/\"},{\"@type\":\"ListItem\",\"position\":2,\"name\":\"Shop\",\"item\":\"https:\\\/\\\/ranoja.ee\\\/en\\\/shop\\\/\"},{\"@type\":\"ListItem\",\"position\":3,\"name\":\"AURA-R2 RMR3000E robotniiduk 3000 m\u00b2(kaablivaba)\"}]},{\"@type\":\"WebSite\",\"@id\":\"https:\\\/\\\/ranoja.ee\\\/#website\",\"url\":\"https:\\\/\\\/ranoja.ee\\\/\",\"name\":\"Ranoja\",\"description\":\"Equipment Shop WooCommerce WordPress Theme for Machine &amp; Tools\",\"publisher\":{\"@id\":\"https:\\\/\\\/ranoja.ee\\\/#organization\"},\"potentialAction\":[{\"@type\":\"SearchAction\",\"target\":{\"@type\":\"EntryPoint\",\"urlTemplate\":\"https:\\\/\\\/ranoja.ee\\\/?s={search_term_string}\"},\"query-input\":{\"@type\":\"PropertyValueSpecification\",\"valueRequired\":true,\"valueName\":\"search_term_string\"}}],\"inLanguage\":\"en-US\"},{\"@type\":\"Organization\",\"@id\":\"https:\\\/\\\/ranoja.ee\\\/#organization\",\"name\":\"Ranoja O\u00dc\",\"url\":\"https:\\\/\\\/ranoja.ee\\\/\",\"logo\":{\"@type\":\"ImageObject\",\"inLanguage\":\"en-US\",\"@id\":\"https:\\\/\\\/ranoja.ee\\\/#\\\/schema\\\/logo\\\/image\\\/\",\"url\":\"https:\\\/\\\/ranoja.ee\\\/wp-content\\\/uploads\\\/2023\\\/11\\\/ranoja-Logo.png\",\"contentUrl\":\"https:\\\/\\\/ranoja.ee\\\/wp-content\\\/uploads\\\/2023\\\/11\\\/ranoja-Logo.png\",\"width\":207,\"height\":58,\"caption\":\"Ranoja O\u00dc\"},\"image\":{\"@id\":\"https:\\\/\\\/ranoja.ee\\\/#\\\/schema\\\/logo\\\/image\\\/\"},\"sameAs\":[\"https:\\\/\\\/www.facebook.com\\\/ranoja.ee\",\"https:\\\/\\\/www.instagram.com\\\/ranoja__\\\/\"]}]}<\/script>\n<!-- \/ Yoast SEO plugin. -->","yoast_head_json":{"title":"AURA-R2 RMR3000E robotniiduk 3000 m\u00b2(kaablivaba)","description":"AURA-R2 RMR3000E robotniiduk 3000 m\u00b2(kaablivaba) - Kaamerap\u00f5hine takistuste tuvastus, L\u00f5ikelaius: 24 cm PATH IQ\u2122 - nutikas ja kaablivaba niitmine!","robots":{"index":"index","follow":"follow","max-snippet":"max-snippet:-1","max-image-preview":"max-image-preview:large","max-video-preview":"max-video-preview:-1"},"canonical":"https:\/\/ranoja.ee\/toode\/aura-r2-rmr3000e-robotniiduk-3000-m\u00b2kaablivaba\/","og_locale":"en_US","og_type":"article","og_title":"AURA-R2 RMR3000E robotniiduk 3000 m\u00b2(kaablivaba)","og_description":"AURA-R2 RMR3000E robotniiduk 3000 m\u00b2(kaablivaba) - Kaamerap\u00f5hine takistuste tuvastus, L\u00f5ikelaius: 24 cm PATH IQ\u2122 - nutikas ja kaablivaba niitmine!","og_url":"https:\/\/ranoja.ee\/toode\/aura-r2-rmr3000e-robotniiduk-3000-m\u00b2kaablivaba\/","og_site_name":"Ranoja","article_publisher":"https:\/\/www.facebook.com\/ranoja.ee","article_modified_time":"2026-03-25T10:45:28+00:00","og_image":[{"width":800,"height":566,"url":"https:\/\/ranoja.ee\/wp-content\/uploads\/2026\/01\/AURA-R2-RMR3000E-robotniiduk-3000-m\u00b2kaablivaba.png","type":"image\/png"}],"twitter_card":"summary_large_image","twitter_misc":{"Est. reading time":"2 minutes"},"schema":{"@context":"https:\/\/schema.org","@graph":[{"@type":"WebPage","@id":"https:\/\/ranoja.ee\/toode\/aura-r2-rmr3000e-robotniiduk-3000-m%c2%b2kaablivaba\/","url":"https:\/\/ranoja.ee\/toode\/aura-r2-rmr3000e-robotniiduk-3000-m%c2%b2kaablivaba\/","name":"AURA-R2 RMR3000E robotniiduk 3000 m\u00b2(kaablivaba)","isPartOf":{"@id":"https:\/\/ranoja.ee\/#website"},"primaryImageOfPage":{"@id":"https:\/\/ranoja.ee\/toode\/aura-r2-rmr3000e-robotniiduk-3000-m%c2%b2kaablivaba\/#primaryimage"},"image":{"@id":"https:\/\/ranoja.ee\/toode\/aura-r2-rmr3000e-robotniiduk-3000-m%c2%b2kaablivaba\/#primaryimage"},"thumbnailUrl":"https:\/\/ranoja.ee\/wp-content\/uploads\/2026\/01\/AURA-R2-RMR3000E-robotniiduk-3000-m\u00b2kaablivaba.png","datePublished":"2026-01-27T14:49:54+00:00","dateModified":"2026-03-25T10:45:28+00:00","description":"AURA-R2 RMR3000E robotniiduk 3000 m\u00b2(kaablivaba) - Kaamerap\u00f5hine takistuste tuvastus, L\u00f5ikelaius: 24 cm PATH IQ\u2122 - nutikas ja kaablivaba niitmine!","breadcrumb":{"@id":"https:\/\/ranoja.ee\/toode\/aura-r2-rmr3000e-robotniiduk-3000-m%c2%b2kaablivaba\/#breadcrumb"},"inLanguage":"en-US","potentialAction":[{"@type":"ReadAction","target":["https:\/\/ranoja.ee\/toode\/aura-r2-rmr3000e-robotniiduk-3000-m%c2%b2kaablivaba\/"]}]},{"@type":"ImageObject","inLanguage":"en-US","@id":"https:\/\/ranoja.ee\/toode\/aura-r2-rmr3000e-robotniiduk-3000-m%c2%b2kaablivaba\/#primaryimage","url":"https:\/\/ranoja.ee\/wp-content\/uploads\/2026\/01\/AURA-R2-RMR3000E-robotniiduk-3000-m\u00b2kaablivaba.png","contentUrl":"https:\/\/ranoja.ee\/wp-content\/uploads\/2026\/01\/AURA-R2-RMR3000E-robotniiduk-3000-m\u00b2kaablivaba.png","width":800,"height":566,"caption":"AURA-R2 RMR3000E robotniiduk 3000 m\u00b2(kaablivaba)"},{"@type":"BreadcrumbList","@id":"https:\/\/ranoja.ee\/toode\/aura-r2-rmr3000e-robotniiduk-3000-m%c2%b2kaablivaba\/#breadcrumb","itemListElement":[{"@type":"ListItem","position":1,"name":"Home","item":"https:\/\/ranoja.ee\/"},{"@type":"ListItem","position":2,"name":"Shop","item":"https:\/\/ranoja.ee\/en\/shop\/"},{"@type":"ListItem","position":3,"name":"AURA-R2 RMR3000E robotniiduk 3000 m\u00b2(kaablivaba)"}]},{"@type":"WebSite","@id":"https:\/\/ranoja.ee\/#website","url":"https:\/\/ranoja.ee\/","name":"Ranoja","description":"Equipment Shop WooCommerce WordPress Theme for Machine &amp; Tools","publisher":{"@id":"https:\/\/ranoja.ee\/#organization"},"potentialAction":[{"@type":"SearchAction","target":{"@type":"EntryPoint","urlTemplate":"https:\/\/ranoja.ee\/?s={search_term_string}"},"query-input":{"@type":"PropertyValueSpecification","valueRequired":true,"valueName":"search_term_string"}}],"inLanguage":"en-US"},{"@type":"Organization","@id":"https:\/\/ranoja.ee\/#organization","name":"Ranoja O\u00dc","url":"https:\/\/ranoja.ee\/","logo":{"@type":"ImageObject","inLanguage":"en-US","@id":"https:\/\/ranoja.ee\/#\/schema\/logo\/image\/","url":"https:\/\/ranoja.ee\/wp-content\/uploads\/2023\/11\/ranoja-Logo.png","contentUrl":"https:\/\/ranoja.ee\/wp-content\/uploads\/2023\/11\/ranoja-Logo.png","width":207,"height":58,"caption":"Ranoja O\u00dc"},"image":{"@id":"https:\/\/ranoja.ee\/#\/schema\/logo\/image\/"},"sameAs":["https:\/\/www.facebook.com\/ranoja.ee","https:\/\/www.instagram.com\/ranoja__\/"]}]}},"_links":{"self":[{"href":"https:\/\/ranoja.ee\/en\/wp-json\/wp\/v2\/product\/28721","targetHints":{"allow":["GET"]}}],"collection":[{"href":"https:\/\/ranoja.ee\/en\/wp-json\/wp\/v2\/product"}],"about":[{"href":"https:\/\/ranoja.ee\/en\/wp-json\/wp\/v2\/types\/product"}],"wp:featuredmedia":[{"embeddable":true,"href":"https:\/\/ranoja.ee\/en\/wp-json\/wp\/v2\/media\/28722"}],"wp:attachment":[{"href":"https:\/\/ranoja.ee\/en\/wp-json\/wp\/v2\/media?parent=28721"}],"wp:term":[{"taxonomy":"product_cat","embeddable":true,"href":"https:\/\/ranoja.ee\/en\/wp-json\/wp\/v2\/product_cat?post=28721"},{"taxonomy":"product_tag","embeddable":true,"href":"https:\/\/ranoja.ee\/en\/wp-json\/wp\/v2\/product_tag?post=28721"}],"curies":[{"name":"wp","href":"https:\/\/api.w.org\/{rel}","templated":true}]}}