{"id":28720,"date":"2026-01-27T17:44:12","date_gmt":"2026-01-27T14:44:12","guid":{"rendered":"https:\/\/ranoja.ee\/?post_type=product&#038;p=28720"},"modified":"2026-01-28T11:29:02","modified_gmt":"2026-01-28T08:29:02","slug":"remet-cnc-technology-hudrauliline-tostuk-kraana-250","status":"publish","type":"product","link":"https:\/\/ranoja.ee\/en\/toode\/remet-cnc-technology-hudrauliline-tostuk-kraana-250\/","title":{"rendered":"Remet CNC Technology h\u00fcdrauliline t\u00f5stuk\/kraana 250"},"content":{"rendered":"<p>Remet CNC Technology h\u00fcdrauliline t\u00f5stuk\/kraana 250<\/p>\n<p>H\u00fcdrauliline t\u00f5stuk\/kraana on mitmek\u00fclgne ja tugev seade, mis on loodud koormate t\u00f5stmiseks ja liigutamiseks nii laos, t\u00f6\u00f6kodades kui ka t\u00f6\u00f6stuslikes keskkondades. See masin \u00fchendab t\u00f5ste-, laadimis- ja k\u00e4itlemisfunktsioonid \u00fchte robustsesse s\u00fcsteemi, mis teeb materjalide k\u00e4itlemise lihtsamaks, turvalisemaks ja efektiivsemaks. See annab v\u00f5imaluse t\u00f5sta suuri ja mahukaid koormaid, n\u00e4iteks Big Bag kotte, puidu materjali ja palke v\u00f5i muid raskeid detaile. Ilma liigse f\u00fc\u00fcsilise pingutuseta, muutes see ideaalseks abivahendiks logistikas, tootmises ja ehitusplatsidel.<\/p>\n<p>Seadme s\u00fcdameks on tugev raam ja t\u00f5stej\u00f5uline kraana-moodul, mis on konstrueeritud taluma suuri koormusi ning tagama stabiilsuse olenemata kasutusolukorrast. See v\u00f5imaldab koormaid ohutult haarata ja t\u00f5sta just seal, kus seda vaja. Alates laoaladest kuni transpordiks ettevalmistatud aladeni. T\u00e4nu reguleeritavale haardes\u00fcsteemile saab seadet kohandada erineva suuruse ja kujuga koormatele. <\/p>\n<p>REMET CNC TECHNOLOGY t\u00f5stuk on varustatud ka ergonoomiliste juhtseadmetega, mis v\u00f5imaldavad operaatoril liigutada ja asetada raskeid koormaid t\u00e4pselt ja t\u00f5husalt. Masin on kavandatud nii, et operaatoril oleks maksimaalne n\u00e4htavus ning kontroll t\u00f5ste- ja liigutusprotsessi \u00fcle. Samuti on r\u00f5hutatud turvalisust, haarde- ja t\u00f5steelemendid on varustatud turvalukkude ja vastupidavatega mehhanismidega, mis v\u00e4hendavad libisemise v\u00f5i kaotatud haardumise riski.<\/p>\n<p>Remet CNC Technology h\u00fcdrauliline t\u00f5stuk\/kraana 250<\/p>\n","protected":false},"excerpt":{"rendered":"<p>Remet CNC Technology h\u00fcdrauliline t\u00f5stuk\/kraana 250<br \/>\nMaksimaalne t\u00f5stek\u00f5rgus: 2700 mm<br \/>\nLubatud kandev\u00f5ime: 450 kg<br \/>\nKonstruktsiooni kandev\u00f5ime: 800 kg<br \/>\nPikendusega t\u00f5ste\u00f5lg: 3-astmelise<br \/>\nAjami nurga reguleerimine: 3-astmeline<br \/>\n2t sepistatud p\u00f6\u00f6rdkonks ja konksu seekel t\u00f5stuki hinnas<br \/>\nT\u00f5mbev\u00f5ime: 1000 kg<br \/>\nTootekood: 1PC250<br \/>\n<strong>Eeldatav tarneaeg 2-3 n\u00e4dalat<\/strong><\/p>\n","protected":false},"featured_media":28747,"template":"","meta":{"inline_featured_image":false},"product_cat":[1455,1087],"product_tag":[3316,3303,3313,3317,3318,3017,3319,1819],"class_list":{"0":"post-28720","1":"product","2":"type-product","3":"status-publish","4":"has-post-thumbnail","6":"product_brand-remet-cnc-technology","7":"product_cat-kraanad-ja-palgihaaratsid","8":"product_cat-metsatehnika","9":"product_tag-1pc250","10":"product_tag-2g600","11":"product_tag-5gd600","12":"product_tag-hudrauliline-tostuk-kraana","13":"product_tag-kraana","14":"product_tag-remet-cnc-technology","15":"product_tag-remet-cnc-technology-hudrauliline-tostuk-kraana-250","16":"product_tag-tostuk","18":"first","19":"instock","20":"taxable","21":"shipping-taxable","22":"purchasable","23":"product-type-simple"},"yoast_head":"<!-- This site is optimized with the Yoast SEO plugin v27.4 - https:\/\/yoast.com\/product\/yoast-seo-wordpress\/ -->\n<title>Remet CNC Technology h\u00fcdrauliline t\u00f5stuk\/kraana 250<\/title>\n<meta name=\"description\" content=\"Remet CNC Technology h\u00fcdrauliline t\u00f5stuk\/kraana 250 H\u00fcdrauliline t\u00f5stuk\/kraana on mitmek\u00fclgne tugev seade mis on loodud koormate t\u00f5stmiseks ja liigutamiseks\" \/>\n<meta name=\"robots\" content=\"index, follow, max-snippet:-1, max-image-preview:large, max-video-preview:-1\" \/>\n<link rel=\"canonical\" href=\"https:\/\/ranoja.ee\/toode\/remet-cnc-technology-hudrauliline-tostuk-kraana-250\/\" \/>\n<meta property=\"og:locale\" content=\"en_US\" \/>\n<meta property=\"og:type\" content=\"article\" \/>\n<meta property=\"og:title\" content=\"Remet CNC Technology h\u00fcdrauliline t\u00f5stuk\/kraana 250\" \/>\n<meta property=\"og:description\" content=\"Remet CNC Technology h\u00fcdrauliline t\u00f5stuk\/kraana 250 H\u00fcdrauliline t\u00f5stuk\/kraana on mitmek\u00fclgne tugev seade mis on loodud koormate t\u00f5stmiseks ja liigutamiseks\" \/>\n<meta property=\"og:url\" content=\"https:\/\/ranoja.ee\/toode\/remet-cnc-technology-hudrauliline-tostuk-kraana-250\/\" \/>\n<meta property=\"og:site_name\" content=\"Ranoja\" \/>\n<meta property=\"article:publisher\" content=\"https:\/\/www.facebook.com\/ranoja.ee\" \/>\n<meta property=\"article:modified_time\" content=\"2026-01-28T08:29:02+00:00\" \/>\n<meta property=\"og:image\" content=\"https:\/\/ranoja.ee\/wp-content\/uploads\/2026\/01\/REMET-CNC-TECHNOLOGY-hudrauliline-tostuk-kraana-250.png\" \/>\n\t<meta property=\"og:image:width\" content=\"458\" \/>\n\t<meta property=\"og:image:height\" content=\"458\" \/>\n\t<meta property=\"og:image:type\" content=\"image\/png\" \/>\n<meta name=\"twitter:card\" content=\"summary_large_image\" \/>\n<meta name=\"twitter:label1\" content=\"Est. reading time\" \/>\n\t<meta name=\"twitter:data1\" content=\"2 minutes\" \/>\n<script type=\"application\/ld+json\" class=\"yoast-schema-graph\">{\"@context\":\"https:\\\/\\\/schema.org\",\"@graph\":[{\"@type\":\"WebPage\",\"@id\":\"https:\\\/\\\/ranoja.ee\\\/toode\\\/remet-cnc-technology-hudrauliline-tostuk-kraana-250\\\/\",\"url\":\"https:\\\/\\\/ranoja.ee\\\/toode\\\/remet-cnc-technology-hudrauliline-tostuk-kraana-250\\\/\",\"name\":\"Remet CNC Technology h\u00fcdrauliline t\u00f5stuk\\\/kraana 250\",\"isPartOf\":{\"@id\":\"https:\\\/\\\/ranoja.ee\\\/#website\"},\"primaryImageOfPage\":{\"@id\":\"https:\\\/\\\/ranoja.ee\\\/toode\\\/remet-cnc-technology-hudrauliline-tostuk-kraana-250\\\/#primaryimage\"},\"image\":{\"@id\":\"https:\\\/\\\/ranoja.ee\\\/toode\\\/remet-cnc-technology-hudrauliline-tostuk-kraana-250\\\/#primaryimage\"},\"thumbnailUrl\":\"https:\\\/\\\/ranoja.ee\\\/wp-content\\\/uploads\\\/2026\\\/01\\\/REMET-CNC-TECHNOLOGY-hudrauliline-tostuk-kraana-250.png\",\"datePublished\":\"2026-01-27T14:44:12+00:00\",\"dateModified\":\"2026-01-28T08:29:02+00:00\",\"description\":\"Remet CNC Technology h\u00fcdrauliline t\u00f5stuk\\\/kraana 250 H\u00fcdrauliline t\u00f5stuk\\\/kraana on mitmek\u00fclgne tugev seade mis on loodud koormate t\u00f5stmiseks ja liigutamiseks\",\"breadcrumb\":{\"@id\":\"https:\\\/\\\/ranoja.ee\\\/toode\\\/remet-cnc-technology-hudrauliline-tostuk-kraana-250\\\/#breadcrumb\"},\"inLanguage\":\"en-US\",\"potentialAction\":[{\"@type\":\"ReadAction\",\"target\":[\"https:\\\/\\\/ranoja.ee\\\/toode\\\/remet-cnc-technology-hudrauliline-tostuk-kraana-250\\\/\"]}]},{\"@type\":\"ImageObject\",\"inLanguage\":\"en-US\",\"@id\":\"https:\\\/\\\/ranoja.ee\\\/toode\\\/remet-cnc-technology-hudrauliline-tostuk-kraana-250\\\/#primaryimage\",\"url\":\"https:\\\/\\\/ranoja.ee\\\/wp-content\\\/uploads\\\/2026\\\/01\\\/REMET-CNC-TECHNOLOGY-hudrauliline-tostuk-kraana-250.png\",\"contentUrl\":\"https:\\\/\\\/ranoja.ee\\\/wp-content\\\/uploads\\\/2026\\\/01\\\/REMET-CNC-TECHNOLOGY-hudrauliline-tostuk-kraana-250.png\",\"width\":458,\"height\":458,\"caption\":\"REMET CNC TECHNOLOGY h\u00fcdrauliline t\u00f5stuk kraana 250\"},{\"@type\":\"BreadcrumbList\",\"@id\":\"https:\\\/\\\/ranoja.ee\\\/toode\\\/remet-cnc-technology-hudrauliline-tostuk-kraana-250\\\/#breadcrumb\",\"itemListElement\":[{\"@type\":\"ListItem\",\"position\":1,\"name\":\"Home\",\"item\":\"https:\\\/\\\/ranoja.ee\\\/\"},{\"@type\":\"ListItem\",\"position\":2,\"name\":\"Shop\",\"item\":\"https:\\\/\\\/ranoja.ee\\\/en\\\/shop\\\/\"},{\"@type\":\"ListItem\",\"position\":3,\"name\":\"Remet CNC Technology h\u00fcdrauliline t\u00f5stuk\\\/kraana 250\"}]},{\"@type\":\"WebSite\",\"@id\":\"https:\\\/\\\/ranoja.ee\\\/#website\",\"url\":\"https:\\\/\\\/ranoja.ee\\\/\",\"name\":\"Ranoja\",\"description\":\"Equipment Shop WooCommerce WordPress Theme for Machine &amp; Tools\",\"publisher\":{\"@id\":\"https:\\\/\\\/ranoja.ee\\\/#organization\"},\"potentialAction\":[{\"@type\":\"SearchAction\",\"target\":{\"@type\":\"EntryPoint\",\"urlTemplate\":\"https:\\\/\\\/ranoja.ee\\\/?s={search_term_string}\"},\"query-input\":{\"@type\":\"PropertyValueSpecification\",\"valueRequired\":true,\"valueName\":\"search_term_string\"}}],\"inLanguage\":\"en-US\"},{\"@type\":\"Organization\",\"@id\":\"https:\\\/\\\/ranoja.ee\\\/#organization\",\"name\":\"Ranoja O\u00dc\",\"url\":\"https:\\\/\\\/ranoja.ee\\\/\",\"logo\":{\"@type\":\"ImageObject\",\"inLanguage\":\"en-US\",\"@id\":\"https:\\\/\\\/ranoja.ee\\\/#\\\/schema\\\/logo\\\/image\\\/\",\"url\":\"https:\\\/\\\/ranoja.ee\\\/wp-content\\\/uploads\\\/2023\\\/11\\\/ranoja-Logo.png\",\"contentUrl\":\"https:\\\/\\\/ranoja.ee\\\/wp-content\\\/uploads\\\/2023\\\/11\\\/ranoja-Logo.png\",\"width\":207,\"height\":58,\"caption\":\"Ranoja O\u00dc\"},\"image\":{\"@id\":\"https:\\\/\\\/ranoja.ee\\\/#\\\/schema\\\/logo\\\/image\\\/\"},\"sameAs\":[\"https:\\\/\\\/www.facebook.com\\\/ranoja.ee\",\"https:\\\/\\\/www.instagram.com\\\/ranoja__\\\/\"]}]}<\/script>\n<!-- \/ Yoast SEO plugin. -->","yoast_head_json":{"title":"Remet CNC Technology h\u00fcdrauliline t\u00f5stuk\/kraana 250","description":"Remet CNC Technology h\u00fcdrauliline t\u00f5stuk\/kraana 250 H\u00fcdrauliline t\u00f5stuk\/kraana on mitmek\u00fclgne tugev seade mis on loodud koormate t\u00f5stmiseks ja liigutamiseks","robots":{"index":"index","follow":"follow","max-snippet":"max-snippet:-1","max-image-preview":"max-image-preview:large","max-video-preview":"max-video-preview:-1"},"canonical":"https:\/\/ranoja.ee\/toode\/remet-cnc-technology-hudrauliline-tostuk-kraana-250\/","og_locale":"en_US","og_type":"article","og_title":"Remet CNC Technology h\u00fcdrauliline t\u00f5stuk\/kraana 250","og_description":"Remet CNC Technology h\u00fcdrauliline t\u00f5stuk\/kraana 250 H\u00fcdrauliline t\u00f5stuk\/kraana on mitmek\u00fclgne tugev seade mis on loodud koormate t\u00f5stmiseks ja liigutamiseks","og_url":"https:\/\/ranoja.ee\/toode\/remet-cnc-technology-hudrauliline-tostuk-kraana-250\/","og_site_name":"Ranoja","article_publisher":"https:\/\/www.facebook.com\/ranoja.ee","article_modified_time":"2026-01-28T08:29:02+00:00","og_image":[{"width":458,"height":458,"url":"https:\/\/ranoja.ee\/wp-content\/uploads\/2026\/01\/REMET-CNC-TECHNOLOGY-hudrauliline-tostuk-kraana-250.png","type":"image\/png"}],"twitter_card":"summary_large_image","twitter_misc":{"Est. reading time":"2 minutes"},"schema":{"@context":"https:\/\/schema.org","@graph":[{"@type":"WebPage","@id":"https:\/\/ranoja.ee\/toode\/remet-cnc-technology-hudrauliline-tostuk-kraana-250\/","url":"https:\/\/ranoja.ee\/toode\/remet-cnc-technology-hudrauliline-tostuk-kraana-250\/","name":"Remet CNC Technology h\u00fcdrauliline t\u00f5stuk\/kraana 250","isPartOf":{"@id":"https:\/\/ranoja.ee\/#website"},"primaryImageOfPage":{"@id":"https:\/\/ranoja.ee\/toode\/remet-cnc-technology-hudrauliline-tostuk-kraana-250\/#primaryimage"},"image":{"@id":"https:\/\/ranoja.ee\/toode\/remet-cnc-technology-hudrauliline-tostuk-kraana-250\/#primaryimage"},"thumbnailUrl":"https:\/\/ranoja.ee\/wp-content\/uploads\/2026\/01\/REMET-CNC-TECHNOLOGY-hudrauliline-tostuk-kraana-250.png","datePublished":"2026-01-27T14:44:12+00:00","dateModified":"2026-01-28T08:29:02+00:00","description":"Remet CNC Technology h\u00fcdrauliline t\u00f5stuk\/kraana 250 H\u00fcdrauliline t\u00f5stuk\/kraana on mitmek\u00fclgne tugev seade mis on loodud koormate t\u00f5stmiseks ja liigutamiseks","breadcrumb":{"@id":"https:\/\/ranoja.ee\/toode\/remet-cnc-technology-hudrauliline-tostuk-kraana-250\/#breadcrumb"},"inLanguage":"en-US","potentialAction":[{"@type":"ReadAction","target":["https:\/\/ranoja.ee\/toode\/remet-cnc-technology-hudrauliline-tostuk-kraana-250\/"]}]},{"@type":"ImageObject","inLanguage":"en-US","@id":"https:\/\/ranoja.ee\/toode\/remet-cnc-technology-hudrauliline-tostuk-kraana-250\/#primaryimage","url":"https:\/\/ranoja.ee\/wp-content\/uploads\/2026\/01\/REMET-CNC-TECHNOLOGY-hudrauliline-tostuk-kraana-250.png","contentUrl":"https:\/\/ranoja.ee\/wp-content\/uploads\/2026\/01\/REMET-CNC-TECHNOLOGY-hudrauliline-tostuk-kraana-250.png","width":458,"height":458,"caption":"REMET CNC TECHNOLOGY h\u00fcdrauliline t\u00f5stuk kraana 250"},{"@type":"BreadcrumbList","@id":"https:\/\/ranoja.ee\/toode\/remet-cnc-technology-hudrauliline-tostuk-kraana-250\/#breadcrumb","itemListElement":[{"@type":"ListItem","position":1,"name":"Home","item":"https:\/\/ranoja.ee\/"},{"@type":"ListItem","position":2,"name":"Shop","item":"https:\/\/ranoja.ee\/en\/shop\/"},{"@type":"ListItem","position":3,"name":"Remet CNC Technology h\u00fcdrauliline t\u00f5stuk\/kraana 250"}]},{"@type":"WebSite","@id":"https:\/\/ranoja.ee\/#website","url":"https:\/\/ranoja.ee\/","name":"Ranoja","description":"Equipment Shop WooCommerce WordPress Theme for Machine &amp; Tools","publisher":{"@id":"https:\/\/ranoja.ee\/#organization"},"potentialAction":[{"@type":"SearchAction","target":{"@type":"EntryPoint","urlTemplate":"https:\/\/ranoja.ee\/?s={search_term_string}"},"query-input":{"@type":"PropertyValueSpecification","valueRequired":true,"valueName":"search_term_string"}}],"inLanguage":"en-US"},{"@type":"Organization","@id":"https:\/\/ranoja.ee\/#organization","name":"Ranoja O\u00dc","url":"https:\/\/ranoja.ee\/","logo":{"@type":"ImageObject","inLanguage":"en-US","@id":"https:\/\/ranoja.ee\/#\/schema\/logo\/image\/","url":"https:\/\/ranoja.ee\/wp-content\/uploads\/2023\/11\/ranoja-Logo.png","contentUrl":"https:\/\/ranoja.ee\/wp-content\/uploads\/2023\/11\/ranoja-Logo.png","width":207,"height":58,"caption":"Ranoja O\u00dc"},"image":{"@id":"https:\/\/ranoja.ee\/#\/schema\/logo\/image\/"},"sameAs":["https:\/\/www.facebook.com\/ranoja.ee","https:\/\/www.instagram.com\/ranoja__\/"]}]}},"_links":{"self":[{"href":"https:\/\/ranoja.ee\/en\/wp-json\/wp\/v2\/product\/28720","targetHints":{"allow":["GET"]}}],"collection":[{"href":"https:\/\/ranoja.ee\/en\/wp-json\/wp\/v2\/product"}],"about":[{"href":"https:\/\/ranoja.ee\/en\/wp-json\/wp\/v2\/types\/product"}],"wp:featuredmedia":[{"embeddable":true,"href":"https:\/\/ranoja.ee\/en\/wp-json\/wp\/v2\/media\/28747"}],"wp:attachment":[{"href":"https:\/\/ranoja.ee\/en\/wp-json\/wp\/v2\/media?parent=28720"}],"wp:term":[{"taxonomy":"product_cat","embeddable":true,"href":"https:\/\/ranoja.ee\/en\/wp-json\/wp\/v2\/product_cat?post=28720"},{"taxonomy":"product_tag","embeddable":true,"href":"https:\/\/ranoja.ee\/en\/wp-json\/wp\/v2\/product_tag?post=28720"}],"curies":[{"name":"wp","href":"https:\/\/api.w.org\/{rel}","templated":true}]}}