{"id":28678,"date":"2026-01-27T16:52:23","date_gmt":"2026-01-27T13:52:23","guid":{"rendered":"https:\/\/ranoja.ee\/?post_type=product&#038;p=28678"},"modified":"2026-01-28T11:33:48","modified_gmt":"2026-01-28T08:33:48","slug":"remet-cnc-technology-palgi-puiduhaarats-g-600","status":"publish","type":"product","link":"https:\/\/ranoja.ee\/en\/toode\/remet-cnc-technology-palgi-puiduhaarats-g-600\/","title":{"rendered":"Remet CNC Technology palgi-\/puiduhaarats G-600"},"content":{"rendered":"<p>Remet CNC Technology palgi-\/puiduhaarats G-600 <\/p>\n<p>See haarats \u00fchendab endas kvaliteetse konstruktsiooni, tugeva haardetehnoloogia ja kasutajas\u00f5braliku disaini, tagades efektiivse ning turvalise t\u00f6\u00f6 igas kasutusolukorras. Palgihaarats sobib ideaalselt kasutamiseks nii metsas, laadimisalal kui ka t\u00f6\u00f6kojas kasutamiseks, kus on vaja k\u00e4sitleda suuri v\u00f5i eba\u00fchtlast puitmaterjali.<\/p>\n<p>Seadme p\u00f5hikomponendiks on vastupidavad haardek\u00fc\u00fcnised, mis on valmistatud tugevast metallist. Need suudavad haarata erineva suuruse, kuju ja raskusega palke. T\u00e4nu sellele saab lihtsalt ja kindlalt haarata lahtist puitu, hoida seda stabiilselt ning asetada t\u00e4pselt soovitud kohta. Olgu see laadimisala, t\u00f6\u00f6pink v\u00f5i transportimiseks ettevalmistatud pind. Haardemehhanism on disainitud nii, et see ei kahjusta puitu ega libise koormuse all.<\/p>\n<p>REMET CNC TECHNOLOGY palgi-\/puiduhaarats on varustatud tugeva raamiga ning seda saab \u00fchendada erinevate t\u00f5ste- v\u00f5i liigutusseadmetega, nagu ekskavaatorid, teleskooplaadurid v\u00f5i kahvelt\u00f5stukid. Selle modulaarne ja kohandatav konstruktsioon v\u00f5imaldab seadme h\u00f5lpsat integreerimist erinevatesse t\u00f6\u00f6protsessidesse. Tihti sisaldab see lihtsaid reguleerimisv\u00f5imalusi, mis aitavad kohandada haardelaadset vastavalt puitdetailide m\u00f5\u00f5tmetele ja kasutaja vajadustele.<\/p>\n<p>Turvalisus on selle seadme juures v\u00e4ga oluline. Haardek\u00fc\u00fcnised on varustatud tugeva lukustusmehhanismiga ning konstruktsioon on projekteeritud nii, et koormus on alati kontrolli all. See v\u00e4hendab libisemise v\u00f5i ootamatute liigutuste riski ning tagab operatsiooni ohutuse ka rasketes tingimustes.<\/p>\n<p>Remet CNC Technology palgi-\/puiduhaarats G-600 <\/p>\n","protected":false},"excerpt":{"rendered":"<p>Remet CNC Technology palgi-\/puiduhaarats G-600<br \/>\nEfektiivne l\u00f5ugade laius: 600 mm<br \/>\nMaksimaalne l\u00f5ugade avanemine: 620 mm<br \/>\nMinimaalne l\u00f5ugade sulgemis ava suurus: 100 mm<br \/>\nLehe paksus: 12 mm<br \/>\nLehe laius: 65 mm<br \/>\nM20 klassi 10.9 poldid<br \/>\nKaitsega seekel<br \/>\nTootekood: 2G600<br \/>\nKaal: 13 kg<br \/>\n<strong>Eeldatav tarneaeg 2-3 n\u00e4dalat<\/strong><\/p>\n","protected":false},"featured_media":28685,"template":"","meta":{"inline_featured_image":false},"product_cat":[1455,1087],"product_tag":[3316,3303,3321,3304,3300,3296,3299,3301,3017,3302],"class_list":{"0":"post-28678","1":"product","2":"type-product","3":"status-publish","4":"has-post-thumbnail","6":"product_brand-remet-cnc-technology","7":"product_cat-kraanad-ja-palgihaaratsid","8":"product_cat-metsatehnika","9":"product_tag-1pc250","10":"product_tag-2g600","11":"product_tag-2pc350","12":"product_tag-g-600","13":"product_tag-haarats","14":"product_tag-palgi-puiduhaarats","15":"product_tag-palgihaarats","16":"product_tag-puiduhaarats","17":"product_tag-remet-cnc-technology","18":"product_tag-remet-cnc-technology-palgi-puiduhaarats-g-600","20":"first","21":"instock","22":"taxable","23":"shipping-taxable","24":"purchasable","25":"product-type-simple"},"yoast_head":"<!-- This site is optimized with the Yoast SEO plugin v27.4 - https:\/\/yoast.com\/product\/yoast-seo-wordpress\/ -->\n<title>Remet CNC Technology palgi-\/puiduhaarats G-600<\/title>\n<meta name=\"description\" content=\"Remet CNC Technology palgi-\/puiduhaarats G-600 Palgihaarats sobib ideaalselt kasutamiseks nii metsas, laadimisalal kui ka t\u00f6\u00f6kojas t\u00f5stmiseks\" \/>\n<meta name=\"robots\" content=\"index, follow, max-snippet:-1, max-image-preview:large, max-video-preview:-1\" \/>\n<link rel=\"canonical\" href=\"https:\/\/ranoja.ee\/toode\/remet-cnc-technology-palgi-puiduhaarats-g-600\/\" \/>\n<meta property=\"og:locale\" content=\"en_US\" \/>\n<meta property=\"og:type\" content=\"article\" \/>\n<meta property=\"og:title\" content=\"Remet CNC Technology palgi-\/puiduhaarats G-600\" \/>\n<meta property=\"og:description\" content=\"Remet CNC Technology palgi-\/puiduhaarats G-600 Palgihaarats sobib ideaalselt kasutamiseks nii metsas, laadimisalal kui ka t\u00f6\u00f6kojas t\u00f5stmiseks\" \/>\n<meta property=\"og:url\" content=\"https:\/\/ranoja.ee\/toode\/remet-cnc-technology-palgi-puiduhaarats-g-600\/\" \/>\n<meta property=\"og:site_name\" content=\"Ranoja\" \/>\n<meta property=\"article:publisher\" content=\"https:\/\/www.facebook.com\/ranoja.ee\" \/>\n<meta property=\"article:modified_time\" content=\"2026-01-28T08:33:48+00:00\" \/>\n<meta property=\"og:image\" content=\"https:\/\/ranoja.ee\/wp-content\/uploads\/2026\/01\/REMET-CNC-TECHNOLOGY-palgi-puiduhaarats-G-600.png\" \/>\n\t<meta property=\"og:image:width\" content=\"770\" \/>\n\t<meta property=\"og:image:height\" content=\"770\" \/>\n\t<meta property=\"og:image:type\" content=\"image\/png\" \/>\n<meta name=\"twitter:card\" content=\"summary_large_image\" \/>\n<meta name=\"twitter:label1\" content=\"Est. reading time\" \/>\n\t<meta name=\"twitter:data1\" content=\"2 minutes\" \/>\n<script type=\"application\/ld+json\" class=\"yoast-schema-graph\">{\"@context\":\"https:\\\/\\\/schema.org\",\"@graph\":[{\"@type\":\"WebPage\",\"@id\":\"https:\\\/\\\/ranoja.ee\\\/toode\\\/remet-cnc-technology-palgi-puiduhaarats-g-600\\\/\",\"url\":\"https:\\\/\\\/ranoja.ee\\\/toode\\\/remet-cnc-technology-palgi-puiduhaarats-g-600\\\/\",\"name\":\"Remet CNC Technology palgi-\\\/puiduhaarats G-600\",\"isPartOf\":{\"@id\":\"https:\\\/\\\/ranoja.ee\\\/#website\"},\"primaryImageOfPage\":{\"@id\":\"https:\\\/\\\/ranoja.ee\\\/toode\\\/remet-cnc-technology-palgi-puiduhaarats-g-600\\\/#primaryimage\"},\"image\":{\"@id\":\"https:\\\/\\\/ranoja.ee\\\/toode\\\/remet-cnc-technology-palgi-puiduhaarats-g-600\\\/#primaryimage\"},\"thumbnailUrl\":\"https:\\\/\\\/ranoja.ee\\\/wp-content\\\/uploads\\\/2026\\\/01\\\/REMET-CNC-TECHNOLOGY-palgi-puiduhaarats-G-600.png\",\"datePublished\":\"2026-01-27T13:52:23+00:00\",\"dateModified\":\"2026-01-28T08:33:48+00:00\",\"description\":\"Remet CNC Technology palgi-\\\/puiduhaarats G-600 Palgihaarats sobib ideaalselt kasutamiseks nii metsas, laadimisalal kui ka t\u00f6\u00f6kojas t\u00f5stmiseks\",\"breadcrumb\":{\"@id\":\"https:\\\/\\\/ranoja.ee\\\/toode\\\/remet-cnc-technology-palgi-puiduhaarats-g-600\\\/#breadcrumb\"},\"inLanguage\":\"en-US\",\"potentialAction\":[{\"@type\":\"ReadAction\",\"target\":[\"https:\\\/\\\/ranoja.ee\\\/toode\\\/remet-cnc-technology-palgi-puiduhaarats-g-600\\\/\"]}]},{\"@type\":\"ImageObject\",\"inLanguage\":\"en-US\",\"@id\":\"https:\\\/\\\/ranoja.ee\\\/toode\\\/remet-cnc-technology-palgi-puiduhaarats-g-600\\\/#primaryimage\",\"url\":\"https:\\\/\\\/ranoja.ee\\\/wp-content\\\/uploads\\\/2026\\\/01\\\/REMET-CNC-TECHNOLOGY-palgi-puiduhaarats-G-600.png\",\"contentUrl\":\"https:\\\/\\\/ranoja.ee\\\/wp-content\\\/uploads\\\/2026\\\/01\\\/REMET-CNC-TECHNOLOGY-palgi-puiduhaarats-G-600.png\",\"width\":770,\"height\":770,\"caption\":\"REMET CNC TECHNOLOGY palgi-puiduhaarats G-600\"},{\"@type\":\"BreadcrumbList\",\"@id\":\"https:\\\/\\\/ranoja.ee\\\/toode\\\/remet-cnc-technology-palgi-puiduhaarats-g-600\\\/#breadcrumb\",\"itemListElement\":[{\"@type\":\"ListItem\",\"position\":1,\"name\":\"Home\",\"item\":\"https:\\\/\\\/ranoja.ee\\\/\"},{\"@type\":\"ListItem\",\"position\":2,\"name\":\"Shop\",\"item\":\"https:\\\/\\\/ranoja.ee\\\/en\\\/shop\\\/\"},{\"@type\":\"ListItem\",\"position\":3,\"name\":\"Remet CNC Technology palgi-\\\/puiduhaarats G-600\"}]},{\"@type\":\"WebSite\",\"@id\":\"https:\\\/\\\/ranoja.ee\\\/#website\",\"url\":\"https:\\\/\\\/ranoja.ee\\\/\",\"name\":\"Ranoja\",\"description\":\"Equipment Shop WooCommerce WordPress Theme for Machine &amp; Tools\",\"publisher\":{\"@id\":\"https:\\\/\\\/ranoja.ee\\\/#organization\"},\"potentialAction\":[{\"@type\":\"SearchAction\",\"target\":{\"@type\":\"EntryPoint\",\"urlTemplate\":\"https:\\\/\\\/ranoja.ee\\\/?s={search_term_string}\"},\"query-input\":{\"@type\":\"PropertyValueSpecification\",\"valueRequired\":true,\"valueName\":\"search_term_string\"}}],\"inLanguage\":\"en-US\"},{\"@type\":\"Organization\",\"@id\":\"https:\\\/\\\/ranoja.ee\\\/#organization\",\"name\":\"Ranoja O\u00dc\",\"url\":\"https:\\\/\\\/ranoja.ee\\\/\",\"logo\":{\"@type\":\"ImageObject\",\"inLanguage\":\"en-US\",\"@id\":\"https:\\\/\\\/ranoja.ee\\\/#\\\/schema\\\/logo\\\/image\\\/\",\"url\":\"https:\\\/\\\/ranoja.ee\\\/wp-content\\\/uploads\\\/2023\\\/11\\\/ranoja-Logo.png\",\"contentUrl\":\"https:\\\/\\\/ranoja.ee\\\/wp-content\\\/uploads\\\/2023\\\/11\\\/ranoja-Logo.png\",\"width\":207,\"height\":58,\"caption\":\"Ranoja O\u00dc\"},\"image\":{\"@id\":\"https:\\\/\\\/ranoja.ee\\\/#\\\/schema\\\/logo\\\/image\\\/\"},\"sameAs\":[\"https:\\\/\\\/www.facebook.com\\\/ranoja.ee\",\"https:\\\/\\\/www.instagram.com\\\/ranoja__\\\/\"]}]}<\/script>\n<!-- \/ Yoast SEO plugin. -->","yoast_head_json":{"title":"Remet CNC Technology palgi-\/puiduhaarats G-600","description":"Remet CNC Technology palgi-\/puiduhaarats G-600 Palgihaarats sobib ideaalselt kasutamiseks nii metsas, laadimisalal kui ka t\u00f6\u00f6kojas t\u00f5stmiseks","robots":{"index":"index","follow":"follow","max-snippet":"max-snippet:-1","max-image-preview":"max-image-preview:large","max-video-preview":"max-video-preview:-1"},"canonical":"https:\/\/ranoja.ee\/toode\/remet-cnc-technology-palgi-puiduhaarats-g-600\/","og_locale":"en_US","og_type":"article","og_title":"Remet CNC Technology palgi-\/puiduhaarats G-600","og_description":"Remet CNC Technology palgi-\/puiduhaarats G-600 Palgihaarats sobib ideaalselt kasutamiseks nii metsas, laadimisalal kui ka t\u00f6\u00f6kojas t\u00f5stmiseks","og_url":"https:\/\/ranoja.ee\/toode\/remet-cnc-technology-palgi-puiduhaarats-g-600\/","og_site_name":"Ranoja","article_publisher":"https:\/\/www.facebook.com\/ranoja.ee","article_modified_time":"2026-01-28T08:33:48+00:00","og_image":[{"width":770,"height":770,"url":"https:\/\/ranoja.ee\/wp-content\/uploads\/2026\/01\/REMET-CNC-TECHNOLOGY-palgi-puiduhaarats-G-600.png","type":"image\/png"}],"twitter_card":"summary_large_image","twitter_misc":{"Est. reading time":"2 minutes"},"schema":{"@context":"https:\/\/schema.org","@graph":[{"@type":"WebPage","@id":"https:\/\/ranoja.ee\/toode\/remet-cnc-technology-palgi-puiduhaarats-g-600\/","url":"https:\/\/ranoja.ee\/toode\/remet-cnc-technology-palgi-puiduhaarats-g-600\/","name":"Remet CNC Technology palgi-\/puiduhaarats G-600","isPartOf":{"@id":"https:\/\/ranoja.ee\/#website"},"primaryImageOfPage":{"@id":"https:\/\/ranoja.ee\/toode\/remet-cnc-technology-palgi-puiduhaarats-g-600\/#primaryimage"},"image":{"@id":"https:\/\/ranoja.ee\/toode\/remet-cnc-technology-palgi-puiduhaarats-g-600\/#primaryimage"},"thumbnailUrl":"https:\/\/ranoja.ee\/wp-content\/uploads\/2026\/01\/REMET-CNC-TECHNOLOGY-palgi-puiduhaarats-G-600.png","datePublished":"2026-01-27T13:52:23+00:00","dateModified":"2026-01-28T08:33:48+00:00","description":"Remet CNC Technology palgi-\/puiduhaarats G-600 Palgihaarats sobib ideaalselt kasutamiseks nii metsas, laadimisalal kui ka t\u00f6\u00f6kojas t\u00f5stmiseks","breadcrumb":{"@id":"https:\/\/ranoja.ee\/toode\/remet-cnc-technology-palgi-puiduhaarats-g-600\/#breadcrumb"},"inLanguage":"en-US","potentialAction":[{"@type":"ReadAction","target":["https:\/\/ranoja.ee\/toode\/remet-cnc-technology-palgi-puiduhaarats-g-600\/"]}]},{"@type":"ImageObject","inLanguage":"en-US","@id":"https:\/\/ranoja.ee\/toode\/remet-cnc-technology-palgi-puiduhaarats-g-600\/#primaryimage","url":"https:\/\/ranoja.ee\/wp-content\/uploads\/2026\/01\/REMET-CNC-TECHNOLOGY-palgi-puiduhaarats-G-600.png","contentUrl":"https:\/\/ranoja.ee\/wp-content\/uploads\/2026\/01\/REMET-CNC-TECHNOLOGY-palgi-puiduhaarats-G-600.png","width":770,"height":770,"caption":"REMET CNC TECHNOLOGY palgi-puiduhaarats G-600"},{"@type":"BreadcrumbList","@id":"https:\/\/ranoja.ee\/toode\/remet-cnc-technology-palgi-puiduhaarats-g-600\/#breadcrumb","itemListElement":[{"@type":"ListItem","position":1,"name":"Home","item":"https:\/\/ranoja.ee\/"},{"@type":"ListItem","position":2,"name":"Shop","item":"https:\/\/ranoja.ee\/en\/shop\/"},{"@type":"ListItem","position":3,"name":"Remet CNC Technology palgi-\/puiduhaarats G-600"}]},{"@type":"WebSite","@id":"https:\/\/ranoja.ee\/#website","url":"https:\/\/ranoja.ee\/","name":"Ranoja","description":"Equipment Shop WooCommerce WordPress Theme for Machine &amp; Tools","publisher":{"@id":"https:\/\/ranoja.ee\/#organization"},"potentialAction":[{"@type":"SearchAction","target":{"@type":"EntryPoint","urlTemplate":"https:\/\/ranoja.ee\/?s={search_term_string}"},"query-input":{"@type":"PropertyValueSpecification","valueRequired":true,"valueName":"search_term_string"}}],"inLanguage":"en-US"},{"@type":"Organization","@id":"https:\/\/ranoja.ee\/#organization","name":"Ranoja O\u00dc","url":"https:\/\/ranoja.ee\/","logo":{"@type":"ImageObject","inLanguage":"en-US","@id":"https:\/\/ranoja.ee\/#\/schema\/logo\/image\/","url":"https:\/\/ranoja.ee\/wp-content\/uploads\/2023\/11\/ranoja-Logo.png","contentUrl":"https:\/\/ranoja.ee\/wp-content\/uploads\/2023\/11\/ranoja-Logo.png","width":207,"height":58,"caption":"Ranoja O\u00dc"},"image":{"@id":"https:\/\/ranoja.ee\/#\/schema\/logo\/image\/"},"sameAs":["https:\/\/www.facebook.com\/ranoja.ee","https:\/\/www.instagram.com\/ranoja__\/"]}]}},"_links":{"self":[{"href":"https:\/\/ranoja.ee\/en\/wp-json\/wp\/v2\/product\/28678","targetHints":{"allow":["GET"]}}],"collection":[{"href":"https:\/\/ranoja.ee\/en\/wp-json\/wp\/v2\/product"}],"about":[{"href":"https:\/\/ranoja.ee\/en\/wp-json\/wp\/v2\/types\/product"}],"wp:featuredmedia":[{"embeddable":true,"href":"https:\/\/ranoja.ee\/en\/wp-json\/wp\/v2\/media\/28685"}],"wp:attachment":[{"href":"https:\/\/ranoja.ee\/en\/wp-json\/wp\/v2\/media?parent=28678"}],"wp:term":[{"taxonomy":"product_cat","embeddable":true,"href":"https:\/\/ranoja.ee\/en\/wp-json\/wp\/v2\/product_cat?post=28678"},{"taxonomy":"product_tag","embeddable":true,"href":"https:\/\/ranoja.ee\/en\/wp-json\/wp\/v2\/product_tag?post=28678"}],"curies":[{"name":"wp","href":"https:\/\/api.w.org\/{rel}","templated":true}]}}