{"id":28677,"date":"2026-01-27T17:38:59","date_gmt":"2026-01-27T14:38:59","guid":{"rendered":"https:\/\/ranoja.ee\/?post_type=product&#038;p=28677"},"modified":"2026-01-27T18:13:01","modified_gmt":"2026-01-27T15:13:01","slug":"aura-r2-rmr1500e-robotniiduk-1500-m%c2%b2kaablivaba","status":"publish","type":"product","link":"https:\/\/ranoja.ee\/en\/toode\/aura-r2-rmr1500e-robotniiduk-1500-m%c2%b2kaablivaba\/","title":{"rendered":"AURA-R2 RMR1500E robotniiduk 1500 m\u00b2(kaablivaba)"},"content":{"rendered":"<p>AURA-R2 RMR1500E robotniiduk 1500 m\u00b2(kaablivaba)<\/p>\n<p>AURA-R2 RMR1500E on loodud kuni 1500 m\u00b2 niidualadele, luues teie \u00f5ueala jaoks nutika ja kaablivaba niitmise. See kohandub teie aia kujundusega, reageerib takistustele koheselt ja hoiab iga p\u00e4ev muru puhta ja \u00fchtlasena.<\/p>\n<p>S\u00fcsteemi tuumaks on PATH IQ\u2122, mis sisaldab endas EGO t\u00e4iustatud navigeerimiss\u00fcsteemi, mis \u00fchendab RTK*, VSLAM* ja VIO* tehnoloogiad.<br \/>\nNeed tehnoloogiad t\u00f6\u00f6tavad koos, et kaardistada ja navigeerida teie aias sentimeetri t\u00e4psusega, planeerides t\u00f5husad ja kattumatud niiduteed ilma piirdekaablita.<\/p>\n<p>PATH IQ\u2122 kaardistab, kohandub ja korrigeerib liikumist reaalajas, pakkudes t\u00e4pseid tulemusi ilma \u00fcleliigsete liigutusteta<br \/>\nSee tunneb \u00e4ra takistused, nagu m\u00e4nguasjad, t\u00f6\u00f6riistad v\u00f5i lemmikloomad, v\u00e4ldib neid nutikalt ja p\u00fcsib kindlalt rajal seinte, puude v\u00f5i kitsaste l\u00e4bip\u00e4\u00e4sude l\u00e4heduses.<\/p>\n<p>AURA-R2 niidab s\u00fcsteemselt muudetava niidumustriga, mis tagab k\u00f5ige t\u00f5husama l\u00f5ike, maksimeerides katvuse ja j\u00e4ttes iga muruplatsi laitmatuks.<br \/>\nRMR1500E toetab kuni 20 niidualaga haldust, liikudes sujuvalt alade vahel \u00fcle radade v\u00f5i sisses\u00f5iduteede.<\/p>\n<p>T\u00e4nu 50% kallakutaluvusele, kolmele p\u00f6\u00f6rlevale terale ja 20\u201390 mm elektroonilisele l\u00f5ikek\u00f5rguse reguleerimisele kohandub see h\u00f5lpsasti erineva maastikuga. Vihmatuvastus peatab niitmise vajaduse korral, samal ajal kui GPS-j\u00e4lgimine ja teavitused pakuvad lisaturvalisust.<\/p>\n<p>Bluetooth-, Wi-Fi- ja 4G-\u00fchenduvus integreerub sujuvalt EGO Connect rakendusega. IP66-klassi korpus kaitseb seadet ilmastikutingimuste eest ja seda on lihtne puhastada, ka surveveega.<\/p>\n<p>*RTK (Real-Time Kinematic) \u2013 Kasutab satelliitsignaale ja PATH IQ\u2122 antenni parandusi, et m\u00e4\u00e4rata niiduki asukoht \u00e4\u00e4rmise t\u00e4psusega. <\/p>\n<p>*VSLAM (Visual Simultaneous Localisation and Mapping) \u2013 Niiduki visuaals\u00fcsteem, mis kasutab kahte kaamerat keskkonna reaalajas \u201en\u00e4gemiseks\u201d ja kaardistamiseks.<\/p>\n<p>Tuvastades takistused* *VIO (Visual Inertial Odometry) \u2013 \u00dchendab kaamerapildi ja sisemised liikumisandurid.<br \/>\nNiiduk j\u00e4lgib enda liikumist ja asendit isegi siis, kui satelliidisignaal ajutiselt puudub.<\/p>\n","protected":false},"excerpt":{"rendered":"<p>AURA-R2 RMR1500E pakub kuni 1500 m\u00b2 murualadele nutikat niitmist, mida juhib sentimeetrit\u00e4psusega PATH IQ\u2122 s\u00fcsteem.<br \/>\nPATH IQ\u2122 kaardistab, kohandub ja korrigeerib reaalajas liikumist, et tagada t\u00f5hus ja t\u00e4pne niitmine ilma liigse \u00fclekatteta.<br \/>\nAURA-R2 kasutab t\u00f6\u00f6ks s\u00fcstemaatilist niitmist muudetava niidumustriga, maksimeerides niidualaja hoides muru alati laitmatuna.<br \/>\nKaamerap\u00f5hine takistuste tuvastus<br \/>\nPaindlik mitme niiduala niitmine, 50% kallakutaluvus ja t\u00e4ielik rakenduse \u00fchenduvus Bluetoothi, Wi-Fi ja 4G kaudu.<\/p>\n<p>NIIDUALA: 1500 m\u00b2<br \/>\nAKU:Lithium-Ion21.78 V\/4.6 Ah<br \/>\nNiiduaeg: 110 min<br \/>\nLaadimine: 90 min<br \/>\nL\u00f5ikelaius: 24 cm<br \/>\nL\u00f5iketerad: 3tk (AB1009R komplekt)<br \/>\nL\u00f5ikek\u00f5rgus: 20 \u2013 90 mm<br \/>\nKlass: IP66<br \/>\nPATH IQ\u2122<br \/>\n<strong>Eeldatav tarneaeg 1-7 t\u00f6\u00f6p\u00e4eva<\/strong><\/p>\n<p><strong><a href=\"https:\/\/egopowerplus.ee\/v2\/login\">ENDA EGO SEADME PALUME REGISTREERIDA SIIN<\/a>:<\/strong><\/p>\n[embed]https:\/\/www.youtube.com\/watch?v=Oi903S3V8Z0[\/embed]\n","protected":false},"featured_media":28708,"template":"","meta":{"inline_featured_image":false},"product_cat":[1079,1080],"product_tag":[1827,1826,3312,3311,1144,1152],"class_list":{"0":"post-28677","1":"product","2":"type-product","3":"status-publish","4":"has-post-thumbnail","6":"product_brand-ego-power","7":"product_cat-aiatehnika-ja-niidutehnika","8":"product_cat-robotniidukid","9":"product_tag-ego","10":"product_tag-ego-power","11":"product_tag-kaablivaba","12":"product_tag-rmr1500e","13":"product_tag-robotniiduk","14":"product_tag-robotniidukid","16":"first","17":"instock","18":"taxable","19":"shipping-taxable","20":"purchasable","21":"product-type-simple"},"yoast_head":"<!-- This site is optimized with the Yoast SEO plugin v27.4 - https:\/\/yoast.com\/product\/yoast-seo-wordpress\/ -->\n<title>AURA-R2 RMR1500E robotniiduk 1500 m\u00b2(kaablivaba)<\/title>\n<meta name=\"description\" content=\"AURA-R2 RMR1500E robotniiduk 1500 m\u00b2(kaablivaba) - Kaamerap\u00f5hine takistuste tuvastus, L\u00f5ikelaius: 24 cm PATH IQ\u2122 - nutikas ja kaablivaba niitmine!\" \/>\n<meta name=\"robots\" content=\"index, follow, max-snippet:-1, max-image-preview:large, max-video-preview:-1\" \/>\n<link rel=\"canonical\" href=\"https:\/\/ranoja.ee\/toode\/aura-r2-rmr1500e-robotniiduk-1500-m\u00b2kaablivaba\/\" \/>\n<meta property=\"og:locale\" content=\"en_US\" \/>\n<meta property=\"og:type\" content=\"article\" \/>\n<meta property=\"og:title\" content=\"AURA-R2 RMR1500E robotniiduk 1500 m\u00b2(kaablivaba)\" \/>\n<meta property=\"og:description\" content=\"AURA-R2 RMR1500E robotniiduk 1500 m\u00b2(kaablivaba) - Kaamerap\u00f5hine takistuste tuvastus, L\u00f5ikelaius: 24 cm PATH IQ\u2122 - nutikas ja kaablivaba niitmine!\" \/>\n<meta property=\"og:url\" content=\"https:\/\/ranoja.ee\/toode\/aura-r2-rmr1500e-robotniiduk-1500-m\u00b2kaablivaba\/\" \/>\n<meta property=\"og:site_name\" content=\"Ranoja\" \/>\n<meta property=\"article:publisher\" content=\"https:\/\/www.facebook.com\/ranoja.ee\" \/>\n<meta property=\"article:modified_time\" content=\"2026-01-27T15:13:01+00:00\" \/>\n<meta property=\"og:image\" content=\"https:\/\/ranoja.ee\/wp-content\/uploads\/2026\/01\/AURA-R2-RMR1500E-robotniiduk-1500-m\u00b2kaablivaba.png\" \/>\n\t<meta property=\"og:image:width\" content=\"800\" \/>\n\t<meta property=\"og:image:height\" content=\"566\" \/>\n\t<meta property=\"og:image:type\" content=\"image\/png\" \/>\n<meta name=\"twitter:card\" content=\"summary_large_image\" \/>\n<meta name=\"twitter:label1\" content=\"Est. reading time\" \/>\n\t<meta name=\"twitter:data1\" content=\"2 minutes\" \/>\n<script type=\"application\/ld+json\" class=\"yoast-schema-graph\">{\"@context\":\"https:\\\/\\\/schema.org\",\"@graph\":[{\"@type\":\"WebPage\",\"@id\":\"https:\\\/\\\/ranoja.ee\\\/toode\\\/aura-r2-rmr1500e-robotniiduk-1500-m%c2%b2kaablivaba\\\/\",\"url\":\"https:\\\/\\\/ranoja.ee\\\/toode\\\/aura-r2-rmr1500e-robotniiduk-1500-m%c2%b2kaablivaba\\\/\",\"name\":\"AURA-R2 RMR1500E robotniiduk 1500 m\u00b2(kaablivaba)\",\"isPartOf\":{\"@id\":\"https:\\\/\\\/ranoja.ee\\\/#website\"},\"primaryImageOfPage\":{\"@id\":\"https:\\\/\\\/ranoja.ee\\\/toode\\\/aura-r2-rmr1500e-robotniiduk-1500-m%c2%b2kaablivaba\\\/#primaryimage\"},\"image\":{\"@id\":\"https:\\\/\\\/ranoja.ee\\\/toode\\\/aura-r2-rmr1500e-robotniiduk-1500-m%c2%b2kaablivaba\\\/#primaryimage\"},\"thumbnailUrl\":\"https:\\\/\\\/ranoja.ee\\\/wp-content\\\/uploads\\\/2026\\\/01\\\/AURA-R2-RMR1500E-robotniiduk-1500-m\u00b2kaablivaba.png\",\"datePublished\":\"2026-01-27T14:38:59+00:00\",\"dateModified\":\"2026-01-27T15:13:01+00:00\",\"description\":\"AURA-R2 RMR1500E robotniiduk 1500 m\u00b2(kaablivaba) - Kaamerap\u00f5hine takistuste tuvastus, L\u00f5ikelaius: 24 cm PATH IQ\u2122 - nutikas ja kaablivaba niitmine!\",\"breadcrumb\":{\"@id\":\"https:\\\/\\\/ranoja.ee\\\/toode\\\/aura-r2-rmr1500e-robotniiduk-1500-m%c2%b2kaablivaba\\\/#breadcrumb\"},\"inLanguage\":\"en-US\",\"potentialAction\":[{\"@type\":\"ReadAction\",\"target\":[\"https:\\\/\\\/ranoja.ee\\\/toode\\\/aura-r2-rmr1500e-robotniiduk-1500-m%c2%b2kaablivaba\\\/\"]}]},{\"@type\":\"ImageObject\",\"inLanguage\":\"en-US\",\"@id\":\"https:\\\/\\\/ranoja.ee\\\/toode\\\/aura-r2-rmr1500e-robotniiduk-1500-m%c2%b2kaablivaba\\\/#primaryimage\",\"url\":\"https:\\\/\\\/ranoja.ee\\\/wp-content\\\/uploads\\\/2026\\\/01\\\/AURA-R2-RMR1500E-robotniiduk-1500-m\u00b2kaablivaba.png\",\"contentUrl\":\"https:\\\/\\\/ranoja.ee\\\/wp-content\\\/uploads\\\/2026\\\/01\\\/AURA-R2-RMR1500E-robotniiduk-1500-m\u00b2kaablivaba.png\",\"width\":800,\"height\":566,\"caption\":\"AURA-R2 RMR1500E robotniiduk 1500 m\u00b2(kaablivaba)\"},{\"@type\":\"BreadcrumbList\",\"@id\":\"https:\\\/\\\/ranoja.ee\\\/toode\\\/aura-r2-rmr1500e-robotniiduk-1500-m%c2%b2kaablivaba\\\/#breadcrumb\",\"itemListElement\":[{\"@type\":\"ListItem\",\"position\":1,\"name\":\"Home\",\"item\":\"https:\\\/\\\/ranoja.ee\\\/\"},{\"@type\":\"ListItem\",\"position\":2,\"name\":\"Shop\",\"item\":\"https:\\\/\\\/ranoja.ee\\\/en\\\/shop\\\/\"},{\"@type\":\"ListItem\",\"position\":3,\"name\":\"AURA-R2 RMR1500E robotniiduk 1500 m\u00b2(kaablivaba)\"}]},{\"@type\":\"WebSite\",\"@id\":\"https:\\\/\\\/ranoja.ee\\\/#website\",\"url\":\"https:\\\/\\\/ranoja.ee\\\/\",\"name\":\"Ranoja\",\"description\":\"Equipment Shop WooCommerce WordPress Theme for Machine &amp; Tools\",\"publisher\":{\"@id\":\"https:\\\/\\\/ranoja.ee\\\/#organization\"},\"potentialAction\":[{\"@type\":\"SearchAction\",\"target\":{\"@type\":\"EntryPoint\",\"urlTemplate\":\"https:\\\/\\\/ranoja.ee\\\/?s={search_term_string}\"},\"query-input\":{\"@type\":\"PropertyValueSpecification\",\"valueRequired\":true,\"valueName\":\"search_term_string\"}}],\"inLanguage\":\"en-US\"},{\"@type\":\"Organization\",\"@id\":\"https:\\\/\\\/ranoja.ee\\\/#organization\",\"name\":\"Ranoja O\u00dc\",\"url\":\"https:\\\/\\\/ranoja.ee\\\/\",\"logo\":{\"@type\":\"ImageObject\",\"inLanguage\":\"en-US\",\"@id\":\"https:\\\/\\\/ranoja.ee\\\/#\\\/schema\\\/logo\\\/image\\\/\",\"url\":\"https:\\\/\\\/ranoja.ee\\\/wp-content\\\/uploads\\\/2023\\\/11\\\/ranoja-Logo.png\",\"contentUrl\":\"https:\\\/\\\/ranoja.ee\\\/wp-content\\\/uploads\\\/2023\\\/11\\\/ranoja-Logo.png\",\"width\":207,\"height\":58,\"caption\":\"Ranoja O\u00dc\"},\"image\":{\"@id\":\"https:\\\/\\\/ranoja.ee\\\/#\\\/schema\\\/logo\\\/image\\\/\"},\"sameAs\":[\"https:\\\/\\\/www.facebook.com\\\/ranoja.ee\",\"https:\\\/\\\/www.instagram.com\\\/ranoja__\\\/\"]}]}<\/script>\n<!-- \/ Yoast SEO plugin. -->","yoast_head_json":{"title":"AURA-R2 RMR1500E robotniiduk 1500 m\u00b2(kaablivaba)","description":"AURA-R2 RMR1500E robotniiduk 1500 m\u00b2(kaablivaba) - Kaamerap\u00f5hine takistuste tuvastus, L\u00f5ikelaius: 24 cm PATH IQ\u2122 - nutikas ja kaablivaba niitmine!","robots":{"index":"index","follow":"follow","max-snippet":"max-snippet:-1","max-image-preview":"max-image-preview:large","max-video-preview":"max-video-preview:-1"},"canonical":"https:\/\/ranoja.ee\/toode\/aura-r2-rmr1500e-robotniiduk-1500-m\u00b2kaablivaba\/","og_locale":"en_US","og_type":"article","og_title":"AURA-R2 RMR1500E robotniiduk 1500 m\u00b2(kaablivaba)","og_description":"AURA-R2 RMR1500E robotniiduk 1500 m\u00b2(kaablivaba) - Kaamerap\u00f5hine takistuste tuvastus, L\u00f5ikelaius: 24 cm PATH IQ\u2122 - nutikas ja kaablivaba niitmine!","og_url":"https:\/\/ranoja.ee\/toode\/aura-r2-rmr1500e-robotniiduk-1500-m\u00b2kaablivaba\/","og_site_name":"Ranoja","article_publisher":"https:\/\/www.facebook.com\/ranoja.ee","article_modified_time":"2026-01-27T15:13:01+00:00","og_image":[{"width":800,"height":566,"url":"https:\/\/ranoja.ee\/wp-content\/uploads\/2026\/01\/AURA-R2-RMR1500E-robotniiduk-1500-m\u00b2kaablivaba.png","type":"image\/png"}],"twitter_card":"summary_large_image","twitter_misc":{"Est. reading time":"2 minutes"},"schema":{"@context":"https:\/\/schema.org","@graph":[{"@type":"WebPage","@id":"https:\/\/ranoja.ee\/toode\/aura-r2-rmr1500e-robotniiduk-1500-m%c2%b2kaablivaba\/","url":"https:\/\/ranoja.ee\/toode\/aura-r2-rmr1500e-robotniiduk-1500-m%c2%b2kaablivaba\/","name":"AURA-R2 RMR1500E robotniiduk 1500 m\u00b2(kaablivaba)","isPartOf":{"@id":"https:\/\/ranoja.ee\/#website"},"primaryImageOfPage":{"@id":"https:\/\/ranoja.ee\/toode\/aura-r2-rmr1500e-robotniiduk-1500-m%c2%b2kaablivaba\/#primaryimage"},"image":{"@id":"https:\/\/ranoja.ee\/toode\/aura-r2-rmr1500e-robotniiduk-1500-m%c2%b2kaablivaba\/#primaryimage"},"thumbnailUrl":"https:\/\/ranoja.ee\/wp-content\/uploads\/2026\/01\/AURA-R2-RMR1500E-robotniiduk-1500-m\u00b2kaablivaba.png","datePublished":"2026-01-27T14:38:59+00:00","dateModified":"2026-01-27T15:13:01+00:00","description":"AURA-R2 RMR1500E robotniiduk 1500 m\u00b2(kaablivaba) - Kaamerap\u00f5hine takistuste tuvastus, L\u00f5ikelaius: 24 cm PATH IQ\u2122 - nutikas ja kaablivaba niitmine!","breadcrumb":{"@id":"https:\/\/ranoja.ee\/toode\/aura-r2-rmr1500e-robotniiduk-1500-m%c2%b2kaablivaba\/#breadcrumb"},"inLanguage":"en-US","potentialAction":[{"@type":"ReadAction","target":["https:\/\/ranoja.ee\/toode\/aura-r2-rmr1500e-robotniiduk-1500-m%c2%b2kaablivaba\/"]}]},{"@type":"ImageObject","inLanguage":"en-US","@id":"https:\/\/ranoja.ee\/toode\/aura-r2-rmr1500e-robotniiduk-1500-m%c2%b2kaablivaba\/#primaryimage","url":"https:\/\/ranoja.ee\/wp-content\/uploads\/2026\/01\/AURA-R2-RMR1500E-robotniiduk-1500-m\u00b2kaablivaba.png","contentUrl":"https:\/\/ranoja.ee\/wp-content\/uploads\/2026\/01\/AURA-R2-RMR1500E-robotniiduk-1500-m\u00b2kaablivaba.png","width":800,"height":566,"caption":"AURA-R2 RMR1500E robotniiduk 1500 m\u00b2(kaablivaba)"},{"@type":"BreadcrumbList","@id":"https:\/\/ranoja.ee\/toode\/aura-r2-rmr1500e-robotniiduk-1500-m%c2%b2kaablivaba\/#breadcrumb","itemListElement":[{"@type":"ListItem","position":1,"name":"Home","item":"https:\/\/ranoja.ee\/"},{"@type":"ListItem","position":2,"name":"Shop","item":"https:\/\/ranoja.ee\/en\/shop\/"},{"@type":"ListItem","position":3,"name":"AURA-R2 RMR1500E robotniiduk 1500 m\u00b2(kaablivaba)"}]},{"@type":"WebSite","@id":"https:\/\/ranoja.ee\/#website","url":"https:\/\/ranoja.ee\/","name":"Ranoja","description":"Equipment Shop WooCommerce WordPress Theme for Machine &amp; Tools","publisher":{"@id":"https:\/\/ranoja.ee\/#organization"},"potentialAction":[{"@type":"SearchAction","target":{"@type":"EntryPoint","urlTemplate":"https:\/\/ranoja.ee\/?s={search_term_string}"},"query-input":{"@type":"PropertyValueSpecification","valueRequired":true,"valueName":"search_term_string"}}],"inLanguage":"en-US"},{"@type":"Organization","@id":"https:\/\/ranoja.ee\/#organization","name":"Ranoja O\u00dc","url":"https:\/\/ranoja.ee\/","logo":{"@type":"ImageObject","inLanguage":"en-US","@id":"https:\/\/ranoja.ee\/#\/schema\/logo\/image\/","url":"https:\/\/ranoja.ee\/wp-content\/uploads\/2023\/11\/ranoja-Logo.png","contentUrl":"https:\/\/ranoja.ee\/wp-content\/uploads\/2023\/11\/ranoja-Logo.png","width":207,"height":58,"caption":"Ranoja O\u00dc"},"image":{"@id":"https:\/\/ranoja.ee\/#\/schema\/logo\/image\/"},"sameAs":["https:\/\/www.facebook.com\/ranoja.ee","https:\/\/www.instagram.com\/ranoja__\/"]}]}},"_links":{"self":[{"href":"https:\/\/ranoja.ee\/en\/wp-json\/wp\/v2\/product\/28677","targetHints":{"allow":["GET"]}}],"collection":[{"href":"https:\/\/ranoja.ee\/en\/wp-json\/wp\/v2\/product"}],"about":[{"href":"https:\/\/ranoja.ee\/en\/wp-json\/wp\/v2\/types\/product"}],"wp:featuredmedia":[{"embeddable":true,"href":"https:\/\/ranoja.ee\/en\/wp-json\/wp\/v2\/media\/28708"}],"wp:attachment":[{"href":"https:\/\/ranoja.ee\/en\/wp-json\/wp\/v2\/media?parent=28677"}],"wp:term":[{"taxonomy":"product_cat","embeddable":true,"href":"https:\/\/ranoja.ee\/en\/wp-json\/wp\/v2\/product_cat?post=28677"},{"taxonomy":"product_tag","embeddable":true,"href":"https:\/\/ranoja.ee\/en\/wp-json\/wp\/v2\/product_tag?post=28677"}],"curies":[{"name":"wp","href":"https:\/\/api.w.org\/{rel}","templated":true}]}}