{"id":28662,"date":"2026-01-27T16:51:32","date_gmt":"2026-01-27T13:51:32","guid":{"rendered":"https:\/\/ranoja.ee\/?post_type=product&#038;p=28662"},"modified":"2026-01-28T11:30:41","modified_gmt":"2026-01-28T08:30:41","slug":"remet-cnc-technology-palgi-puiduhaarats-g-500","status":"publish","type":"product","link":"https:\/\/ranoja.ee\/en\/toode\/remet-cnc-technology-palgi-puiduhaarats-g-500\/","title":{"rendered":"Remet CNC Technology palgi-\/puiduhaarats G-500"},"content":{"rendered":"<p>Remet CNC Technology palgi-\/puiduhaarats G-500 <\/p>\n<p>See haarats \u00fchendab endas kvaliteetse konstruktsiooni, tugeva haardetehnoloogia ja kasutajas\u00f5braliku disaini, tagades efektiivse ning turvalise t\u00f6\u00f6 igas kasutusolukorras. Palgihaarats sobib ideaalselt kasutamiseks nii metsas, laadimisalal kui ka t\u00f6\u00f6kojas kasutamiseks, kus on vaja k\u00e4sitleda suuri v\u00f5i eba\u00fchtlast puitmaterjali.<\/p>\n<p>Seadme p\u00f5hikomponendiks on vastupidavad haardek\u00fc\u00fcnised, mis on valmistatud tugevast metallist. Need suudavad haarata erineva suuruse, kuju ja raskusega palke. T\u00e4nu sellele saab lihtsalt ja kindlalt haarata lahtist puitu, hoida seda stabiilselt ning asetada t\u00e4pselt soovitud kohta. Olgu see laadimisala, t\u00f6\u00f6pink v\u00f5i transportimiseks ettevalmistatud pind. Haardemehhanism on disainitud nii, et see ei kahjusta puitu ega libise koormuse all.<\/p>\n<p>REMET CNC TECHNOLOGY palgi-\/puiduhaarats on varustatud tugeva raamiga ning seda saab \u00fchendada erinevate t\u00f5ste- v\u00f5i liigutusseadmetega, nagu ekskavaatorid, teleskooplaadurid v\u00f5i kahvelt\u00f5stukid. Selle modulaarne ja kohandatav konstruktsioon v\u00f5imaldab seadme h\u00f5lpsat integreerimist erinevatesse t\u00f6\u00f6protsessidesse. Tihti sisaldab see lihtsaid reguleerimisv\u00f5imalusi, mis aitavad kohandada haardelaadset vastavalt puitdetailide m\u00f5\u00f5tmetele ja kasutaja vajadustele.<\/p>\n<p>Turvalisus on selle seadme juures v\u00e4ga oluline. Haardek\u00fc\u00fcnised on varustatud tugeva lukustusmehhanismiga ning konstruktsioon on projekteeritud nii, et koormus on alati kontrolli all. See v\u00e4hendab libisemise v\u00f5i ootamatute liigutuste riski ning tagab operatsiooni ohutuse ka rasketes tingimustes.<\/p>\n<p>Remet CNC Technology palgi-\/puiduhaarats G-500 <\/p>\n","protected":false},"excerpt":{"rendered":"<p>Remet CNC Technology palgi-\/puiduhaarats G-500<br \/>\nEfektiivne l\u00f5ugade laius: 500 mm<br \/>\nMaksimaalne l\u00f5ugade avanemine: 520 mm<br \/>\nMinimaalne l\u00f5ugade sulgemis ava suurus: 80 mm<br \/>\nLehe paksus: 10 mm<br \/>\nLehe laius: 60 mm<br \/>\nM16 klassi 10.9 poldid<br \/>\nKaitsega seekel<br \/>\nTootekood: 1G500<br \/>\nKaal: 10 kg<br \/>\n<strong>Eeldatav tarneaeg 2-3 n\u00e4dalat<\/strong><\/p>\n","protected":false},"featured_media":28669,"template":"","meta":{"inline_featured_image":false},"product_cat":[1455,1087],"product_tag":[3298,3297,3300,3296,3299,3301,3017,3295],"class_list":{"0":"post-28662","1":"product","2":"type-product","3":"status-publish","4":"has-post-thumbnail","6":"product_brand-remet-cnc-technology","7":"product_cat-kraanad-ja-palgihaaratsid","8":"product_cat-metsatehnika","9":"product_tag-1g500","10":"product_tag-g-500","11":"product_tag-haarats","12":"product_tag-palgi-puiduhaarats","13":"product_tag-palgihaarats","14":"product_tag-puiduhaarats","15":"product_tag-remet-cnc-technology","16":"product_tag-remet-cnc-technology-palgi-puiduhaarats-g-500","18":"first","19":"instock","20":"taxable","21":"shipping-taxable","22":"purchasable","23":"product-type-simple"},"yoast_head":"<!-- This site is optimized with the Yoast SEO plugin v27.4 - https:\/\/yoast.com\/product\/yoast-seo-wordpress\/ -->\n<title>Remet CNC Technology palgi-\/puiduhaarats G-500<\/title>\n<meta name=\"description\" content=\"Remet CNC Technology palgi-\/puiduhaarats G-500 Palgihaarats sobib ideaalselt kasutamiseks nii metsas, laadimisalal kui ka t\u00f6\u00f6kojas kasutamiseks.\" \/>\n<meta name=\"robots\" content=\"index, follow, max-snippet:-1, max-image-preview:large, max-video-preview:-1\" \/>\n<link rel=\"canonical\" href=\"https:\/\/ranoja.ee\/toode\/remet-cnc-technology-palgi-puiduhaarats-g-500\/\" \/>\n<meta property=\"og:locale\" content=\"en_US\" \/>\n<meta property=\"og:type\" content=\"article\" \/>\n<meta property=\"og:title\" content=\"Remet CNC Technology palgi-\/puiduhaarats G-500\" \/>\n<meta property=\"og:description\" content=\"Remet CNC Technology palgi-\/puiduhaarats G-500 Palgihaarats sobib ideaalselt kasutamiseks nii metsas, laadimisalal kui ka t\u00f6\u00f6kojas kasutamiseks.\" \/>\n<meta property=\"og:url\" content=\"https:\/\/ranoja.ee\/toode\/remet-cnc-technology-palgi-puiduhaarats-g-500\/\" \/>\n<meta property=\"og:site_name\" content=\"Ranoja\" \/>\n<meta property=\"article:publisher\" content=\"https:\/\/www.facebook.com\/ranoja.ee\" \/>\n<meta property=\"article:modified_time\" content=\"2026-01-28T08:30:41+00:00\" \/>\n<meta property=\"og:image\" content=\"https:\/\/ranoja.ee\/wp-content\/uploads\/2026\/01\/REMET-CNC-TECHNOLOGY-palgi-puiduhaarats-G-500-4.png\" \/>\n\t<meta property=\"og:image:width\" content=\"770\" \/>\n\t<meta property=\"og:image:height\" content=\"770\" \/>\n\t<meta property=\"og:image:type\" content=\"image\/png\" \/>\n<meta name=\"twitter:card\" content=\"summary_large_image\" \/>\n<meta name=\"twitter:label1\" content=\"Est. reading time\" \/>\n\t<meta name=\"twitter:data1\" content=\"2 minutes\" \/>\n<script type=\"application\/ld+json\" class=\"yoast-schema-graph\">{\"@context\":\"https:\\\/\\\/schema.org\",\"@graph\":[{\"@type\":\"WebPage\",\"@id\":\"https:\\\/\\\/ranoja.ee\\\/toode\\\/remet-cnc-technology-palgi-puiduhaarats-g-500\\\/\",\"url\":\"https:\\\/\\\/ranoja.ee\\\/toode\\\/remet-cnc-technology-palgi-puiduhaarats-g-500\\\/\",\"name\":\"Remet CNC Technology palgi-\\\/puiduhaarats G-500\",\"isPartOf\":{\"@id\":\"https:\\\/\\\/ranoja.ee\\\/#website\"},\"primaryImageOfPage\":{\"@id\":\"https:\\\/\\\/ranoja.ee\\\/toode\\\/remet-cnc-technology-palgi-puiduhaarats-g-500\\\/#primaryimage\"},\"image\":{\"@id\":\"https:\\\/\\\/ranoja.ee\\\/toode\\\/remet-cnc-technology-palgi-puiduhaarats-g-500\\\/#primaryimage\"},\"thumbnailUrl\":\"https:\\\/\\\/ranoja.ee\\\/wp-content\\\/uploads\\\/2026\\\/01\\\/REMET-CNC-TECHNOLOGY-palgi-puiduhaarats-G-500-4.png\",\"datePublished\":\"2026-01-27T13:51:32+00:00\",\"dateModified\":\"2026-01-28T08:30:41+00:00\",\"description\":\"Remet CNC Technology palgi-\\\/puiduhaarats G-500 Palgihaarats sobib ideaalselt kasutamiseks nii metsas, laadimisalal kui ka t\u00f6\u00f6kojas kasutamiseks.\",\"breadcrumb\":{\"@id\":\"https:\\\/\\\/ranoja.ee\\\/toode\\\/remet-cnc-technology-palgi-puiduhaarats-g-500\\\/#breadcrumb\"},\"inLanguage\":\"en-US\",\"potentialAction\":[{\"@type\":\"ReadAction\",\"target\":[\"https:\\\/\\\/ranoja.ee\\\/toode\\\/remet-cnc-technology-palgi-puiduhaarats-g-500\\\/\"]}]},{\"@type\":\"ImageObject\",\"inLanguage\":\"en-US\",\"@id\":\"https:\\\/\\\/ranoja.ee\\\/toode\\\/remet-cnc-technology-palgi-puiduhaarats-g-500\\\/#primaryimage\",\"url\":\"https:\\\/\\\/ranoja.ee\\\/wp-content\\\/uploads\\\/2026\\\/01\\\/REMET-CNC-TECHNOLOGY-palgi-puiduhaarats-G-500-4.png\",\"contentUrl\":\"https:\\\/\\\/ranoja.ee\\\/wp-content\\\/uploads\\\/2026\\\/01\\\/REMET-CNC-TECHNOLOGY-palgi-puiduhaarats-G-500-4.png\",\"width\":770,\"height\":770,\"caption\":\"REMET CNC TECHNOLOGY palgi-puiduhaarats G-500\"},{\"@type\":\"BreadcrumbList\",\"@id\":\"https:\\\/\\\/ranoja.ee\\\/toode\\\/remet-cnc-technology-palgi-puiduhaarats-g-500\\\/#breadcrumb\",\"itemListElement\":[{\"@type\":\"ListItem\",\"position\":1,\"name\":\"Home\",\"item\":\"https:\\\/\\\/ranoja.ee\\\/\"},{\"@type\":\"ListItem\",\"position\":2,\"name\":\"Shop\",\"item\":\"https:\\\/\\\/ranoja.ee\\\/en\\\/shop\\\/\"},{\"@type\":\"ListItem\",\"position\":3,\"name\":\"Remet CNC Technology palgi-\\\/puiduhaarats G-500\"}]},{\"@type\":\"WebSite\",\"@id\":\"https:\\\/\\\/ranoja.ee\\\/#website\",\"url\":\"https:\\\/\\\/ranoja.ee\\\/\",\"name\":\"Ranoja\",\"description\":\"Equipment Shop WooCommerce WordPress Theme for Machine &amp; Tools\",\"publisher\":{\"@id\":\"https:\\\/\\\/ranoja.ee\\\/#organization\"},\"potentialAction\":[{\"@type\":\"SearchAction\",\"target\":{\"@type\":\"EntryPoint\",\"urlTemplate\":\"https:\\\/\\\/ranoja.ee\\\/?s={search_term_string}\"},\"query-input\":{\"@type\":\"PropertyValueSpecification\",\"valueRequired\":true,\"valueName\":\"search_term_string\"}}],\"inLanguage\":\"en-US\"},{\"@type\":\"Organization\",\"@id\":\"https:\\\/\\\/ranoja.ee\\\/#organization\",\"name\":\"Ranoja O\u00dc\",\"url\":\"https:\\\/\\\/ranoja.ee\\\/\",\"logo\":{\"@type\":\"ImageObject\",\"inLanguage\":\"en-US\",\"@id\":\"https:\\\/\\\/ranoja.ee\\\/#\\\/schema\\\/logo\\\/image\\\/\",\"url\":\"https:\\\/\\\/ranoja.ee\\\/wp-content\\\/uploads\\\/2023\\\/11\\\/ranoja-Logo.png\",\"contentUrl\":\"https:\\\/\\\/ranoja.ee\\\/wp-content\\\/uploads\\\/2023\\\/11\\\/ranoja-Logo.png\",\"width\":207,\"height\":58,\"caption\":\"Ranoja O\u00dc\"},\"image\":{\"@id\":\"https:\\\/\\\/ranoja.ee\\\/#\\\/schema\\\/logo\\\/image\\\/\"},\"sameAs\":[\"https:\\\/\\\/www.facebook.com\\\/ranoja.ee\",\"https:\\\/\\\/www.instagram.com\\\/ranoja__\\\/\"]}]}<\/script>\n<!-- \/ Yoast SEO plugin. -->","yoast_head_json":{"title":"Remet CNC Technology palgi-\/puiduhaarats G-500","description":"Remet CNC Technology palgi-\/puiduhaarats G-500 Palgihaarats sobib ideaalselt kasutamiseks nii metsas, laadimisalal kui ka t\u00f6\u00f6kojas kasutamiseks.","robots":{"index":"index","follow":"follow","max-snippet":"max-snippet:-1","max-image-preview":"max-image-preview:large","max-video-preview":"max-video-preview:-1"},"canonical":"https:\/\/ranoja.ee\/toode\/remet-cnc-technology-palgi-puiduhaarats-g-500\/","og_locale":"en_US","og_type":"article","og_title":"Remet CNC Technology palgi-\/puiduhaarats G-500","og_description":"Remet CNC Technology palgi-\/puiduhaarats G-500 Palgihaarats sobib ideaalselt kasutamiseks nii metsas, laadimisalal kui ka t\u00f6\u00f6kojas kasutamiseks.","og_url":"https:\/\/ranoja.ee\/toode\/remet-cnc-technology-palgi-puiduhaarats-g-500\/","og_site_name":"Ranoja","article_publisher":"https:\/\/www.facebook.com\/ranoja.ee","article_modified_time":"2026-01-28T08:30:41+00:00","og_image":[{"width":770,"height":770,"url":"https:\/\/ranoja.ee\/wp-content\/uploads\/2026\/01\/REMET-CNC-TECHNOLOGY-palgi-puiduhaarats-G-500-4.png","type":"image\/png"}],"twitter_card":"summary_large_image","twitter_misc":{"Est. reading time":"2 minutes"},"schema":{"@context":"https:\/\/schema.org","@graph":[{"@type":"WebPage","@id":"https:\/\/ranoja.ee\/toode\/remet-cnc-technology-palgi-puiduhaarats-g-500\/","url":"https:\/\/ranoja.ee\/toode\/remet-cnc-technology-palgi-puiduhaarats-g-500\/","name":"Remet CNC Technology palgi-\/puiduhaarats G-500","isPartOf":{"@id":"https:\/\/ranoja.ee\/#website"},"primaryImageOfPage":{"@id":"https:\/\/ranoja.ee\/toode\/remet-cnc-technology-palgi-puiduhaarats-g-500\/#primaryimage"},"image":{"@id":"https:\/\/ranoja.ee\/toode\/remet-cnc-technology-palgi-puiduhaarats-g-500\/#primaryimage"},"thumbnailUrl":"https:\/\/ranoja.ee\/wp-content\/uploads\/2026\/01\/REMET-CNC-TECHNOLOGY-palgi-puiduhaarats-G-500-4.png","datePublished":"2026-01-27T13:51:32+00:00","dateModified":"2026-01-28T08:30:41+00:00","description":"Remet CNC Technology palgi-\/puiduhaarats G-500 Palgihaarats sobib ideaalselt kasutamiseks nii metsas, laadimisalal kui ka t\u00f6\u00f6kojas kasutamiseks.","breadcrumb":{"@id":"https:\/\/ranoja.ee\/toode\/remet-cnc-technology-palgi-puiduhaarats-g-500\/#breadcrumb"},"inLanguage":"en-US","potentialAction":[{"@type":"ReadAction","target":["https:\/\/ranoja.ee\/toode\/remet-cnc-technology-palgi-puiduhaarats-g-500\/"]}]},{"@type":"ImageObject","inLanguage":"en-US","@id":"https:\/\/ranoja.ee\/toode\/remet-cnc-technology-palgi-puiduhaarats-g-500\/#primaryimage","url":"https:\/\/ranoja.ee\/wp-content\/uploads\/2026\/01\/REMET-CNC-TECHNOLOGY-palgi-puiduhaarats-G-500-4.png","contentUrl":"https:\/\/ranoja.ee\/wp-content\/uploads\/2026\/01\/REMET-CNC-TECHNOLOGY-palgi-puiduhaarats-G-500-4.png","width":770,"height":770,"caption":"REMET CNC TECHNOLOGY palgi-puiduhaarats G-500"},{"@type":"BreadcrumbList","@id":"https:\/\/ranoja.ee\/toode\/remet-cnc-technology-palgi-puiduhaarats-g-500\/#breadcrumb","itemListElement":[{"@type":"ListItem","position":1,"name":"Home","item":"https:\/\/ranoja.ee\/"},{"@type":"ListItem","position":2,"name":"Shop","item":"https:\/\/ranoja.ee\/en\/shop\/"},{"@type":"ListItem","position":3,"name":"Remet CNC Technology palgi-\/puiduhaarats G-500"}]},{"@type":"WebSite","@id":"https:\/\/ranoja.ee\/#website","url":"https:\/\/ranoja.ee\/","name":"Ranoja","description":"Equipment Shop WooCommerce WordPress Theme for Machine &amp; Tools","publisher":{"@id":"https:\/\/ranoja.ee\/#organization"},"potentialAction":[{"@type":"SearchAction","target":{"@type":"EntryPoint","urlTemplate":"https:\/\/ranoja.ee\/?s={search_term_string}"},"query-input":{"@type":"PropertyValueSpecification","valueRequired":true,"valueName":"search_term_string"}}],"inLanguage":"en-US"},{"@type":"Organization","@id":"https:\/\/ranoja.ee\/#organization","name":"Ranoja O\u00dc","url":"https:\/\/ranoja.ee\/","logo":{"@type":"ImageObject","inLanguage":"en-US","@id":"https:\/\/ranoja.ee\/#\/schema\/logo\/image\/","url":"https:\/\/ranoja.ee\/wp-content\/uploads\/2023\/11\/ranoja-Logo.png","contentUrl":"https:\/\/ranoja.ee\/wp-content\/uploads\/2023\/11\/ranoja-Logo.png","width":207,"height":58,"caption":"Ranoja O\u00dc"},"image":{"@id":"https:\/\/ranoja.ee\/#\/schema\/logo\/image\/"},"sameAs":["https:\/\/www.facebook.com\/ranoja.ee","https:\/\/www.instagram.com\/ranoja__\/"]}]}},"_links":{"self":[{"href":"https:\/\/ranoja.ee\/en\/wp-json\/wp\/v2\/product\/28662","targetHints":{"allow":["GET"]}}],"collection":[{"href":"https:\/\/ranoja.ee\/en\/wp-json\/wp\/v2\/product"}],"about":[{"href":"https:\/\/ranoja.ee\/en\/wp-json\/wp\/v2\/types\/product"}],"wp:featuredmedia":[{"embeddable":true,"href":"https:\/\/ranoja.ee\/en\/wp-json\/wp\/v2\/media\/28669"}],"wp:attachment":[{"href":"https:\/\/ranoja.ee\/en\/wp-json\/wp\/v2\/media?parent=28662"}],"wp:term":[{"taxonomy":"product_cat","embeddable":true,"href":"https:\/\/ranoja.ee\/en\/wp-json\/wp\/v2\/product_cat?post=28662"},{"taxonomy":"product_tag","embeddable":true,"href":"https:\/\/ranoja.ee\/en\/wp-json\/wp\/v2\/product_tag?post=28662"}],"curies":[{"name":"wp","href":"https:\/\/api.w.org\/{rel}","templated":true}]}}