{"id":28614,"date":"2026-01-27T14:43:07","date_gmt":"2026-01-27T11:43:07","guid":{"rendered":"https:\/\/ranoja.ee\/?post_type=product&#038;p=28614"},"modified":"2026-01-27T14:43:50","modified_gmt":"2026-01-27T11:43:50","slug":"remet-cnc-technology-viljaveski-gx-50","status":"publish","type":"product","link":"https:\/\/ranoja.ee\/en\/toode\/remet-cnc-technology-viljaveski-gx-50\/","title":{"rendered":"Remet CNC Technology viljaveski GX-50"},"content":{"rendered":"<p>Remet CNC Technology viljaveski GX-50 <\/p>\n<p>GX-50 on teraviljapurusti on m\u00f5eldud igat t\u00fc\u00fcpi teraviljade ja kaunviljade purustamiseks loomas\u00f6\u00f6daks. Seda veskit kasutatakse pealmiselt loomakasvatuses ja v\u00e4iksemahulises tootmises.<\/p>\n<p>Veskil on vastupidav, kuid lihtne disain, mis tagab pika kasutusea ja kasutusmugavuse. See on varustatud lukustatava punkriga purustatud materjali etteande reguleerimiseks ja v\u00e4ljalaskeavaga t\u00f6\u00f6deldud materjali h\u00f5lpsaks kogumiseks, mida saab t\u00fchjendada punkrisse v\u00f5i konksude k\u00fclge riputatud kotti. Kaks terasest purustusrulli tagavad k\u00f5rge efektiivsuse ja t\u00f6\u00f6kindluse. Ajamiks on \u00fchefaasiline elektrimootor 230 V v\u00f5imsusega 1.5 kW. J\u00f5ud edastatakse purustustrumlitele kahe kiilrihma kaudu.<\/p>\n<p>Masina p\u00f5hiliseks \u00fclesandeks on teraviljade ja kaunviljade kergendatud purustamine, et parandada toitainete k\u00e4ttesaadavust ja loomade seedimist. T\u00e4nu v\u00f5imsale ajamile ja h\u00e4sti projekteeritud terade kombinatsioonile suudab see purusti t\u00f6\u00f6delda erinevaid teravilju \u2013 n\u00e4iteks nisu, oder, kaera ja maisi \u2013 ning muuta need \u00fchtlase tekstuuriga puruks. Selle tulemusena saab aine sobivaks nii loomatoiduks kui ka komposti v\u00f5i muu kasutuse jaoks. Masin on varustatud reguleeritavate seadistustega, mis v\u00f5imaldavad kontrollida purustuse taset vastavalt konkreetsele vajadusele.<\/p>\n<p>Veskil on kaitsekatted ja ohutuss\u00fcsteemid, mis aitavad v\u00e4ltida \u00f5nnetusi. Need tagavad, et masin t\u00f6\u00f6tab vaid siis, kui k\u00f5ik tingimused on t\u00e4idetud. Elektrimootoriga versioon pakub vaiksemat ja keskkonnas\u00f5bralikumat t\u00f6\u00f6protsessi v\u00f5rreldes bensiinimootoriga alternatiividega.<\/p>\n<p>Remet CNC Technology viljaveski GX-50 <\/p>\n","protected":false},"excerpt":{"rendered":"<p>Remet CNC Technology viljaveski GX-50<br \/>\nElektrimootor: 1.5 kW, 230 V, 50 Hz<br \/>\nS\u00f6\u00f6tmispunker: 400 x 400 mm<br \/>\nS\u00f6\u00f6tmisava: 56 x 26 mm<br \/>\nPurustusrullikute arv: 2 TK<br \/>\nPurustusrullikute laius: 60 mm<br \/>\nPurustusrullikute l\u00e4bim\u00f5\u00f5t: 140 mm<br \/>\nV\u00e4line k\u00f5rgus: 970 mm<br \/>\nV\u00e4line laius: 570 mm<br \/>\nV\u00e4line pikkus: 730 mm<br \/>\nPurusti j\u00f5udlus:<br \/>\nNisu &#8211; kuni 500 kg\/h<br \/>\nOder &#8211; kuni 250 kg\/h<br \/>\nMais &#8211; kuni 250 kg\/h<br \/>\nTootekood: 1GX50<br \/>\nKaal: 80 kg<br \/>\n<strong>Eeldatav tarneaeg 2-3 n\u00e4dalat<\/strong><br \/>\n[embed]https:\/\/youtu.be\/iSR5HjM4Xck?si=Jgn3TY-b7pwnsPJq[\/embed]<\/p>\n","protected":false},"featured_media":28657,"template":"","meta":{"inline_featured_image":false},"product_cat":[1079,3288],"product_tag":[3291,3290,3293,3017,3289,3292,3294],"class_list":{"0":"post-28614","1":"product","2":"type-product","3":"status-publish","4":"has-post-thumbnail","6":"product_brand-remet-cnc-technology","7":"product_cat-aiatehnika-ja-niidutehnika","8":"product_cat-viljaveskid","9":"product_tag-1gx50","10":"product_tag-gx-50","11":"product_tag-jahuveski","12":"product_tag-remet-cnc-technology","13":"product_tag-remet-cnc-technology-viljaveski-gx-50","14":"product_tag-viljaveski","15":"product_tag-viljaveskid","17":"first","18":"instock","19":"taxable","20":"shipping-taxable","21":"purchasable","22":"product-type-simple"},"yoast_head":"<!-- This site is optimized with the Yoast SEO plugin v27.4 - https:\/\/yoast.com\/product\/yoast-seo-wordpress\/ -->\n<title>Remet CNC Technology viljaveski GX-50<\/title>\n<meta name=\"description\" content=\"Remet CNC Technology viljaveski GX-50 Masina p\u00f5hiliseks \u00fclesandeks on teraviljade ja kaunviljade kergendatud purustamine, et suurendada tootlikkust.\" \/>\n<meta name=\"robots\" content=\"index, follow, max-snippet:-1, max-image-preview:large, max-video-preview:-1\" \/>\n<link rel=\"canonical\" href=\"https:\/\/ranoja.ee\/toode\/remet-cnc-technology-viljaveski-gx-50\/\" \/>\n<meta property=\"og:locale\" content=\"en_US\" \/>\n<meta property=\"og:type\" content=\"article\" \/>\n<meta property=\"og:title\" content=\"Remet CNC Technology viljaveski GX-50\" \/>\n<meta property=\"og:description\" content=\"Remet CNC Technology viljaveski GX-50 Masina p\u00f5hiliseks \u00fclesandeks on teraviljade ja kaunviljade kergendatud purustamine, et suurendada tootlikkust.\" \/>\n<meta property=\"og:url\" content=\"https:\/\/ranoja.ee\/toode\/remet-cnc-technology-viljaveski-gx-50\/\" \/>\n<meta property=\"og:site_name\" content=\"Ranoja\" \/>\n<meta property=\"article:publisher\" content=\"https:\/\/www.facebook.com\/ranoja.ee\" \/>\n<meta property=\"article:modified_time\" content=\"2026-01-27T11:43:50+00:00\" \/>\n<meta property=\"og:image\" content=\"https:\/\/ranoja.ee\/wp-content\/uploads\/2026\/01\/Remet-CNC-Technology-viljaveski-GX-50.png\" \/>\n\t<meta property=\"og:image:width\" content=\"458\" \/>\n\t<meta property=\"og:image:height\" content=\"458\" \/>\n\t<meta property=\"og:image:type\" content=\"image\/png\" \/>\n<meta name=\"twitter:card\" content=\"summary_large_image\" \/>\n<meta name=\"twitter:label1\" content=\"Est. reading time\" \/>\n\t<meta name=\"twitter:data1\" content=\"2 minutes\" \/>\n<script type=\"application\/ld+json\" class=\"yoast-schema-graph\">{\"@context\":\"https:\\\/\\\/schema.org\",\"@graph\":[{\"@type\":\"WebPage\",\"@id\":\"https:\\\/\\\/ranoja.ee\\\/toode\\\/remet-cnc-technology-viljaveski-gx-50\\\/\",\"url\":\"https:\\\/\\\/ranoja.ee\\\/toode\\\/remet-cnc-technology-viljaveski-gx-50\\\/\",\"name\":\"Remet CNC Technology viljaveski GX-50\",\"isPartOf\":{\"@id\":\"https:\\\/\\\/ranoja.ee\\\/#website\"},\"primaryImageOfPage\":{\"@id\":\"https:\\\/\\\/ranoja.ee\\\/toode\\\/remet-cnc-technology-viljaveski-gx-50\\\/#primaryimage\"},\"image\":{\"@id\":\"https:\\\/\\\/ranoja.ee\\\/toode\\\/remet-cnc-technology-viljaveski-gx-50\\\/#primaryimage\"},\"thumbnailUrl\":\"https:\\\/\\\/ranoja.ee\\\/wp-content\\\/uploads\\\/2026\\\/01\\\/Remet-CNC-Technology-viljaveski-GX-50.png\",\"datePublished\":\"2026-01-27T11:43:07+00:00\",\"dateModified\":\"2026-01-27T11:43:50+00:00\",\"description\":\"Remet CNC Technology viljaveski GX-50 Masina p\u00f5hiliseks \u00fclesandeks on teraviljade ja kaunviljade kergendatud purustamine, et suurendada tootlikkust.\",\"breadcrumb\":{\"@id\":\"https:\\\/\\\/ranoja.ee\\\/toode\\\/remet-cnc-technology-viljaveski-gx-50\\\/#breadcrumb\"},\"inLanguage\":\"en-US\",\"potentialAction\":[{\"@type\":\"ReadAction\",\"target\":[\"https:\\\/\\\/ranoja.ee\\\/toode\\\/remet-cnc-technology-viljaveski-gx-50\\\/\"]}]},{\"@type\":\"ImageObject\",\"inLanguage\":\"en-US\",\"@id\":\"https:\\\/\\\/ranoja.ee\\\/toode\\\/remet-cnc-technology-viljaveski-gx-50\\\/#primaryimage\",\"url\":\"https:\\\/\\\/ranoja.ee\\\/wp-content\\\/uploads\\\/2026\\\/01\\\/Remet-CNC-Technology-viljaveski-GX-50.png\",\"contentUrl\":\"https:\\\/\\\/ranoja.ee\\\/wp-content\\\/uploads\\\/2026\\\/01\\\/Remet-CNC-Technology-viljaveski-GX-50.png\",\"width\":458,\"height\":458,\"caption\":\"Remet CNC Technology viljaveski GX-50\"},{\"@type\":\"BreadcrumbList\",\"@id\":\"https:\\\/\\\/ranoja.ee\\\/toode\\\/remet-cnc-technology-viljaveski-gx-50\\\/#breadcrumb\",\"itemListElement\":[{\"@type\":\"ListItem\",\"position\":1,\"name\":\"Home\",\"item\":\"https:\\\/\\\/ranoja.ee\\\/\"},{\"@type\":\"ListItem\",\"position\":2,\"name\":\"Shop\",\"item\":\"https:\\\/\\\/ranoja.ee\\\/en\\\/shop\\\/\"},{\"@type\":\"ListItem\",\"position\":3,\"name\":\"Remet CNC Technology viljaveski GX-50\"}]},{\"@type\":\"WebSite\",\"@id\":\"https:\\\/\\\/ranoja.ee\\\/#website\",\"url\":\"https:\\\/\\\/ranoja.ee\\\/\",\"name\":\"Ranoja\",\"description\":\"Equipment Shop WooCommerce WordPress Theme for Machine &amp; Tools\",\"publisher\":{\"@id\":\"https:\\\/\\\/ranoja.ee\\\/#organization\"},\"potentialAction\":[{\"@type\":\"SearchAction\",\"target\":{\"@type\":\"EntryPoint\",\"urlTemplate\":\"https:\\\/\\\/ranoja.ee\\\/?s={search_term_string}\"},\"query-input\":{\"@type\":\"PropertyValueSpecification\",\"valueRequired\":true,\"valueName\":\"search_term_string\"}}],\"inLanguage\":\"en-US\"},{\"@type\":\"Organization\",\"@id\":\"https:\\\/\\\/ranoja.ee\\\/#organization\",\"name\":\"Ranoja O\u00dc\",\"url\":\"https:\\\/\\\/ranoja.ee\\\/\",\"logo\":{\"@type\":\"ImageObject\",\"inLanguage\":\"en-US\",\"@id\":\"https:\\\/\\\/ranoja.ee\\\/#\\\/schema\\\/logo\\\/image\\\/\",\"url\":\"https:\\\/\\\/ranoja.ee\\\/wp-content\\\/uploads\\\/2023\\\/11\\\/ranoja-Logo.png\",\"contentUrl\":\"https:\\\/\\\/ranoja.ee\\\/wp-content\\\/uploads\\\/2023\\\/11\\\/ranoja-Logo.png\",\"width\":207,\"height\":58,\"caption\":\"Ranoja O\u00dc\"},\"image\":{\"@id\":\"https:\\\/\\\/ranoja.ee\\\/#\\\/schema\\\/logo\\\/image\\\/\"},\"sameAs\":[\"https:\\\/\\\/www.facebook.com\\\/ranoja.ee\",\"https:\\\/\\\/www.instagram.com\\\/ranoja__\\\/\"]}]}<\/script>\n<!-- \/ Yoast SEO plugin. -->","yoast_head_json":{"title":"Remet CNC Technology viljaveski GX-50","description":"Remet CNC Technology viljaveski GX-50 Masina p\u00f5hiliseks \u00fclesandeks on teraviljade ja kaunviljade kergendatud purustamine, et suurendada tootlikkust.","robots":{"index":"index","follow":"follow","max-snippet":"max-snippet:-1","max-image-preview":"max-image-preview:large","max-video-preview":"max-video-preview:-1"},"canonical":"https:\/\/ranoja.ee\/toode\/remet-cnc-technology-viljaveski-gx-50\/","og_locale":"en_US","og_type":"article","og_title":"Remet CNC Technology viljaveski GX-50","og_description":"Remet CNC Technology viljaveski GX-50 Masina p\u00f5hiliseks \u00fclesandeks on teraviljade ja kaunviljade kergendatud purustamine, et suurendada tootlikkust.","og_url":"https:\/\/ranoja.ee\/toode\/remet-cnc-technology-viljaveski-gx-50\/","og_site_name":"Ranoja","article_publisher":"https:\/\/www.facebook.com\/ranoja.ee","article_modified_time":"2026-01-27T11:43:50+00:00","og_image":[{"width":458,"height":458,"url":"https:\/\/ranoja.ee\/wp-content\/uploads\/2026\/01\/Remet-CNC-Technology-viljaveski-GX-50.png","type":"image\/png"}],"twitter_card":"summary_large_image","twitter_misc":{"Est. reading time":"2 minutes"},"schema":{"@context":"https:\/\/schema.org","@graph":[{"@type":"WebPage","@id":"https:\/\/ranoja.ee\/toode\/remet-cnc-technology-viljaveski-gx-50\/","url":"https:\/\/ranoja.ee\/toode\/remet-cnc-technology-viljaveski-gx-50\/","name":"Remet CNC Technology viljaveski GX-50","isPartOf":{"@id":"https:\/\/ranoja.ee\/#website"},"primaryImageOfPage":{"@id":"https:\/\/ranoja.ee\/toode\/remet-cnc-technology-viljaveski-gx-50\/#primaryimage"},"image":{"@id":"https:\/\/ranoja.ee\/toode\/remet-cnc-technology-viljaveski-gx-50\/#primaryimage"},"thumbnailUrl":"https:\/\/ranoja.ee\/wp-content\/uploads\/2026\/01\/Remet-CNC-Technology-viljaveski-GX-50.png","datePublished":"2026-01-27T11:43:07+00:00","dateModified":"2026-01-27T11:43:50+00:00","description":"Remet CNC Technology viljaveski GX-50 Masina p\u00f5hiliseks \u00fclesandeks on teraviljade ja kaunviljade kergendatud purustamine, et suurendada tootlikkust.","breadcrumb":{"@id":"https:\/\/ranoja.ee\/toode\/remet-cnc-technology-viljaveski-gx-50\/#breadcrumb"},"inLanguage":"en-US","potentialAction":[{"@type":"ReadAction","target":["https:\/\/ranoja.ee\/toode\/remet-cnc-technology-viljaveski-gx-50\/"]}]},{"@type":"ImageObject","inLanguage":"en-US","@id":"https:\/\/ranoja.ee\/toode\/remet-cnc-technology-viljaveski-gx-50\/#primaryimage","url":"https:\/\/ranoja.ee\/wp-content\/uploads\/2026\/01\/Remet-CNC-Technology-viljaveski-GX-50.png","contentUrl":"https:\/\/ranoja.ee\/wp-content\/uploads\/2026\/01\/Remet-CNC-Technology-viljaveski-GX-50.png","width":458,"height":458,"caption":"Remet CNC Technology viljaveski GX-50"},{"@type":"BreadcrumbList","@id":"https:\/\/ranoja.ee\/toode\/remet-cnc-technology-viljaveski-gx-50\/#breadcrumb","itemListElement":[{"@type":"ListItem","position":1,"name":"Home","item":"https:\/\/ranoja.ee\/"},{"@type":"ListItem","position":2,"name":"Shop","item":"https:\/\/ranoja.ee\/en\/shop\/"},{"@type":"ListItem","position":3,"name":"Remet CNC Technology viljaveski GX-50"}]},{"@type":"WebSite","@id":"https:\/\/ranoja.ee\/#website","url":"https:\/\/ranoja.ee\/","name":"Ranoja","description":"Equipment Shop WooCommerce WordPress Theme for Machine &amp; Tools","publisher":{"@id":"https:\/\/ranoja.ee\/#organization"},"potentialAction":[{"@type":"SearchAction","target":{"@type":"EntryPoint","urlTemplate":"https:\/\/ranoja.ee\/?s={search_term_string}"},"query-input":{"@type":"PropertyValueSpecification","valueRequired":true,"valueName":"search_term_string"}}],"inLanguage":"en-US"},{"@type":"Organization","@id":"https:\/\/ranoja.ee\/#organization","name":"Ranoja O\u00dc","url":"https:\/\/ranoja.ee\/","logo":{"@type":"ImageObject","inLanguage":"en-US","@id":"https:\/\/ranoja.ee\/#\/schema\/logo\/image\/","url":"https:\/\/ranoja.ee\/wp-content\/uploads\/2023\/11\/ranoja-Logo.png","contentUrl":"https:\/\/ranoja.ee\/wp-content\/uploads\/2023\/11\/ranoja-Logo.png","width":207,"height":58,"caption":"Ranoja O\u00dc"},"image":{"@id":"https:\/\/ranoja.ee\/#\/schema\/logo\/image\/"},"sameAs":["https:\/\/www.facebook.com\/ranoja.ee","https:\/\/www.instagram.com\/ranoja__\/"]}]}},"_links":{"self":[{"href":"https:\/\/ranoja.ee\/en\/wp-json\/wp\/v2\/product\/28614","targetHints":{"allow":["GET"]}}],"collection":[{"href":"https:\/\/ranoja.ee\/en\/wp-json\/wp\/v2\/product"}],"about":[{"href":"https:\/\/ranoja.ee\/en\/wp-json\/wp\/v2\/types\/product"}],"wp:featuredmedia":[{"embeddable":true,"href":"https:\/\/ranoja.ee\/en\/wp-json\/wp\/v2\/media\/28657"}],"wp:attachment":[{"href":"https:\/\/ranoja.ee\/en\/wp-json\/wp\/v2\/media?parent=28614"}],"wp:term":[{"taxonomy":"product_cat","embeddable":true,"href":"https:\/\/ranoja.ee\/en\/wp-json\/wp\/v2\/product_cat?post=28614"},{"taxonomy":"product_tag","embeddable":true,"href":"https:\/\/ranoja.ee\/en\/wp-json\/wp\/v2\/product_tag?post=28614"}],"curies":[{"name":"wp","href":"https:\/\/api.w.org\/{rel}","templated":true}]}}