{"id":28611,"date":"2026-01-27T12:11:43","date_gmt":"2026-01-27T09:11:43","guid":{"rendered":"https:\/\/ranoja.ee\/?post_type=product&#038;p=28611"},"modified":"2026-01-27T12:34:40","modified_gmt":"2026-01-27T09:34:40","slug":"universaalne-kokkupandav-alus-big-bag-kotile","status":"publish","type":"product","link":"https:\/\/ranoja.ee\/en\/toode\/universaalne-kokkupandav-alus-big-bag-kotile\/","title":{"rendered":"Universaalne kokkupandav alus BIG BAG kotile"},"content":{"rendered":"<p>Universaalne kokkupandav alus BIG BAG kotile<\/p>\n<p>Universaalne kokkupandav alus kotile m\u00f5\u00f5tudega 120 x 90.<br \/>\nSee on valmistatud pulberv\u00e4rvitud terasprofiilidest.<br \/>\nSellel on viis reguleerimisastet, mis teeb j\u00e4rgmiste suurustega kottide paigaldamise lihtsaks: 120 x 90, 165 x 90, 190 x 90<\/p>\n<p>BIG BAG alus sobib kasutamiseks konveierilintidel hakkurilt l\u00f5igatud puidu kogumiseks v\u00f5i l\u00f5igatud okste, k\u00fcttepuude v\u00f5i saepuru kottidesse pakkimiseks. Seda saab t\u00f6\u00f6kohal h\u00f5lpsalt paigutada.<\/p>\n<p>Big Bag kott tuleks riputada raamile nii, et selle p\u00f5hi toetuks maapinnale. See universaalne raam ei ole m\u00f5eldud raskete koormate kandmiseks, vaid seda kasutatakse Big Bag koti houdmiseks avatud asendis, et seda saaks lihtsasti ja vabalt t\u00e4ita ima probleemideta.<\/p>\n<p>Universaalne kokkupandav alus BIG BAG kotile<\/p>\n","protected":false},"excerpt":{"rendered":"<p>Universaalne kokkupandav alus BIG BAG kotile<br \/>\nRaam on valmistatud pulberv\u00e4rvitud terasprofiilidest<br \/>\nViis erinevat reguleerimisastet<br \/>\nV\u00f5imalik paigaldada Big Bag kotte suurustega: 120 x 90, 165 x 90, 190 x 90<br \/>\nTootekood: 11A<br \/>\n<strong>Seadme eeldatav tarneaeg 1-7 t\u00f6\u00f6p\u00e4eva<\/strong><\/p>\n","protected":false},"featured_media":28612,"template":"","meta":{"inline_featured_image":false},"product_cat":[1686,1116],"product_tag":[3286,3285,3284,3017,3283],"class_list":{"0":"post-28611","1":"product","2":"type-product","3":"status-publish","4":"has-post-thumbnail","6":"product_brand-remet-cnc-technology","7":"product_cat-big-bag","8":"product_cat-lisaseadmed-ehitusseadmed-led-lisatuled-cb-raadiod-lallar","9":"product_tag-11a","10":"product_tag-big-bag","11":"product_tag-kokkupandav-alus","12":"product_tag-remet-cnc-technology","13":"product_tag-universaalne-kokkupandav-alus-big-bag-kotile","15":"first","16":"instock","17":"taxable","18":"shipping-taxable","19":"purchasable","20":"product-type-simple"},"yoast_head":"<!-- This site is optimized with the Yoast SEO plugin v27.4 - https:\/\/yoast.com\/product\/yoast-seo-wordpress\/ -->\n<title>Universaalne kokkupandav alus BIG BAG kotile<\/title>\n<meta name=\"description\" content=\"Universaalne kokkupandav alus BIG BAG kotile Big Bag kott tuleks riputada universaalsele raamile nii, et selle p\u00f5hi toetuks maapinnale.\" \/>\n<meta name=\"robots\" content=\"index, follow, max-snippet:-1, max-image-preview:large, max-video-preview:-1\" \/>\n<link rel=\"canonical\" href=\"https:\/\/ranoja.ee\/toode\/universaalne-kokkupandav-alus-big-bag-kotile\/\" \/>\n<meta property=\"og:locale\" content=\"en_US\" \/>\n<meta property=\"og:type\" content=\"article\" \/>\n<meta property=\"og:title\" content=\"Universaalne kokkupandav alus BIG BAG kotile\" \/>\n<meta property=\"og:description\" content=\"Universaalne kokkupandav alus BIG BAG kotile Big Bag kott tuleks riputada universaalsele raamile nii, et selle p\u00f5hi toetuks maapinnale.\" \/>\n<meta property=\"og:url\" content=\"https:\/\/ranoja.ee\/toode\/universaalne-kokkupandav-alus-big-bag-kotile\/\" \/>\n<meta property=\"og:site_name\" content=\"Ranoja\" \/>\n<meta property=\"article:publisher\" content=\"https:\/\/www.facebook.com\/ranoja.ee\" \/>\n<meta property=\"article:modified_time\" content=\"2026-01-27T09:34:40+00:00\" \/>\n<meta property=\"og:image\" content=\"https:\/\/ranoja.ee\/wp-content\/uploads\/2026\/01\/Universaalne-kokkupandav-alus-BIG-BAG-kotile.png\" \/>\n\t<meta property=\"og:image:width\" content=\"770\" \/>\n\t<meta property=\"og:image:height\" content=\"770\" \/>\n\t<meta property=\"og:image:type\" content=\"image\/png\" \/>\n<meta name=\"twitter:card\" content=\"summary_large_image\" \/>\n<meta name=\"twitter:label1\" content=\"Est. reading time\" \/>\n\t<meta name=\"twitter:data1\" content=\"2 minutes\" \/>\n<script type=\"application\/ld+json\" class=\"yoast-schema-graph\">{\"@context\":\"https:\\\/\\\/schema.org\",\"@graph\":[{\"@type\":\"WebPage\",\"@id\":\"https:\\\/\\\/ranoja.ee\\\/toode\\\/universaalne-kokkupandav-alus-big-bag-kotile\\\/\",\"url\":\"https:\\\/\\\/ranoja.ee\\\/toode\\\/universaalne-kokkupandav-alus-big-bag-kotile\\\/\",\"name\":\"Universaalne kokkupandav alus BIG BAG kotile\",\"isPartOf\":{\"@id\":\"https:\\\/\\\/ranoja.ee\\\/#website\"},\"primaryImageOfPage\":{\"@id\":\"https:\\\/\\\/ranoja.ee\\\/toode\\\/universaalne-kokkupandav-alus-big-bag-kotile\\\/#primaryimage\"},\"image\":{\"@id\":\"https:\\\/\\\/ranoja.ee\\\/toode\\\/universaalne-kokkupandav-alus-big-bag-kotile\\\/#primaryimage\"},\"thumbnailUrl\":\"https:\\\/\\\/ranoja.ee\\\/wp-content\\\/uploads\\\/2026\\\/01\\\/Universaalne-kokkupandav-alus-BIG-BAG-kotile.png\",\"datePublished\":\"2026-01-27T09:11:43+00:00\",\"dateModified\":\"2026-01-27T09:34:40+00:00\",\"description\":\"Universaalne kokkupandav alus BIG BAG kotile Big Bag kott tuleks riputada universaalsele raamile nii, et selle p\u00f5hi toetuks maapinnale.\",\"breadcrumb\":{\"@id\":\"https:\\\/\\\/ranoja.ee\\\/toode\\\/universaalne-kokkupandav-alus-big-bag-kotile\\\/#breadcrumb\"},\"inLanguage\":\"en-US\",\"potentialAction\":[{\"@type\":\"ReadAction\",\"target\":[\"https:\\\/\\\/ranoja.ee\\\/toode\\\/universaalne-kokkupandav-alus-big-bag-kotile\\\/\"]}]},{\"@type\":\"ImageObject\",\"inLanguage\":\"en-US\",\"@id\":\"https:\\\/\\\/ranoja.ee\\\/toode\\\/universaalne-kokkupandav-alus-big-bag-kotile\\\/#primaryimage\",\"url\":\"https:\\\/\\\/ranoja.ee\\\/wp-content\\\/uploads\\\/2026\\\/01\\\/Universaalne-kokkupandav-alus-BIG-BAG-kotile.png\",\"contentUrl\":\"https:\\\/\\\/ranoja.ee\\\/wp-content\\\/uploads\\\/2026\\\/01\\\/Universaalne-kokkupandav-alus-BIG-BAG-kotile.png\",\"width\":770,\"height\":770,\"caption\":\"Universaalne kokkupandav alus BIG BAG kotile\"},{\"@type\":\"BreadcrumbList\",\"@id\":\"https:\\\/\\\/ranoja.ee\\\/toode\\\/universaalne-kokkupandav-alus-big-bag-kotile\\\/#breadcrumb\",\"itemListElement\":[{\"@type\":\"ListItem\",\"position\":1,\"name\":\"Home\",\"item\":\"https:\\\/\\\/ranoja.ee\\\/\"},{\"@type\":\"ListItem\",\"position\":2,\"name\":\"Shop\",\"item\":\"https:\\\/\\\/ranoja.ee\\\/en\\\/shop\\\/\"},{\"@type\":\"ListItem\",\"position\":3,\"name\":\"Universaalne kokkupandav alus BIG BAG kotile\"}]},{\"@type\":\"WebSite\",\"@id\":\"https:\\\/\\\/ranoja.ee\\\/#website\",\"url\":\"https:\\\/\\\/ranoja.ee\\\/\",\"name\":\"Ranoja\",\"description\":\"Equipment Shop WooCommerce WordPress Theme for Machine &amp; Tools\",\"publisher\":{\"@id\":\"https:\\\/\\\/ranoja.ee\\\/#organization\"},\"potentialAction\":[{\"@type\":\"SearchAction\",\"target\":{\"@type\":\"EntryPoint\",\"urlTemplate\":\"https:\\\/\\\/ranoja.ee\\\/?s={search_term_string}\"},\"query-input\":{\"@type\":\"PropertyValueSpecification\",\"valueRequired\":true,\"valueName\":\"search_term_string\"}}],\"inLanguage\":\"en-US\"},{\"@type\":\"Organization\",\"@id\":\"https:\\\/\\\/ranoja.ee\\\/#organization\",\"name\":\"Ranoja O\u00dc\",\"url\":\"https:\\\/\\\/ranoja.ee\\\/\",\"logo\":{\"@type\":\"ImageObject\",\"inLanguage\":\"en-US\",\"@id\":\"https:\\\/\\\/ranoja.ee\\\/#\\\/schema\\\/logo\\\/image\\\/\",\"url\":\"https:\\\/\\\/ranoja.ee\\\/wp-content\\\/uploads\\\/2023\\\/11\\\/ranoja-Logo.png\",\"contentUrl\":\"https:\\\/\\\/ranoja.ee\\\/wp-content\\\/uploads\\\/2023\\\/11\\\/ranoja-Logo.png\",\"width\":207,\"height\":58,\"caption\":\"Ranoja O\u00dc\"},\"image\":{\"@id\":\"https:\\\/\\\/ranoja.ee\\\/#\\\/schema\\\/logo\\\/image\\\/\"},\"sameAs\":[\"https:\\\/\\\/www.facebook.com\\\/ranoja.ee\",\"https:\\\/\\\/www.instagram.com\\\/ranoja__\\\/\"]}]}<\/script>\n<!-- \/ Yoast SEO plugin. -->","yoast_head_json":{"title":"Universaalne kokkupandav alus BIG BAG kotile","description":"Universaalne kokkupandav alus BIG BAG kotile Big Bag kott tuleks riputada universaalsele raamile nii, et selle p\u00f5hi toetuks maapinnale.","robots":{"index":"index","follow":"follow","max-snippet":"max-snippet:-1","max-image-preview":"max-image-preview:large","max-video-preview":"max-video-preview:-1"},"canonical":"https:\/\/ranoja.ee\/toode\/universaalne-kokkupandav-alus-big-bag-kotile\/","og_locale":"en_US","og_type":"article","og_title":"Universaalne kokkupandav alus BIG BAG kotile","og_description":"Universaalne kokkupandav alus BIG BAG kotile Big Bag kott tuleks riputada universaalsele raamile nii, et selle p\u00f5hi toetuks maapinnale.","og_url":"https:\/\/ranoja.ee\/toode\/universaalne-kokkupandav-alus-big-bag-kotile\/","og_site_name":"Ranoja","article_publisher":"https:\/\/www.facebook.com\/ranoja.ee","article_modified_time":"2026-01-27T09:34:40+00:00","og_image":[{"width":770,"height":770,"url":"https:\/\/ranoja.ee\/wp-content\/uploads\/2026\/01\/Universaalne-kokkupandav-alus-BIG-BAG-kotile.png","type":"image\/png"}],"twitter_card":"summary_large_image","twitter_misc":{"Est. reading time":"2 minutes"},"schema":{"@context":"https:\/\/schema.org","@graph":[{"@type":"WebPage","@id":"https:\/\/ranoja.ee\/toode\/universaalne-kokkupandav-alus-big-bag-kotile\/","url":"https:\/\/ranoja.ee\/toode\/universaalne-kokkupandav-alus-big-bag-kotile\/","name":"Universaalne kokkupandav alus BIG BAG kotile","isPartOf":{"@id":"https:\/\/ranoja.ee\/#website"},"primaryImageOfPage":{"@id":"https:\/\/ranoja.ee\/toode\/universaalne-kokkupandav-alus-big-bag-kotile\/#primaryimage"},"image":{"@id":"https:\/\/ranoja.ee\/toode\/universaalne-kokkupandav-alus-big-bag-kotile\/#primaryimage"},"thumbnailUrl":"https:\/\/ranoja.ee\/wp-content\/uploads\/2026\/01\/Universaalne-kokkupandav-alus-BIG-BAG-kotile.png","datePublished":"2026-01-27T09:11:43+00:00","dateModified":"2026-01-27T09:34:40+00:00","description":"Universaalne kokkupandav alus BIG BAG kotile Big Bag kott tuleks riputada universaalsele raamile nii, et selle p\u00f5hi toetuks maapinnale.","breadcrumb":{"@id":"https:\/\/ranoja.ee\/toode\/universaalne-kokkupandav-alus-big-bag-kotile\/#breadcrumb"},"inLanguage":"en-US","potentialAction":[{"@type":"ReadAction","target":["https:\/\/ranoja.ee\/toode\/universaalne-kokkupandav-alus-big-bag-kotile\/"]}]},{"@type":"ImageObject","inLanguage":"en-US","@id":"https:\/\/ranoja.ee\/toode\/universaalne-kokkupandav-alus-big-bag-kotile\/#primaryimage","url":"https:\/\/ranoja.ee\/wp-content\/uploads\/2026\/01\/Universaalne-kokkupandav-alus-BIG-BAG-kotile.png","contentUrl":"https:\/\/ranoja.ee\/wp-content\/uploads\/2026\/01\/Universaalne-kokkupandav-alus-BIG-BAG-kotile.png","width":770,"height":770,"caption":"Universaalne kokkupandav alus BIG BAG kotile"},{"@type":"BreadcrumbList","@id":"https:\/\/ranoja.ee\/toode\/universaalne-kokkupandav-alus-big-bag-kotile\/#breadcrumb","itemListElement":[{"@type":"ListItem","position":1,"name":"Home","item":"https:\/\/ranoja.ee\/"},{"@type":"ListItem","position":2,"name":"Shop","item":"https:\/\/ranoja.ee\/en\/shop\/"},{"@type":"ListItem","position":3,"name":"Universaalne kokkupandav alus BIG BAG kotile"}]},{"@type":"WebSite","@id":"https:\/\/ranoja.ee\/#website","url":"https:\/\/ranoja.ee\/","name":"Ranoja","description":"Equipment Shop WooCommerce WordPress Theme for Machine &amp; Tools","publisher":{"@id":"https:\/\/ranoja.ee\/#organization"},"potentialAction":[{"@type":"SearchAction","target":{"@type":"EntryPoint","urlTemplate":"https:\/\/ranoja.ee\/?s={search_term_string}"},"query-input":{"@type":"PropertyValueSpecification","valueRequired":true,"valueName":"search_term_string"}}],"inLanguage":"en-US"},{"@type":"Organization","@id":"https:\/\/ranoja.ee\/#organization","name":"Ranoja O\u00dc","url":"https:\/\/ranoja.ee\/","logo":{"@type":"ImageObject","inLanguage":"en-US","@id":"https:\/\/ranoja.ee\/#\/schema\/logo\/image\/","url":"https:\/\/ranoja.ee\/wp-content\/uploads\/2023\/11\/ranoja-Logo.png","contentUrl":"https:\/\/ranoja.ee\/wp-content\/uploads\/2023\/11\/ranoja-Logo.png","width":207,"height":58,"caption":"Ranoja O\u00dc"},"image":{"@id":"https:\/\/ranoja.ee\/#\/schema\/logo\/image\/"},"sameAs":["https:\/\/www.facebook.com\/ranoja.ee","https:\/\/www.instagram.com\/ranoja__\/"]}]}},"_links":{"self":[{"href":"https:\/\/ranoja.ee\/en\/wp-json\/wp\/v2\/product\/28611","targetHints":{"allow":["GET"]}}],"collection":[{"href":"https:\/\/ranoja.ee\/en\/wp-json\/wp\/v2\/product"}],"about":[{"href":"https:\/\/ranoja.ee\/en\/wp-json\/wp\/v2\/types\/product"}],"wp:featuredmedia":[{"embeddable":true,"href":"https:\/\/ranoja.ee\/en\/wp-json\/wp\/v2\/media\/28612"}],"wp:attachment":[{"href":"https:\/\/ranoja.ee\/en\/wp-json\/wp\/v2\/media?parent=28611"}],"wp:term":[{"taxonomy":"product_cat","embeddable":true,"href":"https:\/\/ranoja.ee\/en\/wp-json\/wp\/v2\/product_cat?post=28611"},{"taxonomy":"product_tag","embeddable":true,"href":"https:\/\/ranoja.ee\/en\/wp-json\/wp\/v2\/product_tag?post=28611"}],"curies":[{"name":"wp","href":"https:\/\/api.w.org\/{rel}","templated":true}]}}