{"id":28596,"date":"2026-01-27T11:48:17","date_gmt":"2026-01-27T08:48:17","guid":{"rendered":"https:\/\/ranoja.ee\/?post_type=product&#038;p=28596"},"modified":"2026-01-27T12:00:29","modified_gmt":"2026-01-27T09:00:29","slug":"elektrimootoriga-tootav-lintkonveier-3-7-m","status":"publish","type":"product","link":"https:\/\/ranoja.ee\/en\/toode\/elektrimootoriga-tootav-lintkonveier-3-7-m\/","title":{"rendered":"Elektrimootoriga t\u00f6\u00f6tav lintkonveier 3.7 m"},"content":{"rendered":"<p>Elektrimootoriga t\u00f6\u00f6tav lintkonveier 3.7 m<\/p>\n<p>Lintkonveierid t\u00f6\u00f6tavad kolmefaasiliste induktsioonmootoridega ussi\u00fclekande kaudu. Ussi\u00fclekanne t\u00f6\u00f6tab nii, et mootor p\u00f6\u00f6rab kruvikujulist ussi, mis keerab hammasratast aeglaselt edasi, muutes suure kiiruse v\u00e4ikese kiiruse ja suure j\u00f5u vastu.  Neid konveiereid saab riputada seeklite abil v\u00f5i ehitada kohandatud raam neile.<\/p>\n<p>REMET CNC TECHNOLOGY modulaarne konveierlint on kaasaegne ja paindlik materjalik\u00e4itluss\u00fcsteem, mis on loodud t\u00f5husaks kaupade jadetailide transportimiseks erinevates keskkondades. See konveierit\u00fc\u00fcp kasutab moodulplaate, mis on omavahel \u00fchendatud vastupidavate hingede v\u00f5i \u00fchenduselementidega, luues sujuva ja vastupidava pinnaveo. Moodulaarne \u00fclesehitus v\u00f5imaldab konveierlindi kiiret kohandamist ja laiendamist vastavalt konkreetse t\u00f6\u00f6protsessi v\u00f5i tootmisliini vajadustele, muutes selle ideaalseks lahenduseks muutuvates t\u00f6\u00f6stuslikes tingimustes.<\/p>\n<p>REMET CNC TECHNOLOGY konveierlindid paistavad silma oma moodulsuse ja mitmek\u00fclgsuse poolest. Moodulite suurust ja kuju on v\u00f5imalik valida vastavalt objektide m\u00f5\u00f5tmetele ning t\u00f6\u00f6koha tingimustele. See t\u00e4hendab, et sama p\u00f5hiraami saab kasutada nii v\u00e4ikeste pakendite kui ka suuremate detailide liigutamiseks. Moodulaarne \u00fclesehitus v\u00f5imaldab s\u00fcsteemi kiiresti kokku panna, laiendada v\u00f5i \u00fcmber konfigureerida ilma erivahendite v\u00f5i keeruliste protsessideta. See omadus muudab seadme ideaalseks keskkondadesse, kus tootmisprotsessid v\u00f5i vood vahetuvad tihti.<\/p>\n<p>Elektrimootoriga t\u00f6\u00f6tav lintkonveier 3.7 m<\/p>\n","protected":false},"excerpt":{"rendered":"<p>Elektrimootoriga t\u00f6\u00f6tav lintkonveier 3.7 m<br \/>\nT\u00f6\u00f6pikkus: 3.7 m<br \/>\nKonveieri laius: 25 cm<br \/>\nElektriajam: 0.55 kW, 3-faasiline 400 V<br \/>\nTrossikinnitused<br \/>\nTootekood: 3PTM<br \/>\n<strong>V\u00f5imalik tellida konveierit laiusega 40 cm<\/strong><br \/>\n<strong>Eeldatav tarneaeg 2-3 n\u00e4dalat<\/strong><\/p>\n","protected":false},"featured_media":28602,"template":"","meta":{"inline_featured_image":false},"product_cat":[3273,1087],"product_tag":[3280,3279,3276,3277,3274,3271,3017,3278],"class_list":{"0":"post-28596","1":"product","2":"type-product","3":"status-publish","4":"has-post-thumbnail","6":"product_brand-remet-cnc-technology","7":"product_cat-konveierilindid-ja-transportoorlindid","8":"product_cat-metsatehnika","9":"product_tag-3ptm","10":"product_tag-elektrimootoriga-tootav-lintkonveier-3-7-m","11":"product_tag-konveier-transportoorlindid","12":"product_tag-konveierilindid","13":"product_tag-konveierilindid-ja-transportoorlindid","14":"product_tag-lintkonveier","15":"product_tag-remet-cnc-technology","16":"product_tag-transportoorlindid","18":"first","19":"instock","20":"taxable","21":"shipping-taxable","22":"purchasable","23":"product-type-simple"},"yoast_head":"<!-- This site is optimized with the Yoast SEO plugin v27.4 - https:\/\/yoast.com\/product\/yoast-seo-wordpress\/ -->\n<title>Elektrimootoriga t\u00f6\u00f6tav lintkonveier 3.7 m<\/title>\n<meta name=\"description\" content=\"Elektrimootoriga t\u00f6\u00f6tav lintkonveier 3.7 m Neid konveiereid saab riputada seeklite abil v\u00f5i ehitada kohandatud raam neile.\" \/>\n<meta name=\"robots\" content=\"index, follow, max-snippet:-1, max-image-preview:large, max-video-preview:-1\" \/>\n<link rel=\"canonical\" href=\"https:\/\/ranoja.ee\/toode\/elektrimootoriga-tootav-lintkonveier-3-7-m\/\" \/>\n<meta property=\"og:locale\" content=\"en_US\" \/>\n<meta property=\"og:type\" content=\"article\" \/>\n<meta property=\"og:title\" content=\"Elektrimootoriga t\u00f6\u00f6tav lintkonveier 3.7 m\" \/>\n<meta property=\"og:description\" content=\"Elektrimootoriga t\u00f6\u00f6tav lintkonveier 3.7 m Neid konveiereid saab riputada seeklite abil v\u00f5i ehitada kohandatud raam neile.\" \/>\n<meta property=\"og:url\" content=\"https:\/\/ranoja.ee\/toode\/elektrimootoriga-tootav-lintkonveier-3-7-m\/\" \/>\n<meta property=\"og:site_name\" content=\"Ranoja\" \/>\n<meta property=\"article:publisher\" content=\"https:\/\/www.facebook.com\/ranoja.ee\" \/>\n<meta property=\"article:modified_time\" content=\"2026-01-27T09:00:29+00:00\" \/>\n<meta property=\"og:image\" content=\"https:\/\/ranoja.ee\/wp-content\/uploads\/2026\/01\/Elektrimootoriga-tootav-lintkonveier-3.7-m.png\" \/>\n\t<meta property=\"og:image:width\" content=\"458\" \/>\n\t<meta property=\"og:image:height\" content=\"458\" \/>\n\t<meta property=\"og:image:type\" content=\"image\/png\" \/>\n<meta name=\"twitter:card\" content=\"summary_large_image\" \/>\n<meta name=\"twitter:label1\" content=\"Est. reading time\" \/>\n\t<meta name=\"twitter:data1\" content=\"2 minutes\" \/>\n<script type=\"application\/ld+json\" class=\"yoast-schema-graph\">{\"@context\":\"https:\\\/\\\/schema.org\",\"@graph\":[{\"@type\":\"WebPage\",\"@id\":\"https:\\\/\\\/ranoja.ee\\\/toode\\\/elektrimootoriga-tootav-lintkonveier-3-7-m\\\/\",\"url\":\"https:\\\/\\\/ranoja.ee\\\/toode\\\/elektrimootoriga-tootav-lintkonveier-3-7-m\\\/\",\"name\":\"Elektrimootoriga t\u00f6\u00f6tav lintkonveier 3.7 m\",\"isPartOf\":{\"@id\":\"https:\\\/\\\/ranoja.ee\\\/#website\"},\"primaryImageOfPage\":{\"@id\":\"https:\\\/\\\/ranoja.ee\\\/toode\\\/elektrimootoriga-tootav-lintkonveier-3-7-m\\\/#primaryimage\"},\"image\":{\"@id\":\"https:\\\/\\\/ranoja.ee\\\/toode\\\/elektrimootoriga-tootav-lintkonveier-3-7-m\\\/#primaryimage\"},\"thumbnailUrl\":\"https:\\\/\\\/ranoja.ee\\\/wp-content\\\/uploads\\\/2026\\\/01\\\/Elektrimootoriga-tootav-lintkonveier-3.7-m.png\",\"datePublished\":\"2026-01-27T08:48:17+00:00\",\"dateModified\":\"2026-01-27T09:00:29+00:00\",\"description\":\"Elektrimootoriga t\u00f6\u00f6tav lintkonveier 3.7 m Neid konveiereid saab riputada seeklite abil v\u00f5i ehitada kohandatud raam neile.\",\"breadcrumb\":{\"@id\":\"https:\\\/\\\/ranoja.ee\\\/toode\\\/elektrimootoriga-tootav-lintkonveier-3-7-m\\\/#breadcrumb\"},\"inLanguage\":\"en-US\",\"potentialAction\":[{\"@type\":\"ReadAction\",\"target\":[\"https:\\\/\\\/ranoja.ee\\\/toode\\\/elektrimootoriga-tootav-lintkonveier-3-7-m\\\/\"]}]},{\"@type\":\"ImageObject\",\"inLanguage\":\"en-US\",\"@id\":\"https:\\\/\\\/ranoja.ee\\\/toode\\\/elektrimootoriga-tootav-lintkonveier-3-7-m\\\/#primaryimage\",\"url\":\"https:\\\/\\\/ranoja.ee\\\/wp-content\\\/uploads\\\/2026\\\/01\\\/Elektrimootoriga-tootav-lintkonveier-3.7-m.png\",\"contentUrl\":\"https:\\\/\\\/ranoja.ee\\\/wp-content\\\/uploads\\\/2026\\\/01\\\/Elektrimootoriga-tootav-lintkonveier-3.7-m.png\",\"width\":458,\"height\":458,\"caption\":\"Elektrimootoriga t\u00f6\u00f6tav lintkonveier 3.7 m\"},{\"@type\":\"BreadcrumbList\",\"@id\":\"https:\\\/\\\/ranoja.ee\\\/toode\\\/elektrimootoriga-tootav-lintkonveier-3-7-m\\\/#breadcrumb\",\"itemListElement\":[{\"@type\":\"ListItem\",\"position\":1,\"name\":\"Home\",\"item\":\"https:\\\/\\\/ranoja.ee\\\/\"},{\"@type\":\"ListItem\",\"position\":2,\"name\":\"Shop\",\"item\":\"https:\\\/\\\/ranoja.ee\\\/en\\\/shop\\\/\"},{\"@type\":\"ListItem\",\"position\":3,\"name\":\"Elektrimootoriga t\u00f6\u00f6tav lintkonveier 3.7 m\"}]},{\"@type\":\"WebSite\",\"@id\":\"https:\\\/\\\/ranoja.ee\\\/#website\",\"url\":\"https:\\\/\\\/ranoja.ee\\\/\",\"name\":\"Ranoja\",\"description\":\"Equipment Shop WooCommerce WordPress Theme for Machine &amp; Tools\",\"publisher\":{\"@id\":\"https:\\\/\\\/ranoja.ee\\\/#organization\"},\"potentialAction\":[{\"@type\":\"SearchAction\",\"target\":{\"@type\":\"EntryPoint\",\"urlTemplate\":\"https:\\\/\\\/ranoja.ee\\\/?s={search_term_string}\"},\"query-input\":{\"@type\":\"PropertyValueSpecification\",\"valueRequired\":true,\"valueName\":\"search_term_string\"}}],\"inLanguage\":\"en-US\"},{\"@type\":\"Organization\",\"@id\":\"https:\\\/\\\/ranoja.ee\\\/#organization\",\"name\":\"Ranoja O\u00dc\",\"url\":\"https:\\\/\\\/ranoja.ee\\\/\",\"logo\":{\"@type\":\"ImageObject\",\"inLanguage\":\"en-US\",\"@id\":\"https:\\\/\\\/ranoja.ee\\\/#\\\/schema\\\/logo\\\/image\\\/\",\"url\":\"https:\\\/\\\/ranoja.ee\\\/wp-content\\\/uploads\\\/2023\\\/11\\\/ranoja-Logo.png\",\"contentUrl\":\"https:\\\/\\\/ranoja.ee\\\/wp-content\\\/uploads\\\/2023\\\/11\\\/ranoja-Logo.png\",\"width\":207,\"height\":58,\"caption\":\"Ranoja O\u00dc\"},\"image\":{\"@id\":\"https:\\\/\\\/ranoja.ee\\\/#\\\/schema\\\/logo\\\/image\\\/\"},\"sameAs\":[\"https:\\\/\\\/www.facebook.com\\\/ranoja.ee\",\"https:\\\/\\\/www.instagram.com\\\/ranoja__\\\/\"]}]}<\/script>\n<!-- \/ Yoast SEO plugin. -->","yoast_head_json":{"title":"Elektrimootoriga t\u00f6\u00f6tav lintkonveier 3.7 m","description":"Elektrimootoriga t\u00f6\u00f6tav lintkonveier 3.7 m Neid konveiereid saab riputada seeklite abil v\u00f5i ehitada kohandatud raam neile.","robots":{"index":"index","follow":"follow","max-snippet":"max-snippet:-1","max-image-preview":"max-image-preview:large","max-video-preview":"max-video-preview:-1"},"canonical":"https:\/\/ranoja.ee\/toode\/elektrimootoriga-tootav-lintkonveier-3-7-m\/","og_locale":"en_US","og_type":"article","og_title":"Elektrimootoriga t\u00f6\u00f6tav lintkonveier 3.7 m","og_description":"Elektrimootoriga t\u00f6\u00f6tav lintkonveier 3.7 m Neid konveiereid saab riputada seeklite abil v\u00f5i ehitada kohandatud raam neile.","og_url":"https:\/\/ranoja.ee\/toode\/elektrimootoriga-tootav-lintkonveier-3-7-m\/","og_site_name":"Ranoja","article_publisher":"https:\/\/www.facebook.com\/ranoja.ee","article_modified_time":"2026-01-27T09:00:29+00:00","og_image":[{"width":458,"height":458,"url":"https:\/\/ranoja.ee\/wp-content\/uploads\/2026\/01\/Elektrimootoriga-tootav-lintkonveier-3.7-m.png","type":"image\/png"}],"twitter_card":"summary_large_image","twitter_misc":{"Est. reading time":"2 minutes"},"schema":{"@context":"https:\/\/schema.org","@graph":[{"@type":"WebPage","@id":"https:\/\/ranoja.ee\/toode\/elektrimootoriga-tootav-lintkonveier-3-7-m\/","url":"https:\/\/ranoja.ee\/toode\/elektrimootoriga-tootav-lintkonveier-3-7-m\/","name":"Elektrimootoriga t\u00f6\u00f6tav lintkonveier 3.7 m","isPartOf":{"@id":"https:\/\/ranoja.ee\/#website"},"primaryImageOfPage":{"@id":"https:\/\/ranoja.ee\/toode\/elektrimootoriga-tootav-lintkonveier-3-7-m\/#primaryimage"},"image":{"@id":"https:\/\/ranoja.ee\/toode\/elektrimootoriga-tootav-lintkonveier-3-7-m\/#primaryimage"},"thumbnailUrl":"https:\/\/ranoja.ee\/wp-content\/uploads\/2026\/01\/Elektrimootoriga-tootav-lintkonveier-3.7-m.png","datePublished":"2026-01-27T08:48:17+00:00","dateModified":"2026-01-27T09:00:29+00:00","description":"Elektrimootoriga t\u00f6\u00f6tav lintkonveier 3.7 m Neid konveiereid saab riputada seeklite abil v\u00f5i ehitada kohandatud raam neile.","breadcrumb":{"@id":"https:\/\/ranoja.ee\/toode\/elektrimootoriga-tootav-lintkonveier-3-7-m\/#breadcrumb"},"inLanguage":"en-US","potentialAction":[{"@type":"ReadAction","target":["https:\/\/ranoja.ee\/toode\/elektrimootoriga-tootav-lintkonveier-3-7-m\/"]}]},{"@type":"ImageObject","inLanguage":"en-US","@id":"https:\/\/ranoja.ee\/toode\/elektrimootoriga-tootav-lintkonveier-3-7-m\/#primaryimage","url":"https:\/\/ranoja.ee\/wp-content\/uploads\/2026\/01\/Elektrimootoriga-tootav-lintkonveier-3.7-m.png","contentUrl":"https:\/\/ranoja.ee\/wp-content\/uploads\/2026\/01\/Elektrimootoriga-tootav-lintkonveier-3.7-m.png","width":458,"height":458,"caption":"Elektrimootoriga t\u00f6\u00f6tav lintkonveier 3.7 m"},{"@type":"BreadcrumbList","@id":"https:\/\/ranoja.ee\/toode\/elektrimootoriga-tootav-lintkonveier-3-7-m\/#breadcrumb","itemListElement":[{"@type":"ListItem","position":1,"name":"Home","item":"https:\/\/ranoja.ee\/"},{"@type":"ListItem","position":2,"name":"Shop","item":"https:\/\/ranoja.ee\/en\/shop\/"},{"@type":"ListItem","position":3,"name":"Elektrimootoriga t\u00f6\u00f6tav lintkonveier 3.7 m"}]},{"@type":"WebSite","@id":"https:\/\/ranoja.ee\/#website","url":"https:\/\/ranoja.ee\/","name":"Ranoja","description":"Equipment Shop WooCommerce WordPress Theme for Machine &amp; Tools","publisher":{"@id":"https:\/\/ranoja.ee\/#organization"},"potentialAction":[{"@type":"SearchAction","target":{"@type":"EntryPoint","urlTemplate":"https:\/\/ranoja.ee\/?s={search_term_string}"},"query-input":{"@type":"PropertyValueSpecification","valueRequired":true,"valueName":"search_term_string"}}],"inLanguage":"en-US"},{"@type":"Organization","@id":"https:\/\/ranoja.ee\/#organization","name":"Ranoja O\u00dc","url":"https:\/\/ranoja.ee\/","logo":{"@type":"ImageObject","inLanguage":"en-US","@id":"https:\/\/ranoja.ee\/#\/schema\/logo\/image\/","url":"https:\/\/ranoja.ee\/wp-content\/uploads\/2023\/11\/ranoja-Logo.png","contentUrl":"https:\/\/ranoja.ee\/wp-content\/uploads\/2023\/11\/ranoja-Logo.png","width":207,"height":58,"caption":"Ranoja O\u00dc"},"image":{"@id":"https:\/\/ranoja.ee\/#\/schema\/logo\/image\/"},"sameAs":["https:\/\/www.facebook.com\/ranoja.ee","https:\/\/www.instagram.com\/ranoja__\/"]}]}},"_links":{"self":[{"href":"https:\/\/ranoja.ee\/en\/wp-json\/wp\/v2\/product\/28596","targetHints":{"allow":["GET"]}}],"collection":[{"href":"https:\/\/ranoja.ee\/en\/wp-json\/wp\/v2\/product"}],"about":[{"href":"https:\/\/ranoja.ee\/en\/wp-json\/wp\/v2\/types\/product"}],"wp:featuredmedia":[{"embeddable":true,"href":"https:\/\/ranoja.ee\/en\/wp-json\/wp\/v2\/media\/28602"}],"wp:attachment":[{"href":"https:\/\/ranoja.ee\/en\/wp-json\/wp\/v2\/media?parent=28596"}],"wp:term":[{"taxonomy":"product_cat","embeddable":true,"href":"https:\/\/ranoja.ee\/en\/wp-json\/wp\/v2\/product_cat?post=28596"},{"taxonomy":"product_tag","embeddable":true,"href":"https:\/\/ranoja.ee\/en\/wp-json\/wp\/v2\/product_tag?post=28596"}],"curies":[{"name":"wp","href":"https:\/\/api.w.org\/{rel}","templated":true}]}}