{"id":28543,"date":"2026-01-26T17:19:07","date_gmt":"2026-01-26T14:19:07","guid":{"rendered":"https:\/\/ranoja.ee\/?post_type=product&#038;p=28543"},"modified":"2026-01-26T18:00:25","modified_gmt":"2026-01-26T15:00:25","slug":"remet-cnc-techology-hooldusniiduk-f2-300-pro-kulgnihkega","status":"publish","type":"product","link":"https:\/\/ranoja.ee\/en\/toode\/remet-cnc-techology-hooldusniiduk-f2-300-pro-kulgnihkega\/","title":{"rendered":"Remet CNC Techology hooldusniiduk F2-300 PRO k\u00fclgnihkega"},"content":{"rendered":"<p>Remet CNC Techology hooldusniiduk F2-300 PRO k\u00fclgnihkega<\/p>\n<p>F2-300 PRO niidukid 50 cm k\u00fclgnihkega on varustatud haakes\u00fcsteemiga, mis \u00fchildub III kategooria haakeseadmega varustatud traktoritega. Tugev korpus tagab kogu seadme k\u00f5rge stabiilsuse ja vastupidavuse. Niidukitel on \u00fchepoolne rihm\u00fclekandes\u00fcsteem, mida kaitsevad kaitsed. Ajami k\u00e4igukast edastab v\u00f5imsust 70 hj kuni 120 hj. Soovitatav j\u00f5uv\u00f5tuv\u00f5lli kiirus (1-3\/8&#8243;) on 540 p\/min (v\u00f5i 1000 p\/min ESIOSA-TAGA kinnituse korral), mis tekitab l\u00f5ikev\u00f5lli kiiruseks 2380 p\/min. Seade on varustatud reguleeritava maandusrulliga l\u00f5ikek\u00f5rguse seadistamiseks ja reguleeritava v\u00e4ljalaskekattega, millel on kolm asendit. S\u00f5idukiirust tuleks kohandada vastavalt maastikutingimustele, kuid see ei tohiks \u00fcletada 10 km\/h.<\/p>\n<p>F2-PRO seeria niidukitel on elektrooniliselt tasakaalustatud rootorid. Rootoritel on vahetatavad, poltidega kinnitatud p\u00f6\u00f6rdtapid, mis on paigaldatud tugevatele sf\u00e4\u00e4rilistele rull-laagritele, millel on tihendid ja kaaned ning mis on paigutatud teraskorpustesse.4<\/p>\n<p>REMET CNC TECHNOLOGY hooldusniidukid on h\u00e4sti m\u00f5eldud aiatehnika seadmete seeria, mis \u00fchendab endas t\u00f5husa j\u00f5udluse, vastupidavuse ja lihtsa kasutusmugavuse. Need niidukid on loodud nii koduaiapidajatele kui ka professionaalsetele haljastusteenustele, kus on oluline kvaliteetne niidutulemus ja masinate t\u00f6\u00f6kindlus. Iga REMET hooldusniiduk on projekteeritud selleks, et muuta muruniitmine kiireks ja nauditavaks tegevuseks. Ilma liigse vaevata ning tagades samal ajal hea visuaalse tulemuse.<\/p>\n<p>Masinate p\u00f5hikomponendid, nagu tugev raam, kvaliteetsed l\u00f5iketerad ja v\u00f5imas mootor. T\u00f6\u00f6tavad sujuvalt koos, v\u00f5imaldades efektiivselt niita erineva k\u00f5rguse ja tihedusega muruplatsidel. Elektri- v\u00f5i bensiinimootoriga variandid pakuvad valikut vastavalt kasutaja vajadustele \u2014 elektrimudelid sobivad v\u00e4iksemate tagaaedade jaoks t\u00e4nu madalale m\u00fcrale ja v\u00e4hesele hooldusvajadusele, samas kui bensiinimudelid annavad suurema v\u00f5imsuse suurte rohumaade ja raskemate tingimuste jaoks. <\/p>\n<p>Remet CNC Techology hooldusniiduk F2-300 PRO k\u00fclgnihkega<\/p>\n","protected":false},"excerpt":{"rendered":"<p>Remet CNC Techology hooldusniiduk F2-300 PRO k\u00fclgnihkega<br \/>\nMinimaalne\/soovitatav traktori v\u00f5imsus: 70 \u2013 120 hj<br \/>\nHaakes\u00fcsteem: Tagumine kolmepunkti\u00fchendus, III kategooria<br \/>\nM\u00f5\u00f5tmed: 3193 x 1165 x 1130 mm<br \/>\nPurustus pekslid: 22 tk<br \/>\n\u00dche peksli kaal: 1.8 kg<br \/>\nK\u00e4ik: \u00dchesuunalise siduriga<br \/>\nVastasv\u00f5lli p\u00f6\u00f6rlemiskiirus: 2380 p\/min<br \/>\nNiidulaius 300 cm<br \/>\nJ\u00f5uv\u00f5tuv\u00f5lli maksimaalne kiirus: 540 p\/min<br \/>\nL\u00f5ikev\u00f5lli l\u00e4bim\u00f5\u00f5t: 194 x 12.5 mm<br \/>\nV\u00f5lli l\u00e4bim\u00f5\u00f5t: 465 mm<br \/>\nKopeerimisv\u00f5lli l\u00e4bim\u00f5\u00f5t: 194 x 7 mm<br \/>\nK\u00fclgnihe: 50 cm, -10cm, + 40 cm niiduki teljest<br \/>\nTootekood: 16F2300P<br \/>\nKaal: 1300 kg<br \/>\n<strong>Lisavarustusena v\u00f5imalik tellida niiduk kinnitusega, mis sobib paigaldamiseks nii traktori esi- kui ka taga ripps\u00fcsteemile<\/strong><br \/>\n<strong>Eeldatav tarneaeg 2-3 n\u00e4dalat<\/strong><\/p>\n","protected":false},"featured_media":28584,"template":"","meta":{"inline_featured_image":false},"product_cat":[1079,1086],"product_tag":[3269,3268,1820,3240,3225,486,3267],"class_list":{"0":"post-28543","1":"product","2":"type-product","3":"status-publish","4":"has-post-thumbnail","6":"product_brand-remet-cnc-technology","7":"product_cat-aiatehnika-ja-niidutehnika","8":"product_cat-hooldusniidukid","9":"product_tag-16f2300p","10":"product_tag-f2-300-pro","11":"product_tag-hooldusniiduk","12":"product_tag-hooldusniiduk-hudraulilise-kulgnihkega","13":"product_tag-hooldusniidukid","14":"product_tag-pto","15":"product_tag-remet-cnc-techology-hooldusniiduk-f2-300-pro-kulgnihkega","17":"first","18":"instock","19":"taxable","20":"shipping-taxable","21":"purchasable","22":"product-type-simple"},"yoast_head":"<!-- This site is optimized with the Yoast SEO plugin v27.4 - https:\/\/yoast.com\/product\/yoast-seo-wordpress\/ -->\n<title>Remet CNC Techology hooldusniiduk F2-300 PRO k\u00fclgnihkega<\/title>\n<meta name=\"description\" content=\"Remet CNC Techology hooldusniiduk F2-300 PRO k\u00fclgnihkega k\u00fclgnihkega S\u00f5idukiirust tuleks kohandada vastavalt maastikule, kuid see ei tohiks \u00fcletada 10 km\/h.\" \/>\n<meta name=\"robots\" content=\"index, follow, max-snippet:-1, max-image-preview:large, max-video-preview:-1\" \/>\n<link rel=\"canonical\" href=\"https:\/\/ranoja.ee\/toode\/remet-cnc-techology-hooldusniiduk-f2-300-pro-kulgnihkega\/\" \/>\n<meta property=\"og:locale\" content=\"en_US\" \/>\n<meta property=\"og:type\" content=\"article\" \/>\n<meta property=\"og:title\" content=\"Remet CNC Techology hooldusniiduk F2-300 PRO k\u00fclgnihkega\" \/>\n<meta property=\"og:description\" content=\"Remet CNC Techology hooldusniiduk F2-300 PRO k\u00fclgnihkega k\u00fclgnihkega S\u00f5idukiirust tuleks kohandada vastavalt maastikule, kuid see ei tohiks \u00fcletada 10 km\/h.\" \/>\n<meta property=\"og:url\" content=\"https:\/\/ranoja.ee\/toode\/remet-cnc-techology-hooldusniiduk-f2-300-pro-kulgnihkega\/\" \/>\n<meta property=\"og:site_name\" content=\"Ranoja\" \/>\n<meta property=\"article:publisher\" content=\"https:\/\/www.facebook.com\/ranoja.ee\" \/>\n<meta property=\"article:modified_time\" content=\"2026-01-26T15:00:25+00:00\" \/>\n<meta property=\"og:image\" content=\"https:\/\/ranoja.ee\/wp-content\/uploads\/2026\/01\/Remet-CNC-Techology-hooldusniiduk-F2-300-PRO-kulgnihkega.png\" \/>\n\t<meta property=\"og:image:width\" content=\"458\" \/>\n\t<meta property=\"og:image:height\" content=\"458\" \/>\n\t<meta property=\"og:image:type\" content=\"image\/png\" \/>\n<meta name=\"twitter:card\" content=\"summary_large_image\" \/>\n<meta name=\"twitter:label1\" content=\"Est. reading time\" \/>\n\t<meta name=\"twitter:data1\" content=\"2 minutes\" \/>\n<script type=\"application\/ld+json\" class=\"yoast-schema-graph\">{\"@context\":\"https:\\\/\\\/schema.org\",\"@graph\":[{\"@type\":\"WebPage\",\"@id\":\"https:\\\/\\\/ranoja.ee\\\/toode\\\/remet-cnc-techology-hooldusniiduk-f2-300-pro-kulgnihkega\\\/\",\"url\":\"https:\\\/\\\/ranoja.ee\\\/toode\\\/remet-cnc-techology-hooldusniiduk-f2-300-pro-kulgnihkega\\\/\",\"name\":\"Remet CNC Techology hooldusniiduk F2-300 PRO k\u00fclgnihkega\",\"isPartOf\":{\"@id\":\"https:\\\/\\\/ranoja.ee\\\/#website\"},\"primaryImageOfPage\":{\"@id\":\"https:\\\/\\\/ranoja.ee\\\/toode\\\/remet-cnc-techology-hooldusniiduk-f2-300-pro-kulgnihkega\\\/#primaryimage\"},\"image\":{\"@id\":\"https:\\\/\\\/ranoja.ee\\\/toode\\\/remet-cnc-techology-hooldusniiduk-f2-300-pro-kulgnihkega\\\/#primaryimage\"},\"thumbnailUrl\":\"https:\\\/\\\/ranoja.ee\\\/wp-content\\\/uploads\\\/2026\\\/01\\\/Remet-CNC-Techology-hooldusniiduk-F2-300-PRO-kulgnihkega.png\",\"datePublished\":\"2026-01-26T14:19:07+00:00\",\"dateModified\":\"2026-01-26T15:00:25+00:00\",\"description\":\"Remet CNC Techology hooldusniiduk F2-300 PRO k\u00fclgnihkega k\u00fclgnihkega S\u00f5idukiirust tuleks kohandada vastavalt maastikule, kuid see ei tohiks \u00fcletada 10 km\\\/h.\",\"breadcrumb\":{\"@id\":\"https:\\\/\\\/ranoja.ee\\\/toode\\\/remet-cnc-techology-hooldusniiduk-f2-300-pro-kulgnihkega\\\/#breadcrumb\"},\"inLanguage\":\"en-US\",\"potentialAction\":[{\"@type\":\"ReadAction\",\"target\":[\"https:\\\/\\\/ranoja.ee\\\/toode\\\/remet-cnc-techology-hooldusniiduk-f2-300-pro-kulgnihkega\\\/\"]}]},{\"@type\":\"ImageObject\",\"inLanguage\":\"en-US\",\"@id\":\"https:\\\/\\\/ranoja.ee\\\/toode\\\/remet-cnc-techology-hooldusniiduk-f2-300-pro-kulgnihkega\\\/#primaryimage\",\"url\":\"https:\\\/\\\/ranoja.ee\\\/wp-content\\\/uploads\\\/2026\\\/01\\\/Remet-CNC-Techology-hooldusniiduk-F2-300-PRO-kulgnihkega.png\",\"contentUrl\":\"https:\\\/\\\/ranoja.ee\\\/wp-content\\\/uploads\\\/2026\\\/01\\\/Remet-CNC-Techology-hooldusniiduk-F2-300-PRO-kulgnihkega.png\",\"width\":458,\"height\":458,\"caption\":\"Remet CNC Techology hooldusniiduk F2-300 PRO k\u00fclgnihkega\"},{\"@type\":\"BreadcrumbList\",\"@id\":\"https:\\\/\\\/ranoja.ee\\\/toode\\\/remet-cnc-techology-hooldusniiduk-f2-300-pro-kulgnihkega\\\/#breadcrumb\",\"itemListElement\":[{\"@type\":\"ListItem\",\"position\":1,\"name\":\"Home\",\"item\":\"https:\\\/\\\/ranoja.ee\\\/\"},{\"@type\":\"ListItem\",\"position\":2,\"name\":\"Shop\",\"item\":\"https:\\\/\\\/ranoja.ee\\\/en\\\/shop\\\/\"},{\"@type\":\"ListItem\",\"position\":3,\"name\":\"Remet CNC Techology hooldusniiduk F2-300 PRO k\u00fclgnihkega\"}]},{\"@type\":\"WebSite\",\"@id\":\"https:\\\/\\\/ranoja.ee\\\/#website\",\"url\":\"https:\\\/\\\/ranoja.ee\\\/\",\"name\":\"Ranoja\",\"description\":\"Equipment Shop WooCommerce WordPress Theme for Machine &amp; Tools\",\"publisher\":{\"@id\":\"https:\\\/\\\/ranoja.ee\\\/#organization\"},\"potentialAction\":[{\"@type\":\"SearchAction\",\"target\":{\"@type\":\"EntryPoint\",\"urlTemplate\":\"https:\\\/\\\/ranoja.ee\\\/?s={search_term_string}\"},\"query-input\":{\"@type\":\"PropertyValueSpecification\",\"valueRequired\":true,\"valueName\":\"search_term_string\"}}],\"inLanguage\":\"en-US\"},{\"@type\":\"Organization\",\"@id\":\"https:\\\/\\\/ranoja.ee\\\/#organization\",\"name\":\"Ranoja O\u00dc\",\"url\":\"https:\\\/\\\/ranoja.ee\\\/\",\"logo\":{\"@type\":\"ImageObject\",\"inLanguage\":\"en-US\",\"@id\":\"https:\\\/\\\/ranoja.ee\\\/#\\\/schema\\\/logo\\\/image\\\/\",\"url\":\"https:\\\/\\\/ranoja.ee\\\/wp-content\\\/uploads\\\/2023\\\/11\\\/ranoja-Logo.png\",\"contentUrl\":\"https:\\\/\\\/ranoja.ee\\\/wp-content\\\/uploads\\\/2023\\\/11\\\/ranoja-Logo.png\",\"width\":207,\"height\":58,\"caption\":\"Ranoja O\u00dc\"},\"image\":{\"@id\":\"https:\\\/\\\/ranoja.ee\\\/#\\\/schema\\\/logo\\\/image\\\/\"},\"sameAs\":[\"https:\\\/\\\/www.facebook.com\\\/ranoja.ee\",\"https:\\\/\\\/www.instagram.com\\\/ranoja__\\\/\"]}]}<\/script>\n<!-- \/ Yoast SEO plugin. -->","yoast_head_json":{"title":"Remet CNC Techology hooldusniiduk F2-300 PRO k\u00fclgnihkega","description":"Remet CNC Techology hooldusniiduk F2-300 PRO k\u00fclgnihkega k\u00fclgnihkega S\u00f5idukiirust tuleks kohandada vastavalt maastikule, kuid see ei tohiks \u00fcletada 10 km\/h.","robots":{"index":"index","follow":"follow","max-snippet":"max-snippet:-1","max-image-preview":"max-image-preview:large","max-video-preview":"max-video-preview:-1"},"canonical":"https:\/\/ranoja.ee\/toode\/remet-cnc-techology-hooldusniiduk-f2-300-pro-kulgnihkega\/","og_locale":"en_US","og_type":"article","og_title":"Remet CNC Techology hooldusniiduk F2-300 PRO k\u00fclgnihkega","og_description":"Remet CNC Techology hooldusniiduk F2-300 PRO k\u00fclgnihkega k\u00fclgnihkega S\u00f5idukiirust tuleks kohandada vastavalt maastikule, kuid see ei tohiks \u00fcletada 10 km\/h.","og_url":"https:\/\/ranoja.ee\/toode\/remet-cnc-techology-hooldusniiduk-f2-300-pro-kulgnihkega\/","og_site_name":"Ranoja","article_publisher":"https:\/\/www.facebook.com\/ranoja.ee","article_modified_time":"2026-01-26T15:00:25+00:00","og_image":[{"width":458,"height":458,"url":"https:\/\/ranoja.ee\/wp-content\/uploads\/2026\/01\/Remet-CNC-Techology-hooldusniiduk-F2-300-PRO-kulgnihkega.png","type":"image\/png"}],"twitter_card":"summary_large_image","twitter_misc":{"Est. reading time":"2 minutes"},"schema":{"@context":"https:\/\/schema.org","@graph":[{"@type":"WebPage","@id":"https:\/\/ranoja.ee\/toode\/remet-cnc-techology-hooldusniiduk-f2-300-pro-kulgnihkega\/","url":"https:\/\/ranoja.ee\/toode\/remet-cnc-techology-hooldusniiduk-f2-300-pro-kulgnihkega\/","name":"Remet CNC Techology hooldusniiduk F2-300 PRO k\u00fclgnihkega","isPartOf":{"@id":"https:\/\/ranoja.ee\/#website"},"primaryImageOfPage":{"@id":"https:\/\/ranoja.ee\/toode\/remet-cnc-techology-hooldusniiduk-f2-300-pro-kulgnihkega\/#primaryimage"},"image":{"@id":"https:\/\/ranoja.ee\/toode\/remet-cnc-techology-hooldusniiduk-f2-300-pro-kulgnihkega\/#primaryimage"},"thumbnailUrl":"https:\/\/ranoja.ee\/wp-content\/uploads\/2026\/01\/Remet-CNC-Techology-hooldusniiduk-F2-300-PRO-kulgnihkega.png","datePublished":"2026-01-26T14:19:07+00:00","dateModified":"2026-01-26T15:00:25+00:00","description":"Remet CNC Techology hooldusniiduk F2-300 PRO k\u00fclgnihkega k\u00fclgnihkega S\u00f5idukiirust tuleks kohandada vastavalt maastikule, kuid see ei tohiks \u00fcletada 10 km\/h.","breadcrumb":{"@id":"https:\/\/ranoja.ee\/toode\/remet-cnc-techology-hooldusniiduk-f2-300-pro-kulgnihkega\/#breadcrumb"},"inLanguage":"en-US","potentialAction":[{"@type":"ReadAction","target":["https:\/\/ranoja.ee\/toode\/remet-cnc-techology-hooldusniiduk-f2-300-pro-kulgnihkega\/"]}]},{"@type":"ImageObject","inLanguage":"en-US","@id":"https:\/\/ranoja.ee\/toode\/remet-cnc-techology-hooldusniiduk-f2-300-pro-kulgnihkega\/#primaryimage","url":"https:\/\/ranoja.ee\/wp-content\/uploads\/2026\/01\/Remet-CNC-Techology-hooldusniiduk-F2-300-PRO-kulgnihkega.png","contentUrl":"https:\/\/ranoja.ee\/wp-content\/uploads\/2026\/01\/Remet-CNC-Techology-hooldusniiduk-F2-300-PRO-kulgnihkega.png","width":458,"height":458,"caption":"Remet CNC Techology hooldusniiduk F2-300 PRO k\u00fclgnihkega"},{"@type":"BreadcrumbList","@id":"https:\/\/ranoja.ee\/toode\/remet-cnc-techology-hooldusniiduk-f2-300-pro-kulgnihkega\/#breadcrumb","itemListElement":[{"@type":"ListItem","position":1,"name":"Home","item":"https:\/\/ranoja.ee\/"},{"@type":"ListItem","position":2,"name":"Shop","item":"https:\/\/ranoja.ee\/en\/shop\/"},{"@type":"ListItem","position":3,"name":"Remet CNC Techology hooldusniiduk F2-300 PRO k\u00fclgnihkega"}]},{"@type":"WebSite","@id":"https:\/\/ranoja.ee\/#website","url":"https:\/\/ranoja.ee\/","name":"Ranoja","description":"Equipment Shop WooCommerce WordPress Theme for Machine &amp; Tools","publisher":{"@id":"https:\/\/ranoja.ee\/#organization"},"potentialAction":[{"@type":"SearchAction","target":{"@type":"EntryPoint","urlTemplate":"https:\/\/ranoja.ee\/?s={search_term_string}"},"query-input":{"@type":"PropertyValueSpecification","valueRequired":true,"valueName":"search_term_string"}}],"inLanguage":"en-US"},{"@type":"Organization","@id":"https:\/\/ranoja.ee\/#organization","name":"Ranoja O\u00dc","url":"https:\/\/ranoja.ee\/","logo":{"@type":"ImageObject","inLanguage":"en-US","@id":"https:\/\/ranoja.ee\/#\/schema\/logo\/image\/","url":"https:\/\/ranoja.ee\/wp-content\/uploads\/2023\/11\/ranoja-Logo.png","contentUrl":"https:\/\/ranoja.ee\/wp-content\/uploads\/2023\/11\/ranoja-Logo.png","width":207,"height":58,"caption":"Ranoja O\u00dc"},"image":{"@id":"https:\/\/ranoja.ee\/#\/schema\/logo\/image\/"},"sameAs":["https:\/\/www.facebook.com\/ranoja.ee","https:\/\/www.instagram.com\/ranoja__\/"]}]}},"_links":{"self":[{"href":"https:\/\/ranoja.ee\/en\/wp-json\/wp\/v2\/product\/28543","targetHints":{"allow":["GET"]}}],"collection":[{"href":"https:\/\/ranoja.ee\/en\/wp-json\/wp\/v2\/product"}],"about":[{"href":"https:\/\/ranoja.ee\/en\/wp-json\/wp\/v2\/types\/product"}],"wp:featuredmedia":[{"embeddable":true,"href":"https:\/\/ranoja.ee\/en\/wp-json\/wp\/v2\/media\/28584"}],"wp:attachment":[{"href":"https:\/\/ranoja.ee\/en\/wp-json\/wp\/v2\/media?parent=28543"}],"wp:term":[{"taxonomy":"product_cat","embeddable":true,"href":"https:\/\/ranoja.ee\/en\/wp-json\/wp\/v2\/product_cat?post=28543"},{"taxonomy":"product_tag","embeddable":true,"href":"https:\/\/ranoja.ee\/en\/wp-json\/wp\/v2\/product_tag?post=28543"}],"curies":[{"name":"wp","href":"https:\/\/api.w.org\/{rel}","templated":true}]}}