{"id":27873,"date":"2026-01-23T17:40:17","date_gmt":"2026-01-23T14:40:17","guid":{"rendered":"https:\/\/ranoja.ee\/?post_type=product&#038;p=27873"},"modified":"2026-01-26T10:53:30","modified_gmt":"2026-01-26T07:53:30","slug":"remet-cnc-techology-hooldusniiduk-fms-120","status":"publish","type":"product","link":"https:\/\/ranoja.ee\/en\/toode\/remet-cnc-techology-hooldusniiduk-fms-120\/","title":{"rendered":"Remet CNC Techology hooldusniiduk FMS-120"},"content":{"rendered":"<p>Remet CNC Techology hooldusniiduk FMS-120<\/p>\n<p>FMS-niidukitel on vedrustuss\u00fcsteem, mis \u00fchildub I kategooria haakeseadmega traktoritega. Tugev \u0161assii tagab suure stabiilsuse ja vastupidavuse. Niidukitel on \u00fchepoolne veos\u00fcsteem, rihm\u00fclekanne, mida kaitsevad kaitsed. \u00dclekanne annab kuni 50 hj ja soovitatav j\u00f5uv\u00f5tuv\u00f5lli kiirus (1-3\/8&#8243;) on 540 p\/min. Masin on varustatud reguleeritava maapinna juhtv\u00f5lliga niitmisk\u00f5rguse reguleerimiseks. S\u00f5idukiirust tuleks kohandada vastavalt maastikule, kuid see ei tohiks \u00fcletada 10 km\/h.<br \/>\nSee niiduk on varustatud 20 haamriga, millest iga\u00fcks kaalub 0,4 kg.<br \/>\nNiidukit saab varustada ka 40 Y-t\u00fc\u00fcpi l\u00f5ikenoaga.<\/p>\n<p>REMET CNC TECHNOLOGY hooldusniidukid on h\u00e4sti m\u00f5eldud aiatehnika seadmete seeria, mis \u00fchendab endas t\u00f5husa j\u00f5udluse, vastupidavuse ja lihtsa kasutusmugavuse. Need niidukid on loodud nii koduaiapidajatele kui ka professionaalsetele haljastusteenustele, kus on oluline kvaliteetne niidutulemus ja masinate t\u00f6\u00f6kindlus. Iga REMET hooldusniiduk on projekteeritud selleks, et muuta muruniitmine kiireks ja nauditavaks tegevuseks, ilma liigse vaevata ning tagades samal ajal hea visuaalse tulemuse.<\/p>\n<p>Masinate p\u00f5hikomponendid, nagu tugev raam, kvaliteetsed l\u00f5iketerad ja v\u00f5imas mootor, t\u00f6\u00f6tavad sujuvalt koos, v\u00f5imaldades efektiivselt niita erineva k\u00f5rguse ja tihedusega muruplatsidel. Elektri- v\u00f5i bensiinimootoriga variandid pakuvad valikut vastavalt kasutaja vajadustele \u2014 elektrimudelid sobivad v\u00e4iksemate tagaaedade jaoks t\u00e4nu madalale m\u00fcrale ja v\u00e4hesele hooldusvajadusele, samas kui bensiinimudelid annavad suurema v\u00f5imsuse suurte rohumaade ja raskemate tingimuste jaoks. <\/p>\n<p>Remet CNC Techology hooldusniiduk FMS-120<\/p>\n","protected":false},"excerpt":{"rendered":"<p>Remet CNC Techology hooldusniiduk FMS-120<br \/>\nTraktori v\u00f5imsus min\/max: 15\/50 hj<br \/>\nHaakes\u00fcsteem: Tagumine kolmepunkti\u00fchendus, kategooria I ja II<br \/>\nVasakuv\u00f5lli p\u00f6\u00f6rlemiskiirus: 2705 p\/min<br \/>\nMaksimaalne j\u00f5uv\u00f5tuv\u00f5lli kiirus: 540 p\/min<br \/>\nM\u00f5\u00f5tmed: 1320 x 780 x 760 mm<br \/>\nNiidulaius: 120 cm<br \/>\nY-nugadega v\u00f5lli l\u00e4bim\u00f5\u00f5t: 320 mm<br \/>\nPekslitega v\u00f5lli l\u00e4bim\u00f5\u00f5t: 310 mm<br \/>\nKopeerimisv\u00f5lli l\u00e4bim\u00f5\u00f5t: 102 mm<br \/>\nL\u00f5ikev\u00f5lli l\u00e4bim\u00f5\u00f5t: 108 mm<br \/>\nPurustusvahendid: 20 haamrit\/pekslit v\u00f5i 40 Y-nuga<br \/>\n\u00dchesuunalise siduriga k\u00e4ik<br \/>\nTootekood: 2FMS120<br \/>\nKaal: 205 kg<br \/>\n<strong>Eeldatav tarneaeg 2-3 n\u00e4dalat<\/strong><br \/>\n[embed]https:\/\/youtu.be\/Z8cp_mZvT4w?si=e0u3Pz9K912br5ZP[\/embed]<\/p>\n","protected":false},"featured_media":27874,"template":"","meta":{"inline_featured_image":false},"product_cat":[1079,1086],"product_tag":[3228,3227,1820,3225,3017,3226],"class_list":{"0":"post-27873","1":"product","2":"type-product","3":"status-publish","4":"has-post-thumbnail","6":"product_brand-remet-cnc-technology","7":"product_cat-aiatehnika-ja-niidutehnika","8":"product_cat-hooldusniidukid","9":"product_tag-2fms120","10":"product_tag-fms-120","11":"product_tag-hooldusniiduk","12":"product_tag-hooldusniidukid","13":"product_tag-remet-cnc-technology","14":"product_tag-remet-cnc-techology-hooldusniiduk-fms-120","16":"first","17":"instock","18":"taxable","19":"shipping-taxable","20":"purchasable","21":"product-type-simple"},"yoast_head":"<!-- This site is optimized with the Yoast SEO plugin v27.4 - https:\/\/yoast.com\/product\/yoast-seo-wordpress\/ -->\n<title>Remet CNC Techology hooldusniiduk FMS-120<\/title>\n<meta name=\"description\" content=\"Remet CNC Techology hooldusniiduk FMS-120 S\u00f5idukiirust niites tuleks kohandada vastavalt maastikule, kuid see ei tohiks \u00fcletada 10 km\/h.\" \/>\n<meta name=\"robots\" content=\"index, follow, max-snippet:-1, max-image-preview:large, max-video-preview:-1\" \/>\n<link rel=\"canonical\" href=\"https:\/\/ranoja.ee\/toode\/remet-cnc-techology-hooldusniiduk-fms-120\/\" \/>\n<meta property=\"og:locale\" content=\"en_US\" \/>\n<meta property=\"og:type\" content=\"article\" \/>\n<meta property=\"og:title\" content=\"Remet CNC Techology hooldusniiduk FMS-120\" \/>\n<meta property=\"og:description\" content=\"Remet CNC Techology hooldusniiduk FMS-120 S\u00f5idukiirust niites tuleks kohandada vastavalt maastikule, kuid see ei tohiks \u00fcletada 10 km\/h.\" \/>\n<meta property=\"og:url\" content=\"https:\/\/ranoja.ee\/toode\/remet-cnc-techology-hooldusniiduk-fms-120\/\" \/>\n<meta property=\"og:site_name\" content=\"Ranoja\" \/>\n<meta property=\"article:publisher\" content=\"https:\/\/www.facebook.com\/ranoja.ee\" \/>\n<meta property=\"article:modified_time\" content=\"2026-01-26T07:53:30+00:00\" \/>\n<meta property=\"og:image\" content=\"https:\/\/ranoja.ee\/wp-content\/uploads\/2026\/01\/Remet-CNC-Techology-hooldusniiduk-FMS-120.png\" \/>\n\t<meta property=\"og:image:width\" content=\"458\" \/>\n\t<meta property=\"og:image:height\" content=\"458\" \/>\n\t<meta property=\"og:image:type\" content=\"image\/png\" \/>\n<meta name=\"twitter:card\" content=\"summary_large_image\" \/>\n<meta name=\"twitter:label1\" content=\"Est. reading time\" \/>\n\t<meta name=\"twitter:data1\" content=\"2 minutes\" \/>\n<script type=\"application\/ld+json\" class=\"yoast-schema-graph\">{\"@context\":\"https:\\\/\\\/schema.org\",\"@graph\":[{\"@type\":\"WebPage\",\"@id\":\"https:\\\/\\\/ranoja.ee\\\/toode\\\/remet-cnc-techology-hooldusniiduk-fms-120\\\/\",\"url\":\"https:\\\/\\\/ranoja.ee\\\/toode\\\/remet-cnc-techology-hooldusniiduk-fms-120\\\/\",\"name\":\"Remet CNC Techology hooldusniiduk FMS-120\",\"isPartOf\":{\"@id\":\"https:\\\/\\\/ranoja.ee\\\/#website\"},\"primaryImageOfPage\":{\"@id\":\"https:\\\/\\\/ranoja.ee\\\/toode\\\/remet-cnc-techology-hooldusniiduk-fms-120\\\/#primaryimage\"},\"image\":{\"@id\":\"https:\\\/\\\/ranoja.ee\\\/toode\\\/remet-cnc-techology-hooldusniiduk-fms-120\\\/#primaryimage\"},\"thumbnailUrl\":\"https:\\\/\\\/ranoja.ee\\\/wp-content\\\/uploads\\\/2026\\\/01\\\/Remet-CNC-Techology-hooldusniiduk-FMS-120.png\",\"datePublished\":\"2026-01-23T14:40:17+00:00\",\"dateModified\":\"2026-01-26T07:53:30+00:00\",\"description\":\"Remet CNC Techology hooldusniiduk FMS-120 S\u00f5idukiirust niites tuleks kohandada vastavalt maastikule, kuid see ei tohiks \u00fcletada 10 km\\\/h.\",\"breadcrumb\":{\"@id\":\"https:\\\/\\\/ranoja.ee\\\/toode\\\/remet-cnc-techology-hooldusniiduk-fms-120\\\/#breadcrumb\"},\"inLanguage\":\"en-US\",\"potentialAction\":[{\"@type\":\"ReadAction\",\"target\":[\"https:\\\/\\\/ranoja.ee\\\/toode\\\/remet-cnc-techology-hooldusniiduk-fms-120\\\/\"]}]},{\"@type\":\"ImageObject\",\"inLanguage\":\"en-US\",\"@id\":\"https:\\\/\\\/ranoja.ee\\\/toode\\\/remet-cnc-techology-hooldusniiduk-fms-120\\\/#primaryimage\",\"url\":\"https:\\\/\\\/ranoja.ee\\\/wp-content\\\/uploads\\\/2026\\\/01\\\/Remet-CNC-Techology-hooldusniiduk-FMS-120.png\",\"contentUrl\":\"https:\\\/\\\/ranoja.ee\\\/wp-content\\\/uploads\\\/2026\\\/01\\\/Remet-CNC-Techology-hooldusniiduk-FMS-120.png\",\"width\":458,\"height\":458,\"caption\":\"Remet CNC Techology hooldusniiduk FMS-120\"},{\"@type\":\"BreadcrumbList\",\"@id\":\"https:\\\/\\\/ranoja.ee\\\/toode\\\/remet-cnc-techology-hooldusniiduk-fms-120\\\/#breadcrumb\",\"itemListElement\":[{\"@type\":\"ListItem\",\"position\":1,\"name\":\"Home\",\"item\":\"https:\\\/\\\/ranoja.ee\\\/\"},{\"@type\":\"ListItem\",\"position\":2,\"name\":\"Shop\",\"item\":\"https:\\\/\\\/ranoja.ee\\\/en\\\/shop\\\/\"},{\"@type\":\"ListItem\",\"position\":3,\"name\":\"Remet CNC Techology hooldusniiduk FMS-120\"}]},{\"@type\":\"WebSite\",\"@id\":\"https:\\\/\\\/ranoja.ee\\\/#website\",\"url\":\"https:\\\/\\\/ranoja.ee\\\/\",\"name\":\"Ranoja\",\"description\":\"Equipment Shop WooCommerce WordPress Theme for Machine &amp; Tools\",\"publisher\":{\"@id\":\"https:\\\/\\\/ranoja.ee\\\/#organization\"},\"potentialAction\":[{\"@type\":\"SearchAction\",\"target\":{\"@type\":\"EntryPoint\",\"urlTemplate\":\"https:\\\/\\\/ranoja.ee\\\/?s={search_term_string}\"},\"query-input\":{\"@type\":\"PropertyValueSpecification\",\"valueRequired\":true,\"valueName\":\"search_term_string\"}}],\"inLanguage\":\"en-US\"},{\"@type\":\"Organization\",\"@id\":\"https:\\\/\\\/ranoja.ee\\\/#organization\",\"name\":\"Ranoja O\u00dc\",\"url\":\"https:\\\/\\\/ranoja.ee\\\/\",\"logo\":{\"@type\":\"ImageObject\",\"inLanguage\":\"en-US\",\"@id\":\"https:\\\/\\\/ranoja.ee\\\/#\\\/schema\\\/logo\\\/image\\\/\",\"url\":\"https:\\\/\\\/ranoja.ee\\\/wp-content\\\/uploads\\\/2023\\\/11\\\/ranoja-Logo.png\",\"contentUrl\":\"https:\\\/\\\/ranoja.ee\\\/wp-content\\\/uploads\\\/2023\\\/11\\\/ranoja-Logo.png\",\"width\":207,\"height\":58,\"caption\":\"Ranoja O\u00dc\"},\"image\":{\"@id\":\"https:\\\/\\\/ranoja.ee\\\/#\\\/schema\\\/logo\\\/image\\\/\"},\"sameAs\":[\"https:\\\/\\\/www.facebook.com\\\/ranoja.ee\",\"https:\\\/\\\/www.instagram.com\\\/ranoja__\\\/\"]}]}<\/script>\n<!-- \/ Yoast SEO plugin. -->","yoast_head_json":{"title":"Remet CNC Techology hooldusniiduk FMS-120","description":"Remet CNC Techology hooldusniiduk FMS-120 S\u00f5idukiirust niites tuleks kohandada vastavalt maastikule, kuid see ei tohiks \u00fcletada 10 km\/h.","robots":{"index":"index","follow":"follow","max-snippet":"max-snippet:-1","max-image-preview":"max-image-preview:large","max-video-preview":"max-video-preview:-1"},"canonical":"https:\/\/ranoja.ee\/toode\/remet-cnc-techology-hooldusniiduk-fms-120\/","og_locale":"en_US","og_type":"article","og_title":"Remet CNC Techology hooldusniiduk FMS-120","og_description":"Remet CNC Techology hooldusniiduk FMS-120 S\u00f5idukiirust niites tuleks kohandada vastavalt maastikule, kuid see ei tohiks \u00fcletada 10 km\/h.","og_url":"https:\/\/ranoja.ee\/toode\/remet-cnc-techology-hooldusniiduk-fms-120\/","og_site_name":"Ranoja","article_publisher":"https:\/\/www.facebook.com\/ranoja.ee","article_modified_time":"2026-01-26T07:53:30+00:00","og_image":[{"width":458,"height":458,"url":"https:\/\/ranoja.ee\/wp-content\/uploads\/2026\/01\/Remet-CNC-Techology-hooldusniiduk-FMS-120.png","type":"image\/png"}],"twitter_card":"summary_large_image","twitter_misc":{"Est. reading time":"2 minutes"},"schema":{"@context":"https:\/\/schema.org","@graph":[{"@type":"WebPage","@id":"https:\/\/ranoja.ee\/toode\/remet-cnc-techology-hooldusniiduk-fms-120\/","url":"https:\/\/ranoja.ee\/toode\/remet-cnc-techology-hooldusniiduk-fms-120\/","name":"Remet CNC Techology hooldusniiduk FMS-120","isPartOf":{"@id":"https:\/\/ranoja.ee\/#website"},"primaryImageOfPage":{"@id":"https:\/\/ranoja.ee\/toode\/remet-cnc-techology-hooldusniiduk-fms-120\/#primaryimage"},"image":{"@id":"https:\/\/ranoja.ee\/toode\/remet-cnc-techology-hooldusniiduk-fms-120\/#primaryimage"},"thumbnailUrl":"https:\/\/ranoja.ee\/wp-content\/uploads\/2026\/01\/Remet-CNC-Techology-hooldusniiduk-FMS-120.png","datePublished":"2026-01-23T14:40:17+00:00","dateModified":"2026-01-26T07:53:30+00:00","description":"Remet CNC Techology hooldusniiduk FMS-120 S\u00f5idukiirust niites tuleks kohandada vastavalt maastikule, kuid see ei tohiks \u00fcletada 10 km\/h.","breadcrumb":{"@id":"https:\/\/ranoja.ee\/toode\/remet-cnc-techology-hooldusniiduk-fms-120\/#breadcrumb"},"inLanguage":"en-US","potentialAction":[{"@type":"ReadAction","target":["https:\/\/ranoja.ee\/toode\/remet-cnc-techology-hooldusniiduk-fms-120\/"]}]},{"@type":"ImageObject","inLanguage":"en-US","@id":"https:\/\/ranoja.ee\/toode\/remet-cnc-techology-hooldusniiduk-fms-120\/#primaryimage","url":"https:\/\/ranoja.ee\/wp-content\/uploads\/2026\/01\/Remet-CNC-Techology-hooldusniiduk-FMS-120.png","contentUrl":"https:\/\/ranoja.ee\/wp-content\/uploads\/2026\/01\/Remet-CNC-Techology-hooldusniiduk-FMS-120.png","width":458,"height":458,"caption":"Remet CNC Techology hooldusniiduk FMS-120"},{"@type":"BreadcrumbList","@id":"https:\/\/ranoja.ee\/toode\/remet-cnc-techology-hooldusniiduk-fms-120\/#breadcrumb","itemListElement":[{"@type":"ListItem","position":1,"name":"Home","item":"https:\/\/ranoja.ee\/"},{"@type":"ListItem","position":2,"name":"Shop","item":"https:\/\/ranoja.ee\/en\/shop\/"},{"@type":"ListItem","position":3,"name":"Remet CNC Techology hooldusniiduk FMS-120"}]},{"@type":"WebSite","@id":"https:\/\/ranoja.ee\/#website","url":"https:\/\/ranoja.ee\/","name":"Ranoja","description":"Equipment Shop WooCommerce WordPress Theme for Machine &amp; Tools","publisher":{"@id":"https:\/\/ranoja.ee\/#organization"},"potentialAction":[{"@type":"SearchAction","target":{"@type":"EntryPoint","urlTemplate":"https:\/\/ranoja.ee\/?s={search_term_string}"},"query-input":{"@type":"PropertyValueSpecification","valueRequired":true,"valueName":"search_term_string"}}],"inLanguage":"en-US"},{"@type":"Organization","@id":"https:\/\/ranoja.ee\/#organization","name":"Ranoja O\u00dc","url":"https:\/\/ranoja.ee\/","logo":{"@type":"ImageObject","inLanguage":"en-US","@id":"https:\/\/ranoja.ee\/#\/schema\/logo\/image\/","url":"https:\/\/ranoja.ee\/wp-content\/uploads\/2023\/11\/ranoja-Logo.png","contentUrl":"https:\/\/ranoja.ee\/wp-content\/uploads\/2023\/11\/ranoja-Logo.png","width":207,"height":58,"caption":"Ranoja O\u00dc"},"image":{"@id":"https:\/\/ranoja.ee\/#\/schema\/logo\/image\/"},"sameAs":["https:\/\/www.facebook.com\/ranoja.ee","https:\/\/www.instagram.com\/ranoja__\/"]}]}},"_links":{"self":[{"href":"https:\/\/ranoja.ee\/en\/wp-json\/wp\/v2\/product\/27873","targetHints":{"allow":["GET"]}}],"collection":[{"href":"https:\/\/ranoja.ee\/en\/wp-json\/wp\/v2\/product"}],"about":[{"href":"https:\/\/ranoja.ee\/en\/wp-json\/wp\/v2\/types\/product"}],"wp:featuredmedia":[{"embeddable":true,"href":"https:\/\/ranoja.ee\/en\/wp-json\/wp\/v2\/media\/27874"}],"wp:attachment":[{"href":"https:\/\/ranoja.ee\/en\/wp-json\/wp\/v2\/media?parent=27873"}],"wp:term":[{"taxonomy":"product_cat","embeddable":true,"href":"https:\/\/ranoja.ee\/en\/wp-json\/wp\/v2\/product_cat?post=27873"},{"taxonomy":"product_tag","embeddable":true,"href":"https:\/\/ranoja.ee\/en\/wp-json\/wp\/v2\/product_tag?post=27873"}],"curies":[{"name":"wp","href":"https:\/\/api.w.org\/{rel}","templated":true}]}}