{"id":27723,"date":"2026-01-22T18:12:55","date_gmt":"2026-01-22T15:12:55","guid":{"rendered":"https:\/\/ranoja.ee\/?post_type=product&#038;p=27723"},"modified":"2026-01-23T10:39:17","modified_gmt":"2026-01-23T07:39:17","slug":"hudrauliline-puulohkuja-elektrimootoriga-22t-pto","status":"publish","type":"product","link":"https:\/\/ranoja.ee\/en\/toode\/hudrauliline-puulohkuja-elektrimootoriga-22t-pto\/","title":{"rendered":"H\u00fcdrauliline puul\u00f5hkuja elektrimootoriga 22T + PTO"},"content":{"rendered":"<p>H\u00fcdrauliline puul\u00f5hkuja elektrimootoriga 22T + PTO<\/p>\n<p>See 22-tonnise survega h\u00fcdrauliline puul\u00f5hkuja sobib ideaalselt kuni 35 cm l\u00e4bim\u00f5\u00f5duga ja 110 cm pikkuste palkide ja k\u00e4ndude l\u00f5hkumiseks. Seadet k\u00e4itab traktori j\u00f5uv\u00f5ll. Alternatiivina on puul\u00f5hkujal lisaks ka kolmefaasiline 5.1 kW elektrimootor. H\u00fcdraulilise puul\u00f5hkuja kasutamine suurendab oluliselt t\u00f6\u00f6kiirust ja v\u00f5imaldab isegi suurte materjalikoguste mugavat, ohutut ja kiiret t\u00f6\u00f6tlemist. Puul\u00f5hkujat kasutatakse edukalt metsanduses, p\u00f5llumajanduses ja eraklientide poolt, kes kasutavad m\u00e4rkimisv\u00e4\u00e4rses koguses k\u00fctust. Remet CNC Technology pakub professionaalseid puidut\u00f6\u00f6tlemisseadmeid, nagu hakkurid, purustusmasinad ja puul\u00f5hkujad.<\/p>\n<p>H\u00fcdrauliline puul\u00f5hkuja on seade, mida kasutatakse edukalt puidut\u00f6\u00f6stuses ja p\u00f5llumajanduses. Seda iseloomustab suur vastupidavus ja kahjustuskindlus. <\/p>\n<p>Masina konstruktsioon on robustne ning valmistatud v\u00e4\u00e4rikatest materjalidest, mis tagavad pika t\u00f6\u00f6ea ka intensiivse kasutuse korral. REMET\u2019i h\u00fcdrauliline  puul\u00f5hkuja on varustatud tugeva raami ja turvaliste juhts\u00fcsteemidega, mis tagavad stabiilsuse l\u00f5hkumisprotsessi ajal ning v\u00e4hendavad v\u00f5imalikke \u00f5nnetusi. H\u00fcdraulika blokeerib l\u00f5hkumistera kindlalt \u00f5iges asendis ja annab \u00fchtlaselt j\u00f5udu, mist\u00f5ttu saab ka suuremaid ja k\u00f5vemaid notte l\u00f5hendada ilma liigse vaevata.<\/p>\n<p>Seadmel on sageli ka reguleeritavad t\u00f6\u00f6asendid ja juhtimisseadmed, mis v\u00f5imaldavad kasutajal kohandada t\u00f6\u00f6protsessi vastavalt puidu suurusele ja enda eelistustele. See muudab masina kasutamise lihtsaks ka algajale \u2013 selgete ja ergonoomiliste juhtnuppudega saab t\u00f6\u00f6d alustada kiiresti ning ohutult.<\/p>\n<p>H\u00fcdrauliline puul\u00f5hkuja elektrimootoriga 22T + PTO<\/p>\n","protected":false},"excerpt":{"rendered":"<p>H\u00fcdrauliline puul\u00f5hkuja elektrimootoriga 22T + PTO<br \/>\nJ\u00f5uv\u00f5lli ajam: 1 3\/8&#8243; 6Z<br \/>\nSoovitatav j\u00f5uv\u00f5tuv\u00f5lli kiirus: Kuni 540 p\/min<br \/>\nElektrimootori v\u00f5imsus 5100 W, 3-faasiline<br \/>\nL\u00f5hutava puu maksimaalne l\u00e4bim\u00f5\u00f5t: 35 cm<br \/>\nL\u00f5hutava puu maksimaalne pikkus: 110 cm<br \/>\nMaksimaalne l\u00f5hkumisj\u00f5ud: 22 tonni<br \/>\nH\u00fcdraulika\u00f5li maht: 24 l<br \/>\nKiilu l\u00e4henemiskiirus: 10.5 cm\/s<br \/>\nL\u00f5hkumiskiirus: 4.3 cm\/s<br \/>\nKiilu tagasiliikumiskiirus: 7.5 cm\/s<br \/>\nTootekood: 1422TWE<br \/>\nKaal: 325 kg<br \/>\n<strong>Eeldatav tarneaeg 2-3 n\u00e4dalat<\/strong><\/p>\n","protected":false},"featured_media":27749,"template":"","meta":{"inline_featured_image":false},"product_cat":[1087,1089],"product_tag":[3204,3203,3181,3202,481,3193,3017],"class_list":{"0":"post-27723","1":"product","2":"type-product","3":"status-publish","4":"has-post-thumbnail","6":"product_brand-remet-cnc-technology","7":"product_cat-metsatehnika","8":"product_cat-puulohkumismasinad","9":"product_tag-1422twe","10":"product_tag-22t","11":"product_tag-hudrauliline-puulohkuja","12":"product_tag-hudrauliline-puulohkuja-elektrimootoriga-22t-pto","13":"product_tag-puulohkuja","14":"product_tag-puulohkuja-elektrimootoriga","15":"product_tag-remet-cnc-technology","17":"first","18":"instock","19":"taxable","20":"shipping-taxable","21":"purchasable","22":"product-type-simple"},"yoast_head":"<!-- This site is optimized with the Yoast SEO plugin v27.4 - https:\/\/yoast.com\/product\/yoast-seo-wordpress\/ -->\n<title>H\u00fcdrauliline puul\u00f5hkuja elektrimootoriga 22T + PTO<\/title>\n<meta name=\"description\" content=\"H\u00fcdrauliline puul\u00f5hkuja elektrimootoriga 22T + PTO H\u00fcdrauliline puul\u00f5hkuja sobib ideaalselt kuni 35 cm l\u00e4bim\u00f5\u00f5duga ja 110 cm pikkuste palkide l\u00f5hkumiseks\" \/>\n<meta name=\"robots\" content=\"index, follow, max-snippet:-1, max-image-preview:large, max-video-preview:-1\" \/>\n<link rel=\"canonical\" href=\"https:\/\/ranoja.ee\/toode\/hudrauliline-puulohkuja-elektrimootoriga-22t-pto\/\" \/>\n<meta property=\"og:locale\" content=\"en_US\" \/>\n<meta property=\"og:type\" content=\"article\" \/>\n<meta property=\"og:title\" content=\"H\u00fcdrauliline puul\u00f5hkuja elektrimootoriga 22T + PTO\" \/>\n<meta property=\"og:description\" content=\"H\u00fcdrauliline puul\u00f5hkuja elektrimootoriga 22T + PTO H\u00fcdrauliline puul\u00f5hkuja sobib ideaalselt kuni 35 cm l\u00e4bim\u00f5\u00f5duga ja 110 cm pikkuste palkide l\u00f5hkumiseks\" \/>\n<meta property=\"og:url\" content=\"https:\/\/ranoja.ee\/toode\/hudrauliline-puulohkuja-elektrimootoriga-22t-pto\/\" \/>\n<meta property=\"og:site_name\" content=\"Ranoja\" \/>\n<meta property=\"article:publisher\" content=\"https:\/\/www.facebook.com\/ranoja.ee\" \/>\n<meta property=\"article:modified_time\" content=\"2026-01-23T07:39:17+00:00\" \/>\n<meta property=\"og:image\" content=\"https:\/\/ranoja.ee\/wp-content\/uploads\/2026\/01\/Hudrauliline-puulohkuja-elektrimootoriga-22T-PTO.png\" \/>\n\t<meta property=\"og:image:width\" content=\"458\" \/>\n\t<meta property=\"og:image:height\" content=\"458\" \/>\n\t<meta property=\"og:image:type\" content=\"image\/png\" \/>\n<meta name=\"twitter:card\" content=\"summary_large_image\" \/>\n<meta name=\"twitter:label1\" content=\"Est. reading time\" \/>\n\t<meta name=\"twitter:data1\" content=\"2 minutes\" \/>\n<script type=\"application\/ld+json\" class=\"yoast-schema-graph\">{\"@context\":\"https:\\\/\\\/schema.org\",\"@graph\":[{\"@type\":\"WebPage\",\"@id\":\"https:\\\/\\\/ranoja.ee\\\/toode\\\/hudrauliline-puulohkuja-elektrimootoriga-22t-pto\\\/\",\"url\":\"https:\\\/\\\/ranoja.ee\\\/toode\\\/hudrauliline-puulohkuja-elektrimootoriga-22t-pto\\\/\",\"name\":\"H\u00fcdrauliline puul\u00f5hkuja elektrimootoriga 22T + PTO\",\"isPartOf\":{\"@id\":\"https:\\\/\\\/ranoja.ee\\\/#website\"},\"primaryImageOfPage\":{\"@id\":\"https:\\\/\\\/ranoja.ee\\\/toode\\\/hudrauliline-puulohkuja-elektrimootoriga-22t-pto\\\/#primaryimage\"},\"image\":{\"@id\":\"https:\\\/\\\/ranoja.ee\\\/toode\\\/hudrauliline-puulohkuja-elektrimootoriga-22t-pto\\\/#primaryimage\"},\"thumbnailUrl\":\"https:\\\/\\\/ranoja.ee\\\/wp-content\\\/uploads\\\/2026\\\/01\\\/Hudrauliline-puulohkuja-elektrimootoriga-22T-PTO.png\",\"datePublished\":\"2026-01-22T15:12:55+00:00\",\"dateModified\":\"2026-01-23T07:39:17+00:00\",\"description\":\"H\u00fcdrauliline puul\u00f5hkuja elektrimootoriga 22T + PTO H\u00fcdrauliline puul\u00f5hkuja sobib ideaalselt kuni 35 cm l\u00e4bim\u00f5\u00f5duga ja 110 cm pikkuste palkide l\u00f5hkumiseks\",\"breadcrumb\":{\"@id\":\"https:\\\/\\\/ranoja.ee\\\/toode\\\/hudrauliline-puulohkuja-elektrimootoriga-22t-pto\\\/#breadcrumb\"},\"inLanguage\":\"en-US\",\"potentialAction\":[{\"@type\":\"ReadAction\",\"target\":[\"https:\\\/\\\/ranoja.ee\\\/toode\\\/hudrauliline-puulohkuja-elektrimootoriga-22t-pto\\\/\"]}]},{\"@type\":\"ImageObject\",\"inLanguage\":\"en-US\",\"@id\":\"https:\\\/\\\/ranoja.ee\\\/toode\\\/hudrauliline-puulohkuja-elektrimootoriga-22t-pto\\\/#primaryimage\",\"url\":\"https:\\\/\\\/ranoja.ee\\\/wp-content\\\/uploads\\\/2026\\\/01\\\/Hudrauliline-puulohkuja-elektrimootoriga-22T-PTO.png\",\"contentUrl\":\"https:\\\/\\\/ranoja.ee\\\/wp-content\\\/uploads\\\/2026\\\/01\\\/Hudrauliline-puulohkuja-elektrimootoriga-22T-PTO.png\",\"width\":458,\"height\":458,\"caption\":\"H\u00fcdrauliline puul\u00f5hkuja elektrimootoriga 22T + PTO\"},{\"@type\":\"BreadcrumbList\",\"@id\":\"https:\\\/\\\/ranoja.ee\\\/toode\\\/hudrauliline-puulohkuja-elektrimootoriga-22t-pto\\\/#breadcrumb\",\"itemListElement\":[{\"@type\":\"ListItem\",\"position\":1,\"name\":\"Home\",\"item\":\"https:\\\/\\\/ranoja.ee\\\/\"},{\"@type\":\"ListItem\",\"position\":2,\"name\":\"Shop\",\"item\":\"https:\\\/\\\/ranoja.ee\\\/en\\\/shop\\\/\"},{\"@type\":\"ListItem\",\"position\":3,\"name\":\"H\u00fcdrauliline puul\u00f5hkuja elektrimootoriga 22T + PTO\"}]},{\"@type\":\"WebSite\",\"@id\":\"https:\\\/\\\/ranoja.ee\\\/#website\",\"url\":\"https:\\\/\\\/ranoja.ee\\\/\",\"name\":\"Ranoja\",\"description\":\"Equipment Shop WooCommerce WordPress Theme for Machine &amp; Tools\",\"publisher\":{\"@id\":\"https:\\\/\\\/ranoja.ee\\\/#organization\"},\"potentialAction\":[{\"@type\":\"SearchAction\",\"target\":{\"@type\":\"EntryPoint\",\"urlTemplate\":\"https:\\\/\\\/ranoja.ee\\\/?s={search_term_string}\"},\"query-input\":{\"@type\":\"PropertyValueSpecification\",\"valueRequired\":true,\"valueName\":\"search_term_string\"}}],\"inLanguage\":\"en-US\"},{\"@type\":\"Organization\",\"@id\":\"https:\\\/\\\/ranoja.ee\\\/#organization\",\"name\":\"Ranoja O\u00dc\",\"url\":\"https:\\\/\\\/ranoja.ee\\\/\",\"logo\":{\"@type\":\"ImageObject\",\"inLanguage\":\"en-US\",\"@id\":\"https:\\\/\\\/ranoja.ee\\\/#\\\/schema\\\/logo\\\/image\\\/\",\"url\":\"https:\\\/\\\/ranoja.ee\\\/wp-content\\\/uploads\\\/2023\\\/11\\\/ranoja-Logo.png\",\"contentUrl\":\"https:\\\/\\\/ranoja.ee\\\/wp-content\\\/uploads\\\/2023\\\/11\\\/ranoja-Logo.png\",\"width\":207,\"height\":58,\"caption\":\"Ranoja O\u00dc\"},\"image\":{\"@id\":\"https:\\\/\\\/ranoja.ee\\\/#\\\/schema\\\/logo\\\/image\\\/\"},\"sameAs\":[\"https:\\\/\\\/www.facebook.com\\\/ranoja.ee\",\"https:\\\/\\\/www.instagram.com\\\/ranoja__\\\/\"]}]}<\/script>\n<!-- \/ Yoast SEO plugin. -->","yoast_head_json":{"title":"H\u00fcdrauliline puul\u00f5hkuja elektrimootoriga 22T + PTO","description":"H\u00fcdrauliline puul\u00f5hkuja elektrimootoriga 22T + PTO H\u00fcdrauliline puul\u00f5hkuja sobib ideaalselt kuni 35 cm l\u00e4bim\u00f5\u00f5duga ja 110 cm pikkuste palkide l\u00f5hkumiseks","robots":{"index":"index","follow":"follow","max-snippet":"max-snippet:-1","max-image-preview":"max-image-preview:large","max-video-preview":"max-video-preview:-1"},"canonical":"https:\/\/ranoja.ee\/toode\/hudrauliline-puulohkuja-elektrimootoriga-22t-pto\/","og_locale":"en_US","og_type":"article","og_title":"H\u00fcdrauliline puul\u00f5hkuja elektrimootoriga 22T + PTO","og_description":"H\u00fcdrauliline puul\u00f5hkuja elektrimootoriga 22T + PTO H\u00fcdrauliline puul\u00f5hkuja sobib ideaalselt kuni 35 cm l\u00e4bim\u00f5\u00f5duga ja 110 cm pikkuste palkide l\u00f5hkumiseks","og_url":"https:\/\/ranoja.ee\/toode\/hudrauliline-puulohkuja-elektrimootoriga-22t-pto\/","og_site_name":"Ranoja","article_publisher":"https:\/\/www.facebook.com\/ranoja.ee","article_modified_time":"2026-01-23T07:39:17+00:00","og_image":[{"width":458,"height":458,"url":"https:\/\/ranoja.ee\/wp-content\/uploads\/2026\/01\/Hudrauliline-puulohkuja-elektrimootoriga-22T-PTO.png","type":"image\/png"}],"twitter_card":"summary_large_image","twitter_misc":{"Est. reading time":"2 minutes"},"schema":{"@context":"https:\/\/schema.org","@graph":[{"@type":"WebPage","@id":"https:\/\/ranoja.ee\/toode\/hudrauliline-puulohkuja-elektrimootoriga-22t-pto\/","url":"https:\/\/ranoja.ee\/toode\/hudrauliline-puulohkuja-elektrimootoriga-22t-pto\/","name":"H\u00fcdrauliline puul\u00f5hkuja elektrimootoriga 22T + PTO","isPartOf":{"@id":"https:\/\/ranoja.ee\/#website"},"primaryImageOfPage":{"@id":"https:\/\/ranoja.ee\/toode\/hudrauliline-puulohkuja-elektrimootoriga-22t-pto\/#primaryimage"},"image":{"@id":"https:\/\/ranoja.ee\/toode\/hudrauliline-puulohkuja-elektrimootoriga-22t-pto\/#primaryimage"},"thumbnailUrl":"https:\/\/ranoja.ee\/wp-content\/uploads\/2026\/01\/Hudrauliline-puulohkuja-elektrimootoriga-22T-PTO.png","datePublished":"2026-01-22T15:12:55+00:00","dateModified":"2026-01-23T07:39:17+00:00","description":"H\u00fcdrauliline puul\u00f5hkuja elektrimootoriga 22T + PTO H\u00fcdrauliline puul\u00f5hkuja sobib ideaalselt kuni 35 cm l\u00e4bim\u00f5\u00f5duga ja 110 cm pikkuste palkide l\u00f5hkumiseks","breadcrumb":{"@id":"https:\/\/ranoja.ee\/toode\/hudrauliline-puulohkuja-elektrimootoriga-22t-pto\/#breadcrumb"},"inLanguage":"en-US","potentialAction":[{"@type":"ReadAction","target":["https:\/\/ranoja.ee\/toode\/hudrauliline-puulohkuja-elektrimootoriga-22t-pto\/"]}]},{"@type":"ImageObject","inLanguage":"en-US","@id":"https:\/\/ranoja.ee\/toode\/hudrauliline-puulohkuja-elektrimootoriga-22t-pto\/#primaryimage","url":"https:\/\/ranoja.ee\/wp-content\/uploads\/2026\/01\/Hudrauliline-puulohkuja-elektrimootoriga-22T-PTO.png","contentUrl":"https:\/\/ranoja.ee\/wp-content\/uploads\/2026\/01\/Hudrauliline-puulohkuja-elektrimootoriga-22T-PTO.png","width":458,"height":458,"caption":"H\u00fcdrauliline puul\u00f5hkuja elektrimootoriga 22T + PTO"},{"@type":"BreadcrumbList","@id":"https:\/\/ranoja.ee\/toode\/hudrauliline-puulohkuja-elektrimootoriga-22t-pto\/#breadcrumb","itemListElement":[{"@type":"ListItem","position":1,"name":"Home","item":"https:\/\/ranoja.ee\/"},{"@type":"ListItem","position":2,"name":"Shop","item":"https:\/\/ranoja.ee\/en\/shop\/"},{"@type":"ListItem","position":3,"name":"H\u00fcdrauliline puul\u00f5hkuja elektrimootoriga 22T + PTO"}]},{"@type":"WebSite","@id":"https:\/\/ranoja.ee\/#website","url":"https:\/\/ranoja.ee\/","name":"Ranoja","description":"Equipment Shop WooCommerce WordPress Theme for Machine &amp; Tools","publisher":{"@id":"https:\/\/ranoja.ee\/#organization"},"potentialAction":[{"@type":"SearchAction","target":{"@type":"EntryPoint","urlTemplate":"https:\/\/ranoja.ee\/?s={search_term_string}"},"query-input":{"@type":"PropertyValueSpecification","valueRequired":true,"valueName":"search_term_string"}}],"inLanguage":"en-US"},{"@type":"Organization","@id":"https:\/\/ranoja.ee\/#organization","name":"Ranoja O\u00dc","url":"https:\/\/ranoja.ee\/","logo":{"@type":"ImageObject","inLanguage":"en-US","@id":"https:\/\/ranoja.ee\/#\/schema\/logo\/image\/","url":"https:\/\/ranoja.ee\/wp-content\/uploads\/2023\/11\/ranoja-Logo.png","contentUrl":"https:\/\/ranoja.ee\/wp-content\/uploads\/2023\/11\/ranoja-Logo.png","width":207,"height":58,"caption":"Ranoja O\u00dc"},"image":{"@id":"https:\/\/ranoja.ee\/#\/schema\/logo\/image\/"},"sameAs":["https:\/\/www.facebook.com\/ranoja.ee","https:\/\/www.instagram.com\/ranoja__\/"]}]}},"_links":{"self":[{"href":"https:\/\/ranoja.ee\/en\/wp-json\/wp\/v2\/product\/27723","targetHints":{"allow":["GET"]}}],"collection":[{"href":"https:\/\/ranoja.ee\/en\/wp-json\/wp\/v2\/product"}],"about":[{"href":"https:\/\/ranoja.ee\/en\/wp-json\/wp\/v2\/types\/product"}],"wp:featuredmedia":[{"embeddable":true,"href":"https:\/\/ranoja.ee\/en\/wp-json\/wp\/v2\/media\/27749"}],"wp:attachment":[{"href":"https:\/\/ranoja.ee\/en\/wp-json\/wp\/v2\/media?parent=27723"}],"wp:term":[{"taxonomy":"product_cat","embeddable":true,"href":"https:\/\/ranoja.ee\/en\/wp-json\/wp\/v2\/product_cat?post=27723"},{"taxonomy":"product_tag","embeddable":true,"href":"https:\/\/ranoja.ee\/en\/wp-json\/wp\/v2\/product_tag?post=27723"}],"curies":[{"name":"wp","href":"https:\/\/api.w.org\/{rel}","templated":true}]}}