{"id":27577,"date":"2026-01-22T17:12:30","date_gmt":"2026-01-22T14:12:30","guid":{"rendered":"https:\/\/ranoja.ee\/?post_type=product&#038;p=27577"},"modified":"2026-01-22T17:27:01","modified_gmt":"2026-01-22T14:27:01","slug":"hudrauliline-puulohkuja-elektrimootoriga-12t-pto","status":"publish","type":"product","link":"https:\/\/ranoja.ee\/en\/toode\/hudrauliline-puulohkuja-elektrimootoriga-12t-pto\/","title":{"rendered":"H\u00fcdrauliline puul\u00f5hkuja elektrimootoriga 12T + PTO"},"content":{"rendered":"<p>H\u00fcdrauliline puul\u00f5hkuja elektrimootoriga 12T + PTO <\/p>\n<p>See 12-tonnise survega h\u00fcdrauliline puul\u00f5hkuja sobib ideaalselt kuni 30 cm l\u00e4bim\u00f5\u00f5duga ja 104 cm pikkuste palkide ja k\u00e4ndude l\u00f5hkumiseks. Seadet k\u00e4itab traktori j\u00f5uv\u00f5ll v\u00f5i 3.3 kW kolmefaasiline elektrimootor. H\u00fcdraulilise puul\u00f5hkuja kasutamine suurendab oluliselt t\u00f6\u00f6kiirust ja v\u00f5imaldab isegi suurte materjalikoguste mugavat, ohutut ja kiiret t\u00f6\u00f6tlemist.<\/p>\n<p>Puul\u00f5hkujat kasutatakse edukalt metsanduses, p\u00f5llumajanduses ja eraklientide poolt, kes kasutavad m\u00e4rkimisv\u00e4\u00e4rses koguses k\u00fctust. Remet CNC Technology pakub professionaalseid puidut\u00f6\u00f6tlemisseadmeid, nagu hakkurid, purustusmasinad ja puul\u00f5hkujad.<br \/>\nH\u00fcdrauliline puul\u00f5hkuja on seade, mida kasutatakse edukalt puidut\u00f6\u00f6stuses ja p\u00f5llumajanduses. Seda iseloomustab suur vastupidavus ja kahjustuskindlus. <\/p>\n<p>See seade on loodud eelk\u00f5ige neile, kes vajavad usaldusv\u00e4\u00e4rset lahendust k\u00fcttepuude l\u00f5hkumiseks. Olgu tegemist v\u00e4iksema koduaiaga v\u00f5i suurema metsamaa hooldamisega. H\u00fcdrauliline s\u00fcsteem annab seadmele suurt j\u00f5udu ja stabiilsust, v\u00f5imaldades k\u00e4ndude ja palkide jagamist kiiresti ja v\u00e4hese pingutusega. T\u00e4nu sellele on t\u00f6\u00f6 kiirem ja v\u00e4hem f\u00fc\u00fcsiliselt koormav v\u00f5rreldes traditsiooniliste kirve- v\u00f5i haamrimeetoditega.<\/p>\n<p>Masina konstruktsioon on robustne ning valmistatud v\u00e4\u00e4rikatest materjalidest, mis tagavad pika t\u00f6\u00f6ea ka intensiivse kasutuse korral. REMET\u2019i h\u00fcdrauliline  puul\u00f5hkuja on varustatud tugeva raami ja turvaliste juhts\u00fcsteemidega, mis tagavad stabiilsuse l\u00f5hkumisprotsessi ajal ning v\u00e4hendavad v\u00f5imalikke \u00f5nnetusi. H\u00fcdraulika blokeerib l\u00f5hkumistera kindlalt \u00f5iges asendis ja annab \u00fchtlaselt j\u00f5udu, mist\u00f5ttu saab ka suuremaid ja k\u00f5vemaid notte l\u00f5hendada ilma liigse vaevata.<\/p>\n<p>Seadmel on sageli ka reguleeritavad t\u00f6\u00f6asendid ja juhtimisseadmed, mis v\u00f5imaldavad kasutajal kohandada t\u00f6\u00f6protsessi vastavalt puidu suurusele ja enda eelistustele. See muudab masina kasutamise lihtsaks ka algajale \u2013 selgete ja ergonoomiliste juhtnuppudega saab t\u00f6\u00f6d alustada kiiresti ning ohutult.<\/p>\n<p>H\u00fcdrauliline puul\u00f5hkuja elektrimootoriga 12T + PTO <\/p>\n","protected":false},"excerpt":{"rendered":"<p>H\u00fcdrauliline puul\u00f5hkuja elektrimootoriga 12T + PTO<br \/>\nJ\u00f5uv\u00f5tuv\u00f5lli ajam: 1 3\/8&#8243; 6Z<br \/>\nSoovitatav j\u00f5uv\u00f5tuv\u00f5lli kiirus: Kuni 540 p\/min<br \/>\nElektrimootori v\u00f5imsus: 3300 W, 3-faasiline<br \/>\nMaksimaalne l\u00f5hkumisj\u00f5ud: 12 tonni<br \/>\nL\u00f5hutava puidu maksimaalne l\u00e4bim\u00f5\u00f5t: 30 cm<br \/>\nL\u00f5hutava puidu maksimaalne pikkus: 104 cm<br \/>\nH\u00fcdraulika\u00f5li maht: 7.5 liitrit<br \/>\nKiilu l\u00e4henemiskiirus: 23.2 cm\/s<br \/>\nL\u00f5hkumiskiirus: 4.2 cm\/s<br \/>\nKiilu tagasiliikumiskiirus: 5.2 cm\/s<br \/>\nTootekood: 1612TW<br \/>\nKaal: 195 kg<br \/>\n<strong>Eeldatav tarneaeg 2-3 n\u00e4dalat<\/strong><\/p>\n","protected":false},"featured_media":27610,"template":"","meta":{"inline_featured_image":false},"product_cat":[1087,1089],"product_tag":[3191,3181,3190,486,481,3017],"class_list":{"0":"post-27577","1":"product","2":"type-product","3":"status-publish","4":"has-post-thumbnail","6":"product_brand-remet-cnc-technology","7":"product_cat-metsatehnika","8":"product_cat-puulohkumismasinad","9":"product_tag-1712twe","10":"product_tag-hudrauliline-puulohkuja","11":"product_tag-hudrauliline-puulohkuja-elektrimootoriga-12t-pto","12":"product_tag-pto","13":"product_tag-puulohkuja","14":"product_tag-remet-cnc-technology","16":"first","17":"instock","18":"taxable","19":"shipping-taxable","20":"purchasable","21":"product-type-simple"},"yoast_head":"<!-- This site is optimized with the Yoast SEO plugin v27.4 - https:\/\/yoast.com\/product\/yoast-seo-wordpress\/ -->\n<title>H\u00fcdrauliline puul\u00f5hkuja elektrimootoriga 12T + PTO<\/title>\n<meta name=\"description\" content=\"H\u00fcdrauliline puul\u00f5hkuja elektrimootoriga 12T + PTO H\u00fcdrauliline puul\u00f5hkuja sobib ideaalselt kuni 30 cm l\u00e4bim\u00f5\u00f5duga ja 104 cm pikkuste nottide l\u00f5hkumiseks.\" \/>\n<meta name=\"robots\" content=\"index, follow, max-snippet:-1, max-image-preview:large, max-video-preview:-1\" \/>\n<link rel=\"canonical\" href=\"https:\/\/ranoja.ee\/toode\/hudrauliline-puulohkuja-elektrimootoriga-12t-pto\/\" \/>\n<meta property=\"og:locale\" content=\"en_US\" \/>\n<meta property=\"og:type\" content=\"article\" \/>\n<meta property=\"og:title\" content=\"H\u00fcdrauliline puul\u00f5hkuja elektrimootoriga 12T + PTO\" \/>\n<meta property=\"og:description\" content=\"H\u00fcdrauliline puul\u00f5hkuja elektrimootoriga 12T + PTO H\u00fcdrauliline puul\u00f5hkuja sobib ideaalselt kuni 30 cm l\u00e4bim\u00f5\u00f5duga ja 104 cm pikkuste nottide l\u00f5hkumiseks.\" \/>\n<meta property=\"og:url\" content=\"https:\/\/ranoja.ee\/toode\/hudrauliline-puulohkuja-elektrimootoriga-12t-pto\/\" \/>\n<meta property=\"og:site_name\" content=\"Ranoja\" \/>\n<meta property=\"article:publisher\" content=\"https:\/\/www.facebook.com\/ranoja.ee\" \/>\n<meta property=\"article:modified_time\" content=\"2026-01-22T14:27:01+00:00\" \/>\n<meta property=\"og:image\" content=\"https:\/\/ranoja.ee\/wp-content\/uploads\/2026\/01\/Hudrauliline-puulohkuja-elektrimootoriga-12T-PTO.png\" \/>\n\t<meta property=\"og:image:width\" content=\"458\" \/>\n\t<meta property=\"og:image:height\" content=\"458\" \/>\n\t<meta property=\"og:image:type\" content=\"image\/png\" \/>\n<meta name=\"twitter:card\" content=\"summary_large_image\" \/>\n<meta name=\"twitter:label1\" content=\"Est. reading time\" \/>\n\t<meta name=\"twitter:data1\" content=\"2 minutes\" \/>\n<script type=\"application\/ld+json\" class=\"yoast-schema-graph\">{\"@context\":\"https:\\\/\\\/schema.org\",\"@graph\":[{\"@type\":\"WebPage\",\"@id\":\"https:\\\/\\\/ranoja.ee\\\/toode\\\/hudrauliline-puulohkuja-elektrimootoriga-12t-pto\\\/\",\"url\":\"https:\\\/\\\/ranoja.ee\\\/toode\\\/hudrauliline-puulohkuja-elektrimootoriga-12t-pto\\\/\",\"name\":\"H\u00fcdrauliline puul\u00f5hkuja elektrimootoriga 12T + PTO\",\"isPartOf\":{\"@id\":\"https:\\\/\\\/ranoja.ee\\\/#website\"},\"primaryImageOfPage\":{\"@id\":\"https:\\\/\\\/ranoja.ee\\\/toode\\\/hudrauliline-puulohkuja-elektrimootoriga-12t-pto\\\/#primaryimage\"},\"image\":{\"@id\":\"https:\\\/\\\/ranoja.ee\\\/toode\\\/hudrauliline-puulohkuja-elektrimootoriga-12t-pto\\\/#primaryimage\"},\"thumbnailUrl\":\"https:\\\/\\\/ranoja.ee\\\/wp-content\\\/uploads\\\/2026\\\/01\\\/Hudrauliline-puulohkuja-elektrimootoriga-12T-PTO.png\",\"datePublished\":\"2026-01-22T14:12:30+00:00\",\"dateModified\":\"2026-01-22T14:27:01+00:00\",\"description\":\"H\u00fcdrauliline puul\u00f5hkuja elektrimootoriga 12T + PTO H\u00fcdrauliline puul\u00f5hkuja sobib ideaalselt kuni 30 cm l\u00e4bim\u00f5\u00f5duga ja 104 cm pikkuste nottide l\u00f5hkumiseks.\",\"breadcrumb\":{\"@id\":\"https:\\\/\\\/ranoja.ee\\\/toode\\\/hudrauliline-puulohkuja-elektrimootoriga-12t-pto\\\/#breadcrumb\"},\"inLanguage\":\"en-US\",\"potentialAction\":[{\"@type\":\"ReadAction\",\"target\":[\"https:\\\/\\\/ranoja.ee\\\/toode\\\/hudrauliline-puulohkuja-elektrimootoriga-12t-pto\\\/\"]}]},{\"@type\":\"ImageObject\",\"inLanguage\":\"en-US\",\"@id\":\"https:\\\/\\\/ranoja.ee\\\/toode\\\/hudrauliline-puulohkuja-elektrimootoriga-12t-pto\\\/#primaryimage\",\"url\":\"https:\\\/\\\/ranoja.ee\\\/wp-content\\\/uploads\\\/2026\\\/01\\\/Hudrauliline-puulohkuja-elektrimootoriga-12T-PTO.png\",\"contentUrl\":\"https:\\\/\\\/ranoja.ee\\\/wp-content\\\/uploads\\\/2026\\\/01\\\/Hudrauliline-puulohkuja-elektrimootoriga-12T-PTO.png\",\"width\":458,\"height\":458,\"caption\":\"H\u00fcdrauliline puul\u00f5hkuja elektrimootoriga 12T + PTO\"},{\"@type\":\"BreadcrumbList\",\"@id\":\"https:\\\/\\\/ranoja.ee\\\/toode\\\/hudrauliline-puulohkuja-elektrimootoriga-12t-pto\\\/#breadcrumb\",\"itemListElement\":[{\"@type\":\"ListItem\",\"position\":1,\"name\":\"Home\",\"item\":\"https:\\\/\\\/ranoja.ee\\\/\"},{\"@type\":\"ListItem\",\"position\":2,\"name\":\"Shop\",\"item\":\"https:\\\/\\\/ranoja.ee\\\/en\\\/shop\\\/\"},{\"@type\":\"ListItem\",\"position\":3,\"name\":\"H\u00fcdrauliline puul\u00f5hkuja elektrimootoriga 12T + PTO\"}]},{\"@type\":\"WebSite\",\"@id\":\"https:\\\/\\\/ranoja.ee\\\/#website\",\"url\":\"https:\\\/\\\/ranoja.ee\\\/\",\"name\":\"Ranoja\",\"description\":\"Equipment Shop WooCommerce WordPress Theme for Machine &amp; Tools\",\"publisher\":{\"@id\":\"https:\\\/\\\/ranoja.ee\\\/#organization\"},\"potentialAction\":[{\"@type\":\"SearchAction\",\"target\":{\"@type\":\"EntryPoint\",\"urlTemplate\":\"https:\\\/\\\/ranoja.ee\\\/?s={search_term_string}\"},\"query-input\":{\"@type\":\"PropertyValueSpecification\",\"valueRequired\":true,\"valueName\":\"search_term_string\"}}],\"inLanguage\":\"en-US\"},{\"@type\":\"Organization\",\"@id\":\"https:\\\/\\\/ranoja.ee\\\/#organization\",\"name\":\"Ranoja O\u00dc\",\"url\":\"https:\\\/\\\/ranoja.ee\\\/\",\"logo\":{\"@type\":\"ImageObject\",\"inLanguage\":\"en-US\",\"@id\":\"https:\\\/\\\/ranoja.ee\\\/#\\\/schema\\\/logo\\\/image\\\/\",\"url\":\"https:\\\/\\\/ranoja.ee\\\/wp-content\\\/uploads\\\/2023\\\/11\\\/ranoja-Logo.png\",\"contentUrl\":\"https:\\\/\\\/ranoja.ee\\\/wp-content\\\/uploads\\\/2023\\\/11\\\/ranoja-Logo.png\",\"width\":207,\"height\":58,\"caption\":\"Ranoja O\u00dc\"},\"image\":{\"@id\":\"https:\\\/\\\/ranoja.ee\\\/#\\\/schema\\\/logo\\\/image\\\/\"},\"sameAs\":[\"https:\\\/\\\/www.facebook.com\\\/ranoja.ee\",\"https:\\\/\\\/www.instagram.com\\\/ranoja__\\\/\"]}]}<\/script>\n<!-- \/ Yoast SEO plugin. -->","yoast_head_json":{"title":"H\u00fcdrauliline puul\u00f5hkuja elektrimootoriga 12T + PTO","description":"H\u00fcdrauliline puul\u00f5hkuja elektrimootoriga 12T + PTO H\u00fcdrauliline puul\u00f5hkuja sobib ideaalselt kuni 30 cm l\u00e4bim\u00f5\u00f5duga ja 104 cm pikkuste nottide l\u00f5hkumiseks.","robots":{"index":"index","follow":"follow","max-snippet":"max-snippet:-1","max-image-preview":"max-image-preview:large","max-video-preview":"max-video-preview:-1"},"canonical":"https:\/\/ranoja.ee\/toode\/hudrauliline-puulohkuja-elektrimootoriga-12t-pto\/","og_locale":"en_US","og_type":"article","og_title":"H\u00fcdrauliline puul\u00f5hkuja elektrimootoriga 12T + PTO","og_description":"H\u00fcdrauliline puul\u00f5hkuja elektrimootoriga 12T + PTO H\u00fcdrauliline puul\u00f5hkuja sobib ideaalselt kuni 30 cm l\u00e4bim\u00f5\u00f5duga ja 104 cm pikkuste nottide l\u00f5hkumiseks.","og_url":"https:\/\/ranoja.ee\/toode\/hudrauliline-puulohkuja-elektrimootoriga-12t-pto\/","og_site_name":"Ranoja","article_publisher":"https:\/\/www.facebook.com\/ranoja.ee","article_modified_time":"2026-01-22T14:27:01+00:00","og_image":[{"width":458,"height":458,"url":"https:\/\/ranoja.ee\/wp-content\/uploads\/2026\/01\/Hudrauliline-puulohkuja-elektrimootoriga-12T-PTO.png","type":"image\/png"}],"twitter_card":"summary_large_image","twitter_misc":{"Est. reading time":"2 minutes"},"schema":{"@context":"https:\/\/schema.org","@graph":[{"@type":"WebPage","@id":"https:\/\/ranoja.ee\/toode\/hudrauliline-puulohkuja-elektrimootoriga-12t-pto\/","url":"https:\/\/ranoja.ee\/toode\/hudrauliline-puulohkuja-elektrimootoriga-12t-pto\/","name":"H\u00fcdrauliline puul\u00f5hkuja elektrimootoriga 12T + PTO","isPartOf":{"@id":"https:\/\/ranoja.ee\/#website"},"primaryImageOfPage":{"@id":"https:\/\/ranoja.ee\/toode\/hudrauliline-puulohkuja-elektrimootoriga-12t-pto\/#primaryimage"},"image":{"@id":"https:\/\/ranoja.ee\/toode\/hudrauliline-puulohkuja-elektrimootoriga-12t-pto\/#primaryimage"},"thumbnailUrl":"https:\/\/ranoja.ee\/wp-content\/uploads\/2026\/01\/Hudrauliline-puulohkuja-elektrimootoriga-12T-PTO.png","datePublished":"2026-01-22T14:12:30+00:00","dateModified":"2026-01-22T14:27:01+00:00","description":"H\u00fcdrauliline puul\u00f5hkuja elektrimootoriga 12T + PTO H\u00fcdrauliline puul\u00f5hkuja sobib ideaalselt kuni 30 cm l\u00e4bim\u00f5\u00f5duga ja 104 cm pikkuste nottide l\u00f5hkumiseks.","breadcrumb":{"@id":"https:\/\/ranoja.ee\/toode\/hudrauliline-puulohkuja-elektrimootoriga-12t-pto\/#breadcrumb"},"inLanguage":"en-US","potentialAction":[{"@type":"ReadAction","target":["https:\/\/ranoja.ee\/toode\/hudrauliline-puulohkuja-elektrimootoriga-12t-pto\/"]}]},{"@type":"ImageObject","inLanguage":"en-US","@id":"https:\/\/ranoja.ee\/toode\/hudrauliline-puulohkuja-elektrimootoriga-12t-pto\/#primaryimage","url":"https:\/\/ranoja.ee\/wp-content\/uploads\/2026\/01\/Hudrauliline-puulohkuja-elektrimootoriga-12T-PTO.png","contentUrl":"https:\/\/ranoja.ee\/wp-content\/uploads\/2026\/01\/Hudrauliline-puulohkuja-elektrimootoriga-12T-PTO.png","width":458,"height":458,"caption":"H\u00fcdrauliline puul\u00f5hkuja elektrimootoriga 12T + PTO"},{"@type":"BreadcrumbList","@id":"https:\/\/ranoja.ee\/toode\/hudrauliline-puulohkuja-elektrimootoriga-12t-pto\/#breadcrumb","itemListElement":[{"@type":"ListItem","position":1,"name":"Home","item":"https:\/\/ranoja.ee\/"},{"@type":"ListItem","position":2,"name":"Shop","item":"https:\/\/ranoja.ee\/en\/shop\/"},{"@type":"ListItem","position":3,"name":"H\u00fcdrauliline puul\u00f5hkuja elektrimootoriga 12T + PTO"}]},{"@type":"WebSite","@id":"https:\/\/ranoja.ee\/#website","url":"https:\/\/ranoja.ee\/","name":"Ranoja","description":"Equipment Shop WooCommerce WordPress Theme for Machine &amp; Tools","publisher":{"@id":"https:\/\/ranoja.ee\/#organization"},"potentialAction":[{"@type":"SearchAction","target":{"@type":"EntryPoint","urlTemplate":"https:\/\/ranoja.ee\/?s={search_term_string}"},"query-input":{"@type":"PropertyValueSpecification","valueRequired":true,"valueName":"search_term_string"}}],"inLanguage":"en-US"},{"@type":"Organization","@id":"https:\/\/ranoja.ee\/#organization","name":"Ranoja O\u00dc","url":"https:\/\/ranoja.ee\/","logo":{"@type":"ImageObject","inLanguage":"en-US","@id":"https:\/\/ranoja.ee\/#\/schema\/logo\/image\/","url":"https:\/\/ranoja.ee\/wp-content\/uploads\/2023\/11\/ranoja-Logo.png","contentUrl":"https:\/\/ranoja.ee\/wp-content\/uploads\/2023\/11\/ranoja-Logo.png","width":207,"height":58,"caption":"Ranoja O\u00dc"},"image":{"@id":"https:\/\/ranoja.ee\/#\/schema\/logo\/image\/"},"sameAs":["https:\/\/www.facebook.com\/ranoja.ee","https:\/\/www.instagram.com\/ranoja__\/"]}]}},"_links":{"self":[{"href":"https:\/\/ranoja.ee\/en\/wp-json\/wp\/v2\/product\/27577","targetHints":{"allow":["GET"]}}],"collection":[{"href":"https:\/\/ranoja.ee\/en\/wp-json\/wp\/v2\/product"}],"about":[{"href":"https:\/\/ranoja.ee\/en\/wp-json\/wp\/v2\/types\/product"}],"wp:featuredmedia":[{"embeddable":true,"href":"https:\/\/ranoja.ee\/en\/wp-json\/wp\/v2\/media\/27610"}],"wp:attachment":[{"href":"https:\/\/ranoja.ee\/en\/wp-json\/wp\/v2\/media?parent=27577"}],"wp:term":[{"taxonomy":"product_cat","embeddable":true,"href":"https:\/\/ranoja.ee\/en\/wp-json\/wp\/v2\/product_cat?post=27577"},{"taxonomy":"product_tag","embeddable":true,"href":"https:\/\/ranoja.ee\/en\/wp-json\/wp\/v2\/product_tag?post=27577"}],"curies":[{"name":"wp","href":"https:\/\/api.w.org\/{rel}","templated":true}]}}