{"id":27467,"date":"2026-01-22T14:43:37","date_gmt":"2026-01-22T11:43:37","guid":{"rendered":"https:\/\/ranoja.ee\/?post_type=product&#038;p=27467"},"modified":"2026-01-22T14:59:41","modified_gmt":"2026-01-22T11:59:41","slug":"elektrimootoriga-oksapurustaja-rte-630-ilma-ratastetta","status":"publish","type":"product","link":"https:\/\/ranoja.ee\/en\/toode\/elektrimootoriga-oksapurustaja-rte-630-ilma-ratastetta\/","title":{"rendered":"Elektrimootoriga oksapurustaja RTE-630 ilma ratastetta"},"content":{"rendered":"<p>Elektrimootoriga oksapurustaja RTE-630 ilma ratastetta<\/p>\n<p>RTE-630 ketashakkur on m\u00f5eldud okste, kuni 12 cm l\u00e4bim\u00f5\u00f5duga puut\u00fcvede ja muude puitmaterjalide, saematerjali, purustamiseks. Laastu paksust saab reguleerida nelja vahetatava tera abil, muutes nende asendit vastutera suhtes. Terad on valmistatud kulumiskindlast terasest. Terad on poltidega kinnitatud 620 mm l\u00e4bim\u00f5\u00f5duga l\u00f5ikeketta k\u00fclge, mis t\u00e4nu oma raskusele tagab v\u00f5imsa p\u00f6\u00f6rde.<\/p>\n<p>Hakkur on varustatud kaitsetega, et tagada ohutu t\u00f6\u00f6. V\u00e4ljalaskeava saab p\u00f6\u00f6rata 360\u00b0, et suunata laastuvoogu soovitud suunas. Hakkurit iseloomustab k\u00f5rge efektiivsus ja k\u00f5rge mugavus. Saadud laastu saab kasutada k\u00fctusena, sobib kruvis\u00f6\u00f6tjatele, kompostihunnikuna v\u00f5i p\u00f5\u00f5saste mult\u0161iks.<\/p>\n<p>Hakkur t\u00f6\u00f6tab 7.5 kW kolmefaasiline elektrimootoriga, mis edastatakse rihm\u00fclekande kaudu. Hakkur on varustatud ohutusl\u00fclitiga, mis on \u00fchendatud jaotuskarbiga. Veerelaagreid m\u00e4\u00e4ritakse laagrikorpuses asuvate m\u00e4\u00e4rdeniplite kaudu.<\/p>\n<p>REMET CNC TECHNOLOGY elektrimootoriga oksapurustajad on nutikalt disainitud ja kvaliteetselt valmistatud aiat\u00f6\u00f6riistad, mis \u00fchendavad t\u00f5husa j\u00f5udluse, keskkonnas\u00f5bralikkuse ja kasutusmugavuse. Need masinad on m\u00f5eldud k\u00f5igile, kes hindavad aiat\u00f6\u00f6s efektiivsust, olgu tegemist v\u00e4ikese aianurgaga v\u00f5i suurema haljastusalaga. Elektrimootoriga konstruktsioon teeb neist eriti sobiva valiku neile, kes soovivad v\u00e4ltida bensiini- v\u00f5i diiselmootoriga purustajate m\u00fcrataset, l\u00f5hnu ja j\u00f5hkraid heitmeid. Selle asemel pakub REMET CNC Technology puhtamat ja vaiksemat t\u00f6\u00f6protsessi, mis on nii kasutajas\u00f5bralik kui ka naabruskonda v\u00e4hem h\u00e4iriv.<\/p>\n<p>\u00dcks v\u00f5tmeomadusi on seadme t\u00e4ppis-CNC-tehnoloogial valmistatud terad. Need terad on tugevad, vastupidavad ja h\u00e4sti tasakaalustatud, mis tagab sujuva ja t\u00f5husa oksade l\u00f5ikamise ning purustamise. CNC t\u00f6\u00f6tlus tagab ka \u00fchtlase l\u00f5ikej\u00f5u ja pikema t\u00f6\u00f6ea, v\u00e4hendades vajadust sagedase teritamise v\u00f5i hoolduse j\u00e4rele. Masin suudab kergesti t\u00f6\u00f6delda erineva j\u00e4medusega oksi ja v\u00f5susid, muutes need sobivaks kompostimiseks v\u00f5i mult\u0161iks.<\/p>\n<p>Elektrimootoriga oksapurustaja RTE-630 ilma ratastetta<\/p>\n","protected":false},"excerpt":{"rendered":"<p>Elektrimootoriga oksapurustaja RTE-630 ilma ratastetta<br \/>\nOkste maksimaalne l\u00f5ikel\u00e4bim\u00f5\u00f5t v\u00e4rske pehme puit: 120 mm<br \/>\nL\u00f5ikenugade tootmine: Kulumiskindel teras suurendatud k\u00f5vadusega<br \/>\nAs\u00fcnkroonmootor: 7.5 kW<br \/>\nS\u00f6\u00f6tepunker: 48 \/ 48 cm<br \/>\nToide 3-faasiline: 400V 50Hz<br \/>\nP\u00f6\u00f6rlemiskiirus: 2880 p\/min<br \/>\nNugade arv: 4 + 1 vastutera<br \/>\nV\u00e4ljavisketoru p\u00f6\u00f6rdenurk: 360\u02da<br \/>\nV\u00e4ljavisketoru k\u00f5rgus: 160 cm<br \/>\nL\u00f5ikeketta l\u00e4bim\u00f5\u00f5t: 620 mm<br \/>\nL\u00f5ikeketta paksus: 12 mm<br \/>\nL\u00f5ikeketta kaal: 45 kg<br \/>\nTootekood: 4RTE630<br \/>\nPurustaja kaal: 450 kg<br \/>\n<strong>Eeldatav tarneaeg 2-3 n\u00e4dalat<\/strong><\/p>\n","protected":false},"featured_media":27476,"template":"","meta":{"inline_featured_image":false},"product_cat":[1087,85],"product_tag":[3176,377,3174,84,3017,3175],"class_list":{"0":"post-27467","1":"product","2":"type-product","3":"status-publish","4":"has-post-thumbnail","6":"product_brand-remet-cnc-technology","7":"product_cat-metsatehnika","8":"product_cat-oksapurustajad","9":"product_tag-4rte630","10":"product_tag-elektrimootoriga-oksapurustaja","11":"product_tag-elektrimootoriga-oksapurustaja-rte-630-ilma-ratastetta","12":"product_tag-oksapurustaja","13":"product_tag-remet-cnc-technology","14":"product_tag-rte-630","16":"first","17":"instock","18":"taxable","19":"shipping-taxable","20":"purchasable","21":"product-type-simple"},"yoast_head":"<!-- This site is optimized with the Yoast SEO plugin v27.4 - https:\/\/yoast.com\/product\/yoast-seo-wordpress\/ -->\n<title>Elektrimootoriga oksapurustaja RTE-630 ilma ratastetta<\/title>\n<meta name=\"description\" content=\"Elektrimootoriga oksapurustaja RTE-630 ilma ratastetta Hakkur t\u00f6\u00f6tab 7.5 kW kolmefaasiline elektrimootoriga, mis edastatakse rihm\u00fclekande kaudu.\" \/>\n<meta name=\"robots\" content=\"index, follow, max-snippet:-1, max-image-preview:large, max-video-preview:-1\" \/>\n<link rel=\"canonical\" href=\"https:\/\/ranoja.ee\/toode\/elektrimootoriga-oksapurustaja-rte-630-ilma-ratastetta\/\" \/>\n<meta property=\"og:locale\" content=\"en_US\" \/>\n<meta property=\"og:type\" content=\"article\" \/>\n<meta property=\"og:title\" content=\"Elektrimootoriga oksapurustaja RTE-630 ilma ratastetta\" \/>\n<meta property=\"og:description\" content=\"Elektrimootoriga oksapurustaja RTE-630 ilma ratastetta Hakkur t\u00f6\u00f6tab 7.5 kW kolmefaasiline elektrimootoriga, mis edastatakse rihm\u00fclekande kaudu.\" \/>\n<meta property=\"og:url\" content=\"https:\/\/ranoja.ee\/toode\/elektrimootoriga-oksapurustaja-rte-630-ilma-ratastetta\/\" \/>\n<meta property=\"og:site_name\" content=\"Ranoja\" \/>\n<meta property=\"article:publisher\" content=\"https:\/\/www.facebook.com\/ranoja.ee\" \/>\n<meta property=\"article:modified_time\" content=\"2026-01-22T11:59:41+00:00\" \/>\n<meta property=\"og:image\" content=\"https:\/\/ranoja.ee\/wp-content\/uploads\/2026\/01\/Elektrimootoriga-oksapurustaja-RTE-630-ilma-ratastetta.png\" \/>\n\t<meta property=\"og:image:width\" content=\"458\" \/>\n\t<meta property=\"og:image:height\" content=\"458\" \/>\n\t<meta property=\"og:image:type\" content=\"image\/png\" \/>\n<meta name=\"twitter:card\" content=\"summary_large_image\" \/>\n<meta name=\"twitter:label1\" content=\"Est. reading time\" \/>\n\t<meta name=\"twitter:data1\" content=\"2 minutes\" \/>\n<script type=\"application\/ld+json\" class=\"yoast-schema-graph\">{\"@context\":\"https:\\\/\\\/schema.org\",\"@graph\":[{\"@type\":\"WebPage\",\"@id\":\"https:\\\/\\\/ranoja.ee\\\/toode\\\/elektrimootoriga-oksapurustaja-rte-630-ilma-ratastetta\\\/\",\"url\":\"https:\\\/\\\/ranoja.ee\\\/toode\\\/elektrimootoriga-oksapurustaja-rte-630-ilma-ratastetta\\\/\",\"name\":\"Elektrimootoriga oksapurustaja RTE-630 ilma ratastetta\",\"isPartOf\":{\"@id\":\"https:\\\/\\\/ranoja.ee\\\/#website\"},\"primaryImageOfPage\":{\"@id\":\"https:\\\/\\\/ranoja.ee\\\/toode\\\/elektrimootoriga-oksapurustaja-rte-630-ilma-ratastetta\\\/#primaryimage\"},\"image\":{\"@id\":\"https:\\\/\\\/ranoja.ee\\\/toode\\\/elektrimootoriga-oksapurustaja-rte-630-ilma-ratastetta\\\/#primaryimage\"},\"thumbnailUrl\":\"https:\\\/\\\/ranoja.ee\\\/wp-content\\\/uploads\\\/2026\\\/01\\\/Elektrimootoriga-oksapurustaja-RTE-630-ilma-ratastetta.png\",\"datePublished\":\"2026-01-22T11:43:37+00:00\",\"dateModified\":\"2026-01-22T11:59:41+00:00\",\"description\":\"Elektrimootoriga oksapurustaja RTE-630 ilma ratastetta Hakkur t\u00f6\u00f6tab 7.5 kW kolmefaasiline elektrimootoriga, mis edastatakse rihm\u00fclekande kaudu.\",\"breadcrumb\":{\"@id\":\"https:\\\/\\\/ranoja.ee\\\/toode\\\/elektrimootoriga-oksapurustaja-rte-630-ilma-ratastetta\\\/#breadcrumb\"},\"inLanguage\":\"en-US\",\"potentialAction\":[{\"@type\":\"ReadAction\",\"target\":[\"https:\\\/\\\/ranoja.ee\\\/toode\\\/elektrimootoriga-oksapurustaja-rte-630-ilma-ratastetta\\\/\"]}]},{\"@type\":\"ImageObject\",\"inLanguage\":\"en-US\",\"@id\":\"https:\\\/\\\/ranoja.ee\\\/toode\\\/elektrimootoriga-oksapurustaja-rte-630-ilma-ratastetta\\\/#primaryimage\",\"url\":\"https:\\\/\\\/ranoja.ee\\\/wp-content\\\/uploads\\\/2026\\\/01\\\/Elektrimootoriga-oksapurustaja-RTE-630-ilma-ratastetta.png\",\"contentUrl\":\"https:\\\/\\\/ranoja.ee\\\/wp-content\\\/uploads\\\/2026\\\/01\\\/Elektrimootoriga-oksapurustaja-RTE-630-ilma-ratastetta.png\",\"width\":458,\"height\":458,\"caption\":\"Elektrimootoriga oksapurustaja RTE-630 ilma ratastetta\"},{\"@type\":\"BreadcrumbList\",\"@id\":\"https:\\\/\\\/ranoja.ee\\\/toode\\\/elektrimootoriga-oksapurustaja-rte-630-ilma-ratastetta\\\/#breadcrumb\",\"itemListElement\":[{\"@type\":\"ListItem\",\"position\":1,\"name\":\"Home\",\"item\":\"https:\\\/\\\/ranoja.ee\\\/\"},{\"@type\":\"ListItem\",\"position\":2,\"name\":\"Shop\",\"item\":\"https:\\\/\\\/ranoja.ee\\\/en\\\/shop\\\/\"},{\"@type\":\"ListItem\",\"position\":3,\"name\":\"Elektrimootoriga oksapurustaja RTE-630 ilma ratastetta\"}]},{\"@type\":\"WebSite\",\"@id\":\"https:\\\/\\\/ranoja.ee\\\/#website\",\"url\":\"https:\\\/\\\/ranoja.ee\\\/\",\"name\":\"Ranoja\",\"description\":\"Equipment Shop WooCommerce WordPress Theme for Machine &amp; Tools\",\"publisher\":{\"@id\":\"https:\\\/\\\/ranoja.ee\\\/#organization\"},\"potentialAction\":[{\"@type\":\"SearchAction\",\"target\":{\"@type\":\"EntryPoint\",\"urlTemplate\":\"https:\\\/\\\/ranoja.ee\\\/?s={search_term_string}\"},\"query-input\":{\"@type\":\"PropertyValueSpecification\",\"valueRequired\":true,\"valueName\":\"search_term_string\"}}],\"inLanguage\":\"en-US\"},{\"@type\":\"Organization\",\"@id\":\"https:\\\/\\\/ranoja.ee\\\/#organization\",\"name\":\"Ranoja O\u00dc\",\"url\":\"https:\\\/\\\/ranoja.ee\\\/\",\"logo\":{\"@type\":\"ImageObject\",\"inLanguage\":\"en-US\",\"@id\":\"https:\\\/\\\/ranoja.ee\\\/#\\\/schema\\\/logo\\\/image\\\/\",\"url\":\"https:\\\/\\\/ranoja.ee\\\/wp-content\\\/uploads\\\/2023\\\/11\\\/ranoja-Logo.png\",\"contentUrl\":\"https:\\\/\\\/ranoja.ee\\\/wp-content\\\/uploads\\\/2023\\\/11\\\/ranoja-Logo.png\",\"width\":207,\"height\":58,\"caption\":\"Ranoja O\u00dc\"},\"image\":{\"@id\":\"https:\\\/\\\/ranoja.ee\\\/#\\\/schema\\\/logo\\\/image\\\/\"},\"sameAs\":[\"https:\\\/\\\/www.facebook.com\\\/ranoja.ee\",\"https:\\\/\\\/www.instagram.com\\\/ranoja__\\\/\"]}]}<\/script>\n<!-- \/ Yoast SEO plugin. -->","yoast_head_json":{"title":"Elektrimootoriga oksapurustaja RTE-630 ilma ratastetta","description":"Elektrimootoriga oksapurustaja RTE-630 ilma ratastetta Hakkur t\u00f6\u00f6tab 7.5 kW kolmefaasiline elektrimootoriga, mis edastatakse rihm\u00fclekande kaudu.","robots":{"index":"index","follow":"follow","max-snippet":"max-snippet:-1","max-image-preview":"max-image-preview:large","max-video-preview":"max-video-preview:-1"},"canonical":"https:\/\/ranoja.ee\/toode\/elektrimootoriga-oksapurustaja-rte-630-ilma-ratastetta\/","og_locale":"en_US","og_type":"article","og_title":"Elektrimootoriga oksapurustaja RTE-630 ilma ratastetta","og_description":"Elektrimootoriga oksapurustaja RTE-630 ilma ratastetta Hakkur t\u00f6\u00f6tab 7.5 kW kolmefaasiline elektrimootoriga, mis edastatakse rihm\u00fclekande kaudu.","og_url":"https:\/\/ranoja.ee\/toode\/elektrimootoriga-oksapurustaja-rte-630-ilma-ratastetta\/","og_site_name":"Ranoja","article_publisher":"https:\/\/www.facebook.com\/ranoja.ee","article_modified_time":"2026-01-22T11:59:41+00:00","og_image":[{"width":458,"height":458,"url":"https:\/\/ranoja.ee\/wp-content\/uploads\/2026\/01\/Elektrimootoriga-oksapurustaja-RTE-630-ilma-ratastetta.png","type":"image\/png"}],"twitter_card":"summary_large_image","twitter_misc":{"Est. reading time":"2 minutes"},"schema":{"@context":"https:\/\/schema.org","@graph":[{"@type":"WebPage","@id":"https:\/\/ranoja.ee\/toode\/elektrimootoriga-oksapurustaja-rte-630-ilma-ratastetta\/","url":"https:\/\/ranoja.ee\/toode\/elektrimootoriga-oksapurustaja-rte-630-ilma-ratastetta\/","name":"Elektrimootoriga oksapurustaja RTE-630 ilma ratastetta","isPartOf":{"@id":"https:\/\/ranoja.ee\/#website"},"primaryImageOfPage":{"@id":"https:\/\/ranoja.ee\/toode\/elektrimootoriga-oksapurustaja-rte-630-ilma-ratastetta\/#primaryimage"},"image":{"@id":"https:\/\/ranoja.ee\/toode\/elektrimootoriga-oksapurustaja-rte-630-ilma-ratastetta\/#primaryimage"},"thumbnailUrl":"https:\/\/ranoja.ee\/wp-content\/uploads\/2026\/01\/Elektrimootoriga-oksapurustaja-RTE-630-ilma-ratastetta.png","datePublished":"2026-01-22T11:43:37+00:00","dateModified":"2026-01-22T11:59:41+00:00","description":"Elektrimootoriga oksapurustaja RTE-630 ilma ratastetta Hakkur t\u00f6\u00f6tab 7.5 kW kolmefaasiline elektrimootoriga, mis edastatakse rihm\u00fclekande kaudu.","breadcrumb":{"@id":"https:\/\/ranoja.ee\/toode\/elektrimootoriga-oksapurustaja-rte-630-ilma-ratastetta\/#breadcrumb"},"inLanguage":"en-US","potentialAction":[{"@type":"ReadAction","target":["https:\/\/ranoja.ee\/toode\/elektrimootoriga-oksapurustaja-rte-630-ilma-ratastetta\/"]}]},{"@type":"ImageObject","inLanguage":"en-US","@id":"https:\/\/ranoja.ee\/toode\/elektrimootoriga-oksapurustaja-rte-630-ilma-ratastetta\/#primaryimage","url":"https:\/\/ranoja.ee\/wp-content\/uploads\/2026\/01\/Elektrimootoriga-oksapurustaja-RTE-630-ilma-ratastetta.png","contentUrl":"https:\/\/ranoja.ee\/wp-content\/uploads\/2026\/01\/Elektrimootoriga-oksapurustaja-RTE-630-ilma-ratastetta.png","width":458,"height":458,"caption":"Elektrimootoriga oksapurustaja RTE-630 ilma ratastetta"},{"@type":"BreadcrumbList","@id":"https:\/\/ranoja.ee\/toode\/elektrimootoriga-oksapurustaja-rte-630-ilma-ratastetta\/#breadcrumb","itemListElement":[{"@type":"ListItem","position":1,"name":"Home","item":"https:\/\/ranoja.ee\/"},{"@type":"ListItem","position":2,"name":"Shop","item":"https:\/\/ranoja.ee\/en\/shop\/"},{"@type":"ListItem","position":3,"name":"Elektrimootoriga oksapurustaja RTE-630 ilma ratastetta"}]},{"@type":"WebSite","@id":"https:\/\/ranoja.ee\/#website","url":"https:\/\/ranoja.ee\/","name":"Ranoja","description":"Equipment Shop WooCommerce WordPress Theme for Machine &amp; Tools","publisher":{"@id":"https:\/\/ranoja.ee\/#organization"},"potentialAction":[{"@type":"SearchAction","target":{"@type":"EntryPoint","urlTemplate":"https:\/\/ranoja.ee\/?s={search_term_string}"},"query-input":{"@type":"PropertyValueSpecification","valueRequired":true,"valueName":"search_term_string"}}],"inLanguage":"en-US"},{"@type":"Organization","@id":"https:\/\/ranoja.ee\/#organization","name":"Ranoja O\u00dc","url":"https:\/\/ranoja.ee\/","logo":{"@type":"ImageObject","inLanguage":"en-US","@id":"https:\/\/ranoja.ee\/#\/schema\/logo\/image\/","url":"https:\/\/ranoja.ee\/wp-content\/uploads\/2023\/11\/ranoja-Logo.png","contentUrl":"https:\/\/ranoja.ee\/wp-content\/uploads\/2023\/11\/ranoja-Logo.png","width":207,"height":58,"caption":"Ranoja O\u00dc"},"image":{"@id":"https:\/\/ranoja.ee\/#\/schema\/logo\/image\/"},"sameAs":["https:\/\/www.facebook.com\/ranoja.ee","https:\/\/www.instagram.com\/ranoja__\/"]}]}},"_links":{"self":[{"href":"https:\/\/ranoja.ee\/en\/wp-json\/wp\/v2\/product\/27467","targetHints":{"allow":["GET"]}}],"collection":[{"href":"https:\/\/ranoja.ee\/en\/wp-json\/wp\/v2\/product"}],"about":[{"href":"https:\/\/ranoja.ee\/en\/wp-json\/wp\/v2\/types\/product"}],"wp:featuredmedia":[{"embeddable":true,"href":"https:\/\/ranoja.ee\/en\/wp-json\/wp\/v2\/media\/27476"}],"wp:attachment":[{"href":"https:\/\/ranoja.ee\/en\/wp-json\/wp\/v2\/media?parent=27467"}],"wp:term":[{"taxonomy":"product_cat","embeddable":true,"href":"https:\/\/ranoja.ee\/en\/wp-json\/wp\/v2\/product_cat?post=27467"},{"taxonomy":"product_tag","embeddable":true,"href":"https:\/\/ranoja.ee\/en\/wp-json\/wp\/v2\/product_tag?post=27467"}],"curies":[{"name":"wp","href":"https:\/\/api.w.org\/{rel}","templated":true}]}}