{"id":27347,"date":"2026-01-22T11:59:22","date_gmt":"2026-01-22T08:59:22","guid":{"rendered":"https:\/\/ranoja.ee\/?post_type=product&#038;p=27347"},"modified":"2026-01-22T12:16:09","modified_gmt":"2026-01-22T09:16:09","slug":"bensiinimootoriga-oksapurustaja-rb-150-15-hp","status":"publish","type":"product","link":"https:\/\/ranoja.ee\/en\/toode\/bensiinimootoriga-oksapurustaja-rb-150-15-hp\/","title":{"rendered":"Bensiinimootoriga oksapurustaja RB-150 15 hp"},"content":{"rendered":"<p>Bensiinimootoriga oksapurustaja RB-150 15 hp <\/p>\n<p>REMET CNC TECHNOLOGY bensiinimootoriga hakkur RB-150 on t\u00f5hus trummelpurustaja, mis on varustatud 15 hj neljataktilise mootoriga ja on m\u00f5eldud kasutajatele, kes vajavad usaldusv\u00e4\u00e4rset seadet okste purustamiseks aias v\u00f5i krundil.<br \/>\nSee v\u00f5imas puiduhakkur suudab purustada kuni 15 cm l\u00e4bim\u00f5\u00f5duga oksi, mist\u00f5ttu on neid p\u00e4rast puude ja p\u00f5\u00f5saste p\u00fcgamist lihtne puhastada. Saadud materjal sobib suurep\u00e4raselt aiakompostiks, p\u00f5\u00f5saste allapanuks v\u00f5i puude mult\u0161iks.<\/p>\n<p>V\u00f5imsad, t\u00f6\u00f6kindlad ja mitmek\u00fclgsed masinad, mis on loodud puidu t\u00f6\u00f6tlemiseks ja aiat\u00f6\u00f6de lihtsustamiseks. Need seadmed sobivad ideaalselt kasutamiseks kohtades. Kus puudub juurdep\u00e4\u00e4s elektriv\u00f5rgule v\u00f5i kus on vaja purustada suuri koguseid oksi, puitu ja aiapr\u00fcgi kiiresti ja efektiivselt. Bensiinimootoriga konstruktsioon annab neile suure t\u00f5mbet\u00f5uke ja mobiliteedi, v\u00f5imaldades neid kasutada nii koduaias, metsatukkudes kui ka professionaalsetes maastikuhoolduse t\u00f6\u00f6des.<\/p>\n<p>RB-150 trummelhakkuril on kulumiskindlast terasest l\u00f5iketerad, mis on m\u00f5lemalt poolt teritatud. Kui tera muutub n\u00fcriks, saab selle lihtsalt teisele poole p\u00f6\u00f6rata, tagades pikaajalise ja t\u00f5husa t\u00f6\u00f6 isegi suure koormuse korral. See teeb oksapurustaja ideaalseks komposti v\u00f5i taimepeenarde materjali ettevalmistamiseks.<\/p>\n<p>Oksapurustajatel kasutatakse kvaliteetseid sisep\u00f5lemismootoreid, mis t\u00f6\u00f6tavad bensiiniga, millel on piisav v\u00f5imsus intensiivseks ja pikaajaliseks t\u00f6\u00f6ks. Mootori k\u00f5rge p\u00f6\u00f6rdemoment v\u00f5imaldab purustada kuni mitmesentimeetriseid oksi ja v\u00e4iksemaid t\u00fcvesid ilma liigse koormuseta. See teeb neist masinatest sobiva t\u00f6\u00f6riista nii v\u00e4iksemate aiapidajate kui ka professionaalsete haljastusteenuste pakkujatele, kes peavad regulaarselt t\u00f6\u00f6tlema suurt hulka aiapruuki v\u00f5i metsasettev\u00f5ttes tekkivaid j\u00e4\u00e4tmeid<\/p>\n<p>Bensiinimootoriga oksapurustaja RB-150 15 hp <\/p>\n","protected":false},"excerpt":{"rendered":"<p>Bensiinimootoriga oksapurustaja RB-150 15 hp<br \/>\nOkste maksimaalne l\u00f5ikel\u00e4bim\u00f5\u00f5t v\u00e4rske pehme puit: 150 mm<br \/>\nMootori t\u00fc\u00fcp: Neljataktiline bensiinimootor<br \/>\nMootori v\u00f5imsus: 15 hj<br \/>\nPurustamise efektiivsus: Kuni 7 m3\/h<br \/>\nNugade arv: 2 + vastutera<br \/>\nRihmade arv: Rihmarattal kaks kiilrihm<br \/>\nAjami t\u00fc\u00fcp: Rihmaratas tsentrifugaalsiduriga<br \/>\nL\u00f5ikenugade tootmine: Kulumiskindel teras suurenenud k\u00f5vadusega<br \/>\nTootekood: 2RB150<br \/>\nPurustaja kaal: 260 kg<br \/>\n<strong>Eeldatav tarneaeg 2-3 n\u00e4dalat<\/strong><\/p>\n","protected":false},"featured_media":27396,"template":"","meta":{"inline_featured_image":false},"product_cat":[1087,85],"product_tag":[375,3165,84,3166,3017],"class_list":{"0":"post-27347","1":"product","2":"type-product","3":"status-publish","4":"has-post-thumbnail","6":"product_brand-remet-cnc-technology","7":"product_cat-metsatehnika","8":"product_cat-oksapurustajad","9":"product_tag-bensiinimootoriga-oksapurustaja","10":"product_tag-bensiinimootoriga-oksapurustaja-rb-150-15-hp","11":"product_tag-oksapurustaja","12":"product_tag-rb-150","13":"product_tag-remet-cnc-technology","15":"first","16":"instock","17":"taxable","18":"shipping-taxable","19":"purchasable","20":"product-type-simple"},"yoast_head":"<!-- This site is optimized with the Yoast SEO plugin v27.4 - https:\/\/yoast.com\/product\/yoast-seo-wordpress\/ -->\n<title>Bensiinimootoriga oksapurustaja RB-150 15 hp<\/title>\n<meta name=\"description\" content=\"Bensiinimootoriga oksapurustaja RB-150 15 hp V\u00f5imsad, t\u00f6\u00f6kindlad ja mitmek\u00fclgsed masinad, mis on loodud puidu t\u00f6\u00f6tlemiseks ja aiat\u00f6\u00f6de lihtsustamiseks.\" \/>\n<meta name=\"robots\" content=\"index, follow, max-snippet:-1, max-image-preview:large, max-video-preview:-1\" \/>\n<link rel=\"canonical\" href=\"https:\/\/ranoja.ee\/toode\/bensiinimootoriga-oksapurustaja-rb-150-15-hp\/\" \/>\n<meta property=\"og:locale\" content=\"en_US\" \/>\n<meta property=\"og:type\" content=\"article\" \/>\n<meta property=\"og:title\" content=\"Bensiinimootoriga oksapurustaja RB-150 15 hp\" \/>\n<meta property=\"og:description\" content=\"Bensiinimootoriga oksapurustaja RB-150 15 hp V\u00f5imsad, t\u00f6\u00f6kindlad ja mitmek\u00fclgsed masinad, mis on loodud puidu t\u00f6\u00f6tlemiseks ja aiat\u00f6\u00f6de lihtsustamiseks.\" \/>\n<meta property=\"og:url\" content=\"https:\/\/ranoja.ee\/toode\/bensiinimootoriga-oksapurustaja-rb-150-15-hp\/\" \/>\n<meta property=\"og:site_name\" content=\"Ranoja\" \/>\n<meta property=\"article:publisher\" content=\"https:\/\/www.facebook.com\/ranoja.ee\" \/>\n<meta property=\"article:modified_time\" content=\"2026-01-22T09:16:09+00:00\" \/>\n<meta property=\"og:image\" content=\"https:\/\/ranoja.ee\/wp-content\/uploads\/2026\/01\/Bensiinimootoriga-oksapurustaja-RB-150-15-hp.png\" \/>\n\t<meta property=\"og:image:width\" content=\"458\" \/>\n\t<meta property=\"og:image:height\" content=\"458\" \/>\n\t<meta property=\"og:image:type\" content=\"image\/png\" \/>\n<meta name=\"twitter:card\" content=\"summary_large_image\" \/>\n<meta name=\"twitter:label1\" content=\"Est. reading time\" \/>\n\t<meta name=\"twitter:data1\" content=\"2 minutes\" \/>\n<script type=\"application\/ld+json\" class=\"yoast-schema-graph\">{\"@context\":\"https:\\\/\\\/schema.org\",\"@graph\":[{\"@type\":\"WebPage\",\"@id\":\"https:\\\/\\\/ranoja.ee\\\/toode\\\/bensiinimootoriga-oksapurustaja-rb-150-15-hp\\\/\",\"url\":\"https:\\\/\\\/ranoja.ee\\\/toode\\\/bensiinimootoriga-oksapurustaja-rb-150-15-hp\\\/\",\"name\":\"Bensiinimootoriga oksapurustaja RB-150 15 hp\",\"isPartOf\":{\"@id\":\"https:\\\/\\\/ranoja.ee\\\/#website\"},\"primaryImageOfPage\":{\"@id\":\"https:\\\/\\\/ranoja.ee\\\/toode\\\/bensiinimootoriga-oksapurustaja-rb-150-15-hp\\\/#primaryimage\"},\"image\":{\"@id\":\"https:\\\/\\\/ranoja.ee\\\/toode\\\/bensiinimootoriga-oksapurustaja-rb-150-15-hp\\\/#primaryimage\"},\"thumbnailUrl\":\"https:\\\/\\\/ranoja.ee\\\/wp-content\\\/uploads\\\/2026\\\/01\\\/Bensiinimootoriga-oksapurustaja-RB-150-15-hp.png\",\"datePublished\":\"2026-01-22T08:59:22+00:00\",\"dateModified\":\"2026-01-22T09:16:09+00:00\",\"description\":\"Bensiinimootoriga oksapurustaja RB-150 15 hp V\u00f5imsad, t\u00f6\u00f6kindlad ja mitmek\u00fclgsed masinad, mis on loodud puidu t\u00f6\u00f6tlemiseks ja aiat\u00f6\u00f6de lihtsustamiseks.\",\"breadcrumb\":{\"@id\":\"https:\\\/\\\/ranoja.ee\\\/toode\\\/bensiinimootoriga-oksapurustaja-rb-150-15-hp\\\/#breadcrumb\"},\"inLanguage\":\"en-US\",\"potentialAction\":[{\"@type\":\"ReadAction\",\"target\":[\"https:\\\/\\\/ranoja.ee\\\/toode\\\/bensiinimootoriga-oksapurustaja-rb-150-15-hp\\\/\"]}]},{\"@type\":\"ImageObject\",\"inLanguage\":\"en-US\",\"@id\":\"https:\\\/\\\/ranoja.ee\\\/toode\\\/bensiinimootoriga-oksapurustaja-rb-150-15-hp\\\/#primaryimage\",\"url\":\"https:\\\/\\\/ranoja.ee\\\/wp-content\\\/uploads\\\/2026\\\/01\\\/Bensiinimootoriga-oksapurustaja-RB-150-15-hp.png\",\"contentUrl\":\"https:\\\/\\\/ranoja.ee\\\/wp-content\\\/uploads\\\/2026\\\/01\\\/Bensiinimootoriga-oksapurustaja-RB-150-15-hp.png\",\"width\":458,\"height\":458,\"caption\":\"Bensiinimootoriga oksapurustaja RB-150 15 hp\"},{\"@type\":\"BreadcrumbList\",\"@id\":\"https:\\\/\\\/ranoja.ee\\\/toode\\\/bensiinimootoriga-oksapurustaja-rb-150-15-hp\\\/#breadcrumb\",\"itemListElement\":[{\"@type\":\"ListItem\",\"position\":1,\"name\":\"Home\",\"item\":\"https:\\\/\\\/ranoja.ee\\\/\"},{\"@type\":\"ListItem\",\"position\":2,\"name\":\"Shop\",\"item\":\"https:\\\/\\\/ranoja.ee\\\/en\\\/shop\\\/\"},{\"@type\":\"ListItem\",\"position\":3,\"name\":\"Bensiinimootoriga oksapurustaja RB-150 15 hp\"}]},{\"@type\":\"WebSite\",\"@id\":\"https:\\\/\\\/ranoja.ee\\\/#website\",\"url\":\"https:\\\/\\\/ranoja.ee\\\/\",\"name\":\"Ranoja\",\"description\":\"Equipment Shop WooCommerce WordPress Theme for Machine &amp; Tools\",\"publisher\":{\"@id\":\"https:\\\/\\\/ranoja.ee\\\/#organization\"},\"potentialAction\":[{\"@type\":\"SearchAction\",\"target\":{\"@type\":\"EntryPoint\",\"urlTemplate\":\"https:\\\/\\\/ranoja.ee\\\/?s={search_term_string}\"},\"query-input\":{\"@type\":\"PropertyValueSpecification\",\"valueRequired\":true,\"valueName\":\"search_term_string\"}}],\"inLanguage\":\"en-US\"},{\"@type\":\"Organization\",\"@id\":\"https:\\\/\\\/ranoja.ee\\\/#organization\",\"name\":\"Ranoja O\u00dc\",\"url\":\"https:\\\/\\\/ranoja.ee\\\/\",\"logo\":{\"@type\":\"ImageObject\",\"inLanguage\":\"en-US\",\"@id\":\"https:\\\/\\\/ranoja.ee\\\/#\\\/schema\\\/logo\\\/image\\\/\",\"url\":\"https:\\\/\\\/ranoja.ee\\\/wp-content\\\/uploads\\\/2023\\\/11\\\/ranoja-Logo.png\",\"contentUrl\":\"https:\\\/\\\/ranoja.ee\\\/wp-content\\\/uploads\\\/2023\\\/11\\\/ranoja-Logo.png\",\"width\":207,\"height\":58,\"caption\":\"Ranoja O\u00dc\"},\"image\":{\"@id\":\"https:\\\/\\\/ranoja.ee\\\/#\\\/schema\\\/logo\\\/image\\\/\"},\"sameAs\":[\"https:\\\/\\\/www.facebook.com\\\/ranoja.ee\",\"https:\\\/\\\/www.instagram.com\\\/ranoja__\\\/\"]}]}<\/script>\n<!-- \/ Yoast SEO plugin. -->","yoast_head_json":{"title":"Bensiinimootoriga oksapurustaja RB-150 15 hp","description":"Bensiinimootoriga oksapurustaja RB-150 15 hp V\u00f5imsad, t\u00f6\u00f6kindlad ja mitmek\u00fclgsed masinad, mis on loodud puidu t\u00f6\u00f6tlemiseks ja aiat\u00f6\u00f6de lihtsustamiseks.","robots":{"index":"index","follow":"follow","max-snippet":"max-snippet:-1","max-image-preview":"max-image-preview:large","max-video-preview":"max-video-preview:-1"},"canonical":"https:\/\/ranoja.ee\/toode\/bensiinimootoriga-oksapurustaja-rb-150-15-hp\/","og_locale":"en_US","og_type":"article","og_title":"Bensiinimootoriga oksapurustaja RB-150 15 hp","og_description":"Bensiinimootoriga oksapurustaja RB-150 15 hp V\u00f5imsad, t\u00f6\u00f6kindlad ja mitmek\u00fclgsed masinad, mis on loodud puidu t\u00f6\u00f6tlemiseks ja aiat\u00f6\u00f6de lihtsustamiseks.","og_url":"https:\/\/ranoja.ee\/toode\/bensiinimootoriga-oksapurustaja-rb-150-15-hp\/","og_site_name":"Ranoja","article_publisher":"https:\/\/www.facebook.com\/ranoja.ee","article_modified_time":"2026-01-22T09:16:09+00:00","og_image":[{"width":458,"height":458,"url":"https:\/\/ranoja.ee\/wp-content\/uploads\/2026\/01\/Bensiinimootoriga-oksapurustaja-RB-150-15-hp.png","type":"image\/png"}],"twitter_card":"summary_large_image","twitter_misc":{"Est. reading time":"2 minutes"},"schema":{"@context":"https:\/\/schema.org","@graph":[{"@type":"WebPage","@id":"https:\/\/ranoja.ee\/toode\/bensiinimootoriga-oksapurustaja-rb-150-15-hp\/","url":"https:\/\/ranoja.ee\/toode\/bensiinimootoriga-oksapurustaja-rb-150-15-hp\/","name":"Bensiinimootoriga oksapurustaja RB-150 15 hp","isPartOf":{"@id":"https:\/\/ranoja.ee\/#website"},"primaryImageOfPage":{"@id":"https:\/\/ranoja.ee\/toode\/bensiinimootoriga-oksapurustaja-rb-150-15-hp\/#primaryimage"},"image":{"@id":"https:\/\/ranoja.ee\/toode\/bensiinimootoriga-oksapurustaja-rb-150-15-hp\/#primaryimage"},"thumbnailUrl":"https:\/\/ranoja.ee\/wp-content\/uploads\/2026\/01\/Bensiinimootoriga-oksapurustaja-RB-150-15-hp.png","datePublished":"2026-01-22T08:59:22+00:00","dateModified":"2026-01-22T09:16:09+00:00","description":"Bensiinimootoriga oksapurustaja RB-150 15 hp V\u00f5imsad, t\u00f6\u00f6kindlad ja mitmek\u00fclgsed masinad, mis on loodud puidu t\u00f6\u00f6tlemiseks ja aiat\u00f6\u00f6de lihtsustamiseks.","breadcrumb":{"@id":"https:\/\/ranoja.ee\/toode\/bensiinimootoriga-oksapurustaja-rb-150-15-hp\/#breadcrumb"},"inLanguage":"en-US","potentialAction":[{"@type":"ReadAction","target":["https:\/\/ranoja.ee\/toode\/bensiinimootoriga-oksapurustaja-rb-150-15-hp\/"]}]},{"@type":"ImageObject","inLanguage":"en-US","@id":"https:\/\/ranoja.ee\/toode\/bensiinimootoriga-oksapurustaja-rb-150-15-hp\/#primaryimage","url":"https:\/\/ranoja.ee\/wp-content\/uploads\/2026\/01\/Bensiinimootoriga-oksapurustaja-RB-150-15-hp.png","contentUrl":"https:\/\/ranoja.ee\/wp-content\/uploads\/2026\/01\/Bensiinimootoriga-oksapurustaja-RB-150-15-hp.png","width":458,"height":458,"caption":"Bensiinimootoriga oksapurustaja RB-150 15 hp"},{"@type":"BreadcrumbList","@id":"https:\/\/ranoja.ee\/toode\/bensiinimootoriga-oksapurustaja-rb-150-15-hp\/#breadcrumb","itemListElement":[{"@type":"ListItem","position":1,"name":"Home","item":"https:\/\/ranoja.ee\/"},{"@type":"ListItem","position":2,"name":"Shop","item":"https:\/\/ranoja.ee\/en\/shop\/"},{"@type":"ListItem","position":3,"name":"Bensiinimootoriga oksapurustaja RB-150 15 hp"}]},{"@type":"WebSite","@id":"https:\/\/ranoja.ee\/#website","url":"https:\/\/ranoja.ee\/","name":"Ranoja","description":"Equipment Shop WooCommerce WordPress Theme for Machine &amp; Tools","publisher":{"@id":"https:\/\/ranoja.ee\/#organization"},"potentialAction":[{"@type":"SearchAction","target":{"@type":"EntryPoint","urlTemplate":"https:\/\/ranoja.ee\/?s={search_term_string}"},"query-input":{"@type":"PropertyValueSpecification","valueRequired":true,"valueName":"search_term_string"}}],"inLanguage":"en-US"},{"@type":"Organization","@id":"https:\/\/ranoja.ee\/#organization","name":"Ranoja O\u00dc","url":"https:\/\/ranoja.ee\/","logo":{"@type":"ImageObject","inLanguage":"en-US","@id":"https:\/\/ranoja.ee\/#\/schema\/logo\/image\/","url":"https:\/\/ranoja.ee\/wp-content\/uploads\/2023\/11\/ranoja-Logo.png","contentUrl":"https:\/\/ranoja.ee\/wp-content\/uploads\/2023\/11\/ranoja-Logo.png","width":207,"height":58,"caption":"Ranoja O\u00dc"},"image":{"@id":"https:\/\/ranoja.ee\/#\/schema\/logo\/image\/"},"sameAs":["https:\/\/www.facebook.com\/ranoja.ee","https:\/\/www.instagram.com\/ranoja__\/"]}]}},"_links":{"self":[{"href":"https:\/\/ranoja.ee\/en\/wp-json\/wp\/v2\/product\/27347","targetHints":{"allow":["GET"]}}],"collection":[{"href":"https:\/\/ranoja.ee\/en\/wp-json\/wp\/v2\/product"}],"about":[{"href":"https:\/\/ranoja.ee\/en\/wp-json\/wp\/v2\/types\/product"}],"wp:featuredmedia":[{"embeddable":true,"href":"https:\/\/ranoja.ee\/en\/wp-json\/wp\/v2\/media\/27396"}],"wp:attachment":[{"href":"https:\/\/ranoja.ee\/en\/wp-json\/wp\/v2\/media?parent=27347"}],"wp:term":[{"taxonomy":"product_cat","embeddable":true,"href":"https:\/\/ranoja.ee\/en\/wp-json\/wp\/v2\/product_cat?post=27347"},{"taxonomy":"product_tag","embeddable":true,"href":"https:\/\/ranoja.ee\/en\/wp-json\/wp\/v2\/product_tag?post=27347"}],"curies":[{"name":"wp","href":"https:\/\/api.w.org\/{rel}","templated":true}]}}