{"id":27139,"date":"2026-01-21T18:00:41","date_gmt":"2026-01-21T15:00:41","guid":{"rendered":"https:\/\/ranoja.ee\/?post_type=product&#038;p=27139"},"modified":"2026-01-21T18:16:49","modified_gmt":"2026-01-21T15:16:49","slug":"pto-oksapurustaja-rx-180","status":"publish","type":"product","link":"https:\/\/ranoja.ee\/en\/toode\/pto-oksapurustaja-rx-180\/","title":{"rendered":"PTO oksapurustaja RX-180"},"content":{"rendered":"<p>PTO oksapurustaja RX-180<\/p>\n<p>H\u00fcdrauliliste etteanderullikutega varustatud RX-180 ketashakkur on m\u00f5eldud okste, kuni 18 cm l\u00e4bim\u00f5\u00f5duga puut\u00fcvede ja muude puitmaterjalide purustamiseks. Hakke paksust saab reguleerida juhtrullikute etteandekiirust muutes. Kahepoolsed noad on kinnitatud 710 mm l\u00e4bim\u00f5\u00f5duga l\u00f5ikekettale, mis t\u00e4nu oma 95 kg kaalule saab okste ja puidu purustamisega h\u00f5lpsalt hakkama.<\/p>\n<p>Hakkur on varustatud ohutusl\u00fcliti ja kaitsetega, et tagada ohutu t\u00f6\u00f6. Hakkuril on t\u00f6\u00f6deldava materjali etteandekiiruse reguleerimiss\u00fcsteem ja etteandepunkri tagasit\u00f5mbamiss\u00fcsteem. V\u00e4ljalaskekanalit saab p\u00f6\u00f6rata, et suunata hakkevoogu soovitud suunas. V\u00e4lja arvatud operaatori t\u00f6\u00f6ala. Hakkurit iseloomustab k\u00f5rge efektiivsus ja k\u00f5rge mugavus. Saadud hakkepuitu saab kasutada k\u00fctusena, sobib kruvis\u00f6\u00f6turitele v\u00f5i kompostina v\u00f5i p\u00f5\u00f5saste allapanuna.<\/p>\n<p>Hakkuri ajam kantakse j\u00f5uv\u00f5tuv\u00f5lli kaudu traktori j\u00f5uv\u00f5tuv\u00f5llilt (paremale p\u00f6\u00f6rlemisele) hakkuri 1 3\/8-tollisele j\u00f5uv\u00f5tuv\u00f5llile. Soovitame kasutada h\u00f5\u00f5rdsiduri v\u00f5i l\u00f5ikepoltsiduriga varustatud j\u00f5uv\u00f5lli; masina \u00fclekoormuse korral l\u00fclitub ajam v\u00e4lja. Veerelaagreid m\u00e4\u00e4ritakse t\u00f5stetud m\u00e4\u00e4rimispunktide kaudu.<\/p>\n<p>PTO-oksapurustajad \u00fchendatakse traktori j\u00f5uv\u00f5tuv\u00f5lli kaudu ja t\u00f6\u00f6tavad koos traktori p\u00f6\u00f6rdemomendiga, mis muudab eraldi mootori kasutamise tarbetuks ning annab t\u00f5husa j\u00f5u\u00fclekande otse traktori mootorilt. Seadmed kinnitatakse traktori kolme punktiga haakepunkte ning neid on mitmes suuruses. Alates v\u00e4iksematest mudelitest, mis t\u00f6\u00f6tlevad \u00f5hukesi oksi, kuni suuremate R-150 ja RP-200 klassi purustajateni, mis suudavad k\u00e4sitleda harude l\u00e4bim\u00f5\u00f5tu kuni ~140\u2013170 mm s\u00f5ltuvalt mudelist ja puidu t\u00fc\u00fcbist.<\/p>\n<p>Iga oksapurustaja p\u00f5hikomponent on robustne keevitatud terasraam, mille sees t\u00f6\u00f6tab p\u00f6\u00f6rlev l\u00f5ikemehhanism varustatud mitmete kulumiskindlatest terastest l\u00f5iketera-elementidega. Terade vahe on reguleeritav, et saavutada soovitud laastu suurus ja l\u00f5iketulemus, ning masin v\u00f5ib olla varustatud ka p\u00f6\u00f6rleva v\u00e4ljalaskekanaliga v\u00f5i pikendatava lintkonveieriga lihtsamaks materjali \u00e4raviimiseks.<\/p>\n<p>PTO oksapurustaja RX-180<\/p>\n","protected":false},"excerpt":{"rendered":"<p>PTO oksapurustaja RX-180<br \/>\nMinimaalne\/soovitatav traktori v\u00f5imsus: 50\/85 hj<br \/>\nSoovitatav j\u00f5uv\u00f5tuv\u00f5lli kiirus: 540-1000 p\/min<br \/>\nV\u00e4ljavisketoru p\u00f6\u00f6rdenurk: 360\u02da<br \/>\nV\u00e4ljavisketoru k\u00f5rgus: 230 cm<br \/>\nHaake kinnituss\u00fcsteem: Kolmepunkti traktori haakes\u00fcsteem<br \/>\nL\u00f5ikeketta l\u00e4bim\u00f5\u00f5t: 710 mm<br \/>\nL\u00f5ikeketta kaal: 95 kg<br \/>\nNugade arv: 4 + 1 vastutera<br \/>\nN\u00f5utav \u00f5livool: 15-30 l\/min<br \/>\nL\u00f5ikenugade tootmine Kulumiskindel teras suurenenud k\u00f5vadusega<br \/>\nOkste maksimaalne l\u00f5ikediameeter v\u00e4rske pehme puit: 180 mm<br \/>\nTootekood: 2RX180<br \/>\nKaal: 635 kg<br \/>\n<strong>Eeldatav tarneaeg 2-3 n\u00e4dalat<\/strong><\/p>\n","protected":false},"featured_media":27184,"template":"","meta":{"inline_featured_image":false},"product_cat":[1087,85],"product_tag":[3156,84,486,3136,3154,3017,3155],"class_list":{"0":"post-27139","1":"product","2":"type-product","3":"status-publish","4":"has-post-thumbnail","6":"product_brand-remet-cnc-technology","7":"product_cat-metsatehnika","8":"product_cat-oksapurustajad","9":"product_tag-2rx180","10":"product_tag-oksapurustaja","11":"product_tag-pto","12":"product_tag-pto-oksapurustaja","13":"product_tag-pto-oksapurustaja-rx-180","14":"product_tag-remet-cnc-technology","15":"product_tag-rx-180","17":"first","18":"instock","19":"taxable","20":"shipping-taxable","21":"purchasable","22":"product-type-simple"},"yoast_head":"<!-- This site is optimized with the Yoast SEO plugin v27.4 - https:\/\/yoast.com\/product\/yoast-seo-wordpress\/ -->\n<title>PTO oksapurustaja RX-180<\/title>\n<meta name=\"description\" content=\"PTO oksapurustaja RX-180 J\u00f5uv\u00f5tuv\u00f5lli pealt t\u00f6\u00f6tav oksapurustaja on m\u00f5eldud kuni 18 cm l\u00e4bim\u00f5\u00f5duga puiduj\u00e4\u00e4tmete ja okste t\u00f6\u00f6tlemiseks.\" \/>\n<meta name=\"robots\" content=\"index, follow, max-snippet:-1, max-image-preview:large, max-video-preview:-1\" \/>\n<link rel=\"canonical\" href=\"https:\/\/ranoja.ee\/toode\/pto-oksapurustaja-rx-180\/\" \/>\n<meta property=\"og:locale\" content=\"en_US\" \/>\n<meta property=\"og:type\" content=\"article\" \/>\n<meta property=\"og:title\" content=\"PTO oksapurustaja RX-180\" \/>\n<meta property=\"og:description\" content=\"PTO oksapurustaja RX-180 J\u00f5uv\u00f5tuv\u00f5lli pealt t\u00f6\u00f6tav oksapurustaja on m\u00f5eldud kuni 18 cm l\u00e4bim\u00f5\u00f5duga puiduj\u00e4\u00e4tmete ja okste t\u00f6\u00f6tlemiseks.\" \/>\n<meta property=\"og:url\" content=\"https:\/\/ranoja.ee\/toode\/pto-oksapurustaja-rx-180\/\" \/>\n<meta property=\"og:site_name\" content=\"Ranoja\" \/>\n<meta property=\"article:publisher\" content=\"https:\/\/www.facebook.com\/ranoja.ee\" \/>\n<meta property=\"article:modified_time\" content=\"2026-01-21T15:16:49+00:00\" \/>\n<meta property=\"og:image\" content=\"https:\/\/ranoja.ee\/wp-content\/uploads\/2026\/01\/PTO-oksapurustaja-RX-180-111.png\" \/>\n\t<meta property=\"og:image:width\" content=\"458\" \/>\n\t<meta property=\"og:image:height\" content=\"458\" \/>\n\t<meta property=\"og:image:type\" content=\"image\/png\" \/>\n<meta name=\"twitter:card\" content=\"summary_large_image\" \/>\n<meta name=\"twitter:label1\" content=\"Est. reading time\" \/>\n\t<meta name=\"twitter:data1\" content=\"2 minutes\" \/>\n<script type=\"application\/ld+json\" class=\"yoast-schema-graph\">{\"@context\":\"https:\\\/\\\/schema.org\",\"@graph\":[{\"@type\":\"WebPage\",\"@id\":\"https:\\\/\\\/ranoja.ee\\\/toode\\\/pto-oksapurustaja-rx-180\\\/\",\"url\":\"https:\\\/\\\/ranoja.ee\\\/toode\\\/pto-oksapurustaja-rx-180\\\/\",\"name\":\"PTO oksapurustaja RX-180\",\"isPartOf\":{\"@id\":\"https:\\\/\\\/ranoja.ee\\\/#website\"},\"primaryImageOfPage\":{\"@id\":\"https:\\\/\\\/ranoja.ee\\\/toode\\\/pto-oksapurustaja-rx-180\\\/#primaryimage\"},\"image\":{\"@id\":\"https:\\\/\\\/ranoja.ee\\\/toode\\\/pto-oksapurustaja-rx-180\\\/#primaryimage\"},\"thumbnailUrl\":\"https:\\\/\\\/ranoja.ee\\\/wp-content\\\/uploads\\\/2026\\\/01\\\/PTO-oksapurustaja-RX-180-111.png\",\"datePublished\":\"2026-01-21T15:00:41+00:00\",\"dateModified\":\"2026-01-21T15:16:49+00:00\",\"description\":\"PTO oksapurustaja RX-180 J\u00f5uv\u00f5tuv\u00f5lli pealt t\u00f6\u00f6tav oksapurustaja on m\u00f5eldud kuni 18 cm l\u00e4bim\u00f5\u00f5duga puiduj\u00e4\u00e4tmete ja okste t\u00f6\u00f6tlemiseks.\",\"breadcrumb\":{\"@id\":\"https:\\\/\\\/ranoja.ee\\\/toode\\\/pto-oksapurustaja-rx-180\\\/#breadcrumb\"},\"inLanguage\":\"en-US\",\"potentialAction\":[{\"@type\":\"ReadAction\",\"target\":[\"https:\\\/\\\/ranoja.ee\\\/toode\\\/pto-oksapurustaja-rx-180\\\/\"]}]},{\"@type\":\"ImageObject\",\"inLanguage\":\"en-US\",\"@id\":\"https:\\\/\\\/ranoja.ee\\\/toode\\\/pto-oksapurustaja-rx-180\\\/#primaryimage\",\"url\":\"https:\\\/\\\/ranoja.ee\\\/wp-content\\\/uploads\\\/2026\\\/01\\\/PTO-oksapurustaja-RX-180-111.png\",\"contentUrl\":\"https:\\\/\\\/ranoja.ee\\\/wp-content\\\/uploads\\\/2026\\\/01\\\/PTO-oksapurustaja-RX-180-111.png\",\"width\":458,\"height\":458,\"caption\":\"PTO oksapurustaja RX-180\"},{\"@type\":\"BreadcrumbList\",\"@id\":\"https:\\\/\\\/ranoja.ee\\\/toode\\\/pto-oksapurustaja-rx-180\\\/#breadcrumb\",\"itemListElement\":[{\"@type\":\"ListItem\",\"position\":1,\"name\":\"Home\",\"item\":\"https:\\\/\\\/ranoja.ee\\\/\"},{\"@type\":\"ListItem\",\"position\":2,\"name\":\"Shop\",\"item\":\"https:\\\/\\\/ranoja.ee\\\/en\\\/shop\\\/\"},{\"@type\":\"ListItem\",\"position\":3,\"name\":\"PTO oksapurustaja RX-180\"}]},{\"@type\":\"WebSite\",\"@id\":\"https:\\\/\\\/ranoja.ee\\\/#website\",\"url\":\"https:\\\/\\\/ranoja.ee\\\/\",\"name\":\"Ranoja\",\"description\":\"Equipment Shop WooCommerce WordPress Theme for Machine &amp; Tools\",\"publisher\":{\"@id\":\"https:\\\/\\\/ranoja.ee\\\/#organization\"},\"potentialAction\":[{\"@type\":\"SearchAction\",\"target\":{\"@type\":\"EntryPoint\",\"urlTemplate\":\"https:\\\/\\\/ranoja.ee\\\/?s={search_term_string}\"},\"query-input\":{\"@type\":\"PropertyValueSpecification\",\"valueRequired\":true,\"valueName\":\"search_term_string\"}}],\"inLanguage\":\"en-US\"},{\"@type\":\"Organization\",\"@id\":\"https:\\\/\\\/ranoja.ee\\\/#organization\",\"name\":\"Ranoja O\u00dc\",\"url\":\"https:\\\/\\\/ranoja.ee\\\/\",\"logo\":{\"@type\":\"ImageObject\",\"inLanguage\":\"en-US\",\"@id\":\"https:\\\/\\\/ranoja.ee\\\/#\\\/schema\\\/logo\\\/image\\\/\",\"url\":\"https:\\\/\\\/ranoja.ee\\\/wp-content\\\/uploads\\\/2023\\\/11\\\/ranoja-Logo.png\",\"contentUrl\":\"https:\\\/\\\/ranoja.ee\\\/wp-content\\\/uploads\\\/2023\\\/11\\\/ranoja-Logo.png\",\"width\":207,\"height\":58,\"caption\":\"Ranoja O\u00dc\"},\"image\":{\"@id\":\"https:\\\/\\\/ranoja.ee\\\/#\\\/schema\\\/logo\\\/image\\\/\"},\"sameAs\":[\"https:\\\/\\\/www.facebook.com\\\/ranoja.ee\",\"https:\\\/\\\/www.instagram.com\\\/ranoja__\\\/\"]}]}<\/script>\n<!-- \/ Yoast SEO plugin. -->","yoast_head_json":{"title":"PTO oksapurustaja RX-180","description":"PTO oksapurustaja RX-180 J\u00f5uv\u00f5tuv\u00f5lli pealt t\u00f6\u00f6tav oksapurustaja on m\u00f5eldud kuni 18 cm l\u00e4bim\u00f5\u00f5duga puiduj\u00e4\u00e4tmete ja okste t\u00f6\u00f6tlemiseks.","robots":{"index":"index","follow":"follow","max-snippet":"max-snippet:-1","max-image-preview":"max-image-preview:large","max-video-preview":"max-video-preview:-1"},"canonical":"https:\/\/ranoja.ee\/toode\/pto-oksapurustaja-rx-180\/","og_locale":"en_US","og_type":"article","og_title":"PTO oksapurustaja RX-180","og_description":"PTO oksapurustaja RX-180 J\u00f5uv\u00f5tuv\u00f5lli pealt t\u00f6\u00f6tav oksapurustaja on m\u00f5eldud kuni 18 cm l\u00e4bim\u00f5\u00f5duga puiduj\u00e4\u00e4tmete ja okste t\u00f6\u00f6tlemiseks.","og_url":"https:\/\/ranoja.ee\/toode\/pto-oksapurustaja-rx-180\/","og_site_name":"Ranoja","article_publisher":"https:\/\/www.facebook.com\/ranoja.ee","article_modified_time":"2026-01-21T15:16:49+00:00","og_image":[{"width":458,"height":458,"url":"https:\/\/ranoja.ee\/wp-content\/uploads\/2026\/01\/PTO-oksapurustaja-RX-180-111.png","type":"image\/png"}],"twitter_card":"summary_large_image","twitter_misc":{"Est. reading time":"2 minutes"},"schema":{"@context":"https:\/\/schema.org","@graph":[{"@type":"WebPage","@id":"https:\/\/ranoja.ee\/toode\/pto-oksapurustaja-rx-180\/","url":"https:\/\/ranoja.ee\/toode\/pto-oksapurustaja-rx-180\/","name":"PTO oksapurustaja RX-180","isPartOf":{"@id":"https:\/\/ranoja.ee\/#website"},"primaryImageOfPage":{"@id":"https:\/\/ranoja.ee\/toode\/pto-oksapurustaja-rx-180\/#primaryimage"},"image":{"@id":"https:\/\/ranoja.ee\/toode\/pto-oksapurustaja-rx-180\/#primaryimage"},"thumbnailUrl":"https:\/\/ranoja.ee\/wp-content\/uploads\/2026\/01\/PTO-oksapurustaja-RX-180-111.png","datePublished":"2026-01-21T15:00:41+00:00","dateModified":"2026-01-21T15:16:49+00:00","description":"PTO oksapurustaja RX-180 J\u00f5uv\u00f5tuv\u00f5lli pealt t\u00f6\u00f6tav oksapurustaja on m\u00f5eldud kuni 18 cm l\u00e4bim\u00f5\u00f5duga puiduj\u00e4\u00e4tmete ja okste t\u00f6\u00f6tlemiseks.","breadcrumb":{"@id":"https:\/\/ranoja.ee\/toode\/pto-oksapurustaja-rx-180\/#breadcrumb"},"inLanguage":"en-US","potentialAction":[{"@type":"ReadAction","target":["https:\/\/ranoja.ee\/toode\/pto-oksapurustaja-rx-180\/"]}]},{"@type":"ImageObject","inLanguage":"en-US","@id":"https:\/\/ranoja.ee\/toode\/pto-oksapurustaja-rx-180\/#primaryimage","url":"https:\/\/ranoja.ee\/wp-content\/uploads\/2026\/01\/PTO-oksapurustaja-RX-180-111.png","contentUrl":"https:\/\/ranoja.ee\/wp-content\/uploads\/2026\/01\/PTO-oksapurustaja-RX-180-111.png","width":458,"height":458,"caption":"PTO oksapurustaja RX-180"},{"@type":"BreadcrumbList","@id":"https:\/\/ranoja.ee\/toode\/pto-oksapurustaja-rx-180\/#breadcrumb","itemListElement":[{"@type":"ListItem","position":1,"name":"Home","item":"https:\/\/ranoja.ee\/"},{"@type":"ListItem","position":2,"name":"Shop","item":"https:\/\/ranoja.ee\/en\/shop\/"},{"@type":"ListItem","position":3,"name":"PTO oksapurustaja RX-180"}]},{"@type":"WebSite","@id":"https:\/\/ranoja.ee\/#website","url":"https:\/\/ranoja.ee\/","name":"Ranoja","description":"Equipment Shop WooCommerce WordPress Theme for Machine &amp; Tools","publisher":{"@id":"https:\/\/ranoja.ee\/#organization"},"potentialAction":[{"@type":"SearchAction","target":{"@type":"EntryPoint","urlTemplate":"https:\/\/ranoja.ee\/?s={search_term_string}"},"query-input":{"@type":"PropertyValueSpecification","valueRequired":true,"valueName":"search_term_string"}}],"inLanguage":"en-US"},{"@type":"Organization","@id":"https:\/\/ranoja.ee\/#organization","name":"Ranoja O\u00dc","url":"https:\/\/ranoja.ee\/","logo":{"@type":"ImageObject","inLanguage":"en-US","@id":"https:\/\/ranoja.ee\/#\/schema\/logo\/image\/","url":"https:\/\/ranoja.ee\/wp-content\/uploads\/2023\/11\/ranoja-Logo.png","contentUrl":"https:\/\/ranoja.ee\/wp-content\/uploads\/2023\/11\/ranoja-Logo.png","width":207,"height":58,"caption":"Ranoja O\u00dc"},"image":{"@id":"https:\/\/ranoja.ee\/#\/schema\/logo\/image\/"},"sameAs":["https:\/\/www.facebook.com\/ranoja.ee","https:\/\/www.instagram.com\/ranoja__\/"]}]}},"_links":{"self":[{"href":"https:\/\/ranoja.ee\/en\/wp-json\/wp\/v2\/product\/27139","targetHints":{"allow":["GET"]}}],"collection":[{"href":"https:\/\/ranoja.ee\/en\/wp-json\/wp\/v2\/product"}],"about":[{"href":"https:\/\/ranoja.ee\/en\/wp-json\/wp\/v2\/types\/product"}],"wp:featuredmedia":[{"embeddable":true,"href":"https:\/\/ranoja.ee\/en\/wp-json\/wp\/v2\/media\/27184"}],"wp:attachment":[{"href":"https:\/\/ranoja.ee\/en\/wp-json\/wp\/v2\/media?parent=27139"}],"wp:term":[{"taxonomy":"product_cat","embeddable":true,"href":"https:\/\/ranoja.ee\/en\/wp-json\/wp\/v2\/product_cat?post=27139"},{"taxonomy":"product_tag","embeddable":true,"href":"https:\/\/ranoja.ee\/en\/wp-json\/wp\/v2\/product_tag?post=27139"}],"curies":[{"name":"wp","href":"https:\/\/api.w.org\/{rel}","templated":true}]}}