{"id":27089,"date":"2026-01-21T17:27:26","date_gmt":"2026-01-21T14:27:26","guid":{"rendered":"https:\/\/ranoja.ee\/?post_type=product&#038;p=27089"},"modified":"2026-01-21T17:45:29","modified_gmt":"2026-01-21T14:45:29","slug":"pto-oksapurustaja-rt-690rh","status":"publish","type":"product","link":"https:\/\/ranoja.ee\/en\/toode\/pto-oksapurustaja-rt-690rh\/","title":{"rendered":"PTO oksapurustaja RT-690RH"},"content":{"rendered":"<p>PTO oksapurustaja RT-690RH<\/p>\n<p>RT-690RH ketashakkur on varustatud s\u00f5ltumatu h\u00fcdropumbaga, mida k\u00e4itab j\u00f5uv\u00f5ll. Pump k\u00e4itab h\u00fcdraulilisi rullikuid, mis korjavad \u00fcles oksi, kuni 13 cm l\u00e4bim\u00f5\u00f5duga puut\u00fcvesid ja muud puitmaterjali. Laastu paksust saab reguleerida juhtrullikute etteandekiirust muutes. Noad on poltidega kinnitatud 620 mm l\u00e4bim\u00f5\u00f5duga l\u00f5ikeketta k\u00fclge, mis t\u00e4nu oma 60 kg kaalule tagab v\u00f5imsa p\u00f6\u00f6rde.<\/p>\n<p>Hakkur on varustatud ohutusl\u00fcliti ja kaitsetega, et tagada ohutu t\u00f6\u00f6. Hakkuril on materjali v\u00e4ljat\u00f5mbes\u00fcsteem etteandepunkrist. V\u00e4ljalaskekanalit saab p\u00f6\u00f6rata 360\u00b0, et suunata laastuvoogu soovitud suunas. Hakkurit iseloomustab k\u00f5rge efektiivsus ja k\u00f5rge mugavus. Saadud laastu saab kasutada k\u00fctusena (sobib kruvis\u00f6\u00f6turitele), kompostina v\u00f5i p\u00f5\u00f5saste allapanuna.<\/p>\n<p>Hakkuri ajam edastatakse traktori j\u00f5uv\u00f5tuv\u00f5lli kaudu (paremale p\u00f6\u00f6rlemine). Soovitame kasutada nihketihvtiga siduriga varustatud j\u00f5uv\u00f5lvlaagreid. Masina \u00fclekoormamise korral tihvt murdub ja ajami lahutatakse. Veerelaagreid m\u00e4\u00e4ritakse laagrikorpuses asuvate m\u00e4\u00e4rdeniplite kaudu.<\/p>\n<p>PTO-oksapurustajad \u00fchendatakse traktori j\u00f5uv\u00f5tuv\u00f5lli kaudu ja t\u00f6\u00f6tavad koos traktori p\u00f6\u00f6rdemomendiga, mis muudab eraldi mootori kasutamise tarbetuks ning annab t\u00f5husa j\u00f5u\u00fclekande otse traktori mootorilt. Seadmed kinnitatakse traktori kolme punktiga haakepunkte ning neid on mitmes suuruses. Alates v\u00e4iksematest mudelitest, mis t\u00f6\u00f6tlevad \u00f5hukesi oksi, kuni suuremate R-150 ja RP-200 klassi purustajateni, mis suudavad k\u00e4sitleda harude l\u00e4bim\u00f5\u00f5tu kuni ~140\u2013170 mm s\u00f5ltuvalt mudelist ja puidu t\u00fc\u00fcbist.<\/p>\n<p>Iga oksapurustaja p\u00f5hikomponent on robustne keevitatud terasraam, mille sees t\u00f6\u00f6tab p\u00f6\u00f6rlev l\u00f5ikemehhanism varustatud mitmete kulumiskindlatest terastest l\u00f5iketera-elementidega. Terade vahe on reguleeritav, et saavutada soovitud laastu suurus ja l\u00f5iketulemus, ning masin v\u00f5ib olla varustatud ka p\u00f6\u00f6rleva v\u00e4ljalaskekanaliga v\u00f5i pikendatava lintkonveieriga lihtsamaks materjali \u00e4raviimiseks.<\/p>\n<p>PTO oksapurustaja RT-690RH<\/p>\n","protected":false},"excerpt":{"rendered":"<p>PTO oksapurustaja RT-690RH<br \/>\nMinimaalne\/soovitatav traktori v\u00f5imsus: 35-50 hj<br \/>\nSoovitatav j\u00f5uv\u00f5tuv\u00f5lli kiirus: 540-1000p\/min<br \/>\nV\u00e4ljavisketoru p\u00f6\u00f6rdenurk: 360\u02da<br \/>\nV\u00e4ljavisketoru k\u00f5rgus: 170 cm<br \/>\nHaakekonksu pukseerimisv\u00f5ime: 1000 kg<br \/>\nHaake kinnituss\u00fcsteem: Kolmepunkti traktori haakes\u00fcsteem<br \/>\nL\u00f5ikeketta l\u00e4bim\u00f5\u00f5t: 620 mm<br \/>\nL\u00f5ikeketta paksus: 20 mm<br \/>\nL\u00f5ikeketta kaal: 60 kg<br \/>\nNugade arv: 4 + 1 vastutera<br \/>\nH\u00fcdraulilised \u00fchendused: 1\/2-tolline kiir\u00fchendus<br \/>\nH\u00fcdrauliliste voolikute arv: 2 TK<br \/>\nH\u00fcdrauliliste voolikute pikkus: 300 cm<br \/>\nN\u00f5utav \u00f5livool\/r\u00f5hk min: 30 l\/min<br \/>\nHaakekonks: Kuulliides<br \/>\nL\u00f5ikenugade tootmine Kulumiskindel teras suurenenud k\u00f5vadusega<br \/>\nOkste maksimaalne l\u00f5ikediameeter v\u00e4rske pehme puit: 130 mm<br \/>\nTootekood: 2RT690RH<br \/>\nKaal: 380 kg<br \/>\n<strong>Eeldatav tarneaeg 2-3 n\u00e4dalat<\/strong><\/p>\n","protected":false},"featured_media":27110,"template":"","meta":{"inline_featured_image":false},"product_cat":[1087,85],"product_tag":[3150,84,486,3136,3148,3017,3149],"class_list":{"0":"post-27089","1":"product","2":"type-product","3":"status-publish","4":"has-post-thumbnail","6":"product_brand-remet-cnc-technology","7":"product_cat-metsatehnika","8":"product_cat-oksapurustajad","9":"product_tag-2rt690rh","10":"product_tag-oksapurustaja","11":"product_tag-pto","12":"product_tag-pto-oksapurustaja","13":"product_tag-pto-oksapurustaja-rt-690rh","14":"product_tag-remet-cnc-technology","15":"product_tag-rt-690rh","17":"first","18":"instock","19":"taxable","20":"shipping-taxable","21":"purchasable","22":"product-type-simple"},"yoast_head":"<!-- This site is optimized with the Yoast SEO plugin v27.4 - https:\/\/yoast.com\/product\/yoast-seo-wordpress\/ -->\n<title>PTO oksapurustaja RT-690RH<\/title>\n<meta name=\"description\" content=\"PTO oksapurustaja RT-690RH J\u00f5uv\u00f5tuv\u00f5lli pealt t\u00f6\u00f6tav oksapurustaja on m\u00f5eldud kuni 13 cm l\u00e4bim\u00f5\u00f5duga puiduj\u00e4\u00e4tmete ja okste t\u00f6\u00f6tlemiseks.\" \/>\n<meta name=\"robots\" content=\"index, follow, max-snippet:-1, max-image-preview:large, max-video-preview:-1\" \/>\n<link rel=\"canonical\" href=\"https:\/\/ranoja.ee\/toode\/pto-oksapurustaja-rt-690rh\/\" \/>\n<meta property=\"og:locale\" content=\"en_US\" \/>\n<meta property=\"og:type\" content=\"article\" \/>\n<meta property=\"og:title\" content=\"PTO oksapurustaja RT-690RH\" \/>\n<meta property=\"og:description\" content=\"PTO oksapurustaja RT-690RH J\u00f5uv\u00f5tuv\u00f5lli pealt t\u00f6\u00f6tav oksapurustaja on m\u00f5eldud kuni 13 cm l\u00e4bim\u00f5\u00f5duga puiduj\u00e4\u00e4tmete ja okste t\u00f6\u00f6tlemiseks.\" \/>\n<meta property=\"og:url\" content=\"https:\/\/ranoja.ee\/toode\/pto-oksapurustaja-rt-690rh\/\" \/>\n<meta property=\"og:site_name\" content=\"Ranoja\" \/>\n<meta property=\"article:publisher\" content=\"https:\/\/www.facebook.com\/ranoja.ee\" \/>\n<meta property=\"article:modified_time\" content=\"2026-01-21T14:45:29+00:00\" \/>\n<meta property=\"og:image\" content=\"https:\/\/ranoja.ee\/wp-content\/uploads\/2026\/01\/PTO-oksapurustaja-RT-690RH.png\" \/>\n\t<meta property=\"og:image:width\" content=\"458\" \/>\n\t<meta property=\"og:image:height\" content=\"458\" \/>\n\t<meta property=\"og:image:type\" content=\"image\/png\" \/>\n<meta name=\"twitter:card\" content=\"summary_large_image\" \/>\n<meta name=\"twitter:label1\" content=\"Est. reading time\" \/>\n\t<meta name=\"twitter:data1\" content=\"2 minutes\" \/>\n<script type=\"application\/ld+json\" class=\"yoast-schema-graph\">{\"@context\":\"https:\\\/\\\/schema.org\",\"@graph\":[{\"@type\":\"WebPage\",\"@id\":\"https:\\\/\\\/ranoja.ee\\\/toode\\\/pto-oksapurustaja-rt-690rh\\\/\",\"url\":\"https:\\\/\\\/ranoja.ee\\\/toode\\\/pto-oksapurustaja-rt-690rh\\\/\",\"name\":\"PTO oksapurustaja RT-690RH\",\"isPartOf\":{\"@id\":\"https:\\\/\\\/ranoja.ee\\\/#website\"},\"primaryImageOfPage\":{\"@id\":\"https:\\\/\\\/ranoja.ee\\\/toode\\\/pto-oksapurustaja-rt-690rh\\\/#primaryimage\"},\"image\":{\"@id\":\"https:\\\/\\\/ranoja.ee\\\/toode\\\/pto-oksapurustaja-rt-690rh\\\/#primaryimage\"},\"thumbnailUrl\":\"https:\\\/\\\/ranoja.ee\\\/wp-content\\\/uploads\\\/2026\\\/01\\\/PTO-oksapurustaja-RT-690RH.png\",\"datePublished\":\"2026-01-21T14:27:26+00:00\",\"dateModified\":\"2026-01-21T14:45:29+00:00\",\"description\":\"PTO oksapurustaja RT-690RH J\u00f5uv\u00f5tuv\u00f5lli pealt t\u00f6\u00f6tav oksapurustaja on m\u00f5eldud kuni 13 cm l\u00e4bim\u00f5\u00f5duga puiduj\u00e4\u00e4tmete ja okste t\u00f6\u00f6tlemiseks.\",\"breadcrumb\":{\"@id\":\"https:\\\/\\\/ranoja.ee\\\/toode\\\/pto-oksapurustaja-rt-690rh\\\/#breadcrumb\"},\"inLanguage\":\"en-US\",\"potentialAction\":[{\"@type\":\"ReadAction\",\"target\":[\"https:\\\/\\\/ranoja.ee\\\/toode\\\/pto-oksapurustaja-rt-690rh\\\/\"]}]},{\"@type\":\"ImageObject\",\"inLanguage\":\"en-US\",\"@id\":\"https:\\\/\\\/ranoja.ee\\\/toode\\\/pto-oksapurustaja-rt-690rh\\\/#primaryimage\",\"url\":\"https:\\\/\\\/ranoja.ee\\\/wp-content\\\/uploads\\\/2026\\\/01\\\/PTO-oksapurustaja-RT-690RH.png\",\"contentUrl\":\"https:\\\/\\\/ranoja.ee\\\/wp-content\\\/uploads\\\/2026\\\/01\\\/PTO-oksapurustaja-RT-690RH.png\",\"width\":458,\"height\":458,\"caption\":\"PTO oksapurustaja RT-690RH\"},{\"@type\":\"BreadcrumbList\",\"@id\":\"https:\\\/\\\/ranoja.ee\\\/toode\\\/pto-oksapurustaja-rt-690rh\\\/#breadcrumb\",\"itemListElement\":[{\"@type\":\"ListItem\",\"position\":1,\"name\":\"Home\",\"item\":\"https:\\\/\\\/ranoja.ee\\\/\"},{\"@type\":\"ListItem\",\"position\":2,\"name\":\"Shop\",\"item\":\"https:\\\/\\\/ranoja.ee\\\/en\\\/shop\\\/\"},{\"@type\":\"ListItem\",\"position\":3,\"name\":\"PTO oksapurustaja RT-690RH\"}]},{\"@type\":\"WebSite\",\"@id\":\"https:\\\/\\\/ranoja.ee\\\/#website\",\"url\":\"https:\\\/\\\/ranoja.ee\\\/\",\"name\":\"Ranoja\",\"description\":\"Equipment Shop WooCommerce WordPress Theme for Machine &amp; Tools\",\"publisher\":{\"@id\":\"https:\\\/\\\/ranoja.ee\\\/#organization\"},\"potentialAction\":[{\"@type\":\"SearchAction\",\"target\":{\"@type\":\"EntryPoint\",\"urlTemplate\":\"https:\\\/\\\/ranoja.ee\\\/?s={search_term_string}\"},\"query-input\":{\"@type\":\"PropertyValueSpecification\",\"valueRequired\":true,\"valueName\":\"search_term_string\"}}],\"inLanguage\":\"en-US\"},{\"@type\":\"Organization\",\"@id\":\"https:\\\/\\\/ranoja.ee\\\/#organization\",\"name\":\"Ranoja O\u00dc\",\"url\":\"https:\\\/\\\/ranoja.ee\\\/\",\"logo\":{\"@type\":\"ImageObject\",\"inLanguage\":\"en-US\",\"@id\":\"https:\\\/\\\/ranoja.ee\\\/#\\\/schema\\\/logo\\\/image\\\/\",\"url\":\"https:\\\/\\\/ranoja.ee\\\/wp-content\\\/uploads\\\/2023\\\/11\\\/ranoja-Logo.png\",\"contentUrl\":\"https:\\\/\\\/ranoja.ee\\\/wp-content\\\/uploads\\\/2023\\\/11\\\/ranoja-Logo.png\",\"width\":207,\"height\":58,\"caption\":\"Ranoja O\u00dc\"},\"image\":{\"@id\":\"https:\\\/\\\/ranoja.ee\\\/#\\\/schema\\\/logo\\\/image\\\/\"},\"sameAs\":[\"https:\\\/\\\/www.facebook.com\\\/ranoja.ee\",\"https:\\\/\\\/www.instagram.com\\\/ranoja__\\\/\"]}]}<\/script>\n<!-- \/ Yoast SEO plugin. -->","yoast_head_json":{"title":"PTO oksapurustaja RT-690RH","description":"PTO oksapurustaja RT-690RH J\u00f5uv\u00f5tuv\u00f5lli pealt t\u00f6\u00f6tav oksapurustaja on m\u00f5eldud kuni 13 cm l\u00e4bim\u00f5\u00f5duga puiduj\u00e4\u00e4tmete ja okste t\u00f6\u00f6tlemiseks.","robots":{"index":"index","follow":"follow","max-snippet":"max-snippet:-1","max-image-preview":"max-image-preview:large","max-video-preview":"max-video-preview:-1"},"canonical":"https:\/\/ranoja.ee\/toode\/pto-oksapurustaja-rt-690rh\/","og_locale":"en_US","og_type":"article","og_title":"PTO oksapurustaja RT-690RH","og_description":"PTO oksapurustaja RT-690RH J\u00f5uv\u00f5tuv\u00f5lli pealt t\u00f6\u00f6tav oksapurustaja on m\u00f5eldud kuni 13 cm l\u00e4bim\u00f5\u00f5duga puiduj\u00e4\u00e4tmete ja okste t\u00f6\u00f6tlemiseks.","og_url":"https:\/\/ranoja.ee\/toode\/pto-oksapurustaja-rt-690rh\/","og_site_name":"Ranoja","article_publisher":"https:\/\/www.facebook.com\/ranoja.ee","article_modified_time":"2026-01-21T14:45:29+00:00","og_image":[{"width":458,"height":458,"url":"https:\/\/ranoja.ee\/wp-content\/uploads\/2026\/01\/PTO-oksapurustaja-RT-690RH.png","type":"image\/png"}],"twitter_card":"summary_large_image","twitter_misc":{"Est. reading time":"2 minutes"},"schema":{"@context":"https:\/\/schema.org","@graph":[{"@type":"WebPage","@id":"https:\/\/ranoja.ee\/toode\/pto-oksapurustaja-rt-690rh\/","url":"https:\/\/ranoja.ee\/toode\/pto-oksapurustaja-rt-690rh\/","name":"PTO oksapurustaja RT-690RH","isPartOf":{"@id":"https:\/\/ranoja.ee\/#website"},"primaryImageOfPage":{"@id":"https:\/\/ranoja.ee\/toode\/pto-oksapurustaja-rt-690rh\/#primaryimage"},"image":{"@id":"https:\/\/ranoja.ee\/toode\/pto-oksapurustaja-rt-690rh\/#primaryimage"},"thumbnailUrl":"https:\/\/ranoja.ee\/wp-content\/uploads\/2026\/01\/PTO-oksapurustaja-RT-690RH.png","datePublished":"2026-01-21T14:27:26+00:00","dateModified":"2026-01-21T14:45:29+00:00","description":"PTO oksapurustaja RT-690RH J\u00f5uv\u00f5tuv\u00f5lli pealt t\u00f6\u00f6tav oksapurustaja on m\u00f5eldud kuni 13 cm l\u00e4bim\u00f5\u00f5duga puiduj\u00e4\u00e4tmete ja okste t\u00f6\u00f6tlemiseks.","breadcrumb":{"@id":"https:\/\/ranoja.ee\/toode\/pto-oksapurustaja-rt-690rh\/#breadcrumb"},"inLanguage":"en-US","potentialAction":[{"@type":"ReadAction","target":["https:\/\/ranoja.ee\/toode\/pto-oksapurustaja-rt-690rh\/"]}]},{"@type":"ImageObject","inLanguage":"en-US","@id":"https:\/\/ranoja.ee\/toode\/pto-oksapurustaja-rt-690rh\/#primaryimage","url":"https:\/\/ranoja.ee\/wp-content\/uploads\/2026\/01\/PTO-oksapurustaja-RT-690RH.png","contentUrl":"https:\/\/ranoja.ee\/wp-content\/uploads\/2026\/01\/PTO-oksapurustaja-RT-690RH.png","width":458,"height":458,"caption":"PTO oksapurustaja RT-690RH"},{"@type":"BreadcrumbList","@id":"https:\/\/ranoja.ee\/toode\/pto-oksapurustaja-rt-690rh\/#breadcrumb","itemListElement":[{"@type":"ListItem","position":1,"name":"Home","item":"https:\/\/ranoja.ee\/"},{"@type":"ListItem","position":2,"name":"Shop","item":"https:\/\/ranoja.ee\/en\/shop\/"},{"@type":"ListItem","position":3,"name":"PTO oksapurustaja RT-690RH"}]},{"@type":"WebSite","@id":"https:\/\/ranoja.ee\/#website","url":"https:\/\/ranoja.ee\/","name":"Ranoja","description":"Equipment Shop WooCommerce WordPress Theme for Machine &amp; Tools","publisher":{"@id":"https:\/\/ranoja.ee\/#organization"},"potentialAction":[{"@type":"SearchAction","target":{"@type":"EntryPoint","urlTemplate":"https:\/\/ranoja.ee\/?s={search_term_string}"},"query-input":{"@type":"PropertyValueSpecification","valueRequired":true,"valueName":"search_term_string"}}],"inLanguage":"en-US"},{"@type":"Organization","@id":"https:\/\/ranoja.ee\/#organization","name":"Ranoja O\u00dc","url":"https:\/\/ranoja.ee\/","logo":{"@type":"ImageObject","inLanguage":"en-US","@id":"https:\/\/ranoja.ee\/#\/schema\/logo\/image\/","url":"https:\/\/ranoja.ee\/wp-content\/uploads\/2023\/11\/ranoja-Logo.png","contentUrl":"https:\/\/ranoja.ee\/wp-content\/uploads\/2023\/11\/ranoja-Logo.png","width":207,"height":58,"caption":"Ranoja O\u00dc"},"image":{"@id":"https:\/\/ranoja.ee\/#\/schema\/logo\/image\/"},"sameAs":["https:\/\/www.facebook.com\/ranoja.ee","https:\/\/www.instagram.com\/ranoja__\/"]}]}},"_links":{"self":[{"href":"https:\/\/ranoja.ee\/en\/wp-json\/wp\/v2\/product\/27089","targetHints":{"allow":["GET"]}}],"collection":[{"href":"https:\/\/ranoja.ee\/en\/wp-json\/wp\/v2\/product"}],"about":[{"href":"https:\/\/ranoja.ee\/en\/wp-json\/wp\/v2\/types\/product"}],"wp:featuredmedia":[{"embeddable":true,"href":"https:\/\/ranoja.ee\/en\/wp-json\/wp\/v2\/media\/27110"}],"wp:attachment":[{"href":"https:\/\/ranoja.ee\/en\/wp-json\/wp\/v2\/media?parent=27089"}],"wp:term":[{"taxonomy":"product_cat","embeddable":true,"href":"https:\/\/ranoja.ee\/en\/wp-json\/wp\/v2\/product_cat?post=27089"},{"taxonomy":"product_tag","embeddable":true,"href":"https:\/\/ranoja.ee\/en\/wp-json\/wp\/v2\/product_tag?post=27089"}],"curies":[{"name":"wp","href":"https:\/\/api.w.org\/{rel}","templated":true}]}}