{"id":26988,"date":"2026-01-21T11:52:47","date_gmt":"2026-01-21T08:52:47","guid":{"rendered":"https:\/\/ranoja.ee\/?post_type=product&#038;p=26988"},"modified":"2026-01-21T12:12:25","modified_gmt":"2026-01-21T09:12:25","slug":"pto-oksapurustaja-rt-660r","status":"publish","type":"product","link":"https:\/\/ranoja.ee\/en\/toode\/pto-oksapurustaja-rt-660r\/","title":{"rendered":"PTO oksapurustaja RT-660R"},"content":{"rendered":"<p>PTO oksapurustaja RT-660R<\/p>\n<p>RT-660R ketashakkur on m\u00f5eldud okste, kuni 13 cm l\u00e4bim\u00f5\u00f5duga puut\u00fcvede ja muude puitmaterjalide, n\u00e4iteks saematerjali, purustamiseks. Hakke paksust saab reguleerida nelja vahetatava tera abil, muutes nende asendit vastutera suhtes.  Terad on valmistatud kulumiskindlast terasest. Terad on poltidega kinnitatud 620 mm l\u00e4bim\u00f5\u00f5duga l\u00f5ikeketta k\u00fclge, mis t\u00e4nu oma raskusele tagab v\u00f5imsa p\u00f6\u00f6rde.<\/p>\n<p>Hakkur on varustatud kaitsetega, et tagada ohutu t\u00f6\u00f6. V\u00e4ljalaskeava saab p\u00f6\u00f6rata 360\u00b0, et suunata hakkejuga soovitud suunas. Hakkurit iseloomustab k\u00f5rge efektiivsus ja k\u00f5rge mugavus. Saadud hakkepuitu saab kasutada k\u00fctusena, sobib kruvis\u00f6\u00f6turitele, kompostihunnikuna v\u00f5i p\u00f5\u00f5saste mult\u0161iks.<\/p>\n<p>Hakkuri j\u00f5u\u00fclekanne toimub traktori j\u00f5uv\u00f5tuv\u00f5lli kaudu (paremale p\u00f6\u00f6rlemine). H\u00fcdraulilise rulli k\u00e4itamiseks on vaja traktoril kahte h\u00fcdraulilist v\u00e4ljalaskeava (sisend ja tagasivool). Soovitame kasutada siduriga varustatud j\u00f5uv\u00f5lli, masina \u00fclekoormuse korral l\u00fclitub ajam v\u00e4lja. Veerelaagreid m\u00e4\u00e4ritakse laagrikorpuses olevate m\u00e4\u00e4rdeniplite kaudu.<\/p>\n<p>PTO-oksapurustajad \u00fchendatakse traktori j\u00f5uv\u00f5tuv\u00f5lli kaudu ja t\u00f6\u00f6tavad koos traktori p\u00f6\u00f6rdemomendiga, mis muudab eraldi mootori kasutamise tarbetuks ning annab t\u00f5husa j\u00f5u\u00fclekande otse traktori mootorilt. Seadmed kinnitatakse traktori kolme punktiga haakepunkte ning neid on mitmes suuruses. Alates v\u00e4iksematest mudelitest, mis t\u00f6\u00f6tlevad \u00f5hukesi oksi, kuni suuremate R-150 ja RP-200 klassi purustajateni, mis suudavad k\u00e4sitleda harude l\u00e4bim\u00f5\u00f5tu kuni ~140\u2013170 mm s\u00f5ltuvalt mudelist ja puidu t\u00fc\u00fcbist.<\/p>\n<p>Iga oksapurustaja p\u00f5hikomponent on robustne keevitatud terasraam, mille sees t\u00f6\u00f6tab p\u00f6\u00f6rlev l\u00f5ikemehhanism varustatud mitmete kulumiskindlatest terastest l\u00f5iketera-elementidega. Terade vahe on reguleeritav, et saavutada soovitud laastu suurus ja l\u00f5iketulemus, ning masin v\u00f5ib olla varustatud ka p\u00f6\u00f6rleva v\u00e4ljalaskekanaliga v\u00f5i pikendatava lintkonveieriga lihtsamaks materjali \u00e4raviimiseks.<\/p>\n<p>PTO oksapurustaja RT-660R<\/p>\n","protected":false},"excerpt":{"rendered":"<p>PTO oksapurustaja RT-660R<br \/>\nMinimaalne\/soovitatav traktori v\u00f5imsus: 35-50 hj<br \/>\nSoovitatav j\u00f5uv\u00f5tuv\u00f5lli kiirus: 540-1000p\/min<br \/>\nS\u00f6\u00f6tmispunker: 48 \/ 48 cm<br \/>\nV\u00e4ljavisketoru p\u00f6\u00f6rdenurk: 360\u02da<br \/>\nV\u00e4ljavisketoru k\u00f5rgus: 255 cm<br \/>\nHaakekonksu pukseerimisv\u00f5ime: 1000 kg<br \/>\nHaake kinnituss\u00fcsteem: Kolmepunkti traktori haakes\u00fcsteem<br \/>\nL\u00f5ikeketta l\u00e4bim\u00f5\u00f5t: 620 mm<br \/>\nL\u00f5ikeketta paksus: 20 mm<br \/>\nL\u00f5ikeketta kaal: 60 kg<br \/>\nNugade arv: 4 + 1 vastutera<br \/>\nH\u00fcdraulilised \u00fchendused: 1\/2-tolline kiir\u00fchendus<br \/>\nH\u00fcdrauliliste voolikute arv: 2 TK<br \/>\nH\u00fcdrauliliste voolikute pikkus: 300 cm<br \/>\nN\u00f5utav \u00f5livool\/r\u00f5hk min: 15 l\/min<br \/>\nHaakekonks: Kuulliides<br \/>\nL\u00f5ikenugade tootmine Kulumiskindel teras suurenenud k\u00f5vadusega<br \/>\nOkste maksimaalne l\u00f5ikediameeter v\u00e4rske pehme puit: 130 mm<br \/>\nTootekood: 3RT6604<br \/>\nKaal: 280 kg<br \/>\n<strong>Eeldatav tarneaeg 2-3 n\u00e4dalat<\/strong><\/p>\n","protected":false},"featured_media":27045,"template":"","meta":{"inline_featured_image":false},"product_cat":[1087,85],"product_tag":[3139,84,486,3136,3141,3017,3140],"class_list":{"0":"post-26988","1":"product","2":"type-product","3":"status-publish","4":"has-post-thumbnail","6":"product_brand-remet-cnc-technology","7":"product_cat-metsatehnika","8":"product_cat-oksapurustajad","9":"product_tag-3rt6604","10":"product_tag-oksapurustaja","11":"product_tag-pto","12":"product_tag-pto-oksapurustaja","13":"product_tag-pto-oksapurustaja-rt-660r","14":"product_tag-remet-cnc-technology","15":"product_tag-rt-660r","17":"first","18":"instock","19":"taxable","20":"shipping-taxable","21":"purchasable","22":"product-type-simple"},"yoast_head":"<!-- This site is optimized with the Yoast SEO plugin v27.4 - https:\/\/yoast.com\/product\/yoast-seo-wordpress\/ -->\n<title>PTO oksapurustaja RT-660R<\/title>\n<meta name=\"description\" content=\"PTO oksapurustaja RT-660R J\u00f5uv\u00f5tuv\u00f5lli pealt t\u00f6\u00f6tav oksapurustaja on m\u00f5eldud kuni 13 cm l\u00e4bim\u00f5\u00f5duga puiduj\u00e4\u00e4tmete ja okste t\u00f6\u00f6tlemiseks.\" \/>\n<meta name=\"robots\" content=\"index, follow, max-snippet:-1, max-image-preview:large, max-video-preview:-1\" \/>\n<link rel=\"canonical\" href=\"https:\/\/ranoja.ee\/toode\/pto-oksapurustaja-rt-660r\/\" \/>\n<meta property=\"og:locale\" content=\"en_US\" \/>\n<meta property=\"og:type\" content=\"article\" \/>\n<meta property=\"og:title\" content=\"PTO oksapurustaja RT-660R\" \/>\n<meta property=\"og:description\" content=\"PTO oksapurustaja RT-660R J\u00f5uv\u00f5tuv\u00f5lli pealt t\u00f6\u00f6tav oksapurustaja on m\u00f5eldud kuni 13 cm l\u00e4bim\u00f5\u00f5duga puiduj\u00e4\u00e4tmete ja okste t\u00f6\u00f6tlemiseks.\" \/>\n<meta property=\"og:url\" content=\"https:\/\/ranoja.ee\/toode\/pto-oksapurustaja-rt-660r\/\" \/>\n<meta property=\"og:site_name\" content=\"Ranoja\" \/>\n<meta property=\"article:publisher\" content=\"https:\/\/www.facebook.com\/ranoja.ee\" \/>\n<meta property=\"article:modified_time\" content=\"2026-01-21T09:12:25+00:00\" \/>\n<meta property=\"og:image\" content=\"https:\/\/ranoja.ee\/wp-content\/uploads\/2026\/01\/PTO-oksapurustaja-RT-660R.png\" \/>\n\t<meta property=\"og:image:width\" content=\"458\" \/>\n\t<meta property=\"og:image:height\" content=\"458\" \/>\n\t<meta property=\"og:image:type\" content=\"image\/png\" \/>\n<meta name=\"twitter:card\" content=\"summary_large_image\" \/>\n<meta name=\"twitter:label1\" content=\"Est. reading time\" \/>\n\t<meta name=\"twitter:data1\" content=\"2 minutes\" \/>\n<script type=\"application\/ld+json\" class=\"yoast-schema-graph\">{\"@context\":\"https:\\\/\\\/schema.org\",\"@graph\":[{\"@type\":\"WebPage\",\"@id\":\"https:\\\/\\\/ranoja.ee\\\/toode\\\/pto-oksapurustaja-rt-660r\\\/\",\"url\":\"https:\\\/\\\/ranoja.ee\\\/toode\\\/pto-oksapurustaja-rt-660r\\\/\",\"name\":\"PTO oksapurustaja RT-660R\",\"isPartOf\":{\"@id\":\"https:\\\/\\\/ranoja.ee\\\/#website\"},\"primaryImageOfPage\":{\"@id\":\"https:\\\/\\\/ranoja.ee\\\/toode\\\/pto-oksapurustaja-rt-660r\\\/#primaryimage\"},\"image\":{\"@id\":\"https:\\\/\\\/ranoja.ee\\\/toode\\\/pto-oksapurustaja-rt-660r\\\/#primaryimage\"},\"thumbnailUrl\":\"https:\\\/\\\/ranoja.ee\\\/wp-content\\\/uploads\\\/2026\\\/01\\\/PTO-oksapurustaja-RT-660R.png\",\"datePublished\":\"2026-01-21T08:52:47+00:00\",\"dateModified\":\"2026-01-21T09:12:25+00:00\",\"description\":\"PTO oksapurustaja RT-660R J\u00f5uv\u00f5tuv\u00f5lli pealt t\u00f6\u00f6tav oksapurustaja on m\u00f5eldud kuni 13 cm l\u00e4bim\u00f5\u00f5duga puiduj\u00e4\u00e4tmete ja okste t\u00f6\u00f6tlemiseks.\",\"breadcrumb\":{\"@id\":\"https:\\\/\\\/ranoja.ee\\\/toode\\\/pto-oksapurustaja-rt-660r\\\/#breadcrumb\"},\"inLanguage\":\"en-US\",\"potentialAction\":[{\"@type\":\"ReadAction\",\"target\":[\"https:\\\/\\\/ranoja.ee\\\/toode\\\/pto-oksapurustaja-rt-660r\\\/\"]}]},{\"@type\":\"ImageObject\",\"inLanguage\":\"en-US\",\"@id\":\"https:\\\/\\\/ranoja.ee\\\/toode\\\/pto-oksapurustaja-rt-660r\\\/#primaryimage\",\"url\":\"https:\\\/\\\/ranoja.ee\\\/wp-content\\\/uploads\\\/2026\\\/01\\\/PTO-oksapurustaja-RT-660R.png\",\"contentUrl\":\"https:\\\/\\\/ranoja.ee\\\/wp-content\\\/uploads\\\/2026\\\/01\\\/PTO-oksapurustaja-RT-660R.png\",\"width\":458,\"height\":458,\"caption\":\"PTO oksapurustaja RT-660R\"},{\"@type\":\"BreadcrumbList\",\"@id\":\"https:\\\/\\\/ranoja.ee\\\/toode\\\/pto-oksapurustaja-rt-660r\\\/#breadcrumb\",\"itemListElement\":[{\"@type\":\"ListItem\",\"position\":1,\"name\":\"Home\",\"item\":\"https:\\\/\\\/ranoja.ee\\\/\"},{\"@type\":\"ListItem\",\"position\":2,\"name\":\"Shop\",\"item\":\"https:\\\/\\\/ranoja.ee\\\/en\\\/shop\\\/\"},{\"@type\":\"ListItem\",\"position\":3,\"name\":\"PTO oksapurustaja RT-660R\"}]},{\"@type\":\"WebSite\",\"@id\":\"https:\\\/\\\/ranoja.ee\\\/#website\",\"url\":\"https:\\\/\\\/ranoja.ee\\\/\",\"name\":\"Ranoja\",\"description\":\"Equipment Shop WooCommerce WordPress Theme for Machine &amp; Tools\",\"publisher\":{\"@id\":\"https:\\\/\\\/ranoja.ee\\\/#organization\"},\"potentialAction\":[{\"@type\":\"SearchAction\",\"target\":{\"@type\":\"EntryPoint\",\"urlTemplate\":\"https:\\\/\\\/ranoja.ee\\\/?s={search_term_string}\"},\"query-input\":{\"@type\":\"PropertyValueSpecification\",\"valueRequired\":true,\"valueName\":\"search_term_string\"}}],\"inLanguage\":\"en-US\"},{\"@type\":\"Organization\",\"@id\":\"https:\\\/\\\/ranoja.ee\\\/#organization\",\"name\":\"Ranoja O\u00dc\",\"url\":\"https:\\\/\\\/ranoja.ee\\\/\",\"logo\":{\"@type\":\"ImageObject\",\"inLanguage\":\"en-US\",\"@id\":\"https:\\\/\\\/ranoja.ee\\\/#\\\/schema\\\/logo\\\/image\\\/\",\"url\":\"https:\\\/\\\/ranoja.ee\\\/wp-content\\\/uploads\\\/2023\\\/11\\\/ranoja-Logo.png\",\"contentUrl\":\"https:\\\/\\\/ranoja.ee\\\/wp-content\\\/uploads\\\/2023\\\/11\\\/ranoja-Logo.png\",\"width\":207,\"height\":58,\"caption\":\"Ranoja O\u00dc\"},\"image\":{\"@id\":\"https:\\\/\\\/ranoja.ee\\\/#\\\/schema\\\/logo\\\/image\\\/\"},\"sameAs\":[\"https:\\\/\\\/www.facebook.com\\\/ranoja.ee\",\"https:\\\/\\\/www.instagram.com\\\/ranoja__\\\/\"]}]}<\/script>\n<!-- \/ Yoast SEO plugin. -->","yoast_head_json":{"title":"PTO oksapurustaja RT-660R","description":"PTO oksapurustaja RT-660R J\u00f5uv\u00f5tuv\u00f5lli pealt t\u00f6\u00f6tav oksapurustaja on m\u00f5eldud kuni 13 cm l\u00e4bim\u00f5\u00f5duga puiduj\u00e4\u00e4tmete ja okste t\u00f6\u00f6tlemiseks.","robots":{"index":"index","follow":"follow","max-snippet":"max-snippet:-1","max-image-preview":"max-image-preview:large","max-video-preview":"max-video-preview:-1"},"canonical":"https:\/\/ranoja.ee\/toode\/pto-oksapurustaja-rt-660r\/","og_locale":"en_US","og_type":"article","og_title":"PTO oksapurustaja RT-660R","og_description":"PTO oksapurustaja RT-660R J\u00f5uv\u00f5tuv\u00f5lli pealt t\u00f6\u00f6tav oksapurustaja on m\u00f5eldud kuni 13 cm l\u00e4bim\u00f5\u00f5duga puiduj\u00e4\u00e4tmete ja okste t\u00f6\u00f6tlemiseks.","og_url":"https:\/\/ranoja.ee\/toode\/pto-oksapurustaja-rt-660r\/","og_site_name":"Ranoja","article_publisher":"https:\/\/www.facebook.com\/ranoja.ee","article_modified_time":"2026-01-21T09:12:25+00:00","og_image":[{"width":458,"height":458,"url":"https:\/\/ranoja.ee\/wp-content\/uploads\/2026\/01\/PTO-oksapurustaja-RT-660R.png","type":"image\/png"}],"twitter_card":"summary_large_image","twitter_misc":{"Est. reading time":"2 minutes"},"schema":{"@context":"https:\/\/schema.org","@graph":[{"@type":"WebPage","@id":"https:\/\/ranoja.ee\/toode\/pto-oksapurustaja-rt-660r\/","url":"https:\/\/ranoja.ee\/toode\/pto-oksapurustaja-rt-660r\/","name":"PTO oksapurustaja RT-660R","isPartOf":{"@id":"https:\/\/ranoja.ee\/#website"},"primaryImageOfPage":{"@id":"https:\/\/ranoja.ee\/toode\/pto-oksapurustaja-rt-660r\/#primaryimage"},"image":{"@id":"https:\/\/ranoja.ee\/toode\/pto-oksapurustaja-rt-660r\/#primaryimage"},"thumbnailUrl":"https:\/\/ranoja.ee\/wp-content\/uploads\/2026\/01\/PTO-oksapurustaja-RT-660R.png","datePublished":"2026-01-21T08:52:47+00:00","dateModified":"2026-01-21T09:12:25+00:00","description":"PTO oksapurustaja RT-660R J\u00f5uv\u00f5tuv\u00f5lli pealt t\u00f6\u00f6tav oksapurustaja on m\u00f5eldud kuni 13 cm l\u00e4bim\u00f5\u00f5duga puiduj\u00e4\u00e4tmete ja okste t\u00f6\u00f6tlemiseks.","breadcrumb":{"@id":"https:\/\/ranoja.ee\/toode\/pto-oksapurustaja-rt-660r\/#breadcrumb"},"inLanguage":"en-US","potentialAction":[{"@type":"ReadAction","target":["https:\/\/ranoja.ee\/toode\/pto-oksapurustaja-rt-660r\/"]}]},{"@type":"ImageObject","inLanguage":"en-US","@id":"https:\/\/ranoja.ee\/toode\/pto-oksapurustaja-rt-660r\/#primaryimage","url":"https:\/\/ranoja.ee\/wp-content\/uploads\/2026\/01\/PTO-oksapurustaja-RT-660R.png","contentUrl":"https:\/\/ranoja.ee\/wp-content\/uploads\/2026\/01\/PTO-oksapurustaja-RT-660R.png","width":458,"height":458,"caption":"PTO oksapurustaja RT-660R"},{"@type":"BreadcrumbList","@id":"https:\/\/ranoja.ee\/toode\/pto-oksapurustaja-rt-660r\/#breadcrumb","itemListElement":[{"@type":"ListItem","position":1,"name":"Home","item":"https:\/\/ranoja.ee\/"},{"@type":"ListItem","position":2,"name":"Shop","item":"https:\/\/ranoja.ee\/en\/shop\/"},{"@type":"ListItem","position":3,"name":"PTO oksapurustaja RT-660R"}]},{"@type":"WebSite","@id":"https:\/\/ranoja.ee\/#website","url":"https:\/\/ranoja.ee\/","name":"Ranoja","description":"Equipment Shop WooCommerce WordPress Theme for Machine &amp; Tools","publisher":{"@id":"https:\/\/ranoja.ee\/#organization"},"potentialAction":[{"@type":"SearchAction","target":{"@type":"EntryPoint","urlTemplate":"https:\/\/ranoja.ee\/?s={search_term_string}"},"query-input":{"@type":"PropertyValueSpecification","valueRequired":true,"valueName":"search_term_string"}}],"inLanguage":"en-US"},{"@type":"Organization","@id":"https:\/\/ranoja.ee\/#organization","name":"Ranoja O\u00dc","url":"https:\/\/ranoja.ee\/","logo":{"@type":"ImageObject","inLanguage":"en-US","@id":"https:\/\/ranoja.ee\/#\/schema\/logo\/image\/","url":"https:\/\/ranoja.ee\/wp-content\/uploads\/2023\/11\/ranoja-Logo.png","contentUrl":"https:\/\/ranoja.ee\/wp-content\/uploads\/2023\/11\/ranoja-Logo.png","width":207,"height":58,"caption":"Ranoja O\u00dc"},"image":{"@id":"https:\/\/ranoja.ee\/#\/schema\/logo\/image\/"},"sameAs":["https:\/\/www.facebook.com\/ranoja.ee","https:\/\/www.instagram.com\/ranoja__\/"]}]}},"_links":{"self":[{"href":"https:\/\/ranoja.ee\/en\/wp-json\/wp\/v2\/product\/26988","targetHints":{"allow":["GET"]}}],"collection":[{"href":"https:\/\/ranoja.ee\/en\/wp-json\/wp\/v2\/product"}],"about":[{"href":"https:\/\/ranoja.ee\/en\/wp-json\/wp\/v2\/types\/product"}],"wp:featuredmedia":[{"embeddable":true,"href":"https:\/\/ranoja.ee\/en\/wp-json\/wp\/v2\/media\/27045"}],"wp:attachment":[{"href":"https:\/\/ranoja.ee\/en\/wp-json\/wp\/v2\/media?parent=26988"}],"wp:term":[{"taxonomy":"product_cat","embeddable":true,"href":"https:\/\/ranoja.ee\/en\/wp-json\/wp\/v2\/product_cat?post=26988"},{"taxonomy":"product_tag","embeddable":true,"href":"https:\/\/ranoja.ee\/en\/wp-json\/wp\/v2\/product_tag?post=26988"}],"curies":[{"name":"wp","href":"https:\/\/api.w.org\/{rel}","templated":true}]}}