{"id":26835,"date":"2026-01-20T18:04:55","date_gmt":"2026-01-20T15:04:55","guid":{"rendered":"https:\/\/ranoja.ee\/?post_type=product&#038;p=26835"},"modified":"2026-01-20T18:09:30","modified_gmt":"2026-01-20T15:09:30","slug":"pto-oksapurustaja-rb-500","status":"publish","type":"product","link":"https:\/\/ranoja.ee\/en\/toode\/pto-oksapurustaja-rb-500\/","title":{"rendered":"PTO oksapurustaja RB-500"},"content":{"rendered":"<p>PTO oksapurustaja RB-500<\/p>\n<p>Oksapurustaja RB-500 on m\u00f5eldud traktoritele, mille minimaalne v\u00f5imsus on 25 hj. Purustaja on m\u00f5eldud kuni 15 cm l\u00e4bim\u00f5\u00f5duga puiduj\u00e4\u00e4tmete ja okste t\u00f6\u00f6tlemiseks. Hakkur sobib ideaalselt kasutamiseks aias v\u00f5i krundil; saadud materjali saab kasutada kompostina v\u00f5i p\u00f5\u00f5saste mult\u0161ina.<\/p>\n<p>Hakkuri on t\u00e4ielikult projekteerinud ja tootnud REMET CNC TECHNOLOGY. Keevitatud, t\u00e4ielikult eemaldatav konstruktsioon tagab piisava j\u00e4ikuse ja vastupidavuse. L\u00f5iketrummel on t\u00e4pselt valmistatud CNC-t\u00f6\u00f6tluskeskustes \u00fchest konstruktsioonist, et tagada sobiv kvaliteet, t\u00e4psus ja kontsentrilisus. See omakorda t\u00e4hendab komponentide ja kogu masina pikaealisi t\u00f6\u00f6ea. L\u00f5ikemehhanismi noad on valmistatud kulumiskindlast terasest.<\/p>\n<p>PTO-oksapurustajad \u00fchendatakse traktori j\u00f5uv\u00f5tuv\u00f5lli kaudu ja t\u00f6\u00f6tavad koos traktori p\u00f6\u00f6rdemomendiga, mis muudab eraldi mootori kasutamise tarbetuks ning annab t\u00f5husa j\u00f5u\u00fclekande otse traktori mootorilt. Seadmed kinnitatakse traktori kolme punktiga haakepunkte ning neid on mitmes suuruses. Alates v\u00e4iksematest mudelitest, mis t\u00f6\u00f6tlevad \u00f5hukesi oksi, kuni suuremate R-150 ja RP-200 klassi purustajateni, mis suudavad k\u00e4sitleda harude l\u00e4bim\u00f5\u00f5tu kuni ~140\u2013170 mm s\u00f5ltuvalt mudelist ja puidu t\u00fc\u00fcbist.<\/p>\n<p>Iga oksapurustaja p\u00f5hikomponent on robustne keevitatud terasraam, mille sees t\u00f6\u00f6tab p\u00f6\u00f6rlev l\u00f5ikemehhanism varustatud mitmete kulumiskindlatest terastest l\u00f5iketera-elementidega. Terade vahe on reguleeritav, et saavutada soovitud laastu suurus ja l\u00f5iketulemus, ning masin v\u00f5ib olla varustatud ka p\u00f6\u00f6rleva v\u00e4ljalaskekanaliga v\u00f5i pikendatava lintkonveieriga lihtsamaks materjali \u00e4raviimiseks.<\/p>\n<p>PTO oksapurustaja RB-500<\/p>\n","protected":false},"excerpt":{"rendered":"<p>PTO oksapurustaja RB-500<br \/>\nMinimaalne\/soovitatav traktori v\u00f5imsus: 25\/50 hj<br \/>\nSoovitatav j\u00f5uv\u00f5tuv\u00f5lli kiirus: 540 p\/min<br \/>\nS\u00f6\u00f6tmispunker: 58\/43 cm<br \/>\nV\u00e4ljavisketoru p\u00f6\u00f6rdenurk: 360\u02da<br \/>\nV\u00e4ljavisketoru k\u00f5rgus: 180 cm<br \/>\nHaakekonksu pukseerimisv\u00f5ime: 1000 kg<br \/>\nHaake kinnituss\u00fcsteem: Kolmepunkti traktori haakes\u00fcsteem<br \/>\nL\u00f5iketrumli l\u00e4bim\u00f5\u00f5t: 520 mm<br \/>\nL\u00f5iketrumli kaal: 60 kg<br \/>\nNugade arv: 2 TK<br \/>\nHaakekonks: Kuulliides<br \/>\nL\u00f5ikenugade tootmine Kulumiskindel teras suurenenud k\u00f5vadusega<br \/>\nOkste maksimaalne l\u00f5ikediameeter v\u00e4rske pehme puit: 150 mm<br \/>\nOkste maksimaalne l\u00f5ikediameeter v\u00e4rske lehtpuu: 140 mm<br \/>\nOkste maksimaalne l\u00f5ikediameeter kuiv lehtpuu: 130 mm<br \/>\nTootekood: 2RB500<br \/>\nKaal: 250 kg<br \/>\n<strong>Eeldatav tarneaeg 2-3 n\u00e4dalat<\/strong><br \/>\n[embed]https:\/\/youtu.be\/jp759Ch52Fg?si=vrBVu0H9rvEewm7M[\/embed]<\/p>\n","protected":false},"featured_media":26882,"template":"","meta":{"inline_featured_image":false},"product_cat":[1087,85],"product_tag":[3131,84,486,3129,3130,3017],"class_list":{"0":"post-26835","1":"product","2":"type-product","3":"status-publish","4":"has-post-thumbnail","6":"product_brand-remet-cnc-technology","7":"product_cat-metsatehnika","8":"product_cat-oksapurustajad","9":"product_tag-2rb500","10":"product_tag-oksapurustaja","11":"product_tag-pto","12":"product_tag-pto-oksapurustaja-rb-500","13":"product_tag-rb-500","14":"product_tag-remet-cnc-technology","16":"first","17":"instock","18":"taxable","19":"shipping-taxable","20":"purchasable","21":"product-type-simple"},"yoast_head":"<!-- This site is optimized with the Yoast SEO plugin v27.4 - https:\/\/yoast.com\/product\/yoast-seo-wordpress\/ -->\n<title>PTO oksapurustaja RB-500<\/title>\n<meta name=\"description\" content=\"PTO oksapurustaja RB-500 oksapurustaja J\u00f5uv\u00f5tuv\u00f5lli pealt t\u00f6\u00f6tav oksapurustaja on m\u00f5eldud kuni 15 cm l\u00e4bim\u00f5\u00f5duga puiduj\u00e4\u00e4tmete ja okste t\u00f6\u00f6tlemiseks.\" \/>\n<meta name=\"robots\" content=\"index, follow, max-snippet:-1, max-image-preview:large, max-video-preview:-1\" \/>\n<link rel=\"canonical\" href=\"https:\/\/ranoja.ee\/toode\/pto-oksapurustaja-rb-500\/\" \/>\n<meta property=\"og:locale\" content=\"en_US\" \/>\n<meta property=\"og:type\" content=\"article\" \/>\n<meta property=\"og:title\" content=\"PTO oksapurustaja RB-500\" \/>\n<meta property=\"og:description\" content=\"PTO oksapurustaja RB-500 oksapurustaja J\u00f5uv\u00f5tuv\u00f5lli pealt t\u00f6\u00f6tav oksapurustaja on m\u00f5eldud kuni 15 cm l\u00e4bim\u00f5\u00f5duga puiduj\u00e4\u00e4tmete ja okste t\u00f6\u00f6tlemiseks.\" \/>\n<meta property=\"og:url\" content=\"https:\/\/ranoja.ee\/toode\/pto-oksapurustaja-rb-500\/\" \/>\n<meta property=\"og:site_name\" content=\"Ranoja\" \/>\n<meta property=\"article:publisher\" content=\"https:\/\/www.facebook.com\/ranoja.ee\" \/>\n<meta property=\"article:modified_time\" content=\"2026-01-20T15:09:30+00:00\" \/>\n<meta property=\"og:image\" content=\"https:\/\/ranoja.ee\/wp-content\/uploads\/2026\/01\/PTO-oksapurustaja-RB-500.png\" \/>\n\t<meta property=\"og:image:width\" content=\"458\" \/>\n\t<meta property=\"og:image:height\" content=\"458\" \/>\n\t<meta property=\"og:image:type\" content=\"image\/png\" \/>\n<meta name=\"twitter:card\" content=\"summary_large_image\" \/>\n<meta name=\"twitter:label1\" content=\"Est. reading time\" \/>\n\t<meta name=\"twitter:data1\" content=\"2 minutes\" \/>\n<script type=\"application\/ld+json\" class=\"yoast-schema-graph\">{\"@context\":\"https:\\\/\\\/schema.org\",\"@graph\":[{\"@type\":\"WebPage\",\"@id\":\"https:\\\/\\\/ranoja.ee\\\/toode\\\/pto-oksapurustaja-rb-500\\\/\",\"url\":\"https:\\\/\\\/ranoja.ee\\\/toode\\\/pto-oksapurustaja-rb-500\\\/\",\"name\":\"PTO oksapurustaja RB-500\",\"isPartOf\":{\"@id\":\"https:\\\/\\\/ranoja.ee\\\/#website\"},\"primaryImageOfPage\":{\"@id\":\"https:\\\/\\\/ranoja.ee\\\/toode\\\/pto-oksapurustaja-rb-500\\\/#primaryimage\"},\"image\":{\"@id\":\"https:\\\/\\\/ranoja.ee\\\/toode\\\/pto-oksapurustaja-rb-500\\\/#primaryimage\"},\"thumbnailUrl\":\"https:\\\/\\\/ranoja.ee\\\/wp-content\\\/uploads\\\/2026\\\/01\\\/PTO-oksapurustaja-RB-500.png\",\"datePublished\":\"2026-01-20T15:04:55+00:00\",\"dateModified\":\"2026-01-20T15:09:30+00:00\",\"description\":\"PTO oksapurustaja RB-500 oksapurustaja J\u00f5uv\u00f5tuv\u00f5lli pealt t\u00f6\u00f6tav oksapurustaja on m\u00f5eldud kuni 15 cm l\u00e4bim\u00f5\u00f5duga puiduj\u00e4\u00e4tmete ja okste t\u00f6\u00f6tlemiseks.\",\"breadcrumb\":{\"@id\":\"https:\\\/\\\/ranoja.ee\\\/toode\\\/pto-oksapurustaja-rb-500\\\/#breadcrumb\"},\"inLanguage\":\"en-US\",\"potentialAction\":[{\"@type\":\"ReadAction\",\"target\":[\"https:\\\/\\\/ranoja.ee\\\/toode\\\/pto-oksapurustaja-rb-500\\\/\"]}]},{\"@type\":\"ImageObject\",\"inLanguage\":\"en-US\",\"@id\":\"https:\\\/\\\/ranoja.ee\\\/toode\\\/pto-oksapurustaja-rb-500\\\/#primaryimage\",\"url\":\"https:\\\/\\\/ranoja.ee\\\/wp-content\\\/uploads\\\/2026\\\/01\\\/PTO-oksapurustaja-RB-500.png\",\"contentUrl\":\"https:\\\/\\\/ranoja.ee\\\/wp-content\\\/uploads\\\/2026\\\/01\\\/PTO-oksapurustaja-RB-500.png\",\"width\":458,\"height\":458,\"caption\":\"PTO oksapurustaja RB-500\"},{\"@type\":\"BreadcrumbList\",\"@id\":\"https:\\\/\\\/ranoja.ee\\\/toode\\\/pto-oksapurustaja-rb-500\\\/#breadcrumb\",\"itemListElement\":[{\"@type\":\"ListItem\",\"position\":1,\"name\":\"Home\",\"item\":\"https:\\\/\\\/ranoja.ee\\\/\"},{\"@type\":\"ListItem\",\"position\":2,\"name\":\"Shop\",\"item\":\"https:\\\/\\\/ranoja.ee\\\/en\\\/shop\\\/\"},{\"@type\":\"ListItem\",\"position\":3,\"name\":\"PTO oksapurustaja RB-500\"}]},{\"@type\":\"WebSite\",\"@id\":\"https:\\\/\\\/ranoja.ee\\\/#website\",\"url\":\"https:\\\/\\\/ranoja.ee\\\/\",\"name\":\"Ranoja\",\"description\":\"Equipment Shop WooCommerce WordPress Theme for Machine &amp; Tools\",\"publisher\":{\"@id\":\"https:\\\/\\\/ranoja.ee\\\/#organization\"},\"potentialAction\":[{\"@type\":\"SearchAction\",\"target\":{\"@type\":\"EntryPoint\",\"urlTemplate\":\"https:\\\/\\\/ranoja.ee\\\/?s={search_term_string}\"},\"query-input\":{\"@type\":\"PropertyValueSpecification\",\"valueRequired\":true,\"valueName\":\"search_term_string\"}}],\"inLanguage\":\"en-US\"},{\"@type\":\"Organization\",\"@id\":\"https:\\\/\\\/ranoja.ee\\\/#organization\",\"name\":\"Ranoja O\u00dc\",\"url\":\"https:\\\/\\\/ranoja.ee\\\/\",\"logo\":{\"@type\":\"ImageObject\",\"inLanguage\":\"en-US\",\"@id\":\"https:\\\/\\\/ranoja.ee\\\/#\\\/schema\\\/logo\\\/image\\\/\",\"url\":\"https:\\\/\\\/ranoja.ee\\\/wp-content\\\/uploads\\\/2023\\\/11\\\/ranoja-Logo.png\",\"contentUrl\":\"https:\\\/\\\/ranoja.ee\\\/wp-content\\\/uploads\\\/2023\\\/11\\\/ranoja-Logo.png\",\"width\":207,\"height\":58,\"caption\":\"Ranoja O\u00dc\"},\"image\":{\"@id\":\"https:\\\/\\\/ranoja.ee\\\/#\\\/schema\\\/logo\\\/image\\\/\"},\"sameAs\":[\"https:\\\/\\\/www.facebook.com\\\/ranoja.ee\",\"https:\\\/\\\/www.instagram.com\\\/ranoja__\\\/\"]}]}<\/script>\n<!-- \/ Yoast SEO plugin. -->","yoast_head_json":{"title":"PTO oksapurustaja RB-500","description":"PTO oksapurustaja RB-500 oksapurustaja J\u00f5uv\u00f5tuv\u00f5lli pealt t\u00f6\u00f6tav oksapurustaja on m\u00f5eldud kuni 15 cm l\u00e4bim\u00f5\u00f5duga puiduj\u00e4\u00e4tmete ja okste t\u00f6\u00f6tlemiseks.","robots":{"index":"index","follow":"follow","max-snippet":"max-snippet:-1","max-image-preview":"max-image-preview:large","max-video-preview":"max-video-preview:-1"},"canonical":"https:\/\/ranoja.ee\/toode\/pto-oksapurustaja-rb-500\/","og_locale":"en_US","og_type":"article","og_title":"PTO oksapurustaja RB-500","og_description":"PTO oksapurustaja RB-500 oksapurustaja J\u00f5uv\u00f5tuv\u00f5lli pealt t\u00f6\u00f6tav oksapurustaja on m\u00f5eldud kuni 15 cm l\u00e4bim\u00f5\u00f5duga puiduj\u00e4\u00e4tmete ja okste t\u00f6\u00f6tlemiseks.","og_url":"https:\/\/ranoja.ee\/toode\/pto-oksapurustaja-rb-500\/","og_site_name":"Ranoja","article_publisher":"https:\/\/www.facebook.com\/ranoja.ee","article_modified_time":"2026-01-20T15:09:30+00:00","og_image":[{"width":458,"height":458,"url":"https:\/\/ranoja.ee\/wp-content\/uploads\/2026\/01\/PTO-oksapurustaja-RB-500.png","type":"image\/png"}],"twitter_card":"summary_large_image","twitter_misc":{"Est. reading time":"2 minutes"},"schema":{"@context":"https:\/\/schema.org","@graph":[{"@type":"WebPage","@id":"https:\/\/ranoja.ee\/toode\/pto-oksapurustaja-rb-500\/","url":"https:\/\/ranoja.ee\/toode\/pto-oksapurustaja-rb-500\/","name":"PTO oksapurustaja RB-500","isPartOf":{"@id":"https:\/\/ranoja.ee\/#website"},"primaryImageOfPage":{"@id":"https:\/\/ranoja.ee\/toode\/pto-oksapurustaja-rb-500\/#primaryimage"},"image":{"@id":"https:\/\/ranoja.ee\/toode\/pto-oksapurustaja-rb-500\/#primaryimage"},"thumbnailUrl":"https:\/\/ranoja.ee\/wp-content\/uploads\/2026\/01\/PTO-oksapurustaja-RB-500.png","datePublished":"2026-01-20T15:04:55+00:00","dateModified":"2026-01-20T15:09:30+00:00","description":"PTO oksapurustaja RB-500 oksapurustaja J\u00f5uv\u00f5tuv\u00f5lli pealt t\u00f6\u00f6tav oksapurustaja on m\u00f5eldud kuni 15 cm l\u00e4bim\u00f5\u00f5duga puiduj\u00e4\u00e4tmete ja okste t\u00f6\u00f6tlemiseks.","breadcrumb":{"@id":"https:\/\/ranoja.ee\/toode\/pto-oksapurustaja-rb-500\/#breadcrumb"},"inLanguage":"en-US","potentialAction":[{"@type":"ReadAction","target":["https:\/\/ranoja.ee\/toode\/pto-oksapurustaja-rb-500\/"]}]},{"@type":"ImageObject","inLanguage":"en-US","@id":"https:\/\/ranoja.ee\/toode\/pto-oksapurustaja-rb-500\/#primaryimage","url":"https:\/\/ranoja.ee\/wp-content\/uploads\/2026\/01\/PTO-oksapurustaja-RB-500.png","contentUrl":"https:\/\/ranoja.ee\/wp-content\/uploads\/2026\/01\/PTO-oksapurustaja-RB-500.png","width":458,"height":458,"caption":"PTO oksapurustaja RB-500"},{"@type":"BreadcrumbList","@id":"https:\/\/ranoja.ee\/toode\/pto-oksapurustaja-rb-500\/#breadcrumb","itemListElement":[{"@type":"ListItem","position":1,"name":"Home","item":"https:\/\/ranoja.ee\/"},{"@type":"ListItem","position":2,"name":"Shop","item":"https:\/\/ranoja.ee\/en\/shop\/"},{"@type":"ListItem","position":3,"name":"PTO oksapurustaja RB-500"}]},{"@type":"WebSite","@id":"https:\/\/ranoja.ee\/#website","url":"https:\/\/ranoja.ee\/","name":"Ranoja","description":"Equipment Shop WooCommerce WordPress Theme for Machine &amp; Tools","publisher":{"@id":"https:\/\/ranoja.ee\/#organization"},"potentialAction":[{"@type":"SearchAction","target":{"@type":"EntryPoint","urlTemplate":"https:\/\/ranoja.ee\/?s={search_term_string}"},"query-input":{"@type":"PropertyValueSpecification","valueRequired":true,"valueName":"search_term_string"}}],"inLanguage":"en-US"},{"@type":"Organization","@id":"https:\/\/ranoja.ee\/#organization","name":"Ranoja O\u00dc","url":"https:\/\/ranoja.ee\/","logo":{"@type":"ImageObject","inLanguage":"en-US","@id":"https:\/\/ranoja.ee\/#\/schema\/logo\/image\/","url":"https:\/\/ranoja.ee\/wp-content\/uploads\/2023\/11\/ranoja-Logo.png","contentUrl":"https:\/\/ranoja.ee\/wp-content\/uploads\/2023\/11\/ranoja-Logo.png","width":207,"height":58,"caption":"Ranoja O\u00dc"},"image":{"@id":"https:\/\/ranoja.ee\/#\/schema\/logo\/image\/"},"sameAs":["https:\/\/www.facebook.com\/ranoja.ee","https:\/\/www.instagram.com\/ranoja__\/"]}]}},"_links":{"self":[{"href":"https:\/\/ranoja.ee\/en\/wp-json\/wp\/v2\/product\/26835","targetHints":{"allow":["GET"]}}],"collection":[{"href":"https:\/\/ranoja.ee\/en\/wp-json\/wp\/v2\/product"}],"about":[{"href":"https:\/\/ranoja.ee\/en\/wp-json\/wp\/v2\/types\/product"}],"wp:featuredmedia":[{"embeddable":true,"href":"https:\/\/ranoja.ee\/en\/wp-json\/wp\/v2\/media\/26882"}],"wp:attachment":[{"href":"https:\/\/ranoja.ee\/en\/wp-json\/wp\/v2\/media?parent=26835"}],"wp:term":[{"taxonomy":"product_cat","embeddable":true,"href":"https:\/\/ranoja.ee\/en\/wp-json\/wp\/v2\/product_cat?post=26835"},{"taxonomy":"product_tag","embeddable":true,"href":"https:\/\/ranoja.ee\/en\/wp-json\/wp\/v2\/product_tag?post=26835"}],"curies":[{"name":"wp","href":"https:\/\/api.w.org\/{rel}","templated":true}]}}