{"id":26830,"date":"2026-01-20T17:18:08","date_gmt":"2026-01-20T14:18:08","guid":{"rendered":"https:\/\/ranoja.ee\/?post_type=product&#038;p=26830"},"modified":"2026-01-20T17:21:48","modified_gmt":"2026-01-20T14:21:48","slug":"kaubaaluse-haaratsid-miniekskavaatorile","status":"publish","type":"product","link":"https:\/\/ranoja.ee\/en\/toode\/kaubaaluse-haaratsid-miniekskavaatorile\/","title":{"rendered":"Kaubaaluse haaratsid miniekskavaatorile"},"content":{"rendered":"<p>Kaubaaluse haaratsid miniekskavaatorile<\/p>\n<p>Miniekskavaatorite lisaseadmed muudavad masina mitmek\u00fclgseks ja t\u00f5husaks t\u00f6\u00f6vahendiks erinevates t\u00f6\u00f6tingimustes. Valikusse kuuluvad erinevad kopad, haaratsid, t\u00f5stekahvlid, puurid ja muud t\u00f6\u00f6organid, mis sobivad nii ehitus-, haljastus-, kommunaal- kui ka metsat\u00f6\u00f6dele. Kaevet\u00f6\u00f6deks kasutatakse kaevekoppasid ja kraavikoppasid, pinnase tasandamiseks planeer- ja kallutatavaid koppasid. Haaratsid v\u00f5imaldavad turvaliselt k\u00e4sitseda palke, kive ja lammutusmaterjale, samas kui t\u00f5stekahvlid sobivad kaubaaluste ja ehitusmaterjalide teisaldamiseks. Maapuurid on ideaalne lahendus postide, piirete ja vundamendipostide paigaldamisel. Raskemate t\u00f6\u00f6de jaoks kasutatakse ripper\u2019eid ja h\u00fcdrovasaraid, mis sobivad k\u00fclmunud pinnase, kivide ja betooni purustamiseks. Kiirliitmikud v\u00f5imaldavad lisaseadmete kiiret vahetust, suurendades t\u00f6\u00f6 kiirust ja efektiivsust.<\/p>\n<p>Kaubaaluse haaratsid miniekskavaatorile<\/p>\n","protected":false},"excerpt":{"rendered":"<p>Kaubaaluse haaratsid miniekskavaatorile<\/p>\n<p>Tugev Scheppach alushaarats sobib ideaalselt kaubaalustel materjalide, n\u00e4iteks tsement, puit, terasplaadid v\u00f5i kastid, transportimiseks.<br \/>\nKahvlite pikkus on 1110 mm ja maksimaalne kogulaius 700 mm, mis sobib suurep\u00e4raselt plaatide ja ehitusmaterjalide t\u00f5stmiseks.<br \/>\nKahvlid paigaldatakse eraldi, v\u00f5imaldades reguleerida laiust.<br \/>\nKandev\u00f5ime 120 kg muudab selle t\u00f6\u00f6kindlaks abiliseks igal ehitusplatsil.<br \/>\nKinnitamine toimub kiiresti ja lihtsalt planeerimissaha k\u00fclge.<br \/>\nSOBIB SEADMELE: EXC815<\/p>\n","protected":false},"featured_media":26831,"template":"","meta":{"inline_featured_image":false},"product_cat":[1090,886],"product_tag":[888,3124,3125],"class_list":{"0":"post-26830","1":"product","2":"type-product","3":"status-publish","4":"has-post-thumbnail","6":"product_brand-scheppach","7":"product_cat-ehitustehnika","8":"product_cat-miniekskavaatorid","9":"product_tag-ekskavaator","10":"product_tag-kopp","11":"product_tag-reha","13":"first","14":"instock","15":"taxable","16":"shipping-taxable","17":"purchasable","18":"product-type-simple"},"yoast_head":"<!-- This site is optimized with the Yoast SEO plugin v27.4 - https:\/\/yoast.com\/product\/yoast-seo-wordpress\/ -->\n<title>Kaubaaluse haaratsid miniekskavaatorile<\/title>\n<meta name=\"description\" content=\"Kaubaaluse haaratsid miniekskavaatorile - andev\u00f5ime 120 kg muudab selle t\u00f6\u00f6kindlaks abiliseks igal ehitusplatsil.1110 mm pikkus, kogulaius 700 mm\" \/>\n<meta name=\"robots\" content=\"index, follow, max-snippet:-1, max-image-preview:large, max-video-preview:-1\" \/>\n<link rel=\"canonical\" href=\"https:\/\/ranoja.ee\/toode\/kaubaaluse-haaratsid-miniekskavaatorile\/\" \/>\n<meta property=\"og:locale\" content=\"en_US\" \/>\n<meta property=\"og:type\" content=\"article\" \/>\n<meta property=\"og:title\" content=\"Kaubaaluse haaratsid miniekskavaatorile\" \/>\n<meta property=\"og:description\" content=\"Kaubaaluse haaratsid miniekskavaatorile - andev\u00f5ime 120 kg muudab selle t\u00f6\u00f6kindlaks abiliseks igal ehitusplatsil.1110 mm pikkus, kogulaius 700 mm\" \/>\n<meta property=\"og:url\" content=\"https:\/\/ranoja.ee\/toode\/kaubaaluse-haaratsid-miniekskavaatorile\/\" \/>\n<meta property=\"og:site_name\" content=\"Ranoja\" \/>\n<meta property=\"article:publisher\" content=\"https:\/\/www.facebook.com\/ranoja.ee\" \/>\n<meta property=\"article:modified_time\" content=\"2026-01-20T14:21:48+00:00\" \/>\n<meta property=\"og:image\" content=\"https:\/\/ranoja.ee\/wp-content\/uploads\/2026\/01\/Kaubaaluse-haaratsid-miniekskavaatorile.jpg\" \/>\n\t<meta property=\"og:image:width\" content=\"900\" \/>\n\t<meta property=\"og:image:height\" content=\"560\" \/>\n\t<meta property=\"og:image:type\" content=\"image\/jpeg\" \/>\n<meta name=\"twitter:card\" content=\"summary_large_image\" \/>\n<meta name=\"twitter:label1\" content=\"Est. reading time\" \/>\n\t<meta name=\"twitter:data1\" content=\"1 minute\" \/>\n<script type=\"application\/ld+json\" class=\"yoast-schema-graph\">{\"@context\":\"https:\\\/\\\/schema.org\",\"@graph\":[{\"@type\":\"WebPage\",\"@id\":\"https:\\\/\\\/ranoja.ee\\\/toode\\\/kaubaaluse-haaratsid-miniekskavaatorile\\\/\",\"url\":\"https:\\\/\\\/ranoja.ee\\\/toode\\\/kaubaaluse-haaratsid-miniekskavaatorile\\\/\",\"name\":\"Kaubaaluse haaratsid miniekskavaatorile\",\"isPartOf\":{\"@id\":\"https:\\\/\\\/ranoja.ee\\\/#website\"},\"primaryImageOfPage\":{\"@id\":\"https:\\\/\\\/ranoja.ee\\\/toode\\\/kaubaaluse-haaratsid-miniekskavaatorile\\\/#primaryimage\"},\"image\":{\"@id\":\"https:\\\/\\\/ranoja.ee\\\/toode\\\/kaubaaluse-haaratsid-miniekskavaatorile\\\/#primaryimage\"},\"thumbnailUrl\":\"https:\\\/\\\/ranoja.ee\\\/wp-content\\\/uploads\\\/2026\\\/01\\\/Kaubaaluse-haaratsid-miniekskavaatorile.jpg\",\"datePublished\":\"2026-01-20T14:18:08+00:00\",\"dateModified\":\"2026-01-20T14:21:48+00:00\",\"description\":\"Kaubaaluse haaratsid miniekskavaatorile - andev\u00f5ime 120 kg muudab selle t\u00f6\u00f6kindlaks abiliseks igal ehitusplatsil.1110 mm pikkus, kogulaius 700 mm\",\"breadcrumb\":{\"@id\":\"https:\\\/\\\/ranoja.ee\\\/toode\\\/kaubaaluse-haaratsid-miniekskavaatorile\\\/#breadcrumb\"},\"inLanguage\":\"en-US\",\"potentialAction\":[{\"@type\":\"ReadAction\",\"target\":[\"https:\\\/\\\/ranoja.ee\\\/toode\\\/kaubaaluse-haaratsid-miniekskavaatorile\\\/\"]}]},{\"@type\":\"ImageObject\",\"inLanguage\":\"en-US\",\"@id\":\"https:\\\/\\\/ranoja.ee\\\/toode\\\/kaubaaluse-haaratsid-miniekskavaatorile\\\/#primaryimage\",\"url\":\"https:\\\/\\\/ranoja.ee\\\/wp-content\\\/uploads\\\/2026\\\/01\\\/Kaubaaluse-haaratsid-miniekskavaatorile.jpg\",\"contentUrl\":\"https:\\\/\\\/ranoja.ee\\\/wp-content\\\/uploads\\\/2026\\\/01\\\/Kaubaaluse-haaratsid-miniekskavaatorile.jpg\",\"width\":900,\"height\":560,\"caption\":\"Kaubaaluse haaratsid miniekskavaatorile\"},{\"@type\":\"BreadcrumbList\",\"@id\":\"https:\\\/\\\/ranoja.ee\\\/toode\\\/kaubaaluse-haaratsid-miniekskavaatorile\\\/#breadcrumb\",\"itemListElement\":[{\"@type\":\"ListItem\",\"position\":1,\"name\":\"Home\",\"item\":\"https:\\\/\\\/ranoja.ee\\\/\"},{\"@type\":\"ListItem\",\"position\":2,\"name\":\"Shop\",\"item\":\"https:\\\/\\\/ranoja.ee\\\/en\\\/shop\\\/\"},{\"@type\":\"ListItem\",\"position\":3,\"name\":\"Kaubaaluse haaratsid miniekskavaatorile\"}]},{\"@type\":\"WebSite\",\"@id\":\"https:\\\/\\\/ranoja.ee\\\/#website\",\"url\":\"https:\\\/\\\/ranoja.ee\\\/\",\"name\":\"Ranoja\",\"description\":\"Equipment Shop WooCommerce WordPress Theme for Machine &amp; Tools\",\"publisher\":{\"@id\":\"https:\\\/\\\/ranoja.ee\\\/#organization\"},\"potentialAction\":[{\"@type\":\"SearchAction\",\"target\":{\"@type\":\"EntryPoint\",\"urlTemplate\":\"https:\\\/\\\/ranoja.ee\\\/?s={search_term_string}\"},\"query-input\":{\"@type\":\"PropertyValueSpecification\",\"valueRequired\":true,\"valueName\":\"search_term_string\"}}],\"inLanguage\":\"en-US\"},{\"@type\":\"Organization\",\"@id\":\"https:\\\/\\\/ranoja.ee\\\/#organization\",\"name\":\"Ranoja O\u00dc\",\"url\":\"https:\\\/\\\/ranoja.ee\\\/\",\"logo\":{\"@type\":\"ImageObject\",\"inLanguage\":\"en-US\",\"@id\":\"https:\\\/\\\/ranoja.ee\\\/#\\\/schema\\\/logo\\\/image\\\/\",\"url\":\"https:\\\/\\\/ranoja.ee\\\/wp-content\\\/uploads\\\/2023\\\/11\\\/ranoja-Logo.png\",\"contentUrl\":\"https:\\\/\\\/ranoja.ee\\\/wp-content\\\/uploads\\\/2023\\\/11\\\/ranoja-Logo.png\",\"width\":207,\"height\":58,\"caption\":\"Ranoja O\u00dc\"},\"image\":{\"@id\":\"https:\\\/\\\/ranoja.ee\\\/#\\\/schema\\\/logo\\\/image\\\/\"},\"sameAs\":[\"https:\\\/\\\/www.facebook.com\\\/ranoja.ee\",\"https:\\\/\\\/www.instagram.com\\\/ranoja__\\\/\"]}]}<\/script>\n<!-- \/ Yoast SEO plugin. -->","yoast_head_json":{"title":"Kaubaaluse haaratsid miniekskavaatorile","description":"Kaubaaluse haaratsid miniekskavaatorile - andev\u00f5ime 120 kg muudab selle t\u00f6\u00f6kindlaks abiliseks igal ehitusplatsil.1110 mm pikkus, kogulaius 700 mm","robots":{"index":"index","follow":"follow","max-snippet":"max-snippet:-1","max-image-preview":"max-image-preview:large","max-video-preview":"max-video-preview:-1"},"canonical":"https:\/\/ranoja.ee\/toode\/kaubaaluse-haaratsid-miniekskavaatorile\/","og_locale":"en_US","og_type":"article","og_title":"Kaubaaluse haaratsid miniekskavaatorile","og_description":"Kaubaaluse haaratsid miniekskavaatorile - andev\u00f5ime 120 kg muudab selle t\u00f6\u00f6kindlaks abiliseks igal ehitusplatsil.1110 mm pikkus, kogulaius 700 mm","og_url":"https:\/\/ranoja.ee\/toode\/kaubaaluse-haaratsid-miniekskavaatorile\/","og_site_name":"Ranoja","article_publisher":"https:\/\/www.facebook.com\/ranoja.ee","article_modified_time":"2026-01-20T14:21:48+00:00","og_image":[{"width":900,"height":560,"url":"https:\/\/ranoja.ee\/wp-content\/uploads\/2026\/01\/Kaubaaluse-haaratsid-miniekskavaatorile.jpg","type":"image\/jpeg"}],"twitter_card":"summary_large_image","twitter_misc":{"Est. reading time":"1 minute"},"schema":{"@context":"https:\/\/schema.org","@graph":[{"@type":"WebPage","@id":"https:\/\/ranoja.ee\/toode\/kaubaaluse-haaratsid-miniekskavaatorile\/","url":"https:\/\/ranoja.ee\/toode\/kaubaaluse-haaratsid-miniekskavaatorile\/","name":"Kaubaaluse haaratsid miniekskavaatorile","isPartOf":{"@id":"https:\/\/ranoja.ee\/#website"},"primaryImageOfPage":{"@id":"https:\/\/ranoja.ee\/toode\/kaubaaluse-haaratsid-miniekskavaatorile\/#primaryimage"},"image":{"@id":"https:\/\/ranoja.ee\/toode\/kaubaaluse-haaratsid-miniekskavaatorile\/#primaryimage"},"thumbnailUrl":"https:\/\/ranoja.ee\/wp-content\/uploads\/2026\/01\/Kaubaaluse-haaratsid-miniekskavaatorile.jpg","datePublished":"2026-01-20T14:18:08+00:00","dateModified":"2026-01-20T14:21:48+00:00","description":"Kaubaaluse haaratsid miniekskavaatorile - andev\u00f5ime 120 kg muudab selle t\u00f6\u00f6kindlaks abiliseks igal ehitusplatsil.1110 mm pikkus, kogulaius 700 mm","breadcrumb":{"@id":"https:\/\/ranoja.ee\/toode\/kaubaaluse-haaratsid-miniekskavaatorile\/#breadcrumb"},"inLanguage":"en-US","potentialAction":[{"@type":"ReadAction","target":["https:\/\/ranoja.ee\/toode\/kaubaaluse-haaratsid-miniekskavaatorile\/"]}]},{"@type":"ImageObject","inLanguage":"en-US","@id":"https:\/\/ranoja.ee\/toode\/kaubaaluse-haaratsid-miniekskavaatorile\/#primaryimage","url":"https:\/\/ranoja.ee\/wp-content\/uploads\/2026\/01\/Kaubaaluse-haaratsid-miniekskavaatorile.jpg","contentUrl":"https:\/\/ranoja.ee\/wp-content\/uploads\/2026\/01\/Kaubaaluse-haaratsid-miniekskavaatorile.jpg","width":900,"height":560,"caption":"Kaubaaluse haaratsid miniekskavaatorile"},{"@type":"BreadcrumbList","@id":"https:\/\/ranoja.ee\/toode\/kaubaaluse-haaratsid-miniekskavaatorile\/#breadcrumb","itemListElement":[{"@type":"ListItem","position":1,"name":"Home","item":"https:\/\/ranoja.ee\/"},{"@type":"ListItem","position":2,"name":"Shop","item":"https:\/\/ranoja.ee\/en\/shop\/"},{"@type":"ListItem","position":3,"name":"Kaubaaluse haaratsid miniekskavaatorile"}]},{"@type":"WebSite","@id":"https:\/\/ranoja.ee\/#website","url":"https:\/\/ranoja.ee\/","name":"Ranoja","description":"Equipment Shop WooCommerce WordPress Theme for Machine &amp; Tools","publisher":{"@id":"https:\/\/ranoja.ee\/#organization"},"potentialAction":[{"@type":"SearchAction","target":{"@type":"EntryPoint","urlTemplate":"https:\/\/ranoja.ee\/?s={search_term_string}"},"query-input":{"@type":"PropertyValueSpecification","valueRequired":true,"valueName":"search_term_string"}}],"inLanguage":"en-US"},{"@type":"Organization","@id":"https:\/\/ranoja.ee\/#organization","name":"Ranoja O\u00dc","url":"https:\/\/ranoja.ee\/","logo":{"@type":"ImageObject","inLanguage":"en-US","@id":"https:\/\/ranoja.ee\/#\/schema\/logo\/image\/","url":"https:\/\/ranoja.ee\/wp-content\/uploads\/2023\/11\/ranoja-Logo.png","contentUrl":"https:\/\/ranoja.ee\/wp-content\/uploads\/2023\/11\/ranoja-Logo.png","width":207,"height":58,"caption":"Ranoja O\u00dc"},"image":{"@id":"https:\/\/ranoja.ee\/#\/schema\/logo\/image\/"},"sameAs":["https:\/\/www.facebook.com\/ranoja.ee","https:\/\/www.instagram.com\/ranoja__\/"]}]}},"_links":{"self":[{"href":"https:\/\/ranoja.ee\/en\/wp-json\/wp\/v2\/product\/26830","targetHints":{"allow":["GET"]}}],"collection":[{"href":"https:\/\/ranoja.ee\/en\/wp-json\/wp\/v2\/product"}],"about":[{"href":"https:\/\/ranoja.ee\/en\/wp-json\/wp\/v2\/types\/product"}],"wp:featuredmedia":[{"embeddable":true,"href":"https:\/\/ranoja.ee\/en\/wp-json\/wp\/v2\/media\/26831"}],"wp:attachment":[{"href":"https:\/\/ranoja.ee\/en\/wp-json\/wp\/v2\/media?parent=26830"}],"wp:term":[{"taxonomy":"product_cat","embeddable":true,"href":"https:\/\/ranoja.ee\/en\/wp-json\/wp\/v2\/product_cat?post=26830"},{"taxonomy":"product_tag","embeddable":true,"href":"https:\/\/ranoja.ee\/en\/wp-json\/wp\/v2\/product_tag?post=26830"}],"curies":[{"name":"wp","href":"https:\/\/api.w.org\/{rel}","templated":true}]}}