{"id":26820,"date":"2026-01-20T16:59:41","date_gmt":"2026-01-20T13:59:41","guid":{"rendered":"https:\/\/ranoja.ee\/?post_type=product&#038;p=26820"},"modified":"2026-01-20T17:05:48","modified_gmt":"2026-01-20T14:05:48","slug":"ekskavaatori-katus-exc815","status":"publish","type":"product","link":"https:\/\/ranoja.ee\/en\/toode\/ekskavaatori-katus-exc815\/","title":{"rendered":"Ekskavaatori katus EXC815"},"content":{"rendered":"<p>Ekskavaatori katus EXC815<\/p>\n<p>Miniekskavaatorite lisaseadmed muudavad masina mitmek\u00fclgseks ja t\u00f5husaks t\u00f6\u00f6vahendiks erinevates t\u00f6\u00f6tingimustes. Valikusse kuuluvad erinevad kopad, haaratsid, t\u00f5stekahvlid, puurid ja muud t\u00f6\u00f6organid, mis sobivad nii ehitus-, haljastus-, kommunaal- kui ka metsat\u00f6\u00f6dele. Kaevet\u00f6\u00f6deks kasutatakse kaevekoppasid ja kraavikoppasid, pinnase tasandamiseks planeer- ja kallutatavaid koppasid. Haaratsid v\u00f5imaldavad turvaliselt k\u00e4sitseda palke, kive ja lammutusmaterjale, samas kui t\u00f5stekahvlid sobivad kaubaaluste ja ehitusmaterjalide teisaldamiseks. Maapuurid on ideaalne lahendus postide, piirete ja vundamendipostide paigaldamisel. Raskemate t\u00f6\u00f6de jaoks kasutatakse ripper\u2019eid ja h\u00fcdrovasaraid, mis sobivad k\u00fclmunud pinnase, kivide ja betooni purustamiseks. Kiirliitmikud v\u00f5imaldavad lisaseadmete kiiret vahetust, suurendades t\u00f6\u00f6 kiirust ja efektiivsust.<\/p>\n<p>Ekskavaatori katus EXC815<\/p>\n","protected":false},"excerpt":{"rendered":"<p>Ekskavaatori katus EXC815<\/p>\n<p>Praktiline ekskavaatori katus mugavaks t\u00f6\u00f6tamiseks isegi rasketes tingimustes<br \/>\nT\u00e4iuslik kaitse vihma, p\u00e4ikese ja muude ilmastikutingimuste ning langevate esemete eest<br \/>\nM\u00f5\u00f5tmed: 1040 x 720 x 230 mm, ekskavaatori koguk\u00f5rgus koos katusega 207 cm<br \/>\nLihtne kinnitamine<br \/>\nTugev ja vastupidav<br \/>\nSOBIB SEADMELE: EXC815<\/p>\n","protected":false},"featured_media":26821,"template":"","meta":{"inline_featured_image":false},"product_cat":[1090,886],"product_tag":[3124],"class_list":{"0":"post-26820","1":"product","2":"type-product","3":"status-publish","4":"has-post-thumbnail","6":"product_brand-scheppach","7":"product_cat-ehitustehnika","8":"product_cat-miniekskavaatorid","9":"product_tag-kopp","11":"first","12":"instock","13":"taxable","14":"shipping-taxable","15":"purchasable","16":"product-type-simple"},"yoast_head":"<!-- This site is optimized with the Yoast SEO plugin v27.4 - https:\/\/yoast.com\/product\/yoast-seo-wordpress\/ -->\n<title>Ekskavaatori katus EXC815<\/title>\n<meta name=\"description\" content=\"Ekskavaatori katus EXC815 - Praktiline ekskavaatori katus mugavaks t\u00f6\u00f6tamiseks isegi rasketes tingimustes, ekskavaatori koguk\u00f5rgus koos katusega 207 cm\" \/>\n<meta name=\"robots\" content=\"index, follow, max-snippet:-1, max-image-preview:large, max-video-preview:-1\" \/>\n<link rel=\"canonical\" href=\"https:\/\/ranoja.ee\/toode\/ekskavaatori-katus-exc815\/\" \/>\n<meta property=\"og:locale\" content=\"en_US\" \/>\n<meta property=\"og:type\" content=\"article\" \/>\n<meta property=\"og:title\" content=\"Ekskavaatori katus EXC815\" \/>\n<meta property=\"og:description\" content=\"Ekskavaatori katus EXC815 - Praktiline ekskavaatori katus mugavaks t\u00f6\u00f6tamiseks isegi rasketes tingimustes, ekskavaatori koguk\u00f5rgus koos katusega 207 cm\" \/>\n<meta property=\"og:url\" content=\"https:\/\/ranoja.ee\/toode\/ekskavaatori-katus-exc815\/\" \/>\n<meta property=\"og:site_name\" content=\"Ranoja\" \/>\n<meta property=\"article:publisher\" content=\"https:\/\/www.facebook.com\/ranoja.ee\" \/>\n<meta property=\"article:modified_time\" content=\"2026-01-20T14:05:48+00:00\" \/>\n<meta property=\"og:image\" content=\"https:\/\/ranoja.ee\/wp-content\/uploads\/2026\/01\/Ekskavaatori-katus-EXC815.jpg\" \/>\n\t<meta property=\"og:image:width\" content=\"570\" \/>\n\t<meta property=\"og:image:height\" content=\"900\" \/>\n\t<meta property=\"og:image:type\" content=\"image\/jpeg\" \/>\n<meta name=\"twitter:card\" content=\"summary_large_image\" \/>\n<meta name=\"twitter:label1\" content=\"Est. reading time\" \/>\n\t<meta name=\"twitter:data1\" content=\"1 minute\" \/>\n<script type=\"application\/ld+json\" class=\"yoast-schema-graph\">{\"@context\":\"https:\\\/\\\/schema.org\",\"@graph\":[{\"@type\":\"WebPage\",\"@id\":\"https:\\\/\\\/ranoja.ee\\\/toode\\\/ekskavaatori-katus-exc815\\\/\",\"url\":\"https:\\\/\\\/ranoja.ee\\\/toode\\\/ekskavaatori-katus-exc815\\\/\",\"name\":\"Ekskavaatori katus EXC815\",\"isPartOf\":{\"@id\":\"https:\\\/\\\/ranoja.ee\\\/#website\"},\"primaryImageOfPage\":{\"@id\":\"https:\\\/\\\/ranoja.ee\\\/toode\\\/ekskavaatori-katus-exc815\\\/#primaryimage\"},\"image\":{\"@id\":\"https:\\\/\\\/ranoja.ee\\\/toode\\\/ekskavaatori-katus-exc815\\\/#primaryimage\"},\"thumbnailUrl\":\"https:\\\/\\\/ranoja.ee\\\/wp-content\\\/uploads\\\/2026\\\/01\\\/Ekskavaatori-katus-EXC815.jpg\",\"datePublished\":\"2026-01-20T13:59:41+00:00\",\"dateModified\":\"2026-01-20T14:05:48+00:00\",\"description\":\"Ekskavaatori katus EXC815 - Praktiline ekskavaatori katus mugavaks t\u00f6\u00f6tamiseks isegi rasketes tingimustes, ekskavaatori koguk\u00f5rgus koos katusega 207 cm\",\"breadcrumb\":{\"@id\":\"https:\\\/\\\/ranoja.ee\\\/toode\\\/ekskavaatori-katus-exc815\\\/#breadcrumb\"},\"inLanguage\":\"en-US\",\"potentialAction\":[{\"@type\":\"ReadAction\",\"target\":[\"https:\\\/\\\/ranoja.ee\\\/toode\\\/ekskavaatori-katus-exc815\\\/\"]}]},{\"@type\":\"ImageObject\",\"inLanguage\":\"en-US\",\"@id\":\"https:\\\/\\\/ranoja.ee\\\/toode\\\/ekskavaatori-katus-exc815\\\/#primaryimage\",\"url\":\"https:\\\/\\\/ranoja.ee\\\/wp-content\\\/uploads\\\/2026\\\/01\\\/Ekskavaatori-katus-EXC815.jpg\",\"contentUrl\":\"https:\\\/\\\/ranoja.ee\\\/wp-content\\\/uploads\\\/2026\\\/01\\\/Ekskavaatori-katus-EXC815.jpg\",\"width\":570,\"height\":900,\"caption\":\"Ekskavaatori katus EXC815\"},{\"@type\":\"BreadcrumbList\",\"@id\":\"https:\\\/\\\/ranoja.ee\\\/toode\\\/ekskavaatori-katus-exc815\\\/#breadcrumb\",\"itemListElement\":[{\"@type\":\"ListItem\",\"position\":1,\"name\":\"Home\",\"item\":\"https:\\\/\\\/ranoja.ee\\\/\"},{\"@type\":\"ListItem\",\"position\":2,\"name\":\"Shop\",\"item\":\"https:\\\/\\\/ranoja.ee\\\/en\\\/shop\\\/\"},{\"@type\":\"ListItem\",\"position\":3,\"name\":\"Ekskavaatori katus EXC815\"}]},{\"@type\":\"WebSite\",\"@id\":\"https:\\\/\\\/ranoja.ee\\\/#website\",\"url\":\"https:\\\/\\\/ranoja.ee\\\/\",\"name\":\"Ranoja\",\"description\":\"Equipment Shop WooCommerce WordPress Theme for Machine &amp; Tools\",\"publisher\":{\"@id\":\"https:\\\/\\\/ranoja.ee\\\/#organization\"},\"potentialAction\":[{\"@type\":\"SearchAction\",\"target\":{\"@type\":\"EntryPoint\",\"urlTemplate\":\"https:\\\/\\\/ranoja.ee\\\/?s={search_term_string}\"},\"query-input\":{\"@type\":\"PropertyValueSpecification\",\"valueRequired\":true,\"valueName\":\"search_term_string\"}}],\"inLanguage\":\"en-US\"},{\"@type\":\"Organization\",\"@id\":\"https:\\\/\\\/ranoja.ee\\\/#organization\",\"name\":\"Ranoja O\u00dc\",\"url\":\"https:\\\/\\\/ranoja.ee\\\/\",\"logo\":{\"@type\":\"ImageObject\",\"inLanguage\":\"en-US\",\"@id\":\"https:\\\/\\\/ranoja.ee\\\/#\\\/schema\\\/logo\\\/image\\\/\",\"url\":\"https:\\\/\\\/ranoja.ee\\\/wp-content\\\/uploads\\\/2023\\\/11\\\/ranoja-Logo.png\",\"contentUrl\":\"https:\\\/\\\/ranoja.ee\\\/wp-content\\\/uploads\\\/2023\\\/11\\\/ranoja-Logo.png\",\"width\":207,\"height\":58,\"caption\":\"Ranoja O\u00dc\"},\"image\":{\"@id\":\"https:\\\/\\\/ranoja.ee\\\/#\\\/schema\\\/logo\\\/image\\\/\"},\"sameAs\":[\"https:\\\/\\\/www.facebook.com\\\/ranoja.ee\",\"https:\\\/\\\/www.instagram.com\\\/ranoja__\\\/\"]}]}<\/script>\n<!-- \/ Yoast SEO plugin. -->","yoast_head_json":{"title":"Ekskavaatori katus EXC815","description":"Ekskavaatori katus EXC815 - Praktiline ekskavaatori katus mugavaks t\u00f6\u00f6tamiseks isegi rasketes tingimustes, ekskavaatori koguk\u00f5rgus koos katusega 207 cm","robots":{"index":"index","follow":"follow","max-snippet":"max-snippet:-1","max-image-preview":"max-image-preview:large","max-video-preview":"max-video-preview:-1"},"canonical":"https:\/\/ranoja.ee\/toode\/ekskavaatori-katus-exc815\/","og_locale":"en_US","og_type":"article","og_title":"Ekskavaatori katus EXC815","og_description":"Ekskavaatori katus EXC815 - Praktiline ekskavaatori katus mugavaks t\u00f6\u00f6tamiseks isegi rasketes tingimustes, ekskavaatori koguk\u00f5rgus koos katusega 207 cm","og_url":"https:\/\/ranoja.ee\/toode\/ekskavaatori-katus-exc815\/","og_site_name":"Ranoja","article_publisher":"https:\/\/www.facebook.com\/ranoja.ee","article_modified_time":"2026-01-20T14:05:48+00:00","og_image":[{"width":570,"height":900,"url":"https:\/\/ranoja.ee\/wp-content\/uploads\/2026\/01\/Ekskavaatori-katus-EXC815.jpg","type":"image\/jpeg"}],"twitter_card":"summary_large_image","twitter_misc":{"Est. reading time":"1 minute"},"schema":{"@context":"https:\/\/schema.org","@graph":[{"@type":"WebPage","@id":"https:\/\/ranoja.ee\/toode\/ekskavaatori-katus-exc815\/","url":"https:\/\/ranoja.ee\/toode\/ekskavaatori-katus-exc815\/","name":"Ekskavaatori katus EXC815","isPartOf":{"@id":"https:\/\/ranoja.ee\/#website"},"primaryImageOfPage":{"@id":"https:\/\/ranoja.ee\/toode\/ekskavaatori-katus-exc815\/#primaryimage"},"image":{"@id":"https:\/\/ranoja.ee\/toode\/ekskavaatori-katus-exc815\/#primaryimage"},"thumbnailUrl":"https:\/\/ranoja.ee\/wp-content\/uploads\/2026\/01\/Ekskavaatori-katus-EXC815.jpg","datePublished":"2026-01-20T13:59:41+00:00","dateModified":"2026-01-20T14:05:48+00:00","description":"Ekskavaatori katus EXC815 - Praktiline ekskavaatori katus mugavaks t\u00f6\u00f6tamiseks isegi rasketes tingimustes, ekskavaatori koguk\u00f5rgus koos katusega 207 cm","breadcrumb":{"@id":"https:\/\/ranoja.ee\/toode\/ekskavaatori-katus-exc815\/#breadcrumb"},"inLanguage":"en-US","potentialAction":[{"@type":"ReadAction","target":["https:\/\/ranoja.ee\/toode\/ekskavaatori-katus-exc815\/"]}]},{"@type":"ImageObject","inLanguage":"en-US","@id":"https:\/\/ranoja.ee\/toode\/ekskavaatori-katus-exc815\/#primaryimage","url":"https:\/\/ranoja.ee\/wp-content\/uploads\/2026\/01\/Ekskavaatori-katus-EXC815.jpg","contentUrl":"https:\/\/ranoja.ee\/wp-content\/uploads\/2026\/01\/Ekskavaatori-katus-EXC815.jpg","width":570,"height":900,"caption":"Ekskavaatori katus EXC815"},{"@type":"BreadcrumbList","@id":"https:\/\/ranoja.ee\/toode\/ekskavaatori-katus-exc815\/#breadcrumb","itemListElement":[{"@type":"ListItem","position":1,"name":"Home","item":"https:\/\/ranoja.ee\/"},{"@type":"ListItem","position":2,"name":"Shop","item":"https:\/\/ranoja.ee\/en\/shop\/"},{"@type":"ListItem","position":3,"name":"Ekskavaatori katus EXC815"}]},{"@type":"WebSite","@id":"https:\/\/ranoja.ee\/#website","url":"https:\/\/ranoja.ee\/","name":"Ranoja","description":"Equipment Shop WooCommerce WordPress Theme for Machine &amp; Tools","publisher":{"@id":"https:\/\/ranoja.ee\/#organization"},"potentialAction":[{"@type":"SearchAction","target":{"@type":"EntryPoint","urlTemplate":"https:\/\/ranoja.ee\/?s={search_term_string}"},"query-input":{"@type":"PropertyValueSpecification","valueRequired":true,"valueName":"search_term_string"}}],"inLanguage":"en-US"},{"@type":"Organization","@id":"https:\/\/ranoja.ee\/#organization","name":"Ranoja O\u00dc","url":"https:\/\/ranoja.ee\/","logo":{"@type":"ImageObject","inLanguage":"en-US","@id":"https:\/\/ranoja.ee\/#\/schema\/logo\/image\/","url":"https:\/\/ranoja.ee\/wp-content\/uploads\/2023\/11\/ranoja-Logo.png","contentUrl":"https:\/\/ranoja.ee\/wp-content\/uploads\/2023\/11\/ranoja-Logo.png","width":207,"height":58,"caption":"Ranoja O\u00dc"},"image":{"@id":"https:\/\/ranoja.ee\/#\/schema\/logo\/image\/"},"sameAs":["https:\/\/www.facebook.com\/ranoja.ee","https:\/\/www.instagram.com\/ranoja__\/"]}]}},"_links":{"self":[{"href":"https:\/\/ranoja.ee\/en\/wp-json\/wp\/v2\/product\/26820","targetHints":{"allow":["GET"]}}],"collection":[{"href":"https:\/\/ranoja.ee\/en\/wp-json\/wp\/v2\/product"}],"about":[{"href":"https:\/\/ranoja.ee\/en\/wp-json\/wp\/v2\/types\/product"}],"wp:featuredmedia":[{"embeddable":true,"href":"https:\/\/ranoja.ee\/en\/wp-json\/wp\/v2\/media\/26821"}],"wp:attachment":[{"href":"https:\/\/ranoja.ee\/en\/wp-json\/wp\/v2\/media?parent=26820"}],"wp:term":[{"taxonomy":"product_cat","embeddable":true,"href":"https:\/\/ranoja.ee\/en\/wp-json\/wp\/v2\/product_cat?post=26820"},{"taxonomy":"product_tag","embeddable":true,"href":"https:\/\/ranoja.ee\/en\/wp-json\/wp\/v2\/product_tag?post=26820"}],"curies":[{"name":"wp","href":"https:\/\/api.w.org\/{rel}","templated":true}]}}