{"id":26774,"date":"2026-01-20T16:51:10","date_gmt":"2026-01-20T13:51:10","guid":{"rendered":"https:\/\/ranoja.ee\/?post_type=product&#038;p=26774"},"modified":"2026-01-29T17:31:20","modified_gmt":"2026-01-29T14:31:20","slug":"ekskavaatori-planeerimiskopp-530-mm","status":"publish","type":"product","link":"https:\/\/ranoja.ee\/en\/toode\/ekskavaatori-planeerimiskopp-530-mm\/","title":{"rendered":"Ekskavaatori planeerimiskopp 530 mm"},"content":{"rendered":"<p>Ekskavaatori planeerimiskopp 530 mm<\/p>\n<p>Miniekskavaatorite lisaseadmed muudavad masina mitmek\u00fclgseks ja t\u00f5husaks t\u00f6\u00f6vahendiks erinevates t\u00f6\u00f6tingimustes. Valikusse kuuluvad erinevad kopad, haaratsid, t\u00f5stekahvlid, puurid ja muud t\u00f6\u00f6organid, mis sobivad nii ehitus-, haljastus-, kommunaal- kui ka metsat\u00f6\u00f6dele.<\/p>\n<p>Kaevet\u00f6\u00f6deks kasutatakse kaevekoppasid ja kraavikoppasid, pinnase tasandamiseks planeer- ja kallutatavaid koppasid. Haaratsid v\u00f5imaldavad turvaliselt k\u00e4sitseda palke, kive ja lammutusmaterjale, samas kui t\u00f5stekahvlid sobivad kaubaaluste ja ehitusmaterjalide teisaldamiseks. <\/p>\n<p>Maapuurid on ideaalne lahendus postide, piirete ja vundamendipostide paigaldamisel. Raskemate t\u00f6\u00f6de jaoks kasutatakse ripper\u2019eid ja h\u00fcdrovasaraid, mis sobivad k\u00fclmunud pinnase, kivide ja betooni purustamiseks. Kiirliitmikud v\u00f5imaldavad lisaseadmete kiiret vahetust, suurendades t\u00f6\u00f6 kiirust ja efektiivsust.<\/p>\n<p>Ekskavaatori planeerimiskopp 530 mm<\/p>\n","protected":false},"excerpt":{"rendered":"<p>Ekskavaatori planeerimiskopp 530 mm<br \/>\nTugev kopp mulla ja muu prahi kobestamiseks, transportimiseks ja t\u00fchjendamiseks<br \/>\nV\u00e4ga mitmek\u00fclgne: Sobib suurep\u00e4raselt ka muru koorimiseks, alade tasandamiseks ja pindade kujundamiseks<br \/>\nT\u00f6\u00f6laius: 530 mm<br \/>\nKopa maht: Umbes 18.5 liitrit ja 0.0185 m\u00b3<br \/>\nLihtne kinnitamine<br \/>\nTugev ja vastupidav<br \/>\nPlaneerimiskopp sobib Scheppach miniekskavaator EXC815<\/p>\n","protected":false},"featured_media":26811,"template":"","meta":{"inline_featured_image":false},"product_cat":[1090,886],"product_tag":[3363,3127,3124,3364,3126],"class_list":{"0":"post-26774","1":"product","2":"type-product","3":"status-publish","4":"has-post-thumbnail","6":"product_cat-ehitustehnika","7":"product_cat-miniekskavaatorid","8":"product_tag-ekskavaatori-planeerimiskopp-530-mm","9":"product_tag-exc815","10":"product_tag-kopp","11":"product_tag-planeerimiskopp","12":"product_tag-scheppach-miniekskavaator-exc815","14":"first","15":"instock","16":"taxable","17":"shipping-taxable","18":"purchasable","19":"product-type-simple"},"yoast_head":"<!-- This site is optimized with the Yoast SEO plugin v27.4 - https:\/\/yoast.com\/product\/yoast-seo-wordpress\/ -->\n<title>Ekskavaatori planeerimiskopp 530 mm<\/title>\n<meta name=\"description\" content=\"Ekskavaatori planeerimiskopp 530 mm V\u00e4ga mitmek\u00fclgne kopp. Sobib suurep\u00e4raselt ka muru koorimiseks, alade tasandamiseks ja pindade kujundamiseks\" \/>\n<meta name=\"robots\" content=\"index, follow, max-snippet:-1, max-image-preview:large, max-video-preview:-1\" \/>\n<link rel=\"canonical\" href=\"https:\/\/ranoja.ee\/toode\/ekskavaatori-planeerimiskopp-530-mm\/\" \/>\n<meta property=\"og:locale\" content=\"en_US\" \/>\n<meta property=\"og:type\" content=\"article\" \/>\n<meta property=\"og:title\" content=\"Ekskavaatori planeerimiskopp 530 mm\" \/>\n<meta property=\"og:description\" content=\"Ekskavaatori planeerimiskopp 530 mm V\u00e4ga mitmek\u00fclgne kopp. Sobib suurep\u00e4raselt ka muru koorimiseks, alade tasandamiseks ja pindade kujundamiseks\" \/>\n<meta property=\"og:url\" content=\"https:\/\/ranoja.ee\/toode\/ekskavaatori-planeerimiskopp-530-mm\/\" \/>\n<meta property=\"og:site_name\" content=\"Ranoja\" \/>\n<meta property=\"article:publisher\" content=\"https:\/\/www.facebook.com\/ranoja.ee\" \/>\n<meta property=\"article:modified_time\" content=\"2026-01-29T14:31:20+00:00\" \/>\n<meta property=\"og:image\" content=\"https:\/\/ranoja.ee\/wp-content\/uploads\/2026\/01\/Ekskavaatori-planeerimiskopp-530mm-2.jpg\" \/>\n\t<meta property=\"og:image:width\" content=\"900\" \/>\n\t<meta property=\"og:image:height\" content=\"780\" \/>\n\t<meta property=\"og:image:type\" content=\"image\/jpeg\" \/>\n<meta name=\"twitter:card\" content=\"summary_large_image\" \/>\n<meta name=\"twitter:label1\" content=\"Est. reading time\" \/>\n\t<meta name=\"twitter:data1\" content=\"1 minute\" \/>\n<script type=\"application\/ld+json\" class=\"yoast-schema-graph\">{\"@context\":\"https:\\\/\\\/schema.org\",\"@graph\":[{\"@type\":\"WebPage\",\"@id\":\"https:\\\/\\\/ranoja.ee\\\/toode\\\/ekskavaatori-planeerimiskopp-530-mm\\\/\",\"url\":\"https:\\\/\\\/ranoja.ee\\\/toode\\\/ekskavaatori-planeerimiskopp-530-mm\\\/\",\"name\":\"Ekskavaatori planeerimiskopp 530 mm\",\"isPartOf\":{\"@id\":\"https:\\\/\\\/ranoja.ee\\\/#website\"},\"primaryImageOfPage\":{\"@id\":\"https:\\\/\\\/ranoja.ee\\\/toode\\\/ekskavaatori-planeerimiskopp-530-mm\\\/#primaryimage\"},\"image\":{\"@id\":\"https:\\\/\\\/ranoja.ee\\\/toode\\\/ekskavaatori-planeerimiskopp-530-mm\\\/#primaryimage\"},\"thumbnailUrl\":\"https:\\\/\\\/ranoja.ee\\\/wp-content\\\/uploads\\\/2026\\\/01\\\/Ekskavaatori-planeerimiskopp-530mm-2.jpg\",\"datePublished\":\"2026-01-20T13:51:10+00:00\",\"dateModified\":\"2026-01-29T14:31:20+00:00\",\"description\":\"Ekskavaatori planeerimiskopp 530 mm V\u00e4ga mitmek\u00fclgne kopp. Sobib suurep\u00e4raselt ka muru koorimiseks, alade tasandamiseks ja pindade kujundamiseks\",\"breadcrumb\":{\"@id\":\"https:\\\/\\\/ranoja.ee\\\/toode\\\/ekskavaatori-planeerimiskopp-530-mm\\\/#breadcrumb\"},\"inLanguage\":\"en-US\",\"potentialAction\":[{\"@type\":\"ReadAction\",\"target\":[\"https:\\\/\\\/ranoja.ee\\\/toode\\\/ekskavaatori-planeerimiskopp-530-mm\\\/\"]}]},{\"@type\":\"ImageObject\",\"inLanguage\":\"en-US\",\"@id\":\"https:\\\/\\\/ranoja.ee\\\/toode\\\/ekskavaatori-planeerimiskopp-530-mm\\\/#primaryimage\",\"url\":\"https:\\\/\\\/ranoja.ee\\\/wp-content\\\/uploads\\\/2026\\\/01\\\/Ekskavaatori-planeerimiskopp-530mm-2.jpg\",\"contentUrl\":\"https:\\\/\\\/ranoja.ee\\\/wp-content\\\/uploads\\\/2026\\\/01\\\/Ekskavaatori-planeerimiskopp-530mm-2.jpg\",\"width\":900,\"height\":780,\"caption\":\"Ekskavaatori planeerimiskopp 530mm\"},{\"@type\":\"BreadcrumbList\",\"@id\":\"https:\\\/\\\/ranoja.ee\\\/toode\\\/ekskavaatori-planeerimiskopp-530-mm\\\/#breadcrumb\",\"itemListElement\":[{\"@type\":\"ListItem\",\"position\":1,\"name\":\"Home\",\"item\":\"https:\\\/\\\/ranoja.ee\\\/\"},{\"@type\":\"ListItem\",\"position\":2,\"name\":\"Shop\",\"item\":\"https:\\\/\\\/ranoja.ee\\\/en\\\/shop\\\/\"},{\"@type\":\"ListItem\",\"position\":3,\"name\":\"Ekskavaatori planeerimiskopp 530 mm\"}]},{\"@type\":\"WebSite\",\"@id\":\"https:\\\/\\\/ranoja.ee\\\/#website\",\"url\":\"https:\\\/\\\/ranoja.ee\\\/\",\"name\":\"Ranoja\",\"description\":\"Equipment Shop WooCommerce WordPress Theme for Machine &amp; Tools\",\"publisher\":{\"@id\":\"https:\\\/\\\/ranoja.ee\\\/#organization\"},\"potentialAction\":[{\"@type\":\"SearchAction\",\"target\":{\"@type\":\"EntryPoint\",\"urlTemplate\":\"https:\\\/\\\/ranoja.ee\\\/?s={search_term_string}\"},\"query-input\":{\"@type\":\"PropertyValueSpecification\",\"valueRequired\":true,\"valueName\":\"search_term_string\"}}],\"inLanguage\":\"en-US\"},{\"@type\":\"Organization\",\"@id\":\"https:\\\/\\\/ranoja.ee\\\/#organization\",\"name\":\"Ranoja O\u00dc\",\"url\":\"https:\\\/\\\/ranoja.ee\\\/\",\"logo\":{\"@type\":\"ImageObject\",\"inLanguage\":\"en-US\",\"@id\":\"https:\\\/\\\/ranoja.ee\\\/#\\\/schema\\\/logo\\\/image\\\/\",\"url\":\"https:\\\/\\\/ranoja.ee\\\/wp-content\\\/uploads\\\/2023\\\/11\\\/ranoja-Logo.png\",\"contentUrl\":\"https:\\\/\\\/ranoja.ee\\\/wp-content\\\/uploads\\\/2023\\\/11\\\/ranoja-Logo.png\",\"width\":207,\"height\":58,\"caption\":\"Ranoja O\u00dc\"},\"image\":{\"@id\":\"https:\\\/\\\/ranoja.ee\\\/#\\\/schema\\\/logo\\\/image\\\/\"},\"sameAs\":[\"https:\\\/\\\/www.facebook.com\\\/ranoja.ee\",\"https:\\\/\\\/www.instagram.com\\\/ranoja__\\\/\"]}]}<\/script>\n<!-- \/ Yoast SEO plugin. -->","yoast_head_json":{"title":"Ekskavaatori planeerimiskopp 530 mm","description":"Ekskavaatori planeerimiskopp 530 mm V\u00e4ga mitmek\u00fclgne kopp. Sobib suurep\u00e4raselt ka muru koorimiseks, alade tasandamiseks ja pindade kujundamiseks","robots":{"index":"index","follow":"follow","max-snippet":"max-snippet:-1","max-image-preview":"max-image-preview:large","max-video-preview":"max-video-preview:-1"},"canonical":"https:\/\/ranoja.ee\/toode\/ekskavaatori-planeerimiskopp-530-mm\/","og_locale":"en_US","og_type":"article","og_title":"Ekskavaatori planeerimiskopp 530 mm","og_description":"Ekskavaatori planeerimiskopp 530 mm V\u00e4ga mitmek\u00fclgne kopp. Sobib suurep\u00e4raselt ka muru koorimiseks, alade tasandamiseks ja pindade kujundamiseks","og_url":"https:\/\/ranoja.ee\/toode\/ekskavaatori-planeerimiskopp-530-mm\/","og_site_name":"Ranoja","article_publisher":"https:\/\/www.facebook.com\/ranoja.ee","article_modified_time":"2026-01-29T14:31:20+00:00","og_image":[{"width":900,"height":780,"url":"https:\/\/ranoja.ee\/wp-content\/uploads\/2026\/01\/Ekskavaatori-planeerimiskopp-530mm-2.jpg","type":"image\/jpeg"}],"twitter_card":"summary_large_image","twitter_misc":{"Est. reading time":"1 minute"},"schema":{"@context":"https:\/\/schema.org","@graph":[{"@type":"WebPage","@id":"https:\/\/ranoja.ee\/toode\/ekskavaatori-planeerimiskopp-530-mm\/","url":"https:\/\/ranoja.ee\/toode\/ekskavaatori-planeerimiskopp-530-mm\/","name":"Ekskavaatori planeerimiskopp 530 mm","isPartOf":{"@id":"https:\/\/ranoja.ee\/#website"},"primaryImageOfPage":{"@id":"https:\/\/ranoja.ee\/toode\/ekskavaatori-planeerimiskopp-530-mm\/#primaryimage"},"image":{"@id":"https:\/\/ranoja.ee\/toode\/ekskavaatori-planeerimiskopp-530-mm\/#primaryimage"},"thumbnailUrl":"https:\/\/ranoja.ee\/wp-content\/uploads\/2026\/01\/Ekskavaatori-planeerimiskopp-530mm-2.jpg","datePublished":"2026-01-20T13:51:10+00:00","dateModified":"2026-01-29T14:31:20+00:00","description":"Ekskavaatori planeerimiskopp 530 mm V\u00e4ga mitmek\u00fclgne kopp. Sobib suurep\u00e4raselt ka muru koorimiseks, alade tasandamiseks ja pindade kujundamiseks","breadcrumb":{"@id":"https:\/\/ranoja.ee\/toode\/ekskavaatori-planeerimiskopp-530-mm\/#breadcrumb"},"inLanguage":"en-US","potentialAction":[{"@type":"ReadAction","target":["https:\/\/ranoja.ee\/toode\/ekskavaatori-planeerimiskopp-530-mm\/"]}]},{"@type":"ImageObject","inLanguage":"en-US","@id":"https:\/\/ranoja.ee\/toode\/ekskavaatori-planeerimiskopp-530-mm\/#primaryimage","url":"https:\/\/ranoja.ee\/wp-content\/uploads\/2026\/01\/Ekskavaatori-planeerimiskopp-530mm-2.jpg","contentUrl":"https:\/\/ranoja.ee\/wp-content\/uploads\/2026\/01\/Ekskavaatori-planeerimiskopp-530mm-2.jpg","width":900,"height":780,"caption":"Ekskavaatori planeerimiskopp 530mm"},{"@type":"BreadcrumbList","@id":"https:\/\/ranoja.ee\/toode\/ekskavaatori-planeerimiskopp-530-mm\/#breadcrumb","itemListElement":[{"@type":"ListItem","position":1,"name":"Home","item":"https:\/\/ranoja.ee\/"},{"@type":"ListItem","position":2,"name":"Shop","item":"https:\/\/ranoja.ee\/en\/shop\/"},{"@type":"ListItem","position":3,"name":"Ekskavaatori planeerimiskopp 530 mm"}]},{"@type":"WebSite","@id":"https:\/\/ranoja.ee\/#website","url":"https:\/\/ranoja.ee\/","name":"Ranoja","description":"Equipment Shop WooCommerce WordPress Theme for Machine &amp; Tools","publisher":{"@id":"https:\/\/ranoja.ee\/#organization"},"potentialAction":[{"@type":"SearchAction","target":{"@type":"EntryPoint","urlTemplate":"https:\/\/ranoja.ee\/?s={search_term_string}"},"query-input":{"@type":"PropertyValueSpecification","valueRequired":true,"valueName":"search_term_string"}}],"inLanguage":"en-US"},{"@type":"Organization","@id":"https:\/\/ranoja.ee\/#organization","name":"Ranoja O\u00dc","url":"https:\/\/ranoja.ee\/","logo":{"@type":"ImageObject","inLanguage":"en-US","@id":"https:\/\/ranoja.ee\/#\/schema\/logo\/image\/","url":"https:\/\/ranoja.ee\/wp-content\/uploads\/2023\/11\/ranoja-Logo.png","contentUrl":"https:\/\/ranoja.ee\/wp-content\/uploads\/2023\/11\/ranoja-Logo.png","width":207,"height":58,"caption":"Ranoja O\u00dc"},"image":{"@id":"https:\/\/ranoja.ee\/#\/schema\/logo\/image\/"},"sameAs":["https:\/\/www.facebook.com\/ranoja.ee","https:\/\/www.instagram.com\/ranoja__\/"]}]}},"_links":{"self":[{"href":"https:\/\/ranoja.ee\/en\/wp-json\/wp\/v2\/product\/26774","targetHints":{"allow":["GET"]}}],"collection":[{"href":"https:\/\/ranoja.ee\/en\/wp-json\/wp\/v2\/product"}],"about":[{"href":"https:\/\/ranoja.ee\/en\/wp-json\/wp\/v2\/types\/product"}],"wp:featuredmedia":[{"embeddable":true,"href":"https:\/\/ranoja.ee\/en\/wp-json\/wp\/v2\/media\/26811"}],"wp:attachment":[{"href":"https:\/\/ranoja.ee\/en\/wp-json\/wp\/v2\/media?parent=26774"}],"wp:term":[{"taxonomy":"product_cat","embeddable":true,"href":"https:\/\/ranoja.ee\/en\/wp-json\/wp\/v2\/product_cat?post=26774"},{"taxonomy":"product_tag","embeddable":true,"href":"https:\/\/ranoja.ee\/en\/wp-json\/wp\/v2\/product_tag?post=26774"}],"curies":[{"name":"wp","href":"https:\/\/api.w.org\/{rel}","templated":true}]}}