{"id":26685,"date":"2026-01-20T16:17:39","date_gmt":"2026-01-20T13:17:39","guid":{"rendered":"https:\/\/ranoja.ee\/?post_type=product&#038;p=26685"},"modified":"2026-01-20T16:26:03","modified_gmt":"2026-01-20T13:26:03","slug":"puiduhakkuri-loikemehhanism-m-120-kuue-noaga","status":"publish","type":"product","link":"https:\/\/ranoja.ee\/en\/toode\/puiduhakkuri-loikemehhanism-m-120-kuue-noaga\/","title":{"rendered":"Puiduhakkuri l\u00f5ikemehhanism M-120 kuue noaga"},"content":{"rendered":"<p>Puiduhakkuri l\u00f5ikemehhanism M-120 kuue noaga <\/p>\n<p>L\u00f5ikemehhanism M-120 on m\u00f5eldud kuni 12 cm l\u00e4bim\u00f5\u00f5duga okste l\u00f5ikamiseks. Selle on projekteerinud ja tootnud REMET CNC TECHNOLOGY sertifitseeritud 20 mm paksusest lehtmetallist. Keevitatud konstruktsioon tagab piisava j\u00e4ikuse ja vastupidavuse. T\u00f6\u00f6deldud t\u00e4ppis-CNC-t\u00f6\u00f6tluskeskuses \u00fchest allikast, tagades sobiva kvaliteedi, t\u00e4psuse ja kontsentrilisuse, mis t\u00e4hendab komponentide ja seadme pikka eluiga. Mehhanism on varustatud laiendus- ja kinnitush\u00fclsiga l\u00f5iketerade positsioneerimiseks ning toimib ka \u00fclekoormuskaitsena.<\/p>\n<p>M-120 konstruktsioon on tugev ja j\u00e4ik, mis v\u00f5imaldab tal t\u00f6\u00f6tada stabiilselt ka suurte koormuste ja pideva kasutuse korral. L\u00f5ikemehhanismi keskmes on kvaliteetsed l\u00f5iketerad, mis on valmistatud kulumiskindlatest materjalidest ning m\u00f5eldud pikaajaliseks kasutamiseks. Terade geomeetria ja paigutus on optimeeritud nii, et l\u00f5ikamine oleks puhas, \u00fchtlane ja energiat\u00f5hus, v\u00e4hendades samal ajal materjali deformatsiooni.<\/p>\n<p>J\u00f5u\u00fclekanne v\u00f5imaldab \u00fchtlast ja kontrollitud liikumist, tagades, et l\u00f5ikej\u00f5ud ja kiirus vastavad etteantud parameetritele. See on eriti oluline olukordades, kus t\u00f6\u00f6deldakse erineva paksuse v\u00f5i omadustega materjale. Mudel M-40 on kavandatud nii, et seda oleks lihtne integreerida olemasolevatesse s\u00fcsteemidesse ning vajadusel reguleerida vastavalt konkreetsetele t\u00f6\u00f6tingimustele.<\/p>\n<p>Puiduhakkuri l\u00f5ikemehhanism M-100 nelja noaga <\/p>\n","protected":false},"excerpt":{"rendered":"<p>Puiduhakkuri l\u00f5ikemehhanism M-120 kuue noaga<br \/>\nMinimaalne\/soovitatav traktori v\u00f5imsus: 25\/35 hj<br \/>\nSoovituslik j\u00f5uv\u00f5tuv\u00f5lli kiirus: 540 p\/min<br \/>\nNoa paksus: 10 mm<br \/>\nMehhanismi siselaius: 180 mm<br \/>\nHammasrataste l\u00e4bim\u00f5\u00f5t: 200 mm<br \/>\nL\u00f5ikemehhanismi korpuse paksus: 20 mm<br \/>\nL\u00f5igatavate okste pikkus kuue noaga: 8-15 cm<br \/>\nL\u00f5ikenugade tootmine: Kulumiskindel teras suurenenud k\u00f5vadusega<br \/>\nOkste maksimaalne l\u00f5ikel\u00e4bim\u00f5\u00f5t v\u00e4rske pehme puit: 120 mm<br \/>\nOkste maksimaalne l\u00f5ikel\u00e4bim\u00f5\u00f5t v\u00e4rske lehtpuu: 110 mm<br \/>\nOkste maksimaalne l\u00f5ikel\u00e4bim\u00f5\u00f5t kuiv lehtpuu: 100 mm<br \/>\nTootekood: 5M120<br \/>\nKaal: 100 kg<br \/>\n<strong>Eeldatav tarneaeg 2-3 n\u00e4dalat<\/strong><\/p>\n","protected":false},"featured_media":26716,"template":"","meta":{"inline_featured_image":false},"product_cat":[1087,3013],"product_tag":[3115,3116,84,1021,3106,3114,3017],"class_list":{"0":"post-26685","1":"product","2":"type-product","3":"status-publish","4":"has-post-thumbnail","6":"product_brand-remet-cnc-technology","7":"product_cat-metsatehnika","8":"product_cat-puiduhakkurid","9":"product_tag-5m120","10":"product_tag-m-120","11":"product_tag-oksapurustaja","12":"product_tag-puiduhakkur","13":"product_tag-puiduhakkuri-loikemehhanism","14":"product_tag-puiduhakkuri-loikemehhanism-m-120-kuue-noaga","15":"product_tag-remet-cnc-technology","17":"first","18":"instock","19":"taxable","20":"shipping-taxable","21":"purchasable","22":"product-type-simple"},"yoast_head":"<!-- This site is optimized with the Yoast SEO plugin v27.4 - https:\/\/yoast.com\/product\/yoast-seo-wordpress\/ -->\n<title>Puiduhakkuri l\u00f5ikemehhanism M-120 kuue noaga<\/title>\n<meta name=\"description\" content=\"Puiduhakkuri l\u00f5ikemehhanism M-120 kuue noaga See puiduhakkuri l\u00f5ikemehhanism on m\u00f5eldud kuni 12 cm l\u00e4bim\u00f5\u00f5duga okste l\u00f5ikamiseks.\" \/>\n<meta name=\"robots\" content=\"index, follow, max-snippet:-1, max-image-preview:large, max-video-preview:-1\" \/>\n<link rel=\"canonical\" href=\"https:\/\/ranoja.ee\/toode\/puiduhakkuri-loikemehhanism-m-120-kuue-noaga\/\" \/>\n<meta property=\"og:locale\" content=\"en_US\" \/>\n<meta property=\"og:type\" content=\"article\" \/>\n<meta property=\"og:title\" content=\"Puiduhakkuri l\u00f5ikemehhanism M-120 kuue noaga\" \/>\n<meta property=\"og:description\" content=\"Puiduhakkuri l\u00f5ikemehhanism M-120 kuue noaga See puiduhakkuri l\u00f5ikemehhanism on m\u00f5eldud kuni 12 cm l\u00e4bim\u00f5\u00f5duga okste l\u00f5ikamiseks.\" \/>\n<meta property=\"og:url\" content=\"https:\/\/ranoja.ee\/toode\/puiduhakkuri-loikemehhanism-m-120-kuue-noaga\/\" \/>\n<meta property=\"og:site_name\" content=\"Ranoja\" \/>\n<meta property=\"article:publisher\" content=\"https:\/\/www.facebook.com\/ranoja.ee\" \/>\n<meta property=\"article:modified_time\" content=\"2026-01-20T13:26:03+00:00\" \/>\n<meta property=\"og:image\" content=\"https:\/\/ranoja.ee\/wp-content\/uploads\/2026\/01\/Puiduhakkuri-loikemehhanism-M-120-kuue-noaga-2.png\" \/>\n\t<meta property=\"og:image:width\" content=\"458\" \/>\n\t<meta property=\"og:image:height\" content=\"458\" \/>\n\t<meta property=\"og:image:type\" content=\"image\/png\" \/>\n<meta name=\"twitter:card\" content=\"summary_large_image\" \/>\n<meta name=\"twitter:label1\" content=\"Est. reading time\" \/>\n\t<meta name=\"twitter:data1\" content=\"2 minutes\" \/>\n<script type=\"application\/ld+json\" class=\"yoast-schema-graph\">{\"@context\":\"https:\\\/\\\/schema.org\",\"@graph\":[{\"@type\":\"WebPage\",\"@id\":\"https:\\\/\\\/ranoja.ee\\\/toode\\\/puiduhakkuri-loikemehhanism-m-120-kuue-noaga\\\/\",\"url\":\"https:\\\/\\\/ranoja.ee\\\/toode\\\/puiduhakkuri-loikemehhanism-m-120-kuue-noaga\\\/\",\"name\":\"Puiduhakkuri l\u00f5ikemehhanism M-120 kuue noaga\",\"isPartOf\":{\"@id\":\"https:\\\/\\\/ranoja.ee\\\/#website\"},\"primaryImageOfPage\":{\"@id\":\"https:\\\/\\\/ranoja.ee\\\/toode\\\/puiduhakkuri-loikemehhanism-m-120-kuue-noaga\\\/#primaryimage\"},\"image\":{\"@id\":\"https:\\\/\\\/ranoja.ee\\\/toode\\\/puiduhakkuri-loikemehhanism-m-120-kuue-noaga\\\/#primaryimage\"},\"thumbnailUrl\":\"https:\\\/\\\/ranoja.ee\\\/wp-content\\\/uploads\\\/2026\\\/01\\\/Puiduhakkuri-loikemehhanism-M-120-kuue-noaga-2.png\",\"datePublished\":\"2026-01-20T13:17:39+00:00\",\"dateModified\":\"2026-01-20T13:26:03+00:00\",\"description\":\"Puiduhakkuri l\u00f5ikemehhanism M-120 kuue noaga See puiduhakkuri l\u00f5ikemehhanism on m\u00f5eldud kuni 12 cm l\u00e4bim\u00f5\u00f5duga okste l\u00f5ikamiseks.\",\"breadcrumb\":{\"@id\":\"https:\\\/\\\/ranoja.ee\\\/toode\\\/puiduhakkuri-loikemehhanism-m-120-kuue-noaga\\\/#breadcrumb\"},\"inLanguage\":\"en-US\",\"potentialAction\":[{\"@type\":\"ReadAction\",\"target\":[\"https:\\\/\\\/ranoja.ee\\\/toode\\\/puiduhakkuri-loikemehhanism-m-120-kuue-noaga\\\/\"]}]},{\"@type\":\"ImageObject\",\"inLanguage\":\"en-US\",\"@id\":\"https:\\\/\\\/ranoja.ee\\\/toode\\\/puiduhakkuri-loikemehhanism-m-120-kuue-noaga\\\/#primaryimage\",\"url\":\"https:\\\/\\\/ranoja.ee\\\/wp-content\\\/uploads\\\/2026\\\/01\\\/Puiduhakkuri-loikemehhanism-M-120-kuue-noaga-2.png\",\"contentUrl\":\"https:\\\/\\\/ranoja.ee\\\/wp-content\\\/uploads\\\/2026\\\/01\\\/Puiduhakkuri-loikemehhanism-M-120-kuue-noaga-2.png\",\"width\":458,\"height\":458,\"caption\":\"Puiduhakkuri l\u00f5ikemehhanism M-120 kuue noaga\"},{\"@type\":\"BreadcrumbList\",\"@id\":\"https:\\\/\\\/ranoja.ee\\\/toode\\\/puiduhakkuri-loikemehhanism-m-120-kuue-noaga\\\/#breadcrumb\",\"itemListElement\":[{\"@type\":\"ListItem\",\"position\":1,\"name\":\"Home\",\"item\":\"https:\\\/\\\/ranoja.ee\\\/\"},{\"@type\":\"ListItem\",\"position\":2,\"name\":\"Shop\",\"item\":\"https:\\\/\\\/ranoja.ee\\\/en\\\/shop\\\/\"},{\"@type\":\"ListItem\",\"position\":3,\"name\":\"Puiduhakkuri l\u00f5ikemehhanism M-120 kuue noaga\"}]},{\"@type\":\"WebSite\",\"@id\":\"https:\\\/\\\/ranoja.ee\\\/#website\",\"url\":\"https:\\\/\\\/ranoja.ee\\\/\",\"name\":\"Ranoja\",\"description\":\"Equipment Shop WooCommerce WordPress Theme for Machine &amp; Tools\",\"publisher\":{\"@id\":\"https:\\\/\\\/ranoja.ee\\\/#organization\"},\"potentialAction\":[{\"@type\":\"SearchAction\",\"target\":{\"@type\":\"EntryPoint\",\"urlTemplate\":\"https:\\\/\\\/ranoja.ee\\\/?s={search_term_string}\"},\"query-input\":{\"@type\":\"PropertyValueSpecification\",\"valueRequired\":true,\"valueName\":\"search_term_string\"}}],\"inLanguage\":\"en-US\"},{\"@type\":\"Organization\",\"@id\":\"https:\\\/\\\/ranoja.ee\\\/#organization\",\"name\":\"Ranoja O\u00dc\",\"url\":\"https:\\\/\\\/ranoja.ee\\\/\",\"logo\":{\"@type\":\"ImageObject\",\"inLanguage\":\"en-US\",\"@id\":\"https:\\\/\\\/ranoja.ee\\\/#\\\/schema\\\/logo\\\/image\\\/\",\"url\":\"https:\\\/\\\/ranoja.ee\\\/wp-content\\\/uploads\\\/2023\\\/11\\\/ranoja-Logo.png\",\"contentUrl\":\"https:\\\/\\\/ranoja.ee\\\/wp-content\\\/uploads\\\/2023\\\/11\\\/ranoja-Logo.png\",\"width\":207,\"height\":58,\"caption\":\"Ranoja O\u00dc\"},\"image\":{\"@id\":\"https:\\\/\\\/ranoja.ee\\\/#\\\/schema\\\/logo\\\/image\\\/\"},\"sameAs\":[\"https:\\\/\\\/www.facebook.com\\\/ranoja.ee\",\"https:\\\/\\\/www.instagram.com\\\/ranoja__\\\/\"]}]}<\/script>\n<!-- \/ Yoast SEO plugin. -->","yoast_head_json":{"title":"Puiduhakkuri l\u00f5ikemehhanism M-120 kuue noaga","description":"Puiduhakkuri l\u00f5ikemehhanism M-120 kuue noaga See puiduhakkuri l\u00f5ikemehhanism on m\u00f5eldud kuni 12 cm l\u00e4bim\u00f5\u00f5duga okste l\u00f5ikamiseks.","robots":{"index":"index","follow":"follow","max-snippet":"max-snippet:-1","max-image-preview":"max-image-preview:large","max-video-preview":"max-video-preview:-1"},"canonical":"https:\/\/ranoja.ee\/toode\/puiduhakkuri-loikemehhanism-m-120-kuue-noaga\/","og_locale":"en_US","og_type":"article","og_title":"Puiduhakkuri l\u00f5ikemehhanism M-120 kuue noaga","og_description":"Puiduhakkuri l\u00f5ikemehhanism M-120 kuue noaga See puiduhakkuri l\u00f5ikemehhanism on m\u00f5eldud kuni 12 cm l\u00e4bim\u00f5\u00f5duga okste l\u00f5ikamiseks.","og_url":"https:\/\/ranoja.ee\/toode\/puiduhakkuri-loikemehhanism-m-120-kuue-noaga\/","og_site_name":"Ranoja","article_publisher":"https:\/\/www.facebook.com\/ranoja.ee","article_modified_time":"2026-01-20T13:26:03+00:00","og_image":[{"width":458,"height":458,"url":"https:\/\/ranoja.ee\/wp-content\/uploads\/2026\/01\/Puiduhakkuri-loikemehhanism-M-120-kuue-noaga-2.png","type":"image\/png"}],"twitter_card":"summary_large_image","twitter_misc":{"Est. reading time":"2 minutes"},"schema":{"@context":"https:\/\/schema.org","@graph":[{"@type":"WebPage","@id":"https:\/\/ranoja.ee\/toode\/puiduhakkuri-loikemehhanism-m-120-kuue-noaga\/","url":"https:\/\/ranoja.ee\/toode\/puiduhakkuri-loikemehhanism-m-120-kuue-noaga\/","name":"Puiduhakkuri l\u00f5ikemehhanism M-120 kuue noaga","isPartOf":{"@id":"https:\/\/ranoja.ee\/#website"},"primaryImageOfPage":{"@id":"https:\/\/ranoja.ee\/toode\/puiduhakkuri-loikemehhanism-m-120-kuue-noaga\/#primaryimage"},"image":{"@id":"https:\/\/ranoja.ee\/toode\/puiduhakkuri-loikemehhanism-m-120-kuue-noaga\/#primaryimage"},"thumbnailUrl":"https:\/\/ranoja.ee\/wp-content\/uploads\/2026\/01\/Puiduhakkuri-loikemehhanism-M-120-kuue-noaga-2.png","datePublished":"2026-01-20T13:17:39+00:00","dateModified":"2026-01-20T13:26:03+00:00","description":"Puiduhakkuri l\u00f5ikemehhanism M-120 kuue noaga See puiduhakkuri l\u00f5ikemehhanism on m\u00f5eldud kuni 12 cm l\u00e4bim\u00f5\u00f5duga okste l\u00f5ikamiseks.","breadcrumb":{"@id":"https:\/\/ranoja.ee\/toode\/puiduhakkuri-loikemehhanism-m-120-kuue-noaga\/#breadcrumb"},"inLanguage":"en-US","potentialAction":[{"@type":"ReadAction","target":["https:\/\/ranoja.ee\/toode\/puiduhakkuri-loikemehhanism-m-120-kuue-noaga\/"]}]},{"@type":"ImageObject","inLanguage":"en-US","@id":"https:\/\/ranoja.ee\/toode\/puiduhakkuri-loikemehhanism-m-120-kuue-noaga\/#primaryimage","url":"https:\/\/ranoja.ee\/wp-content\/uploads\/2026\/01\/Puiduhakkuri-loikemehhanism-M-120-kuue-noaga-2.png","contentUrl":"https:\/\/ranoja.ee\/wp-content\/uploads\/2026\/01\/Puiduhakkuri-loikemehhanism-M-120-kuue-noaga-2.png","width":458,"height":458,"caption":"Puiduhakkuri l\u00f5ikemehhanism M-120 kuue noaga"},{"@type":"BreadcrumbList","@id":"https:\/\/ranoja.ee\/toode\/puiduhakkuri-loikemehhanism-m-120-kuue-noaga\/#breadcrumb","itemListElement":[{"@type":"ListItem","position":1,"name":"Home","item":"https:\/\/ranoja.ee\/"},{"@type":"ListItem","position":2,"name":"Shop","item":"https:\/\/ranoja.ee\/en\/shop\/"},{"@type":"ListItem","position":3,"name":"Puiduhakkuri l\u00f5ikemehhanism M-120 kuue noaga"}]},{"@type":"WebSite","@id":"https:\/\/ranoja.ee\/#website","url":"https:\/\/ranoja.ee\/","name":"Ranoja","description":"Equipment Shop WooCommerce WordPress Theme for Machine &amp; Tools","publisher":{"@id":"https:\/\/ranoja.ee\/#organization"},"potentialAction":[{"@type":"SearchAction","target":{"@type":"EntryPoint","urlTemplate":"https:\/\/ranoja.ee\/?s={search_term_string}"},"query-input":{"@type":"PropertyValueSpecification","valueRequired":true,"valueName":"search_term_string"}}],"inLanguage":"en-US"},{"@type":"Organization","@id":"https:\/\/ranoja.ee\/#organization","name":"Ranoja O\u00dc","url":"https:\/\/ranoja.ee\/","logo":{"@type":"ImageObject","inLanguage":"en-US","@id":"https:\/\/ranoja.ee\/#\/schema\/logo\/image\/","url":"https:\/\/ranoja.ee\/wp-content\/uploads\/2023\/11\/ranoja-Logo.png","contentUrl":"https:\/\/ranoja.ee\/wp-content\/uploads\/2023\/11\/ranoja-Logo.png","width":207,"height":58,"caption":"Ranoja O\u00dc"},"image":{"@id":"https:\/\/ranoja.ee\/#\/schema\/logo\/image\/"},"sameAs":["https:\/\/www.facebook.com\/ranoja.ee","https:\/\/www.instagram.com\/ranoja__\/"]}]}},"_links":{"self":[{"href":"https:\/\/ranoja.ee\/en\/wp-json\/wp\/v2\/product\/26685","targetHints":{"allow":["GET"]}}],"collection":[{"href":"https:\/\/ranoja.ee\/en\/wp-json\/wp\/v2\/product"}],"about":[{"href":"https:\/\/ranoja.ee\/en\/wp-json\/wp\/v2\/types\/product"}],"wp:featuredmedia":[{"embeddable":true,"href":"https:\/\/ranoja.ee\/en\/wp-json\/wp\/v2\/media\/26716"}],"wp:attachment":[{"href":"https:\/\/ranoja.ee\/en\/wp-json\/wp\/v2\/media?parent=26685"}],"wp:term":[{"taxonomy":"product_cat","embeddable":true,"href":"https:\/\/ranoja.ee\/en\/wp-json\/wp\/v2\/product_cat?post=26685"},{"taxonomy":"product_tag","embeddable":true,"href":"https:\/\/ranoja.ee\/en\/wp-json\/wp\/v2\/product_tag?post=26685"}],"curies":[{"name":"wp","href":"https:\/\/api.w.org\/{rel}","templated":true}]}}