{"id":26603,"date":"2026-01-20T14:40:20","date_gmt":"2026-01-20T11:40:20","guid":{"rendered":"https:\/\/ranoja.ee\/?post_type=product&#038;p=26603"},"modified":"2026-01-20T15:08:57","modified_gmt":"2026-01-20T12:08:57","slug":"peamine-uhenduspistik-max-50m","status":"publish","type":"product","link":"https:\/\/ranoja.ee\/en\/toode\/peamine-uhenduspistik-max-50m\/","title":{"rendered":"Peamine \u00fchenduspistik max 50m"},"content":{"rendered":"<p>Peamine \u00fchenduspistik max 50m<\/p>\n<p>V\u00f5imas Ledwise LED ribavalgusti toodab 1500 lm valgusviljakust meetri kohta. T\u00e4nu k\u00f5rgele v\u00e4rviedastusindeksile (+82 CRI) on valgus loomulik ja keskkonna v\u00e4rvid on selgelt n\u00e4htavad. T\u00e4nu k\u00f5rgele v\u00e4rviedastusindeksile ja 4000K v\u00e4rvitemperatuurile sobib ribavalgusti t\u00e4psust n\u00f5udvateks t\u00f6\u00f6deks ja olukordadeks, kus ebatasasused peavad h\u00e4sti eristuma. Ribavalgusti sobib ideaalselt nii professionaalseks kui ka koduseks kasutamiseks. Kasutamisv\u00f5imalusi on piiramatult, kuid ribavalgusti on eriti kasulik remondit\u00f6\u00f6del, ehitusplatsidel, saalides ja muudes raskesti valgustatavates kohtades. T\u00e4nu kaitseklassile IP65 sobib ribavalgusti ka v\u00e4litingimustes kasutamiseks, n\u00e4iteks terrasside, \u00f5uealade, p\u00f5ldude, aedade v\u00f5i isegi maja v\u00e4lisseinte valgustamiseks. Ribal on 180 LED-i meetri kohta. Tumedatooniline valgusriba sulandub h\u00e4sti tumedasse\/ tumedatel pindadel, kui valgustit ei kasutata.<\/p>\n<p>Peamine \u00fchenduspistik max 50m<\/p>\n","protected":false},"excerpt":{"rendered":"<p>Peamine \u00fchenduspistik max 50m<\/p>\n<p>Kaal: 350g (net 350g)<br \/>\nJuhtme pikkus: 1,61 m<br \/>\nKirjeldus: LEDWISE WORK v\u00f5rgupistik LED valgusribadele max 50m<br \/>\n<strong>Eeldatav tarneaeg 1-7 t\u00f6\u00f6p\u00e4eva<\/strong><\/p>\n","protected":false},"featured_media":26604,"template":"","meta":{"inline_featured_image":false},"product_cat":[1116,3097],"product_tag":[3101,301,3102,3103],"class_list":{"0":"post-26603","1":"product","2":"type-product","3":"status-publish","4":"has-post-thumbnail","6":"product_cat-lisaseadmed-ehitusseadmed-led-lisatuled-cb-raadiod-lallar","7":"product_cat-valgustid-ja-lambid","8":"product_tag-1700-at114","9":"product_tag-led","10":"product_tag-pistik","11":"product_tag-valgustus","13":"first","14":"instock","15":"taxable","16":"shipping-taxable","17":"purchasable","18":"product-type-simple"},"yoast_head":"<!-- This site is optimized with the Yoast SEO plugin v27.4 - https:\/\/yoast.com\/product\/yoast-seo-wordpress\/ -->\n<title>Peamine \u00fchenduspistik max 50m<\/title>\n<meta name=\"description\" content=\"Peamine \u00fchenduspistik max 50m - Kaal: 350g (net 350g) Juhtme pikkus: 1,61 m Kirjeldus: LEDWISE WORK v\u00f5rgupistik LED valgusribadele max 50m\" \/>\n<meta name=\"robots\" content=\"index, follow, max-snippet:-1, max-image-preview:large, max-video-preview:-1\" \/>\n<link rel=\"canonical\" href=\"https:\/\/ranoja.ee\/toode\/peamine-uhenduspistik-max-50m\/\" \/>\n<meta property=\"og:locale\" content=\"en_US\" \/>\n<meta property=\"og:type\" content=\"article\" \/>\n<meta property=\"og:title\" content=\"Peamine \u00fchenduspistik max 50m\" \/>\n<meta property=\"og:description\" content=\"Peamine \u00fchenduspistik max 50m - Kaal: 350g (net 350g) Juhtme pikkus: 1,61 m Kirjeldus: LEDWISE WORK v\u00f5rgupistik LED valgusribadele max 50m\" \/>\n<meta property=\"og:url\" content=\"https:\/\/ranoja.ee\/toode\/peamine-uhenduspistik-max-50m\/\" \/>\n<meta property=\"og:site_name\" content=\"Ranoja\" \/>\n<meta property=\"article:publisher\" content=\"https:\/\/www.facebook.com\/ranoja.ee\" \/>\n<meta property=\"article:modified_time\" content=\"2026-01-20T12:08:57+00:00\" \/>\n<meta property=\"og:image\" content=\"https:\/\/ranoja.ee\/wp-content\/uploads\/2026\/01\/1700-AT114_001.jpg\" \/>\n\t<meta property=\"og:image:width\" content=\"800\" \/>\n\t<meta property=\"og:image:height\" content=\"600\" \/>\n\t<meta property=\"og:image:type\" content=\"image\/jpeg\" \/>\n<meta name=\"twitter:card\" content=\"summary_large_image\" \/>\n<meta name=\"twitter:label1\" content=\"Est. reading time\" \/>\n\t<meta name=\"twitter:data1\" content=\"1 minute\" \/>\n<script type=\"application\/ld+json\" class=\"yoast-schema-graph\">{\"@context\":\"https:\\\/\\\/schema.org\",\"@graph\":[{\"@type\":\"WebPage\",\"@id\":\"https:\\\/\\\/ranoja.ee\\\/toode\\\/peamine-uhenduspistik-max-50m\\\/\",\"url\":\"https:\\\/\\\/ranoja.ee\\\/toode\\\/peamine-uhenduspistik-max-50m\\\/\",\"name\":\"Peamine \u00fchenduspistik max 50m\",\"isPartOf\":{\"@id\":\"https:\\\/\\\/ranoja.ee\\\/#website\"},\"primaryImageOfPage\":{\"@id\":\"https:\\\/\\\/ranoja.ee\\\/toode\\\/peamine-uhenduspistik-max-50m\\\/#primaryimage\"},\"image\":{\"@id\":\"https:\\\/\\\/ranoja.ee\\\/toode\\\/peamine-uhenduspistik-max-50m\\\/#primaryimage\"},\"thumbnailUrl\":\"https:\\\/\\\/ranoja.ee\\\/wp-content\\\/uploads\\\/2026\\\/01\\\/1700-AT114_001.jpg\",\"datePublished\":\"2026-01-20T11:40:20+00:00\",\"dateModified\":\"2026-01-20T12:08:57+00:00\",\"description\":\"Peamine \u00fchenduspistik max 50m - Kaal: 350g (net 350g) Juhtme pikkus: 1,61 m Kirjeldus: LEDWISE WORK v\u00f5rgupistik LED valgusribadele max 50m\",\"breadcrumb\":{\"@id\":\"https:\\\/\\\/ranoja.ee\\\/toode\\\/peamine-uhenduspistik-max-50m\\\/#breadcrumb\"},\"inLanguage\":\"en-US\",\"potentialAction\":[{\"@type\":\"ReadAction\",\"target\":[\"https:\\\/\\\/ranoja.ee\\\/toode\\\/peamine-uhenduspistik-max-50m\\\/\"]}]},{\"@type\":\"ImageObject\",\"inLanguage\":\"en-US\",\"@id\":\"https:\\\/\\\/ranoja.ee\\\/toode\\\/peamine-uhenduspistik-max-50m\\\/#primaryimage\",\"url\":\"https:\\\/\\\/ranoja.ee\\\/wp-content\\\/uploads\\\/2026\\\/01\\\/1700-AT114_001.jpg\",\"contentUrl\":\"https:\\\/\\\/ranoja.ee\\\/wp-content\\\/uploads\\\/2026\\\/01\\\/1700-AT114_001.jpg\",\"width\":800,\"height\":600,\"caption\":\"Peamine \u00fchenduspistik max 50m\"},{\"@type\":\"BreadcrumbList\",\"@id\":\"https:\\\/\\\/ranoja.ee\\\/toode\\\/peamine-uhenduspistik-max-50m\\\/#breadcrumb\",\"itemListElement\":[{\"@type\":\"ListItem\",\"position\":1,\"name\":\"Home\",\"item\":\"https:\\\/\\\/ranoja.ee\\\/\"},{\"@type\":\"ListItem\",\"position\":2,\"name\":\"Shop\",\"item\":\"https:\\\/\\\/ranoja.ee\\\/en\\\/shop\\\/\"},{\"@type\":\"ListItem\",\"position\":3,\"name\":\"Peamine \u00fchenduspistik max 50m\"}]},{\"@type\":\"WebSite\",\"@id\":\"https:\\\/\\\/ranoja.ee\\\/#website\",\"url\":\"https:\\\/\\\/ranoja.ee\\\/\",\"name\":\"Ranoja\",\"description\":\"Equipment Shop WooCommerce WordPress Theme for Machine &amp; Tools\",\"publisher\":{\"@id\":\"https:\\\/\\\/ranoja.ee\\\/#organization\"},\"potentialAction\":[{\"@type\":\"SearchAction\",\"target\":{\"@type\":\"EntryPoint\",\"urlTemplate\":\"https:\\\/\\\/ranoja.ee\\\/?s={search_term_string}\"},\"query-input\":{\"@type\":\"PropertyValueSpecification\",\"valueRequired\":true,\"valueName\":\"search_term_string\"}}],\"inLanguage\":\"en-US\"},{\"@type\":\"Organization\",\"@id\":\"https:\\\/\\\/ranoja.ee\\\/#organization\",\"name\":\"Ranoja O\u00dc\",\"url\":\"https:\\\/\\\/ranoja.ee\\\/\",\"logo\":{\"@type\":\"ImageObject\",\"inLanguage\":\"en-US\",\"@id\":\"https:\\\/\\\/ranoja.ee\\\/#\\\/schema\\\/logo\\\/image\\\/\",\"url\":\"https:\\\/\\\/ranoja.ee\\\/wp-content\\\/uploads\\\/2023\\\/11\\\/ranoja-Logo.png\",\"contentUrl\":\"https:\\\/\\\/ranoja.ee\\\/wp-content\\\/uploads\\\/2023\\\/11\\\/ranoja-Logo.png\",\"width\":207,\"height\":58,\"caption\":\"Ranoja O\u00dc\"},\"image\":{\"@id\":\"https:\\\/\\\/ranoja.ee\\\/#\\\/schema\\\/logo\\\/image\\\/\"},\"sameAs\":[\"https:\\\/\\\/www.facebook.com\\\/ranoja.ee\",\"https:\\\/\\\/www.instagram.com\\\/ranoja__\\\/\"]}]}<\/script>\n<!-- \/ Yoast SEO plugin. -->","yoast_head_json":{"title":"Peamine \u00fchenduspistik max 50m","description":"Peamine \u00fchenduspistik max 50m - Kaal: 350g (net 350g) Juhtme pikkus: 1,61 m Kirjeldus: LEDWISE WORK v\u00f5rgupistik LED valgusribadele max 50m","robots":{"index":"index","follow":"follow","max-snippet":"max-snippet:-1","max-image-preview":"max-image-preview:large","max-video-preview":"max-video-preview:-1"},"canonical":"https:\/\/ranoja.ee\/toode\/peamine-uhenduspistik-max-50m\/","og_locale":"en_US","og_type":"article","og_title":"Peamine \u00fchenduspistik max 50m","og_description":"Peamine \u00fchenduspistik max 50m - Kaal: 350g (net 350g) Juhtme pikkus: 1,61 m Kirjeldus: LEDWISE WORK v\u00f5rgupistik LED valgusribadele max 50m","og_url":"https:\/\/ranoja.ee\/toode\/peamine-uhenduspistik-max-50m\/","og_site_name":"Ranoja","article_publisher":"https:\/\/www.facebook.com\/ranoja.ee","article_modified_time":"2026-01-20T12:08:57+00:00","og_image":[{"width":800,"height":600,"url":"https:\/\/ranoja.ee\/wp-content\/uploads\/2026\/01\/1700-AT114_001.jpg","type":"image\/jpeg"}],"twitter_card":"summary_large_image","twitter_misc":{"Est. reading time":"1 minute"},"schema":{"@context":"https:\/\/schema.org","@graph":[{"@type":"WebPage","@id":"https:\/\/ranoja.ee\/toode\/peamine-uhenduspistik-max-50m\/","url":"https:\/\/ranoja.ee\/toode\/peamine-uhenduspistik-max-50m\/","name":"Peamine \u00fchenduspistik max 50m","isPartOf":{"@id":"https:\/\/ranoja.ee\/#website"},"primaryImageOfPage":{"@id":"https:\/\/ranoja.ee\/toode\/peamine-uhenduspistik-max-50m\/#primaryimage"},"image":{"@id":"https:\/\/ranoja.ee\/toode\/peamine-uhenduspistik-max-50m\/#primaryimage"},"thumbnailUrl":"https:\/\/ranoja.ee\/wp-content\/uploads\/2026\/01\/1700-AT114_001.jpg","datePublished":"2026-01-20T11:40:20+00:00","dateModified":"2026-01-20T12:08:57+00:00","description":"Peamine \u00fchenduspistik max 50m - Kaal: 350g (net 350g) Juhtme pikkus: 1,61 m Kirjeldus: LEDWISE WORK v\u00f5rgupistik LED valgusribadele max 50m","breadcrumb":{"@id":"https:\/\/ranoja.ee\/toode\/peamine-uhenduspistik-max-50m\/#breadcrumb"},"inLanguage":"en-US","potentialAction":[{"@type":"ReadAction","target":["https:\/\/ranoja.ee\/toode\/peamine-uhenduspistik-max-50m\/"]}]},{"@type":"ImageObject","inLanguage":"en-US","@id":"https:\/\/ranoja.ee\/toode\/peamine-uhenduspistik-max-50m\/#primaryimage","url":"https:\/\/ranoja.ee\/wp-content\/uploads\/2026\/01\/1700-AT114_001.jpg","contentUrl":"https:\/\/ranoja.ee\/wp-content\/uploads\/2026\/01\/1700-AT114_001.jpg","width":800,"height":600,"caption":"Peamine \u00fchenduspistik max 50m"},{"@type":"BreadcrumbList","@id":"https:\/\/ranoja.ee\/toode\/peamine-uhenduspistik-max-50m\/#breadcrumb","itemListElement":[{"@type":"ListItem","position":1,"name":"Home","item":"https:\/\/ranoja.ee\/"},{"@type":"ListItem","position":2,"name":"Shop","item":"https:\/\/ranoja.ee\/en\/shop\/"},{"@type":"ListItem","position":3,"name":"Peamine \u00fchenduspistik max 50m"}]},{"@type":"WebSite","@id":"https:\/\/ranoja.ee\/#website","url":"https:\/\/ranoja.ee\/","name":"Ranoja","description":"Equipment Shop WooCommerce WordPress Theme for Machine &amp; Tools","publisher":{"@id":"https:\/\/ranoja.ee\/#organization"},"potentialAction":[{"@type":"SearchAction","target":{"@type":"EntryPoint","urlTemplate":"https:\/\/ranoja.ee\/?s={search_term_string}"},"query-input":{"@type":"PropertyValueSpecification","valueRequired":true,"valueName":"search_term_string"}}],"inLanguage":"en-US"},{"@type":"Organization","@id":"https:\/\/ranoja.ee\/#organization","name":"Ranoja O\u00dc","url":"https:\/\/ranoja.ee\/","logo":{"@type":"ImageObject","inLanguage":"en-US","@id":"https:\/\/ranoja.ee\/#\/schema\/logo\/image\/","url":"https:\/\/ranoja.ee\/wp-content\/uploads\/2023\/11\/ranoja-Logo.png","contentUrl":"https:\/\/ranoja.ee\/wp-content\/uploads\/2023\/11\/ranoja-Logo.png","width":207,"height":58,"caption":"Ranoja O\u00dc"},"image":{"@id":"https:\/\/ranoja.ee\/#\/schema\/logo\/image\/"},"sameAs":["https:\/\/www.facebook.com\/ranoja.ee","https:\/\/www.instagram.com\/ranoja__\/"]}]}},"_links":{"self":[{"href":"https:\/\/ranoja.ee\/en\/wp-json\/wp\/v2\/product\/26603","targetHints":{"allow":["GET"]}}],"collection":[{"href":"https:\/\/ranoja.ee\/en\/wp-json\/wp\/v2\/product"}],"about":[{"href":"https:\/\/ranoja.ee\/en\/wp-json\/wp\/v2\/types\/product"}],"wp:featuredmedia":[{"embeddable":true,"href":"https:\/\/ranoja.ee\/en\/wp-json\/wp\/v2\/media\/26604"}],"wp:attachment":[{"href":"https:\/\/ranoja.ee\/en\/wp-json\/wp\/v2\/media?parent=26603"}],"wp:term":[{"taxonomy":"product_cat","embeddable":true,"href":"https:\/\/ranoja.ee\/en\/wp-json\/wp\/v2\/product_cat?post=26603"},{"taxonomy":"product_tag","embeddable":true,"href":"https:\/\/ranoja.ee\/en\/wp-json\/wp\/v2\/product_tag?post=26603"}],"curies":[{"name":"wp","href":"https:\/\/api.w.org\/{rel}","templated":true}]}}