{"id":26596,"date":"2026-01-20T14:23:28","date_gmt":"2026-01-20T11:23:28","guid":{"rendered":"https:\/\/ranoja.ee\/?post_type=product&#038;p=26596"},"modified":"2026-01-20T15:07:08","modified_gmt":"2026-01-20T12:07:08","slug":"230v-led-riba-toovalgusti-5m","status":"publish","type":"product","link":"https:\/\/ranoja.ee\/en\/toode\/230v-led-riba-toovalgusti-5m\/","title":{"rendered":"230V LED riba t\u00f6\u00f6valgusti 5m"},"content":{"rendered":"<p>230V LED riba t\u00f6\u00f6valgusti 5m<\/p>\n<p>LEDWISE WORK LED ribavalgusti sise- ja v\u00e4lisvalgustuseks.<\/p>\n<p>V\u00f5imas Ledwise LED ribavalgusti toodab 1500 lm valgusviljakust meetri kohta. T\u00e4nu k\u00f5rgele v\u00e4rviedastusindeksile (+82 CRI) on valgus loomulik ja keskkonna v\u00e4rvid on selgelt n\u00e4htavad. T\u00e4nu k\u00f5rgele v\u00e4rviedastusindeksile ja 4000K v\u00e4rvitemperatuurile sobib ribavalgusti t\u00e4psust n\u00f5udvateks t\u00f6\u00f6deks ja olukordadeks, kus ebatasasused peavad h\u00e4sti eristuma. Ribavalgusti sobib ideaalselt nii professionaalseks kui ka koduseks kasutamiseks. Kasutamisv\u00f5imalusi on piiramatult, kuid ribavalgusti on eriti kasulik remondit\u00f6\u00f6del, ehitusplatsidel, saalides ja muudes raskesti valgustatavates kohtades. T\u00e4nu kaitseklassile IP65 sobib ribavalgusti ka v\u00e4litingimustes kasutamiseks, n\u00e4iteks terrasside, \u00f5uealade, p\u00f5ldude, aedade v\u00f5i isegi maja v\u00e4lisseinte valgustamiseks. Ribal on 180 LED-i meetri kohta. Tumedatooniline valgusriba sulandub h\u00e4sti tumedasse\/ tumedatel pindadel, kui valgustit ei kasutata.<\/p>\n<p>230V LED riba t\u00f6\u00f6valgusti 5m<\/p>\n","protected":false},"excerpt":{"rendered":"<p>230V LED riba t\u00f6\u00f6valgusti 5m<\/p>\n<p>M\u00f5\u00f5tmed: 5.00m<br \/>\nKaal: 1.75kg (net 1.75kg)<br \/>\nV\u00e4rvitemperatuur: 4000 K<br \/>\nIP klassifikatsioon: IP65<br \/>\nKirjeldus: LEDWISE WORK 5m t\u00f6\u00f6valgusriba rull , does not include mains connection plug (230V), product codes 1700-AT114 or 1700-AT115 separately.<br \/>\n<strong>Eeldatav tarneaeg 1-7 t\u00f6\u00f6p\u00e4eva<\/strong><\/p>\n<p><strong>SEINAPISTIK POLE KOMPLEKTIS!<\/strong><br \/>\nPISTIK:<a href=\"https:\/\/ranoja.ee\/toode\/peamine-uhenduspistik-max-50m\/\">1700-AT114<\/a><br \/>\nPISTIK:<a href=\"https:\/\/ranoja.ee\/toode\/peamine-uhenduspistik-max-100m\/\">1700-AT115<\/a><\/p>\n","protected":false},"featured_media":26597,"template":"","meta":{"inline_featured_image":false},"product_cat":[1116,3097],"product_tag":[3100,703,3098,3099],"class_list":{"0":"post-26596","1":"product","2":"type-product","3":"status-publish","4":"has-post-thumbnail","6":"product_brand-ledwise","7":"product_cat-lisaseadmed-ehitusseadmed-led-lisatuled-cb-raadiod-lallar","8":"product_cat-valgustid-ja-lambid","9":"product_tag-ledriba","10":"product_tag-ledwise","11":"product_tag-toovalgusti","12":"product_tag-valgusti","14":"first","15":"instock","16":"taxable","17":"shipping-taxable","18":"purchasable","19":"product-type-simple"},"yoast_head":"<!-- This site is optimized with the Yoast SEO plugin v27.4 - https:\/\/yoast.com\/product\/yoast-seo-wordpress\/ -->\n<title>230V LED riba t\u00f6\u00f6valgusti 5m<\/title>\n<meta name=\"description\" content=\"230V LED riba t\u00f6\u00f6valgusti 5m - v\u00f5imas Ledwise LED ribavalgusti toodab 1500 lm valgusviljakust meetri kohta. V\u00e4rvitemperatuur: 4000 K IP: IP65\" \/>\n<meta name=\"robots\" content=\"index, follow, max-snippet:-1, max-image-preview:large, max-video-preview:-1\" \/>\n<link rel=\"canonical\" href=\"https:\/\/ranoja.ee\/toode\/230v-led-riba-toovalgusti-5m\/\" \/>\n<meta property=\"og:locale\" content=\"en_US\" \/>\n<meta property=\"og:type\" content=\"article\" \/>\n<meta property=\"og:title\" content=\"230V LED riba t\u00f6\u00f6valgusti 5m\" \/>\n<meta property=\"og:description\" content=\"230V LED riba t\u00f6\u00f6valgusti 5m - v\u00f5imas Ledwise LED ribavalgusti toodab 1500 lm valgusviljakust meetri kohta. V\u00e4rvitemperatuur: 4000 K IP: IP65\" \/>\n<meta property=\"og:url\" content=\"https:\/\/ranoja.ee\/toode\/230v-led-riba-toovalgusti-5m\/\" \/>\n<meta property=\"og:site_name\" content=\"Ranoja\" \/>\n<meta property=\"article:publisher\" content=\"https:\/\/www.facebook.com\/ranoja.ee\" \/>\n<meta property=\"article:modified_time\" content=\"2026-01-20T12:07:08+00:00\" \/>\n<meta property=\"og:image\" content=\"https:\/\/ranoja.ee\/wp-content\/uploads\/2026\/01\/230V-LED-riba-toovalgusti-5m.jpg\" \/>\n\t<meta property=\"og:image:width\" content=\"800\" \/>\n\t<meta property=\"og:image:height\" content=\"600\" \/>\n\t<meta property=\"og:image:type\" content=\"image\/jpeg\" \/>\n<meta name=\"twitter:card\" content=\"summary_large_image\" \/>\n<meta name=\"twitter:label1\" content=\"Est. reading time\" \/>\n\t<meta name=\"twitter:data1\" content=\"1 minute\" \/>\n<script type=\"application\/ld+json\" class=\"yoast-schema-graph\">{\"@context\":\"https:\\\/\\\/schema.org\",\"@graph\":[{\"@type\":\"WebPage\",\"@id\":\"https:\\\/\\\/ranoja.ee\\\/toode\\\/230v-led-riba-toovalgusti-5m\\\/\",\"url\":\"https:\\\/\\\/ranoja.ee\\\/toode\\\/230v-led-riba-toovalgusti-5m\\\/\",\"name\":\"230V LED riba t\u00f6\u00f6valgusti 5m\",\"isPartOf\":{\"@id\":\"https:\\\/\\\/ranoja.ee\\\/#website\"},\"primaryImageOfPage\":{\"@id\":\"https:\\\/\\\/ranoja.ee\\\/toode\\\/230v-led-riba-toovalgusti-5m\\\/#primaryimage\"},\"image\":{\"@id\":\"https:\\\/\\\/ranoja.ee\\\/toode\\\/230v-led-riba-toovalgusti-5m\\\/#primaryimage\"},\"thumbnailUrl\":\"https:\\\/\\\/ranoja.ee\\\/wp-content\\\/uploads\\\/2026\\\/01\\\/230V-LED-riba-toovalgusti-5m.jpg\",\"datePublished\":\"2026-01-20T11:23:28+00:00\",\"dateModified\":\"2026-01-20T12:07:08+00:00\",\"description\":\"230V LED riba t\u00f6\u00f6valgusti 5m - v\u00f5imas Ledwise LED ribavalgusti toodab 1500 lm valgusviljakust meetri kohta. V\u00e4rvitemperatuur: 4000 K IP: IP65\",\"breadcrumb\":{\"@id\":\"https:\\\/\\\/ranoja.ee\\\/toode\\\/230v-led-riba-toovalgusti-5m\\\/#breadcrumb\"},\"inLanguage\":\"en-US\",\"potentialAction\":[{\"@type\":\"ReadAction\",\"target\":[\"https:\\\/\\\/ranoja.ee\\\/toode\\\/230v-led-riba-toovalgusti-5m\\\/\"]}]},{\"@type\":\"ImageObject\",\"inLanguage\":\"en-US\",\"@id\":\"https:\\\/\\\/ranoja.ee\\\/toode\\\/230v-led-riba-toovalgusti-5m\\\/#primaryimage\",\"url\":\"https:\\\/\\\/ranoja.ee\\\/wp-content\\\/uploads\\\/2026\\\/01\\\/230V-LED-riba-toovalgusti-5m.jpg\",\"contentUrl\":\"https:\\\/\\\/ranoja.ee\\\/wp-content\\\/uploads\\\/2026\\\/01\\\/230V-LED-riba-toovalgusti-5m.jpg\",\"width\":800,\"height\":600,\"caption\":\"230V LED riba t\u00f6\u00f6valgusti 5m\"},{\"@type\":\"BreadcrumbList\",\"@id\":\"https:\\\/\\\/ranoja.ee\\\/toode\\\/230v-led-riba-toovalgusti-5m\\\/#breadcrumb\",\"itemListElement\":[{\"@type\":\"ListItem\",\"position\":1,\"name\":\"Home\",\"item\":\"https:\\\/\\\/ranoja.ee\\\/\"},{\"@type\":\"ListItem\",\"position\":2,\"name\":\"Shop\",\"item\":\"https:\\\/\\\/ranoja.ee\\\/en\\\/shop\\\/\"},{\"@type\":\"ListItem\",\"position\":3,\"name\":\"230V LED riba t\u00f6\u00f6valgusti 5m\"}]},{\"@type\":\"WebSite\",\"@id\":\"https:\\\/\\\/ranoja.ee\\\/#website\",\"url\":\"https:\\\/\\\/ranoja.ee\\\/\",\"name\":\"Ranoja\",\"description\":\"Equipment Shop WooCommerce WordPress Theme for Machine &amp; Tools\",\"publisher\":{\"@id\":\"https:\\\/\\\/ranoja.ee\\\/#organization\"},\"potentialAction\":[{\"@type\":\"SearchAction\",\"target\":{\"@type\":\"EntryPoint\",\"urlTemplate\":\"https:\\\/\\\/ranoja.ee\\\/?s={search_term_string}\"},\"query-input\":{\"@type\":\"PropertyValueSpecification\",\"valueRequired\":true,\"valueName\":\"search_term_string\"}}],\"inLanguage\":\"en-US\"},{\"@type\":\"Organization\",\"@id\":\"https:\\\/\\\/ranoja.ee\\\/#organization\",\"name\":\"Ranoja O\u00dc\",\"url\":\"https:\\\/\\\/ranoja.ee\\\/\",\"logo\":{\"@type\":\"ImageObject\",\"inLanguage\":\"en-US\",\"@id\":\"https:\\\/\\\/ranoja.ee\\\/#\\\/schema\\\/logo\\\/image\\\/\",\"url\":\"https:\\\/\\\/ranoja.ee\\\/wp-content\\\/uploads\\\/2023\\\/11\\\/ranoja-Logo.png\",\"contentUrl\":\"https:\\\/\\\/ranoja.ee\\\/wp-content\\\/uploads\\\/2023\\\/11\\\/ranoja-Logo.png\",\"width\":207,\"height\":58,\"caption\":\"Ranoja O\u00dc\"},\"image\":{\"@id\":\"https:\\\/\\\/ranoja.ee\\\/#\\\/schema\\\/logo\\\/image\\\/\"},\"sameAs\":[\"https:\\\/\\\/www.facebook.com\\\/ranoja.ee\",\"https:\\\/\\\/www.instagram.com\\\/ranoja__\\\/\"]}]}<\/script>\n<!-- \/ Yoast SEO plugin. -->","yoast_head_json":{"title":"230V LED riba t\u00f6\u00f6valgusti 5m","description":"230V LED riba t\u00f6\u00f6valgusti 5m - v\u00f5imas Ledwise LED ribavalgusti toodab 1500 lm valgusviljakust meetri kohta. V\u00e4rvitemperatuur: 4000 K IP: IP65","robots":{"index":"index","follow":"follow","max-snippet":"max-snippet:-1","max-image-preview":"max-image-preview:large","max-video-preview":"max-video-preview:-1"},"canonical":"https:\/\/ranoja.ee\/toode\/230v-led-riba-toovalgusti-5m\/","og_locale":"en_US","og_type":"article","og_title":"230V LED riba t\u00f6\u00f6valgusti 5m","og_description":"230V LED riba t\u00f6\u00f6valgusti 5m - v\u00f5imas Ledwise LED ribavalgusti toodab 1500 lm valgusviljakust meetri kohta. V\u00e4rvitemperatuur: 4000 K IP: IP65","og_url":"https:\/\/ranoja.ee\/toode\/230v-led-riba-toovalgusti-5m\/","og_site_name":"Ranoja","article_publisher":"https:\/\/www.facebook.com\/ranoja.ee","article_modified_time":"2026-01-20T12:07:08+00:00","og_image":[{"width":800,"height":600,"url":"https:\/\/ranoja.ee\/wp-content\/uploads\/2026\/01\/230V-LED-riba-toovalgusti-5m.jpg","type":"image\/jpeg"}],"twitter_card":"summary_large_image","twitter_misc":{"Est. reading time":"1 minute"},"schema":{"@context":"https:\/\/schema.org","@graph":[{"@type":"WebPage","@id":"https:\/\/ranoja.ee\/toode\/230v-led-riba-toovalgusti-5m\/","url":"https:\/\/ranoja.ee\/toode\/230v-led-riba-toovalgusti-5m\/","name":"230V LED riba t\u00f6\u00f6valgusti 5m","isPartOf":{"@id":"https:\/\/ranoja.ee\/#website"},"primaryImageOfPage":{"@id":"https:\/\/ranoja.ee\/toode\/230v-led-riba-toovalgusti-5m\/#primaryimage"},"image":{"@id":"https:\/\/ranoja.ee\/toode\/230v-led-riba-toovalgusti-5m\/#primaryimage"},"thumbnailUrl":"https:\/\/ranoja.ee\/wp-content\/uploads\/2026\/01\/230V-LED-riba-toovalgusti-5m.jpg","datePublished":"2026-01-20T11:23:28+00:00","dateModified":"2026-01-20T12:07:08+00:00","description":"230V LED riba t\u00f6\u00f6valgusti 5m - v\u00f5imas Ledwise LED ribavalgusti toodab 1500 lm valgusviljakust meetri kohta. V\u00e4rvitemperatuur: 4000 K IP: IP65","breadcrumb":{"@id":"https:\/\/ranoja.ee\/toode\/230v-led-riba-toovalgusti-5m\/#breadcrumb"},"inLanguage":"en-US","potentialAction":[{"@type":"ReadAction","target":["https:\/\/ranoja.ee\/toode\/230v-led-riba-toovalgusti-5m\/"]}]},{"@type":"ImageObject","inLanguage":"en-US","@id":"https:\/\/ranoja.ee\/toode\/230v-led-riba-toovalgusti-5m\/#primaryimage","url":"https:\/\/ranoja.ee\/wp-content\/uploads\/2026\/01\/230V-LED-riba-toovalgusti-5m.jpg","contentUrl":"https:\/\/ranoja.ee\/wp-content\/uploads\/2026\/01\/230V-LED-riba-toovalgusti-5m.jpg","width":800,"height":600,"caption":"230V LED riba t\u00f6\u00f6valgusti 5m"},{"@type":"BreadcrumbList","@id":"https:\/\/ranoja.ee\/toode\/230v-led-riba-toovalgusti-5m\/#breadcrumb","itemListElement":[{"@type":"ListItem","position":1,"name":"Home","item":"https:\/\/ranoja.ee\/"},{"@type":"ListItem","position":2,"name":"Shop","item":"https:\/\/ranoja.ee\/en\/shop\/"},{"@type":"ListItem","position":3,"name":"230V LED riba t\u00f6\u00f6valgusti 5m"}]},{"@type":"WebSite","@id":"https:\/\/ranoja.ee\/#website","url":"https:\/\/ranoja.ee\/","name":"Ranoja","description":"Equipment Shop WooCommerce WordPress Theme for Machine &amp; Tools","publisher":{"@id":"https:\/\/ranoja.ee\/#organization"},"potentialAction":[{"@type":"SearchAction","target":{"@type":"EntryPoint","urlTemplate":"https:\/\/ranoja.ee\/?s={search_term_string}"},"query-input":{"@type":"PropertyValueSpecification","valueRequired":true,"valueName":"search_term_string"}}],"inLanguage":"en-US"},{"@type":"Organization","@id":"https:\/\/ranoja.ee\/#organization","name":"Ranoja O\u00dc","url":"https:\/\/ranoja.ee\/","logo":{"@type":"ImageObject","inLanguage":"en-US","@id":"https:\/\/ranoja.ee\/#\/schema\/logo\/image\/","url":"https:\/\/ranoja.ee\/wp-content\/uploads\/2023\/11\/ranoja-Logo.png","contentUrl":"https:\/\/ranoja.ee\/wp-content\/uploads\/2023\/11\/ranoja-Logo.png","width":207,"height":58,"caption":"Ranoja O\u00dc"},"image":{"@id":"https:\/\/ranoja.ee\/#\/schema\/logo\/image\/"},"sameAs":["https:\/\/www.facebook.com\/ranoja.ee","https:\/\/www.instagram.com\/ranoja__\/"]}]}},"_links":{"self":[{"href":"https:\/\/ranoja.ee\/en\/wp-json\/wp\/v2\/product\/26596","targetHints":{"allow":["GET"]}}],"collection":[{"href":"https:\/\/ranoja.ee\/en\/wp-json\/wp\/v2\/product"}],"about":[{"href":"https:\/\/ranoja.ee\/en\/wp-json\/wp\/v2\/types\/product"}],"wp:featuredmedia":[{"embeddable":true,"href":"https:\/\/ranoja.ee\/en\/wp-json\/wp\/v2\/media\/26597"}],"wp:attachment":[{"href":"https:\/\/ranoja.ee\/en\/wp-json\/wp\/v2\/media?parent=26596"}],"wp:term":[{"taxonomy":"product_cat","embeddable":true,"href":"https:\/\/ranoja.ee\/en\/wp-json\/wp\/v2\/product_cat?post=26596"},{"taxonomy":"product_tag","embeddable":true,"href":"https:\/\/ranoja.ee\/en\/wp-json\/wp\/v2\/product_tag?post=26596"}],"curies":[{"name":"wp","href":"https:\/\/api.w.org\/{rel}","templated":true}]}}