{"id":26457,"date":"2026-01-20T12:35:09","date_gmt":"2026-01-20T09:35:09","guid":{"rendered":"https:\/\/ranoja.ee\/?post_type=product&#038;p=26457"},"modified":"2026-02-04T11:35:50","modified_gmt":"2026-02-04T08:35:50","slug":"robotniiduk-s3-sunseeker-800-m%c2%b2-kaablivaba","status":"publish","type":"product","link":"https:\/\/ranoja.ee\/en\/toode\/robotniiduk-s3-sunseeker-800-m%c2%b2-kaablivaba\/","title":{"rendered":"Robotniiduk S3 Sunseeker 800 m\u00b2 (kaablivaba)"},"content":{"rendered":"<p>Robotniiduk S3 Sunseeker 800 m\u00b2 (kaablivaba)<\/p>\n<p>Sunseeker S3 on juhtmevaba robotniiduk kuni 800 m2 suurustele murupindadele. Niidukil on AONaviTM positsioneerimis- ja navigeerimiss\u00fcsteem, mis kasutab reaalajas kinemaatilist (RTK) satelliitpositsioneerimise tehnoloogiat ja VSLAM visuaalset navigatsiooni. K\u00f5ik see tagab t\u00e4pse piiride kaardistamise ja niidutrajektoori s\u00f5ltumata takistustest v\u00f5i niidetava pinna ainulaadsest kujust.<br \/>\nVison AI System on varustatud kaameraga. Nii tajub niiduk \u00fcmbritsevat keskkonda ja navigeerib sujuvalt takistuste vahel. Patenteeritud s\u00fcva\u00f5ppe algoritme treenitakse pidevalt kogutud andmete kaudu. Nii \u00f5pib niiduk p\u00fcsivalt \u00fcmbritsevat paremini m\u00f5istma.<\/p>\n<p>Robotniiduk S3 Sunseeker 800 m\u00b2 (kaablivaba)<\/p>\n<p>See mudel sobib ideaalselt keskmise suurusega murupindade hooldamiseks kuni 800 m\u00b2. S3 kasutab t\u00e4psepositsioneerimise s\u00fcsteemi, mis kombineerib RTK-satelliitpositsioneerimist ja visuaalset VSLAM-navigatsiooni, et kaablivabalt kaardistada ala ja planeerida niitmist ilma traditsioonilise piirdeahela paigalduseta.<\/p>\n<p>Robotniiduk tunneb \u00fcmbritsevat keskkonda t\u00e4nu Vision AI ja VSLAM tehnoloogiatele, mis aitavad tuvastada takistusi ja tagavad sujuva liikumise. Niiduk suudab t\u00f5usta kuni 17\u00b0 kallega pinnal ning Floating Cut System tagab \u00fchtlase niidutulemuse ka ebatasasel maastikul.<\/p>\n<p>S3 t\u00f6\u00f6tab automaatselt vastavalt ajakavadele, mida saab juhtida nutitelefonirakenduse kaudu. See on vaikne, t\u00f5hus ja praktiline \u2014 ideaalne lahendus neile, kes soovivad muru niitmist automatiseerida ilma keeruliste juhtme- v\u00f5i v\u00f5rgus\u00fcsteemideta<\/p>\n","protected":false},"excerpt":{"rendered":"<p>Robotniiduk S3 Sunseeker 800 m\u00b2 (kaablivaba)<\/p>\n<p>TEHNILISED N\u00c4ITAJAD<br \/>\nTehnoloogia RTK+AI+VSLAM<br \/>\nMax. niidetav ala 800 m\u00b2<br \/>\nNiiduk\u00f5rgus min.\/max. 20-60 mm<br \/>\nNiiduk\u00f5rguse seadistus k\u00e4sitsi<br \/>\nNiidulaius 18 cm<br \/>\nAku mahutavus 4 Ah<br \/>\nLaadimisvool 2A<br \/>\nMax. n\u00f5lva kalle 17\u00b0 \/ 30 %<br \/>\nM\u00fcratase 60 dB<\/p>\n<p>ERIOMADUSED<br \/>\nPiirdekaablita<br \/>\nRTK-tugijaam<br \/>\nApp\/Wifi\/Bluetooth<br \/>\nS\u00fcstemaatiline niitmine<br \/>\nServal\u00f5ikus<br \/>\nUjuv niiduseade<br \/>\nTakistuste tuvastamine<br \/>\nVihmaandur<br \/>\nAlexa \/ Google Home nutiassistendi tugi<br \/>\nFOTA (FirmwareOverTheAir)<\/p>\n<p><strong>Tootja garantii 2 +1 aastat registreerides seadme 30 p\u00e4eva jooksul ostukuup\u00e4evast veebik\u00fcljel <a href=\"https:\/\/warranty.tech.sk-robot.com\">https:\/\/warranty.tech.sk-robot.com<\/a>\/<\/strong><br \/>\n<strong>Eeldatav tarneaeg 1-7 t\u00f6\u00f6p\u00e4eva<\/strong><\/p>\n[embed]https:\/\/www.youtube.com\/watch?v=fIKLHxsNk7g[\/embed]\n","protected":false},"featured_media":26464,"template":"","meta":{"inline_featured_image":false},"product_cat":[1079,1080],"product_tag":[],"class_list":{"0":"post-26457","1":"product","2":"type-product","3":"status-publish","4":"has-post-thumbnail","6":"product_brand-sunseeker","7":"product_cat-aiatehnika-ja-niidutehnika","8":"product_cat-robotniidukid","10":"first","11":"outofstock","12":"taxable","13":"shipping-taxable","14":"purchasable","15":"product-type-simple"},"yoast_head":"<!-- This site is optimized with the Yoast SEO plugin v27.4 - https:\/\/yoast.com\/product\/yoast-seo-wordpress\/ -->\n<title>Robotniiduk S3, Sunseeker 800 m\u00b2 (kaablivaba)<\/title>\n<meta name=\"description\" content=\"Robotniiduk S3, Sunseeker 800 m\u00b2 (kaablivaba) - Tehnoloogia RTK+AI+VSLAMMax. niidetav ala 800 m\u00b2 Kvaliteetne kaablivaba mururobot 800 m\u00b2 kruntidele\" \/>\n<meta name=\"robots\" content=\"index, follow, max-snippet:-1, max-image-preview:large, max-video-preview:-1\" \/>\n<link rel=\"canonical\" href=\"https:\/\/ranoja.ee\/toode\/robotniiduk-s3-sunseeker-800-m\u00b2-kaablivaba\/\" \/>\n<meta property=\"og:locale\" content=\"en_US\" \/>\n<meta property=\"og:type\" content=\"article\" \/>\n<meta property=\"og:title\" content=\"Robotniiduk S3, Sunseeker 800 m\u00b2 (kaablivaba)\" \/>\n<meta property=\"og:description\" content=\"Robotniiduk S3, Sunseeker 800 m\u00b2 (kaablivaba) - Tehnoloogia RTK+AI+VSLAMMax. niidetav ala 800 m\u00b2 Kvaliteetne kaablivaba mururobot 800 m\u00b2 kruntidele\" \/>\n<meta property=\"og:url\" content=\"https:\/\/ranoja.ee\/toode\/robotniiduk-s3-sunseeker-800-m\u00b2-kaablivaba\/\" \/>\n<meta property=\"og:site_name\" content=\"Ranoja\" \/>\n<meta property=\"article:publisher\" content=\"https:\/\/www.facebook.com\/ranoja.ee\" \/>\n<meta property=\"article:modified_time\" content=\"2026-02-04T08:35:50+00:00\" \/>\n<meta property=\"og:image\" content=\"https:\/\/ranoja.ee\/wp-content\/uploads\/2026\/01\/Robotniiduk-S3-Sunseeker-800-m\u00b2-kaablivaba.png\" \/>\n\t<meta property=\"og:image:width\" content=\"900\" \/>\n\t<meta property=\"og:image:height\" content=\"900\" \/>\n\t<meta property=\"og:image:type\" content=\"image\/png\" \/>\n<meta name=\"twitter:card\" content=\"summary_large_image\" \/>\n<meta name=\"twitter:label1\" content=\"Est. reading time\" \/>\n\t<meta name=\"twitter:data1\" content=\"2 minutes\" \/>\n<script type=\"application\/ld+json\" class=\"yoast-schema-graph\">{\"@context\":\"https:\\\/\\\/schema.org\",\"@graph\":[{\"@type\":\"WebPage\",\"@id\":\"https:\\\/\\\/ranoja.ee\\\/toode\\\/robotniiduk-s3-sunseeker-800-m%c2%b2-kaablivaba\\\/\",\"url\":\"https:\\\/\\\/ranoja.ee\\\/toode\\\/robotniiduk-s3-sunseeker-800-m%c2%b2-kaablivaba\\\/\",\"name\":\"Robotniiduk S3, Sunseeker 800 m\u00b2 (kaablivaba)\",\"isPartOf\":{\"@id\":\"https:\\\/\\\/ranoja.ee\\\/#website\"},\"primaryImageOfPage\":{\"@id\":\"https:\\\/\\\/ranoja.ee\\\/toode\\\/robotniiduk-s3-sunseeker-800-m%c2%b2-kaablivaba\\\/#primaryimage\"},\"image\":{\"@id\":\"https:\\\/\\\/ranoja.ee\\\/toode\\\/robotniiduk-s3-sunseeker-800-m%c2%b2-kaablivaba\\\/#primaryimage\"},\"thumbnailUrl\":\"https:\\\/\\\/ranoja.ee\\\/wp-content\\\/uploads\\\/2026\\\/01\\\/Robotniiduk-S3-Sunseeker-800-m\u00b2-kaablivaba.png\",\"datePublished\":\"2026-01-20T09:35:09+00:00\",\"dateModified\":\"2026-02-04T08:35:50+00:00\",\"description\":\"Robotniiduk S3, Sunseeker 800 m\u00b2 (kaablivaba) - Tehnoloogia RTK+AI+VSLAMMax. niidetav ala 800 m\u00b2 Kvaliteetne kaablivaba mururobot 800 m\u00b2 kruntidele\",\"breadcrumb\":{\"@id\":\"https:\\\/\\\/ranoja.ee\\\/toode\\\/robotniiduk-s3-sunseeker-800-m%c2%b2-kaablivaba\\\/#breadcrumb\"},\"inLanguage\":\"en-US\",\"potentialAction\":[{\"@type\":\"ReadAction\",\"target\":[\"https:\\\/\\\/ranoja.ee\\\/toode\\\/robotniiduk-s3-sunseeker-800-m%c2%b2-kaablivaba\\\/\"]}]},{\"@type\":\"ImageObject\",\"inLanguage\":\"en-US\",\"@id\":\"https:\\\/\\\/ranoja.ee\\\/toode\\\/robotniiduk-s3-sunseeker-800-m%c2%b2-kaablivaba\\\/#primaryimage\",\"url\":\"https:\\\/\\\/ranoja.ee\\\/wp-content\\\/uploads\\\/2026\\\/01\\\/Robotniiduk-S3-Sunseeker-800-m\u00b2-kaablivaba.png\",\"contentUrl\":\"https:\\\/\\\/ranoja.ee\\\/wp-content\\\/uploads\\\/2026\\\/01\\\/Robotniiduk-S3-Sunseeker-800-m\u00b2-kaablivaba.png\",\"width\":900,\"height\":900,\"caption\":\"Robotniiduk S3 Sunseeker 800 m\u00b2 (kaablivaba)\"},{\"@type\":\"BreadcrumbList\",\"@id\":\"https:\\\/\\\/ranoja.ee\\\/toode\\\/robotniiduk-s3-sunseeker-800-m%c2%b2-kaablivaba\\\/#breadcrumb\",\"itemListElement\":[{\"@type\":\"ListItem\",\"position\":1,\"name\":\"Home\",\"item\":\"https:\\\/\\\/ranoja.ee\\\/\"},{\"@type\":\"ListItem\",\"position\":2,\"name\":\"Shop\",\"item\":\"https:\\\/\\\/ranoja.ee\\\/en\\\/shop\\\/\"},{\"@type\":\"ListItem\",\"position\":3,\"name\":\"Robotniiduk S3 Sunseeker 800 m\u00b2 (kaablivaba)\"}]},{\"@type\":\"WebSite\",\"@id\":\"https:\\\/\\\/ranoja.ee\\\/#website\",\"url\":\"https:\\\/\\\/ranoja.ee\\\/\",\"name\":\"Ranoja\",\"description\":\"Equipment Shop WooCommerce WordPress Theme for Machine &amp; Tools\",\"publisher\":{\"@id\":\"https:\\\/\\\/ranoja.ee\\\/#organization\"},\"potentialAction\":[{\"@type\":\"SearchAction\",\"target\":{\"@type\":\"EntryPoint\",\"urlTemplate\":\"https:\\\/\\\/ranoja.ee\\\/?s={search_term_string}\"},\"query-input\":{\"@type\":\"PropertyValueSpecification\",\"valueRequired\":true,\"valueName\":\"search_term_string\"}}],\"inLanguage\":\"en-US\"},{\"@type\":\"Organization\",\"@id\":\"https:\\\/\\\/ranoja.ee\\\/#organization\",\"name\":\"Ranoja O\u00dc\",\"url\":\"https:\\\/\\\/ranoja.ee\\\/\",\"logo\":{\"@type\":\"ImageObject\",\"inLanguage\":\"en-US\",\"@id\":\"https:\\\/\\\/ranoja.ee\\\/#\\\/schema\\\/logo\\\/image\\\/\",\"url\":\"https:\\\/\\\/ranoja.ee\\\/wp-content\\\/uploads\\\/2023\\\/11\\\/ranoja-Logo.png\",\"contentUrl\":\"https:\\\/\\\/ranoja.ee\\\/wp-content\\\/uploads\\\/2023\\\/11\\\/ranoja-Logo.png\",\"width\":207,\"height\":58,\"caption\":\"Ranoja O\u00dc\"},\"image\":{\"@id\":\"https:\\\/\\\/ranoja.ee\\\/#\\\/schema\\\/logo\\\/image\\\/\"},\"sameAs\":[\"https:\\\/\\\/www.facebook.com\\\/ranoja.ee\",\"https:\\\/\\\/www.instagram.com\\\/ranoja__\\\/\"]}]}<\/script>\n<!-- \/ Yoast SEO plugin. -->","yoast_head_json":{"title":"Robotniiduk S3, Sunseeker 800 m\u00b2 (kaablivaba)","description":"Robotniiduk S3, Sunseeker 800 m\u00b2 (kaablivaba) - Tehnoloogia RTK+AI+VSLAMMax. niidetav ala 800 m\u00b2 Kvaliteetne kaablivaba mururobot 800 m\u00b2 kruntidele","robots":{"index":"index","follow":"follow","max-snippet":"max-snippet:-1","max-image-preview":"max-image-preview:large","max-video-preview":"max-video-preview:-1"},"canonical":"https:\/\/ranoja.ee\/toode\/robotniiduk-s3-sunseeker-800-m\u00b2-kaablivaba\/","og_locale":"en_US","og_type":"article","og_title":"Robotniiduk S3, Sunseeker 800 m\u00b2 (kaablivaba)","og_description":"Robotniiduk S3, Sunseeker 800 m\u00b2 (kaablivaba) - Tehnoloogia RTK+AI+VSLAMMax. niidetav ala 800 m\u00b2 Kvaliteetne kaablivaba mururobot 800 m\u00b2 kruntidele","og_url":"https:\/\/ranoja.ee\/toode\/robotniiduk-s3-sunseeker-800-m\u00b2-kaablivaba\/","og_site_name":"Ranoja","article_publisher":"https:\/\/www.facebook.com\/ranoja.ee","article_modified_time":"2026-02-04T08:35:50+00:00","og_image":[{"width":900,"height":900,"url":"https:\/\/ranoja.ee\/wp-content\/uploads\/2026\/01\/Robotniiduk-S3-Sunseeker-800-m\u00b2-kaablivaba.png","type":"image\/png"}],"twitter_card":"summary_large_image","twitter_misc":{"Est. reading time":"2 minutes"},"schema":{"@context":"https:\/\/schema.org","@graph":[{"@type":"WebPage","@id":"https:\/\/ranoja.ee\/toode\/robotniiduk-s3-sunseeker-800-m%c2%b2-kaablivaba\/","url":"https:\/\/ranoja.ee\/toode\/robotniiduk-s3-sunseeker-800-m%c2%b2-kaablivaba\/","name":"Robotniiduk S3, Sunseeker 800 m\u00b2 (kaablivaba)","isPartOf":{"@id":"https:\/\/ranoja.ee\/#website"},"primaryImageOfPage":{"@id":"https:\/\/ranoja.ee\/toode\/robotniiduk-s3-sunseeker-800-m%c2%b2-kaablivaba\/#primaryimage"},"image":{"@id":"https:\/\/ranoja.ee\/toode\/robotniiduk-s3-sunseeker-800-m%c2%b2-kaablivaba\/#primaryimage"},"thumbnailUrl":"https:\/\/ranoja.ee\/wp-content\/uploads\/2026\/01\/Robotniiduk-S3-Sunseeker-800-m\u00b2-kaablivaba.png","datePublished":"2026-01-20T09:35:09+00:00","dateModified":"2026-02-04T08:35:50+00:00","description":"Robotniiduk S3, Sunseeker 800 m\u00b2 (kaablivaba) - Tehnoloogia RTK+AI+VSLAMMax. niidetav ala 800 m\u00b2 Kvaliteetne kaablivaba mururobot 800 m\u00b2 kruntidele","breadcrumb":{"@id":"https:\/\/ranoja.ee\/toode\/robotniiduk-s3-sunseeker-800-m%c2%b2-kaablivaba\/#breadcrumb"},"inLanguage":"en-US","potentialAction":[{"@type":"ReadAction","target":["https:\/\/ranoja.ee\/toode\/robotniiduk-s3-sunseeker-800-m%c2%b2-kaablivaba\/"]}]},{"@type":"ImageObject","inLanguage":"en-US","@id":"https:\/\/ranoja.ee\/toode\/robotniiduk-s3-sunseeker-800-m%c2%b2-kaablivaba\/#primaryimage","url":"https:\/\/ranoja.ee\/wp-content\/uploads\/2026\/01\/Robotniiduk-S3-Sunseeker-800-m\u00b2-kaablivaba.png","contentUrl":"https:\/\/ranoja.ee\/wp-content\/uploads\/2026\/01\/Robotniiduk-S3-Sunseeker-800-m\u00b2-kaablivaba.png","width":900,"height":900,"caption":"Robotniiduk S3 Sunseeker 800 m\u00b2 (kaablivaba)"},{"@type":"BreadcrumbList","@id":"https:\/\/ranoja.ee\/toode\/robotniiduk-s3-sunseeker-800-m%c2%b2-kaablivaba\/#breadcrumb","itemListElement":[{"@type":"ListItem","position":1,"name":"Home","item":"https:\/\/ranoja.ee\/"},{"@type":"ListItem","position":2,"name":"Shop","item":"https:\/\/ranoja.ee\/en\/shop\/"},{"@type":"ListItem","position":3,"name":"Robotniiduk S3 Sunseeker 800 m\u00b2 (kaablivaba)"}]},{"@type":"WebSite","@id":"https:\/\/ranoja.ee\/#website","url":"https:\/\/ranoja.ee\/","name":"Ranoja","description":"Equipment Shop WooCommerce WordPress Theme for Machine &amp; Tools","publisher":{"@id":"https:\/\/ranoja.ee\/#organization"},"potentialAction":[{"@type":"SearchAction","target":{"@type":"EntryPoint","urlTemplate":"https:\/\/ranoja.ee\/?s={search_term_string}"},"query-input":{"@type":"PropertyValueSpecification","valueRequired":true,"valueName":"search_term_string"}}],"inLanguage":"en-US"},{"@type":"Organization","@id":"https:\/\/ranoja.ee\/#organization","name":"Ranoja O\u00dc","url":"https:\/\/ranoja.ee\/","logo":{"@type":"ImageObject","inLanguage":"en-US","@id":"https:\/\/ranoja.ee\/#\/schema\/logo\/image\/","url":"https:\/\/ranoja.ee\/wp-content\/uploads\/2023\/11\/ranoja-Logo.png","contentUrl":"https:\/\/ranoja.ee\/wp-content\/uploads\/2023\/11\/ranoja-Logo.png","width":207,"height":58,"caption":"Ranoja O\u00dc"},"image":{"@id":"https:\/\/ranoja.ee\/#\/schema\/logo\/image\/"},"sameAs":["https:\/\/www.facebook.com\/ranoja.ee","https:\/\/www.instagram.com\/ranoja__\/"]}]}},"_links":{"self":[{"href":"https:\/\/ranoja.ee\/en\/wp-json\/wp\/v2\/product\/26457","targetHints":{"allow":["GET"]}}],"collection":[{"href":"https:\/\/ranoja.ee\/en\/wp-json\/wp\/v2\/product"}],"about":[{"href":"https:\/\/ranoja.ee\/en\/wp-json\/wp\/v2\/types\/product"}],"wp:featuredmedia":[{"embeddable":true,"href":"https:\/\/ranoja.ee\/en\/wp-json\/wp\/v2\/media\/26464"}],"wp:attachment":[{"href":"https:\/\/ranoja.ee\/en\/wp-json\/wp\/v2\/media?parent=26457"}],"wp:term":[{"taxonomy":"product_cat","embeddable":true,"href":"https:\/\/ranoja.ee\/en\/wp-json\/wp\/v2\/product_cat?post=26457"},{"taxonomy":"product_tag","embeddable":true,"href":"https:\/\/ranoja.ee\/en\/wp-json\/wp\/v2\/product_tag?post=26457"}],"curies":[{"name":"wp","href":"https:\/\/api.w.org\/{rel}","templated":true}]}}