{"id":26444,"date":"2026-01-20T12:04:25","date_gmt":"2026-01-20T09:04:25","guid":{"rendered":"https:\/\/ranoja.ee\/?post_type=product&#038;p=26444"},"modified":"2026-01-20T12:21:48","modified_gmt":"2026-01-20T09:21:48","slug":"elektrimootoriga-puiduhakkur-rpe-120-11-kw","status":"publish","type":"product","link":"https:\/\/ranoja.ee\/en\/toode\/elektrimootoriga-puiduhakkur-rpe-120-11-kw\/","title":{"rendered":"Elektrimootoriga puiduhakkur RPE-120 11 kW"},"content":{"rendered":"<p>Elektrimootoriga puiduhakkur RPE-120 11 kW <\/p>\n<p>RPE-120 PROFESSIONAL mobiilne puiduhakkur on varustatud usaldusv\u00e4\u00e4rse 11 kW vahelduvvoolumootoriga, millel on automaatne t\u00e4ht-kolmnurkk\u00e4ivitusl\u00fcliti. Raam on valmistatud metallprofiilidest, millel on v\u00f5imalus kohandada mitut riputusv\u00f5imalust. Pikendatud, \u00fclij\u00e4ik kokkupandav s\u00f6\u00f6tmispunker on tugevdatud profiiliga. Hakkur on varustatud s\u00f6\u00f6tmispunkrit \u00fcmbritseva ohutusl\u00fclitiga. Hakkur on m\u00f5eldud kuni 11 cm l\u00e4bim\u00f5\u00f5duga puiduj\u00e4\u00e4tmete ja okste t\u00f6\u00f6tlemiseks. T\u00f6\u00f6deldud puit on t\u00f5hus ja \u00f6koloogiline k\u00fctus, mis sobib ideaalselt p\u00f5letamiseks igat t\u00fc\u00fcpi keskk\u00fcttekateldes.<\/p>\n<p>Hakkuri on t\u00e4ielikult projekteerinud ja tootnud REMET CNC TECHNOLOGY. Keevitatud, t\u00e4ielikult eemaldatav konstruktsioon tagab piisava j\u00e4ikuse ja vastupidavuse. L\u00f5ikemehhanism on t\u00e4pselt valmistatud CNC-t\u00f6\u00f6tluskeskustes \u00fchest konstruktsioonist, et tagada sobiv kvaliteet, t\u00e4psus ja kontsentrilisus, mis omakorda t\u00e4hendab komponentide ja kogu masina pikaealisi t\u00f6\u00f6eaid. L\u00f5ikemehhanismi noad on valmistatud kulumiskindlast terasest, mis tagab pika ja t\u00f5husa t\u00f6\u00f6.<\/p>\n<p>Elektriline puiduhakkur on seade, mida kasutatakse peamiselt aedades ja koduaedades okste ja puiduj\u00e4\u00e4tmete purustamiseks. T\u00e4nu oma elektrilisele v\u00f5imsusele on see keskkonnas\u00f5bralikum kui traditsioonilised bensiinihakkurid, kuna ei eralda kahjulikke heitmeid. Elektriline oksahakkur on mugav kasutada ja suhteliselt vaikne, mist\u00f5ttu sobib see kasutamiseks kodukeskkonnas.<\/p>\n<p>See on ideaalne lahendus neile, kes otsivad t\u00f5husat viisi okste ja k\u00e4rbitud p\u00f5\u00f5saste utiliseerimiseks, tagades taimematerjali kiire ja t\u00f5husa purustamise. See v\u00f5imaldab teil aiaj\u00e4\u00e4tmeid h\u00f5lpsalt v\u00e4\u00e4rtuslikuks kompostiks t\u00f6\u00f6delda v\u00f5i kasutada mult\u0161imissubstraadina, mis soodustab taimede tervislikku kasvu. Elektriline oksahakkur on usaldusv\u00e4\u00e4rne t\u00f6\u00f6riist, mis h\u00f5lbustab aiahooldust ja aitab samal ajal kaasa keskkonnakaitsele.<\/p>\n<p>Elektrimootoriga puiduhakkurite kasutamine on lihtne ja ohutu. Ergonoomiline disain, kasutajas\u00f5bralik juhtimine ja mitmed turvalahendused v\u00e4hendavad t\u00f6\u00f6\u00f5nnetuste riski ning muudavad igap\u00e4evase kasutamise mugavaks. Madalad hoolduskulud ja energiat\u00f5hus t\u00f6\u00f6 tagavad, et investeering tasub end kiiresti \u00e4ra.<\/p>\n<p>Elektrimootoriga puiduhakkur RPE-120 11 kW <\/p>\n","protected":false},"excerpt":{"rendered":"<p>Elektrimootoriga puiduhakkur RPE-120 11 kW<br \/>\nElektrimootori toide: 3-faasiline 400V 50Hz<br \/>\nVahelduvvoolumootor: 11 kW<br \/>\nP\u00f6\u00f6rlemiskiirus: 2920 p\/min<br \/>\nHammasrataste l\u00e4bim\u00f5\u00f5t: 200 mm<br \/>\nL\u00f5ikemehhanismi korpuse paksus: 20 mm<br \/>\nS\u00f6\u00f6tmispunker: 62\/38 cm<br \/>\nNoa paksus: 10 mm<br \/>\nL\u00f5igatud okste pikkus kuue noaga: 8-15 cm<br \/>\nL\u00f5ikenugade tootmine: Kulumiskindel teras suurenenud k\u00f5vadusega<br \/>\nOkste maksimaalne l\u00f5ikel\u00e4bim\u00f5\u00f5t v\u00e4rske pehme puit: 110 mm<br \/>\nOkste maksimaalne l\u00f5ikel\u00e4bim\u00f5\u00f5t v\u00e4rske lehtpuu: 100 mm<br \/>\nOkste maksimaalne l\u00f5ikel\u00e4bim\u00f5\u00f5t kuiv lehtpuu: 90 mm<br \/>\nTootekood: 1RPE120<br \/>\nKaal: 370 kg<br \/>\n<strong>Eeldatav tarneaeg 2-3 n\u00e4dalat<\/strong><br \/>\n[embed]https:\/\/youtu.be\/xIP29wepzq8?si=6LE_6iEI6iZlUbud[\/embed]<\/p>\n","protected":false},"featured_media":26460,"template":"","meta":{"inline_featured_image":false},"product_cat":[1087,3013],"product_tag":[3088,3087,3086,84,1021,3017],"class_list":{"0":"post-26444","1":"product","2":"type-product","3":"status-publish","4":"has-post-thumbnail","6":"product_brand-remet-cnc-technology","7":"product_cat-metsatehnika","8":"product_cat-puiduhakkurid","9":"product_tag-1rpe120","10":"product_tag-elektrimootoriga-puiduhakkur","11":"product_tag-elektrimootoriga-puiduhakkur-rpe-120-11-kw","12":"product_tag-oksapurustaja","13":"product_tag-puiduhakkur","14":"product_tag-remet-cnc-technology","16":"first","17":"instock","18":"taxable","19":"shipping-taxable","20":"purchasable","21":"product-type-simple"},"yoast_head":"<!-- This site is optimized with the Yoast SEO plugin v27.4 - https:\/\/yoast.com\/product\/yoast-seo-wordpress\/ -->\n<title>Elektrimootoriga puiduhakkur RPE-120 11 kW<\/title>\n<meta name=\"description\" content=\"Elektrimootoriga puiduhakkur RPE-120 11 kW T\u00e4nu oma elektrimootorile on see hakkur keskkonnas\u00f5bralikum ning vaiksem kui traditsioonilised bensiinihakkurid.\" \/>\n<meta name=\"robots\" content=\"index, follow, max-snippet:-1, max-image-preview:large, max-video-preview:-1\" \/>\n<link rel=\"canonical\" href=\"https:\/\/ranoja.ee\/toode\/elektrimootoriga-puiduhakkur-rpe-120-11-kw\/\" \/>\n<meta property=\"og:locale\" content=\"en_US\" \/>\n<meta property=\"og:type\" content=\"article\" \/>\n<meta property=\"og:title\" content=\"Elektrimootoriga puiduhakkur RPE-120 11 kW\" \/>\n<meta property=\"og:description\" content=\"Elektrimootoriga puiduhakkur RPE-120 11 kW T\u00e4nu oma elektrimootorile on see hakkur keskkonnas\u00f5bralikum ning vaiksem kui traditsioonilised bensiinihakkurid.\" \/>\n<meta property=\"og:url\" content=\"https:\/\/ranoja.ee\/toode\/elektrimootoriga-puiduhakkur-rpe-120-11-kw\/\" \/>\n<meta property=\"og:site_name\" content=\"Ranoja\" \/>\n<meta property=\"article:publisher\" content=\"https:\/\/www.facebook.com\/ranoja.ee\" \/>\n<meta property=\"article:modified_time\" content=\"2026-01-20T09:21:48+00:00\" \/>\n<meta property=\"og:image\" content=\"https:\/\/ranoja.ee\/wp-content\/uploads\/2026\/01\/Elektrimootoriga-puiduhakkur-RPE-120-11-kW.png\" \/>\n\t<meta property=\"og:image:width\" content=\"458\" \/>\n\t<meta property=\"og:image:height\" content=\"458\" \/>\n\t<meta property=\"og:image:type\" content=\"image\/png\" \/>\n<meta name=\"twitter:card\" content=\"summary_large_image\" \/>\n<meta name=\"twitter:label1\" content=\"Est. reading time\" \/>\n\t<meta name=\"twitter:data1\" content=\"2 minutes\" \/>\n<script type=\"application\/ld+json\" class=\"yoast-schema-graph\">{\"@context\":\"https:\\\/\\\/schema.org\",\"@graph\":[{\"@type\":\"WebPage\",\"@id\":\"https:\\\/\\\/ranoja.ee\\\/toode\\\/elektrimootoriga-puiduhakkur-rpe-120-11-kw\\\/\",\"url\":\"https:\\\/\\\/ranoja.ee\\\/toode\\\/elektrimootoriga-puiduhakkur-rpe-120-11-kw\\\/\",\"name\":\"Elektrimootoriga puiduhakkur RPE-120 11 kW\",\"isPartOf\":{\"@id\":\"https:\\\/\\\/ranoja.ee\\\/#website\"},\"primaryImageOfPage\":{\"@id\":\"https:\\\/\\\/ranoja.ee\\\/toode\\\/elektrimootoriga-puiduhakkur-rpe-120-11-kw\\\/#primaryimage\"},\"image\":{\"@id\":\"https:\\\/\\\/ranoja.ee\\\/toode\\\/elektrimootoriga-puiduhakkur-rpe-120-11-kw\\\/#primaryimage\"},\"thumbnailUrl\":\"https:\\\/\\\/ranoja.ee\\\/wp-content\\\/uploads\\\/2026\\\/01\\\/Elektrimootoriga-puiduhakkur-RPE-120-11-kW.png\",\"datePublished\":\"2026-01-20T09:04:25+00:00\",\"dateModified\":\"2026-01-20T09:21:48+00:00\",\"description\":\"Elektrimootoriga puiduhakkur RPE-120 11 kW T\u00e4nu oma elektrimootorile on see hakkur keskkonnas\u00f5bralikum ning vaiksem kui traditsioonilised bensiinihakkurid.\",\"breadcrumb\":{\"@id\":\"https:\\\/\\\/ranoja.ee\\\/toode\\\/elektrimootoriga-puiduhakkur-rpe-120-11-kw\\\/#breadcrumb\"},\"inLanguage\":\"en-US\",\"potentialAction\":[{\"@type\":\"ReadAction\",\"target\":[\"https:\\\/\\\/ranoja.ee\\\/toode\\\/elektrimootoriga-puiduhakkur-rpe-120-11-kw\\\/\"]}]},{\"@type\":\"ImageObject\",\"inLanguage\":\"en-US\",\"@id\":\"https:\\\/\\\/ranoja.ee\\\/toode\\\/elektrimootoriga-puiduhakkur-rpe-120-11-kw\\\/#primaryimage\",\"url\":\"https:\\\/\\\/ranoja.ee\\\/wp-content\\\/uploads\\\/2026\\\/01\\\/Elektrimootoriga-puiduhakkur-RPE-120-11-kW.png\",\"contentUrl\":\"https:\\\/\\\/ranoja.ee\\\/wp-content\\\/uploads\\\/2026\\\/01\\\/Elektrimootoriga-puiduhakkur-RPE-120-11-kW.png\",\"width\":458,\"height\":458,\"caption\":\"Elektrimootoriga puiduhakkur RPE-120 11 kW\"},{\"@type\":\"BreadcrumbList\",\"@id\":\"https:\\\/\\\/ranoja.ee\\\/toode\\\/elektrimootoriga-puiduhakkur-rpe-120-11-kw\\\/#breadcrumb\",\"itemListElement\":[{\"@type\":\"ListItem\",\"position\":1,\"name\":\"Home\",\"item\":\"https:\\\/\\\/ranoja.ee\\\/\"},{\"@type\":\"ListItem\",\"position\":2,\"name\":\"Shop\",\"item\":\"https:\\\/\\\/ranoja.ee\\\/en\\\/shop\\\/\"},{\"@type\":\"ListItem\",\"position\":3,\"name\":\"Elektrimootoriga puiduhakkur RPE-120 11 kW\"}]},{\"@type\":\"WebSite\",\"@id\":\"https:\\\/\\\/ranoja.ee\\\/#website\",\"url\":\"https:\\\/\\\/ranoja.ee\\\/\",\"name\":\"Ranoja\",\"description\":\"Equipment Shop WooCommerce WordPress Theme for Machine &amp; Tools\",\"publisher\":{\"@id\":\"https:\\\/\\\/ranoja.ee\\\/#organization\"},\"potentialAction\":[{\"@type\":\"SearchAction\",\"target\":{\"@type\":\"EntryPoint\",\"urlTemplate\":\"https:\\\/\\\/ranoja.ee\\\/?s={search_term_string}\"},\"query-input\":{\"@type\":\"PropertyValueSpecification\",\"valueRequired\":true,\"valueName\":\"search_term_string\"}}],\"inLanguage\":\"en-US\"},{\"@type\":\"Organization\",\"@id\":\"https:\\\/\\\/ranoja.ee\\\/#organization\",\"name\":\"Ranoja O\u00dc\",\"url\":\"https:\\\/\\\/ranoja.ee\\\/\",\"logo\":{\"@type\":\"ImageObject\",\"inLanguage\":\"en-US\",\"@id\":\"https:\\\/\\\/ranoja.ee\\\/#\\\/schema\\\/logo\\\/image\\\/\",\"url\":\"https:\\\/\\\/ranoja.ee\\\/wp-content\\\/uploads\\\/2023\\\/11\\\/ranoja-Logo.png\",\"contentUrl\":\"https:\\\/\\\/ranoja.ee\\\/wp-content\\\/uploads\\\/2023\\\/11\\\/ranoja-Logo.png\",\"width\":207,\"height\":58,\"caption\":\"Ranoja O\u00dc\"},\"image\":{\"@id\":\"https:\\\/\\\/ranoja.ee\\\/#\\\/schema\\\/logo\\\/image\\\/\"},\"sameAs\":[\"https:\\\/\\\/www.facebook.com\\\/ranoja.ee\",\"https:\\\/\\\/www.instagram.com\\\/ranoja__\\\/\"]}]}<\/script>\n<!-- \/ Yoast SEO plugin. -->","yoast_head_json":{"title":"Elektrimootoriga puiduhakkur RPE-120 11 kW","description":"Elektrimootoriga puiduhakkur RPE-120 11 kW T\u00e4nu oma elektrimootorile on see hakkur keskkonnas\u00f5bralikum ning vaiksem kui traditsioonilised bensiinihakkurid.","robots":{"index":"index","follow":"follow","max-snippet":"max-snippet:-1","max-image-preview":"max-image-preview:large","max-video-preview":"max-video-preview:-1"},"canonical":"https:\/\/ranoja.ee\/toode\/elektrimootoriga-puiduhakkur-rpe-120-11-kw\/","og_locale":"en_US","og_type":"article","og_title":"Elektrimootoriga puiduhakkur RPE-120 11 kW","og_description":"Elektrimootoriga puiduhakkur RPE-120 11 kW T\u00e4nu oma elektrimootorile on see hakkur keskkonnas\u00f5bralikum ning vaiksem kui traditsioonilised bensiinihakkurid.","og_url":"https:\/\/ranoja.ee\/toode\/elektrimootoriga-puiduhakkur-rpe-120-11-kw\/","og_site_name":"Ranoja","article_publisher":"https:\/\/www.facebook.com\/ranoja.ee","article_modified_time":"2026-01-20T09:21:48+00:00","og_image":[{"width":458,"height":458,"url":"https:\/\/ranoja.ee\/wp-content\/uploads\/2026\/01\/Elektrimootoriga-puiduhakkur-RPE-120-11-kW.png","type":"image\/png"}],"twitter_card":"summary_large_image","twitter_misc":{"Est. reading time":"2 minutes"},"schema":{"@context":"https:\/\/schema.org","@graph":[{"@type":"WebPage","@id":"https:\/\/ranoja.ee\/toode\/elektrimootoriga-puiduhakkur-rpe-120-11-kw\/","url":"https:\/\/ranoja.ee\/toode\/elektrimootoriga-puiduhakkur-rpe-120-11-kw\/","name":"Elektrimootoriga puiduhakkur RPE-120 11 kW","isPartOf":{"@id":"https:\/\/ranoja.ee\/#website"},"primaryImageOfPage":{"@id":"https:\/\/ranoja.ee\/toode\/elektrimootoriga-puiduhakkur-rpe-120-11-kw\/#primaryimage"},"image":{"@id":"https:\/\/ranoja.ee\/toode\/elektrimootoriga-puiduhakkur-rpe-120-11-kw\/#primaryimage"},"thumbnailUrl":"https:\/\/ranoja.ee\/wp-content\/uploads\/2026\/01\/Elektrimootoriga-puiduhakkur-RPE-120-11-kW.png","datePublished":"2026-01-20T09:04:25+00:00","dateModified":"2026-01-20T09:21:48+00:00","description":"Elektrimootoriga puiduhakkur RPE-120 11 kW T\u00e4nu oma elektrimootorile on see hakkur keskkonnas\u00f5bralikum ning vaiksem kui traditsioonilised bensiinihakkurid.","breadcrumb":{"@id":"https:\/\/ranoja.ee\/toode\/elektrimootoriga-puiduhakkur-rpe-120-11-kw\/#breadcrumb"},"inLanguage":"en-US","potentialAction":[{"@type":"ReadAction","target":["https:\/\/ranoja.ee\/toode\/elektrimootoriga-puiduhakkur-rpe-120-11-kw\/"]}]},{"@type":"ImageObject","inLanguage":"en-US","@id":"https:\/\/ranoja.ee\/toode\/elektrimootoriga-puiduhakkur-rpe-120-11-kw\/#primaryimage","url":"https:\/\/ranoja.ee\/wp-content\/uploads\/2026\/01\/Elektrimootoriga-puiduhakkur-RPE-120-11-kW.png","contentUrl":"https:\/\/ranoja.ee\/wp-content\/uploads\/2026\/01\/Elektrimootoriga-puiduhakkur-RPE-120-11-kW.png","width":458,"height":458,"caption":"Elektrimootoriga puiduhakkur RPE-120 11 kW"},{"@type":"BreadcrumbList","@id":"https:\/\/ranoja.ee\/toode\/elektrimootoriga-puiduhakkur-rpe-120-11-kw\/#breadcrumb","itemListElement":[{"@type":"ListItem","position":1,"name":"Home","item":"https:\/\/ranoja.ee\/"},{"@type":"ListItem","position":2,"name":"Shop","item":"https:\/\/ranoja.ee\/en\/shop\/"},{"@type":"ListItem","position":3,"name":"Elektrimootoriga puiduhakkur RPE-120 11 kW"}]},{"@type":"WebSite","@id":"https:\/\/ranoja.ee\/#website","url":"https:\/\/ranoja.ee\/","name":"Ranoja","description":"Equipment Shop WooCommerce WordPress Theme for Machine &amp; Tools","publisher":{"@id":"https:\/\/ranoja.ee\/#organization"},"potentialAction":[{"@type":"SearchAction","target":{"@type":"EntryPoint","urlTemplate":"https:\/\/ranoja.ee\/?s={search_term_string}"},"query-input":{"@type":"PropertyValueSpecification","valueRequired":true,"valueName":"search_term_string"}}],"inLanguage":"en-US"},{"@type":"Organization","@id":"https:\/\/ranoja.ee\/#organization","name":"Ranoja O\u00dc","url":"https:\/\/ranoja.ee\/","logo":{"@type":"ImageObject","inLanguage":"en-US","@id":"https:\/\/ranoja.ee\/#\/schema\/logo\/image\/","url":"https:\/\/ranoja.ee\/wp-content\/uploads\/2023\/11\/ranoja-Logo.png","contentUrl":"https:\/\/ranoja.ee\/wp-content\/uploads\/2023\/11\/ranoja-Logo.png","width":207,"height":58,"caption":"Ranoja O\u00dc"},"image":{"@id":"https:\/\/ranoja.ee\/#\/schema\/logo\/image\/"},"sameAs":["https:\/\/www.facebook.com\/ranoja.ee","https:\/\/www.instagram.com\/ranoja__\/"]}]}},"_links":{"self":[{"href":"https:\/\/ranoja.ee\/en\/wp-json\/wp\/v2\/product\/26444","targetHints":{"allow":["GET"]}}],"collection":[{"href":"https:\/\/ranoja.ee\/en\/wp-json\/wp\/v2\/product"}],"about":[{"href":"https:\/\/ranoja.ee\/en\/wp-json\/wp\/v2\/types\/product"}],"wp:featuredmedia":[{"embeddable":true,"href":"https:\/\/ranoja.ee\/en\/wp-json\/wp\/v2\/media\/26460"}],"wp:attachment":[{"href":"https:\/\/ranoja.ee\/en\/wp-json\/wp\/v2\/media?parent=26444"}],"wp:term":[{"taxonomy":"product_cat","embeddable":true,"href":"https:\/\/ranoja.ee\/en\/wp-json\/wp\/v2\/product_cat?post=26444"},{"taxonomy":"product_tag","embeddable":true,"href":"https:\/\/ranoja.ee\/en\/wp-json\/wp\/v2\/product_tag?post=26444"}],"curies":[{"name":"wp","href":"https:\/\/api.w.org\/{rel}","templated":true}]}}