{"id":26419,"date":"2026-01-20T11:45:18","date_gmt":"2026-01-20T08:45:18","guid":{"rendered":"https:\/\/ranoja.ee\/?post_type=product&#038;p=26419"},"modified":"2026-01-20T12:01:51","modified_gmt":"2026-01-20T09:01:51","slug":"elektrimootoriga-puiduhakkur-re-120-7-5-kw-pto","status":"publish","type":"product","link":"https:\/\/ranoja.ee\/en\/toode\/elektrimootoriga-puiduhakkur-re-120-7-5-kw-pto\/","title":{"rendered":"Elektrimootoriga puiduhakkur RE-120 7.5 kW + PTO"},"content":{"rendered":"<p>Elektrimootoriga puiduhakkur RE-120 7.5 kW + PTO<\/p>\n<p>Mobiilne puiduhakkur RE-120 standardse j\u00f5uv\u00f5tuv\u00f5lliga (PTO) on varustatud 7.5 kW vahelduvvoolumootoriga ja traktoriga t\u00f6\u00f6tamiseks m\u00f5eldud j\u00f5uv\u00f5tuv\u00f5lliga. Hakkur on loodud t\u00f6\u00f6tlema kuni 10 cm l\u00e4bim\u00f5\u00f5duga puiduj\u00e4\u00e4tmeid ja okste, kui seda k\u00e4itatakse sisep\u00f5lemis-\/elektrimootoriga, v\u00f5i 12 cm l\u00e4bim\u00f5\u00f5duga, kui seda k\u00e4itatakse traktoriga (v\u00e4hemalt 35 hj). T\u00f6\u00f6deldud puit on t\u00f5hus ja keskkonnas\u00f5bralik k\u00fctus, mis sobib ideaalselt p\u00f5letamiseks igat t\u00fc\u00fcpi keskk\u00fcttekateldes.<\/p>\n<p>Hakkuri on t\u00e4ielikult projekteerinud ja tootnud REMET CNC TECHNOLOGY. Keevitatud, t\u00e4ielikult eemaldatav konstruktsioon tagab piisava j\u00e4ikuse ja vastupidavuse. L\u00f5ikemehhanism on t\u00e4pselt valmistatud CNC-t\u00f6\u00f6tluskeskustes \u00fchest konstruktsioonist, et tagada sobiv kvaliteet, t\u00e4psus ja kontsentrilisus, mis omakorda t\u00e4hendab komponentide ja kogu masina pikaealisust. L\u00f5ikemehhanismi noad on valmistatud kulumiskindlast terasest, mis tagab pika ja t\u00f5husa t\u00f6\u00f6.<\/p>\n<p>L\u00f5ikemehhanism on varustatud laiendus- ja kinnitush\u00fclsiga, mida kasutatakse l\u00f5ikenugade positsioneerimiseks ja mis toimib ka \u00fclekoormuskaitsena.<\/p>\n<p>Elektriline puiduhakkur on seade, mida kasutatakse peamiselt aedades ja koduaedades okste ja puiduj\u00e4\u00e4tmete purustamiseks. T\u00e4nu oma elektrilisele v\u00f5imsusele on see keskkonnas\u00f5bralikum kui traditsioonilised bensiinihakkurid, kuna ei eralda kahjulikke heitmeid. Elektriline oksahakkur on mugav kasutada ja suhteliselt vaikne, mist\u00f5ttu sobib see kasutamiseks kodukeskkonnas.<\/p>\n<p>See on ideaalne lahendus neile, kes otsivad t\u00f5husat viisi okste ja k\u00e4rbitud p\u00f5\u00f5saste utiliseerimiseks, tagades taimematerjali kiire ja t\u00f5husa purustamise. See v\u00f5imaldab teil aiaj\u00e4\u00e4tmeid h\u00f5lpsalt v\u00e4\u00e4rtuslikuks kompostiks t\u00f6\u00f6delda v\u00f5i kasutada mult\u0161imissubstraadina, mis soodustab taimede tervislikku kasvu. Elektriline oksahakkur on usaldusv\u00e4\u00e4rne t\u00f6\u00f6riist, mis h\u00f5lbustab aiahooldust ja aitab samal ajal kaasa keskkonnakaitsele.<\/p>\n<p>Elektrimootoriga puiduhakkurite kasutamine on lihtne ja ohutu. Ergonoomiline disain, kasutajas\u00f5bralik juhtimine ja mitmed turvalahendused v\u00e4hendavad t\u00f6\u00f6\u00f5nnetuste riski ning muudavad igap\u00e4evase kasutamise mugavaks. Madalad hoolduskulud ja energiat\u00f5hus t\u00f6\u00f6 tagavad, et investeering tasub end kiiresti \u00e4ra.<\/p>\n<p>Elektrimootoriga puiduhakkur RE-120 7.5 kW + PTO<\/p>\n","protected":false},"excerpt":{"rendered":"<p>Elektrimootoriga puiduhakkur RE-120 7.5 kW + PTO<br \/>\nElektrimootori toide: 3-faasiline 400V 50Hz<br \/>\nVahelduvvoolumootor: 7.5 kW<br \/>\nP\u00f6\u00f6rlemiskiirus: 2920 p\/min<br \/>\nTraktori soovituslik v\u00f5imsus: V\u00e4hemalt 35 hj<br \/>\nSoovitatav j\u00f5uv\u00f5tuv\u00f5lli kiirus: 540 p\/min<br \/>\nMehhanismi siselaius: 180 mm<br \/>\nHammasrataste l\u00e4bim\u00f5\u00f5t: 200 mm<br \/>\nL\u00f5ikemehhanismi korpuse paksus: 20 mm<br \/>\nS\u00f6\u00f6tmispunker: 62\/38 cm<br \/>\nNoa paksus: 10 mm<br \/>\nL\u00f5igatud okste pikkus kuue noaga: 8-15 cm<br \/>\nL\u00f5ikenugade tootmine: Kulumiskindel teras suurenenud k\u00f5vadusega<br \/>\nOkste maksimaalne l\u00f5ikel\u00e4bim\u00f5\u00f5t elektrimootoriga v\u00e4rske pehme puit: 100 mm<br \/>\nOkste maksimaalne l\u00f5ikel\u00e4bim\u00f5\u00f5t elektrimootoriga v\u00e4rske lehtpuu: 90 mm<br \/>\nOkste maksimaalne l\u00f5ikel\u00e4bim\u00f5\u00f5t elektrimootoriga kuiv lehtpuu: 80 mm<br \/>\nOkste maksimaalne l\u00f5ikel\u00e4bim\u00f5\u00f5t PTO v\u00e4rske pehme puit: 120 mm<br \/>\nOkste maksimaalne l\u00f5ikel\u00e4bim\u00f5\u00f5t PTO v\u00e4rske pehme puit: 110 mm<br \/>\nOkste maksimaalne l\u00f5ikel\u00e4bim\u00f5\u00f5t PTO v\u00e4rske pehme puit: 100 mm<br \/>\nTootekood: 3RE120<br \/>\nKaal: 290 kg<br \/>\n<strong>Eeldatav tarneaeg 2-3 n\u00e4dalat<\/strong><\/p>\n","protected":false},"featured_media":26442,"template":"","meta":{"inline_featured_image":false},"product_cat":[1087,3013],"product_tag":[3084,3083,84,1021,3085,3017],"class_list":{"0":"post-26419","1":"product","2":"type-product","3":"status-publish","4":"has-post-thumbnail","6":"product_brand-remet-cnc-technology","7":"product_cat-metsatehnika","8":"product_cat-puiduhakkurid","9":"product_tag-3re120","10":"product_tag-elektrimootoriga-puiduhakkur-re-120-7-5-kw-pto","11":"product_tag-oksapurustaja","12":"product_tag-puiduhakkur","13":"product_tag-re-120","14":"product_tag-remet-cnc-technology","16":"first","17":"instock","18":"taxable","19":"shipping-taxable","20":"purchasable","21":"product-type-simple"},"yoast_head":"<!-- This site is optimized with the Yoast SEO plugin v27.4 - https:\/\/yoast.com\/product\/yoast-seo-wordpress\/ -->\n<title>Elektrimootoriga puiduhakkur RE-120 7.5 kW + PTO<\/title>\n<meta name=\"description\" content=\"Elektrimootoriga puiduhakkur RE-120 7.5 kW + PTO Varustatud 7.5 kW vahelduvvoolumootoriga ja traktoriga t\u00f6\u00f6tamiseks m\u00f5eldud j\u00f5uv\u00f5tuv\u00f5lliga.\" \/>\n<meta name=\"robots\" content=\"index, follow, max-snippet:-1, max-image-preview:large, max-video-preview:-1\" \/>\n<link rel=\"canonical\" href=\"https:\/\/ranoja.ee\/toode\/elektrimootoriga-puiduhakkur-re-120-7-5-kw-pto\/\" \/>\n<meta property=\"og:locale\" content=\"en_US\" \/>\n<meta property=\"og:type\" content=\"article\" \/>\n<meta property=\"og:title\" content=\"Elektrimootoriga puiduhakkur RE-120 7.5 kW + PTO\" \/>\n<meta property=\"og:description\" content=\"Elektrimootoriga puiduhakkur RE-120 7.5 kW + PTO Varustatud 7.5 kW vahelduvvoolumootoriga ja traktoriga t\u00f6\u00f6tamiseks m\u00f5eldud j\u00f5uv\u00f5tuv\u00f5lliga.\" \/>\n<meta property=\"og:url\" content=\"https:\/\/ranoja.ee\/toode\/elektrimootoriga-puiduhakkur-re-120-7-5-kw-pto\/\" \/>\n<meta property=\"og:site_name\" content=\"Ranoja\" \/>\n<meta property=\"article:publisher\" content=\"https:\/\/www.facebook.com\/ranoja.ee\" \/>\n<meta property=\"article:modified_time\" content=\"2026-01-20T09:01:51+00:00\" \/>\n<meta property=\"og:image\" content=\"https:\/\/ranoja.ee\/wp-content\/uploads\/2026\/01\/Elektrimootoriga-puiduhakkur-RE-120-7.5-kW-PTO.png\" \/>\n\t<meta property=\"og:image:width\" content=\"458\" \/>\n\t<meta property=\"og:image:height\" content=\"458\" \/>\n\t<meta property=\"og:image:type\" content=\"image\/png\" \/>\n<meta name=\"twitter:card\" content=\"summary_large_image\" \/>\n<meta name=\"twitter:label1\" content=\"Est. reading time\" \/>\n\t<meta name=\"twitter:data1\" content=\"2 minutes\" \/>\n<script type=\"application\/ld+json\" class=\"yoast-schema-graph\">{\"@context\":\"https:\\\/\\\/schema.org\",\"@graph\":[{\"@type\":\"WebPage\",\"@id\":\"https:\\\/\\\/ranoja.ee\\\/toode\\\/elektrimootoriga-puiduhakkur-re-120-7-5-kw-pto\\\/\",\"url\":\"https:\\\/\\\/ranoja.ee\\\/toode\\\/elektrimootoriga-puiduhakkur-re-120-7-5-kw-pto\\\/\",\"name\":\"Elektrimootoriga puiduhakkur RE-120 7.5 kW + PTO\",\"isPartOf\":{\"@id\":\"https:\\\/\\\/ranoja.ee\\\/#website\"},\"primaryImageOfPage\":{\"@id\":\"https:\\\/\\\/ranoja.ee\\\/toode\\\/elektrimootoriga-puiduhakkur-re-120-7-5-kw-pto\\\/#primaryimage\"},\"image\":{\"@id\":\"https:\\\/\\\/ranoja.ee\\\/toode\\\/elektrimootoriga-puiduhakkur-re-120-7-5-kw-pto\\\/#primaryimage\"},\"thumbnailUrl\":\"https:\\\/\\\/ranoja.ee\\\/wp-content\\\/uploads\\\/2026\\\/01\\\/Elektrimootoriga-puiduhakkur-RE-120-7.5-kW-PTO.png\",\"datePublished\":\"2026-01-20T08:45:18+00:00\",\"dateModified\":\"2026-01-20T09:01:51+00:00\",\"description\":\"Elektrimootoriga puiduhakkur RE-120 7.5 kW + PTO Varustatud 7.5 kW vahelduvvoolumootoriga ja traktoriga t\u00f6\u00f6tamiseks m\u00f5eldud j\u00f5uv\u00f5tuv\u00f5lliga.\",\"breadcrumb\":{\"@id\":\"https:\\\/\\\/ranoja.ee\\\/toode\\\/elektrimootoriga-puiduhakkur-re-120-7-5-kw-pto\\\/#breadcrumb\"},\"inLanguage\":\"en-US\",\"potentialAction\":[{\"@type\":\"ReadAction\",\"target\":[\"https:\\\/\\\/ranoja.ee\\\/toode\\\/elektrimootoriga-puiduhakkur-re-120-7-5-kw-pto\\\/\"]}]},{\"@type\":\"ImageObject\",\"inLanguage\":\"en-US\",\"@id\":\"https:\\\/\\\/ranoja.ee\\\/toode\\\/elektrimootoriga-puiduhakkur-re-120-7-5-kw-pto\\\/#primaryimage\",\"url\":\"https:\\\/\\\/ranoja.ee\\\/wp-content\\\/uploads\\\/2026\\\/01\\\/Elektrimootoriga-puiduhakkur-RE-120-7.5-kW-PTO.png\",\"contentUrl\":\"https:\\\/\\\/ranoja.ee\\\/wp-content\\\/uploads\\\/2026\\\/01\\\/Elektrimootoriga-puiduhakkur-RE-120-7.5-kW-PTO.png\",\"width\":458,\"height\":458,\"caption\":\"Elektrimootoriga puiduhakkur RE-120 7.5 kW + PTO\"},{\"@type\":\"BreadcrumbList\",\"@id\":\"https:\\\/\\\/ranoja.ee\\\/toode\\\/elektrimootoriga-puiduhakkur-re-120-7-5-kw-pto\\\/#breadcrumb\",\"itemListElement\":[{\"@type\":\"ListItem\",\"position\":1,\"name\":\"Home\",\"item\":\"https:\\\/\\\/ranoja.ee\\\/\"},{\"@type\":\"ListItem\",\"position\":2,\"name\":\"Shop\",\"item\":\"https:\\\/\\\/ranoja.ee\\\/en\\\/shop\\\/\"},{\"@type\":\"ListItem\",\"position\":3,\"name\":\"Elektrimootoriga puiduhakkur RE-120 7.5 kW + PTO\"}]},{\"@type\":\"WebSite\",\"@id\":\"https:\\\/\\\/ranoja.ee\\\/#website\",\"url\":\"https:\\\/\\\/ranoja.ee\\\/\",\"name\":\"Ranoja\",\"description\":\"Equipment Shop WooCommerce WordPress Theme for Machine &amp; Tools\",\"publisher\":{\"@id\":\"https:\\\/\\\/ranoja.ee\\\/#organization\"},\"potentialAction\":[{\"@type\":\"SearchAction\",\"target\":{\"@type\":\"EntryPoint\",\"urlTemplate\":\"https:\\\/\\\/ranoja.ee\\\/?s={search_term_string}\"},\"query-input\":{\"@type\":\"PropertyValueSpecification\",\"valueRequired\":true,\"valueName\":\"search_term_string\"}}],\"inLanguage\":\"en-US\"},{\"@type\":\"Organization\",\"@id\":\"https:\\\/\\\/ranoja.ee\\\/#organization\",\"name\":\"Ranoja O\u00dc\",\"url\":\"https:\\\/\\\/ranoja.ee\\\/\",\"logo\":{\"@type\":\"ImageObject\",\"inLanguage\":\"en-US\",\"@id\":\"https:\\\/\\\/ranoja.ee\\\/#\\\/schema\\\/logo\\\/image\\\/\",\"url\":\"https:\\\/\\\/ranoja.ee\\\/wp-content\\\/uploads\\\/2023\\\/11\\\/ranoja-Logo.png\",\"contentUrl\":\"https:\\\/\\\/ranoja.ee\\\/wp-content\\\/uploads\\\/2023\\\/11\\\/ranoja-Logo.png\",\"width\":207,\"height\":58,\"caption\":\"Ranoja O\u00dc\"},\"image\":{\"@id\":\"https:\\\/\\\/ranoja.ee\\\/#\\\/schema\\\/logo\\\/image\\\/\"},\"sameAs\":[\"https:\\\/\\\/www.facebook.com\\\/ranoja.ee\",\"https:\\\/\\\/www.instagram.com\\\/ranoja__\\\/\"]}]}<\/script>\n<!-- \/ Yoast SEO plugin. -->","yoast_head_json":{"title":"Elektrimootoriga puiduhakkur RE-120 7.5 kW + PTO","description":"Elektrimootoriga puiduhakkur RE-120 7.5 kW + PTO Varustatud 7.5 kW vahelduvvoolumootoriga ja traktoriga t\u00f6\u00f6tamiseks m\u00f5eldud j\u00f5uv\u00f5tuv\u00f5lliga.","robots":{"index":"index","follow":"follow","max-snippet":"max-snippet:-1","max-image-preview":"max-image-preview:large","max-video-preview":"max-video-preview:-1"},"canonical":"https:\/\/ranoja.ee\/toode\/elektrimootoriga-puiduhakkur-re-120-7-5-kw-pto\/","og_locale":"en_US","og_type":"article","og_title":"Elektrimootoriga puiduhakkur RE-120 7.5 kW + PTO","og_description":"Elektrimootoriga puiduhakkur RE-120 7.5 kW + PTO Varustatud 7.5 kW vahelduvvoolumootoriga ja traktoriga t\u00f6\u00f6tamiseks m\u00f5eldud j\u00f5uv\u00f5tuv\u00f5lliga.","og_url":"https:\/\/ranoja.ee\/toode\/elektrimootoriga-puiduhakkur-re-120-7-5-kw-pto\/","og_site_name":"Ranoja","article_publisher":"https:\/\/www.facebook.com\/ranoja.ee","article_modified_time":"2026-01-20T09:01:51+00:00","og_image":[{"width":458,"height":458,"url":"https:\/\/ranoja.ee\/wp-content\/uploads\/2026\/01\/Elektrimootoriga-puiduhakkur-RE-120-7.5-kW-PTO.png","type":"image\/png"}],"twitter_card":"summary_large_image","twitter_misc":{"Est. reading time":"2 minutes"},"schema":{"@context":"https:\/\/schema.org","@graph":[{"@type":"WebPage","@id":"https:\/\/ranoja.ee\/toode\/elektrimootoriga-puiduhakkur-re-120-7-5-kw-pto\/","url":"https:\/\/ranoja.ee\/toode\/elektrimootoriga-puiduhakkur-re-120-7-5-kw-pto\/","name":"Elektrimootoriga puiduhakkur RE-120 7.5 kW + PTO","isPartOf":{"@id":"https:\/\/ranoja.ee\/#website"},"primaryImageOfPage":{"@id":"https:\/\/ranoja.ee\/toode\/elektrimootoriga-puiduhakkur-re-120-7-5-kw-pto\/#primaryimage"},"image":{"@id":"https:\/\/ranoja.ee\/toode\/elektrimootoriga-puiduhakkur-re-120-7-5-kw-pto\/#primaryimage"},"thumbnailUrl":"https:\/\/ranoja.ee\/wp-content\/uploads\/2026\/01\/Elektrimootoriga-puiduhakkur-RE-120-7.5-kW-PTO.png","datePublished":"2026-01-20T08:45:18+00:00","dateModified":"2026-01-20T09:01:51+00:00","description":"Elektrimootoriga puiduhakkur RE-120 7.5 kW + PTO Varustatud 7.5 kW vahelduvvoolumootoriga ja traktoriga t\u00f6\u00f6tamiseks m\u00f5eldud j\u00f5uv\u00f5tuv\u00f5lliga.","breadcrumb":{"@id":"https:\/\/ranoja.ee\/toode\/elektrimootoriga-puiduhakkur-re-120-7-5-kw-pto\/#breadcrumb"},"inLanguage":"en-US","potentialAction":[{"@type":"ReadAction","target":["https:\/\/ranoja.ee\/toode\/elektrimootoriga-puiduhakkur-re-120-7-5-kw-pto\/"]}]},{"@type":"ImageObject","inLanguage":"en-US","@id":"https:\/\/ranoja.ee\/toode\/elektrimootoriga-puiduhakkur-re-120-7-5-kw-pto\/#primaryimage","url":"https:\/\/ranoja.ee\/wp-content\/uploads\/2026\/01\/Elektrimootoriga-puiduhakkur-RE-120-7.5-kW-PTO.png","contentUrl":"https:\/\/ranoja.ee\/wp-content\/uploads\/2026\/01\/Elektrimootoriga-puiduhakkur-RE-120-7.5-kW-PTO.png","width":458,"height":458,"caption":"Elektrimootoriga puiduhakkur RE-120 7.5 kW + PTO"},{"@type":"BreadcrumbList","@id":"https:\/\/ranoja.ee\/toode\/elektrimootoriga-puiduhakkur-re-120-7-5-kw-pto\/#breadcrumb","itemListElement":[{"@type":"ListItem","position":1,"name":"Home","item":"https:\/\/ranoja.ee\/"},{"@type":"ListItem","position":2,"name":"Shop","item":"https:\/\/ranoja.ee\/en\/shop\/"},{"@type":"ListItem","position":3,"name":"Elektrimootoriga puiduhakkur RE-120 7.5 kW + PTO"}]},{"@type":"WebSite","@id":"https:\/\/ranoja.ee\/#website","url":"https:\/\/ranoja.ee\/","name":"Ranoja","description":"Equipment Shop WooCommerce WordPress Theme for Machine &amp; Tools","publisher":{"@id":"https:\/\/ranoja.ee\/#organization"},"potentialAction":[{"@type":"SearchAction","target":{"@type":"EntryPoint","urlTemplate":"https:\/\/ranoja.ee\/?s={search_term_string}"},"query-input":{"@type":"PropertyValueSpecification","valueRequired":true,"valueName":"search_term_string"}}],"inLanguage":"en-US"},{"@type":"Organization","@id":"https:\/\/ranoja.ee\/#organization","name":"Ranoja O\u00dc","url":"https:\/\/ranoja.ee\/","logo":{"@type":"ImageObject","inLanguage":"en-US","@id":"https:\/\/ranoja.ee\/#\/schema\/logo\/image\/","url":"https:\/\/ranoja.ee\/wp-content\/uploads\/2023\/11\/ranoja-Logo.png","contentUrl":"https:\/\/ranoja.ee\/wp-content\/uploads\/2023\/11\/ranoja-Logo.png","width":207,"height":58,"caption":"Ranoja O\u00dc"},"image":{"@id":"https:\/\/ranoja.ee\/#\/schema\/logo\/image\/"},"sameAs":["https:\/\/www.facebook.com\/ranoja.ee","https:\/\/www.instagram.com\/ranoja__\/"]}]}},"_links":{"self":[{"href":"https:\/\/ranoja.ee\/en\/wp-json\/wp\/v2\/product\/26419","targetHints":{"allow":["GET"]}}],"collection":[{"href":"https:\/\/ranoja.ee\/en\/wp-json\/wp\/v2\/product"}],"about":[{"href":"https:\/\/ranoja.ee\/en\/wp-json\/wp\/v2\/types\/product"}],"wp:featuredmedia":[{"embeddable":true,"href":"https:\/\/ranoja.ee\/en\/wp-json\/wp\/v2\/media\/26442"}],"wp:attachment":[{"href":"https:\/\/ranoja.ee\/en\/wp-json\/wp\/v2\/media?parent=26419"}],"wp:term":[{"taxonomy":"product_cat","embeddable":true,"href":"https:\/\/ranoja.ee\/en\/wp-json\/wp\/v2\/product_cat?post=26419"},{"taxonomy":"product_tag","embeddable":true,"href":"https:\/\/ranoja.ee\/en\/wp-json\/wp\/v2\/product_tag?post=26419"}],"curies":[{"name":"wp","href":"https:\/\/api.w.org\/{rel}","templated":true}]}}