{"id":26390,"date":"2026-01-20T11:28:50","date_gmt":"2026-01-20T08:28:50","guid":{"rendered":"https:\/\/ranoja.ee\/?post_type=product&#038;p=26390"},"modified":"2026-04-07T16:20:34","modified_gmt":"2026-04-07T13:20:34","slug":"robotniiduk-x4-sunseeker-1200m2-kaablivaba","status":"publish","type":"product","link":"https:\/\/ranoja.ee\/en\/toode\/robotniiduk-x4-sunseeker-1200m2-kaablivaba\/","title":{"rendered":"Robotniiduk X4, Sunseeker 1200m2 (kaablivaba)"},"content":{"rendered":"<p>Robotniiduk X4 Sunseeker 1200m2 (kaablivaba)<\/p>\n<p>Keskkonna reaalajas detailne tajumine<br \/>\nVarustatud 360\u00b0 3D LiDAR-anduriga, mille efektiivne eraldusv\u00f5ime on 172 joont. LiDAR skaneerib kiirusega 6000 p\/min, katab 360\u00b0 (horisontaalne) \u00d7 70\u00b0 (vertikaalne) vaatev\u00e4lja ning loob kuni 210 000 punkti sekundis. Tulemuseks on \u00e4\u00e4rmiselt tihe punktipilv.<\/p>\n<p>Tehisintellektil p\u00f5hinev automaatne murukaardistus<br \/>\nH\u00fcvasti antennide paigaldamise ja piiride seadistamise vaev! X4 saab niitmist alustada kohe p\u00e4rast murule asetamist. Seade loob kiiresti virtuaalsed piirid ja teostab v\u00e4ga t\u00f5husa, t\u00e4ielikult automaatse murukaardistamise, ehitades sinu murust reaalajas detailse 3D-kaardi.<\/p>\n<p>Nutikas marsruudi planeerimine t\u00f5husaks niitmiseks<br \/>\nT\u00e4nu t\u00e4iustatud LiDAR-andurile kaardistab X4 muru millimeetri t\u00e4psusega. See v\u00f5imaldab planeerida k\u00f5ige t\u00f5husamad niitmisteed, et iga muruk\u00f5rs saaks \u00fchtlaselt niidetud.<\/p>\n<p>Tagarattavedu + vedrustuss\u00fcsteem<br \/>\nTagarattavedu v\u00f5imaldab h\u00f5lpsalt liikuda kuni 45% \/ 24\u00b0 kallakutel ning tagumine vedrustus parandab X4 v\u00f5imekust ebatasasel maastikul, aidates tal lihtsasti keerulistest olukordadest v\u00e4ljuda.<\/p>\n<p>Standardne vargusvastane moodul (4G ja GPS)<br \/>\nTunne end turvaliselt, teades, et X4 standardne vargusvastane funktsioon hoiab su seadme kaitstuna. GPS-i ja 4G-tehnoloogia abil pakub see tipptasemel asukohaj\u00e4lgimist, et sinu niiduk oleks alati turvaline.<\/p>\n<p>LCD-ekraan<br \/>\nLCD-ekraan pakub selget ja detailset pildi- ja tekstikuva. Erinevates keskkonnatingimustes s\u00e4ilitab ekraan stabiilse j\u00f5udluse ning ei ole kergesti m\u00f5jutatav temperatuurist ega niiskusest.<\/p>\n<p>Robotniiduk X4 Sunseeker 1200m2 (kaablivaba)<\/p>\n","protected":false},"excerpt":{"rendered":"<p>Robotniiduk X4 Sunseeker 1200m2 (kaablivaba)<\/p>\n<p>T\u00f6\u00f6ala: 1200 m\u00b2<br \/>\nTehnoloogia: 360\u00b0 Lidar + Vision AI + (L-SLAM)<br \/>\nKaamera: p\u00e4evane n\u00e4gemine<br \/>\nKaamera: monokulaarne<br \/>\n4G-moodul + vargusvastane kaitse: jah (2 aastat tasuta)<br \/>\nVeoskeem: tagarattavedu<br \/>\nMaksimaalne kalle: 45% \/ 24\u00b0<br \/>\nVedrustus: tagaratta vedrustus<br \/>\nL\u00f5ikek\u00f5rgus: 20\u201360 mm<br \/>\nK\u00f5rguse reguleerimine: k\u00e4sitsi<br \/>\nL\u00f5ikelaius: 20 cm<br \/>\nL\u00f5iketerad: 6 tera<br \/>\nAku mahtuvus: 5 Ah<br \/>\nLaadimisaeg: 3:00<br \/>\nVeekindlus: IPX6<br \/>\nL\u00f5ikekiirus: max 0,45 m\/s<br \/>\nM\u00fcratase: 60 dB(A)<br \/>\nM\u00f5\u00f5tmed: 63,75 \u00d7 42,16 \u00d7 27,43 cm<br \/>\nKaal: 12 kg<\/p>\n<p>OMADUSED:<br \/>\nVirtuaalsed piirid<br \/>\nNutikas marsruudi planeerimine<br \/>\nTakistuste tuvastus<br \/>\nUjuv l\u00f5ikeketas<br \/>\nEkraan<br \/>\nAutomaatne kaardistamine<br \/>\nPiirjoonel niitmine (s\u00f5idul)<br \/>\nMulti-%S niitmine<br \/>\nPunktniitmine<br \/>\nT\u00f5hususre\u017eiim<br \/>\nMitme tsooni \u00fchenduvus, super Wi-Fi<br \/>\n\u00d6\u00f6re\u017eiim<br \/>\nVihmaandur<br \/>\nFOTA (p\u00fcsivara \u00f5hu kaudu uuendamine)<br \/>\nAlexa v\u00f5i Google Home tugi<br \/>\nLED-esituli<br \/>\nLisatarvikud: harjas<\/p>\n<p>\u2022 LidarAI 3D-fusioonandurite s\u00fcsteem<br \/>\n\u2022 Ilma juhtmete ja antennita, \u201epane maha ja alusta\u201c<br \/>\n\u2022 Tehisintellektil p\u00f5hinev automaatne murukaardistus<br \/>\n\u2022 Nutikas marsruudi planeerimine<br \/>\n\u2022 3D k\u00f5iksuunaline takistuste v\u00e4ltimine<br \/>\n\u2022 Nutikas tsoonihaldus \u00fche niidukiga<br \/>\n\u2022 Ronimisv\u00f5imekus kuni 45% \/ 24\u00b0<br \/>\n\u2022 T\u00f6\u00f6stusharu juhtiv 10 TOPS tehisintellekti kiip<\/p>\n<p><strong>Tootja garantii 2+1 aastat registreerides seadme 30 p\u00e4eva jooksul ostukuup\u00e4evast veebik\u00fcljel sunseekerelite.com<\/strong><\/p>\n","protected":false},"featured_media":26417,"template":"","meta":{"inline_featured_image":false},"product_cat":[1079,1080],"product_tag":[3079,1799,3078],"class_list":{"0":"post-26390","1":"product","2":"type-product","3":"status-publish","4":"has-post-thumbnail","6":"product_brand-sunseeker","7":"product_cat-aiatehnika-ja-niidutehnika","8":"product_cat-robotniidukid","9":"product_tag-16800297-01sun","10":"product_tag-sunseeker","11":"product_tag-x4","13":"first","14":"instock","15":"taxable","16":"shipping-taxable","17":"purchasable","18":"product-type-simple"},"yoast_head":"<!-- This site is optimized with the Yoast SEO plugin v27.4 - https:\/\/yoast.com\/product\/yoast-seo-wordpress\/ -->\n<title>Robotniiduk X4 Sunseeker 1200m2 (kaablivaba)<\/title>\n<meta name=\"description\" content=\"Robotniiduk X4 Sunseeker 1200m2 (kaablivaba) - Kaablivaba mururobot saavutamaks parima niidutulemuse teie aias! Mururobot T\u00f6\u00f6ala: 1200 m\u00b2\" \/>\n<meta name=\"robots\" content=\"index, follow, max-snippet:-1, max-image-preview:large, max-video-preview:-1\" \/>\n<link rel=\"canonical\" href=\"https:\/\/ranoja.ee\/toode\/robotniiduk-x4-sunseeker-1200m2-kaablivaba\/\" \/>\n<meta property=\"og:locale\" content=\"en_US\" \/>\n<meta property=\"og:type\" content=\"article\" \/>\n<meta property=\"og:title\" content=\"Robotniiduk X4 Sunseeker 1200m2 (kaablivaba)\" \/>\n<meta property=\"og:description\" content=\"Robotniiduk X4 Sunseeker 1200m2 (kaablivaba) - Kaablivaba mururobot saavutamaks parima niidutulemuse teie aias! Mururobot T\u00f6\u00f6ala: 1200 m\u00b2\" \/>\n<meta property=\"og:url\" content=\"https:\/\/ranoja.ee\/toode\/robotniiduk-x4-sunseeker-1200m2-kaablivaba\/\" \/>\n<meta property=\"og:site_name\" content=\"Ranoja\" \/>\n<meta property=\"article:publisher\" content=\"https:\/\/www.facebook.com\/ranoja.ee\" \/>\n<meta property=\"article:modified_time\" content=\"2026-04-07T13:20:34+00:00\" \/>\n<meta property=\"og:image\" content=\"https:\/\/ranoja.ee\/wp-content\/uploads\/2026\/01\/Robotniiduk-X4-Sunseeker-1200m2-kaablivaba.jpeg\" \/>\n\t<meta property=\"og:image:width\" content=\"900\" \/>\n\t<meta property=\"og:image:height\" content=\"900\" \/>\n\t<meta property=\"og:image:type\" content=\"image\/jpeg\" \/>\n<meta name=\"twitter:card\" content=\"summary_large_image\" \/>\n<meta name=\"twitter:label1\" content=\"Est. reading time\" \/>\n\t<meta name=\"twitter:data1\" content=\"2 minutes\" \/>\n<script type=\"application\/ld+json\" class=\"yoast-schema-graph\">{\"@context\":\"https:\\\/\\\/schema.org\",\"@graph\":[{\"@type\":\"WebPage\",\"@id\":\"https:\\\/\\\/ranoja.ee\\\/toode\\\/robotniiduk-x4-sunseeker-1200m2-kaablivaba\\\/\",\"url\":\"https:\\\/\\\/ranoja.ee\\\/toode\\\/robotniiduk-x4-sunseeker-1200m2-kaablivaba\\\/\",\"name\":\"Robotniiduk X4 Sunseeker 1200m2 (kaablivaba)\",\"isPartOf\":{\"@id\":\"https:\\\/\\\/ranoja.ee\\\/#website\"},\"primaryImageOfPage\":{\"@id\":\"https:\\\/\\\/ranoja.ee\\\/toode\\\/robotniiduk-x4-sunseeker-1200m2-kaablivaba\\\/#primaryimage\"},\"image\":{\"@id\":\"https:\\\/\\\/ranoja.ee\\\/toode\\\/robotniiduk-x4-sunseeker-1200m2-kaablivaba\\\/#primaryimage\"},\"thumbnailUrl\":\"https:\\\/\\\/ranoja.ee\\\/wp-content\\\/uploads\\\/2026\\\/01\\\/Robotniiduk-X4-Sunseeker-1200m2-kaablivaba.jpeg\",\"datePublished\":\"2026-01-20T08:28:50+00:00\",\"dateModified\":\"2026-04-07T13:20:34+00:00\",\"description\":\"Robotniiduk X4 Sunseeker 1200m2 (kaablivaba) - Kaablivaba mururobot saavutamaks parima niidutulemuse teie aias! Mururobot T\u00f6\u00f6ala: 1200 m\u00b2\",\"breadcrumb\":{\"@id\":\"https:\\\/\\\/ranoja.ee\\\/toode\\\/robotniiduk-x4-sunseeker-1200m2-kaablivaba\\\/#breadcrumb\"},\"inLanguage\":\"en-US\",\"potentialAction\":[{\"@type\":\"ReadAction\",\"target\":[\"https:\\\/\\\/ranoja.ee\\\/toode\\\/robotniiduk-x4-sunseeker-1200m2-kaablivaba\\\/\"]}]},{\"@type\":\"ImageObject\",\"inLanguage\":\"en-US\",\"@id\":\"https:\\\/\\\/ranoja.ee\\\/toode\\\/robotniiduk-x4-sunseeker-1200m2-kaablivaba\\\/#primaryimage\",\"url\":\"https:\\\/\\\/ranoja.ee\\\/wp-content\\\/uploads\\\/2026\\\/01\\\/Robotniiduk-X4-Sunseeker-1200m2-kaablivaba.jpeg\",\"contentUrl\":\"https:\\\/\\\/ranoja.ee\\\/wp-content\\\/uploads\\\/2026\\\/01\\\/Robotniiduk-X4-Sunseeker-1200m2-kaablivaba.jpeg\",\"width\":900,\"height\":900,\"caption\":\"Robotniiduk X4, Sunseeker 1200m2 (kaablivaba)\"},{\"@type\":\"BreadcrumbList\",\"@id\":\"https:\\\/\\\/ranoja.ee\\\/toode\\\/robotniiduk-x4-sunseeker-1200m2-kaablivaba\\\/#breadcrumb\",\"itemListElement\":[{\"@type\":\"ListItem\",\"position\":1,\"name\":\"Home\",\"item\":\"https:\\\/\\\/ranoja.ee\\\/\"},{\"@type\":\"ListItem\",\"position\":2,\"name\":\"Shop\",\"item\":\"https:\\\/\\\/ranoja.ee\\\/en\\\/shop\\\/\"},{\"@type\":\"ListItem\",\"position\":3,\"name\":\"Robotniiduk X4, Sunseeker 1200m2 (kaablivaba)\"}]},{\"@type\":\"WebSite\",\"@id\":\"https:\\\/\\\/ranoja.ee\\\/#website\",\"url\":\"https:\\\/\\\/ranoja.ee\\\/\",\"name\":\"Ranoja\",\"description\":\"Equipment Shop WooCommerce WordPress Theme for Machine &amp; Tools\",\"publisher\":{\"@id\":\"https:\\\/\\\/ranoja.ee\\\/#organization\"},\"potentialAction\":[{\"@type\":\"SearchAction\",\"target\":{\"@type\":\"EntryPoint\",\"urlTemplate\":\"https:\\\/\\\/ranoja.ee\\\/?s={search_term_string}\"},\"query-input\":{\"@type\":\"PropertyValueSpecification\",\"valueRequired\":true,\"valueName\":\"search_term_string\"}}],\"inLanguage\":\"en-US\"},{\"@type\":\"Organization\",\"@id\":\"https:\\\/\\\/ranoja.ee\\\/#organization\",\"name\":\"Ranoja O\u00dc\",\"url\":\"https:\\\/\\\/ranoja.ee\\\/\",\"logo\":{\"@type\":\"ImageObject\",\"inLanguage\":\"en-US\",\"@id\":\"https:\\\/\\\/ranoja.ee\\\/#\\\/schema\\\/logo\\\/image\\\/\",\"url\":\"https:\\\/\\\/ranoja.ee\\\/wp-content\\\/uploads\\\/2023\\\/11\\\/ranoja-Logo.png\",\"contentUrl\":\"https:\\\/\\\/ranoja.ee\\\/wp-content\\\/uploads\\\/2023\\\/11\\\/ranoja-Logo.png\",\"width\":207,\"height\":58,\"caption\":\"Ranoja O\u00dc\"},\"image\":{\"@id\":\"https:\\\/\\\/ranoja.ee\\\/#\\\/schema\\\/logo\\\/image\\\/\"},\"sameAs\":[\"https:\\\/\\\/www.facebook.com\\\/ranoja.ee\",\"https:\\\/\\\/www.instagram.com\\\/ranoja__\\\/\"]}]}<\/script>\n<!-- \/ Yoast SEO plugin. -->","yoast_head_json":{"title":"Robotniiduk X4 Sunseeker 1200m2 (kaablivaba)","description":"Robotniiduk X4 Sunseeker 1200m2 (kaablivaba) - Kaablivaba mururobot saavutamaks parima niidutulemuse teie aias! Mururobot T\u00f6\u00f6ala: 1200 m\u00b2","robots":{"index":"index","follow":"follow","max-snippet":"max-snippet:-1","max-image-preview":"max-image-preview:large","max-video-preview":"max-video-preview:-1"},"canonical":"https:\/\/ranoja.ee\/toode\/robotniiduk-x4-sunseeker-1200m2-kaablivaba\/","og_locale":"en_US","og_type":"article","og_title":"Robotniiduk X4 Sunseeker 1200m2 (kaablivaba)","og_description":"Robotniiduk X4 Sunseeker 1200m2 (kaablivaba) - Kaablivaba mururobot saavutamaks parima niidutulemuse teie aias! Mururobot T\u00f6\u00f6ala: 1200 m\u00b2","og_url":"https:\/\/ranoja.ee\/toode\/robotniiduk-x4-sunseeker-1200m2-kaablivaba\/","og_site_name":"Ranoja","article_publisher":"https:\/\/www.facebook.com\/ranoja.ee","article_modified_time":"2026-04-07T13:20:34+00:00","og_image":[{"width":900,"height":900,"url":"https:\/\/ranoja.ee\/wp-content\/uploads\/2026\/01\/Robotniiduk-X4-Sunseeker-1200m2-kaablivaba.jpeg","type":"image\/jpeg"}],"twitter_card":"summary_large_image","twitter_misc":{"Est. reading time":"2 minutes"},"schema":{"@context":"https:\/\/schema.org","@graph":[{"@type":"WebPage","@id":"https:\/\/ranoja.ee\/toode\/robotniiduk-x4-sunseeker-1200m2-kaablivaba\/","url":"https:\/\/ranoja.ee\/toode\/robotniiduk-x4-sunseeker-1200m2-kaablivaba\/","name":"Robotniiduk X4 Sunseeker 1200m2 (kaablivaba)","isPartOf":{"@id":"https:\/\/ranoja.ee\/#website"},"primaryImageOfPage":{"@id":"https:\/\/ranoja.ee\/toode\/robotniiduk-x4-sunseeker-1200m2-kaablivaba\/#primaryimage"},"image":{"@id":"https:\/\/ranoja.ee\/toode\/robotniiduk-x4-sunseeker-1200m2-kaablivaba\/#primaryimage"},"thumbnailUrl":"https:\/\/ranoja.ee\/wp-content\/uploads\/2026\/01\/Robotniiduk-X4-Sunseeker-1200m2-kaablivaba.jpeg","datePublished":"2026-01-20T08:28:50+00:00","dateModified":"2026-04-07T13:20:34+00:00","description":"Robotniiduk X4 Sunseeker 1200m2 (kaablivaba) - Kaablivaba mururobot saavutamaks parima niidutulemuse teie aias! Mururobot T\u00f6\u00f6ala: 1200 m\u00b2","breadcrumb":{"@id":"https:\/\/ranoja.ee\/toode\/robotniiduk-x4-sunseeker-1200m2-kaablivaba\/#breadcrumb"},"inLanguage":"en-US","potentialAction":[{"@type":"ReadAction","target":["https:\/\/ranoja.ee\/toode\/robotniiduk-x4-sunseeker-1200m2-kaablivaba\/"]}]},{"@type":"ImageObject","inLanguage":"en-US","@id":"https:\/\/ranoja.ee\/toode\/robotniiduk-x4-sunseeker-1200m2-kaablivaba\/#primaryimage","url":"https:\/\/ranoja.ee\/wp-content\/uploads\/2026\/01\/Robotniiduk-X4-Sunseeker-1200m2-kaablivaba.jpeg","contentUrl":"https:\/\/ranoja.ee\/wp-content\/uploads\/2026\/01\/Robotniiduk-X4-Sunseeker-1200m2-kaablivaba.jpeg","width":900,"height":900,"caption":"Robotniiduk X4, Sunseeker 1200m2 (kaablivaba)"},{"@type":"BreadcrumbList","@id":"https:\/\/ranoja.ee\/toode\/robotniiduk-x4-sunseeker-1200m2-kaablivaba\/#breadcrumb","itemListElement":[{"@type":"ListItem","position":1,"name":"Home","item":"https:\/\/ranoja.ee\/"},{"@type":"ListItem","position":2,"name":"Shop","item":"https:\/\/ranoja.ee\/en\/shop\/"},{"@type":"ListItem","position":3,"name":"Robotniiduk X4, Sunseeker 1200m2 (kaablivaba)"}]},{"@type":"WebSite","@id":"https:\/\/ranoja.ee\/#website","url":"https:\/\/ranoja.ee\/","name":"Ranoja","description":"Equipment Shop WooCommerce WordPress Theme for Machine &amp; Tools","publisher":{"@id":"https:\/\/ranoja.ee\/#organization"},"potentialAction":[{"@type":"SearchAction","target":{"@type":"EntryPoint","urlTemplate":"https:\/\/ranoja.ee\/?s={search_term_string}"},"query-input":{"@type":"PropertyValueSpecification","valueRequired":true,"valueName":"search_term_string"}}],"inLanguage":"en-US"},{"@type":"Organization","@id":"https:\/\/ranoja.ee\/#organization","name":"Ranoja O\u00dc","url":"https:\/\/ranoja.ee\/","logo":{"@type":"ImageObject","inLanguage":"en-US","@id":"https:\/\/ranoja.ee\/#\/schema\/logo\/image\/","url":"https:\/\/ranoja.ee\/wp-content\/uploads\/2023\/11\/ranoja-Logo.png","contentUrl":"https:\/\/ranoja.ee\/wp-content\/uploads\/2023\/11\/ranoja-Logo.png","width":207,"height":58,"caption":"Ranoja O\u00dc"},"image":{"@id":"https:\/\/ranoja.ee\/#\/schema\/logo\/image\/"},"sameAs":["https:\/\/www.facebook.com\/ranoja.ee","https:\/\/www.instagram.com\/ranoja__\/"]}]}},"_links":{"self":[{"href":"https:\/\/ranoja.ee\/en\/wp-json\/wp\/v2\/product\/26390","targetHints":{"allow":["GET"]}}],"collection":[{"href":"https:\/\/ranoja.ee\/en\/wp-json\/wp\/v2\/product"}],"about":[{"href":"https:\/\/ranoja.ee\/en\/wp-json\/wp\/v2\/types\/product"}],"wp:featuredmedia":[{"embeddable":true,"href":"https:\/\/ranoja.ee\/en\/wp-json\/wp\/v2\/media\/26417"}],"wp:attachment":[{"href":"https:\/\/ranoja.ee\/en\/wp-json\/wp\/v2\/media?parent=26390"}],"wp:term":[{"taxonomy":"product_cat","embeddable":true,"href":"https:\/\/ranoja.ee\/en\/wp-json\/wp\/v2\/product_cat?post=26390"},{"taxonomy":"product_tag","embeddable":true,"href":"https:\/\/ranoja.ee\/en\/wp-json\/wp\/v2\/product_tag?post=26390"}],"curies":[{"name":"wp","href":"https:\/\/api.w.org\/{rel}","templated":true}]}}