{"id":26182,"date":"2026-01-19T16:11:18","date_gmt":"2026-01-19T13:11:18","guid":{"rendered":"https:\/\/ranoja.ee\/?post_type=product&#038;p=26182"},"modified":"2026-01-19T17:05:14","modified_gmt":"2026-01-19T14:05:14","slug":"bensiinimootoriga-puiduhakkur-rs-120-pto","status":"publish","type":"product","link":"https:\/\/ranoja.ee\/en\/toode\/bensiinimootoriga-puiduhakkur-rs-120-pto\/","title":{"rendered":"Bensiinimootoriga puiduhakkur RS-120 + PTO"},"content":{"rendered":"<p>Bensiinimootoriga puiduhakkur RS-120 + PTO<\/p>\n<p>Mobiilne puiduhakkur RS-120 STANDARD on varustatud 15 hj neljataktilise mootori ja traktoriga t\u00f6\u00f6tamiseks m\u00f5eldud j\u00f5uv\u00f5tuv\u00f5lliga. Hakkur on loodud t\u00f6\u00f6tlema kuni 10 cm l\u00e4bim\u00f5\u00f5duga puiduj\u00e4\u00e4tmeid ja okste, kui seda k\u00e4itatakse sisep\u00f5lemismootoriga. V\u00f5imalus seda kasutada ka 12 cm l\u00e4bim\u00f5\u00f5duga okste hakkimiseks traktori PTO s\u00fcsteemiga, v\u00e4hemalt 35 hj vajalik. T\u00f6\u00f6deldud puit on t\u00f5hus ja keskkonnas\u00f5bralik k\u00fctus, mis sobib ideaalselt p\u00f5letamiseks igat t\u00fc\u00fcpi keskk\u00fcttekateldes.<\/p>\n<p>Hakkur on t\u00e4ielikult projekteerinud ja tootnud REMET CNC TECHNOLOGY. Keevitatud, t\u00e4ielikult eemaldatav konstruktsioon tagab piisava j\u00e4ikuse ja vastupidavuse. L\u00f5ikemehhanism on t\u00e4pselt valmistatud CNC-t\u00f6\u00f6tluskeskustes \u00fchest konstruktsioonist, et tagada sobiv kvaliteet, t\u00e4psus ja kontsentrilisus, mis omakorda t\u00e4hendab komponentide ja kogu masina pikaealisust. L\u00f5ikemehhanismi noad on valmistatud kulumiskindlast terasest, mis tagab pika ja t\u00f5husa t\u00f6\u00f6.<\/p>\n<p>REMET CNC TECHNOLOGY puiduhakkurid on kvaliteetsed ja t\u00f6\u00f6kindlad seadmed, mis on loodud puiduj\u00e4\u00e4tmete, okste, latipuidu ning v\u00e4iksema l\u00e4bim\u00f5\u00f5duga t\u00fcvematerjali efektiivseks purustamiseks. Neid kasutatakse laialdaselt metsanduses, kommunaal- ja haljastust\u00f6\u00f6del, p\u00f5llumajanduses ning ka era- ja v\u00e4iketootjate seas, kus hinnatakse vastupidavust, ohutust ja stabiilset t\u00f6\u00f6protsessi. Ettev\u00f5tte tugev taust metallit\u00f6\u00f6 ja CNC-t\u00e4ppist\u00f6\u00f6tluse valdkonnas kajastub selgelt puiduhakkurite konstruktsioonis ja viimistluses.<\/p>\n<p>Ohutus ja kasutusmugavus on REMET puiduhakkurite arendamisel t\u00e4htsal kohal. Seadmed on varustatud kaitsekatete, ohutusl\u00fclitite ja h\u00e4daseiskamiss\u00fcsteemidega ning vastavad kehtivatele Euroopa ohutusstandarditele.<\/p>\n<p>REMETi masinad paistavad silma kasutajas\u00f5bralikkuse, hooldusmugavuse ja t\u00f6\u00f6kindlusega, sobides nii hobikasutajale kui ka v\u00e4iksemale ettev\u00f5ttele, kes vajab usaldusv\u00e4\u00e4rset puiduhakkurit igap\u00e4evat\u00f6\u00f6ks.<\/p>\n<p>Bensiinimootoriga puiduhakkur RS-120 + PTO<\/p>\n","protected":false},"excerpt":{"rendered":"<p>Bensiinimootoriga puiduhakkur RS-120 + PTO<br \/>\nMootor: 15 hj neljataktiline bensiinimootor<br \/>\nL\u00f5igatud okste pikkus kuue noaga: 8-15 cm<br \/>\nHammasrataste l\u00e4bim\u00f5\u00f5t: 200 mm<br \/>\nMehhanismi siselaius: 180 mm<br \/>\nL\u00f5ikemehhanismi korpuse paksus: 20 mm<br \/>\nS\u00f6\u00f6tmispunker: 62\/38 cm<br \/>\nNoa paksus: 10 mm<br \/>\nHakkuri kinnituss\u00fcsteem: Kolmepunkti s\u00fcsteem<br \/>\nSoovituslik traktori j\u00f5udlus:  35 hj<br \/>\nL\u00f5ikenugade tootmine: Kulumiskindel teras suurenenud k\u00f5vadusega<br \/>\nOkste maksimaalne l\u00f5ikel\u00e4bim\u00f5\u00f5t bensiinimootoriga v\u00e4rske pehme puit: 100 mm<br \/>\nOkste maksimaalne l\u00f5ikel\u00e4bim\u00f5\u00f5t bensiinimootoriga v\u00e4rske lehtpuit: 90 mm<br \/>\nOkste maksimaalne l\u00f5ikel\u00e4bim\u00f5\u00f5t bensiinimootoriga kuiv lehtpuit: 80 mm<br \/>\nOkste maksimaalne l\u00f5ikel\u00e4bim\u00f5\u00f5t PTO v\u00e4rske pehme puit: 120 mm<br \/>\nOkste maksimaalne l\u00f5ikel\u00e4bim\u00f5\u00f5t PTO v\u00e4rske lehtpuu: 110 mm<br \/>\nOkste maksimaalne l\u00f5ikel\u00e4bim\u00f5\u00f5t PTO kuiv lehtpuu: 100 mm<br \/>\nTootekood: 3RS120<br \/>\nKaal: 270 kg<br \/>\n<strong>Eeldatav tarneaeg 2-3 n\u00e4dalat<\/strong><br \/>\n[embed]https:\/\/youtu.be\/IpMBRgdvtKg?si=POZkZ3KSPO896BWS[\/embed]<\/p>\n","protected":false},"featured_media":26209,"template":"","meta":{"inline_featured_image":false},"product_cat":[1087,3013],"product_tag":[3063,3061,3062,84,3064,1021,3017],"class_list":{"0":"post-26182","1":"product","2":"type-product","3":"status-publish","4":"has-post-thumbnail","6":"product_brand-remet-cnc-technology","7":"product_cat-metsatehnika","8":"product_cat-puiduhakkurid","9":"product_tag-3rs120","10":"product_tag-bensiinimootoriga-puiduhakkur","11":"product_tag-bensiinimootoriga-puiduhakkur-rs-120-pto","12":"product_tag-oksapurustaja","13":"product_tag-pto-puiduhakkur","14":"product_tag-puiduhakkur","15":"product_tag-remet-cnc-technology","17":"first","18":"instock","19":"taxable","20":"shipping-taxable","21":"purchasable","22":"product-type-simple"},"yoast_head":"<!-- This site is optimized with the Yoast SEO plugin v27.4 - https:\/\/yoast.com\/product\/yoast-seo-wordpress\/ -->\n<title>Bensiinimootoriga puiduhakkur RS-120 + PTO<\/title>\n<meta name=\"description\" content=\"Bensiinimootoriga puiduhakkur RS-120 + PTO T\u00f6\u00f6deldud puit on keskkonnas\u00f5bralik k\u00fctus sobib ideaalselt p\u00f5letamiseks igat t\u00fc\u00fcpi keskk\u00fcttekateldes ja kaminates\" \/>\n<meta name=\"robots\" content=\"index, follow, max-snippet:-1, max-image-preview:large, max-video-preview:-1\" \/>\n<link rel=\"canonical\" href=\"https:\/\/ranoja.ee\/toode\/bensiinimootoriga-puiduhakkur-rs-120-pto\/\" \/>\n<meta property=\"og:locale\" content=\"en_US\" \/>\n<meta property=\"og:type\" content=\"article\" \/>\n<meta property=\"og:title\" content=\"Bensiinimootoriga puiduhakkur RS-120 + PTO\" \/>\n<meta property=\"og:description\" content=\"Bensiinimootoriga puiduhakkur RS-120 + PTO T\u00f6\u00f6deldud puit on keskkonnas\u00f5bralik k\u00fctus sobib ideaalselt p\u00f5letamiseks igat t\u00fc\u00fcpi keskk\u00fcttekateldes ja kaminates\" \/>\n<meta property=\"og:url\" content=\"https:\/\/ranoja.ee\/toode\/bensiinimootoriga-puiduhakkur-rs-120-pto\/\" \/>\n<meta property=\"og:site_name\" content=\"Ranoja\" \/>\n<meta property=\"article:publisher\" content=\"https:\/\/www.facebook.com\/ranoja.ee\" \/>\n<meta property=\"article:modified_time\" content=\"2026-01-19T14:05:14+00:00\" \/>\n<meta property=\"og:image\" content=\"https:\/\/ranoja.ee\/wp-content\/uploads\/2026\/01\/Bensiinimootoriga-puiduhakkur-RS-120-PTO.png\" \/>\n\t<meta property=\"og:image:width\" content=\"458\" \/>\n\t<meta property=\"og:image:height\" content=\"458\" \/>\n\t<meta property=\"og:image:type\" content=\"image\/png\" \/>\n<meta name=\"twitter:card\" content=\"summary_large_image\" \/>\n<meta name=\"twitter:label1\" content=\"Est. reading time\" \/>\n\t<meta name=\"twitter:data1\" content=\"2 minutes\" \/>\n<script type=\"application\/ld+json\" class=\"yoast-schema-graph\">{\"@context\":\"https:\\\/\\\/schema.org\",\"@graph\":[{\"@type\":\"WebPage\",\"@id\":\"https:\\\/\\\/ranoja.ee\\\/toode\\\/bensiinimootoriga-puiduhakkur-rs-120-pto\\\/\",\"url\":\"https:\\\/\\\/ranoja.ee\\\/toode\\\/bensiinimootoriga-puiduhakkur-rs-120-pto\\\/\",\"name\":\"Bensiinimootoriga puiduhakkur RS-120 + PTO\",\"isPartOf\":{\"@id\":\"https:\\\/\\\/ranoja.ee\\\/#website\"},\"primaryImageOfPage\":{\"@id\":\"https:\\\/\\\/ranoja.ee\\\/toode\\\/bensiinimootoriga-puiduhakkur-rs-120-pto\\\/#primaryimage\"},\"image\":{\"@id\":\"https:\\\/\\\/ranoja.ee\\\/toode\\\/bensiinimootoriga-puiduhakkur-rs-120-pto\\\/#primaryimage\"},\"thumbnailUrl\":\"https:\\\/\\\/ranoja.ee\\\/wp-content\\\/uploads\\\/2026\\\/01\\\/Bensiinimootoriga-puiduhakkur-RS-120-PTO.png\",\"datePublished\":\"2026-01-19T13:11:18+00:00\",\"dateModified\":\"2026-01-19T14:05:14+00:00\",\"description\":\"Bensiinimootoriga puiduhakkur RS-120 + PTO T\u00f6\u00f6deldud puit on keskkonnas\u00f5bralik k\u00fctus sobib ideaalselt p\u00f5letamiseks igat t\u00fc\u00fcpi keskk\u00fcttekateldes ja kaminates\",\"breadcrumb\":{\"@id\":\"https:\\\/\\\/ranoja.ee\\\/toode\\\/bensiinimootoriga-puiduhakkur-rs-120-pto\\\/#breadcrumb\"},\"inLanguage\":\"en-US\",\"potentialAction\":[{\"@type\":\"ReadAction\",\"target\":[\"https:\\\/\\\/ranoja.ee\\\/toode\\\/bensiinimootoriga-puiduhakkur-rs-120-pto\\\/\"]}]},{\"@type\":\"ImageObject\",\"inLanguage\":\"en-US\",\"@id\":\"https:\\\/\\\/ranoja.ee\\\/toode\\\/bensiinimootoriga-puiduhakkur-rs-120-pto\\\/#primaryimage\",\"url\":\"https:\\\/\\\/ranoja.ee\\\/wp-content\\\/uploads\\\/2026\\\/01\\\/Bensiinimootoriga-puiduhakkur-RS-120-PTO.png\",\"contentUrl\":\"https:\\\/\\\/ranoja.ee\\\/wp-content\\\/uploads\\\/2026\\\/01\\\/Bensiinimootoriga-puiduhakkur-RS-120-PTO.png\",\"width\":458,\"height\":458,\"caption\":\"Bensiinimootoriga puiduhakkur RS-120 + PTO\"},{\"@type\":\"BreadcrumbList\",\"@id\":\"https:\\\/\\\/ranoja.ee\\\/toode\\\/bensiinimootoriga-puiduhakkur-rs-120-pto\\\/#breadcrumb\",\"itemListElement\":[{\"@type\":\"ListItem\",\"position\":1,\"name\":\"Home\",\"item\":\"https:\\\/\\\/ranoja.ee\\\/\"},{\"@type\":\"ListItem\",\"position\":2,\"name\":\"Shop\",\"item\":\"https:\\\/\\\/ranoja.ee\\\/en\\\/shop\\\/\"},{\"@type\":\"ListItem\",\"position\":3,\"name\":\"Bensiinimootoriga puiduhakkur RS-120 + PTO\"}]},{\"@type\":\"WebSite\",\"@id\":\"https:\\\/\\\/ranoja.ee\\\/#website\",\"url\":\"https:\\\/\\\/ranoja.ee\\\/\",\"name\":\"Ranoja\",\"description\":\"Equipment Shop WooCommerce WordPress Theme for Machine &amp; Tools\",\"publisher\":{\"@id\":\"https:\\\/\\\/ranoja.ee\\\/#organization\"},\"potentialAction\":[{\"@type\":\"SearchAction\",\"target\":{\"@type\":\"EntryPoint\",\"urlTemplate\":\"https:\\\/\\\/ranoja.ee\\\/?s={search_term_string}\"},\"query-input\":{\"@type\":\"PropertyValueSpecification\",\"valueRequired\":true,\"valueName\":\"search_term_string\"}}],\"inLanguage\":\"en-US\"},{\"@type\":\"Organization\",\"@id\":\"https:\\\/\\\/ranoja.ee\\\/#organization\",\"name\":\"Ranoja O\u00dc\",\"url\":\"https:\\\/\\\/ranoja.ee\\\/\",\"logo\":{\"@type\":\"ImageObject\",\"inLanguage\":\"en-US\",\"@id\":\"https:\\\/\\\/ranoja.ee\\\/#\\\/schema\\\/logo\\\/image\\\/\",\"url\":\"https:\\\/\\\/ranoja.ee\\\/wp-content\\\/uploads\\\/2023\\\/11\\\/ranoja-Logo.png\",\"contentUrl\":\"https:\\\/\\\/ranoja.ee\\\/wp-content\\\/uploads\\\/2023\\\/11\\\/ranoja-Logo.png\",\"width\":207,\"height\":58,\"caption\":\"Ranoja O\u00dc\"},\"image\":{\"@id\":\"https:\\\/\\\/ranoja.ee\\\/#\\\/schema\\\/logo\\\/image\\\/\"},\"sameAs\":[\"https:\\\/\\\/www.facebook.com\\\/ranoja.ee\",\"https:\\\/\\\/www.instagram.com\\\/ranoja__\\\/\"]}]}<\/script>\n<!-- \/ Yoast SEO plugin. -->","yoast_head_json":{"title":"Bensiinimootoriga puiduhakkur RS-120 + PTO","description":"Bensiinimootoriga puiduhakkur RS-120 + PTO T\u00f6\u00f6deldud puit on keskkonnas\u00f5bralik k\u00fctus sobib ideaalselt p\u00f5letamiseks igat t\u00fc\u00fcpi keskk\u00fcttekateldes ja kaminates","robots":{"index":"index","follow":"follow","max-snippet":"max-snippet:-1","max-image-preview":"max-image-preview:large","max-video-preview":"max-video-preview:-1"},"canonical":"https:\/\/ranoja.ee\/toode\/bensiinimootoriga-puiduhakkur-rs-120-pto\/","og_locale":"en_US","og_type":"article","og_title":"Bensiinimootoriga puiduhakkur RS-120 + PTO","og_description":"Bensiinimootoriga puiduhakkur RS-120 + PTO T\u00f6\u00f6deldud puit on keskkonnas\u00f5bralik k\u00fctus sobib ideaalselt p\u00f5letamiseks igat t\u00fc\u00fcpi keskk\u00fcttekateldes ja kaminates","og_url":"https:\/\/ranoja.ee\/toode\/bensiinimootoriga-puiduhakkur-rs-120-pto\/","og_site_name":"Ranoja","article_publisher":"https:\/\/www.facebook.com\/ranoja.ee","article_modified_time":"2026-01-19T14:05:14+00:00","og_image":[{"width":458,"height":458,"url":"https:\/\/ranoja.ee\/wp-content\/uploads\/2026\/01\/Bensiinimootoriga-puiduhakkur-RS-120-PTO.png","type":"image\/png"}],"twitter_card":"summary_large_image","twitter_misc":{"Est. reading time":"2 minutes"},"schema":{"@context":"https:\/\/schema.org","@graph":[{"@type":"WebPage","@id":"https:\/\/ranoja.ee\/toode\/bensiinimootoriga-puiduhakkur-rs-120-pto\/","url":"https:\/\/ranoja.ee\/toode\/bensiinimootoriga-puiduhakkur-rs-120-pto\/","name":"Bensiinimootoriga puiduhakkur RS-120 + PTO","isPartOf":{"@id":"https:\/\/ranoja.ee\/#website"},"primaryImageOfPage":{"@id":"https:\/\/ranoja.ee\/toode\/bensiinimootoriga-puiduhakkur-rs-120-pto\/#primaryimage"},"image":{"@id":"https:\/\/ranoja.ee\/toode\/bensiinimootoriga-puiduhakkur-rs-120-pto\/#primaryimage"},"thumbnailUrl":"https:\/\/ranoja.ee\/wp-content\/uploads\/2026\/01\/Bensiinimootoriga-puiduhakkur-RS-120-PTO.png","datePublished":"2026-01-19T13:11:18+00:00","dateModified":"2026-01-19T14:05:14+00:00","description":"Bensiinimootoriga puiduhakkur RS-120 + PTO T\u00f6\u00f6deldud puit on keskkonnas\u00f5bralik k\u00fctus sobib ideaalselt p\u00f5letamiseks igat t\u00fc\u00fcpi keskk\u00fcttekateldes ja kaminates","breadcrumb":{"@id":"https:\/\/ranoja.ee\/toode\/bensiinimootoriga-puiduhakkur-rs-120-pto\/#breadcrumb"},"inLanguage":"en-US","potentialAction":[{"@type":"ReadAction","target":["https:\/\/ranoja.ee\/toode\/bensiinimootoriga-puiduhakkur-rs-120-pto\/"]}]},{"@type":"ImageObject","inLanguage":"en-US","@id":"https:\/\/ranoja.ee\/toode\/bensiinimootoriga-puiduhakkur-rs-120-pto\/#primaryimage","url":"https:\/\/ranoja.ee\/wp-content\/uploads\/2026\/01\/Bensiinimootoriga-puiduhakkur-RS-120-PTO.png","contentUrl":"https:\/\/ranoja.ee\/wp-content\/uploads\/2026\/01\/Bensiinimootoriga-puiduhakkur-RS-120-PTO.png","width":458,"height":458,"caption":"Bensiinimootoriga puiduhakkur RS-120 + PTO"},{"@type":"BreadcrumbList","@id":"https:\/\/ranoja.ee\/toode\/bensiinimootoriga-puiduhakkur-rs-120-pto\/#breadcrumb","itemListElement":[{"@type":"ListItem","position":1,"name":"Home","item":"https:\/\/ranoja.ee\/"},{"@type":"ListItem","position":2,"name":"Shop","item":"https:\/\/ranoja.ee\/en\/shop\/"},{"@type":"ListItem","position":3,"name":"Bensiinimootoriga puiduhakkur RS-120 + PTO"}]},{"@type":"WebSite","@id":"https:\/\/ranoja.ee\/#website","url":"https:\/\/ranoja.ee\/","name":"Ranoja","description":"Equipment Shop WooCommerce WordPress Theme for Machine &amp; Tools","publisher":{"@id":"https:\/\/ranoja.ee\/#organization"},"potentialAction":[{"@type":"SearchAction","target":{"@type":"EntryPoint","urlTemplate":"https:\/\/ranoja.ee\/?s={search_term_string}"},"query-input":{"@type":"PropertyValueSpecification","valueRequired":true,"valueName":"search_term_string"}}],"inLanguage":"en-US"},{"@type":"Organization","@id":"https:\/\/ranoja.ee\/#organization","name":"Ranoja O\u00dc","url":"https:\/\/ranoja.ee\/","logo":{"@type":"ImageObject","inLanguage":"en-US","@id":"https:\/\/ranoja.ee\/#\/schema\/logo\/image\/","url":"https:\/\/ranoja.ee\/wp-content\/uploads\/2023\/11\/ranoja-Logo.png","contentUrl":"https:\/\/ranoja.ee\/wp-content\/uploads\/2023\/11\/ranoja-Logo.png","width":207,"height":58,"caption":"Ranoja O\u00dc"},"image":{"@id":"https:\/\/ranoja.ee\/#\/schema\/logo\/image\/"},"sameAs":["https:\/\/www.facebook.com\/ranoja.ee","https:\/\/www.instagram.com\/ranoja__\/"]}]}},"_links":{"self":[{"href":"https:\/\/ranoja.ee\/en\/wp-json\/wp\/v2\/product\/26182","targetHints":{"allow":["GET"]}}],"collection":[{"href":"https:\/\/ranoja.ee\/en\/wp-json\/wp\/v2\/product"}],"about":[{"href":"https:\/\/ranoja.ee\/en\/wp-json\/wp\/v2\/types\/product"}],"wp:featuredmedia":[{"embeddable":true,"href":"https:\/\/ranoja.ee\/en\/wp-json\/wp\/v2\/media\/26209"}],"wp:attachment":[{"href":"https:\/\/ranoja.ee\/en\/wp-json\/wp\/v2\/media?parent=26182"}],"wp:term":[{"taxonomy":"product_cat","embeddable":true,"href":"https:\/\/ranoja.ee\/en\/wp-json\/wp\/v2\/product_cat?post=26182"},{"taxonomy":"product_tag","embeddable":true,"href":"https:\/\/ranoja.ee\/en\/wp-json\/wp\/v2\/product_tag?post=26182"}],"curies":[{"name":"wp","href":"https:\/\/api.w.org\/{rel}","templated":true}]}}