{"id":25572,"date":"2026-01-13T13:53:45","date_gmt":"2026-01-13T10:53:45","guid":{"rendered":"https:\/\/ranoja.ee\/?post_type=product&#038;p=25572"},"modified":"2026-01-14T17:54:49","modified_gmt":"2026-01-14T14:54:49","slug":"sunteetiline-kois-o-4-mm-x-150-m","status":"publish","type":"product","link":"https:\/\/ranoja.ee\/en\/toode\/sunteetiline-kois-o-4-mm-x-150-m\/","title":{"rendered":"S\u00fcnteetiline k\u00f6is \u00d8 4 mm x 150 m"},"content":{"rendered":"<p>S\u00fcnteetiline k\u00f6is \u00d8 4 mm x 150 m<\/p>\n<p>S\u00fcnteetiline k\u00f6is vintsidele on kaasaegne ja \u00fcha enam eelistatud lahendus nii maastikus\u00f5idukite, t\u00f6\u00f6vintside kui ka p\u00e4\u00e4stetehnika juures. V\u00f5rreldes traditsioonilise terastrossiga pakub s\u00fcnteetiline k\u00f6is mitmeid olulisi eeliseid, mis parandavad nii kasutusmugavust kui ka ohutust. Vintside k\u00f6ied valmistatakse tavaliselt vastupidavatest tehiskiududest, nagu pol\u00fcester, nailon v\u00f5i Dyneema.<\/p>\n<p>\u00dcheks suurimaks eeliseks on v\u00e4ike kaal. S\u00fcnteetiline k\u00f6is on oluliselt kergem kui terastross, mis teeb selle k\u00e4sitsemise lihtsamaks ning v\u00e4hendab koormust vintsi trumlile ja mehhanismidele. Kergem k\u00f6is kerib paremini, vajab v\u00e4hem hooldust ja aitab pikendada kogu vintsi s\u00fcsteemi eluiga. Samuti on s\u00fcnteetiline k\u00f6is pehme ja painduv, mis v\u00e4hendab vigastuste ohtu k\u00e4sitsemisel ning ei tekita teravaid traate, nagu kulunud terastross.<\/p>\n<p>Ohutuse seisukohalt on s\u00fcnteetilisel k\u00f6iel veel \u00fcks oluline eelis. Katkemise korral on tagasil\u00f6\u00f6k m\u00e4rgatavalt v\u00e4iksem. See t\u00e4hendab, et purunemise korral langeb k\u00f6is \u00fcldjuhul maha ega paisku ohtlikult tagasi, v\u00e4hendades vigastuste ja varakahju riski. T\u00e4nu madalale venivusele on vintsimine t\u00e4psem ja paremini kontrollitav, eriti off-road ja rock-tingimustes.<\/p>\n<p>S\u00fcnteetilised k\u00f6ied on h\u00e4sti vastupidavad niiskusele ja korrosioonile ning ei roosteta. Samas vajavad need kaitset tugeva h\u00f5\u00f5rdumise, teravate servade ja k\u00f5rge kuumuse eest. Mist\u00f5ttu kasutatakse sageli kaitseh\u00fclssi v\u00f5i spetsiaalseid k\u00f6iejuhikuid.<\/p>\n<p>S\u00fcnteetiline k\u00f6is \u00d8 4 mm x 150 m<\/p>\n","protected":false},"excerpt":{"rendered":"<p>S\u00fcnteetiline k\u00f6is \u00d8 4 mm x 150 m<br \/>\nN\u00f6\u00f6ri l\u00e4bim\u00f5\u00f5t ja pikkus: \u00d8 4 mm x 150 m<br \/>\nMurdumispunkt: 1500 kg<br \/>\nKaal: 2.1 kg<br \/>\n<strong>Eeldatav tarneaeg 1-7 t\u00f6\u00f6p\u00e4eva<\/strong><\/p>\n","protected":false},"featured_media":25573,"template":"","meta":{"inline_featured_image":false},"product_cat":[1116,1122],"product_tag":[2981,2966,2982,2980,734],"class_list":{"0":"post-25572","1":"product","2":"type-product","3":"status-publish","4":"has-post-thumbnail","6":"product_cat-lisaseadmed-ehitusseadmed-led-lisatuled-cb-raadiod-lallar","7":"product_cat-vintside-tarvikud","8":"product_tag-9201-10118","9":"product_tag-kois","10":"product_tag-sunteetiline-kois","11":"product_tag-sunteetiline-kois-o-4-mm-x-150-m","12":"product_tag-vints","14":"first","15":"instock","16":"taxable","17":"shipping-taxable","18":"purchasable","19":"product-type-simple"},"yoast_head":"<!-- This site is optimized with the Yoast SEO plugin v27.4 - https:\/\/yoast.com\/product\/yoast-seo-wordpress\/ -->\n<title>S\u00fcnteetiline k\u00f6is \u00d8 4 mm x 150 m<\/title>\n<meta name=\"description\" content=\"S\u00fcnteetiline k\u00f6is \u00d8 4 mm x 150 m On kergem kui terastross mis teeb selle k\u00e4sitsemise lihtsamaks ning v\u00e4hendab koormust vintsi trumlile ja mehhanismidele\" \/>\n<meta name=\"robots\" content=\"index, follow, max-snippet:-1, max-image-preview:large, max-video-preview:-1\" \/>\n<link rel=\"canonical\" href=\"https:\/\/ranoja.ee\/toode\/sunteetiline-kois-o-4-mm-x-150-m\/\" \/>\n<meta property=\"og:locale\" content=\"en_US\" \/>\n<meta property=\"og:type\" content=\"article\" \/>\n<meta property=\"og:title\" content=\"S\u00fcnteetiline k\u00f6is \u00d8 4 mm x 150 m\" \/>\n<meta property=\"og:description\" content=\"S\u00fcnteetiline k\u00f6is \u00d8 4 mm x 150 m On kergem kui terastross mis teeb selle k\u00e4sitsemise lihtsamaks ning v\u00e4hendab koormust vintsi trumlile ja mehhanismidele\" \/>\n<meta property=\"og:url\" content=\"https:\/\/ranoja.ee\/toode\/sunteetiline-kois-o-4-mm-x-150-m\/\" \/>\n<meta property=\"og:site_name\" content=\"Ranoja\" \/>\n<meta property=\"article:publisher\" content=\"https:\/\/www.facebook.com\/ranoja.ee\" \/>\n<meta property=\"article:modified_time\" content=\"2026-01-14T14:54:49+00:00\" \/>\n<meta property=\"og:image\" content=\"https:\/\/ranoja.ee\/wp-content\/uploads\/2026\/01\/Sunteetiline-kois-O-4-mm-x-150-m.jpg\" \/>\n\t<meta property=\"og:image:width\" content=\"400\" \/>\n\t<meta property=\"og:image:height\" content=\"300\" \/>\n\t<meta property=\"og:image:type\" content=\"image\/jpeg\" \/>\n<meta name=\"twitter:card\" content=\"summary_large_image\" \/>\n<meta name=\"twitter:label1\" content=\"Est. reading time\" \/>\n\t<meta name=\"twitter:data1\" content=\"2 minutes\" \/>\n<script type=\"application\/ld+json\" class=\"yoast-schema-graph\">{\"@context\":\"https:\\\/\\\/schema.org\",\"@graph\":[{\"@type\":\"WebPage\",\"@id\":\"https:\\\/\\\/ranoja.ee\\\/toode\\\/sunteetiline-kois-o-4-mm-x-150-m\\\/\",\"url\":\"https:\\\/\\\/ranoja.ee\\\/toode\\\/sunteetiline-kois-o-4-mm-x-150-m\\\/\",\"name\":\"S\u00fcnteetiline k\u00f6is \u00d8 4 mm x 150 m\",\"isPartOf\":{\"@id\":\"https:\\\/\\\/ranoja.ee\\\/#website\"},\"primaryImageOfPage\":{\"@id\":\"https:\\\/\\\/ranoja.ee\\\/toode\\\/sunteetiline-kois-o-4-mm-x-150-m\\\/#primaryimage\"},\"image\":{\"@id\":\"https:\\\/\\\/ranoja.ee\\\/toode\\\/sunteetiline-kois-o-4-mm-x-150-m\\\/#primaryimage\"},\"thumbnailUrl\":\"https:\\\/\\\/ranoja.ee\\\/wp-content\\\/uploads\\\/2026\\\/01\\\/Sunteetiline-kois-O-4-mm-x-150-m.jpg\",\"datePublished\":\"2026-01-13T10:53:45+00:00\",\"dateModified\":\"2026-01-14T14:54:49+00:00\",\"description\":\"S\u00fcnteetiline k\u00f6is \u00d8 4 mm x 150 m On kergem kui terastross mis teeb selle k\u00e4sitsemise lihtsamaks ning v\u00e4hendab koormust vintsi trumlile ja mehhanismidele\",\"breadcrumb\":{\"@id\":\"https:\\\/\\\/ranoja.ee\\\/toode\\\/sunteetiline-kois-o-4-mm-x-150-m\\\/#breadcrumb\"},\"inLanguage\":\"en-US\",\"potentialAction\":[{\"@type\":\"ReadAction\",\"target\":[\"https:\\\/\\\/ranoja.ee\\\/toode\\\/sunteetiline-kois-o-4-mm-x-150-m\\\/\"]}]},{\"@type\":\"ImageObject\",\"inLanguage\":\"en-US\",\"@id\":\"https:\\\/\\\/ranoja.ee\\\/toode\\\/sunteetiline-kois-o-4-mm-x-150-m\\\/#primaryimage\",\"url\":\"https:\\\/\\\/ranoja.ee\\\/wp-content\\\/uploads\\\/2026\\\/01\\\/Sunteetiline-kois-O-4-mm-x-150-m.jpg\",\"contentUrl\":\"https:\\\/\\\/ranoja.ee\\\/wp-content\\\/uploads\\\/2026\\\/01\\\/Sunteetiline-kois-O-4-mm-x-150-m.jpg\",\"width\":400,\"height\":300,\"caption\":\"S\u00fcnteetiline k\u00f6is \u00d8 4 mm x 150 m\"},{\"@type\":\"BreadcrumbList\",\"@id\":\"https:\\\/\\\/ranoja.ee\\\/toode\\\/sunteetiline-kois-o-4-mm-x-150-m\\\/#breadcrumb\",\"itemListElement\":[{\"@type\":\"ListItem\",\"position\":1,\"name\":\"Home\",\"item\":\"https:\\\/\\\/ranoja.ee\\\/\"},{\"@type\":\"ListItem\",\"position\":2,\"name\":\"Shop\",\"item\":\"https:\\\/\\\/ranoja.ee\\\/en\\\/shop\\\/\"},{\"@type\":\"ListItem\",\"position\":3,\"name\":\"S\u00fcnteetiline k\u00f6is \u00d8 4 mm x 150 m\"}]},{\"@type\":\"WebSite\",\"@id\":\"https:\\\/\\\/ranoja.ee\\\/#website\",\"url\":\"https:\\\/\\\/ranoja.ee\\\/\",\"name\":\"Ranoja\",\"description\":\"Equipment Shop WooCommerce WordPress Theme for Machine &amp; Tools\",\"publisher\":{\"@id\":\"https:\\\/\\\/ranoja.ee\\\/#organization\"},\"potentialAction\":[{\"@type\":\"SearchAction\",\"target\":{\"@type\":\"EntryPoint\",\"urlTemplate\":\"https:\\\/\\\/ranoja.ee\\\/?s={search_term_string}\"},\"query-input\":{\"@type\":\"PropertyValueSpecification\",\"valueRequired\":true,\"valueName\":\"search_term_string\"}}],\"inLanguage\":\"en-US\"},{\"@type\":\"Organization\",\"@id\":\"https:\\\/\\\/ranoja.ee\\\/#organization\",\"name\":\"Ranoja O\u00dc\",\"url\":\"https:\\\/\\\/ranoja.ee\\\/\",\"logo\":{\"@type\":\"ImageObject\",\"inLanguage\":\"en-US\",\"@id\":\"https:\\\/\\\/ranoja.ee\\\/#\\\/schema\\\/logo\\\/image\\\/\",\"url\":\"https:\\\/\\\/ranoja.ee\\\/wp-content\\\/uploads\\\/2023\\\/11\\\/ranoja-Logo.png\",\"contentUrl\":\"https:\\\/\\\/ranoja.ee\\\/wp-content\\\/uploads\\\/2023\\\/11\\\/ranoja-Logo.png\",\"width\":207,\"height\":58,\"caption\":\"Ranoja O\u00dc\"},\"image\":{\"@id\":\"https:\\\/\\\/ranoja.ee\\\/#\\\/schema\\\/logo\\\/image\\\/\"},\"sameAs\":[\"https:\\\/\\\/www.facebook.com\\\/ranoja.ee\",\"https:\\\/\\\/www.instagram.com\\\/ranoja__\\\/\"]}]}<\/script>\n<!-- \/ Yoast SEO plugin. -->","yoast_head_json":{"title":"S\u00fcnteetiline k\u00f6is \u00d8 4 mm x 150 m","description":"S\u00fcnteetiline k\u00f6is \u00d8 4 mm x 150 m On kergem kui terastross mis teeb selle k\u00e4sitsemise lihtsamaks ning v\u00e4hendab koormust vintsi trumlile ja mehhanismidele","robots":{"index":"index","follow":"follow","max-snippet":"max-snippet:-1","max-image-preview":"max-image-preview:large","max-video-preview":"max-video-preview:-1"},"canonical":"https:\/\/ranoja.ee\/toode\/sunteetiline-kois-o-4-mm-x-150-m\/","og_locale":"en_US","og_type":"article","og_title":"S\u00fcnteetiline k\u00f6is \u00d8 4 mm x 150 m","og_description":"S\u00fcnteetiline k\u00f6is \u00d8 4 mm x 150 m On kergem kui terastross mis teeb selle k\u00e4sitsemise lihtsamaks ning v\u00e4hendab koormust vintsi trumlile ja mehhanismidele","og_url":"https:\/\/ranoja.ee\/toode\/sunteetiline-kois-o-4-mm-x-150-m\/","og_site_name":"Ranoja","article_publisher":"https:\/\/www.facebook.com\/ranoja.ee","article_modified_time":"2026-01-14T14:54:49+00:00","og_image":[{"width":400,"height":300,"url":"https:\/\/ranoja.ee\/wp-content\/uploads\/2026\/01\/Sunteetiline-kois-O-4-mm-x-150-m.jpg","type":"image\/jpeg"}],"twitter_card":"summary_large_image","twitter_misc":{"Est. reading time":"2 minutes"},"schema":{"@context":"https:\/\/schema.org","@graph":[{"@type":"WebPage","@id":"https:\/\/ranoja.ee\/toode\/sunteetiline-kois-o-4-mm-x-150-m\/","url":"https:\/\/ranoja.ee\/toode\/sunteetiline-kois-o-4-mm-x-150-m\/","name":"S\u00fcnteetiline k\u00f6is \u00d8 4 mm x 150 m","isPartOf":{"@id":"https:\/\/ranoja.ee\/#website"},"primaryImageOfPage":{"@id":"https:\/\/ranoja.ee\/toode\/sunteetiline-kois-o-4-mm-x-150-m\/#primaryimage"},"image":{"@id":"https:\/\/ranoja.ee\/toode\/sunteetiline-kois-o-4-mm-x-150-m\/#primaryimage"},"thumbnailUrl":"https:\/\/ranoja.ee\/wp-content\/uploads\/2026\/01\/Sunteetiline-kois-O-4-mm-x-150-m.jpg","datePublished":"2026-01-13T10:53:45+00:00","dateModified":"2026-01-14T14:54:49+00:00","description":"S\u00fcnteetiline k\u00f6is \u00d8 4 mm x 150 m On kergem kui terastross mis teeb selle k\u00e4sitsemise lihtsamaks ning v\u00e4hendab koormust vintsi trumlile ja mehhanismidele","breadcrumb":{"@id":"https:\/\/ranoja.ee\/toode\/sunteetiline-kois-o-4-mm-x-150-m\/#breadcrumb"},"inLanguage":"en-US","potentialAction":[{"@type":"ReadAction","target":["https:\/\/ranoja.ee\/toode\/sunteetiline-kois-o-4-mm-x-150-m\/"]}]},{"@type":"ImageObject","inLanguage":"en-US","@id":"https:\/\/ranoja.ee\/toode\/sunteetiline-kois-o-4-mm-x-150-m\/#primaryimage","url":"https:\/\/ranoja.ee\/wp-content\/uploads\/2026\/01\/Sunteetiline-kois-O-4-mm-x-150-m.jpg","contentUrl":"https:\/\/ranoja.ee\/wp-content\/uploads\/2026\/01\/Sunteetiline-kois-O-4-mm-x-150-m.jpg","width":400,"height":300,"caption":"S\u00fcnteetiline k\u00f6is \u00d8 4 mm x 150 m"},{"@type":"BreadcrumbList","@id":"https:\/\/ranoja.ee\/toode\/sunteetiline-kois-o-4-mm-x-150-m\/#breadcrumb","itemListElement":[{"@type":"ListItem","position":1,"name":"Home","item":"https:\/\/ranoja.ee\/"},{"@type":"ListItem","position":2,"name":"Shop","item":"https:\/\/ranoja.ee\/en\/shop\/"},{"@type":"ListItem","position":3,"name":"S\u00fcnteetiline k\u00f6is \u00d8 4 mm x 150 m"}]},{"@type":"WebSite","@id":"https:\/\/ranoja.ee\/#website","url":"https:\/\/ranoja.ee\/","name":"Ranoja","description":"Equipment Shop WooCommerce WordPress Theme for Machine &amp; Tools","publisher":{"@id":"https:\/\/ranoja.ee\/#organization"},"potentialAction":[{"@type":"SearchAction","target":{"@type":"EntryPoint","urlTemplate":"https:\/\/ranoja.ee\/?s={search_term_string}"},"query-input":{"@type":"PropertyValueSpecification","valueRequired":true,"valueName":"search_term_string"}}],"inLanguage":"en-US"},{"@type":"Organization","@id":"https:\/\/ranoja.ee\/#organization","name":"Ranoja O\u00dc","url":"https:\/\/ranoja.ee\/","logo":{"@type":"ImageObject","inLanguage":"en-US","@id":"https:\/\/ranoja.ee\/#\/schema\/logo\/image\/","url":"https:\/\/ranoja.ee\/wp-content\/uploads\/2023\/11\/ranoja-Logo.png","contentUrl":"https:\/\/ranoja.ee\/wp-content\/uploads\/2023\/11\/ranoja-Logo.png","width":207,"height":58,"caption":"Ranoja O\u00dc"},"image":{"@id":"https:\/\/ranoja.ee\/#\/schema\/logo\/image\/"},"sameAs":["https:\/\/www.facebook.com\/ranoja.ee","https:\/\/www.instagram.com\/ranoja__\/"]}]}},"_links":{"self":[{"href":"https:\/\/ranoja.ee\/en\/wp-json\/wp\/v2\/product\/25572","targetHints":{"allow":["GET"]}}],"collection":[{"href":"https:\/\/ranoja.ee\/en\/wp-json\/wp\/v2\/product"}],"about":[{"href":"https:\/\/ranoja.ee\/en\/wp-json\/wp\/v2\/types\/product"}],"wp:featuredmedia":[{"embeddable":true,"href":"https:\/\/ranoja.ee\/en\/wp-json\/wp\/v2\/media\/25573"}],"wp:attachment":[{"href":"https:\/\/ranoja.ee\/en\/wp-json\/wp\/v2\/media?parent=25572"}],"wp:term":[{"taxonomy":"product_cat","embeddable":true,"href":"https:\/\/ranoja.ee\/en\/wp-json\/wp\/v2\/product_cat?post=25572"},{"taxonomy":"product_tag","embeddable":true,"href":"https:\/\/ranoja.ee\/en\/wp-json\/wp\/v2\/product_tag?post=25572"}],"curies":[{"name":"wp","href":"https:\/\/api.w.org\/{rel}","templated":true}]}}