{"id":25453,"date":"2026-01-12T11:17:58","date_gmt":"2026-01-12T08:17:58","guid":{"rendered":"https:\/\/ranoja.ee\/?post_type=product&#038;p=25453"},"modified":"2026-01-12T11:30:07","modified_gmt":"2026-01-12T08:30:07","slug":"rock-juhtimispult-vintsile-4-klemmiga","status":"publish","type":"product","link":"https:\/\/ranoja.ee\/en\/toode\/rock-juhtimispult-vintsile-4-klemmiga\/","title":{"rendered":"ROCK juhtimispult vintsile 4-klemmiga"},"content":{"rendered":"<p>ROCK juhtimispult vintsile 4-klemmiga <\/p>\n<p>ROCK juhtimispult vintsile on oluline lisaseade, mis v\u00f5imaldab vintsi mugavat, t\u00e4pset ja ohutut juhtimist erinevates t\u00f6\u00f6olukordades. See on loodud kasutajale, kes hindab kontrolli, t\u00f6\u00f6kindlust ja kasutusmugavust nii professionaalses kui ka hobikasutuses. Juhtimispult annab v\u00f5imaluse vintsi t\u00f6\u00f6d suunata distantsilt, hoides kasutaja ohutus kauguses koormast ja liikuvatest osadest.<\/p>\n<p>Juhtimispuldi konstruktsioon on vastupidav ning sobib kasutamiseks ka keerukates keskkonnatingimustes. Tugev korpus kaitseb elektroonikat tolmu, niiskuse ja mehaaniliste kahjustuste eest, tagades seadme pika kasutusea. Ergonoomiline kuju ja loogiliselt paigutatud nupud muudavad vintsi juhtimise intuitiivseks ning v\u00e4hendavad eksimise ohtu ka pingelistes olukordades. Selged suunanuppud v\u00f5imaldavad vintsi sisse- ja v\u00e4ljalaskmist t\u00e4pselt ja sujuvalt.<\/p>\n<p>ROCK juhtimispult sobib kasutamiseks erinevat t\u00fc\u00fcpi vintsidega, sealhulgas elektriliste ja h\u00fcdrauliliste mudelitega, s\u00f5ltuvalt konkreetsest lahendusest. See v\u00f5imaldab paremat t\u00f6\u00f6korraldust n\u00e4iteks s\u00f5idukite v\u00e4ljat\u00f5mbamisel, raskete esemete liigutamisel, paigaldus- ja hooldust\u00f6\u00f6del ning p\u00e4\u00e4steoperatsioonidel. Distantsjuhtimine aitab v\u00e4hendada f\u00fc\u00fcsilist koormust ja suurendab t\u00f6\u00f6ohutust, kuna kasutaja saab j\u00e4lgida koorma liikumist parimast v\u00f5imalikust vaatenurgast.<\/p>\n<p>Juhtimispult on loodud lihtsaks paigaldamiseks ja kasutamiseks, olles samas usaldusv\u00e4\u00e4rne ka sagedasel t\u00f6\u00f6ts\u00fcklil. ROCK vintsi juhtimispult on praktiline ja turvaline lahendus, mis t\u00e4iendab vintsi funktsionaalsust ning muudab t\u00f6\u00f6 sujuvamaks, t\u00e4psemaks ja ohutumaks igas olukorras.<\/p>\n<p>ROCK juhtimispult vintsile 4-klemmiga <\/p>\n","protected":false},"excerpt":{"rendered":"<p>ROCK juhtimispult vintsile 4-klemmiga<br \/>\nPistik: 4-klemmiga<br \/>\nKaal: 0.5 kg<br \/>\nSee vintsipult sobib vintsidele 9201-100192 ja 9201-100193<br \/>\n<strong>Eeldatav tarneaeg 1-7 t\u00f6\u00f6p\u00e4eva<\/strong><\/p>\n","protected":false},"featured_media":25455,"template":"","meta":{"inline_featured_image":false},"product_cat":[1116,1122],"product_tag":[964,2889,2913,749,2912,734],"class_list":{"0":"post-25453","1":"product","2":"type-product","3":"status-publish","4":"has-post-thumbnail","6":"product_brand-rock","7":"product_cat-lisaseadmed-ehitusseadmed-led-lisatuled-cb-raadiod-lallar","8":"product_cat-vintside-tarvikud","9":"product_tag-9201-100192","10":"product_tag-9201-100193","11":"product_tag-9201-10103","12":"product_tag-juhtimispult","13":"product_tag-rock-juhtimispult-vintsile-4-klemmiga","14":"product_tag-vints","16":"first","17":"instock","18":"taxable","19":"shipping-taxable","20":"purchasable","21":"product-type-simple"},"yoast_head":"<!-- This site is optimized with the Yoast SEO plugin v27.4 - https:\/\/yoast.com\/product\/yoast-seo-wordpress\/ -->\n<title>ROCK juhtimispult vintsile 4-klemmiga<\/title>\n<meta name=\"description\" content=\"ROCK juhtimispult vintsile 4-klemmiga ROCK juhtimispult vintsile on lisaseade, mis v\u00f5imaldab vintsi mugavat ja ohutut juhtimist erinevates t\u00f6\u00f6olukordades.\" \/>\n<meta name=\"robots\" content=\"index, follow, max-snippet:-1, max-image-preview:large, max-video-preview:-1\" \/>\n<link rel=\"canonical\" href=\"https:\/\/ranoja.ee\/toode\/rock-juhtimispult-vintsile-4-klemmiga\/\" \/>\n<meta property=\"og:locale\" content=\"en_US\" \/>\n<meta property=\"og:type\" content=\"article\" \/>\n<meta property=\"og:title\" content=\"ROCK juhtimispult vintsile 4-klemmiga\" \/>\n<meta property=\"og:description\" content=\"ROCK juhtimispult vintsile 4-klemmiga ROCK juhtimispult vintsile on lisaseade, mis v\u00f5imaldab vintsi mugavat ja ohutut juhtimist erinevates t\u00f6\u00f6olukordades.\" \/>\n<meta property=\"og:url\" content=\"https:\/\/ranoja.ee\/toode\/rock-juhtimispult-vintsile-4-klemmiga\/\" \/>\n<meta property=\"og:site_name\" content=\"Ranoja\" \/>\n<meta property=\"article:publisher\" content=\"https:\/\/www.facebook.com\/ranoja.ee\" \/>\n<meta property=\"article:modified_time\" content=\"2026-01-12T08:30:07+00:00\" \/>\n<meta property=\"og:image\" content=\"https:\/\/ranoja.ee\/wp-content\/uploads\/2026\/01\/ROCK-juhtimispult-vintsile-4-klemmiga.jpg\" \/>\n\t<meta property=\"og:image:width\" content=\"400\" \/>\n\t<meta property=\"og:image:height\" content=\"300\" \/>\n\t<meta property=\"og:image:type\" content=\"image\/jpeg\" \/>\n<meta name=\"twitter:card\" content=\"summary_large_image\" \/>\n<meta name=\"twitter:label1\" content=\"Est. reading time\" \/>\n\t<meta name=\"twitter:data1\" content=\"2 minutes\" \/>\n<script type=\"application\/ld+json\" class=\"yoast-schema-graph\">{\"@context\":\"https:\\\/\\\/schema.org\",\"@graph\":[{\"@type\":\"WebPage\",\"@id\":\"https:\\\/\\\/ranoja.ee\\\/toode\\\/rock-juhtimispult-vintsile-4-klemmiga\\\/\",\"url\":\"https:\\\/\\\/ranoja.ee\\\/toode\\\/rock-juhtimispult-vintsile-4-klemmiga\\\/\",\"name\":\"ROCK juhtimispult vintsile 4-klemmiga\",\"isPartOf\":{\"@id\":\"https:\\\/\\\/ranoja.ee\\\/#website\"},\"primaryImageOfPage\":{\"@id\":\"https:\\\/\\\/ranoja.ee\\\/toode\\\/rock-juhtimispult-vintsile-4-klemmiga\\\/#primaryimage\"},\"image\":{\"@id\":\"https:\\\/\\\/ranoja.ee\\\/toode\\\/rock-juhtimispult-vintsile-4-klemmiga\\\/#primaryimage\"},\"thumbnailUrl\":\"https:\\\/\\\/ranoja.ee\\\/wp-content\\\/uploads\\\/2026\\\/01\\\/ROCK-juhtimispult-vintsile-4-klemmiga.jpg\",\"datePublished\":\"2026-01-12T08:17:58+00:00\",\"dateModified\":\"2026-01-12T08:30:07+00:00\",\"description\":\"ROCK juhtimispult vintsile 4-klemmiga ROCK juhtimispult vintsile on lisaseade, mis v\u00f5imaldab vintsi mugavat ja ohutut juhtimist erinevates t\u00f6\u00f6olukordades.\",\"breadcrumb\":{\"@id\":\"https:\\\/\\\/ranoja.ee\\\/toode\\\/rock-juhtimispult-vintsile-4-klemmiga\\\/#breadcrumb\"},\"inLanguage\":\"en-US\",\"potentialAction\":[{\"@type\":\"ReadAction\",\"target\":[\"https:\\\/\\\/ranoja.ee\\\/toode\\\/rock-juhtimispult-vintsile-4-klemmiga\\\/\"]}]},{\"@type\":\"ImageObject\",\"inLanguage\":\"en-US\",\"@id\":\"https:\\\/\\\/ranoja.ee\\\/toode\\\/rock-juhtimispult-vintsile-4-klemmiga\\\/#primaryimage\",\"url\":\"https:\\\/\\\/ranoja.ee\\\/wp-content\\\/uploads\\\/2026\\\/01\\\/ROCK-juhtimispult-vintsile-4-klemmiga.jpg\",\"contentUrl\":\"https:\\\/\\\/ranoja.ee\\\/wp-content\\\/uploads\\\/2026\\\/01\\\/ROCK-juhtimispult-vintsile-4-klemmiga.jpg\",\"width\":400,\"height\":300,\"caption\":\"ROCK juhtimispult vintsile 4-klemmiga\"},{\"@type\":\"BreadcrumbList\",\"@id\":\"https:\\\/\\\/ranoja.ee\\\/toode\\\/rock-juhtimispult-vintsile-4-klemmiga\\\/#breadcrumb\",\"itemListElement\":[{\"@type\":\"ListItem\",\"position\":1,\"name\":\"Home\",\"item\":\"https:\\\/\\\/ranoja.ee\\\/\"},{\"@type\":\"ListItem\",\"position\":2,\"name\":\"Shop\",\"item\":\"https:\\\/\\\/ranoja.ee\\\/en\\\/shop\\\/\"},{\"@type\":\"ListItem\",\"position\":3,\"name\":\"ROCK juhtimispult vintsile 4-klemmiga\"}]},{\"@type\":\"WebSite\",\"@id\":\"https:\\\/\\\/ranoja.ee\\\/#website\",\"url\":\"https:\\\/\\\/ranoja.ee\\\/\",\"name\":\"Ranoja\",\"description\":\"Equipment Shop WooCommerce WordPress Theme for Machine &amp; Tools\",\"publisher\":{\"@id\":\"https:\\\/\\\/ranoja.ee\\\/#organization\"},\"potentialAction\":[{\"@type\":\"SearchAction\",\"target\":{\"@type\":\"EntryPoint\",\"urlTemplate\":\"https:\\\/\\\/ranoja.ee\\\/?s={search_term_string}\"},\"query-input\":{\"@type\":\"PropertyValueSpecification\",\"valueRequired\":true,\"valueName\":\"search_term_string\"}}],\"inLanguage\":\"en-US\"},{\"@type\":\"Organization\",\"@id\":\"https:\\\/\\\/ranoja.ee\\\/#organization\",\"name\":\"Ranoja O\u00dc\",\"url\":\"https:\\\/\\\/ranoja.ee\\\/\",\"logo\":{\"@type\":\"ImageObject\",\"inLanguage\":\"en-US\",\"@id\":\"https:\\\/\\\/ranoja.ee\\\/#\\\/schema\\\/logo\\\/image\\\/\",\"url\":\"https:\\\/\\\/ranoja.ee\\\/wp-content\\\/uploads\\\/2023\\\/11\\\/ranoja-Logo.png\",\"contentUrl\":\"https:\\\/\\\/ranoja.ee\\\/wp-content\\\/uploads\\\/2023\\\/11\\\/ranoja-Logo.png\",\"width\":207,\"height\":58,\"caption\":\"Ranoja O\u00dc\"},\"image\":{\"@id\":\"https:\\\/\\\/ranoja.ee\\\/#\\\/schema\\\/logo\\\/image\\\/\"},\"sameAs\":[\"https:\\\/\\\/www.facebook.com\\\/ranoja.ee\",\"https:\\\/\\\/www.instagram.com\\\/ranoja__\\\/\"]}]}<\/script>\n<!-- \/ Yoast SEO plugin. -->","yoast_head_json":{"title":"ROCK juhtimispult vintsile 4-klemmiga","description":"ROCK juhtimispult vintsile 4-klemmiga ROCK juhtimispult vintsile on lisaseade, mis v\u00f5imaldab vintsi mugavat ja ohutut juhtimist erinevates t\u00f6\u00f6olukordades.","robots":{"index":"index","follow":"follow","max-snippet":"max-snippet:-1","max-image-preview":"max-image-preview:large","max-video-preview":"max-video-preview:-1"},"canonical":"https:\/\/ranoja.ee\/toode\/rock-juhtimispult-vintsile-4-klemmiga\/","og_locale":"en_US","og_type":"article","og_title":"ROCK juhtimispult vintsile 4-klemmiga","og_description":"ROCK juhtimispult vintsile 4-klemmiga ROCK juhtimispult vintsile on lisaseade, mis v\u00f5imaldab vintsi mugavat ja ohutut juhtimist erinevates t\u00f6\u00f6olukordades.","og_url":"https:\/\/ranoja.ee\/toode\/rock-juhtimispult-vintsile-4-klemmiga\/","og_site_name":"Ranoja","article_publisher":"https:\/\/www.facebook.com\/ranoja.ee","article_modified_time":"2026-01-12T08:30:07+00:00","og_image":[{"width":400,"height":300,"url":"https:\/\/ranoja.ee\/wp-content\/uploads\/2026\/01\/ROCK-juhtimispult-vintsile-4-klemmiga.jpg","type":"image\/jpeg"}],"twitter_card":"summary_large_image","twitter_misc":{"Est. reading time":"2 minutes"},"schema":{"@context":"https:\/\/schema.org","@graph":[{"@type":"WebPage","@id":"https:\/\/ranoja.ee\/toode\/rock-juhtimispult-vintsile-4-klemmiga\/","url":"https:\/\/ranoja.ee\/toode\/rock-juhtimispult-vintsile-4-klemmiga\/","name":"ROCK juhtimispult vintsile 4-klemmiga","isPartOf":{"@id":"https:\/\/ranoja.ee\/#website"},"primaryImageOfPage":{"@id":"https:\/\/ranoja.ee\/toode\/rock-juhtimispult-vintsile-4-klemmiga\/#primaryimage"},"image":{"@id":"https:\/\/ranoja.ee\/toode\/rock-juhtimispult-vintsile-4-klemmiga\/#primaryimage"},"thumbnailUrl":"https:\/\/ranoja.ee\/wp-content\/uploads\/2026\/01\/ROCK-juhtimispult-vintsile-4-klemmiga.jpg","datePublished":"2026-01-12T08:17:58+00:00","dateModified":"2026-01-12T08:30:07+00:00","description":"ROCK juhtimispult vintsile 4-klemmiga ROCK juhtimispult vintsile on lisaseade, mis v\u00f5imaldab vintsi mugavat ja ohutut juhtimist erinevates t\u00f6\u00f6olukordades.","breadcrumb":{"@id":"https:\/\/ranoja.ee\/toode\/rock-juhtimispult-vintsile-4-klemmiga\/#breadcrumb"},"inLanguage":"en-US","potentialAction":[{"@type":"ReadAction","target":["https:\/\/ranoja.ee\/toode\/rock-juhtimispult-vintsile-4-klemmiga\/"]}]},{"@type":"ImageObject","inLanguage":"en-US","@id":"https:\/\/ranoja.ee\/toode\/rock-juhtimispult-vintsile-4-klemmiga\/#primaryimage","url":"https:\/\/ranoja.ee\/wp-content\/uploads\/2026\/01\/ROCK-juhtimispult-vintsile-4-klemmiga.jpg","contentUrl":"https:\/\/ranoja.ee\/wp-content\/uploads\/2026\/01\/ROCK-juhtimispult-vintsile-4-klemmiga.jpg","width":400,"height":300,"caption":"ROCK juhtimispult vintsile 4-klemmiga"},{"@type":"BreadcrumbList","@id":"https:\/\/ranoja.ee\/toode\/rock-juhtimispult-vintsile-4-klemmiga\/#breadcrumb","itemListElement":[{"@type":"ListItem","position":1,"name":"Home","item":"https:\/\/ranoja.ee\/"},{"@type":"ListItem","position":2,"name":"Shop","item":"https:\/\/ranoja.ee\/en\/shop\/"},{"@type":"ListItem","position":3,"name":"ROCK juhtimispult vintsile 4-klemmiga"}]},{"@type":"WebSite","@id":"https:\/\/ranoja.ee\/#website","url":"https:\/\/ranoja.ee\/","name":"Ranoja","description":"Equipment Shop WooCommerce WordPress Theme for Machine &amp; Tools","publisher":{"@id":"https:\/\/ranoja.ee\/#organization"},"potentialAction":[{"@type":"SearchAction","target":{"@type":"EntryPoint","urlTemplate":"https:\/\/ranoja.ee\/?s={search_term_string}"},"query-input":{"@type":"PropertyValueSpecification","valueRequired":true,"valueName":"search_term_string"}}],"inLanguage":"en-US"},{"@type":"Organization","@id":"https:\/\/ranoja.ee\/#organization","name":"Ranoja O\u00dc","url":"https:\/\/ranoja.ee\/","logo":{"@type":"ImageObject","inLanguage":"en-US","@id":"https:\/\/ranoja.ee\/#\/schema\/logo\/image\/","url":"https:\/\/ranoja.ee\/wp-content\/uploads\/2023\/11\/ranoja-Logo.png","contentUrl":"https:\/\/ranoja.ee\/wp-content\/uploads\/2023\/11\/ranoja-Logo.png","width":207,"height":58,"caption":"Ranoja O\u00dc"},"image":{"@id":"https:\/\/ranoja.ee\/#\/schema\/logo\/image\/"},"sameAs":["https:\/\/www.facebook.com\/ranoja.ee","https:\/\/www.instagram.com\/ranoja__\/"]}]}},"_links":{"self":[{"href":"https:\/\/ranoja.ee\/en\/wp-json\/wp\/v2\/product\/25453","targetHints":{"allow":["GET"]}}],"collection":[{"href":"https:\/\/ranoja.ee\/en\/wp-json\/wp\/v2\/product"}],"about":[{"href":"https:\/\/ranoja.ee\/en\/wp-json\/wp\/v2\/types\/product"}],"wp:featuredmedia":[{"embeddable":true,"href":"https:\/\/ranoja.ee\/en\/wp-json\/wp\/v2\/media\/25455"}],"wp:attachment":[{"href":"https:\/\/ranoja.ee\/en\/wp-json\/wp\/v2\/media?parent=25453"}],"wp:term":[{"taxonomy":"product_cat","embeddable":true,"href":"https:\/\/ranoja.ee\/en\/wp-json\/wp\/v2\/product_cat?post=25453"},{"taxonomy":"product_tag","embeddable":true,"href":"https:\/\/ranoja.ee\/en\/wp-json\/wp\/v2\/product_tag?post=25453"}],"curies":[{"name":"wp","href":"https:\/\/api.w.org\/{rel}","templated":true}]}}