{"id":25428,"date":"2026-01-12T10:20:32","date_gmt":"2026-01-12T07:20:32","guid":{"rendered":"https:\/\/ranoja.ee\/?post_type=product&#038;p=25428"},"modified":"2026-01-12T10:32:06","modified_gmt":"2026-01-12T07:32:06","slug":"rock-hudrauliline-vints-8165-kg","status":"publish","type":"product","link":"https:\/\/ranoja.ee\/en\/toode\/rock-hudrauliline-vints-8165-kg\/","title":{"rendered":"ROCK h\u00fcdrauliline vints 8165 kg"},"content":{"rendered":"<p>ROCK h\u00fcdrauliline vints 8165 kg<\/p>\n<p>Rock h\u00fcdrauliline vints on v\u00f5imas ja t\u00f6\u00f6kindel seade, mis on m\u00f5eldud raskete koormate t\u00f5mbamiseks, t\u00f5stmiseks ja liigutamiseks n\u00f5udlikes t\u00f6\u00f6tingimustes. Erinevalt k\u00e4sivintsidest t\u00f6\u00f6tab h\u00fcdrauliline vints vedelikur\u00f5hu abil, mis tagab \u00fchtlase, sujuva ja v\u00e4ga suure t\u00f5mbej\u00f5u. See muudab seadme eriti sobivaks professionaalseks kasutamiseks, kus on oluline pidev t\u00f6\u00f6kindlus ja t\u00e4pne koormuse kontroll.<\/p>\n<p>H\u00fcdraulilise vintsi konstruktsioon on loodud taluma intensiivset koormust ja pikka t\u00f6\u00f6aega. Tugev metallkorpus, kvaliteetsed tihendid ning vastupidav h\u00fcdros\u00fcsteem tagavad seadme t\u00f6\u00f6kindluse ka tolmuses, niiskes v\u00f5i madalate temperatuuridega keskkonnas. Vintsi t\u00f6\u00f6 on stabiilne ja \u00fclekuumenemise oht on v\u00e4iksem kui elektriliste vintsilahenduste puhul, mis v\u00f5imaldab seda kasutada ka pikaajalistes t\u00f6\u00f6ts\u00fcklites.<\/p>\n<p>Rock h\u00fcdraulilist vintsi kasutatakse laialdaselt maastikus\u00f5idukitel, t\u00f6\u00f6masinatel, veokitel, metsatehnikas ja p\u00e4\u00e4stet\u00f6\u00f6del. Samuti leiab see rakendust ehituses, sadamates ja t\u00f6\u00f6stuses, kus on vaja liigutada raskeid seadmeid v\u00f5i materjale. T\u00e4nu oma v\u00f5imsusele ja t\u00f6\u00f6kindlusele sobib see h\u00e4sti ka eritehnika, n\u00e4iteks puksiiride ja kommunaals\u00f5idukite varustusse.<\/p>\n<p>Kasutusala h\u00f5lmab s\u00f5idukite ja masinate v\u00e4ljat\u00f5mbamist, raskete koormate paigutamist, seadmete fikseerimist ning abistamist keerulistes t\u00f6\u00f6olukordades. Rock h\u00fcdrauliline vints on usaldusv\u00e4\u00e4rne lahendus professionaalidele, kes vajavad maksimaalset j\u00f5udlust, vastupidavust ja turvalisust ka k\u00f5ige keerulisemates t\u00f6\u00f6tingimustes.<\/p>\n<p>ROCK h\u00fcdrauliline vints 8165 kg<\/p>\n","protected":false},"excerpt":{"rendered":"<p>ROCK h\u00fcdrauliline vints 8165 kg<br \/>\nM\u00f5\u00f5tmed: 656 x 245 x 214 mm<br \/>\nT\u00fc\u00fcp: 8165 kg<br \/>\nKaablitugevus: 12091 kg<br \/>\nTeraskaabel: 22 m x \u00f812.7 mm<br \/>\n\u00dclekandearv: 36:1<br \/>\nKiire liinikiirus: 5.3 m\/min<br \/>\nT\u00f6\u00f6r\u00f5hk: 140bar<br \/>\nMaksimaalne \u00f5li vool: 75 l\/min<br \/>\n2-k\u00e4iguline planetaar\u00fclekanne<br \/>\nMehaaniline sidur<br \/>\nM\u00f5lemasuunaline automaatne pidur<br \/>\nKinnitusplaadi avade vahe: 209 mm<br \/>\nKaal: 70 kg<br \/>\n<strong>Eeldatav tarneaeg 1-7 t\u00f6\u00f6p\u00e4eva<\/strong><\/p>\n","protected":false},"featured_media":25435,"template":"","meta":{"inline_featured_image":false},"product_cat":[1116,1121],"product_tag":[2899,2900,740,2901,734],"class_list":{"0":"post-25428","1":"product","2":"type-product","3":"status-publish","4":"has-post-thumbnail","6":"product_brand-rock","7":"product_cat-lisaseadmed-ehitusseadmed-led-lisatuled-cb-raadiod-lallar","8":"product_cat-vintsid","9":"product_tag-9201-100199","10":"product_tag-hudrauliline-vints","11":"product_tag-rock","12":"product_tag-rock-hudrauliline-vints-8165-kg","13":"product_tag-vints","15":"first","16":"instock","17":"taxable","18":"shipping-taxable","19":"purchasable","20":"product-type-simple"},"yoast_head":"<!-- This site is optimized with the Yoast SEO plugin v27.4 - https:\/\/yoast.com\/product\/yoast-seo-wordpress\/ -->\n<title>ROCK h\u00fcdrauliline vints 8165 kg<\/title>\n<meta name=\"description\" content=\"ROCK h\u00fcdrauliline vints 8165 kg Rock h\u00fcdraulilist vintsi kasutatakse laialdaselt maastikus\u00f5idukitel, t\u00f6\u00f6masinatel, veokitel, metsatehnikas ja p\u00e4\u00e4stet\u00f6\u00f6del.\" \/>\n<meta name=\"robots\" content=\"index, follow, max-snippet:-1, max-image-preview:large, max-video-preview:-1\" \/>\n<link rel=\"canonical\" href=\"https:\/\/ranoja.ee\/toode\/rock-hudrauliline-vints-8165-kg\/\" \/>\n<meta property=\"og:locale\" content=\"en_US\" \/>\n<meta property=\"og:type\" content=\"article\" \/>\n<meta property=\"og:title\" content=\"ROCK h\u00fcdrauliline vints 8165 kg\" \/>\n<meta property=\"og:description\" content=\"ROCK h\u00fcdrauliline vints 8165 kg Rock h\u00fcdraulilist vintsi kasutatakse laialdaselt maastikus\u00f5idukitel, t\u00f6\u00f6masinatel, veokitel, metsatehnikas ja p\u00e4\u00e4stet\u00f6\u00f6del.\" \/>\n<meta property=\"og:url\" content=\"https:\/\/ranoja.ee\/toode\/rock-hudrauliline-vints-8165-kg\/\" \/>\n<meta property=\"og:site_name\" content=\"Ranoja\" \/>\n<meta property=\"article:publisher\" content=\"https:\/\/www.facebook.com\/ranoja.ee\" \/>\n<meta property=\"article:modified_time\" content=\"2026-01-12T07:32:06+00:00\" \/>\n<meta property=\"og:image\" content=\"https:\/\/ranoja.ee\/wp-content\/uploads\/2026\/01\/ROCK-hudrauliline-vints-8165-kg.jpg\" \/>\n\t<meta property=\"og:image:width\" content=\"400\" \/>\n\t<meta property=\"og:image:height\" content=\"300\" \/>\n\t<meta property=\"og:image:type\" content=\"image\/jpeg\" \/>\n<meta name=\"twitter:card\" content=\"summary_large_image\" \/>\n<meta name=\"twitter:label1\" content=\"Est. reading time\" \/>\n\t<meta name=\"twitter:data1\" content=\"2 minutes\" \/>\n<script type=\"application\/ld+json\" class=\"yoast-schema-graph\">{\"@context\":\"https:\\\/\\\/schema.org\",\"@graph\":[{\"@type\":\"WebPage\",\"@id\":\"https:\\\/\\\/ranoja.ee\\\/toode\\\/rock-hudrauliline-vints-8165-kg\\\/\",\"url\":\"https:\\\/\\\/ranoja.ee\\\/toode\\\/rock-hudrauliline-vints-8165-kg\\\/\",\"name\":\"ROCK h\u00fcdrauliline vints 8165 kg\",\"isPartOf\":{\"@id\":\"https:\\\/\\\/ranoja.ee\\\/#website\"},\"primaryImageOfPage\":{\"@id\":\"https:\\\/\\\/ranoja.ee\\\/toode\\\/rock-hudrauliline-vints-8165-kg\\\/#primaryimage\"},\"image\":{\"@id\":\"https:\\\/\\\/ranoja.ee\\\/toode\\\/rock-hudrauliline-vints-8165-kg\\\/#primaryimage\"},\"thumbnailUrl\":\"https:\\\/\\\/ranoja.ee\\\/wp-content\\\/uploads\\\/2026\\\/01\\\/ROCK-hudrauliline-vints-8165-kg.jpg\",\"datePublished\":\"2026-01-12T07:20:32+00:00\",\"dateModified\":\"2026-01-12T07:32:06+00:00\",\"description\":\"ROCK h\u00fcdrauliline vints 8165 kg Rock h\u00fcdraulilist vintsi kasutatakse laialdaselt maastikus\u00f5idukitel, t\u00f6\u00f6masinatel, veokitel, metsatehnikas ja p\u00e4\u00e4stet\u00f6\u00f6del.\",\"breadcrumb\":{\"@id\":\"https:\\\/\\\/ranoja.ee\\\/toode\\\/rock-hudrauliline-vints-8165-kg\\\/#breadcrumb\"},\"inLanguage\":\"en-US\",\"potentialAction\":[{\"@type\":\"ReadAction\",\"target\":[\"https:\\\/\\\/ranoja.ee\\\/toode\\\/rock-hudrauliline-vints-8165-kg\\\/\"]}]},{\"@type\":\"ImageObject\",\"inLanguage\":\"en-US\",\"@id\":\"https:\\\/\\\/ranoja.ee\\\/toode\\\/rock-hudrauliline-vints-8165-kg\\\/#primaryimage\",\"url\":\"https:\\\/\\\/ranoja.ee\\\/wp-content\\\/uploads\\\/2026\\\/01\\\/ROCK-hudrauliline-vints-8165-kg.jpg\",\"contentUrl\":\"https:\\\/\\\/ranoja.ee\\\/wp-content\\\/uploads\\\/2026\\\/01\\\/ROCK-hudrauliline-vints-8165-kg.jpg\",\"width\":400,\"height\":300,\"caption\":\"ROCK h\u00fcdrauliline vints 8165 kg\"},{\"@type\":\"BreadcrumbList\",\"@id\":\"https:\\\/\\\/ranoja.ee\\\/toode\\\/rock-hudrauliline-vints-8165-kg\\\/#breadcrumb\",\"itemListElement\":[{\"@type\":\"ListItem\",\"position\":1,\"name\":\"Home\",\"item\":\"https:\\\/\\\/ranoja.ee\\\/\"},{\"@type\":\"ListItem\",\"position\":2,\"name\":\"Shop\",\"item\":\"https:\\\/\\\/ranoja.ee\\\/en\\\/shop\\\/\"},{\"@type\":\"ListItem\",\"position\":3,\"name\":\"ROCK h\u00fcdrauliline vints 8165 kg\"}]},{\"@type\":\"WebSite\",\"@id\":\"https:\\\/\\\/ranoja.ee\\\/#website\",\"url\":\"https:\\\/\\\/ranoja.ee\\\/\",\"name\":\"Ranoja\",\"description\":\"Equipment Shop WooCommerce WordPress Theme for Machine &amp; Tools\",\"publisher\":{\"@id\":\"https:\\\/\\\/ranoja.ee\\\/#organization\"},\"potentialAction\":[{\"@type\":\"SearchAction\",\"target\":{\"@type\":\"EntryPoint\",\"urlTemplate\":\"https:\\\/\\\/ranoja.ee\\\/?s={search_term_string}\"},\"query-input\":{\"@type\":\"PropertyValueSpecification\",\"valueRequired\":true,\"valueName\":\"search_term_string\"}}],\"inLanguage\":\"en-US\"},{\"@type\":\"Organization\",\"@id\":\"https:\\\/\\\/ranoja.ee\\\/#organization\",\"name\":\"Ranoja O\u00dc\",\"url\":\"https:\\\/\\\/ranoja.ee\\\/\",\"logo\":{\"@type\":\"ImageObject\",\"inLanguage\":\"en-US\",\"@id\":\"https:\\\/\\\/ranoja.ee\\\/#\\\/schema\\\/logo\\\/image\\\/\",\"url\":\"https:\\\/\\\/ranoja.ee\\\/wp-content\\\/uploads\\\/2023\\\/11\\\/ranoja-Logo.png\",\"contentUrl\":\"https:\\\/\\\/ranoja.ee\\\/wp-content\\\/uploads\\\/2023\\\/11\\\/ranoja-Logo.png\",\"width\":207,\"height\":58,\"caption\":\"Ranoja O\u00dc\"},\"image\":{\"@id\":\"https:\\\/\\\/ranoja.ee\\\/#\\\/schema\\\/logo\\\/image\\\/\"},\"sameAs\":[\"https:\\\/\\\/www.facebook.com\\\/ranoja.ee\",\"https:\\\/\\\/www.instagram.com\\\/ranoja__\\\/\"]}]}<\/script>\n<!-- \/ Yoast SEO plugin. -->","yoast_head_json":{"title":"ROCK h\u00fcdrauliline vints 8165 kg","description":"ROCK h\u00fcdrauliline vints 8165 kg Rock h\u00fcdraulilist vintsi kasutatakse laialdaselt maastikus\u00f5idukitel, t\u00f6\u00f6masinatel, veokitel, metsatehnikas ja p\u00e4\u00e4stet\u00f6\u00f6del.","robots":{"index":"index","follow":"follow","max-snippet":"max-snippet:-1","max-image-preview":"max-image-preview:large","max-video-preview":"max-video-preview:-1"},"canonical":"https:\/\/ranoja.ee\/toode\/rock-hudrauliline-vints-8165-kg\/","og_locale":"en_US","og_type":"article","og_title":"ROCK h\u00fcdrauliline vints 8165 kg","og_description":"ROCK h\u00fcdrauliline vints 8165 kg Rock h\u00fcdraulilist vintsi kasutatakse laialdaselt maastikus\u00f5idukitel, t\u00f6\u00f6masinatel, veokitel, metsatehnikas ja p\u00e4\u00e4stet\u00f6\u00f6del.","og_url":"https:\/\/ranoja.ee\/toode\/rock-hudrauliline-vints-8165-kg\/","og_site_name":"Ranoja","article_publisher":"https:\/\/www.facebook.com\/ranoja.ee","article_modified_time":"2026-01-12T07:32:06+00:00","og_image":[{"width":400,"height":300,"url":"https:\/\/ranoja.ee\/wp-content\/uploads\/2026\/01\/ROCK-hudrauliline-vints-8165-kg.jpg","type":"image\/jpeg"}],"twitter_card":"summary_large_image","twitter_misc":{"Est. reading time":"2 minutes"},"schema":{"@context":"https:\/\/schema.org","@graph":[{"@type":"WebPage","@id":"https:\/\/ranoja.ee\/toode\/rock-hudrauliline-vints-8165-kg\/","url":"https:\/\/ranoja.ee\/toode\/rock-hudrauliline-vints-8165-kg\/","name":"ROCK h\u00fcdrauliline vints 8165 kg","isPartOf":{"@id":"https:\/\/ranoja.ee\/#website"},"primaryImageOfPage":{"@id":"https:\/\/ranoja.ee\/toode\/rock-hudrauliline-vints-8165-kg\/#primaryimage"},"image":{"@id":"https:\/\/ranoja.ee\/toode\/rock-hudrauliline-vints-8165-kg\/#primaryimage"},"thumbnailUrl":"https:\/\/ranoja.ee\/wp-content\/uploads\/2026\/01\/ROCK-hudrauliline-vints-8165-kg.jpg","datePublished":"2026-01-12T07:20:32+00:00","dateModified":"2026-01-12T07:32:06+00:00","description":"ROCK h\u00fcdrauliline vints 8165 kg Rock h\u00fcdraulilist vintsi kasutatakse laialdaselt maastikus\u00f5idukitel, t\u00f6\u00f6masinatel, veokitel, metsatehnikas ja p\u00e4\u00e4stet\u00f6\u00f6del.","breadcrumb":{"@id":"https:\/\/ranoja.ee\/toode\/rock-hudrauliline-vints-8165-kg\/#breadcrumb"},"inLanguage":"en-US","potentialAction":[{"@type":"ReadAction","target":["https:\/\/ranoja.ee\/toode\/rock-hudrauliline-vints-8165-kg\/"]}]},{"@type":"ImageObject","inLanguage":"en-US","@id":"https:\/\/ranoja.ee\/toode\/rock-hudrauliline-vints-8165-kg\/#primaryimage","url":"https:\/\/ranoja.ee\/wp-content\/uploads\/2026\/01\/ROCK-hudrauliline-vints-8165-kg.jpg","contentUrl":"https:\/\/ranoja.ee\/wp-content\/uploads\/2026\/01\/ROCK-hudrauliline-vints-8165-kg.jpg","width":400,"height":300,"caption":"ROCK h\u00fcdrauliline vints 8165 kg"},{"@type":"BreadcrumbList","@id":"https:\/\/ranoja.ee\/toode\/rock-hudrauliline-vints-8165-kg\/#breadcrumb","itemListElement":[{"@type":"ListItem","position":1,"name":"Home","item":"https:\/\/ranoja.ee\/"},{"@type":"ListItem","position":2,"name":"Shop","item":"https:\/\/ranoja.ee\/en\/shop\/"},{"@type":"ListItem","position":3,"name":"ROCK h\u00fcdrauliline vints 8165 kg"}]},{"@type":"WebSite","@id":"https:\/\/ranoja.ee\/#website","url":"https:\/\/ranoja.ee\/","name":"Ranoja","description":"Equipment Shop WooCommerce WordPress Theme for Machine &amp; Tools","publisher":{"@id":"https:\/\/ranoja.ee\/#organization"},"potentialAction":[{"@type":"SearchAction","target":{"@type":"EntryPoint","urlTemplate":"https:\/\/ranoja.ee\/?s={search_term_string}"},"query-input":{"@type":"PropertyValueSpecification","valueRequired":true,"valueName":"search_term_string"}}],"inLanguage":"en-US"},{"@type":"Organization","@id":"https:\/\/ranoja.ee\/#organization","name":"Ranoja O\u00dc","url":"https:\/\/ranoja.ee\/","logo":{"@type":"ImageObject","inLanguage":"en-US","@id":"https:\/\/ranoja.ee\/#\/schema\/logo\/image\/","url":"https:\/\/ranoja.ee\/wp-content\/uploads\/2023\/11\/ranoja-Logo.png","contentUrl":"https:\/\/ranoja.ee\/wp-content\/uploads\/2023\/11\/ranoja-Logo.png","width":207,"height":58,"caption":"Ranoja O\u00dc"},"image":{"@id":"https:\/\/ranoja.ee\/#\/schema\/logo\/image\/"},"sameAs":["https:\/\/www.facebook.com\/ranoja.ee","https:\/\/www.instagram.com\/ranoja__\/"]}]}},"_links":{"self":[{"href":"https:\/\/ranoja.ee\/en\/wp-json\/wp\/v2\/product\/25428","targetHints":{"allow":["GET"]}}],"collection":[{"href":"https:\/\/ranoja.ee\/en\/wp-json\/wp\/v2\/product"}],"about":[{"href":"https:\/\/ranoja.ee\/en\/wp-json\/wp\/v2\/types\/product"}],"wp:featuredmedia":[{"embeddable":true,"href":"https:\/\/ranoja.ee\/en\/wp-json\/wp\/v2\/media\/25435"}],"wp:attachment":[{"href":"https:\/\/ranoja.ee\/en\/wp-json\/wp\/v2\/media?parent=25428"}],"wp:term":[{"taxonomy":"product_cat","embeddable":true,"href":"https:\/\/ranoja.ee\/en\/wp-json\/wp\/v2\/product_cat?post=25428"},{"taxonomy":"product_tag","embeddable":true,"href":"https:\/\/ranoja.ee\/en\/wp-json\/wp\/v2\/product_tag?post=25428"}],"curies":[{"name":"wp","href":"https:\/\/api.w.org\/{rel}","templated":true}]}}