{"id":25236,"date":"2026-01-06T17:38:17","date_gmt":"2026-01-06T14:38:17","guid":{"rendered":"https:\/\/ranoja.ee\/?post_type=product&#038;p=25236"},"modified":"2026-01-15T11:24:37","modified_gmt":"2026-01-15T08:24:37","slug":"ironx-kiire-elektrivints-4313-kg-24v","status":"publish","type":"product","link":"https:\/\/ranoja.ee\/en\/toode\/ironx-kiire-elektrivints-4313-kg-24v\/","title":{"rendered":"IRONX kiire elektrivints 4313 kg 24V"},"content":{"rendered":"<p>IRONX kiire elektrivints 4313 kg 24V<\/p>\n<p>IronX vintsid on vastupidavad ja t\u00f6\u00f6kindlad t\u00f5stmis- ja t\u00f5mbeseadmed, mis on loodud kasutamiseks olukordades, kus on vaja liigutada raskeid koormaid kontrollitult ja ohutult. Tegemist on kvaliteetsete vintsidega, mida hinnatakse eelk\u00f5ige nende tugeva konstruktsiooni, suure t\u00f5mbej\u00f5u ja pika kasutusea poolest. IronX vintsid on v\u00e4lja t\u00f6\u00f6tatud arvestades nii professionaalsete kasutajate kui ka n\u00f5udlike harrastajate vajadusi, mist\u00f5ttu sobivad need v\u00e4ga erinevatesse t\u00f6\u00f6tingimustesse.<\/p>\n<p>IronX vintse kasutatakse laialdaselt maastikus\u00f5idukitel, n\u00e4iteks ATV-del, UTV-del, maasturitel ja t\u00f6\u00f6masinatel, kus need on asendamatud abivahendid takistuste \u00fcletamisel, s\u00f5iduki v\u00e4ljat\u00f5mbamisel v\u00f5i koormate liigutamisel. Lisaks leiavad need kasutust metsanduses, ehituses, p\u00f5llumajanduses ja t\u00f6\u00f6stuses, kus on vaja t\u00f5mmata palke, seadmeid v\u00f5i muid raskeid esemeid. T\u00e4nu kompaktsele disainile ja lihtsale paigaldusele sobivad IronX vintsid h\u00e4sti ka statsionaarseteks lahendusteks, n\u00e4iteks haagistele, t\u00f6\u00f6lavadele v\u00f5i t\u00f6\u00f6pinkide juurde.<\/p>\n<p>IronX vintside iseloomulikeks omadusteks on tugev metallkorpus, kvaliteetne tross v\u00f5i s\u00fcnteetiline k\u00f6is ning usaldusv\u00e4\u00e4rne mootor ja reduktor. Paljud mudelid on varustatud automaatse piduris\u00fcsteemi ja \u00fclekoormuskaitsega, mis tagavad ohutu kasutamise ka rasketes tingimustes. Juhtimine toimub tavaliselt kas juhtmega v\u00f5i juhtmevaba puldi abil, mis suurendab kasutaja ohutust ja t\u00f6\u00f6 mugavust.<\/p>\n<p>IRONX kiire elektrivints 4313 kg 24V<\/p>\n","protected":false},"excerpt":{"rendered":"<p>IRONX kiire elektrivints 4313 kg 24V<br \/>\nM\u00f5\u00f5tmed: 543 x 161 x 212 mm<br \/>\nT\u00fc\u00fcp: 4313 kg<br \/>\nPinge: 24V<br \/>\nP\u00fcsimagnetiga mootor: 4.9hp\/3.6 kW<br \/>\nTrummel: \u00f8 67 x 212 mm<br \/>\nTerastross: 28 m x \u00f8 9.5 mm<br \/>\n\u00dclekandearv: 150:1<br \/>\nKiire liinikiirus<br \/>\nMadal elektrivool, vool sisse ja v\u00e4lja<br \/>\nSpoolivabastus<br \/>\n3-k\u00e4iguline planetaar\u00fclekanne<br \/>\nPaigaldusava: 254 x 114.3 mm<br \/>\nIP67<br \/>\nLiinit\u00f5mbe tugevused vastavalt trossi pikkusele:<br \/>\n4313 kg &#8211; 4.5m \/ 3405 kg &#8211; 11.6m \/ 2815 kg &#8211; 19.5m \/ 2406 kg &#8211; 28m \/ 0 kg &#8211; 11.6m\/min \/ 4313 kg &#8211; 2.1m\/min<br \/>\nKaal: 37.20 kg<br \/>\n<strong>Eeldatav tarneaeg 1-7 t\u00f6\u00f6p\u00e4eva<\/strong><\/p>\n","protected":false},"featured_media":25247,"template":"","meta":{"inline_featured_image":false},"product_cat":[1116,1121],"product_tag":[750,2890,3008,733,737,2891,734,959],"class_list":{"0":"post-25236","1":"product","2":"type-product","3":"status-publish","4":"has-post-thumbnail","6":"product_brand-ironx","7":"product_cat-lisaseadmed-ehitusseadmed-led-lisatuled-cb-raadiod-lallar","8":"product_cat-vintsid","9":"product_tag-24v","10":"product_tag-9201-100204","11":"product_tag-9201-10111","12":"product_tag-elektrivints","13":"product_tag-ironx","14":"product_tag-ironx-kiire-elektrivints-4313-kg-24v","15":"product_tag-vints","16":"product_tag-vintsid","18":"first","19":"instock","20":"taxable","21":"shipping-taxable","22":"purchasable","23":"product-type-simple"},"yoast_head":"<!-- This site is optimized with the Yoast SEO plugin v27.4 - https:\/\/yoast.com\/product\/yoast-seo-wordpress\/ -->\n<title>IRONX kiire elektrivints 4313 kg 24V<\/title>\n<meta name=\"description\" content=\"IRONX kiire elektrivints 4313 kg 24V Tegemist kvaliteetsete vintsidega mida hinnatakse nende tugeva konstruktsiooni, t\u00f5mbej\u00f5u ja kasutusea poolest.\" \/>\n<meta name=\"robots\" content=\"index, follow, max-snippet:-1, max-image-preview:large, max-video-preview:-1\" \/>\n<link rel=\"canonical\" href=\"https:\/\/ranoja.ee\/toode\/ironx-kiire-elektrivints-4313-kg-24v\/\" \/>\n<meta property=\"og:locale\" content=\"en_US\" \/>\n<meta property=\"og:type\" content=\"article\" \/>\n<meta property=\"og:title\" content=\"IRONX kiire elektrivints 4313 kg 24V\" \/>\n<meta property=\"og:description\" content=\"IRONX kiire elektrivints 4313 kg 24V Tegemist kvaliteetsete vintsidega mida hinnatakse nende tugeva konstruktsiooni, t\u00f5mbej\u00f5u ja kasutusea poolest.\" \/>\n<meta property=\"og:url\" content=\"https:\/\/ranoja.ee\/toode\/ironx-kiire-elektrivints-4313-kg-24v\/\" \/>\n<meta property=\"og:site_name\" content=\"Ranoja\" \/>\n<meta property=\"article:publisher\" content=\"https:\/\/www.facebook.com\/ranoja.ee\" \/>\n<meta property=\"article:modified_time\" content=\"2026-01-15T08:24:37+00:00\" \/>\n<meta property=\"og:image\" content=\"https:\/\/ranoja.ee\/wp-content\/uploads\/2026\/01\/IRONX-kiire-elektrivints-4313-kg-24V.jpg\" \/>\n\t<meta property=\"og:image:width\" content=\"400\" \/>\n\t<meta property=\"og:image:height\" content=\"300\" \/>\n\t<meta property=\"og:image:type\" content=\"image\/jpeg\" \/>\n<meta name=\"twitter:card\" content=\"summary_large_image\" \/>\n<meta name=\"twitter:label1\" content=\"Est. reading time\" \/>\n\t<meta name=\"twitter:data1\" content=\"2 minutes\" \/>\n<script type=\"application\/ld+json\" class=\"yoast-schema-graph\">{\"@context\":\"https:\\\/\\\/schema.org\",\"@graph\":[{\"@type\":\"WebPage\",\"@id\":\"https:\\\/\\\/ranoja.ee\\\/toode\\\/ironx-kiire-elektrivints-4313-kg-24v\\\/\",\"url\":\"https:\\\/\\\/ranoja.ee\\\/toode\\\/ironx-kiire-elektrivints-4313-kg-24v\\\/\",\"name\":\"IRONX kiire elektrivints 4313 kg 24V\",\"isPartOf\":{\"@id\":\"https:\\\/\\\/ranoja.ee\\\/#website\"},\"primaryImageOfPage\":{\"@id\":\"https:\\\/\\\/ranoja.ee\\\/toode\\\/ironx-kiire-elektrivints-4313-kg-24v\\\/#primaryimage\"},\"image\":{\"@id\":\"https:\\\/\\\/ranoja.ee\\\/toode\\\/ironx-kiire-elektrivints-4313-kg-24v\\\/#primaryimage\"},\"thumbnailUrl\":\"https:\\\/\\\/ranoja.ee\\\/wp-content\\\/uploads\\\/2026\\\/01\\\/IRONX-kiire-elektrivints-4313-kg-24V.jpg\",\"datePublished\":\"2026-01-06T14:38:17+00:00\",\"dateModified\":\"2026-01-15T08:24:37+00:00\",\"description\":\"IRONX kiire elektrivints 4313 kg 24V Tegemist kvaliteetsete vintsidega mida hinnatakse nende tugeva konstruktsiooni, t\u00f5mbej\u00f5u ja kasutusea poolest.\",\"breadcrumb\":{\"@id\":\"https:\\\/\\\/ranoja.ee\\\/toode\\\/ironx-kiire-elektrivints-4313-kg-24v\\\/#breadcrumb\"},\"inLanguage\":\"en-US\",\"potentialAction\":[{\"@type\":\"ReadAction\",\"target\":[\"https:\\\/\\\/ranoja.ee\\\/toode\\\/ironx-kiire-elektrivints-4313-kg-24v\\\/\"]}]},{\"@type\":\"ImageObject\",\"inLanguage\":\"en-US\",\"@id\":\"https:\\\/\\\/ranoja.ee\\\/toode\\\/ironx-kiire-elektrivints-4313-kg-24v\\\/#primaryimage\",\"url\":\"https:\\\/\\\/ranoja.ee\\\/wp-content\\\/uploads\\\/2026\\\/01\\\/IRONX-kiire-elektrivints-4313-kg-24V.jpg\",\"contentUrl\":\"https:\\\/\\\/ranoja.ee\\\/wp-content\\\/uploads\\\/2026\\\/01\\\/IRONX-kiire-elektrivints-4313-kg-24V.jpg\",\"width\":400,\"height\":300,\"caption\":\"IRONX kiire elektrivints 4313 kg 24V\"},{\"@type\":\"BreadcrumbList\",\"@id\":\"https:\\\/\\\/ranoja.ee\\\/toode\\\/ironx-kiire-elektrivints-4313-kg-24v\\\/#breadcrumb\",\"itemListElement\":[{\"@type\":\"ListItem\",\"position\":1,\"name\":\"Home\",\"item\":\"https:\\\/\\\/ranoja.ee\\\/\"},{\"@type\":\"ListItem\",\"position\":2,\"name\":\"Shop\",\"item\":\"https:\\\/\\\/ranoja.ee\\\/en\\\/shop\\\/\"},{\"@type\":\"ListItem\",\"position\":3,\"name\":\"IRONX kiire elektrivints 4313 kg 24V\"}]},{\"@type\":\"WebSite\",\"@id\":\"https:\\\/\\\/ranoja.ee\\\/#website\",\"url\":\"https:\\\/\\\/ranoja.ee\\\/\",\"name\":\"Ranoja\",\"description\":\"Equipment Shop WooCommerce WordPress Theme for Machine &amp; Tools\",\"publisher\":{\"@id\":\"https:\\\/\\\/ranoja.ee\\\/#organization\"},\"potentialAction\":[{\"@type\":\"SearchAction\",\"target\":{\"@type\":\"EntryPoint\",\"urlTemplate\":\"https:\\\/\\\/ranoja.ee\\\/?s={search_term_string}\"},\"query-input\":{\"@type\":\"PropertyValueSpecification\",\"valueRequired\":true,\"valueName\":\"search_term_string\"}}],\"inLanguage\":\"en-US\"},{\"@type\":\"Organization\",\"@id\":\"https:\\\/\\\/ranoja.ee\\\/#organization\",\"name\":\"Ranoja O\u00dc\",\"url\":\"https:\\\/\\\/ranoja.ee\\\/\",\"logo\":{\"@type\":\"ImageObject\",\"inLanguage\":\"en-US\",\"@id\":\"https:\\\/\\\/ranoja.ee\\\/#\\\/schema\\\/logo\\\/image\\\/\",\"url\":\"https:\\\/\\\/ranoja.ee\\\/wp-content\\\/uploads\\\/2023\\\/11\\\/ranoja-Logo.png\",\"contentUrl\":\"https:\\\/\\\/ranoja.ee\\\/wp-content\\\/uploads\\\/2023\\\/11\\\/ranoja-Logo.png\",\"width\":207,\"height\":58,\"caption\":\"Ranoja O\u00dc\"},\"image\":{\"@id\":\"https:\\\/\\\/ranoja.ee\\\/#\\\/schema\\\/logo\\\/image\\\/\"},\"sameAs\":[\"https:\\\/\\\/www.facebook.com\\\/ranoja.ee\",\"https:\\\/\\\/www.instagram.com\\\/ranoja__\\\/\"]}]}<\/script>\n<!-- \/ Yoast SEO plugin. -->","yoast_head_json":{"title":"IRONX kiire elektrivints 4313 kg 24V","description":"IRONX kiire elektrivints 4313 kg 24V Tegemist kvaliteetsete vintsidega mida hinnatakse nende tugeva konstruktsiooni, t\u00f5mbej\u00f5u ja kasutusea poolest.","robots":{"index":"index","follow":"follow","max-snippet":"max-snippet:-1","max-image-preview":"max-image-preview:large","max-video-preview":"max-video-preview:-1"},"canonical":"https:\/\/ranoja.ee\/toode\/ironx-kiire-elektrivints-4313-kg-24v\/","og_locale":"en_US","og_type":"article","og_title":"IRONX kiire elektrivints 4313 kg 24V","og_description":"IRONX kiire elektrivints 4313 kg 24V Tegemist kvaliteetsete vintsidega mida hinnatakse nende tugeva konstruktsiooni, t\u00f5mbej\u00f5u ja kasutusea poolest.","og_url":"https:\/\/ranoja.ee\/toode\/ironx-kiire-elektrivints-4313-kg-24v\/","og_site_name":"Ranoja","article_publisher":"https:\/\/www.facebook.com\/ranoja.ee","article_modified_time":"2026-01-15T08:24:37+00:00","og_image":[{"width":400,"height":300,"url":"https:\/\/ranoja.ee\/wp-content\/uploads\/2026\/01\/IRONX-kiire-elektrivints-4313-kg-24V.jpg","type":"image\/jpeg"}],"twitter_card":"summary_large_image","twitter_misc":{"Est. reading time":"2 minutes"},"schema":{"@context":"https:\/\/schema.org","@graph":[{"@type":"WebPage","@id":"https:\/\/ranoja.ee\/toode\/ironx-kiire-elektrivints-4313-kg-24v\/","url":"https:\/\/ranoja.ee\/toode\/ironx-kiire-elektrivints-4313-kg-24v\/","name":"IRONX kiire elektrivints 4313 kg 24V","isPartOf":{"@id":"https:\/\/ranoja.ee\/#website"},"primaryImageOfPage":{"@id":"https:\/\/ranoja.ee\/toode\/ironx-kiire-elektrivints-4313-kg-24v\/#primaryimage"},"image":{"@id":"https:\/\/ranoja.ee\/toode\/ironx-kiire-elektrivints-4313-kg-24v\/#primaryimage"},"thumbnailUrl":"https:\/\/ranoja.ee\/wp-content\/uploads\/2026\/01\/IRONX-kiire-elektrivints-4313-kg-24V.jpg","datePublished":"2026-01-06T14:38:17+00:00","dateModified":"2026-01-15T08:24:37+00:00","description":"IRONX kiire elektrivints 4313 kg 24V Tegemist kvaliteetsete vintsidega mida hinnatakse nende tugeva konstruktsiooni, t\u00f5mbej\u00f5u ja kasutusea poolest.","breadcrumb":{"@id":"https:\/\/ranoja.ee\/toode\/ironx-kiire-elektrivints-4313-kg-24v\/#breadcrumb"},"inLanguage":"en-US","potentialAction":[{"@type":"ReadAction","target":["https:\/\/ranoja.ee\/toode\/ironx-kiire-elektrivints-4313-kg-24v\/"]}]},{"@type":"ImageObject","inLanguage":"en-US","@id":"https:\/\/ranoja.ee\/toode\/ironx-kiire-elektrivints-4313-kg-24v\/#primaryimage","url":"https:\/\/ranoja.ee\/wp-content\/uploads\/2026\/01\/IRONX-kiire-elektrivints-4313-kg-24V.jpg","contentUrl":"https:\/\/ranoja.ee\/wp-content\/uploads\/2026\/01\/IRONX-kiire-elektrivints-4313-kg-24V.jpg","width":400,"height":300,"caption":"IRONX kiire elektrivints 4313 kg 24V"},{"@type":"BreadcrumbList","@id":"https:\/\/ranoja.ee\/toode\/ironx-kiire-elektrivints-4313-kg-24v\/#breadcrumb","itemListElement":[{"@type":"ListItem","position":1,"name":"Home","item":"https:\/\/ranoja.ee\/"},{"@type":"ListItem","position":2,"name":"Shop","item":"https:\/\/ranoja.ee\/en\/shop\/"},{"@type":"ListItem","position":3,"name":"IRONX kiire elektrivints 4313 kg 24V"}]},{"@type":"WebSite","@id":"https:\/\/ranoja.ee\/#website","url":"https:\/\/ranoja.ee\/","name":"Ranoja","description":"Equipment Shop WooCommerce WordPress Theme for Machine &amp; Tools","publisher":{"@id":"https:\/\/ranoja.ee\/#organization"},"potentialAction":[{"@type":"SearchAction","target":{"@type":"EntryPoint","urlTemplate":"https:\/\/ranoja.ee\/?s={search_term_string}"},"query-input":{"@type":"PropertyValueSpecification","valueRequired":true,"valueName":"search_term_string"}}],"inLanguage":"en-US"},{"@type":"Organization","@id":"https:\/\/ranoja.ee\/#organization","name":"Ranoja O\u00dc","url":"https:\/\/ranoja.ee\/","logo":{"@type":"ImageObject","inLanguage":"en-US","@id":"https:\/\/ranoja.ee\/#\/schema\/logo\/image\/","url":"https:\/\/ranoja.ee\/wp-content\/uploads\/2023\/11\/ranoja-Logo.png","contentUrl":"https:\/\/ranoja.ee\/wp-content\/uploads\/2023\/11\/ranoja-Logo.png","width":207,"height":58,"caption":"Ranoja O\u00dc"},"image":{"@id":"https:\/\/ranoja.ee\/#\/schema\/logo\/image\/"},"sameAs":["https:\/\/www.facebook.com\/ranoja.ee","https:\/\/www.instagram.com\/ranoja__\/"]}]}},"_links":{"self":[{"href":"https:\/\/ranoja.ee\/en\/wp-json\/wp\/v2\/product\/25236","targetHints":{"allow":["GET"]}}],"collection":[{"href":"https:\/\/ranoja.ee\/en\/wp-json\/wp\/v2\/product"}],"about":[{"href":"https:\/\/ranoja.ee\/en\/wp-json\/wp\/v2\/types\/product"}],"wp:featuredmedia":[{"embeddable":true,"href":"https:\/\/ranoja.ee\/en\/wp-json\/wp\/v2\/media\/25247"}],"wp:attachment":[{"href":"https:\/\/ranoja.ee\/en\/wp-json\/wp\/v2\/media?parent=25236"}],"wp:term":[{"taxonomy":"product_cat","embeddable":true,"href":"https:\/\/ranoja.ee\/en\/wp-json\/wp\/v2\/product_cat?post=25236"},{"taxonomy":"product_tag","embeddable":true,"href":"https:\/\/ranoja.ee\/en\/wp-json\/wp\/v2\/product_tag?post=25236"}],"curies":[{"name":"wp","href":"https:\/\/api.w.org\/{rel}","templated":true}]}}