{"id":25166,"date":"2025-12-18T18:13:50","date_gmt":"2025-12-18T15:13:50","guid":{"rendered":"https:\/\/ranoja.ee\/?post_type=product&#038;p=25166"},"modified":"2026-01-15T12:06:47","modified_gmt":"2026-01-15T09:06:47","slug":"ironx-elektrivints-nailonkoiega-2268-kg-12v","status":"publish","type":"product","link":"https:\/\/ranoja.ee\/en\/toode\/ironx-elektrivints-nailonkoiega-2268-kg-12v\/","title":{"rendered":"IRONX elektrivints nailonk\u00f6iega 2268 kg 12V"},"content":{"rendered":"<p>IRONX elektrivints nailonk\u00f6iega 2268 kg 12V<\/p>\n<p>IronX vintsid on vastupidavad ja t\u00f6\u00f6kindlad t\u00f5stmis- ja t\u00f5mbeseadmed, mis on loodud kasutamiseks olukordades, kus on vaja liigutada raskeid koormaid kontrollitult ja ohutult. Tegemist on kvaliteetsete vintsidega, mida hinnatakse eelk\u00f5ige nende tugeva konstruktsiooni, suure t\u00f5mbej\u00f5u ja pika kasutusea poolest. IronX vintsid on v\u00e4lja t\u00f6\u00f6tatud arvestades nii professionaalsete kasutajate kui ka n\u00f5udlike harrastajate vajadusi, mist\u00f5ttu sobivad need v\u00e4ga erinevatesse t\u00f6\u00f6tingimustesse.<\/p>\n<p>IronX vintse kasutatakse laialdaselt maastikus\u00f5idukitel, n\u00e4iteks ATV-del, UTV-del, maasturitel ja t\u00f6\u00f6masinatel, kus need on asendamatud abivahendid takistuste \u00fcletamisel, s\u00f5iduki v\u00e4ljat\u00f5mbamisel v\u00f5i koormate liigutamisel. Lisaks leiavad need kasutust metsanduses, ehituses, p\u00f5llumajanduses ja t\u00f6\u00f6stuses, kus on vaja t\u00f5mmata palke, seadmeid v\u00f5i muid raskeid esemeid. T\u00e4nu kompaktsele disainile ja lihtsale paigaldusele sobivad IronX vintsid h\u00e4sti ka statsionaarseteks lahendusteks, n\u00e4iteks haagistele, t\u00f6\u00f6lavadele v\u00f5i t\u00f6\u00f6pinkide juurde.<\/p>\n<p>IronX vintside iseloomulikeks omadusteks on tugev metallkorpus, kvaliteetne tross v\u00f5i s\u00fcnteetiline k\u00f6is ning usaldusv\u00e4\u00e4rne mootor ja reduktor. Paljud mudelid on varustatud automaatse piduris\u00fcsteemi ja \u00fclekoormuskaitsega, mis tagavad ohutu kasutamise ka rasketes tingimustes. Juhtimine toimub tavaliselt kas juhtmega v\u00f5i juhtmevaba puldi abil, mis suurendab kasutaja ohutust ja t\u00f6\u00f6 mugavust.<\/p>\n<p>IRONX elektrivints nailonk\u00f6iega 2268 kg 12V<\/p>\n","protected":false},"excerpt":{"rendered":"<p>IRONX elektrivints nailonk\u00f6iega 2268 kg 12V<br \/>\nT\u00fc\u00fcp: 2268 kg<br \/>\nPinge: 12V<br \/>\nV\u00f5imsus: 3.8 hj\/2.8 kW<br \/>\nTerastross: 15 m x \u00f8 6.3 mm<br \/>\nKonks: 1\/4&#8243;<br \/>\nKiire trossikiirus<br \/>\nAutomaatne koormuse hoidmise pidur<br \/>\nVaba trossi kerimine<br \/>\nToide sisse\/v\u00e4lja<br \/>\n\u00dclekandearv: 165:1<br \/>\nKinnituspoltide paigutus: 76 x 168 mm<br \/>\nKaal: 15.3 kg<br \/>\n<strong>Eeldatav tarneaeg 1-7 t\u00f6\u00f6p\u00e4eva<\/strong><\/p>\n","protected":false},"featured_media":25171,"template":"","meta":{"inline_featured_image":false},"product_cat":[1116,1121],"product_tag":[960,969,2915,974,2925,2950,3012,733,2881,734,959],"class_list":{"0":"post-25166","1":"product","2":"type-product","3":"status-publish","4":"has-post-thumbnail","6":"product_brand-ironx","7":"product_cat-lisaseadmed-ehitusseadmed-led-lisatuled-cb-raadiod-lallar","8":"product_cat-vintsid","9":"product_tag-12v-vints","10":"product_tag-9201-10007","11":"product_tag-9201-10024","12":"product_tag-9201-10080","13":"product_tag-9201-10085","14":"product_tag-9201-10088","15":"product_tag-9201-10132","16":"product_tag-elektrivints","17":"product_tag-ironx-elektrivints-nailonkoiega-2268-kg-12v","18":"product_tag-vints","19":"product_tag-vintsid","21":"first","22":"instock","23":"taxable","24":"shipping-taxable","25":"purchasable","26":"product-type-simple"},"yoast_head":"<!-- This site is optimized with the Yoast SEO plugin v27.4 - https:\/\/yoast.com\/product\/yoast-seo-wordpress\/ -->\n<title>IRONX elektrivints nailonk\u00f6iega 2268 kg 12V<\/title>\n<meta name=\"description\" content=\"IRONX elektrivints nailonk\u00f6iega 2268 kg 12V Tegemist kvaliteetsete vintsidega mida hinnatakse nende tugeva konstruktsiooni, t\u00f5mbej\u00f5u ja kasutusea poolest\" \/>\n<meta name=\"robots\" content=\"index, follow, max-snippet:-1, max-image-preview:large, max-video-preview:-1\" \/>\n<link rel=\"canonical\" href=\"https:\/\/ranoja.ee\/toode\/ironx-elektrivints-nailonkoiega-2268-kg-12v\/\" \/>\n<meta property=\"og:locale\" content=\"en_US\" \/>\n<meta property=\"og:type\" content=\"article\" \/>\n<meta property=\"og:title\" content=\"IRONX elektrivints nailonk\u00f6iega 2268 kg 12V\" \/>\n<meta property=\"og:description\" content=\"IRONX elektrivints nailonk\u00f6iega 2268 kg 12V Tegemist kvaliteetsete vintsidega mida hinnatakse nende tugeva konstruktsiooni, t\u00f5mbej\u00f5u ja kasutusea poolest\" \/>\n<meta property=\"og:url\" content=\"https:\/\/ranoja.ee\/toode\/ironx-elektrivints-nailonkoiega-2268-kg-12v\/\" \/>\n<meta property=\"og:site_name\" content=\"Ranoja\" \/>\n<meta property=\"article:publisher\" content=\"https:\/\/www.facebook.com\/ranoja.ee\" \/>\n<meta property=\"article:modified_time\" content=\"2026-01-15T09:06:47+00:00\" \/>\n<meta property=\"og:image\" content=\"https:\/\/ranoja.ee\/wp-content\/uploads\/2025\/12\/IRONX-elektrivints-nailonkoiega-2268-kg-12V.jpg\" \/>\n\t<meta property=\"og:image:width\" content=\"800\" \/>\n\t<meta property=\"og:image:height\" content=\"600\" \/>\n\t<meta property=\"og:image:type\" content=\"image\/jpeg\" \/>\n<meta name=\"twitter:card\" content=\"summary_large_image\" \/>\n<meta name=\"twitter:label1\" content=\"Est. reading time\" \/>\n\t<meta name=\"twitter:data1\" content=\"2 minutes\" \/>\n<script type=\"application\/ld+json\" class=\"yoast-schema-graph\">{\"@context\":\"https:\\\/\\\/schema.org\",\"@graph\":[{\"@type\":\"WebPage\",\"@id\":\"https:\\\/\\\/ranoja.ee\\\/toode\\\/ironx-elektrivints-nailonkoiega-2268-kg-12v\\\/\",\"url\":\"https:\\\/\\\/ranoja.ee\\\/toode\\\/ironx-elektrivints-nailonkoiega-2268-kg-12v\\\/\",\"name\":\"IRONX elektrivints nailonk\u00f6iega 2268 kg 12V\",\"isPartOf\":{\"@id\":\"https:\\\/\\\/ranoja.ee\\\/#website\"},\"primaryImageOfPage\":{\"@id\":\"https:\\\/\\\/ranoja.ee\\\/toode\\\/ironx-elektrivints-nailonkoiega-2268-kg-12v\\\/#primaryimage\"},\"image\":{\"@id\":\"https:\\\/\\\/ranoja.ee\\\/toode\\\/ironx-elektrivints-nailonkoiega-2268-kg-12v\\\/#primaryimage\"},\"thumbnailUrl\":\"https:\\\/\\\/ranoja.ee\\\/wp-content\\\/uploads\\\/2025\\\/12\\\/IRONX-elektrivints-nailonkoiega-2268-kg-12V.jpg\",\"datePublished\":\"2025-12-18T15:13:50+00:00\",\"dateModified\":\"2026-01-15T09:06:47+00:00\",\"description\":\"IRONX elektrivints nailonk\u00f6iega 2268 kg 12V Tegemist kvaliteetsete vintsidega mida hinnatakse nende tugeva konstruktsiooni, t\u00f5mbej\u00f5u ja kasutusea poolest\",\"breadcrumb\":{\"@id\":\"https:\\\/\\\/ranoja.ee\\\/toode\\\/ironx-elektrivints-nailonkoiega-2268-kg-12v\\\/#breadcrumb\"},\"inLanguage\":\"en-US\",\"potentialAction\":[{\"@type\":\"ReadAction\",\"target\":[\"https:\\\/\\\/ranoja.ee\\\/toode\\\/ironx-elektrivints-nailonkoiega-2268-kg-12v\\\/\"]}]},{\"@type\":\"ImageObject\",\"inLanguage\":\"en-US\",\"@id\":\"https:\\\/\\\/ranoja.ee\\\/toode\\\/ironx-elektrivints-nailonkoiega-2268-kg-12v\\\/#primaryimage\",\"url\":\"https:\\\/\\\/ranoja.ee\\\/wp-content\\\/uploads\\\/2025\\\/12\\\/IRONX-elektrivints-nailonkoiega-2268-kg-12V.jpg\",\"contentUrl\":\"https:\\\/\\\/ranoja.ee\\\/wp-content\\\/uploads\\\/2025\\\/12\\\/IRONX-elektrivints-nailonkoiega-2268-kg-12V.jpg\",\"width\":800,\"height\":600,\"caption\":\"IRONX elektrivints nailonk\u00f6iega 2268 kg 12V\"},{\"@type\":\"BreadcrumbList\",\"@id\":\"https:\\\/\\\/ranoja.ee\\\/toode\\\/ironx-elektrivints-nailonkoiega-2268-kg-12v\\\/#breadcrumb\",\"itemListElement\":[{\"@type\":\"ListItem\",\"position\":1,\"name\":\"Home\",\"item\":\"https:\\\/\\\/ranoja.ee\\\/\"},{\"@type\":\"ListItem\",\"position\":2,\"name\":\"Shop\",\"item\":\"https:\\\/\\\/ranoja.ee\\\/en\\\/shop\\\/\"},{\"@type\":\"ListItem\",\"position\":3,\"name\":\"IRONX elektrivints nailonk\u00f6iega 2268 kg 12V\"}]},{\"@type\":\"WebSite\",\"@id\":\"https:\\\/\\\/ranoja.ee\\\/#website\",\"url\":\"https:\\\/\\\/ranoja.ee\\\/\",\"name\":\"Ranoja\",\"description\":\"Equipment Shop WooCommerce WordPress Theme for Machine &amp; Tools\",\"publisher\":{\"@id\":\"https:\\\/\\\/ranoja.ee\\\/#organization\"},\"potentialAction\":[{\"@type\":\"SearchAction\",\"target\":{\"@type\":\"EntryPoint\",\"urlTemplate\":\"https:\\\/\\\/ranoja.ee\\\/?s={search_term_string}\"},\"query-input\":{\"@type\":\"PropertyValueSpecification\",\"valueRequired\":true,\"valueName\":\"search_term_string\"}}],\"inLanguage\":\"en-US\"},{\"@type\":\"Organization\",\"@id\":\"https:\\\/\\\/ranoja.ee\\\/#organization\",\"name\":\"Ranoja O\u00dc\",\"url\":\"https:\\\/\\\/ranoja.ee\\\/\",\"logo\":{\"@type\":\"ImageObject\",\"inLanguage\":\"en-US\",\"@id\":\"https:\\\/\\\/ranoja.ee\\\/#\\\/schema\\\/logo\\\/image\\\/\",\"url\":\"https:\\\/\\\/ranoja.ee\\\/wp-content\\\/uploads\\\/2023\\\/11\\\/ranoja-Logo.png\",\"contentUrl\":\"https:\\\/\\\/ranoja.ee\\\/wp-content\\\/uploads\\\/2023\\\/11\\\/ranoja-Logo.png\",\"width\":207,\"height\":58,\"caption\":\"Ranoja O\u00dc\"},\"image\":{\"@id\":\"https:\\\/\\\/ranoja.ee\\\/#\\\/schema\\\/logo\\\/image\\\/\"},\"sameAs\":[\"https:\\\/\\\/www.facebook.com\\\/ranoja.ee\",\"https:\\\/\\\/www.instagram.com\\\/ranoja__\\\/\"]}]}<\/script>\n<!-- \/ Yoast SEO plugin. -->","yoast_head_json":{"title":"IRONX elektrivints nailonk\u00f6iega 2268 kg 12V","description":"IRONX elektrivints nailonk\u00f6iega 2268 kg 12V Tegemist kvaliteetsete vintsidega mida hinnatakse nende tugeva konstruktsiooni, t\u00f5mbej\u00f5u ja kasutusea poolest","robots":{"index":"index","follow":"follow","max-snippet":"max-snippet:-1","max-image-preview":"max-image-preview:large","max-video-preview":"max-video-preview:-1"},"canonical":"https:\/\/ranoja.ee\/toode\/ironx-elektrivints-nailonkoiega-2268-kg-12v\/","og_locale":"en_US","og_type":"article","og_title":"IRONX elektrivints nailonk\u00f6iega 2268 kg 12V","og_description":"IRONX elektrivints nailonk\u00f6iega 2268 kg 12V Tegemist kvaliteetsete vintsidega mida hinnatakse nende tugeva konstruktsiooni, t\u00f5mbej\u00f5u ja kasutusea poolest","og_url":"https:\/\/ranoja.ee\/toode\/ironx-elektrivints-nailonkoiega-2268-kg-12v\/","og_site_name":"Ranoja","article_publisher":"https:\/\/www.facebook.com\/ranoja.ee","article_modified_time":"2026-01-15T09:06:47+00:00","og_image":[{"width":800,"height":600,"url":"https:\/\/ranoja.ee\/wp-content\/uploads\/2025\/12\/IRONX-elektrivints-nailonkoiega-2268-kg-12V.jpg","type":"image\/jpeg"}],"twitter_card":"summary_large_image","twitter_misc":{"Est. reading time":"2 minutes"},"schema":{"@context":"https:\/\/schema.org","@graph":[{"@type":"WebPage","@id":"https:\/\/ranoja.ee\/toode\/ironx-elektrivints-nailonkoiega-2268-kg-12v\/","url":"https:\/\/ranoja.ee\/toode\/ironx-elektrivints-nailonkoiega-2268-kg-12v\/","name":"IRONX elektrivints nailonk\u00f6iega 2268 kg 12V","isPartOf":{"@id":"https:\/\/ranoja.ee\/#website"},"primaryImageOfPage":{"@id":"https:\/\/ranoja.ee\/toode\/ironx-elektrivints-nailonkoiega-2268-kg-12v\/#primaryimage"},"image":{"@id":"https:\/\/ranoja.ee\/toode\/ironx-elektrivints-nailonkoiega-2268-kg-12v\/#primaryimage"},"thumbnailUrl":"https:\/\/ranoja.ee\/wp-content\/uploads\/2025\/12\/IRONX-elektrivints-nailonkoiega-2268-kg-12V.jpg","datePublished":"2025-12-18T15:13:50+00:00","dateModified":"2026-01-15T09:06:47+00:00","description":"IRONX elektrivints nailonk\u00f6iega 2268 kg 12V Tegemist kvaliteetsete vintsidega mida hinnatakse nende tugeva konstruktsiooni, t\u00f5mbej\u00f5u ja kasutusea poolest","breadcrumb":{"@id":"https:\/\/ranoja.ee\/toode\/ironx-elektrivints-nailonkoiega-2268-kg-12v\/#breadcrumb"},"inLanguage":"en-US","potentialAction":[{"@type":"ReadAction","target":["https:\/\/ranoja.ee\/toode\/ironx-elektrivints-nailonkoiega-2268-kg-12v\/"]}]},{"@type":"ImageObject","inLanguage":"en-US","@id":"https:\/\/ranoja.ee\/toode\/ironx-elektrivints-nailonkoiega-2268-kg-12v\/#primaryimage","url":"https:\/\/ranoja.ee\/wp-content\/uploads\/2025\/12\/IRONX-elektrivints-nailonkoiega-2268-kg-12V.jpg","contentUrl":"https:\/\/ranoja.ee\/wp-content\/uploads\/2025\/12\/IRONX-elektrivints-nailonkoiega-2268-kg-12V.jpg","width":800,"height":600,"caption":"IRONX elektrivints nailonk\u00f6iega 2268 kg 12V"},{"@type":"BreadcrumbList","@id":"https:\/\/ranoja.ee\/toode\/ironx-elektrivints-nailonkoiega-2268-kg-12v\/#breadcrumb","itemListElement":[{"@type":"ListItem","position":1,"name":"Home","item":"https:\/\/ranoja.ee\/"},{"@type":"ListItem","position":2,"name":"Shop","item":"https:\/\/ranoja.ee\/en\/shop\/"},{"@type":"ListItem","position":3,"name":"IRONX elektrivints nailonk\u00f6iega 2268 kg 12V"}]},{"@type":"WebSite","@id":"https:\/\/ranoja.ee\/#website","url":"https:\/\/ranoja.ee\/","name":"Ranoja","description":"Equipment Shop WooCommerce WordPress Theme for Machine &amp; Tools","publisher":{"@id":"https:\/\/ranoja.ee\/#organization"},"potentialAction":[{"@type":"SearchAction","target":{"@type":"EntryPoint","urlTemplate":"https:\/\/ranoja.ee\/?s={search_term_string}"},"query-input":{"@type":"PropertyValueSpecification","valueRequired":true,"valueName":"search_term_string"}}],"inLanguage":"en-US"},{"@type":"Organization","@id":"https:\/\/ranoja.ee\/#organization","name":"Ranoja O\u00dc","url":"https:\/\/ranoja.ee\/","logo":{"@type":"ImageObject","inLanguage":"en-US","@id":"https:\/\/ranoja.ee\/#\/schema\/logo\/image\/","url":"https:\/\/ranoja.ee\/wp-content\/uploads\/2023\/11\/ranoja-Logo.png","contentUrl":"https:\/\/ranoja.ee\/wp-content\/uploads\/2023\/11\/ranoja-Logo.png","width":207,"height":58,"caption":"Ranoja O\u00dc"},"image":{"@id":"https:\/\/ranoja.ee\/#\/schema\/logo\/image\/"},"sameAs":["https:\/\/www.facebook.com\/ranoja.ee","https:\/\/www.instagram.com\/ranoja__\/"]}]}},"_links":{"self":[{"href":"https:\/\/ranoja.ee\/en\/wp-json\/wp\/v2\/product\/25166","targetHints":{"allow":["GET"]}}],"collection":[{"href":"https:\/\/ranoja.ee\/en\/wp-json\/wp\/v2\/product"}],"about":[{"href":"https:\/\/ranoja.ee\/en\/wp-json\/wp\/v2\/types\/product"}],"wp:featuredmedia":[{"embeddable":true,"href":"https:\/\/ranoja.ee\/en\/wp-json\/wp\/v2\/media\/25171"}],"wp:attachment":[{"href":"https:\/\/ranoja.ee\/en\/wp-json\/wp\/v2\/media?parent=25166"}],"wp:term":[{"taxonomy":"product_cat","embeddable":true,"href":"https:\/\/ranoja.ee\/en\/wp-json\/wp\/v2\/product_cat?post=25166"},{"taxonomy":"product_tag","embeddable":true,"href":"https:\/\/ranoja.ee\/en\/wp-json\/wp\/v2\/product_tag?post=25166"}],"curies":[{"name":"wp","href":"https:\/\/api.w.org\/{rel}","templated":true}]}}