{"id":25072,"date":"2025-12-12T17:08:12","date_gmt":"2025-12-12T14:08:12","guid":{"rendered":"https:\/\/ranoja.ee\/?post_type=product&#038;p=25072"},"modified":"2025-12-12T17:21:24","modified_gmt":"2025-12-12T14:21:24","slug":"bullboy-vilkurpaneel-14-erineva-vilkumisreziimiga","status":"publish","type":"product","link":"https:\/\/ranoja.ee\/en\/toode\/bullboy-vilkurpaneel-14-erineva-vilkumisreziimiga\/","title":{"rendered":"BULLBOY vilkurpaneel 14 erineva vilkumisre\u017eiimiga"},"content":{"rendered":"<p>BULLBOY vilkurpaneel 14 erineva vilkumisre\u017eiimiga<\/p>\n<p>Bullboy on t\u00f6\u00f6stus- ja s\u00f5idukivalgustuse br\u00e4nd, mille tootevalikusse kuuluvad LED-vilkurpaneelid ja hoiatustules\u00fcsteemid. Need on m\u00f5eldud n\u00e4htavuse ja ohutuse parandamiseks erinevates t\u00f6\u00f6- ja liiklusolukordades. Bullboy LED-vilkurpaneelid on projekteeritud kasutamiseks 12 V ning 24 V elektris\u00fcsteemidega. Mist\u00f5ttu sobivad nad nii v\u00e4iksematele s\u00f5idukitele kui ka suurematele t\u00f6\u00f6masinatele v\u00f5i kaubikutele.<\/p>\n<p>Enamikul paneelidel on tugev alumiiniumkorpus ning rikko- ja ilmastikukindel pol\u00fckarbonaadist l\u00e4\u00e4ts. See tagab t\u00f6\u00f6 ka karmides tingimustes \u2013 vihmas, tolmus ja vibratsiooniga keskkonnas. Bullboy paneelid on tavaliselt sertifitseeritud vastavalt ECE R65 Class-2 ja ECE R10 standarditele, mis t\u00e4hendab, et neid v\u00f5ib kasutada Euroopas liikluses ning need on heaks kiidetud nii p\u00e4evavalguses kui \u00f6\u00f6sel n\u00e4htavuseks. <\/p>\n<p>LED-vilkurpaneelid pakuvad tavaliselt mitmeid v\u00e4lklahendusi ja re\u017eiime, mida saab vastavalt vajadusele valida. Olgu see pidev vilkumine, jooksev signaal v\u00f5i seeria kiireid v\u00e4lke \u2013, tagades selge ja ereda hoiatuse teel v\u00f5i t\u00f6\u00f6platsil. Vilkurpaneelide paigaldamine on m\u00f5eldud v\u00f5imalikult lihtsaks. Kaasa tulevad kinnitusjalad v\u00f5i -klambrid ning \u00fchenduskaablid, mist\u00f5ttu saab need paigaldada s\u00f5iduki katusele, tagaossa v\u00f5i teisele sobivale pinnale. <\/p>\n<p>Bullboy vilkurpaneelide kasutusala on v\u00e4ga mitmekesine. Neid kasutatakse kommunaal- ja teet\u00f6\u00f6masinatel, kus liiklejatele hoiatuse andmine on oluline ohutuse tagamiseks. Samuti sobivad paneelid ehitus- ja kaevandustehnikale, kus t\u00f6\u00f6 toimub tihti teiste masinate ja t\u00f6\u00f6tajate l\u00e4heduses, v\u00f5i p\u00f5llumajandusseadmetele, kus suurte masinate n\u00e4htavus v\u00f5ib olla keeruline. <\/p>\n<p>BULLBOY vilkurpaneel 14 erineva vilkumisre\u017eiimiga<\/p>\n","protected":false},"excerpt":{"rendered":"<p>BULLBOY vilkurpaneel 14 erineva vilkumisre\u017eiimiga<br \/>\nM\u00f5\u00f5tmed: 829 x 218 x 63 mm<br \/>\nPinge: 10-30 V<br \/>\nPistiku t\u00fc\u00fcp: 3-pin avatud kaabel<br \/>\nKorpuse materjal: Alumiinium<br \/>\nL\u00e4\u00e4tse materjal: Pol\u00fckarbonaat<br \/>\nIP klassifikatsioon: IP67<br \/>\nSertifikaadid: ECE R65 Class 2, ECE R10, CISPR Class 3<br \/>\nKaal: 6 kg<br \/>\n<strong>Eeldatav tarneaeg 1-7 t\u00f6\u00f6p\u00e4eva<\/strong><\/p>\n","protected":false},"featured_media":25077,"template":"","meta":{"inline_featured_image":false},"product_cat":[1116,1550],"product_tag":[2864,693,2863,1551,1554],"class_list":{"0":"post-25072","1":"product","2":"type-product","3":"status-publish","4":"has-post-thumbnail","6":"product_brand-bullboy","7":"product_cat-lisaseadmed-ehitusseadmed-led-lisatuled-cb-raadiod-lallar","8":"product_cat-vilkurid-ja-margutuled","9":"product_tag-1603-140930","10":"product_tag-bullboy","11":"product_tag-bullboy-vilkurpaneel-14-erineva-vilkumisreziimiga","12":"product_tag-vilkur","13":"product_tag-vilkurpaneel","15":"first","16":"instock","17":"taxable","18":"shipping-taxable","19":"purchasable","20":"product-type-simple"},"yoast_head":"<!-- This site is optimized with the Yoast SEO plugin v27.4 - https:\/\/yoast.com\/product\/yoast-seo-wordpress\/ -->\n<title>BULLBOY vilkurpaneel 14 erineva vilkumisre\u017eiimiga<\/title>\n<meta name=\"description\" content=\"BULLBOY 14 erineva vilkumisre\u017eiimiga LED vilkurpaneel LED-vilkurpaneelid pakuvad tavaliselt mitmeid v\u00e4lklahendusi ja re\u017eiime.\" \/>\n<meta name=\"robots\" content=\"index, follow, max-snippet:-1, max-image-preview:large, max-video-preview:-1\" \/>\n<link rel=\"canonical\" href=\"https:\/\/ranoja.ee\/toode\/bullboy-vilkurpaneel-14-erineva-vilkumisreziimiga\/\" \/>\n<meta property=\"og:locale\" content=\"en_US\" \/>\n<meta property=\"og:type\" content=\"article\" \/>\n<meta property=\"og:title\" content=\"BULLBOY vilkurpaneel 14 erineva vilkumisre\u017eiimiga\" \/>\n<meta property=\"og:description\" content=\"BULLBOY 14 erineva vilkumisre\u017eiimiga LED vilkurpaneel LED-vilkurpaneelid pakuvad tavaliselt mitmeid v\u00e4lklahendusi ja re\u017eiime.\" \/>\n<meta property=\"og:url\" content=\"https:\/\/ranoja.ee\/toode\/bullboy-vilkurpaneel-14-erineva-vilkumisreziimiga\/\" \/>\n<meta property=\"og:site_name\" content=\"Ranoja\" \/>\n<meta property=\"article:publisher\" content=\"https:\/\/www.facebook.com\/ranoja.ee\" \/>\n<meta property=\"article:modified_time\" content=\"2025-12-12T14:21:24+00:00\" \/>\n<meta property=\"og:image\" content=\"https:\/\/ranoja.ee\/wp-content\/uploads\/2025\/12\/BULLBOY-vilkurpaneel-14-erineva-vilkumisreziimiga-2.jpg\" \/>\n\t<meta property=\"og:image:width\" content=\"800\" \/>\n\t<meta property=\"og:image:height\" content=\"600\" \/>\n\t<meta property=\"og:image:type\" content=\"image\/jpeg\" \/>\n<meta name=\"twitter:card\" content=\"summary_large_image\" \/>\n<meta name=\"twitter:label1\" content=\"Est. reading time\" \/>\n\t<meta name=\"twitter:data1\" content=\"2 minutes\" \/>\n<script type=\"application\/ld+json\" class=\"yoast-schema-graph\">{\"@context\":\"https:\\\/\\\/schema.org\",\"@graph\":[{\"@type\":\"WebPage\",\"@id\":\"https:\\\/\\\/ranoja.ee\\\/toode\\\/bullboy-vilkurpaneel-14-erineva-vilkumisreziimiga\\\/\",\"url\":\"https:\\\/\\\/ranoja.ee\\\/toode\\\/bullboy-vilkurpaneel-14-erineva-vilkumisreziimiga\\\/\",\"name\":\"BULLBOY vilkurpaneel 14 erineva vilkumisre\u017eiimiga\",\"isPartOf\":{\"@id\":\"https:\\\/\\\/ranoja.ee\\\/#website\"},\"primaryImageOfPage\":{\"@id\":\"https:\\\/\\\/ranoja.ee\\\/toode\\\/bullboy-vilkurpaneel-14-erineva-vilkumisreziimiga\\\/#primaryimage\"},\"image\":{\"@id\":\"https:\\\/\\\/ranoja.ee\\\/toode\\\/bullboy-vilkurpaneel-14-erineva-vilkumisreziimiga\\\/#primaryimage\"},\"thumbnailUrl\":\"https:\\\/\\\/ranoja.ee\\\/wp-content\\\/uploads\\\/2025\\\/12\\\/BULLBOY-vilkurpaneel-14-erineva-vilkumisreziimiga-2.jpg\",\"datePublished\":\"2025-12-12T14:08:12+00:00\",\"dateModified\":\"2025-12-12T14:21:24+00:00\",\"description\":\"BULLBOY 14 erineva vilkumisre\u017eiimiga LED vilkurpaneel LED-vilkurpaneelid pakuvad tavaliselt mitmeid v\u00e4lklahendusi ja re\u017eiime.\",\"breadcrumb\":{\"@id\":\"https:\\\/\\\/ranoja.ee\\\/toode\\\/bullboy-vilkurpaneel-14-erineva-vilkumisreziimiga\\\/#breadcrumb\"},\"inLanguage\":\"en-US\",\"potentialAction\":[{\"@type\":\"ReadAction\",\"target\":[\"https:\\\/\\\/ranoja.ee\\\/toode\\\/bullboy-vilkurpaneel-14-erineva-vilkumisreziimiga\\\/\"]}]},{\"@type\":\"ImageObject\",\"inLanguage\":\"en-US\",\"@id\":\"https:\\\/\\\/ranoja.ee\\\/toode\\\/bullboy-vilkurpaneel-14-erineva-vilkumisreziimiga\\\/#primaryimage\",\"url\":\"https:\\\/\\\/ranoja.ee\\\/wp-content\\\/uploads\\\/2025\\\/12\\\/BULLBOY-vilkurpaneel-14-erineva-vilkumisreziimiga-2.jpg\",\"contentUrl\":\"https:\\\/\\\/ranoja.ee\\\/wp-content\\\/uploads\\\/2025\\\/12\\\/BULLBOY-vilkurpaneel-14-erineva-vilkumisreziimiga-2.jpg\",\"width\":800,\"height\":600,\"caption\":\"BULLBOY vilkurpaneel 14 erineva vilkumisre\u017eiimiga\"},{\"@type\":\"BreadcrumbList\",\"@id\":\"https:\\\/\\\/ranoja.ee\\\/toode\\\/bullboy-vilkurpaneel-14-erineva-vilkumisreziimiga\\\/#breadcrumb\",\"itemListElement\":[{\"@type\":\"ListItem\",\"position\":1,\"name\":\"Home\",\"item\":\"https:\\\/\\\/ranoja.ee\\\/\"},{\"@type\":\"ListItem\",\"position\":2,\"name\":\"Shop\",\"item\":\"https:\\\/\\\/ranoja.ee\\\/en\\\/shop\\\/\"},{\"@type\":\"ListItem\",\"position\":3,\"name\":\"BULLBOY vilkurpaneel 14 erineva vilkumisre\u017eiimiga\"}]},{\"@type\":\"WebSite\",\"@id\":\"https:\\\/\\\/ranoja.ee\\\/#website\",\"url\":\"https:\\\/\\\/ranoja.ee\\\/\",\"name\":\"Ranoja\",\"description\":\"Equipment Shop WooCommerce WordPress Theme for Machine &amp; Tools\",\"publisher\":{\"@id\":\"https:\\\/\\\/ranoja.ee\\\/#organization\"},\"potentialAction\":[{\"@type\":\"SearchAction\",\"target\":{\"@type\":\"EntryPoint\",\"urlTemplate\":\"https:\\\/\\\/ranoja.ee\\\/?s={search_term_string}\"},\"query-input\":{\"@type\":\"PropertyValueSpecification\",\"valueRequired\":true,\"valueName\":\"search_term_string\"}}],\"inLanguage\":\"en-US\"},{\"@type\":\"Organization\",\"@id\":\"https:\\\/\\\/ranoja.ee\\\/#organization\",\"name\":\"Ranoja O\u00dc\",\"url\":\"https:\\\/\\\/ranoja.ee\\\/\",\"logo\":{\"@type\":\"ImageObject\",\"inLanguage\":\"en-US\",\"@id\":\"https:\\\/\\\/ranoja.ee\\\/#\\\/schema\\\/logo\\\/image\\\/\",\"url\":\"https:\\\/\\\/ranoja.ee\\\/wp-content\\\/uploads\\\/2023\\\/11\\\/ranoja-Logo.png\",\"contentUrl\":\"https:\\\/\\\/ranoja.ee\\\/wp-content\\\/uploads\\\/2023\\\/11\\\/ranoja-Logo.png\",\"width\":207,\"height\":58,\"caption\":\"Ranoja O\u00dc\"},\"image\":{\"@id\":\"https:\\\/\\\/ranoja.ee\\\/#\\\/schema\\\/logo\\\/image\\\/\"},\"sameAs\":[\"https:\\\/\\\/www.facebook.com\\\/ranoja.ee\",\"https:\\\/\\\/www.instagram.com\\\/ranoja__\\\/\"]}]}<\/script>\n<!-- \/ Yoast SEO plugin. -->","yoast_head_json":{"title":"BULLBOY vilkurpaneel 14 erineva vilkumisre\u017eiimiga","description":"BULLBOY 14 erineva vilkumisre\u017eiimiga LED vilkurpaneel LED-vilkurpaneelid pakuvad tavaliselt mitmeid v\u00e4lklahendusi ja re\u017eiime.","robots":{"index":"index","follow":"follow","max-snippet":"max-snippet:-1","max-image-preview":"max-image-preview:large","max-video-preview":"max-video-preview:-1"},"canonical":"https:\/\/ranoja.ee\/toode\/bullboy-vilkurpaneel-14-erineva-vilkumisreziimiga\/","og_locale":"en_US","og_type":"article","og_title":"BULLBOY vilkurpaneel 14 erineva vilkumisre\u017eiimiga","og_description":"BULLBOY 14 erineva vilkumisre\u017eiimiga LED vilkurpaneel LED-vilkurpaneelid pakuvad tavaliselt mitmeid v\u00e4lklahendusi ja re\u017eiime.","og_url":"https:\/\/ranoja.ee\/toode\/bullboy-vilkurpaneel-14-erineva-vilkumisreziimiga\/","og_site_name":"Ranoja","article_publisher":"https:\/\/www.facebook.com\/ranoja.ee","article_modified_time":"2025-12-12T14:21:24+00:00","og_image":[{"width":800,"height":600,"url":"https:\/\/ranoja.ee\/wp-content\/uploads\/2025\/12\/BULLBOY-vilkurpaneel-14-erineva-vilkumisreziimiga-2.jpg","type":"image\/jpeg"}],"twitter_card":"summary_large_image","twitter_misc":{"Est. reading time":"2 minutes"},"schema":{"@context":"https:\/\/schema.org","@graph":[{"@type":"WebPage","@id":"https:\/\/ranoja.ee\/toode\/bullboy-vilkurpaneel-14-erineva-vilkumisreziimiga\/","url":"https:\/\/ranoja.ee\/toode\/bullboy-vilkurpaneel-14-erineva-vilkumisreziimiga\/","name":"BULLBOY vilkurpaneel 14 erineva vilkumisre\u017eiimiga","isPartOf":{"@id":"https:\/\/ranoja.ee\/#website"},"primaryImageOfPage":{"@id":"https:\/\/ranoja.ee\/toode\/bullboy-vilkurpaneel-14-erineva-vilkumisreziimiga\/#primaryimage"},"image":{"@id":"https:\/\/ranoja.ee\/toode\/bullboy-vilkurpaneel-14-erineva-vilkumisreziimiga\/#primaryimage"},"thumbnailUrl":"https:\/\/ranoja.ee\/wp-content\/uploads\/2025\/12\/BULLBOY-vilkurpaneel-14-erineva-vilkumisreziimiga-2.jpg","datePublished":"2025-12-12T14:08:12+00:00","dateModified":"2025-12-12T14:21:24+00:00","description":"BULLBOY 14 erineva vilkumisre\u017eiimiga LED vilkurpaneel LED-vilkurpaneelid pakuvad tavaliselt mitmeid v\u00e4lklahendusi ja re\u017eiime.","breadcrumb":{"@id":"https:\/\/ranoja.ee\/toode\/bullboy-vilkurpaneel-14-erineva-vilkumisreziimiga\/#breadcrumb"},"inLanguage":"en-US","potentialAction":[{"@type":"ReadAction","target":["https:\/\/ranoja.ee\/toode\/bullboy-vilkurpaneel-14-erineva-vilkumisreziimiga\/"]}]},{"@type":"ImageObject","inLanguage":"en-US","@id":"https:\/\/ranoja.ee\/toode\/bullboy-vilkurpaneel-14-erineva-vilkumisreziimiga\/#primaryimage","url":"https:\/\/ranoja.ee\/wp-content\/uploads\/2025\/12\/BULLBOY-vilkurpaneel-14-erineva-vilkumisreziimiga-2.jpg","contentUrl":"https:\/\/ranoja.ee\/wp-content\/uploads\/2025\/12\/BULLBOY-vilkurpaneel-14-erineva-vilkumisreziimiga-2.jpg","width":800,"height":600,"caption":"BULLBOY vilkurpaneel 14 erineva vilkumisre\u017eiimiga"},{"@type":"BreadcrumbList","@id":"https:\/\/ranoja.ee\/toode\/bullboy-vilkurpaneel-14-erineva-vilkumisreziimiga\/#breadcrumb","itemListElement":[{"@type":"ListItem","position":1,"name":"Home","item":"https:\/\/ranoja.ee\/"},{"@type":"ListItem","position":2,"name":"Shop","item":"https:\/\/ranoja.ee\/en\/shop\/"},{"@type":"ListItem","position":3,"name":"BULLBOY vilkurpaneel 14 erineva vilkumisre\u017eiimiga"}]},{"@type":"WebSite","@id":"https:\/\/ranoja.ee\/#website","url":"https:\/\/ranoja.ee\/","name":"Ranoja","description":"Equipment Shop WooCommerce WordPress Theme for Machine &amp; Tools","publisher":{"@id":"https:\/\/ranoja.ee\/#organization"},"potentialAction":[{"@type":"SearchAction","target":{"@type":"EntryPoint","urlTemplate":"https:\/\/ranoja.ee\/?s={search_term_string}"},"query-input":{"@type":"PropertyValueSpecification","valueRequired":true,"valueName":"search_term_string"}}],"inLanguage":"en-US"},{"@type":"Organization","@id":"https:\/\/ranoja.ee\/#organization","name":"Ranoja O\u00dc","url":"https:\/\/ranoja.ee\/","logo":{"@type":"ImageObject","inLanguage":"en-US","@id":"https:\/\/ranoja.ee\/#\/schema\/logo\/image\/","url":"https:\/\/ranoja.ee\/wp-content\/uploads\/2023\/11\/ranoja-Logo.png","contentUrl":"https:\/\/ranoja.ee\/wp-content\/uploads\/2023\/11\/ranoja-Logo.png","width":207,"height":58,"caption":"Ranoja O\u00dc"},"image":{"@id":"https:\/\/ranoja.ee\/#\/schema\/logo\/image\/"},"sameAs":["https:\/\/www.facebook.com\/ranoja.ee","https:\/\/www.instagram.com\/ranoja__\/"]}]}},"_links":{"self":[{"href":"https:\/\/ranoja.ee\/en\/wp-json\/wp\/v2\/product\/25072","targetHints":{"allow":["GET"]}}],"collection":[{"href":"https:\/\/ranoja.ee\/en\/wp-json\/wp\/v2\/product"}],"about":[{"href":"https:\/\/ranoja.ee\/en\/wp-json\/wp\/v2\/types\/product"}],"wp:featuredmedia":[{"embeddable":true,"href":"https:\/\/ranoja.ee\/en\/wp-json\/wp\/v2\/media\/25077"}],"wp:attachment":[{"href":"https:\/\/ranoja.ee\/en\/wp-json\/wp\/v2\/media?parent=25072"}],"wp:term":[{"taxonomy":"product_cat","embeddable":true,"href":"https:\/\/ranoja.ee\/en\/wp-json\/wp\/v2\/product_cat?post=25072"},{"taxonomy":"product_tag","embeddable":true,"href":"https:\/\/ranoja.ee\/en\/wp-json\/wp\/v2\/product_tag?post=25072"}],"curies":[{"name":"wp","href":"https:\/\/api.w.org\/{rel}","templated":true}]}}