{"id":24990,"date":"2025-12-12T10:31:23","date_gmt":"2025-12-12T07:31:23","guid":{"rendered":"https:\/\/ranoja.ee\/?post_type=product&#038;p=24990"},"modified":"2025-12-12T10:44:35","modified_gmt":"2025-12-12T07:44:35","slug":"c-bright-led-vilkur","status":"publish","type":"product","link":"https:\/\/ranoja.ee\/en\/toode\/c-bright-led-vilkur\/","title":{"rendered":"C-BRIGHT LED vilkur"},"content":{"rendered":"<p>C-BRIGHT LED vilkur<\/p>\n<p>C-BRIGHT on professionaalsete vilkurite ja hoiatustulede tootja, kelle lahendused on v\u00e4lja t\u00f6\u00f6tatud tagamaks maksimaalne n\u00e4htavus ja ohutus erinevates t\u00f6\u00f6- ja liikluskeskkondades. Ettev\u00f5tte tooted paistavad silma vastupidavuse, kvaliteetsete LED-tehnoloogiate ja laia kasutusala poolest. Vilkurid on loodud taluma ekstreemseid tingimusi, sealhulgas vibratsiooni, niiskust, tolmu ja suuri temperatuurik\u00f5ikumisi. See muudab need sobivaks nii professionaalseks kui ka intensiivseks igap\u00e4evaseks kasutamiseks.<\/p>\n<p>Vilkurite peamine eesm\u00e4rk on tagada objektide ja s\u00f5idukite parem m\u00e4rgatavus erinevates t\u00f6\u00f6olukordades. T\u00e4nu heledatele LED-valgusallikatele pakuvad C-BRIGHTi vilkurid suurep\u00e4rast valguslevi ning nende mitmek\u00fclgsed t\u00f6\u00f6re\u017eiimid. P\u00f6\u00f6rlev, vilkuv, pulseeriv v\u00f5i suunatud, mis v\u00f5imaldavad valida just konkreetsele olukorrale sobiva signaali. Tooted vastavad rahvusvahelistele standarditele, mis teeb need usaldusv\u00e4\u00e4rseks kasutamiseks nii avalikus kui ka erasektoris.<\/p>\n<p>Kasutusala on v\u00e4ga lai. C-BRIGHTi vilkureid kasutatakse p\u00e4\u00e4ste- ja h\u00e4daabiteenistuste s\u00f5idukitel, nagu politsei-, kiirabi- ja tulet\u00f5rjeautod, kus n\u00e4htavus on kriitiline kiireks ja ohutuks liiklemiseks. Samuti on need populaarsed kommunaal- ja hoolduss\u00f5idukitel \u2013 lumekoristustehnikal, teet\u00f6\u00f6masinatel, pr\u00fcgiveokitel, p\u00f5llumajandustehnikal ja t\u00f5steseadmetel. T\u00f6\u00f6stuskeskkondades aitavad vilkurid t\u00e4histada ohtlikke alasid, liikuvaid masinaid ning mehhanisme, suurendades t\u00f6\u00f6tajate ohutust. Lisaks kasutatakse C-BRIGHTi valguslahendusi sadamates, ladudes ja ehitusplatsidel, kus selge visuaalne signaal aitab t\u00f5sta t\u00f6\u00f6korralduse t\u00f5husust ning ennetada \u00f5nnetusi.<\/p>\n<p>C-BRIGHT LED vilkur<\/p>\n","protected":false},"excerpt":{"rendered":"<p>C-BRIGHT LED vilkur<br \/>\nM\u00f5\u00f5tmed: \u00f8 129 x 94 mm<br \/>\nPinge: 12-24 V<br \/>\nVilkuril on sigaretis\u00fc\u00fctaja pistik ja magnetkinnitus<br \/>\nKaal: 0.5  kg<br \/>\n<strong>Eeldatav tarneaeg 1-7 t\u00f6\u00f6p\u00e4eva<\/strong><\/p>\n","protected":false},"featured_media":24993,"template":"","meta":{"inline_featured_image":false},"product_cat":[1116,1550],"product_tag":[2838,2839,2840,2829,1551],"class_list":{"0":"post-24990","1":"product","2":"type-product","3":"status-publish","4":"has-post-thumbnail","6":"product_brand-c-bright","7":"product_cat-lisaseadmed-ehitusseadmed-led-lisatuled-cb-raadiod-lallar","8":"product_cat-vilkurid-ja-margutuled","9":"product_tag-1-92340","10":"product_tag-c-bright","11":"product_tag-c-bright-led-vilkur","12":"product_tag-led-vilkur","13":"product_tag-vilkur","15":"first","16":"instock","17":"taxable","18":"shipping-taxable","19":"purchasable","20":"product-type-simple"},"yoast_head":"<!-- This site is optimized with the Yoast SEO plugin v27.4 - https:\/\/yoast.com\/product\/yoast-seo-wordpress\/ -->\n<title>C-BRIGHT LED vilkur<\/title>\n<meta name=\"description\" content=\"C-BRIGHT LED vilkur Ettev\u00f5tte tooted paistavad silma oma vastupidavuse, kvaliteetsete LED-tehnoloogiate ja laia kasutusala poolest.\" \/>\n<meta name=\"robots\" content=\"index, follow, max-snippet:-1, max-image-preview:large, max-video-preview:-1\" \/>\n<link rel=\"canonical\" href=\"https:\/\/ranoja.ee\/toode\/c-bright-led-vilkur\/\" \/>\n<meta property=\"og:locale\" content=\"en_US\" \/>\n<meta property=\"og:type\" content=\"article\" \/>\n<meta property=\"og:title\" content=\"C-BRIGHT LED vilkur\" \/>\n<meta property=\"og:description\" content=\"C-BRIGHT LED vilkur Ettev\u00f5tte tooted paistavad silma oma vastupidavuse, kvaliteetsete LED-tehnoloogiate ja laia kasutusala poolest.\" \/>\n<meta property=\"og:url\" content=\"https:\/\/ranoja.ee\/toode\/c-bright-led-vilkur\/\" \/>\n<meta property=\"og:site_name\" content=\"Ranoja\" \/>\n<meta property=\"article:publisher\" content=\"https:\/\/www.facebook.com\/ranoja.ee\" \/>\n<meta property=\"article:modified_time\" content=\"2025-12-12T07:44:35+00:00\" \/>\n<meta property=\"og:image\" content=\"https:\/\/ranoja.ee\/wp-content\/uploads\/2025\/12\/C-BRIGHT-LED-vilkur.jpg\" \/>\n\t<meta property=\"og:image:width\" content=\"400\" \/>\n\t<meta property=\"og:image:height\" content=\"300\" \/>\n\t<meta property=\"og:image:type\" content=\"image\/jpeg\" \/>\n<meta name=\"twitter:card\" content=\"summary_large_image\" \/>\n<meta name=\"twitter:label1\" content=\"Est. reading time\" \/>\n\t<meta name=\"twitter:data1\" content=\"2 minutes\" \/>\n<script type=\"application\/ld+json\" class=\"yoast-schema-graph\">{\"@context\":\"https:\\\/\\\/schema.org\",\"@graph\":[{\"@type\":\"WebPage\",\"@id\":\"https:\\\/\\\/ranoja.ee\\\/toode\\\/c-bright-led-vilkur\\\/\",\"url\":\"https:\\\/\\\/ranoja.ee\\\/toode\\\/c-bright-led-vilkur\\\/\",\"name\":\"C-BRIGHT LED vilkur\",\"isPartOf\":{\"@id\":\"https:\\\/\\\/ranoja.ee\\\/#website\"},\"primaryImageOfPage\":{\"@id\":\"https:\\\/\\\/ranoja.ee\\\/toode\\\/c-bright-led-vilkur\\\/#primaryimage\"},\"image\":{\"@id\":\"https:\\\/\\\/ranoja.ee\\\/toode\\\/c-bright-led-vilkur\\\/#primaryimage\"},\"thumbnailUrl\":\"https:\\\/\\\/ranoja.ee\\\/wp-content\\\/uploads\\\/2025\\\/12\\\/C-BRIGHT-LED-vilkur.jpg\",\"datePublished\":\"2025-12-12T07:31:23+00:00\",\"dateModified\":\"2025-12-12T07:44:35+00:00\",\"description\":\"C-BRIGHT LED vilkur Ettev\u00f5tte tooted paistavad silma oma vastupidavuse, kvaliteetsete LED-tehnoloogiate ja laia kasutusala poolest.\",\"breadcrumb\":{\"@id\":\"https:\\\/\\\/ranoja.ee\\\/toode\\\/c-bright-led-vilkur\\\/#breadcrumb\"},\"inLanguage\":\"en-US\",\"potentialAction\":[{\"@type\":\"ReadAction\",\"target\":[\"https:\\\/\\\/ranoja.ee\\\/toode\\\/c-bright-led-vilkur\\\/\"]}]},{\"@type\":\"ImageObject\",\"inLanguage\":\"en-US\",\"@id\":\"https:\\\/\\\/ranoja.ee\\\/toode\\\/c-bright-led-vilkur\\\/#primaryimage\",\"url\":\"https:\\\/\\\/ranoja.ee\\\/wp-content\\\/uploads\\\/2025\\\/12\\\/C-BRIGHT-LED-vilkur.jpg\",\"contentUrl\":\"https:\\\/\\\/ranoja.ee\\\/wp-content\\\/uploads\\\/2025\\\/12\\\/C-BRIGHT-LED-vilkur.jpg\",\"width\":400,\"height\":300,\"caption\":\"C-BRIGHT LED vilkur\"},{\"@type\":\"BreadcrumbList\",\"@id\":\"https:\\\/\\\/ranoja.ee\\\/toode\\\/c-bright-led-vilkur\\\/#breadcrumb\",\"itemListElement\":[{\"@type\":\"ListItem\",\"position\":1,\"name\":\"Home\",\"item\":\"https:\\\/\\\/ranoja.ee\\\/\"},{\"@type\":\"ListItem\",\"position\":2,\"name\":\"Shop\",\"item\":\"https:\\\/\\\/ranoja.ee\\\/en\\\/shop\\\/\"},{\"@type\":\"ListItem\",\"position\":3,\"name\":\"C-BRIGHT LED vilkur\"}]},{\"@type\":\"WebSite\",\"@id\":\"https:\\\/\\\/ranoja.ee\\\/#website\",\"url\":\"https:\\\/\\\/ranoja.ee\\\/\",\"name\":\"Ranoja\",\"description\":\"Equipment Shop WooCommerce WordPress Theme for Machine &amp; Tools\",\"publisher\":{\"@id\":\"https:\\\/\\\/ranoja.ee\\\/#organization\"},\"potentialAction\":[{\"@type\":\"SearchAction\",\"target\":{\"@type\":\"EntryPoint\",\"urlTemplate\":\"https:\\\/\\\/ranoja.ee\\\/?s={search_term_string}\"},\"query-input\":{\"@type\":\"PropertyValueSpecification\",\"valueRequired\":true,\"valueName\":\"search_term_string\"}}],\"inLanguage\":\"en-US\"},{\"@type\":\"Organization\",\"@id\":\"https:\\\/\\\/ranoja.ee\\\/#organization\",\"name\":\"Ranoja O\u00dc\",\"url\":\"https:\\\/\\\/ranoja.ee\\\/\",\"logo\":{\"@type\":\"ImageObject\",\"inLanguage\":\"en-US\",\"@id\":\"https:\\\/\\\/ranoja.ee\\\/#\\\/schema\\\/logo\\\/image\\\/\",\"url\":\"https:\\\/\\\/ranoja.ee\\\/wp-content\\\/uploads\\\/2023\\\/11\\\/ranoja-Logo.png\",\"contentUrl\":\"https:\\\/\\\/ranoja.ee\\\/wp-content\\\/uploads\\\/2023\\\/11\\\/ranoja-Logo.png\",\"width\":207,\"height\":58,\"caption\":\"Ranoja O\u00dc\"},\"image\":{\"@id\":\"https:\\\/\\\/ranoja.ee\\\/#\\\/schema\\\/logo\\\/image\\\/\"},\"sameAs\":[\"https:\\\/\\\/www.facebook.com\\\/ranoja.ee\",\"https:\\\/\\\/www.instagram.com\\\/ranoja__\\\/\"]}]}<\/script>\n<!-- \/ Yoast SEO plugin. -->","yoast_head_json":{"title":"C-BRIGHT LED vilkur","description":"C-BRIGHT LED vilkur Ettev\u00f5tte tooted paistavad silma oma vastupidavuse, kvaliteetsete LED-tehnoloogiate ja laia kasutusala poolest.","robots":{"index":"index","follow":"follow","max-snippet":"max-snippet:-1","max-image-preview":"max-image-preview:large","max-video-preview":"max-video-preview:-1"},"canonical":"https:\/\/ranoja.ee\/toode\/c-bright-led-vilkur\/","og_locale":"en_US","og_type":"article","og_title":"C-BRIGHT LED vilkur","og_description":"C-BRIGHT LED vilkur Ettev\u00f5tte tooted paistavad silma oma vastupidavuse, kvaliteetsete LED-tehnoloogiate ja laia kasutusala poolest.","og_url":"https:\/\/ranoja.ee\/toode\/c-bright-led-vilkur\/","og_site_name":"Ranoja","article_publisher":"https:\/\/www.facebook.com\/ranoja.ee","article_modified_time":"2025-12-12T07:44:35+00:00","og_image":[{"width":400,"height":300,"url":"https:\/\/ranoja.ee\/wp-content\/uploads\/2025\/12\/C-BRIGHT-LED-vilkur.jpg","type":"image\/jpeg"}],"twitter_card":"summary_large_image","twitter_misc":{"Est. reading time":"2 minutes"},"schema":{"@context":"https:\/\/schema.org","@graph":[{"@type":"WebPage","@id":"https:\/\/ranoja.ee\/toode\/c-bright-led-vilkur\/","url":"https:\/\/ranoja.ee\/toode\/c-bright-led-vilkur\/","name":"C-BRIGHT LED vilkur","isPartOf":{"@id":"https:\/\/ranoja.ee\/#website"},"primaryImageOfPage":{"@id":"https:\/\/ranoja.ee\/toode\/c-bright-led-vilkur\/#primaryimage"},"image":{"@id":"https:\/\/ranoja.ee\/toode\/c-bright-led-vilkur\/#primaryimage"},"thumbnailUrl":"https:\/\/ranoja.ee\/wp-content\/uploads\/2025\/12\/C-BRIGHT-LED-vilkur.jpg","datePublished":"2025-12-12T07:31:23+00:00","dateModified":"2025-12-12T07:44:35+00:00","description":"C-BRIGHT LED vilkur Ettev\u00f5tte tooted paistavad silma oma vastupidavuse, kvaliteetsete LED-tehnoloogiate ja laia kasutusala poolest.","breadcrumb":{"@id":"https:\/\/ranoja.ee\/toode\/c-bright-led-vilkur\/#breadcrumb"},"inLanguage":"en-US","potentialAction":[{"@type":"ReadAction","target":["https:\/\/ranoja.ee\/toode\/c-bright-led-vilkur\/"]}]},{"@type":"ImageObject","inLanguage":"en-US","@id":"https:\/\/ranoja.ee\/toode\/c-bright-led-vilkur\/#primaryimage","url":"https:\/\/ranoja.ee\/wp-content\/uploads\/2025\/12\/C-BRIGHT-LED-vilkur.jpg","contentUrl":"https:\/\/ranoja.ee\/wp-content\/uploads\/2025\/12\/C-BRIGHT-LED-vilkur.jpg","width":400,"height":300,"caption":"C-BRIGHT LED vilkur"},{"@type":"BreadcrumbList","@id":"https:\/\/ranoja.ee\/toode\/c-bright-led-vilkur\/#breadcrumb","itemListElement":[{"@type":"ListItem","position":1,"name":"Home","item":"https:\/\/ranoja.ee\/"},{"@type":"ListItem","position":2,"name":"Shop","item":"https:\/\/ranoja.ee\/en\/shop\/"},{"@type":"ListItem","position":3,"name":"C-BRIGHT LED vilkur"}]},{"@type":"WebSite","@id":"https:\/\/ranoja.ee\/#website","url":"https:\/\/ranoja.ee\/","name":"Ranoja","description":"Equipment Shop WooCommerce WordPress Theme for Machine &amp; Tools","publisher":{"@id":"https:\/\/ranoja.ee\/#organization"},"potentialAction":[{"@type":"SearchAction","target":{"@type":"EntryPoint","urlTemplate":"https:\/\/ranoja.ee\/?s={search_term_string}"},"query-input":{"@type":"PropertyValueSpecification","valueRequired":true,"valueName":"search_term_string"}}],"inLanguage":"en-US"},{"@type":"Organization","@id":"https:\/\/ranoja.ee\/#organization","name":"Ranoja O\u00dc","url":"https:\/\/ranoja.ee\/","logo":{"@type":"ImageObject","inLanguage":"en-US","@id":"https:\/\/ranoja.ee\/#\/schema\/logo\/image\/","url":"https:\/\/ranoja.ee\/wp-content\/uploads\/2023\/11\/ranoja-Logo.png","contentUrl":"https:\/\/ranoja.ee\/wp-content\/uploads\/2023\/11\/ranoja-Logo.png","width":207,"height":58,"caption":"Ranoja O\u00dc"},"image":{"@id":"https:\/\/ranoja.ee\/#\/schema\/logo\/image\/"},"sameAs":["https:\/\/www.facebook.com\/ranoja.ee","https:\/\/www.instagram.com\/ranoja__\/"]}]}},"_links":{"self":[{"href":"https:\/\/ranoja.ee\/en\/wp-json\/wp\/v2\/product\/24990","targetHints":{"allow":["GET"]}}],"collection":[{"href":"https:\/\/ranoja.ee\/en\/wp-json\/wp\/v2\/product"}],"about":[{"href":"https:\/\/ranoja.ee\/en\/wp-json\/wp\/v2\/types\/product"}],"wp:featuredmedia":[{"embeddable":true,"href":"https:\/\/ranoja.ee\/en\/wp-json\/wp\/v2\/media\/24993"}],"wp:attachment":[{"href":"https:\/\/ranoja.ee\/en\/wp-json\/wp\/v2\/media?parent=24990"}],"wp:term":[{"taxonomy":"product_cat","embeddable":true,"href":"https:\/\/ranoja.ee\/en\/wp-json\/wp\/v2\/product_cat?post=24990"},{"taxonomy":"product_tag","embeddable":true,"href":"https:\/\/ranoja.ee\/en\/wp-json\/wp\/v2\/product_tag?post=24990"}],"curies":[{"name":"wp","href":"https:\/\/api.w.org\/{rel}","templated":true}]}}