{"id":24850,"date":"2025-12-10T17:27:42","date_gmt":"2025-12-10T14:27:42","guid":{"rendered":"https:\/\/ranoja.ee\/?post_type=product&#038;p=24850"},"modified":"2025-12-12T15:50:47","modified_gmt":"2025-12-12T12:50:47","slug":"bullboy-led-tootuli-2788-lm","status":"publish","type":"product","link":"https:\/\/ranoja.ee\/en\/toode\/bullboy-led-tootuli-2788-lm\/","title":{"rendered":"BULLBOY LED t\u00f6\u00f6tuli 2788 lm"},"content":{"rendered":"<p>BULLBOY LED t\u00f6\u00f6tuli 2788 lm<\/p>\n<p>Bullboy t\u00f6\u00f6tuled on loodud professionaalseteks t\u00f6\u00f6tingimusteks, kus on vaja v\u00f5imsat, vastupidavat ja usaldusv\u00e4\u00e4rset lisavalgustust. Nende tuled on m\u00f5eldud masinatele ja s\u00f5idukitele, mis t\u00f6\u00f6tavad pimedas, halva n\u00e4htavusega v\u00f5i muidu n\u00f5udlikes keskkondades \u2013 n\u00e4iteks p\u00f5llumasinad, metsatehnika, ehitus- ja veotehnika. Bullboy tooted on tuntud oma kvaliteedi ja pika eluea poolest, pakkudes kombinatsiooni k\u00f5rgest valgusv\u00f5imsusest, madalast energiatarbimisest ja tugevast konstruktsioonist.<\/p>\n<p>T\u00f6\u00f6tuled kasutavad LED-tehnoloogiat, mis tagab eredalt valgustatud t\u00f6\u00f6ala ja \u00fchtlase valgusjaotuse. See parandab oluliselt t\u00f6\u00f6 t\u00e4psust, v\u00e4hendab vigade ohtu ja suurendab ohutust, eriti siis, kui t\u00f6\u00f6 n\u00f5uab detailidele keskendumist. LED-ide pikaealisus v\u00e4hendab hooldusvajadust ning tagab, et tuled t\u00f6\u00f6tavad stabiilselt ka pikema t\u00f6\u00f6p\u00e4eva jooksul.<\/p>\n<p>Bullboy t\u00f6\u00f6tuled on ehitatud vastu pidama karmidele tingimustele. Tugevad korpused, tavaliselt valmistatud alumiiniumist, aitavad valgustil taluda vibratsiooni, l\u00f6\u00f6ke, niiskust ja suuri temperatuurik\u00f5ikumisi. Kaitseklassid on sageli k\u00f5rged, mis t\u00e4hendab, et tuled sobivad kasutamiseks nii vihmas, lumes kui ka tolmustes oludes.<\/p>\n<p>Nende paigaldamine on lihtne ja paindlik, mis v\u00f5imaldab t\u00f6\u00f6tulesid kasutada nii t\u00e4iendava kui ka asendusvalgustusena erinevatel masinatel. Bullboy valgustid on loodud selleks, et pakkuda tugevat ja usaldusv\u00e4\u00e4rset valgust seal, kus seda k\u00f5ige rohkem vaja on \u2013 tagades kasutajale parema n\u00e4htavuse ja t\u00f5hustades kogu t\u00f6\u00f6protsessi. <\/p>\n<p>BULLBOY LED t\u00f6\u00f6tuli 2788 lm<\/p>\n","protected":false},"excerpt":{"rendered":"<p>BULLBOY LED t\u00f6\u00f6tuli 2788 lm<br \/>\nM\u00f5\u00f5tmed: 111 x 111 x 69 mm<br \/>\nT\u00fc\u00fcp: WIDE FLOOD<br \/>\nPinge: 9-36 V<br \/>\nLumenid: 2788 lm<br \/>\nLumenid m\u00f5\u00f5detud: 2400 lm<br \/>\nV\u00f5imsus: 35 W<br \/>\nVorm: Ruut<br \/>\nPistiku t\u00fc\u00fcp: 2-pin DT<br \/>\nKorpuse materjal: Alumiinium<br \/>\nL\u00e4\u00e4tse materjal: Pol\u00fckarbonaat<br \/>\nIP klassifikatsioon: IP68<br \/>\nSertifikaadid: R10, RFI\/EMC<br \/>\nKaal: 1.6 kg<br \/>\n<strong>Tarneaeg 1-7 t\u00f6\u00f6p\u00e4eva<\/strong><\/p>\n","protected":false},"featured_media":24851,"template":"","meta":{"inline_featured_image":false},"product_cat":[1116,1118],"product_tag":[2792,1003,1006,1005,1007,2483,2480,693,2791,654,2789,682],"class_list":{"0":"post-24850","1":"product","2":"type-product","3":"status-publish","4":"has-post-thumbnail","6":"product_brand-bull-boy","7":"product_cat-lisaseadmed-ehitusseadmed-led-lisatuled-cb-raadiod-lallar","8":"product_cat-tootuled","9":"product_tag-1603-300359","10":"product_tag-1605-n8k046","11":"product_tag-1605-n8k200","12":"product_tag-1605-n8k500","13":"product_tag-1605-n8k501","14":"product_tag-1605-n8k502","15":"product_tag-1605-n8k503","16":"product_tag-bullboy","17":"product_tag-bullboy-led-tootuli-2788-lm","18":"product_tag-led-tuli","19":"product_tag-too-hoiatustuli","20":"product_tag-tootuli","22":"first","23":"instock","24":"sale","25":"taxable","26":"shipping-taxable","27":"purchasable","28":"product-type-simple"},"yoast_head":"<!-- This site is optimized with the Yoast SEO plugin v27.4 - https:\/\/yoast.com\/product\/yoast-seo-wordpress\/ -->\n<title>BULLBOY LED t\u00f6\u00f6tuli 2788 lm<\/title>\n<meta name=\"description\" content=\"BULLBOY LED t\u00f6\u00f6tuli 2788 lm M\u00f5eldud raskete t\u00f6\u00f6tingimustega keskkondades kasutamiseks, kus oluline on usaldusv\u00e4\u00e4rne ja v\u00f5imas lisavalgustus\" \/>\n<meta name=\"robots\" content=\"index, follow, max-snippet:-1, max-image-preview:large, max-video-preview:-1\" \/>\n<link rel=\"canonical\" href=\"https:\/\/ranoja.ee\/toode\/bullboy-led-tootuli-2788-lm\/\" \/>\n<meta property=\"og:locale\" content=\"en_US\" \/>\n<meta property=\"og:type\" content=\"article\" \/>\n<meta property=\"og:title\" content=\"BULLBOY LED t\u00f6\u00f6tuli 2788 lm\" \/>\n<meta property=\"og:description\" content=\"BULLBOY LED t\u00f6\u00f6tuli 2788 lm M\u00f5eldud raskete t\u00f6\u00f6tingimustega keskkondades kasutamiseks, kus oluline on usaldusv\u00e4\u00e4rne ja v\u00f5imas lisavalgustus\" \/>\n<meta property=\"og:url\" content=\"https:\/\/ranoja.ee\/toode\/bullboy-led-tootuli-2788-lm\/\" \/>\n<meta property=\"og:site_name\" content=\"Ranoja\" \/>\n<meta property=\"article:publisher\" content=\"https:\/\/www.facebook.com\/ranoja.ee\" \/>\n<meta property=\"article:modified_time\" content=\"2025-12-12T12:50:47+00:00\" \/>\n<meta property=\"og:image\" content=\"https:\/\/ranoja.ee\/wp-content\/uploads\/2025\/12\/BULLBOY-LED-tootuli-2788-lm.jpg\" \/>\n\t<meta property=\"og:image:width\" content=\"800\" \/>\n\t<meta property=\"og:image:height\" content=\"600\" \/>\n\t<meta property=\"og:image:type\" content=\"image\/jpeg\" \/>\n<meta name=\"twitter:card\" content=\"summary_large_image\" \/>\n<meta name=\"twitter:label1\" content=\"Est. reading time\" \/>\n\t<meta name=\"twitter:data1\" content=\"2 minutes\" \/>\n<script type=\"application\/ld+json\" class=\"yoast-schema-graph\">{\"@context\":\"https:\\\/\\\/schema.org\",\"@graph\":[{\"@type\":\"WebPage\",\"@id\":\"https:\\\/\\\/ranoja.ee\\\/toode\\\/bullboy-led-tootuli-2788-lm\\\/\",\"url\":\"https:\\\/\\\/ranoja.ee\\\/toode\\\/bullboy-led-tootuli-2788-lm\\\/\",\"name\":\"BULLBOY LED t\u00f6\u00f6tuli 2788 lm\",\"isPartOf\":{\"@id\":\"https:\\\/\\\/ranoja.ee\\\/#website\"},\"primaryImageOfPage\":{\"@id\":\"https:\\\/\\\/ranoja.ee\\\/toode\\\/bullboy-led-tootuli-2788-lm\\\/#primaryimage\"},\"image\":{\"@id\":\"https:\\\/\\\/ranoja.ee\\\/toode\\\/bullboy-led-tootuli-2788-lm\\\/#primaryimage\"},\"thumbnailUrl\":\"https:\\\/\\\/ranoja.ee\\\/wp-content\\\/uploads\\\/2025\\\/12\\\/BULLBOY-LED-tootuli-2788-lm.jpg\",\"datePublished\":\"2025-12-10T14:27:42+00:00\",\"dateModified\":\"2025-12-12T12:50:47+00:00\",\"description\":\"BULLBOY LED t\u00f6\u00f6tuli 2788 lm M\u00f5eldud raskete t\u00f6\u00f6tingimustega keskkondades kasutamiseks, kus oluline on usaldusv\u00e4\u00e4rne ja v\u00f5imas lisavalgustus\",\"breadcrumb\":{\"@id\":\"https:\\\/\\\/ranoja.ee\\\/toode\\\/bullboy-led-tootuli-2788-lm\\\/#breadcrumb\"},\"inLanguage\":\"en-US\",\"potentialAction\":[{\"@type\":\"ReadAction\",\"target\":[\"https:\\\/\\\/ranoja.ee\\\/toode\\\/bullboy-led-tootuli-2788-lm\\\/\"]}]},{\"@type\":\"ImageObject\",\"inLanguage\":\"en-US\",\"@id\":\"https:\\\/\\\/ranoja.ee\\\/toode\\\/bullboy-led-tootuli-2788-lm\\\/#primaryimage\",\"url\":\"https:\\\/\\\/ranoja.ee\\\/wp-content\\\/uploads\\\/2025\\\/12\\\/BULLBOY-LED-tootuli-2788-lm.jpg\",\"contentUrl\":\"https:\\\/\\\/ranoja.ee\\\/wp-content\\\/uploads\\\/2025\\\/12\\\/BULLBOY-LED-tootuli-2788-lm.jpg\",\"width\":800,\"height\":600,\"caption\":\"BULLBOY LED t\u00f6\u00f6tuli 2788 lm\"},{\"@type\":\"BreadcrumbList\",\"@id\":\"https:\\\/\\\/ranoja.ee\\\/toode\\\/bullboy-led-tootuli-2788-lm\\\/#breadcrumb\",\"itemListElement\":[{\"@type\":\"ListItem\",\"position\":1,\"name\":\"Home\",\"item\":\"https:\\\/\\\/ranoja.ee\\\/\"},{\"@type\":\"ListItem\",\"position\":2,\"name\":\"Shop\",\"item\":\"https:\\\/\\\/ranoja.ee\\\/en\\\/shop\\\/\"},{\"@type\":\"ListItem\",\"position\":3,\"name\":\"BULLBOY LED t\u00f6\u00f6tuli 2788 lm\"}]},{\"@type\":\"WebSite\",\"@id\":\"https:\\\/\\\/ranoja.ee\\\/#website\",\"url\":\"https:\\\/\\\/ranoja.ee\\\/\",\"name\":\"Ranoja\",\"description\":\"Equipment Shop WooCommerce WordPress Theme for Machine &amp; Tools\",\"publisher\":{\"@id\":\"https:\\\/\\\/ranoja.ee\\\/#organization\"},\"potentialAction\":[{\"@type\":\"SearchAction\",\"target\":{\"@type\":\"EntryPoint\",\"urlTemplate\":\"https:\\\/\\\/ranoja.ee\\\/?s={search_term_string}\"},\"query-input\":{\"@type\":\"PropertyValueSpecification\",\"valueRequired\":true,\"valueName\":\"search_term_string\"}}],\"inLanguage\":\"en-US\"},{\"@type\":\"Organization\",\"@id\":\"https:\\\/\\\/ranoja.ee\\\/#organization\",\"name\":\"Ranoja O\u00dc\",\"url\":\"https:\\\/\\\/ranoja.ee\\\/\",\"logo\":{\"@type\":\"ImageObject\",\"inLanguage\":\"en-US\",\"@id\":\"https:\\\/\\\/ranoja.ee\\\/#\\\/schema\\\/logo\\\/image\\\/\",\"url\":\"https:\\\/\\\/ranoja.ee\\\/wp-content\\\/uploads\\\/2023\\\/11\\\/ranoja-Logo.png\",\"contentUrl\":\"https:\\\/\\\/ranoja.ee\\\/wp-content\\\/uploads\\\/2023\\\/11\\\/ranoja-Logo.png\",\"width\":207,\"height\":58,\"caption\":\"Ranoja O\u00dc\"},\"image\":{\"@id\":\"https:\\\/\\\/ranoja.ee\\\/#\\\/schema\\\/logo\\\/image\\\/\"},\"sameAs\":[\"https:\\\/\\\/www.facebook.com\\\/ranoja.ee\",\"https:\\\/\\\/www.instagram.com\\\/ranoja__\\\/\"]}]}<\/script>\n<!-- \/ Yoast SEO plugin. -->","yoast_head_json":{"title":"BULLBOY LED t\u00f6\u00f6tuli 2788 lm","description":"BULLBOY LED t\u00f6\u00f6tuli 2788 lm M\u00f5eldud raskete t\u00f6\u00f6tingimustega keskkondades kasutamiseks, kus oluline on usaldusv\u00e4\u00e4rne ja v\u00f5imas lisavalgustus","robots":{"index":"index","follow":"follow","max-snippet":"max-snippet:-1","max-image-preview":"max-image-preview:large","max-video-preview":"max-video-preview:-1"},"canonical":"https:\/\/ranoja.ee\/toode\/bullboy-led-tootuli-2788-lm\/","og_locale":"en_US","og_type":"article","og_title":"BULLBOY LED t\u00f6\u00f6tuli 2788 lm","og_description":"BULLBOY LED t\u00f6\u00f6tuli 2788 lm M\u00f5eldud raskete t\u00f6\u00f6tingimustega keskkondades kasutamiseks, kus oluline on usaldusv\u00e4\u00e4rne ja v\u00f5imas lisavalgustus","og_url":"https:\/\/ranoja.ee\/toode\/bullboy-led-tootuli-2788-lm\/","og_site_name":"Ranoja","article_publisher":"https:\/\/www.facebook.com\/ranoja.ee","article_modified_time":"2025-12-12T12:50:47+00:00","og_image":[{"width":800,"height":600,"url":"https:\/\/ranoja.ee\/wp-content\/uploads\/2025\/12\/BULLBOY-LED-tootuli-2788-lm.jpg","type":"image\/jpeg"}],"twitter_card":"summary_large_image","twitter_misc":{"Est. reading time":"2 minutes"},"schema":{"@context":"https:\/\/schema.org","@graph":[{"@type":"WebPage","@id":"https:\/\/ranoja.ee\/toode\/bullboy-led-tootuli-2788-lm\/","url":"https:\/\/ranoja.ee\/toode\/bullboy-led-tootuli-2788-lm\/","name":"BULLBOY LED t\u00f6\u00f6tuli 2788 lm","isPartOf":{"@id":"https:\/\/ranoja.ee\/#website"},"primaryImageOfPage":{"@id":"https:\/\/ranoja.ee\/toode\/bullboy-led-tootuli-2788-lm\/#primaryimage"},"image":{"@id":"https:\/\/ranoja.ee\/toode\/bullboy-led-tootuli-2788-lm\/#primaryimage"},"thumbnailUrl":"https:\/\/ranoja.ee\/wp-content\/uploads\/2025\/12\/BULLBOY-LED-tootuli-2788-lm.jpg","datePublished":"2025-12-10T14:27:42+00:00","dateModified":"2025-12-12T12:50:47+00:00","description":"BULLBOY LED t\u00f6\u00f6tuli 2788 lm M\u00f5eldud raskete t\u00f6\u00f6tingimustega keskkondades kasutamiseks, kus oluline on usaldusv\u00e4\u00e4rne ja v\u00f5imas lisavalgustus","breadcrumb":{"@id":"https:\/\/ranoja.ee\/toode\/bullboy-led-tootuli-2788-lm\/#breadcrumb"},"inLanguage":"en-US","potentialAction":[{"@type":"ReadAction","target":["https:\/\/ranoja.ee\/toode\/bullboy-led-tootuli-2788-lm\/"]}]},{"@type":"ImageObject","inLanguage":"en-US","@id":"https:\/\/ranoja.ee\/toode\/bullboy-led-tootuli-2788-lm\/#primaryimage","url":"https:\/\/ranoja.ee\/wp-content\/uploads\/2025\/12\/BULLBOY-LED-tootuli-2788-lm.jpg","contentUrl":"https:\/\/ranoja.ee\/wp-content\/uploads\/2025\/12\/BULLBOY-LED-tootuli-2788-lm.jpg","width":800,"height":600,"caption":"BULLBOY LED t\u00f6\u00f6tuli 2788 lm"},{"@type":"BreadcrumbList","@id":"https:\/\/ranoja.ee\/toode\/bullboy-led-tootuli-2788-lm\/#breadcrumb","itemListElement":[{"@type":"ListItem","position":1,"name":"Home","item":"https:\/\/ranoja.ee\/"},{"@type":"ListItem","position":2,"name":"Shop","item":"https:\/\/ranoja.ee\/en\/shop\/"},{"@type":"ListItem","position":3,"name":"BULLBOY LED t\u00f6\u00f6tuli 2788 lm"}]},{"@type":"WebSite","@id":"https:\/\/ranoja.ee\/#website","url":"https:\/\/ranoja.ee\/","name":"Ranoja","description":"Equipment Shop WooCommerce WordPress Theme for Machine &amp; Tools","publisher":{"@id":"https:\/\/ranoja.ee\/#organization"},"potentialAction":[{"@type":"SearchAction","target":{"@type":"EntryPoint","urlTemplate":"https:\/\/ranoja.ee\/?s={search_term_string}"},"query-input":{"@type":"PropertyValueSpecification","valueRequired":true,"valueName":"search_term_string"}}],"inLanguage":"en-US"},{"@type":"Organization","@id":"https:\/\/ranoja.ee\/#organization","name":"Ranoja O\u00dc","url":"https:\/\/ranoja.ee\/","logo":{"@type":"ImageObject","inLanguage":"en-US","@id":"https:\/\/ranoja.ee\/#\/schema\/logo\/image\/","url":"https:\/\/ranoja.ee\/wp-content\/uploads\/2023\/11\/ranoja-Logo.png","contentUrl":"https:\/\/ranoja.ee\/wp-content\/uploads\/2023\/11\/ranoja-Logo.png","width":207,"height":58,"caption":"Ranoja O\u00dc"},"image":{"@id":"https:\/\/ranoja.ee\/#\/schema\/logo\/image\/"},"sameAs":["https:\/\/www.facebook.com\/ranoja.ee","https:\/\/www.instagram.com\/ranoja__\/"]}]}},"_links":{"self":[{"href":"https:\/\/ranoja.ee\/en\/wp-json\/wp\/v2\/product\/24850","targetHints":{"allow":["GET"]}}],"collection":[{"href":"https:\/\/ranoja.ee\/en\/wp-json\/wp\/v2\/product"}],"about":[{"href":"https:\/\/ranoja.ee\/en\/wp-json\/wp\/v2\/types\/product"}],"wp:featuredmedia":[{"embeddable":true,"href":"https:\/\/ranoja.ee\/en\/wp-json\/wp\/v2\/media\/24851"}],"wp:attachment":[{"href":"https:\/\/ranoja.ee\/en\/wp-json\/wp\/v2\/media?parent=24850"}],"wp:term":[{"taxonomy":"product_cat","embeddable":true,"href":"https:\/\/ranoja.ee\/en\/wp-json\/wp\/v2\/product_cat?post=24850"},{"taxonomy":"product_tag","embeddable":true,"href":"https:\/\/ranoja.ee\/en\/wp-json\/wp\/v2\/product_tag?post=24850"}],"curies":[{"name":"wp","href":"https:\/\/api.w.org\/{rel}","templated":true}]}}