{"id":24722,"date":"2025-12-09T17:55:25","date_gmt":"2025-12-09T14:55:25","guid":{"rendered":"https:\/\/ranoja.ee\/?post_type=product&#038;p=24722"},"modified":"2025-12-12T15:50:48","modified_gmt":"2025-12-12T12:50:48","slug":"bullpro-spectrum-ellipse-24-tootuli","status":"publish","type":"product","link":"https:\/\/ranoja.ee\/en\/toode\/bullpro-spectrum-ellipse-24-tootuli\/","title":{"rendered":"BULLPRO SPECTRUM ELLIPSE 24 t\u00f6\u00f6tuli"},"content":{"rendered":"<p>BULLPRO SPECTRUM ELLIPSE 24 t\u00f6\u00f6tuli<\/p>\n<p>BULLPRO t\u00f6\u00f6tuled on professionaalseks kasutuseks loodud tugevad ja t\u00f6\u00f6kindlad LED-valgustid, mis on m\u00f5eldud pakkuma maksimaalset n\u00e4htavust erinevates t\u00f6\u00f6olukordades. Need tuled on v\u00e4lja arendatud kasutaja vajadusi silmas pidades. \u00dchendades endas k\u00f5rge valgusv\u00f5imsuse, vastupidava konstruktsiooni ja energias\u00e4\u00e4stliku tehnoloogia. BULLPRO eesm\u00e4rk on tagada hea n\u00e4htavus nii pimedas, halva ilmaga kui ka tolmustes v\u00f5i muidu keerulistes tingimustes, kus tavaline valgustus v\u00f5ib h\u00e4tta j\u00e4\u00e4da.<\/p>\n<p>T\u00f6\u00f6tulede LED-tehnoloogia tagab \u00fchtlase valgusjaotuse ja pika kasutusea, mis v\u00e4hendab hooldusvajadust ning tagab stabiilse t\u00f6\u00f6 ka pikaajalisel koormusel. V\u00f5imsad LED-elemendid loovad laia ja \u00fchtlase valgusvihku, mis aitab selgelt valgustada t\u00f6\u00f6ala, masina \u00fcmbrust v\u00f5i liikumisteid. See parandab nii t\u00f6\u00f6 t\u00e4psust kui ka ohutust, eriti olukordades, kus n\u00e4htavus on operatsiooni edukuse ja ohutuse seisukohalt kriitiline.<\/p>\n<p>BULLPRO tuled on ehitatud vastu pidama karmile t\u00f6\u00f6koormusele. Valgustid on tavaliselt valmistatud survet valatud alumiiniumkorpusest, mis tagab nii j\u00e4ikuse kui ka hea soojuse hajutamise. Tugev korpus talub vibratsiooni, l\u00f6\u00f6ke, niiskust ja \u00e4\u00e4rmuslikke temperatuure, mis teeb need sobivaks traktoritele, ekskavaatoritele, veokitele, metsamasinatele ja muudele raskeveokitele. Enamasti on valgustid varustatud ka kahjustusi ennetavate elementidega, n\u00e4iteks kriimustuskindla klaasi v\u00f5i lisakaitsetega.<\/p>\n<p>BULLPRO SPECTRUM ELLIPSE 24 t\u00f6\u00f6tuli<\/p>\n","protected":false},"excerpt":{"rendered":"<p>BULLPRO SPECTRUM ELLIPSE 24 t\u00f6\u00f6tuli<br \/>\nM\u00f5\u00f5tmed: 75 x 68 x 41 mm<br \/>\nPinge: 9-32 V<br \/>\nVoolutarve: 1.67 A ja 13.7 V<br \/>\nLumenid: 3600 lm<br \/>\nLumenid m\u00f5\u00f5detud: 2650 lm<br \/>\nVorm: Ovaalne<br \/>\nV\u00f5ib kasutada tagurdustulena<br \/>\nV\u00e4rvitemperatuur: 5000 K<br \/>\nPistiku t\u00fc\u00fcp: 2-pin DT<br \/>\nIP klassifikatsioon: IP68<br \/>\nSertifikaadid: R23, R10<br \/>\nMudeli nimi: SPECTRUM ELLIPSE 24<br \/>\nKaal: 0.460 kg<br \/>\n<strong>Tarneaeg 1-7 t\u00f6\u00f6p\u00e4eva<\/strong><\/p>\n","protected":false},"featured_media":24727,"template":"","meta":{"inline_featured_image":false},"product_cat":[1116,1118],"product_tag":[2742,1006,2546,2547,1005,1007,2483,2480,2481,681,2740,654,2741,682],"class_list":{"0":"post-24722","1":"product","2":"type-product","3":"status-publish","4":"has-post-thumbnail","6":"product_brand-bullpro","7":"product_cat-lisaseadmed-ehitusseadmed-led-lisatuled-cb-raadiod-lallar","8":"product_cat-tootuled","9":"product_tag-1603-300230","10":"product_tag-1605-n8k200","11":"product_tag-1605-n8k203","12":"product_tag-1605-n8k204","13":"product_tag-1605-n8k500","14":"product_tag-1605-n8k501","15":"product_tag-1605-n8k502","16":"product_tag-1605-n8k503","17":"product_tag-1605-n8k800","18":"product_tag-bullpro","19":"product_tag-bullpro-spectrum-ellipse-24","20":"product_tag-led-tuli","21":"product_tag-spectrum-ellipse-24","22":"product_tag-tootuli","24":"first","25":"instock","26":"sale","27":"taxable","28":"shipping-taxable","29":"purchasable","30":"product-type-simple"},"yoast_head":"<!-- This site is optimized with the Yoast SEO plugin v27.4 - https:\/\/yoast.com\/product\/yoast-seo-wordpress\/ -->\n<title>BULLPRO SPECTRUM ELLIPSE 24 t\u00f6\u00f6tuli<\/title>\n<meta name=\"description\" content=\"BULLPRO SPECTRUM ELLIPSE 24 t\u00f6\u00f6tuli T\u00e4iuslik lai valgusvihk t\u00f6\u00f6tab suurep\u00e4raselt nii tagurdustulena kui ka aktiivse t\u00f6\u00f6piirkonna valgustamisel.\" \/>\n<meta name=\"robots\" content=\"index, follow, max-snippet:-1, max-image-preview:large, max-video-preview:-1\" \/>\n<link rel=\"canonical\" href=\"https:\/\/ranoja.ee\/toode\/bullpro-spectrum-ellipse-24-tootuli\/\" \/>\n<meta property=\"og:locale\" content=\"en_US\" \/>\n<meta property=\"og:type\" content=\"article\" \/>\n<meta property=\"og:title\" content=\"BULLPRO SPECTRUM ELLIPSE 24 t\u00f6\u00f6tuli\" \/>\n<meta property=\"og:description\" content=\"BULLPRO SPECTRUM ELLIPSE 24 t\u00f6\u00f6tuli T\u00e4iuslik lai valgusvihk t\u00f6\u00f6tab suurep\u00e4raselt nii tagurdustulena kui ka aktiivse t\u00f6\u00f6piirkonna valgustamisel.\" \/>\n<meta property=\"og:url\" content=\"https:\/\/ranoja.ee\/toode\/bullpro-spectrum-ellipse-24-tootuli\/\" \/>\n<meta property=\"og:site_name\" content=\"Ranoja\" \/>\n<meta property=\"article:publisher\" content=\"https:\/\/www.facebook.com\/ranoja.ee\" \/>\n<meta property=\"article:modified_time\" content=\"2025-12-12T12:50:48+00:00\" \/>\n<meta property=\"og:image\" content=\"https:\/\/ranoja.ee\/wp-content\/uploads\/2025\/12\/BULLPRO-SPECTRUM-ELLIPSE-24-tootuli.jpg\" \/>\n\t<meta property=\"og:image:width\" content=\"800\" \/>\n\t<meta property=\"og:image:height\" content=\"600\" \/>\n\t<meta property=\"og:image:type\" content=\"image\/jpeg\" \/>\n<meta name=\"twitter:card\" content=\"summary_large_image\" \/>\n<meta name=\"twitter:label1\" content=\"Est. reading time\" \/>\n\t<meta name=\"twitter:data1\" content=\"2 minutes\" \/>\n<script type=\"application\/ld+json\" class=\"yoast-schema-graph\">{\"@context\":\"https:\\\/\\\/schema.org\",\"@graph\":[{\"@type\":\"WebPage\",\"@id\":\"https:\\\/\\\/ranoja.ee\\\/toode\\\/bullpro-spectrum-ellipse-24-tootuli\\\/\",\"url\":\"https:\\\/\\\/ranoja.ee\\\/toode\\\/bullpro-spectrum-ellipse-24-tootuli\\\/\",\"name\":\"BULLPRO SPECTRUM ELLIPSE 24 t\u00f6\u00f6tuli\",\"isPartOf\":{\"@id\":\"https:\\\/\\\/ranoja.ee\\\/#website\"},\"primaryImageOfPage\":{\"@id\":\"https:\\\/\\\/ranoja.ee\\\/toode\\\/bullpro-spectrum-ellipse-24-tootuli\\\/#primaryimage\"},\"image\":{\"@id\":\"https:\\\/\\\/ranoja.ee\\\/toode\\\/bullpro-spectrum-ellipse-24-tootuli\\\/#primaryimage\"},\"thumbnailUrl\":\"https:\\\/\\\/ranoja.ee\\\/wp-content\\\/uploads\\\/2025\\\/12\\\/BULLPRO-SPECTRUM-ELLIPSE-24-tootuli.jpg\",\"datePublished\":\"2025-12-09T14:55:25+00:00\",\"dateModified\":\"2025-12-12T12:50:48+00:00\",\"description\":\"BULLPRO SPECTRUM ELLIPSE 24 t\u00f6\u00f6tuli T\u00e4iuslik lai valgusvihk t\u00f6\u00f6tab suurep\u00e4raselt nii tagurdustulena kui ka aktiivse t\u00f6\u00f6piirkonna valgustamisel.\",\"breadcrumb\":{\"@id\":\"https:\\\/\\\/ranoja.ee\\\/toode\\\/bullpro-spectrum-ellipse-24-tootuli\\\/#breadcrumb\"},\"inLanguage\":\"en-US\",\"potentialAction\":[{\"@type\":\"ReadAction\",\"target\":[\"https:\\\/\\\/ranoja.ee\\\/toode\\\/bullpro-spectrum-ellipse-24-tootuli\\\/\"]}]},{\"@type\":\"ImageObject\",\"inLanguage\":\"en-US\",\"@id\":\"https:\\\/\\\/ranoja.ee\\\/toode\\\/bullpro-spectrum-ellipse-24-tootuli\\\/#primaryimage\",\"url\":\"https:\\\/\\\/ranoja.ee\\\/wp-content\\\/uploads\\\/2025\\\/12\\\/BULLPRO-SPECTRUM-ELLIPSE-24-tootuli.jpg\",\"contentUrl\":\"https:\\\/\\\/ranoja.ee\\\/wp-content\\\/uploads\\\/2025\\\/12\\\/BULLPRO-SPECTRUM-ELLIPSE-24-tootuli.jpg\",\"width\":800,\"height\":600,\"caption\":\"BULLPRO SPECTRUM ELLIPSE 24 t\u00f6\u00f6tuli\"},{\"@type\":\"BreadcrumbList\",\"@id\":\"https:\\\/\\\/ranoja.ee\\\/toode\\\/bullpro-spectrum-ellipse-24-tootuli\\\/#breadcrumb\",\"itemListElement\":[{\"@type\":\"ListItem\",\"position\":1,\"name\":\"Home\",\"item\":\"https:\\\/\\\/ranoja.ee\\\/\"},{\"@type\":\"ListItem\",\"position\":2,\"name\":\"Shop\",\"item\":\"https:\\\/\\\/ranoja.ee\\\/en\\\/shop\\\/\"},{\"@type\":\"ListItem\",\"position\":3,\"name\":\"BULLPRO SPECTRUM ELLIPSE 24 t\u00f6\u00f6tuli\"}]},{\"@type\":\"WebSite\",\"@id\":\"https:\\\/\\\/ranoja.ee\\\/#website\",\"url\":\"https:\\\/\\\/ranoja.ee\\\/\",\"name\":\"Ranoja\",\"description\":\"Equipment Shop WooCommerce WordPress Theme for Machine &amp; Tools\",\"publisher\":{\"@id\":\"https:\\\/\\\/ranoja.ee\\\/#organization\"},\"potentialAction\":[{\"@type\":\"SearchAction\",\"target\":{\"@type\":\"EntryPoint\",\"urlTemplate\":\"https:\\\/\\\/ranoja.ee\\\/?s={search_term_string}\"},\"query-input\":{\"@type\":\"PropertyValueSpecification\",\"valueRequired\":true,\"valueName\":\"search_term_string\"}}],\"inLanguage\":\"en-US\"},{\"@type\":\"Organization\",\"@id\":\"https:\\\/\\\/ranoja.ee\\\/#organization\",\"name\":\"Ranoja O\u00dc\",\"url\":\"https:\\\/\\\/ranoja.ee\\\/\",\"logo\":{\"@type\":\"ImageObject\",\"inLanguage\":\"en-US\",\"@id\":\"https:\\\/\\\/ranoja.ee\\\/#\\\/schema\\\/logo\\\/image\\\/\",\"url\":\"https:\\\/\\\/ranoja.ee\\\/wp-content\\\/uploads\\\/2023\\\/11\\\/ranoja-Logo.png\",\"contentUrl\":\"https:\\\/\\\/ranoja.ee\\\/wp-content\\\/uploads\\\/2023\\\/11\\\/ranoja-Logo.png\",\"width\":207,\"height\":58,\"caption\":\"Ranoja O\u00dc\"},\"image\":{\"@id\":\"https:\\\/\\\/ranoja.ee\\\/#\\\/schema\\\/logo\\\/image\\\/\"},\"sameAs\":[\"https:\\\/\\\/www.facebook.com\\\/ranoja.ee\",\"https:\\\/\\\/www.instagram.com\\\/ranoja__\\\/\"]}]}<\/script>\n<!-- \/ Yoast SEO plugin. -->","yoast_head_json":{"title":"BULLPRO SPECTRUM ELLIPSE 24 t\u00f6\u00f6tuli","description":"BULLPRO SPECTRUM ELLIPSE 24 t\u00f6\u00f6tuli T\u00e4iuslik lai valgusvihk t\u00f6\u00f6tab suurep\u00e4raselt nii tagurdustulena kui ka aktiivse t\u00f6\u00f6piirkonna valgustamisel.","robots":{"index":"index","follow":"follow","max-snippet":"max-snippet:-1","max-image-preview":"max-image-preview:large","max-video-preview":"max-video-preview:-1"},"canonical":"https:\/\/ranoja.ee\/toode\/bullpro-spectrum-ellipse-24-tootuli\/","og_locale":"en_US","og_type":"article","og_title":"BULLPRO SPECTRUM ELLIPSE 24 t\u00f6\u00f6tuli","og_description":"BULLPRO SPECTRUM ELLIPSE 24 t\u00f6\u00f6tuli T\u00e4iuslik lai valgusvihk t\u00f6\u00f6tab suurep\u00e4raselt nii tagurdustulena kui ka aktiivse t\u00f6\u00f6piirkonna valgustamisel.","og_url":"https:\/\/ranoja.ee\/toode\/bullpro-spectrum-ellipse-24-tootuli\/","og_site_name":"Ranoja","article_publisher":"https:\/\/www.facebook.com\/ranoja.ee","article_modified_time":"2025-12-12T12:50:48+00:00","og_image":[{"width":800,"height":600,"url":"https:\/\/ranoja.ee\/wp-content\/uploads\/2025\/12\/BULLPRO-SPECTRUM-ELLIPSE-24-tootuli.jpg","type":"image\/jpeg"}],"twitter_card":"summary_large_image","twitter_misc":{"Est. reading time":"2 minutes"},"schema":{"@context":"https:\/\/schema.org","@graph":[{"@type":"WebPage","@id":"https:\/\/ranoja.ee\/toode\/bullpro-spectrum-ellipse-24-tootuli\/","url":"https:\/\/ranoja.ee\/toode\/bullpro-spectrum-ellipse-24-tootuli\/","name":"BULLPRO SPECTRUM ELLIPSE 24 t\u00f6\u00f6tuli","isPartOf":{"@id":"https:\/\/ranoja.ee\/#website"},"primaryImageOfPage":{"@id":"https:\/\/ranoja.ee\/toode\/bullpro-spectrum-ellipse-24-tootuli\/#primaryimage"},"image":{"@id":"https:\/\/ranoja.ee\/toode\/bullpro-spectrum-ellipse-24-tootuli\/#primaryimage"},"thumbnailUrl":"https:\/\/ranoja.ee\/wp-content\/uploads\/2025\/12\/BULLPRO-SPECTRUM-ELLIPSE-24-tootuli.jpg","datePublished":"2025-12-09T14:55:25+00:00","dateModified":"2025-12-12T12:50:48+00:00","description":"BULLPRO SPECTRUM ELLIPSE 24 t\u00f6\u00f6tuli T\u00e4iuslik lai valgusvihk t\u00f6\u00f6tab suurep\u00e4raselt nii tagurdustulena kui ka aktiivse t\u00f6\u00f6piirkonna valgustamisel.","breadcrumb":{"@id":"https:\/\/ranoja.ee\/toode\/bullpro-spectrum-ellipse-24-tootuli\/#breadcrumb"},"inLanguage":"en-US","potentialAction":[{"@type":"ReadAction","target":["https:\/\/ranoja.ee\/toode\/bullpro-spectrum-ellipse-24-tootuli\/"]}]},{"@type":"ImageObject","inLanguage":"en-US","@id":"https:\/\/ranoja.ee\/toode\/bullpro-spectrum-ellipse-24-tootuli\/#primaryimage","url":"https:\/\/ranoja.ee\/wp-content\/uploads\/2025\/12\/BULLPRO-SPECTRUM-ELLIPSE-24-tootuli.jpg","contentUrl":"https:\/\/ranoja.ee\/wp-content\/uploads\/2025\/12\/BULLPRO-SPECTRUM-ELLIPSE-24-tootuli.jpg","width":800,"height":600,"caption":"BULLPRO SPECTRUM ELLIPSE 24 t\u00f6\u00f6tuli"},{"@type":"BreadcrumbList","@id":"https:\/\/ranoja.ee\/toode\/bullpro-spectrum-ellipse-24-tootuli\/#breadcrumb","itemListElement":[{"@type":"ListItem","position":1,"name":"Home","item":"https:\/\/ranoja.ee\/"},{"@type":"ListItem","position":2,"name":"Shop","item":"https:\/\/ranoja.ee\/en\/shop\/"},{"@type":"ListItem","position":3,"name":"BULLPRO SPECTRUM ELLIPSE 24 t\u00f6\u00f6tuli"}]},{"@type":"WebSite","@id":"https:\/\/ranoja.ee\/#website","url":"https:\/\/ranoja.ee\/","name":"Ranoja","description":"Equipment Shop WooCommerce WordPress Theme for Machine &amp; Tools","publisher":{"@id":"https:\/\/ranoja.ee\/#organization"},"potentialAction":[{"@type":"SearchAction","target":{"@type":"EntryPoint","urlTemplate":"https:\/\/ranoja.ee\/?s={search_term_string}"},"query-input":{"@type":"PropertyValueSpecification","valueRequired":true,"valueName":"search_term_string"}}],"inLanguage":"en-US"},{"@type":"Organization","@id":"https:\/\/ranoja.ee\/#organization","name":"Ranoja O\u00dc","url":"https:\/\/ranoja.ee\/","logo":{"@type":"ImageObject","inLanguage":"en-US","@id":"https:\/\/ranoja.ee\/#\/schema\/logo\/image\/","url":"https:\/\/ranoja.ee\/wp-content\/uploads\/2023\/11\/ranoja-Logo.png","contentUrl":"https:\/\/ranoja.ee\/wp-content\/uploads\/2023\/11\/ranoja-Logo.png","width":207,"height":58,"caption":"Ranoja O\u00dc"},"image":{"@id":"https:\/\/ranoja.ee\/#\/schema\/logo\/image\/"},"sameAs":["https:\/\/www.facebook.com\/ranoja.ee","https:\/\/www.instagram.com\/ranoja__\/"]}]}},"_links":{"self":[{"href":"https:\/\/ranoja.ee\/en\/wp-json\/wp\/v2\/product\/24722","targetHints":{"allow":["GET"]}}],"collection":[{"href":"https:\/\/ranoja.ee\/en\/wp-json\/wp\/v2\/product"}],"about":[{"href":"https:\/\/ranoja.ee\/en\/wp-json\/wp\/v2\/types\/product"}],"wp:featuredmedia":[{"embeddable":true,"href":"https:\/\/ranoja.ee\/en\/wp-json\/wp\/v2\/media\/24727"}],"wp:attachment":[{"href":"https:\/\/ranoja.ee\/en\/wp-json\/wp\/v2\/media?parent=24722"}],"wp:term":[{"taxonomy":"product_cat","embeddable":true,"href":"https:\/\/ranoja.ee\/en\/wp-json\/wp\/v2\/product_cat?post=24722"},{"taxonomy":"product_tag","embeddable":true,"href":"https:\/\/ranoja.ee\/en\/wp-json\/wp\/v2\/product_tag?post=24722"}],"curies":[{"name":"wp","href":"https:\/\/api.w.org\/{rel}","templated":true}]}}