{"id":24457,"date":"2025-12-03T14:19:36","date_gmt":"2025-12-03T11:19:36","guid":{"rendered":"https:\/\/ranoja.ee\/?post_type=product&#038;p=24457"},"modified":"2025-12-12T15:50:50","modified_gmt":"2025-12-12T12:50:50","slug":"bullboy-agriline-sinise-valgusega-led-tootuled-6800-lm","status":"publish","type":"product","link":"https:\/\/ranoja.ee\/en\/toode\/bullboy-agriline-sinise-valgusega-led-tootuled-6800-lm\/","title":{"rendered":"BULLBOY AGRILINE sinise valgusega LED t\u00f6\u00f6tuled 6800 lm"},"content":{"rendered":"<p>BULLBOY AGRILINE sinise valgusega LED t\u00f6\u00f6tuled 6800 lm <\/p>\n<p>Bullboy Agriline sinine LED-tuli on loodud eelk\u00f5ige ohutuse suurendamiseks p\u00f5llumajanduses ja t\u00f6\u00f6stuses, kus masinad t\u00f6\u00f6tavad inimeste vahetus l\u00e4heduses. Tegemist ei ole tavalise t\u00f6\u00f6- v\u00f5i s\u00f5idutulega, vaid hoiatus- ja m\u00e4rgutulega, mille eesm\u00e4rk on selgelt n\u00e4idata masina liikumisteid, ohutsooni v\u00f5i potentsiaalselt ohtlikku ala. Seda t\u00fc\u00fcpi siniseid tulesid kasutatakse \u00fcha rohkem. N\u00e4iteks t\u00f5stukitel, laaduritel, ekskavaatoritel ja traktoritel, et projitseerida maapinnale silmatorkav valgusm\u00e4rk v\u00f5i tagada visuaalne hoiatus teistele t\u00f6\u00f6tajatele.<\/p>\n<p>Sinine LED-tuli loob t\u00e4pselt eristuva valgusala, mis aitab inimestel m\u00e4rgata l\u00e4henemat masinat juba enne, kui nad seda kuulevad v\u00f5i n\u00e4evad. Seda kasutatakse sageli ka \u201cspot light\u201d ehk ohutusalalambina, mis tekitab maa peale selge valgusjoone v\u00f5i -laigu. See annab t\u00f6\u00f6tajatele visuaalse piiri, millest ei tohi \u00fcle astuda, kui masin on liikumises v\u00f5i t\u00f6\u00f6tab. Selline lahendus on eriti levinud laotes ja t\u00f6\u00f6stusruumides, kus valgustingimused v\u00f5ivad olla kehvad ning masinatega t\u00f6\u00f6tavad inimesed peavad tajuma ohupiirkondi kiiresti ja t\u00e4pselt.<\/p>\n<p>P\u00f5llumajandusmasinate puhul aitab sinine hoiatustuli parandada n\u00e4htavust pimedas, tolmuses v\u00f5i uduses keskkonnas. Kus traditsioonilised valgustid ei pruugi olla piisavalt t\u00e4helepanu \u00e4ratavad. Tuli t\u00f6\u00f6tab ka masina tagurdamisel v\u00f5i p\u00f6\u00f6ramisel, markeerides teed keeruliste man\u00f6\u00f6vrite ajal.<\/p>\n<p>BULLBOY AGRILINE sinise valgusega LED t\u00f6\u00f6tuled 6800 lm <\/p>\n","protected":false},"excerpt":{"rendered":"<p>BULLBOY AGRILINE sinise valgusega LED t\u00f6\u00f6tuled 6800 lm<br \/>\nLaia valgusvihuga t\u00f6\u00f6tuli, mis n\u00e4iteks sobib pihustatava ala valgustamiseks p\u00f5llut\u00f6\u00f6del<br \/>\nM\u00f5\u00f5tmed: 85 x 85 x 38 mm<br \/>\nPinge: 10-30 V<br \/>\nV\u00f5imsus: 12 W<br \/>\nKorpuse materjal: Alumiinium<br \/>\nL\u00e4\u00e4tse materjal: Pol\u00fckarbonaat<br \/>\nTule kinnitus: Roostevabast terasest<br \/>\nIP klassifikatsioon: IP67<br \/>\nKaal: 1.53 kg<br \/>\n<strong>Tarneaeg 1-7 t\u00f6\u00f6p\u00e4eva<\/strong><\/p>\n","protected":false},"featured_media":24440,"template":"","meta":{"inline_featured_image":false},"product_cat":[1116,1118],"product_tag":[2662,2477,2672,654,682],"class_list":{"0":"post-24457","1":"product","2":"type-product","3":"status-publish","4":"has-post-thumbnail","6":"product_brand-bullboy-agriline","7":"product_cat-lisaseadmed-ehitusseadmed-led-lisatuled-cb-raadiod-lallar","8":"product_cat-tootuled","9":"product_tag-1603-300285","10":"product_tag-bullboy-agriline","11":"product_tag-bullboy-agriline-sinise-valgusega-led-tootuled-6800-lm","12":"product_tag-led-tuli","13":"product_tag-tootuli","15":"first","16":"instock","17":"sale","18":"taxable","19":"shipping-taxable","20":"purchasable","21":"product-type-simple"},"yoast_head":"<!-- This site is optimized with the Yoast SEO plugin v27.4 - https:\/\/yoast.com\/product\/yoast-seo-wordpress\/ -->\n<title>BULLBOY AGRILINE sinise valgusega LED t\u00f6\u00f6tuled 6800 lm<\/title>\n<meta name=\"description\" content=\"BULLBOY AGRILINE sinise valgusega LED t\u00f6\u00f6tuled 6800 lm Laia valgusvihuga t\u00f6\u00f6tuli, mis n\u00e4iteks sobib pihustatava ala valgustamiseks p\u00f5llut\u00f6\u00f6del.\" \/>\n<meta name=\"robots\" content=\"index, follow, max-snippet:-1, max-image-preview:large, max-video-preview:-1\" \/>\n<link rel=\"canonical\" href=\"https:\/\/ranoja.ee\/toode\/bullboy-agriline-sinise-valgusega-led-tootuled-6800-lm\/\" \/>\n<meta property=\"og:locale\" content=\"en_US\" \/>\n<meta property=\"og:type\" content=\"article\" \/>\n<meta property=\"og:title\" content=\"BULLBOY AGRILINE sinise valgusega LED t\u00f6\u00f6tuled 6800 lm\" \/>\n<meta property=\"og:description\" content=\"BULLBOY AGRILINE sinise valgusega LED t\u00f6\u00f6tuled 6800 lm Laia valgusvihuga t\u00f6\u00f6tuli, mis n\u00e4iteks sobib pihustatava ala valgustamiseks p\u00f5llut\u00f6\u00f6del.\" \/>\n<meta property=\"og:url\" content=\"https:\/\/ranoja.ee\/toode\/bullboy-agriline-sinise-valgusega-led-tootuled-6800-lm\/\" \/>\n<meta property=\"og:site_name\" content=\"Ranoja\" \/>\n<meta property=\"article:publisher\" content=\"https:\/\/www.facebook.com\/ranoja.ee\" \/>\n<meta property=\"article:modified_time\" content=\"2025-12-12T12:50:50+00:00\" \/>\n<meta property=\"og:image\" content=\"https:\/\/ranoja.ee\/wp-content\/uploads\/2025\/12\/BULLBOY-AGRILINE-sinise-valgusega-LED-tootulede-komplekt.jpg\" \/>\n\t<meta property=\"og:image:width\" content=\"400\" \/>\n\t<meta property=\"og:image:height\" content=\"300\" \/>\n\t<meta property=\"og:image:type\" content=\"image\/jpeg\" \/>\n<meta name=\"twitter:card\" content=\"summary_large_image\" \/>\n<meta name=\"twitter:label1\" content=\"Est. reading time\" \/>\n\t<meta name=\"twitter:data1\" content=\"2 minutes\" \/>\n<script type=\"application\/ld+json\" class=\"yoast-schema-graph\">{\"@context\":\"https:\\\/\\\/schema.org\",\"@graph\":[{\"@type\":\"WebPage\",\"@id\":\"https:\\\/\\\/ranoja.ee\\\/toode\\\/bullboy-agriline-sinise-valgusega-led-tootuled-6800-lm\\\/\",\"url\":\"https:\\\/\\\/ranoja.ee\\\/toode\\\/bullboy-agriline-sinise-valgusega-led-tootuled-6800-lm\\\/\",\"name\":\"BULLBOY AGRILINE sinise valgusega LED t\u00f6\u00f6tuled 6800 lm\",\"isPartOf\":{\"@id\":\"https:\\\/\\\/ranoja.ee\\\/#website\"},\"primaryImageOfPage\":{\"@id\":\"https:\\\/\\\/ranoja.ee\\\/toode\\\/bullboy-agriline-sinise-valgusega-led-tootuled-6800-lm\\\/#primaryimage\"},\"image\":{\"@id\":\"https:\\\/\\\/ranoja.ee\\\/toode\\\/bullboy-agriline-sinise-valgusega-led-tootuled-6800-lm\\\/#primaryimage\"},\"thumbnailUrl\":\"https:\\\/\\\/ranoja.ee\\\/wp-content\\\/uploads\\\/2025\\\/12\\\/BULLBOY-AGRILINE-sinise-valgusega-LED-tootulede-komplekt.jpg\",\"datePublished\":\"2025-12-03T11:19:36+00:00\",\"dateModified\":\"2025-12-12T12:50:50+00:00\",\"description\":\"BULLBOY AGRILINE sinise valgusega LED t\u00f6\u00f6tuled 6800 lm Laia valgusvihuga t\u00f6\u00f6tuli, mis n\u00e4iteks sobib pihustatava ala valgustamiseks p\u00f5llut\u00f6\u00f6del.\",\"breadcrumb\":{\"@id\":\"https:\\\/\\\/ranoja.ee\\\/toode\\\/bullboy-agriline-sinise-valgusega-led-tootuled-6800-lm\\\/#breadcrumb\"},\"inLanguage\":\"en-US\",\"potentialAction\":[{\"@type\":\"ReadAction\",\"target\":[\"https:\\\/\\\/ranoja.ee\\\/toode\\\/bullboy-agriline-sinise-valgusega-led-tootuled-6800-lm\\\/\"]}]},{\"@type\":\"ImageObject\",\"inLanguage\":\"en-US\",\"@id\":\"https:\\\/\\\/ranoja.ee\\\/toode\\\/bullboy-agriline-sinise-valgusega-led-tootuled-6800-lm\\\/#primaryimage\",\"url\":\"https:\\\/\\\/ranoja.ee\\\/wp-content\\\/uploads\\\/2025\\\/12\\\/BULLBOY-AGRILINE-sinise-valgusega-LED-tootulede-komplekt.jpg\",\"contentUrl\":\"https:\\\/\\\/ranoja.ee\\\/wp-content\\\/uploads\\\/2025\\\/12\\\/BULLBOY-AGRILINE-sinise-valgusega-LED-tootulede-komplekt.jpg\",\"width\":400,\"height\":300,\"caption\":\"BULLBOY AGRILINE sinise valgusega LED t\u00f6\u00f6tulede komplekt\"},{\"@type\":\"BreadcrumbList\",\"@id\":\"https:\\\/\\\/ranoja.ee\\\/toode\\\/bullboy-agriline-sinise-valgusega-led-tootuled-6800-lm\\\/#breadcrumb\",\"itemListElement\":[{\"@type\":\"ListItem\",\"position\":1,\"name\":\"Home\",\"item\":\"https:\\\/\\\/ranoja.ee\\\/\"},{\"@type\":\"ListItem\",\"position\":2,\"name\":\"Shop\",\"item\":\"https:\\\/\\\/ranoja.ee\\\/en\\\/shop\\\/\"},{\"@type\":\"ListItem\",\"position\":3,\"name\":\"BULLBOY AGRILINE sinise valgusega LED t\u00f6\u00f6tuled 6800 lm\"}]},{\"@type\":\"WebSite\",\"@id\":\"https:\\\/\\\/ranoja.ee\\\/#website\",\"url\":\"https:\\\/\\\/ranoja.ee\\\/\",\"name\":\"Ranoja\",\"description\":\"Equipment Shop WooCommerce WordPress Theme for Machine &amp; Tools\",\"publisher\":{\"@id\":\"https:\\\/\\\/ranoja.ee\\\/#organization\"},\"potentialAction\":[{\"@type\":\"SearchAction\",\"target\":{\"@type\":\"EntryPoint\",\"urlTemplate\":\"https:\\\/\\\/ranoja.ee\\\/?s={search_term_string}\"},\"query-input\":{\"@type\":\"PropertyValueSpecification\",\"valueRequired\":true,\"valueName\":\"search_term_string\"}}],\"inLanguage\":\"en-US\"},{\"@type\":\"Organization\",\"@id\":\"https:\\\/\\\/ranoja.ee\\\/#organization\",\"name\":\"Ranoja O\u00dc\",\"url\":\"https:\\\/\\\/ranoja.ee\\\/\",\"logo\":{\"@type\":\"ImageObject\",\"inLanguage\":\"en-US\",\"@id\":\"https:\\\/\\\/ranoja.ee\\\/#\\\/schema\\\/logo\\\/image\\\/\",\"url\":\"https:\\\/\\\/ranoja.ee\\\/wp-content\\\/uploads\\\/2023\\\/11\\\/ranoja-Logo.png\",\"contentUrl\":\"https:\\\/\\\/ranoja.ee\\\/wp-content\\\/uploads\\\/2023\\\/11\\\/ranoja-Logo.png\",\"width\":207,\"height\":58,\"caption\":\"Ranoja O\u00dc\"},\"image\":{\"@id\":\"https:\\\/\\\/ranoja.ee\\\/#\\\/schema\\\/logo\\\/image\\\/\"},\"sameAs\":[\"https:\\\/\\\/www.facebook.com\\\/ranoja.ee\",\"https:\\\/\\\/www.instagram.com\\\/ranoja__\\\/\"]}]}<\/script>\n<!-- \/ Yoast SEO plugin. -->","yoast_head_json":{"title":"BULLBOY AGRILINE sinise valgusega LED t\u00f6\u00f6tuled 6800 lm","description":"BULLBOY AGRILINE sinise valgusega LED t\u00f6\u00f6tuled 6800 lm Laia valgusvihuga t\u00f6\u00f6tuli, mis n\u00e4iteks sobib pihustatava ala valgustamiseks p\u00f5llut\u00f6\u00f6del.","robots":{"index":"index","follow":"follow","max-snippet":"max-snippet:-1","max-image-preview":"max-image-preview:large","max-video-preview":"max-video-preview:-1"},"canonical":"https:\/\/ranoja.ee\/toode\/bullboy-agriline-sinise-valgusega-led-tootuled-6800-lm\/","og_locale":"en_US","og_type":"article","og_title":"BULLBOY AGRILINE sinise valgusega LED t\u00f6\u00f6tuled 6800 lm","og_description":"BULLBOY AGRILINE sinise valgusega LED t\u00f6\u00f6tuled 6800 lm Laia valgusvihuga t\u00f6\u00f6tuli, mis n\u00e4iteks sobib pihustatava ala valgustamiseks p\u00f5llut\u00f6\u00f6del.","og_url":"https:\/\/ranoja.ee\/toode\/bullboy-agriline-sinise-valgusega-led-tootuled-6800-lm\/","og_site_name":"Ranoja","article_publisher":"https:\/\/www.facebook.com\/ranoja.ee","article_modified_time":"2025-12-12T12:50:50+00:00","og_image":[{"width":400,"height":300,"url":"https:\/\/ranoja.ee\/wp-content\/uploads\/2025\/12\/BULLBOY-AGRILINE-sinise-valgusega-LED-tootulede-komplekt.jpg","type":"image\/jpeg"}],"twitter_card":"summary_large_image","twitter_misc":{"Est. reading time":"2 minutes"},"schema":{"@context":"https:\/\/schema.org","@graph":[{"@type":"WebPage","@id":"https:\/\/ranoja.ee\/toode\/bullboy-agriline-sinise-valgusega-led-tootuled-6800-lm\/","url":"https:\/\/ranoja.ee\/toode\/bullboy-agriline-sinise-valgusega-led-tootuled-6800-lm\/","name":"BULLBOY AGRILINE sinise valgusega LED t\u00f6\u00f6tuled 6800 lm","isPartOf":{"@id":"https:\/\/ranoja.ee\/#website"},"primaryImageOfPage":{"@id":"https:\/\/ranoja.ee\/toode\/bullboy-agriline-sinise-valgusega-led-tootuled-6800-lm\/#primaryimage"},"image":{"@id":"https:\/\/ranoja.ee\/toode\/bullboy-agriline-sinise-valgusega-led-tootuled-6800-lm\/#primaryimage"},"thumbnailUrl":"https:\/\/ranoja.ee\/wp-content\/uploads\/2025\/12\/BULLBOY-AGRILINE-sinise-valgusega-LED-tootulede-komplekt.jpg","datePublished":"2025-12-03T11:19:36+00:00","dateModified":"2025-12-12T12:50:50+00:00","description":"BULLBOY AGRILINE sinise valgusega LED t\u00f6\u00f6tuled 6800 lm Laia valgusvihuga t\u00f6\u00f6tuli, mis n\u00e4iteks sobib pihustatava ala valgustamiseks p\u00f5llut\u00f6\u00f6del.","breadcrumb":{"@id":"https:\/\/ranoja.ee\/toode\/bullboy-agriline-sinise-valgusega-led-tootuled-6800-lm\/#breadcrumb"},"inLanguage":"en-US","potentialAction":[{"@type":"ReadAction","target":["https:\/\/ranoja.ee\/toode\/bullboy-agriline-sinise-valgusega-led-tootuled-6800-lm\/"]}]},{"@type":"ImageObject","inLanguage":"en-US","@id":"https:\/\/ranoja.ee\/toode\/bullboy-agriline-sinise-valgusega-led-tootuled-6800-lm\/#primaryimage","url":"https:\/\/ranoja.ee\/wp-content\/uploads\/2025\/12\/BULLBOY-AGRILINE-sinise-valgusega-LED-tootulede-komplekt.jpg","contentUrl":"https:\/\/ranoja.ee\/wp-content\/uploads\/2025\/12\/BULLBOY-AGRILINE-sinise-valgusega-LED-tootulede-komplekt.jpg","width":400,"height":300,"caption":"BULLBOY AGRILINE sinise valgusega LED t\u00f6\u00f6tulede komplekt"},{"@type":"BreadcrumbList","@id":"https:\/\/ranoja.ee\/toode\/bullboy-agriline-sinise-valgusega-led-tootuled-6800-lm\/#breadcrumb","itemListElement":[{"@type":"ListItem","position":1,"name":"Home","item":"https:\/\/ranoja.ee\/"},{"@type":"ListItem","position":2,"name":"Shop","item":"https:\/\/ranoja.ee\/en\/shop\/"},{"@type":"ListItem","position":3,"name":"BULLBOY AGRILINE sinise valgusega LED t\u00f6\u00f6tuled 6800 lm"}]},{"@type":"WebSite","@id":"https:\/\/ranoja.ee\/#website","url":"https:\/\/ranoja.ee\/","name":"Ranoja","description":"Equipment Shop WooCommerce WordPress Theme for Machine &amp; Tools","publisher":{"@id":"https:\/\/ranoja.ee\/#organization"},"potentialAction":[{"@type":"SearchAction","target":{"@type":"EntryPoint","urlTemplate":"https:\/\/ranoja.ee\/?s={search_term_string}"},"query-input":{"@type":"PropertyValueSpecification","valueRequired":true,"valueName":"search_term_string"}}],"inLanguage":"en-US"},{"@type":"Organization","@id":"https:\/\/ranoja.ee\/#organization","name":"Ranoja O\u00dc","url":"https:\/\/ranoja.ee\/","logo":{"@type":"ImageObject","inLanguage":"en-US","@id":"https:\/\/ranoja.ee\/#\/schema\/logo\/image\/","url":"https:\/\/ranoja.ee\/wp-content\/uploads\/2023\/11\/ranoja-Logo.png","contentUrl":"https:\/\/ranoja.ee\/wp-content\/uploads\/2023\/11\/ranoja-Logo.png","width":207,"height":58,"caption":"Ranoja O\u00dc"},"image":{"@id":"https:\/\/ranoja.ee\/#\/schema\/logo\/image\/"},"sameAs":["https:\/\/www.facebook.com\/ranoja.ee","https:\/\/www.instagram.com\/ranoja__\/"]}]}},"_links":{"self":[{"href":"https:\/\/ranoja.ee\/en\/wp-json\/wp\/v2\/product\/24457","targetHints":{"allow":["GET"]}}],"collection":[{"href":"https:\/\/ranoja.ee\/en\/wp-json\/wp\/v2\/product"}],"about":[{"href":"https:\/\/ranoja.ee\/en\/wp-json\/wp\/v2\/types\/product"}],"wp:featuredmedia":[{"embeddable":true,"href":"https:\/\/ranoja.ee\/en\/wp-json\/wp\/v2\/media\/24440"}],"wp:attachment":[{"href":"https:\/\/ranoja.ee\/en\/wp-json\/wp\/v2\/media?parent=24457"}],"wp:term":[{"taxonomy":"product_cat","embeddable":true,"href":"https:\/\/ranoja.ee\/en\/wp-json\/wp\/v2\/product_cat?post=24457"},{"taxonomy":"product_tag","embeddable":true,"href":"https:\/\/ranoja.ee\/en\/wp-json\/wp\/v2\/product_tag?post=24457"}],"curies":[{"name":"wp","href":"https:\/\/api.w.org\/{rel}","templated":true}]}}