{"id":24311,"date":"2025-11-28T17:33:43","date_gmt":"2025-11-28T14:33:43","guid":{"rendered":"https:\/\/ranoja.ee\/?post_type=product&#038;p=24311"},"modified":"2025-12-12T15:50:51","modified_gmt":"2025-12-12T12:50:51","slug":"bullboy-proline-mini-led-tootuli-580-lm","status":"publish","type":"product","link":"https:\/\/ranoja.ee\/en\/toode\/bullboy-proline-mini-led-tootuli-580-lm\/","title":{"rendered":"BULLBOY PROLINE MINI LED t\u00f6\u00f6tuli 580 lm"},"content":{"rendered":"<p>BULLBOY PROLINE MINI LED t\u00f6\u00f6tuli 580 lm<\/p>\n<p>BULLBOY tuled on loodud pakkuma maksimaalset t\u00f6\u00f6kindlust, v\u00f5imsust ja vastupidavust professionaalseks kasutamiseks. Tegemist on valgustitega, mis on v\u00e4lja t\u00f6\u00f6tatud karmidesse tingimustesse. Ehitusplatsidele, p\u00f5llumajandusmasinatele, transpordisektorisse, metsat\u00f6\u00f6deks ning ka maastikus\u00f5idukitele. BULLBOY sarja k\u00f5ige olulisem omadus on selle usaldusv\u00e4\u00e4rsus: tuled kasutavad kvaliteetset LED-tehnoloogiat, mis tagab tugeva valgusvoo, selge valgusjaotuse ja suurep\u00e4rase n\u00e4htavuse igas olukorras.<\/p>\n<p>BULLBOY tuled on tuntud oma tugeva konstruktsiooni poolest. Enamik mudeleid on valmistatud vastupidavast alumiiniumisulamist, mis juhib efektiivselt soojust ja aitab tagada LED-ide pika eluea. L\u00f6\u00f6gikindlatest pol\u00fckarbonaatl\u00e4\u00e4tsetest valmistatud esiklaasid taluvad h\u00e4sti kivit\u00e4kkeid, vibratsiooni ja \u00e4\u00e4rmuslikke t\u00f6\u00f6tingimusi. Samuti on tuled tavaliselt varustatud k\u00f5rgete kaitseklassidega, nagu IP67 v\u00f5i IP69K, mis teeb need t\u00e4ielikult vee- ja tolmukindlaks. See kindlustab, et tuli t\u00f6\u00f6tab probleemideta ka l\u00f6rtsis, vihmas, poris v\u00f5i intensiivse survepesu ajal.<\/p>\n<p>Valikus on nii laia valgusvihuga t\u00f6\u00f6tuled kui ka kaugtuled, samuti kompaktsed lisatuled ja multifunktsionaalsed LED-lahendused. BULLBOY p\u00f6\u00f6rab suurt t\u00e4helepanu valgusvihkude optikale, mis tagab \u00fchtlase t\u00f6\u00f6ala valgustuse ja v\u00e4hendab varjude teket. Muutes t\u00f6\u00f6 oluliselt turvalisemaks ja mugavamaks. Samuti on tuledel tavaliselt lai t\u00f6\u00f6pingevahemik \u2013 9\u201332 V \u2013, mis v\u00f5imaldab neid kasutada nii 12 V s\u00f5iduautodel kui ka 24 V raskeveokitel ja t\u00f6\u00f6masinatel.<\/p>\n<p>Lisaks heale valgusv\u00f5imekusele on BULLBOY tuled energias\u00e4\u00e4stlikud, pakkudes tugevat valgust v\u00e4ikese energiakuluga. Ka paigaldamine on lihtne ja universaalne, t\u00e4nu tugevatele kinnitustele ja standardpistikutele.<\/p>\n<p>BULLBOY PROLINE MINI LED t\u00f6\u00f6tuli 580 lm<\/p>\n","protected":false},"excerpt":{"rendered":"<p>BULLBOY PROLINE MINI LED t\u00f6\u00f6tuli 580 lm<br \/>\nM\u00f5\u00f5tmed: 57.60 x 32.60 x 23.80 mm<br \/>\nPinge: 12-30 V<br \/>\nVoolutarbimine: 0.43 A ja 13.7 V<br \/>\nLumenid: 680 lm<br \/>\nLumenid m\u00f5\u00f5detud: 580 lm<br \/>\nV\u00f5imsus: 5 W<br \/>\nV\u00e4rvitemperatuur: 5400 K<br \/>\nPistiku t\u00fc\u00fcp: 2-pin avatud kaabel<br \/>\nJuhtme pikkus: 200 mm<br \/>\nKorpuse materjal: Spetsiaalne plastik<br \/>\nIP klassifikatsioon: IP67\/IP69K<br \/>\nSertifikaadid: R148, R10<br \/>\nMudeli nimi: PROLINE MINI<br \/>\nKaal: 0.1 kg<br \/>\n<strong>Tarneaeg 1-7 t\u00f6\u00f6p\u00e4eva<\/strong><\/p>\n","protected":false},"featured_media":24318,"template":"","meta":{"inline_featured_image":false},"product_cat":[1116,1118],"product_tag":[2634,693,2633,654,682],"class_list":{"0":"post-24311","1":"product","2":"type-product","3":"status-publish","4":"has-post-thumbnail","6":"product_brand-bull-boy","7":"product_cat-lisaseadmed-ehitusseadmed-led-lisatuled-cb-raadiod-lallar","8":"product_cat-tootuled","9":"product_tag-1603-300802","10":"product_tag-bullboy","11":"product_tag-bullboy-proline-mini-led-tootuli-580-lm","12":"product_tag-led-tuli","13":"product_tag-tootuli","15":"first","16":"instock","17":"sale","18":"taxable","19":"shipping-taxable","20":"purchasable","21":"product-type-simple"},"yoast_head":"<!-- This site is optimized with the Yoast SEO plugin v27.4 - https:\/\/yoast.com\/product\/yoast-seo-wordpress\/ -->\n<title>BULLBOY PROLINE MINI LED t\u00f6\u00f6tuli 580 lm<\/title>\n<meta name=\"description\" content=\"BULLBOY PROLINE MINI LED t\u00f6\u00f6tuli 580 lm Tuled kasutavad kvaliteetset LED-tehnoloogiat, mis tagab tugeva valgusvoo, selge valgusjaotuse ja hea n\u00e4htavuse.\" \/>\n<meta name=\"robots\" content=\"index, follow, max-snippet:-1, max-image-preview:large, max-video-preview:-1\" \/>\n<link rel=\"canonical\" href=\"https:\/\/ranoja.ee\/toode\/bullboy-proline-mini-led-tootuli-580-lm\/\" \/>\n<meta property=\"og:locale\" content=\"en_US\" \/>\n<meta property=\"og:type\" content=\"article\" \/>\n<meta property=\"og:title\" content=\"BULLBOY PROLINE MINI LED t\u00f6\u00f6tuli 580 lm\" \/>\n<meta property=\"og:description\" content=\"BULLBOY PROLINE MINI LED t\u00f6\u00f6tuli 580 lm Tuled kasutavad kvaliteetset LED-tehnoloogiat, mis tagab tugeva valgusvoo, selge valgusjaotuse ja hea n\u00e4htavuse.\" \/>\n<meta property=\"og:url\" content=\"https:\/\/ranoja.ee\/toode\/bullboy-proline-mini-led-tootuli-580-lm\/\" \/>\n<meta property=\"og:site_name\" content=\"Ranoja\" \/>\n<meta property=\"article:publisher\" content=\"https:\/\/www.facebook.com\/ranoja.ee\" \/>\n<meta property=\"article:modified_time\" content=\"2025-12-12T12:50:51+00:00\" \/>\n<meta property=\"og:image\" content=\"https:\/\/ranoja.ee\/wp-content\/uploads\/2025\/11\/BULLBOY-PROLINE-MINI-LED-tootuli-580-lm-2.jpg\" \/>\n\t<meta property=\"og:image:width\" content=\"800\" \/>\n\t<meta property=\"og:image:height\" content=\"600\" \/>\n\t<meta property=\"og:image:type\" content=\"image\/jpeg\" \/>\n<meta name=\"twitter:card\" content=\"summary_large_image\" \/>\n<meta name=\"twitter:label1\" content=\"Est. reading time\" \/>\n\t<meta name=\"twitter:data1\" content=\"2 minutes\" \/>\n<script type=\"application\/ld+json\" class=\"yoast-schema-graph\">{\"@context\":\"https:\\\/\\\/schema.org\",\"@graph\":[{\"@type\":\"WebPage\",\"@id\":\"https:\\\/\\\/ranoja.ee\\\/toode\\\/bullboy-proline-mini-led-tootuli-580-lm\\\/\",\"url\":\"https:\\\/\\\/ranoja.ee\\\/toode\\\/bullboy-proline-mini-led-tootuli-580-lm\\\/\",\"name\":\"BULLBOY PROLINE MINI LED t\u00f6\u00f6tuli 580 lm\",\"isPartOf\":{\"@id\":\"https:\\\/\\\/ranoja.ee\\\/#website\"},\"primaryImageOfPage\":{\"@id\":\"https:\\\/\\\/ranoja.ee\\\/toode\\\/bullboy-proline-mini-led-tootuli-580-lm\\\/#primaryimage\"},\"image\":{\"@id\":\"https:\\\/\\\/ranoja.ee\\\/toode\\\/bullboy-proline-mini-led-tootuli-580-lm\\\/#primaryimage\"},\"thumbnailUrl\":\"https:\\\/\\\/ranoja.ee\\\/wp-content\\\/uploads\\\/2025\\\/11\\\/BULLBOY-PROLINE-MINI-LED-tootuli-580-lm-2.jpg\",\"datePublished\":\"2025-11-28T14:33:43+00:00\",\"dateModified\":\"2025-12-12T12:50:51+00:00\",\"description\":\"BULLBOY PROLINE MINI LED t\u00f6\u00f6tuli 580 lm Tuled kasutavad kvaliteetset LED-tehnoloogiat, mis tagab tugeva valgusvoo, selge valgusjaotuse ja hea n\u00e4htavuse.\",\"breadcrumb\":{\"@id\":\"https:\\\/\\\/ranoja.ee\\\/toode\\\/bullboy-proline-mini-led-tootuli-580-lm\\\/#breadcrumb\"},\"inLanguage\":\"en-US\",\"potentialAction\":[{\"@type\":\"ReadAction\",\"target\":[\"https:\\\/\\\/ranoja.ee\\\/toode\\\/bullboy-proline-mini-led-tootuli-580-lm\\\/\"]}]},{\"@type\":\"ImageObject\",\"inLanguage\":\"en-US\",\"@id\":\"https:\\\/\\\/ranoja.ee\\\/toode\\\/bullboy-proline-mini-led-tootuli-580-lm\\\/#primaryimage\",\"url\":\"https:\\\/\\\/ranoja.ee\\\/wp-content\\\/uploads\\\/2025\\\/11\\\/BULLBOY-PROLINE-MINI-LED-tootuli-580-lm-2.jpg\",\"contentUrl\":\"https:\\\/\\\/ranoja.ee\\\/wp-content\\\/uploads\\\/2025\\\/11\\\/BULLBOY-PROLINE-MINI-LED-tootuli-580-lm-2.jpg\",\"width\":800,\"height\":600,\"caption\":\"BULLBOY PROLINE MINI LED t\u00f6\u00f6tuli 580 lm\"},{\"@type\":\"BreadcrumbList\",\"@id\":\"https:\\\/\\\/ranoja.ee\\\/toode\\\/bullboy-proline-mini-led-tootuli-580-lm\\\/#breadcrumb\",\"itemListElement\":[{\"@type\":\"ListItem\",\"position\":1,\"name\":\"Home\",\"item\":\"https:\\\/\\\/ranoja.ee\\\/\"},{\"@type\":\"ListItem\",\"position\":2,\"name\":\"Shop\",\"item\":\"https:\\\/\\\/ranoja.ee\\\/en\\\/shop\\\/\"},{\"@type\":\"ListItem\",\"position\":3,\"name\":\"BULLBOY PROLINE MINI LED t\u00f6\u00f6tuli 580 lm\"}]},{\"@type\":\"WebSite\",\"@id\":\"https:\\\/\\\/ranoja.ee\\\/#website\",\"url\":\"https:\\\/\\\/ranoja.ee\\\/\",\"name\":\"Ranoja\",\"description\":\"Equipment Shop WooCommerce WordPress Theme for Machine &amp; Tools\",\"publisher\":{\"@id\":\"https:\\\/\\\/ranoja.ee\\\/#organization\"},\"potentialAction\":[{\"@type\":\"SearchAction\",\"target\":{\"@type\":\"EntryPoint\",\"urlTemplate\":\"https:\\\/\\\/ranoja.ee\\\/?s={search_term_string}\"},\"query-input\":{\"@type\":\"PropertyValueSpecification\",\"valueRequired\":true,\"valueName\":\"search_term_string\"}}],\"inLanguage\":\"en-US\"},{\"@type\":\"Organization\",\"@id\":\"https:\\\/\\\/ranoja.ee\\\/#organization\",\"name\":\"Ranoja O\u00dc\",\"url\":\"https:\\\/\\\/ranoja.ee\\\/\",\"logo\":{\"@type\":\"ImageObject\",\"inLanguage\":\"en-US\",\"@id\":\"https:\\\/\\\/ranoja.ee\\\/#\\\/schema\\\/logo\\\/image\\\/\",\"url\":\"https:\\\/\\\/ranoja.ee\\\/wp-content\\\/uploads\\\/2023\\\/11\\\/ranoja-Logo.png\",\"contentUrl\":\"https:\\\/\\\/ranoja.ee\\\/wp-content\\\/uploads\\\/2023\\\/11\\\/ranoja-Logo.png\",\"width\":207,\"height\":58,\"caption\":\"Ranoja O\u00dc\"},\"image\":{\"@id\":\"https:\\\/\\\/ranoja.ee\\\/#\\\/schema\\\/logo\\\/image\\\/\"},\"sameAs\":[\"https:\\\/\\\/www.facebook.com\\\/ranoja.ee\",\"https:\\\/\\\/www.instagram.com\\\/ranoja__\\\/\"]}]}<\/script>\n<!-- \/ Yoast SEO plugin. -->","yoast_head_json":{"title":"BULLBOY PROLINE MINI LED t\u00f6\u00f6tuli 580 lm","description":"BULLBOY PROLINE MINI LED t\u00f6\u00f6tuli 580 lm Tuled kasutavad kvaliteetset LED-tehnoloogiat, mis tagab tugeva valgusvoo, selge valgusjaotuse ja hea n\u00e4htavuse.","robots":{"index":"index","follow":"follow","max-snippet":"max-snippet:-1","max-image-preview":"max-image-preview:large","max-video-preview":"max-video-preview:-1"},"canonical":"https:\/\/ranoja.ee\/toode\/bullboy-proline-mini-led-tootuli-580-lm\/","og_locale":"en_US","og_type":"article","og_title":"BULLBOY PROLINE MINI LED t\u00f6\u00f6tuli 580 lm","og_description":"BULLBOY PROLINE MINI LED t\u00f6\u00f6tuli 580 lm Tuled kasutavad kvaliteetset LED-tehnoloogiat, mis tagab tugeva valgusvoo, selge valgusjaotuse ja hea n\u00e4htavuse.","og_url":"https:\/\/ranoja.ee\/toode\/bullboy-proline-mini-led-tootuli-580-lm\/","og_site_name":"Ranoja","article_publisher":"https:\/\/www.facebook.com\/ranoja.ee","article_modified_time":"2025-12-12T12:50:51+00:00","og_image":[{"width":800,"height":600,"url":"https:\/\/ranoja.ee\/wp-content\/uploads\/2025\/11\/BULLBOY-PROLINE-MINI-LED-tootuli-580-lm-2.jpg","type":"image\/jpeg"}],"twitter_card":"summary_large_image","twitter_misc":{"Est. reading time":"2 minutes"},"schema":{"@context":"https:\/\/schema.org","@graph":[{"@type":"WebPage","@id":"https:\/\/ranoja.ee\/toode\/bullboy-proline-mini-led-tootuli-580-lm\/","url":"https:\/\/ranoja.ee\/toode\/bullboy-proline-mini-led-tootuli-580-lm\/","name":"BULLBOY PROLINE MINI LED t\u00f6\u00f6tuli 580 lm","isPartOf":{"@id":"https:\/\/ranoja.ee\/#website"},"primaryImageOfPage":{"@id":"https:\/\/ranoja.ee\/toode\/bullboy-proline-mini-led-tootuli-580-lm\/#primaryimage"},"image":{"@id":"https:\/\/ranoja.ee\/toode\/bullboy-proline-mini-led-tootuli-580-lm\/#primaryimage"},"thumbnailUrl":"https:\/\/ranoja.ee\/wp-content\/uploads\/2025\/11\/BULLBOY-PROLINE-MINI-LED-tootuli-580-lm-2.jpg","datePublished":"2025-11-28T14:33:43+00:00","dateModified":"2025-12-12T12:50:51+00:00","description":"BULLBOY PROLINE MINI LED t\u00f6\u00f6tuli 580 lm Tuled kasutavad kvaliteetset LED-tehnoloogiat, mis tagab tugeva valgusvoo, selge valgusjaotuse ja hea n\u00e4htavuse.","breadcrumb":{"@id":"https:\/\/ranoja.ee\/toode\/bullboy-proline-mini-led-tootuli-580-lm\/#breadcrumb"},"inLanguage":"en-US","potentialAction":[{"@type":"ReadAction","target":["https:\/\/ranoja.ee\/toode\/bullboy-proline-mini-led-tootuli-580-lm\/"]}]},{"@type":"ImageObject","inLanguage":"en-US","@id":"https:\/\/ranoja.ee\/toode\/bullboy-proline-mini-led-tootuli-580-lm\/#primaryimage","url":"https:\/\/ranoja.ee\/wp-content\/uploads\/2025\/11\/BULLBOY-PROLINE-MINI-LED-tootuli-580-lm-2.jpg","contentUrl":"https:\/\/ranoja.ee\/wp-content\/uploads\/2025\/11\/BULLBOY-PROLINE-MINI-LED-tootuli-580-lm-2.jpg","width":800,"height":600,"caption":"BULLBOY PROLINE MINI LED t\u00f6\u00f6tuli 580 lm"},{"@type":"BreadcrumbList","@id":"https:\/\/ranoja.ee\/toode\/bullboy-proline-mini-led-tootuli-580-lm\/#breadcrumb","itemListElement":[{"@type":"ListItem","position":1,"name":"Home","item":"https:\/\/ranoja.ee\/"},{"@type":"ListItem","position":2,"name":"Shop","item":"https:\/\/ranoja.ee\/en\/shop\/"},{"@type":"ListItem","position":3,"name":"BULLBOY PROLINE MINI LED t\u00f6\u00f6tuli 580 lm"}]},{"@type":"WebSite","@id":"https:\/\/ranoja.ee\/#website","url":"https:\/\/ranoja.ee\/","name":"Ranoja","description":"Equipment Shop WooCommerce WordPress Theme for Machine &amp; Tools","publisher":{"@id":"https:\/\/ranoja.ee\/#organization"},"potentialAction":[{"@type":"SearchAction","target":{"@type":"EntryPoint","urlTemplate":"https:\/\/ranoja.ee\/?s={search_term_string}"},"query-input":{"@type":"PropertyValueSpecification","valueRequired":true,"valueName":"search_term_string"}}],"inLanguage":"en-US"},{"@type":"Organization","@id":"https:\/\/ranoja.ee\/#organization","name":"Ranoja O\u00dc","url":"https:\/\/ranoja.ee\/","logo":{"@type":"ImageObject","inLanguage":"en-US","@id":"https:\/\/ranoja.ee\/#\/schema\/logo\/image\/","url":"https:\/\/ranoja.ee\/wp-content\/uploads\/2023\/11\/ranoja-Logo.png","contentUrl":"https:\/\/ranoja.ee\/wp-content\/uploads\/2023\/11\/ranoja-Logo.png","width":207,"height":58,"caption":"Ranoja O\u00dc"},"image":{"@id":"https:\/\/ranoja.ee\/#\/schema\/logo\/image\/"},"sameAs":["https:\/\/www.facebook.com\/ranoja.ee","https:\/\/www.instagram.com\/ranoja__\/"]}]}},"_links":{"self":[{"href":"https:\/\/ranoja.ee\/en\/wp-json\/wp\/v2\/product\/24311","targetHints":{"allow":["GET"]}}],"collection":[{"href":"https:\/\/ranoja.ee\/en\/wp-json\/wp\/v2\/product"}],"about":[{"href":"https:\/\/ranoja.ee\/en\/wp-json\/wp\/v2\/types\/product"}],"wp:featuredmedia":[{"embeddable":true,"href":"https:\/\/ranoja.ee\/en\/wp-json\/wp\/v2\/media\/24318"}],"wp:attachment":[{"href":"https:\/\/ranoja.ee\/en\/wp-json\/wp\/v2\/media?parent=24311"}],"wp:term":[{"taxonomy":"product_cat","embeddable":true,"href":"https:\/\/ranoja.ee\/en\/wp-json\/wp\/v2\/product_cat?post=24311"},{"taxonomy":"product_tag","embeddable":true,"href":"https:\/\/ranoja.ee\/en\/wp-json\/wp\/v2\/product_tag?post=24311"}],"curies":[{"name":"wp","href":"https:\/\/api.w.org\/{rel}","templated":true}]}}