{"id":24253,"date":"2025-11-28T11:45:53","date_gmt":"2025-11-28T08:45:53","guid":{"rendered":"https:\/\/ranoja.ee\/?post_type=product&#038;p=24253"},"modified":"2025-12-12T15:50:51","modified_gmt":"2025-12-12T12:50:51","slug":"ocean-vision-led-laia-valgusvihuga-led-tootuli-5000-lm","status":"publish","type":"product","link":"https:\/\/ranoja.ee\/en\/toode\/ocean-vision-led-laia-valgusvihuga-led-tootuli-5000-lm\/","title":{"rendered":"OCEAN VISION LED laia valgusvihuga LED t\u00f6\u00f6tuli 5000 lm"},"content":{"rendered":"<p>OCEAN VISION LED laia valgusvihuga LED t\u00f6\u00f6tuli 5000 lm<\/p>\n<p>OCEAN VISION t\u00f6\u00f6tuled on loodud pakkuma professionaalse tasemega valgustust olukordades, kus t\u00f6\u00f6tingimused n\u00f5uavad maksimaalset n\u00e4htavust, vastupidavust ja t\u00f6\u00f6kindlust. Need tuled on v\u00e4lja arendatud spetsiaalselt rasketesse oludesse. Ehitusplatsidele, p\u00f5llumajandusmasinatele, metsat\u00f6\u00f6dele, t\u00f6\u00f6stusseadmetele ja ka 4 \u00d7 4-maastikus\u00f5idukitele. <\/p>\n<p>OCEAN VISION sarja iseloomustab \u00fchelt poolt t\u00f5hus LED-tehnoloogia, teiselt poolt tugev ehitus, mis tagab pika eluea ka pideva vibratsiooni, tolmu ja niiskuse korral. T\u00e4nu modernsetele LED-kiipidele pakuvad need t\u00f6\u00f6tuled intensiivset ja \u00fchtlast valgusvihku, mis valgustab t\u00f6\u00f6ala selgelt ja v\u00e4hendab varjude tekkimist, muutes t\u00f6\u00f6 nii ohutumaks kui ka efektiivsemaks.<\/p>\n<p>Tulede korpused on valmistatud kvaliteetsest alumiiniumisulamist. Mis tagab parema soojusjuhtivuse ja aitab hoida LED-d pikemaajaliselt optimaalses t\u00f6\u00f6temperatuuris. Enamik mudeleid on varustatud tugevdatud pol\u00fckarbonaadist l\u00e4\u00e4tsedega. Mis taluvad l\u00f6\u00f6ke ja muid karmides oludes tekkivaid mehaanilisi m\u00f5jusid. K\u00f5rge kaitseklass, tavaliselt IP67 v\u00f5i IP68. Mis t\u00e4hendab, et tuled on nii vee- kui tolmukindlad, sobides kasutamiseks nii vihmas, mudas kui ka lumistes tingimustes. See teeb neist usaldusv\u00e4\u00e4rse valiku nii professionaalidele kui ka harrastajatele.<\/p>\n<p>Valgusvihud v\u00f5ivad mudelist olenevalt olla nii flood- kui spot-t\u00fc\u00fcpi v\u00f5i nende kombinatsioon. See v\u00f5imaldab valida t\u00e4pselt sobiva lahenduse. Laia t\u00f6\u00f6ala \u00fchtlaseks valgustamiseks v\u00f5i kaugele suunatud valgusvihku detailsemaks t\u00f6\u00f6ks. Lai pingevahemik on tavaliselt 9\u201332 V. Tagab \u00fchilduvuse nii 12 V s\u00f5iduautode kui ka 24 V t\u00f6\u00f6masinate elektris\u00fcsteemidega. Samuti kasutatakse tihti kvaliteetseid juhtmooduleid ja kaitses\u00fcsteeme, mis hoiavad \u00e4ra \u00fclepinge ja tagavad tulede pika t\u00f6\u00f6ea.<\/p>\n<p>OCEAN VISION LED laia valgusvihuga LED t\u00f6\u00f6tuli 5000 lm<\/p>\n","protected":false},"excerpt":{"rendered":"<p>OCEAN VISION LED laia valgusvihuga LED t\u00f6\u00f6tuli 5000 lm<br \/>\nM\u00f5\u00f5tmed: 126 x 78 x 70 mm<br \/>\nPinge: 12-48 V<br \/>\nLumenid: 5000 lm<br \/>\nLumenid m\u00f5\u00f5detud: 3800 lm<br \/>\nVorm: Ristk\u00fclik<br \/>\nV\u00e4rvitemperatuur: 4000 K<br \/>\nPistiku t\u00fc\u00fcp: 2-pin DT<br \/>\nKorpuse materjal: Alumiinium<br \/>\nTule kinnitus: Roostevaba teras<br \/>\nL\u00e4\u00e4tse materjal: Klaas<br \/>\nIP klassifikatsioon: IP69K<br \/>\nT\u00f6\u00f6temperatuur: -40\u00b0C\u2026 +85\u00b0C<br \/>\nKaal: 1.12 kg<br \/>\n<strong>Tarneaeg 1-7 t\u00f6\u00f6p\u00e4eva<\/strong><\/p>\n","protected":false},"featured_media":24259,"template":"","meta":{"inline_featured_image":false},"product_cat":[1116,1118],"product_tag":[2613,1006,1005,1007,2483,2480,2481,654,2504,2612,682],"class_list":{"0":"post-24253","1":"product","2":"type-product","3":"status-publish","4":"has-post-thumbnail","6":"product_brand-ocean-vision","7":"product_cat-lisaseadmed-ehitusseadmed-led-lisatuled-cb-raadiod-lallar","8":"product_cat-tootuled","9":"product_tag-1603-300282","10":"product_tag-1605-n8k200","11":"product_tag-1605-n8k500","12":"product_tag-1605-n8k501","13":"product_tag-1605-n8k502","14":"product_tag-1605-n8k503","15":"product_tag-1605-n8k800","16":"product_tag-led-tuli","17":"product_tag-ocean-vision","18":"product_tag-ocean-vision-led-tootuli-5000-lm","19":"product_tag-tootuli","21":"first","22":"instock","23":"sale","24":"taxable","25":"shipping-taxable","26":"purchasable","27":"product-type-simple"},"yoast_head":"<!-- This site is optimized with the Yoast SEO plugin v27.4 - https:\/\/yoast.com\/product\/yoast-seo-wordpress\/ -->\n<title>OCEAN VISION LED laia valgusvihuga LED t\u00f6\u00f6tuli 5000 lm<\/title>\n<meta name=\"description\" content=\"OCEAN VISION LED laia valgusvihuga LED t\u00f6\u00f6tuli 5000 lm Tuled on nii vee- kui tolmukindlad, sobides kasutamiseks nii mudas kui ka lumistes tingimustes.\" \/>\n<meta name=\"robots\" content=\"index, follow, max-snippet:-1, max-image-preview:large, max-video-preview:-1\" \/>\n<link rel=\"canonical\" href=\"https:\/\/ranoja.ee\/toode\/ocean-vision-led-laia-valgusvihuga-led-tootuli-5000-lm\/\" \/>\n<meta property=\"og:locale\" content=\"en_US\" \/>\n<meta property=\"og:type\" content=\"article\" \/>\n<meta property=\"og:title\" content=\"OCEAN VISION LED laia valgusvihuga LED t\u00f6\u00f6tuli 5000 lm\" \/>\n<meta property=\"og:description\" content=\"OCEAN VISION LED laia valgusvihuga LED t\u00f6\u00f6tuli 5000 lm Tuled on nii vee- kui tolmukindlad, sobides kasutamiseks nii mudas kui ka lumistes tingimustes.\" \/>\n<meta property=\"og:url\" content=\"https:\/\/ranoja.ee\/toode\/ocean-vision-led-laia-valgusvihuga-led-tootuli-5000-lm\/\" \/>\n<meta property=\"og:site_name\" content=\"Ranoja\" \/>\n<meta property=\"article:publisher\" content=\"https:\/\/www.facebook.com\/ranoja.ee\" \/>\n<meta property=\"article:modified_time\" content=\"2025-12-12T12:50:51+00:00\" \/>\n<meta property=\"og:image\" content=\"https:\/\/ranoja.ee\/wp-content\/uploads\/2025\/11\/OCEAN-VISION-LED-tootuli-5000-lm.jpg\" \/>\n\t<meta property=\"og:image:width\" content=\"800\" \/>\n\t<meta property=\"og:image:height\" content=\"600\" \/>\n\t<meta property=\"og:image:type\" content=\"image\/jpeg\" \/>\n<meta name=\"twitter:card\" content=\"summary_large_image\" \/>\n<meta name=\"twitter:label1\" content=\"Est. reading time\" \/>\n\t<meta name=\"twitter:data1\" content=\"2 minutes\" \/>\n<script type=\"application\/ld+json\" class=\"yoast-schema-graph\">{\"@context\":\"https:\\\/\\\/schema.org\",\"@graph\":[{\"@type\":\"WebPage\",\"@id\":\"https:\\\/\\\/ranoja.ee\\\/toode\\\/ocean-vision-led-laia-valgusvihuga-led-tootuli-5000-lm\\\/\",\"url\":\"https:\\\/\\\/ranoja.ee\\\/toode\\\/ocean-vision-led-laia-valgusvihuga-led-tootuli-5000-lm\\\/\",\"name\":\"OCEAN VISION LED laia valgusvihuga LED t\u00f6\u00f6tuli 5000 lm\",\"isPartOf\":{\"@id\":\"https:\\\/\\\/ranoja.ee\\\/#website\"},\"primaryImageOfPage\":{\"@id\":\"https:\\\/\\\/ranoja.ee\\\/toode\\\/ocean-vision-led-laia-valgusvihuga-led-tootuli-5000-lm\\\/#primaryimage\"},\"image\":{\"@id\":\"https:\\\/\\\/ranoja.ee\\\/toode\\\/ocean-vision-led-laia-valgusvihuga-led-tootuli-5000-lm\\\/#primaryimage\"},\"thumbnailUrl\":\"https:\\\/\\\/ranoja.ee\\\/wp-content\\\/uploads\\\/2025\\\/11\\\/OCEAN-VISION-LED-tootuli-5000-lm.jpg\",\"datePublished\":\"2025-11-28T08:45:53+00:00\",\"dateModified\":\"2025-12-12T12:50:51+00:00\",\"description\":\"OCEAN VISION LED laia valgusvihuga LED t\u00f6\u00f6tuli 5000 lm Tuled on nii vee- kui tolmukindlad, sobides kasutamiseks nii mudas kui ka lumistes tingimustes.\",\"breadcrumb\":{\"@id\":\"https:\\\/\\\/ranoja.ee\\\/toode\\\/ocean-vision-led-laia-valgusvihuga-led-tootuli-5000-lm\\\/#breadcrumb\"},\"inLanguage\":\"en-US\",\"potentialAction\":[{\"@type\":\"ReadAction\",\"target\":[\"https:\\\/\\\/ranoja.ee\\\/toode\\\/ocean-vision-led-laia-valgusvihuga-led-tootuli-5000-lm\\\/\"]}]},{\"@type\":\"ImageObject\",\"inLanguage\":\"en-US\",\"@id\":\"https:\\\/\\\/ranoja.ee\\\/toode\\\/ocean-vision-led-laia-valgusvihuga-led-tootuli-5000-lm\\\/#primaryimage\",\"url\":\"https:\\\/\\\/ranoja.ee\\\/wp-content\\\/uploads\\\/2025\\\/11\\\/OCEAN-VISION-LED-tootuli-5000-lm.jpg\",\"contentUrl\":\"https:\\\/\\\/ranoja.ee\\\/wp-content\\\/uploads\\\/2025\\\/11\\\/OCEAN-VISION-LED-tootuli-5000-lm.jpg\",\"width\":800,\"height\":600,\"caption\":\"OCEAN VISION LED t\u00f6\u00f6tuli 5000 lm\"},{\"@type\":\"BreadcrumbList\",\"@id\":\"https:\\\/\\\/ranoja.ee\\\/toode\\\/ocean-vision-led-laia-valgusvihuga-led-tootuli-5000-lm\\\/#breadcrumb\",\"itemListElement\":[{\"@type\":\"ListItem\",\"position\":1,\"name\":\"Home\",\"item\":\"https:\\\/\\\/ranoja.ee\\\/\"},{\"@type\":\"ListItem\",\"position\":2,\"name\":\"Shop\",\"item\":\"https:\\\/\\\/ranoja.ee\\\/en\\\/shop\\\/\"},{\"@type\":\"ListItem\",\"position\":3,\"name\":\"OCEAN VISION LED laia valgusvihuga LED t\u00f6\u00f6tuli 5000 lm\"}]},{\"@type\":\"WebSite\",\"@id\":\"https:\\\/\\\/ranoja.ee\\\/#website\",\"url\":\"https:\\\/\\\/ranoja.ee\\\/\",\"name\":\"Ranoja\",\"description\":\"Equipment Shop WooCommerce WordPress Theme for Machine &amp; Tools\",\"publisher\":{\"@id\":\"https:\\\/\\\/ranoja.ee\\\/#organization\"},\"potentialAction\":[{\"@type\":\"SearchAction\",\"target\":{\"@type\":\"EntryPoint\",\"urlTemplate\":\"https:\\\/\\\/ranoja.ee\\\/?s={search_term_string}\"},\"query-input\":{\"@type\":\"PropertyValueSpecification\",\"valueRequired\":true,\"valueName\":\"search_term_string\"}}],\"inLanguage\":\"en-US\"},{\"@type\":\"Organization\",\"@id\":\"https:\\\/\\\/ranoja.ee\\\/#organization\",\"name\":\"Ranoja O\u00dc\",\"url\":\"https:\\\/\\\/ranoja.ee\\\/\",\"logo\":{\"@type\":\"ImageObject\",\"inLanguage\":\"en-US\",\"@id\":\"https:\\\/\\\/ranoja.ee\\\/#\\\/schema\\\/logo\\\/image\\\/\",\"url\":\"https:\\\/\\\/ranoja.ee\\\/wp-content\\\/uploads\\\/2023\\\/11\\\/ranoja-Logo.png\",\"contentUrl\":\"https:\\\/\\\/ranoja.ee\\\/wp-content\\\/uploads\\\/2023\\\/11\\\/ranoja-Logo.png\",\"width\":207,\"height\":58,\"caption\":\"Ranoja O\u00dc\"},\"image\":{\"@id\":\"https:\\\/\\\/ranoja.ee\\\/#\\\/schema\\\/logo\\\/image\\\/\"},\"sameAs\":[\"https:\\\/\\\/www.facebook.com\\\/ranoja.ee\",\"https:\\\/\\\/www.instagram.com\\\/ranoja__\\\/\"]}]}<\/script>\n<!-- \/ Yoast SEO plugin. -->","yoast_head_json":{"title":"OCEAN VISION LED laia valgusvihuga LED t\u00f6\u00f6tuli 5000 lm","description":"OCEAN VISION LED laia valgusvihuga LED t\u00f6\u00f6tuli 5000 lm Tuled on nii vee- kui tolmukindlad, sobides kasutamiseks nii mudas kui ka lumistes tingimustes.","robots":{"index":"index","follow":"follow","max-snippet":"max-snippet:-1","max-image-preview":"max-image-preview:large","max-video-preview":"max-video-preview:-1"},"canonical":"https:\/\/ranoja.ee\/toode\/ocean-vision-led-laia-valgusvihuga-led-tootuli-5000-lm\/","og_locale":"en_US","og_type":"article","og_title":"OCEAN VISION LED laia valgusvihuga LED t\u00f6\u00f6tuli 5000 lm","og_description":"OCEAN VISION LED laia valgusvihuga LED t\u00f6\u00f6tuli 5000 lm Tuled on nii vee- kui tolmukindlad, sobides kasutamiseks nii mudas kui ka lumistes tingimustes.","og_url":"https:\/\/ranoja.ee\/toode\/ocean-vision-led-laia-valgusvihuga-led-tootuli-5000-lm\/","og_site_name":"Ranoja","article_publisher":"https:\/\/www.facebook.com\/ranoja.ee","article_modified_time":"2025-12-12T12:50:51+00:00","og_image":[{"width":800,"height":600,"url":"https:\/\/ranoja.ee\/wp-content\/uploads\/2025\/11\/OCEAN-VISION-LED-tootuli-5000-lm.jpg","type":"image\/jpeg"}],"twitter_card":"summary_large_image","twitter_misc":{"Est. reading time":"2 minutes"},"schema":{"@context":"https:\/\/schema.org","@graph":[{"@type":"WebPage","@id":"https:\/\/ranoja.ee\/toode\/ocean-vision-led-laia-valgusvihuga-led-tootuli-5000-lm\/","url":"https:\/\/ranoja.ee\/toode\/ocean-vision-led-laia-valgusvihuga-led-tootuli-5000-lm\/","name":"OCEAN VISION LED laia valgusvihuga LED t\u00f6\u00f6tuli 5000 lm","isPartOf":{"@id":"https:\/\/ranoja.ee\/#website"},"primaryImageOfPage":{"@id":"https:\/\/ranoja.ee\/toode\/ocean-vision-led-laia-valgusvihuga-led-tootuli-5000-lm\/#primaryimage"},"image":{"@id":"https:\/\/ranoja.ee\/toode\/ocean-vision-led-laia-valgusvihuga-led-tootuli-5000-lm\/#primaryimage"},"thumbnailUrl":"https:\/\/ranoja.ee\/wp-content\/uploads\/2025\/11\/OCEAN-VISION-LED-tootuli-5000-lm.jpg","datePublished":"2025-11-28T08:45:53+00:00","dateModified":"2025-12-12T12:50:51+00:00","description":"OCEAN VISION LED laia valgusvihuga LED t\u00f6\u00f6tuli 5000 lm Tuled on nii vee- kui tolmukindlad, sobides kasutamiseks nii mudas kui ka lumistes tingimustes.","breadcrumb":{"@id":"https:\/\/ranoja.ee\/toode\/ocean-vision-led-laia-valgusvihuga-led-tootuli-5000-lm\/#breadcrumb"},"inLanguage":"en-US","potentialAction":[{"@type":"ReadAction","target":["https:\/\/ranoja.ee\/toode\/ocean-vision-led-laia-valgusvihuga-led-tootuli-5000-lm\/"]}]},{"@type":"ImageObject","inLanguage":"en-US","@id":"https:\/\/ranoja.ee\/toode\/ocean-vision-led-laia-valgusvihuga-led-tootuli-5000-lm\/#primaryimage","url":"https:\/\/ranoja.ee\/wp-content\/uploads\/2025\/11\/OCEAN-VISION-LED-tootuli-5000-lm.jpg","contentUrl":"https:\/\/ranoja.ee\/wp-content\/uploads\/2025\/11\/OCEAN-VISION-LED-tootuli-5000-lm.jpg","width":800,"height":600,"caption":"OCEAN VISION LED t\u00f6\u00f6tuli 5000 lm"},{"@type":"BreadcrumbList","@id":"https:\/\/ranoja.ee\/toode\/ocean-vision-led-laia-valgusvihuga-led-tootuli-5000-lm\/#breadcrumb","itemListElement":[{"@type":"ListItem","position":1,"name":"Home","item":"https:\/\/ranoja.ee\/"},{"@type":"ListItem","position":2,"name":"Shop","item":"https:\/\/ranoja.ee\/en\/shop\/"},{"@type":"ListItem","position":3,"name":"OCEAN VISION LED laia valgusvihuga LED t\u00f6\u00f6tuli 5000 lm"}]},{"@type":"WebSite","@id":"https:\/\/ranoja.ee\/#website","url":"https:\/\/ranoja.ee\/","name":"Ranoja","description":"Equipment Shop WooCommerce WordPress Theme for Machine &amp; Tools","publisher":{"@id":"https:\/\/ranoja.ee\/#organization"},"potentialAction":[{"@type":"SearchAction","target":{"@type":"EntryPoint","urlTemplate":"https:\/\/ranoja.ee\/?s={search_term_string}"},"query-input":{"@type":"PropertyValueSpecification","valueRequired":true,"valueName":"search_term_string"}}],"inLanguage":"en-US"},{"@type":"Organization","@id":"https:\/\/ranoja.ee\/#organization","name":"Ranoja O\u00dc","url":"https:\/\/ranoja.ee\/","logo":{"@type":"ImageObject","inLanguage":"en-US","@id":"https:\/\/ranoja.ee\/#\/schema\/logo\/image\/","url":"https:\/\/ranoja.ee\/wp-content\/uploads\/2023\/11\/ranoja-Logo.png","contentUrl":"https:\/\/ranoja.ee\/wp-content\/uploads\/2023\/11\/ranoja-Logo.png","width":207,"height":58,"caption":"Ranoja O\u00dc"},"image":{"@id":"https:\/\/ranoja.ee\/#\/schema\/logo\/image\/"},"sameAs":["https:\/\/www.facebook.com\/ranoja.ee","https:\/\/www.instagram.com\/ranoja__\/"]}]}},"_links":{"self":[{"href":"https:\/\/ranoja.ee\/en\/wp-json\/wp\/v2\/product\/24253","targetHints":{"allow":["GET"]}}],"collection":[{"href":"https:\/\/ranoja.ee\/en\/wp-json\/wp\/v2\/product"}],"about":[{"href":"https:\/\/ranoja.ee\/en\/wp-json\/wp\/v2\/types\/product"}],"wp:featuredmedia":[{"embeddable":true,"href":"https:\/\/ranoja.ee\/en\/wp-json\/wp\/v2\/media\/24259"}],"wp:attachment":[{"href":"https:\/\/ranoja.ee\/en\/wp-json\/wp\/v2\/media?parent=24253"}],"wp:term":[{"taxonomy":"product_cat","embeddable":true,"href":"https:\/\/ranoja.ee\/en\/wp-json\/wp\/v2\/product_cat?post=24253"},{"taxonomy":"product_tag","embeddable":true,"href":"https:\/\/ranoja.ee\/en\/wp-json\/wp\/v2\/product_tag?post=24253"}],"curies":[{"name":"wp","href":"https:\/\/api.w.org\/{rel}","templated":true}]}}