{"id":24202,"date":"2025-11-27T17:44:38","date_gmt":"2025-11-27T14:44:38","guid":{"rendered":"https:\/\/ranoja.ee\/?post_type=product&#038;p=24202"},"modified":"2025-12-12T15:50:52","modified_gmt":"2025-12-12T12:50:52","slug":"bullboy-led-tootuli-21600-lm","status":"publish","type":"product","link":"https:\/\/ranoja.ee\/en\/toode\/bullboy-led-tootuli-21600-lm\/","title":{"rendered":"BULLBOY LED t\u00f6\u00f6tuli 21600 lm"},"content":{"rendered":"<p>BULLBOY LED t\u00f6\u00f6tuli 21600 lm<\/p>\n<p>BullBoy on tootja, kes on spetsialiseerunud LED-t\u00f6\u00f6- ja lisatuledel. Suunates oma tooteid eelk\u00f5ige neile, kes vajavad usaldusv\u00e4\u00e4rset, vastupidavat ja praktilist valgustust masinaile, s\u00f5idukitele, p\u00f5llumajandusseadmetele v\u00f5i ehitustehnikale. <\/p>\n<p>BullBoy toodete disaini juures on esikohal tugev ehitus ja ilmastikukindlus. Korpused on tihti vastupidavad tolmule ja veele ning t\u00f6\u00f6deldud selliselt, et nad taluvad vibratsiooni ja mehaanilist koormust. See teeb need sobivaks kasutamiseks ka v\u00e4litingimustes ja karmides keskkondades. <\/p>\n<p>LED-tehnoloogia annab tuledele mitmeid eeliseid: energiat\u00f5husus, pikk eluiga, madalam soojuseeraldus ja tugev valgus \u2014 mist\u00f5ttu BullBoy t\u00f6\u00f6tuled suudavad pakkuda selget ja stabiilset valgust ka pimedal ajal, halva ilmaga v\u00f5i \u00f6\u00f6sel t\u00f6\u00f6tades. <\/p>\n<p>Valgustid on disainitud kasutusmugavusest l\u00e4htuvalt: need sobivad erinevate pingete ja elektrikomplektidega (n\u00e4iteks 9\u201332 V v\u00f5i 10\u201330 V mudelid), mis teeb nad paindlikuks valikuks erinevatele s\u00f5idukitele ja masinatele.<br \/>\nKinnitused ja \u00fchendused on tihti m\u00f5eldud mugavaks paigaldamiseks. Lihtne montaa\u017e ja vastupidav konstruktsioon on pigem norm kui erand. <\/p>\n<p>BullBoy t\u00f6\u00f6tuled ei ole m\u00f5eldud lihtsalt juhuslikuks lisavalgustuseks. Need on ehitatud t\u00f6\u00f6kindluse ja p\u00fcsivuse peale. Neid kasutatakse laialdaselt masinatel, traktoritel, ehitus- ja p\u00f5llumajandustehnikal. Igal pool, kus t\u00f6\u00f6 s\u00f5ltub valgustusest ja kus n\u00e4htavus peab olema tagatud ka ekstreemsetes oludes.<\/p>\n<p>BULLBOY LED t\u00f6\u00f6tuli 21600 lm<\/p>\n","protected":false},"excerpt":{"rendered":"<p>BULLBOY LED t\u00f6\u00f6tuli 21600 lm<br \/>\nM\u00f5\u00f5tmed: 135 x 135 x 90 mm<br \/>\nK\u00f5rgus koos kinnitusjalaga: 175 mm<br \/>\nAutomaatne v\u00f5imsuse reguleerimine vastavalt temperatuurile, et v\u00e4ltida \u00fclekuumenemist<br \/>\nPinge: 12-36 V<br \/>\nLumenid: 21600 lm<br \/>\nLumenid m\u00f5\u00f5detud: 13654 lm<br \/>\nV\u00f5imsus: 180 W<br \/>\nVorm: Ruut<br \/>\nV\u00e4rvitemperatuur: 5700 K<br \/>\nPistiku t\u00fc\u00fcp: 2-pin DT<br \/>\nKorpuse materjal: Alumiinium<br \/>\nL\u00e4\u00e4tse materjal: Pol\u00fckarbonaat<br \/>\nRoostevabast terasest kinnitusjalg<br \/>\nIP klassifikatsioon: IP67, IP69K<br \/>\nKaal: 2.19 kg<br \/>\n<strong>Tarneaeg 1-7 t\u00f6\u00f6p\u00e4eva<\/strong><\/p>\n","protected":false},"featured_media":24203,"template":"","meta":{"inline_featured_image":false},"product_cat":[1116,1118],"product_tag":[2599,1006,1005,1007,2483,2480,2481,693,2598,654,682],"class_list":{"0":"post-24202","1":"product","2":"type-product","3":"status-publish","4":"has-post-thumbnail","6":"product_brand-bull-boy","7":"product_cat-lisaseadmed-ehitusseadmed-led-lisatuled-cb-raadiod-lallar","8":"product_cat-tootuled","9":"product_tag-1603-300268","10":"product_tag-1605-n8k200","11":"product_tag-1605-n8k500","12":"product_tag-1605-n8k501","13":"product_tag-1605-n8k502","14":"product_tag-1605-n8k503","15":"product_tag-1605-n8k800","16":"product_tag-bullboy","17":"product_tag-bullboy-led-tootuli-21600-lm","18":"product_tag-led-tuli","19":"product_tag-tootuli","21":"first","22":"instock","23":"sale","24":"taxable","25":"shipping-taxable","26":"purchasable","27":"product-type-simple"},"yoast_head":"<!-- This site is optimized with the Yoast SEO plugin v27.4 - https:\/\/yoast.com\/product\/yoast-seo-wordpress\/ -->\n<title>BULLBOY LED t\u00f6\u00f6tuli 21600 lm<\/title>\n<meta name=\"description\" content=\"BULLBOY LED t\u00f6\u00f6tuli 21600 lm Tegemist mitmek\u00fclgse t\u00f6\u00f6valgustiga, mis on disainitud vastu pidama rasketes oludes, pakkudes tugevat valgust.\" \/>\n<meta name=\"robots\" content=\"index, follow, max-snippet:-1, max-image-preview:large, max-video-preview:-1\" \/>\n<link rel=\"canonical\" href=\"https:\/\/ranoja.ee\/toode\/bullboy-led-tootuli-21600-lm\/\" \/>\n<meta property=\"og:locale\" content=\"en_US\" \/>\n<meta property=\"og:type\" content=\"article\" \/>\n<meta property=\"og:title\" content=\"BULLBOY LED t\u00f6\u00f6tuli 21600 lm\" \/>\n<meta property=\"og:description\" content=\"BULLBOY LED t\u00f6\u00f6tuli 21600 lm Tegemist mitmek\u00fclgse t\u00f6\u00f6valgustiga, mis on disainitud vastu pidama rasketes oludes, pakkudes tugevat valgust.\" \/>\n<meta property=\"og:url\" content=\"https:\/\/ranoja.ee\/toode\/bullboy-led-tootuli-21600-lm\/\" \/>\n<meta property=\"og:site_name\" content=\"Ranoja\" \/>\n<meta property=\"article:publisher\" content=\"https:\/\/www.facebook.com\/ranoja.ee\" \/>\n<meta property=\"article:modified_time\" content=\"2025-12-12T12:50:52+00:00\" \/>\n<meta property=\"og:image\" content=\"https:\/\/ranoja.ee\/wp-content\/uploads\/2025\/11\/BULLBOY-LED-tootuli-21600-lm.jpg\" \/>\n\t<meta property=\"og:image:width\" content=\"400\" \/>\n\t<meta property=\"og:image:height\" content=\"300\" \/>\n\t<meta property=\"og:image:type\" content=\"image\/jpeg\" \/>\n<meta name=\"twitter:card\" content=\"summary_large_image\" \/>\n<meta name=\"twitter:label1\" content=\"Est. reading time\" \/>\n\t<meta name=\"twitter:data1\" content=\"2 minutes\" \/>\n<script type=\"application\/ld+json\" class=\"yoast-schema-graph\">{\"@context\":\"https:\\\/\\\/schema.org\",\"@graph\":[{\"@type\":\"WebPage\",\"@id\":\"https:\\\/\\\/ranoja.ee\\\/toode\\\/bullboy-led-tootuli-21600-lm\\\/\",\"url\":\"https:\\\/\\\/ranoja.ee\\\/toode\\\/bullboy-led-tootuli-21600-lm\\\/\",\"name\":\"BULLBOY LED t\u00f6\u00f6tuli 21600 lm\",\"isPartOf\":{\"@id\":\"https:\\\/\\\/ranoja.ee\\\/#website\"},\"primaryImageOfPage\":{\"@id\":\"https:\\\/\\\/ranoja.ee\\\/toode\\\/bullboy-led-tootuli-21600-lm\\\/#primaryimage\"},\"image\":{\"@id\":\"https:\\\/\\\/ranoja.ee\\\/toode\\\/bullboy-led-tootuli-21600-lm\\\/#primaryimage\"},\"thumbnailUrl\":\"https:\\\/\\\/ranoja.ee\\\/wp-content\\\/uploads\\\/2025\\\/11\\\/BULLBOY-LED-tootuli-21600-lm.jpg\",\"datePublished\":\"2025-11-27T14:44:38+00:00\",\"dateModified\":\"2025-12-12T12:50:52+00:00\",\"description\":\"BULLBOY LED t\u00f6\u00f6tuli 21600 lm Tegemist mitmek\u00fclgse t\u00f6\u00f6valgustiga, mis on disainitud vastu pidama rasketes oludes, pakkudes tugevat valgust.\",\"breadcrumb\":{\"@id\":\"https:\\\/\\\/ranoja.ee\\\/toode\\\/bullboy-led-tootuli-21600-lm\\\/#breadcrumb\"},\"inLanguage\":\"en-US\",\"potentialAction\":[{\"@type\":\"ReadAction\",\"target\":[\"https:\\\/\\\/ranoja.ee\\\/toode\\\/bullboy-led-tootuli-21600-lm\\\/\"]}]},{\"@type\":\"ImageObject\",\"inLanguage\":\"en-US\",\"@id\":\"https:\\\/\\\/ranoja.ee\\\/toode\\\/bullboy-led-tootuli-21600-lm\\\/#primaryimage\",\"url\":\"https:\\\/\\\/ranoja.ee\\\/wp-content\\\/uploads\\\/2025\\\/11\\\/BULLBOY-LED-tootuli-21600-lm.jpg\",\"contentUrl\":\"https:\\\/\\\/ranoja.ee\\\/wp-content\\\/uploads\\\/2025\\\/11\\\/BULLBOY-LED-tootuli-21600-lm.jpg\",\"width\":400,\"height\":300,\"caption\":\"BULLBOY LED t\u00f6\u00f6tuli 21600 lm\"},{\"@type\":\"BreadcrumbList\",\"@id\":\"https:\\\/\\\/ranoja.ee\\\/toode\\\/bullboy-led-tootuli-21600-lm\\\/#breadcrumb\",\"itemListElement\":[{\"@type\":\"ListItem\",\"position\":1,\"name\":\"Home\",\"item\":\"https:\\\/\\\/ranoja.ee\\\/\"},{\"@type\":\"ListItem\",\"position\":2,\"name\":\"Shop\",\"item\":\"https:\\\/\\\/ranoja.ee\\\/en\\\/shop\\\/\"},{\"@type\":\"ListItem\",\"position\":3,\"name\":\"BULLBOY LED t\u00f6\u00f6tuli 21600 lm\"}]},{\"@type\":\"WebSite\",\"@id\":\"https:\\\/\\\/ranoja.ee\\\/#website\",\"url\":\"https:\\\/\\\/ranoja.ee\\\/\",\"name\":\"Ranoja\",\"description\":\"Equipment Shop WooCommerce WordPress Theme for Machine &amp; Tools\",\"publisher\":{\"@id\":\"https:\\\/\\\/ranoja.ee\\\/#organization\"},\"potentialAction\":[{\"@type\":\"SearchAction\",\"target\":{\"@type\":\"EntryPoint\",\"urlTemplate\":\"https:\\\/\\\/ranoja.ee\\\/?s={search_term_string}\"},\"query-input\":{\"@type\":\"PropertyValueSpecification\",\"valueRequired\":true,\"valueName\":\"search_term_string\"}}],\"inLanguage\":\"en-US\"},{\"@type\":\"Organization\",\"@id\":\"https:\\\/\\\/ranoja.ee\\\/#organization\",\"name\":\"Ranoja O\u00dc\",\"url\":\"https:\\\/\\\/ranoja.ee\\\/\",\"logo\":{\"@type\":\"ImageObject\",\"inLanguage\":\"en-US\",\"@id\":\"https:\\\/\\\/ranoja.ee\\\/#\\\/schema\\\/logo\\\/image\\\/\",\"url\":\"https:\\\/\\\/ranoja.ee\\\/wp-content\\\/uploads\\\/2023\\\/11\\\/ranoja-Logo.png\",\"contentUrl\":\"https:\\\/\\\/ranoja.ee\\\/wp-content\\\/uploads\\\/2023\\\/11\\\/ranoja-Logo.png\",\"width\":207,\"height\":58,\"caption\":\"Ranoja O\u00dc\"},\"image\":{\"@id\":\"https:\\\/\\\/ranoja.ee\\\/#\\\/schema\\\/logo\\\/image\\\/\"},\"sameAs\":[\"https:\\\/\\\/www.facebook.com\\\/ranoja.ee\",\"https:\\\/\\\/www.instagram.com\\\/ranoja__\\\/\"]}]}<\/script>\n<!-- \/ Yoast SEO plugin. -->","yoast_head_json":{"title":"BULLBOY LED t\u00f6\u00f6tuli 21600 lm","description":"BULLBOY LED t\u00f6\u00f6tuli 21600 lm Tegemist mitmek\u00fclgse t\u00f6\u00f6valgustiga, mis on disainitud vastu pidama rasketes oludes, pakkudes tugevat valgust.","robots":{"index":"index","follow":"follow","max-snippet":"max-snippet:-1","max-image-preview":"max-image-preview:large","max-video-preview":"max-video-preview:-1"},"canonical":"https:\/\/ranoja.ee\/toode\/bullboy-led-tootuli-21600-lm\/","og_locale":"en_US","og_type":"article","og_title":"BULLBOY LED t\u00f6\u00f6tuli 21600 lm","og_description":"BULLBOY LED t\u00f6\u00f6tuli 21600 lm Tegemist mitmek\u00fclgse t\u00f6\u00f6valgustiga, mis on disainitud vastu pidama rasketes oludes, pakkudes tugevat valgust.","og_url":"https:\/\/ranoja.ee\/toode\/bullboy-led-tootuli-21600-lm\/","og_site_name":"Ranoja","article_publisher":"https:\/\/www.facebook.com\/ranoja.ee","article_modified_time":"2025-12-12T12:50:52+00:00","og_image":[{"width":400,"height":300,"url":"https:\/\/ranoja.ee\/wp-content\/uploads\/2025\/11\/BULLBOY-LED-tootuli-21600-lm.jpg","type":"image\/jpeg"}],"twitter_card":"summary_large_image","twitter_misc":{"Est. reading time":"2 minutes"},"schema":{"@context":"https:\/\/schema.org","@graph":[{"@type":"WebPage","@id":"https:\/\/ranoja.ee\/toode\/bullboy-led-tootuli-21600-lm\/","url":"https:\/\/ranoja.ee\/toode\/bullboy-led-tootuli-21600-lm\/","name":"BULLBOY LED t\u00f6\u00f6tuli 21600 lm","isPartOf":{"@id":"https:\/\/ranoja.ee\/#website"},"primaryImageOfPage":{"@id":"https:\/\/ranoja.ee\/toode\/bullboy-led-tootuli-21600-lm\/#primaryimage"},"image":{"@id":"https:\/\/ranoja.ee\/toode\/bullboy-led-tootuli-21600-lm\/#primaryimage"},"thumbnailUrl":"https:\/\/ranoja.ee\/wp-content\/uploads\/2025\/11\/BULLBOY-LED-tootuli-21600-lm.jpg","datePublished":"2025-11-27T14:44:38+00:00","dateModified":"2025-12-12T12:50:52+00:00","description":"BULLBOY LED t\u00f6\u00f6tuli 21600 lm Tegemist mitmek\u00fclgse t\u00f6\u00f6valgustiga, mis on disainitud vastu pidama rasketes oludes, pakkudes tugevat valgust.","breadcrumb":{"@id":"https:\/\/ranoja.ee\/toode\/bullboy-led-tootuli-21600-lm\/#breadcrumb"},"inLanguage":"en-US","potentialAction":[{"@type":"ReadAction","target":["https:\/\/ranoja.ee\/toode\/bullboy-led-tootuli-21600-lm\/"]}]},{"@type":"ImageObject","inLanguage":"en-US","@id":"https:\/\/ranoja.ee\/toode\/bullboy-led-tootuli-21600-lm\/#primaryimage","url":"https:\/\/ranoja.ee\/wp-content\/uploads\/2025\/11\/BULLBOY-LED-tootuli-21600-lm.jpg","contentUrl":"https:\/\/ranoja.ee\/wp-content\/uploads\/2025\/11\/BULLBOY-LED-tootuli-21600-lm.jpg","width":400,"height":300,"caption":"BULLBOY LED t\u00f6\u00f6tuli 21600 lm"},{"@type":"BreadcrumbList","@id":"https:\/\/ranoja.ee\/toode\/bullboy-led-tootuli-21600-lm\/#breadcrumb","itemListElement":[{"@type":"ListItem","position":1,"name":"Home","item":"https:\/\/ranoja.ee\/"},{"@type":"ListItem","position":2,"name":"Shop","item":"https:\/\/ranoja.ee\/en\/shop\/"},{"@type":"ListItem","position":3,"name":"BULLBOY LED t\u00f6\u00f6tuli 21600 lm"}]},{"@type":"WebSite","@id":"https:\/\/ranoja.ee\/#website","url":"https:\/\/ranoja.ee\/","name":"Ranoja","description":"Equipment Shop WooCommerce WordPress Theme for Machine &amp; Tools","publisher":{"@id":"https:\/\/ranoja.ee\/#organization"},"potentialAction":[{"@type":"SearchAction","target":{"@type":"EntryPoint","urlTemplate":"https:\/\/ranoja.ee\/?s={search_term_string}"},"query-input":{"@type":"PropertyValueSpecification","valueRequired":true,"valueName":"search_term_string"}}],"inLanguage":"en-US"},{"@type":"Organization","@id":"https:\/\/ranoja.ee\/#organization","name":"Ranoja O\u00dc","url":"https:\/\/ranoja.ee\/","logo":{"@type":"ImageObject","inLanguage":"en-US","@id":"https:\/\/ranoja.ee\/#\/schema\/logo\/image\/","url":"https:\/\/ranoja.ee\/wp-content\/uploads\/2023\/11\/ranoja-Logo.png","contentUrl":"https:\/\/ranoja.ee\/wp-content\/uploads\/2023\/11\/ranoja-Logo.png","width":207,"height":58,"caption":"Ranoja O\u00dc"},"image":{"@id":"https:\/\/ranoja.ee\/#\/schema\/logo\/image\/"},"sameAs":["https:\/\/www.facebook.com\/ranoja.ee","https:\/\/www.instagram.com\/ranoja__\/"]}]}},"_links":{"self":[{"href":"https:\/\/ranoja.ee\/en\/wp-json\/wp\/v2\/product\/24202","targetHints":{"allow":["GET"]}}],"collection":[{"href":"https:\/\/ranoja.ee\/en\/wp-json\/wp\/v2\/product"}],"about":[{"href":"https:\/\/ranoja.ee\/en\/wp-json\/wp\/v2\/types\/product"}],"wp:featuredmedia":[{"embeddable":true,"href":"https:\/\/ranoja.ee\/en\/wp-json\/wp\/v2\/media\/24203"}],"wp:attachment":[{"href":"https:\/\/ranoja.ee\/en\/wp-json\/wp\/v2\/media?parent=24202"}],"wp:term":[{"taxonomy":"product_cat","embeddable":true,"href":"https:\/\/ranoja.ee\/en\/wp-json\/wp\/v2\/product_cat?post=24202"},{"taxonomy":"product_tag","embeddable":true,"href":"https:\/\/ranoja.ee\/en\/wp-json\/wp\/v2\/product_tag?post=24202"}],"curies":[{"name":"wp","href":"https:\/\/api.w.org\/{rel}","templated":true}]}}