{"id":24180,"date":"2025-11-27T16:42:00","date_gmt":"2025-11-27T13:42:00","guid":{"rendered":"https:\/\/ranoja.ee\/?post_type=product&#038;p=24180"},"modified":"2025-12-12T15:50:52","modified_gmt":"2025-12-12T12:50:52","slug":"bullboy-led-tootuli-margutuli","status":"publish","type":"product","link":"https:\/\/ranoja.ee\/en\/toode\/bullboy-led-tootuli-margutuli\/","title":{"rendered":"BULLBOY LED t\u00f6\u00f6tuli \/ m\u00e4rgutuli"},"content":{"rendered":"<p>BULLBOY LED t\u00f6\u00f6tuli \/ m\u00e4rgutuli<\/p>\n<p>Mitmek\u00fclgne LED-t\u00f6\u00f6- ja m\u00e4rgutuli, mis on loodud kasutamiseks rasketes oludes ning erinevatel masinatel, s\u00f5idukitel ja tehnikal. Seda iseloomustab ruudukujuline korpus m\u00f5\u00f5tmetega ca 112 \u00d7 112 \u00d7 55 mm. <\/p>\n<p>Toitepinge ulatub 10\u201330 V, mis tagab hea sobivuse nii s\u00f5idu- kui t\u00f6\u00f6masinate elektris\u00fcsteemidega.<br \/>\nV\u00f5imsus on 90 W, mis annab tulele korraliku valgusj\u00f5u. Ning tagab, et valgus j\u00f5uab piisavalt kaugele ja valgustab laia ala v\u00f5i konkreetset t\u00f6\u00f6ala selgelt. <\/p>\n<p>Valgusallikaks on 16\u00d7 5 W Osram LED-diode ning toode suudab toota tegeliku valgusvoona hinnanguliselt vahemikus ~3750\u20136920 luumenit.<br \/>\nValgusv\u00e4rviks on umbes 5000 K. Mis t\u00e4hendab selget ja neutraalset valget valgust. Sobilik nii t\u00f6\u00f6deks p\u00f5llumajanduses, ehituses, masinate \u00fcmbruses kui ka mere- v\u00f5i v\u00e4listingimustes. <\/p>\n<p>Kaitseklass on IP67, mis t\u00e4hendab, et tuli on tolmu- ja veekindel ning sobib kasutamiseks ka karmimates ilmastikuoludes v\u00f5i tolmustel ning niisketel t\u00f6\u00f6kohtadel.<br \/>\nPistikut\u00fc\u00fcbiks on 3-pin DT-pistik, mis lihtsustab paigaldust ja \u00fchendamist erinevate elektris\u00fcsteemidega. <\/p>\n<p>On m\u00f5eldud lisavalgustuseks, mis parandab n\u00e4htavust nii t\u00f6\u00f6platsil, ehitusel, p\u00f5llul kui ka masinate \u00fcmber liikudes. See on piisavalt kompaktne, et mahutada erinevatele masinatele v\u00f5i s\u00f5idukitele, kuid samas tugev ja vastupidav, et taluda vibratsiooni, tolmu, niiskust ja mehaanilist pinget.<\/p>\n<p>BULLBOY LED t\u00f6\u00f6tuli \/ m\u00e4rgutuli<\/p>\n","protected":false},"excerpt":{"rendered":"<p>BULLBOY LED t\u00f6\u00f6tuli \/ m\u00e4rgutuli<br \/>\nM\u00f5\u00f5tmed: 112 x 112 x 55 mm<br \/>\nPinge: 10-30 V<br \/>\nLumenid: 3750 &#8211; 6920<br \/>\nV\u00f5imsus: 90 W<br \/>\nVorm: Ruut<br \/>\nV\u00e4rvitemperatuur: 5000 K<br \/>\nPistiku t\u00fc\u00fcp: 3-pin DT<br \/>\nIP klassifikatsioon: IP67<br \/>\nR65- sertifikaadiga kollane m\u00e4rgutuli<br \/>\nKaal: 1.07 kg<br \/>\n<strong>Tarneaeg 1-7 t\u00f6\u00f6p\u00e4eva<\/strong><\/p>\n","protected":false},"featured_media":24191,"template":"","meta":{"inline_featured_image":false},"product_cat":[1116,1118],"product_tag":[2595,693,2594,654,682],"class_list":{"0":"post-24180","1":"product","2":"type-product","3":"status-publish","4":"has-post-thumbnail","6":"product_brand-bull-boy","7":"product_cat-lisaseadmed-ehitusseadmed-led-lisatuled-cb-raadiod-lallar","8":"product_cat-tootuled","9":"product_tag-1603-300460","10":"product_tag-bullboy","11":"product_tag-bullboy-led-tootuli-margutuli","12":"product_tag-led-tuli","13":"product_tag-tootuli","15":"first","16":"instock","17":"sale","18":"taxable","19":"shipping-taxable","20":"purchasable","21":"product-type-simple"},"yoast_head":"<!-- This site is optimized with the Yoast SEO plugin v27.4 - https:\/\/yoast.com\/product\/yoast-seo-wordpress\/ -->\n<title>BULLBOY LED t\u00f6\u00f6tuli \/ m\u00e4rgutuli<\/title>\n<meta name=\"description\" content=\"BULLBOY LED t\u00f6\u00f6tuli \/ m\u00e4rgutuli Mitmek\u00fclgne LED-t\u00f6\u00f6- ja m\u00e4rgutuli, mis on loodud kasutamiseks rasketes oludes ning erinevatel masinatel ja tehnikal.\" \/>\n<meta name=\"robots\" content=\"index, follow, max-snippet:-1, max-image-preview:large, max-video-preview:-1\" \/>\n<link rel=\"canonical\" href=\"https:\/\/ranoja.ee\/toode\/bullboy-led-tootuli-margutuli\/\" \/>\n<meta property=\"og:locale\" content=\"en_US\" \/>\n<meta property=\"og:type\" content=\"article\" \/>\n<meta property=\"og:title\" content=\"BULLBOY LED t\u00f6\u00f6tuli \/ m\u00e4rgutuli\" \/>\n<meta property=\"og:description\" content=\"BULLBOY LED t\u00f6\u00f6tuli \/ m\u00e4rgutuli Mitmek\u00fclgne LED-t\u00f6\u00f6- ja m\u00e4rgutuli, mis on loodud kasutamiseks rasketes oludes ning erinevatel masinatel ja tehnikal.\" \/>\n<meta property=\"og:url\" content=\"https:\/\/ranoja.ee\/toode\/bullboy-led-tootuli-margutuli\/\" \/>\n<meta property=\"og:site_name\" content=\"Ranoja\" \/>\n<meta property=\"article:publisher\" content=\"https:\/\/www.facebook.com\/ranoja.ee\" \/>\n<meta property=\"article:modified_time\" content=\"2025-12-12T12:50:52+00:00\" \/>\n<meta property=\"og:image\" content=\"https:\/\/ranoja.ee\/wp-content\/uploads\/2025\/11\/BULLBOY-LED-tootuli-margutuli.jpg\" \/>\n\t<meta property=\"og:image:width\" content=\"400\" \/>\n\t<meta property=\"og:image:height\" content=\"300\" \/>\n\t<meta property=\"og:image:type\" content=\"image\/jpeg\" \/>\n<meta name=\"twitter:card\" content=\"summary_large_image\" \/>\n<meta name=\"twitter:label1\" content=\"Est. reading time\" \/>\n\t<meta name=\"twitter:data1\" content=\"2 minutes\" \/>\n<script type=\"application\/ld+json\" class=\"yoast-schema-graph\">{\"@context\":\"https:\\\/\\\/schema.org\",\"@graph\":[{\"@type\":\"WebPage\",\"@id\":\"https:\\\/\\\/ranoja.ee\\\/toode\\\/bullboy-led-tootuli-margutuli\\\/\",\"url\":\"https:\\\/\\\/ranoja.ee\\\/toode\\\/bullboy-led-tootuli-margutuli\\\/\",\"name\":\"BULLBOY LED t\u00f6\u00f6tuli \\\/ m\u00e4rgutuli\",\"isPartOf\":{\"@id\":\"https:\\\/\\\/ranoja.ee\\\/#website\"},\"primaryImageOfPage\":{\"@id\":\"https:\\\/\\\/ranoja.ee\\\/toode\\\/bullboy-led-tootuli-margutuli\\\/#primaryimage\"},\"image\":{\"@id\":\"https:\\\/\\\/ranoja.ee\\\/toode\\\/bullboy-led-tootuli-margutuli\\\/#primaryimage\"},\"thumbnailUrl\":\"https:\\\/\\\/ranoja.ee\\\/wp-content\\\/uploads\\\/2025\\\/11\\\/BULLBOY-LED-tootuli-margutuli.jpg\",\"datePublished\":\"2025-11-27T13:42:00+00:00\",\"dateModified\":\"2025-12-12T12:50:52+00:00\",\"description\":\"BULLBOY LED t\u00f6\u00f6tuli \\\/ m\u00e4rgutuli Mitmek\u00fclgne LED-t\u00f6\u00f6- ja m\u00e4rgutuli, mis on loodud kasutamiseks rasketes oludes ning erinevatel masinatel ja tehnikal.\",\"breadcrumb\":{\"@id\":\"https:\\\/\\\/ranoja.ee\\\/toode\\\/bullboy-led-tootuli-margutuli\\\/#breadcrumb\"},\"inLanguage\":\"en-US\",\"potentialAction\":[{\"@type\":\"ReadAction\",\"target\":[\"https:\\\/\\\/ranoja.ee\\\/toode\\\/bullboy-led-tootuli-margutuli\\\/\"]}]},{\"@type\":\"ImageObject\",\"inLanguage\":\"en-US\",\"@id\":\"https:\\\/\\\/ranoja.ee\\\/toode\\\/bullboy-led-tootuli-margutuli\\\/#primaryimage\",\"url\":\"https:\\\/\\\/ranoja.ee\\\/wp-content\\\/uploads\\\/2025\\\/11\\\/BULLBOY-LED-tootuli-margutuli.jpg\",\"contentUrl\":\"https:\\\/\\\/ranoja.ee\\\/wp-content\\\/uploads\\\/2025\\\/11\\\/BULLBOY-LED-tootuli-margutuli.jpg\",\"width\":400,\"height\":300,\"caption\":\"BULLBOY LED t\u00f6\u00f6tuli \\\/ m\u00e4rgutuli\"},{\"@type\":\"BreadcrumbList\",\"@id\":\"https:\\\/\\\/ranoja.ee\\\/toode\\\/bullboy-led-tootuli-margutuli\\\/#breadcrumb\",\"itemListElement\":[{\"@type\":\"ListItem\",\"position\":1,\"name\":\"Home\",\"item\":\"https:\\\/\\\/ranoja.ee\\\/\"},{\"@type\":\"ListItem\",\"position\":2,\"name\":\"Shop\",\"item\":\"https:\\\/\\\/ranoja.ee\\\/en\\\/shop\\\/\"},{\"@type\":\"ListItem\",\"position\":3,\"name\":\"BULLBOY LED t\u00f6\u00f6tuli \\\/ m\u00e4rgutuli\"}]},{\"@type\":\"WebSite\",\"@id\":\"https:\\\/\\\/ranoja.ee\\\/#website\",\"url\":\"https:\\\/\\\/ranoja.ee\\\/\",\"name\":\"Ranoja\",\"description\":\"Equipment Shop WooCommerce WordPress Theme for Machine &amp; Tools\",\"publisher\":{\"@id\":\"https:\\\/\\\/ranoja.ee\\\/#organization\"},\"potentialAction\":[{\"@type\":\"SearchAction\",\"target\":{\"@type\":\"EntryPoint\",\"urlTemplate\":\"https:\\\/\\\/ranoja.ee\\\/?s={search_term_string}\"},\"query-input\":{\"@type\":\"PropertyValueSpecification\",\"valueRequired\":true,\"valueName\":\"search_term_string\"}}],\"inLanguage\":\"en-US\"},{\"@type\":\"Organization\",\"@id\":\"https:\\\/\\\/ranoja.ee\\\/#organization\",\"name\":\"Ranoja O\u00dc\",\"url\":\"https:\\\/\\\/ranoja.ee\\\/\",\"logo\":{\"@type\":\"ImageObject\",\"inLanguage\":\"en-US\",\"@id\":\"https:\\\/\\\/ranoja.ee\\\/#\\\/schema\\\/logo\\\/image\\\/\",\"url\":\"https:\\\/\\\/ranoja.ee\\\/wp-content\\\/uploads\\\/2023\\\/11\\\/ranoja-Logo.png\",\"contentUrl\":\"https:\\\/\\\/ranoja.ee\\\/wp-content\\\/uploads\\\/2023\\\/11\\\/ranoja-Logo.png\",\"width\":207,\"height\":58,\"caption\":\"Ranoja O\u00dc\"},\"image\":{\"@id\":\"https:\\\/\\\/ranoja.ee\\\/#\\\/schema\\\/logo\\\/image\\\/\"},\"sameAs\":[\"https:\\\/\\\/www.facebook.com\\\/ranoja.ee\",\"https:\\\/\\\/www.instagram.com\\\/ranoja__\\\/\"]}]}<\/script>\n<!-- \/ Yoast SEO plugin. -->","yoast_head_json":{"title":"BULLBOY LED t\u00f6\u00f6tuli \/ m\u00e4rgutuli","description":"BULLBOY LED t\u00f6\u00f6tuli \/ m\u00e4rgutuli Mitmek\u00fclgne LED-t\u00f6\u00f6- ja m\u00e4rgutuli, mis on loodud kasutamiseks rasketes oludes ning erinevatel masinatel ja tehnikal.","robots":{"index":"index","follow":"follow","max-snippet":"max-snippet:-1","max-image-preview":"max-image-preview:large","max-video-preview":"max-video-preview:-1"},"canonical":"https:\/\/ranoja.ee\/toode\/bullboy-led-tootuli-margutuli\/","og_locale":"en_US","og_type":"article","og_title":"BULLBOY LED t\u00f6\u00f6tuli \/ m\u00e4rgutuli","og_description":"BULLBOY LED t\u00f6\u00f6tuli \/ m\u00e4rgutuli Mitmek\u00fclgne LED-t\u00f6\u00f6- ja m\u00e4rgutuli, mis on loodud kasutamiseks rasketes oludes ning erinevatel masinatel ja tehnikal.","og_url":"https:\/\/ranoja.ee\/toode\/bullboy-led-tootuli-margutuli\/","og_site_name":"Ranoja","article_publisher":"https:\/\/www.facebook.com\/ranoja.ee","article_modified_time":"2025-12-12T12:50:52+00:00","og_image":[{"width":400,"height":300,"url":"https:\/\/ranoja.ee\/wp-content\/uploads\/2025\/11\/BULLBOY-LED-tootuli-margutuli.jpg","type":"image\/jpeg"}],"twitter_card":"summary_large_image","twitter_misc":{"Est. reading time":"2 minutes"},"schema":{"@context":"https:\/\/schema.org","@graph":[{"@type":"WebPage","@id":"https:\/\/ranoja.ee\/toode\/bullboy-led-tootuli-margutuli\/","url":"https:\/\/ranoja.ee\/toode\/bullboy-led-tootuli-margutuli\/","name":"BULLBOY LED t\u00f6\u00f6tuli \/ m\u00e4rgutuli","isPartOf":{"@id":"https:\/\/ranoja.ee\/#website"},"primaryImageOfPage":{"@id":"https:\/\/ranoja.ee\/toode\/bullboy-led-tootuli-margutuli\/#primaryimage"},"image":{"@id":"https:\/\/ranoja.ee\/toode\/bullboy-led-tootuli-margutuli\/#primaryimage"},"thumbnailUrl":"https:\/\/ranoja.ee\/wp-content\/uploads\/2025\/11\/BULLBOY-LED-tootuli-margutuli.jpg","datePublished":"2025-11-27T13:42:00+00:00","dateModified":"2025-12-12T12:50:52+00:00","description":"BULLBOY LED t\u00f6\u00f6tuli \/ m\u00e4rgutuli Mitmek\u00fclgne LED-t\u00f6\u00f6- ja m\u00e4rgutuli, mis on loodud kasutamiseks rasketes oludes ning erinevatel masinatel ja tehnikal.","breadcrumb":{"@id":"https:\/\/ranoja.ee\/toode\/bullboy-led-tootuli-margutuli\/#breadcrumb"},"inLanguage":"en-US","potentialAction":[{"@type":"ReadAction","target":["https:\/\/ranoja.ee\/toode\/bullboy-led-tootuli-margutuli\/"]}]},{"@type":"ImageObject","inLanguage":"en-US","@id":"https:\/\/ranoja.ee\/toode\/bullboy-led-tootuli-margutuli\/#primaryimage","url":"https:\/\/ranoja.ee\/wp-content\/uploads\/2025\/11\/BULLBOY-LED-tootuli-margutuli.jpg","contentUrl":"https:\/\/ranoja.ee\/wp-content\/uploads\/2025\/11\/BULLBOY-LED-tootuli-margutuli.jpg","width":400,"height":300,"caption":"BULLBOY LED t\u00f6\u00f6tuli \/ m\u00e4rgutuli"},{"@type":"BreadcrumbList","@id":"https:\/\/ranoja.ee\/toode\/bullboy-led-tootuli-margutuli\/#breadcrumb","itemListElement":[{"@type":"ListItem","position":1,"name":"Home","item":"https:\/\/ranoja.ee\/"},{"@type":"ListItem","position":2,"name":"Shop","item":"https:\/\/ranoja.ee\/en\/shop\/"},{"@type":"ListItem","position":3,"name":"BULLBOY LED t\u00f6\u00f6tuli \/ m\u00e4rgutuli"}]},{"@type":"WebSite","@id":"https:\/\/ranoja.ee\/#website","url":"https:\/\/ranoja.ee\/","name":"Ranoja","description":"Equipment Shop WooCommerce WordPress Theme for Machine &amp; Tools","publisher":{"@id":"https:\/\/ranoja.ee\/#organization"},"potentialAction":[{"@type":"SearchAction","target":{"@type":"EntryPoint","urlTemplate":"https:\/\/ranoja.ee\/?s={search_term_string}"},"query-input":{"@type":"PropertyValueSpecification","valueRequired":true,"valueName":"search_term_string"}}],"inLanguage":"en-US"},{"@type":"Organization","@id":"https:\/\/ranoja.ee\/#organization","name":"Ranoja O\u00dc","url":"https:\/\/ranoja.ee\/","logo":{"@type":"ImageObject","inLanguage":"en-US","@id":"https:\/\/ranoja.ee\/#\/schema\/logo\/image\/","url":"https:\/\/ranoja.ee\/wp-content\/uploads\/2023\/11\/ranoja-Logo.png","contentUrl":"https:\/\/ranoja.ee\/wp-content\/uploads\/2023\/11\/ranoja-Logo.png","width":207,"height":58,"caption":"Ranoja O\u00dc"},"image":{"@id":"https:\/\/ranoja.ee\/#\/schema\/logo\/image\/"},"sameAs":["https:\/\/www.facebook.com\/ranoja.ee","https:\/\/www.instagram.com\/ranoja__\/"]}]}},"_links":{"self":[{"href":"https:\/\/ranoja.ee\/en\/wp-json\/wp\/v2\/product\/24180","targetHints":{"allow":["GET"]}}],"collection":[{"href":"https:\/\/ranoja.ee\/en\/wp-json\/wp\/v2\/product"}],"about":[{"href":"https:\/\/ranoja.ee\/en\/wp-json\/wp\/v2\/types\/product"}],"wp:featuredmedia":[{"embeddable":true,"href":"https:\/\/ranoja.ee\/en\/wp-json\/wp\/v2\/media\/24191"}],"wp:attachment":[{"href":"https:\/\/ranoja.ee\/en\/wp-json\/wp\/v2\/media?parent=24180"}],"wp:term":[{"taxonomy":"product_cat","embeddable":true,"href":"https:\/\/ranoja.ee\/en\/wp-json\/wp\/v2\/product_cat?post=24180"},{"taxonomy":"product_tag","embeddable":true,"href":"https:\/\/ranoja.ee\/en\/wp-json\/wp\/v2\/product_tag?post=24180"}],"curies":[{"name":"wp","href":"https:\/\/api.w.org\/{rel}","templated":true}]}}